{"id":18,"date":"2023-06-06T11:00:13","date_gmt":"2023-06-06T11:00:13","guid":{"rendered":"https:\/\/dummy.xtemos.com\/woodmart2\/furniture2\/?page_id=18"},"modified":"2025-01-26T13:26:34","modified_gmt":"2025-01-26T13:26:34","slug":"uber-uns","status":"publish","type":"page","link":"https:\/\/salonforall.nl\/de\/over-ons\/","title":{"rendered":"\u00dcber uns"},"content":{"rendered":"<div class=\"wpb-content-wrapper\"><div class=\"vc_row wpb_row vc_row-fluid vc_custom_1685544197253 vc_row-o-content-middle vc_row-flex row-reverse-mobile row-reverse-tablet wd-rs-64775cf93784f\"><div class=\"wpb_column vc_column_container vc_col-sm-12 vc_col-lg-8 vc_col-md-6 wd-rs-6437f9c6ef9c8\"><div class=\"vc_column-inner\"><div class=\"wpb_wrapper\">\t\t<div id=\"gallery_804\" class=\"wd-images-gallery wd-wpb wd-rs-679522480b693 vc_custom_1737826913317 photoswipe-images\" style=\"--wd-justify-content:center;--wd-align-items:center;\">\n\t\t\t\n\t\t\t<div class=\"wd-grid-g\" style=\"--wd-col-lg:2;--wd-col-md:2;--wd-col-sm:2;--wd-gap-lg:20px;--wd-gap-sm:10px;\">\n\t\t\t\t\n\t\t\t\t\t\t\t\t\t\t\t\t\t\t\t<div class=\"wd-gallery-item wd-col\">\n\t\t\t\t\t\t\t\t\t\t\t\t\t\t<a href=\"https:\/\/salonforall.nl\/wp-content\/uploads\/2025\/01\/showroom-salon-for-all-groothandel-saloninrichting.jpg\" data-elementor-open-lightbox=\"no\" data-index=\"1\" data-width=\"550\" data-height=\"357\" \n\t\t\t\t\t\t\t\t\t\t\t\t\t\t\t\t\t\t\t\t>\n\t\t\t\t\t\t\t\t\n\t\t\t\t\t\t\t\t<img decoding=\"async\" width=\"550\" height=\"357\" src=\"https:\/\/salonforall.nl\/wp-content\/uploads\/2025\/01\/showroom-salon-for-all-groothandel-saloninrichting.jpg\" class=\"wd-gallery-image image-1\" alt=\"Showroom Salon f\u00fcr alle Gro\u00dfhandelssalonausstattungen\" srcset=\"https:\/\/salonforall.nl\/wp-content\/uploads\/2025\/01\/showroom-salon-for-all-groothandel-saloninrichting.jpg 550w, https:\/\/salonforall.nl\/wp-content\/uploads\/2025\/01\/showroom-salon-for-all-groothandel-saloninrichting-150x97.jpg 150w, https:\/\/salonforall.nl\/wp-content\/uploads\/2025\/01\/showroom-salon-for-all-groothandel-saloninrichting-300x195.jpg 300w, https:\/\/salonforall.nl\/wp-content\/uploads\/2025\/01\/showroom-salon-for-all-groothandel-saloninrichting-18x12.jpg 18w\" sizes=\"(max-width: 550px) 100vw, 550px\" \/>\n\t\t\t\t\t\t\t\t\t\t\t\t\t\t\t<\/a>\n\t\t\t\t\t\t\t\t\t\t\t\t<\/div>\n\t\t\t\t\t\t\t\t\t\t\t<div class=\"wd-gallery-item wd-col\">\n\t\t\t\t\t\t\t\t\t\t\t\t\t\t<a href=\"https:\/\/salonforall.nl\/wp-content\/uploads\/2025\/01\/salon-for-all-groothandel-saloninrichting.jpg\" data-elementor-open-lightbox=\"no\" data-index=\"2\" data-width=\"1900\" data-height=\"900\" \n\t\t\t\t\t\t\t\t\t\t\t\t\t\t\t\t\t\t\t\t>\n\t\t\t\t\t\t\t\t\n\t\t\t\t\t\t\t\t<img decoding=\"async\" width=\"1900\" height=\"900\" src=\"https:\/\/salonforall.nl\/wp-content\/uploads\/2025\/01\/salon-for-all-groothandel-saloninrichting.jpg\" class=\"wd-gallery-image image-2\" alt=\"\" srcset=\"https:\/\/salonforall.nl\/wp-content\/uploads\/2025\/01\/salon-for-all-groothandel-saloninrichting.jpg 1900w, https:\/\/salonforall.nl\/wp-content\/uploads\/2025\/01\/salon-for-all-groothandel-saloninrichting-150x71.jpg 150w, https:\/\/salonforall.nl\/wp-content\/uploads\/2025\/01\/salon-for-all-groothandel-saloninrichting-900x426.jpg 900w, https:\/\/salonforall.nl\/wp-content\/uploads\/2025\/01\/salon-for-all-groothandel-saloninrichting-300x142.jpg 300w, https:\/\/salonforall.nl\/wp-content\/uploads\/2025\/01\/salon-for-all-groothandel-saloninrichting-1024x485.jpg 1024w, https:\/\/salonforall.nl\/wp-content\/uploads\/2025\/01\/salon-for-all-groothandel-saloninrichting-768x364.jpg 768w, https:\/\/salonforall.nl\/wp-content\/uploads\/2025\/01\/salon-for-all-groothandel-saloninrichting-1536x728.jpg 1536w, https:\/\/salonforall.nl\/wp-content\/uploads\/2025\/01\/salon-for-all-groothandel-saloninrichting-18x9.jpg 18w\" sizes=\"(max-width: 1900px) 100vw, 1900px\" \/>\n\t\t\t\t\t\t\t\t\t\t\t\t\t\t\t<\/a>\n\t\t\t\t\t\t\t\t\t\t\t\t<\/div>\n\t\t\t\t\t\t\t\t\t\n\t\t\t\t\t\t\t<\/div>\n\n\t\t\t\t\t<\/div>\n\t\t<\/div><\/div><\/div><div class=\"wpb_column vc_column_container vc_col-sm-12 vc_col-lg-4 vc_col-md-6 wd-rs-6437f9cfc23d6\"><div class=\"vc_column-inner\"><div class=\"wpb_wrapper\">\n\t\t<div id=\"wd-67951cb578072\" class=\"title-wrapper wd-wpb wd-set-mb reset-last-child  wd-rs-67951cb578072 wd-title-color-default wd-title-style-default text-left vc_custom_1737825531563 wd-underline-colored\">\n\t\t\t\n\t\t\t<div class=\"liner-continer\">\n\t\t\t\t<h4 class=\"woodmart-title-container title  wd-font-weight- wd-fontsize-xxl\" >Ihr Gro\u00dfh\u00e4ndler und Spezialist f\u00fcr Salonausstattung und -bedarf.<\/h4>\n\t\t\t\t\t\t\t<\/div>\n\t\t\t\n\t\t\t\n\t\t\t\n\t\t<\/div>\n\t\t\n\t\t\t\t<div id=\"wd-679637fc857ce\" class=\"wd-text-block wd-wpb reset-last-child wd-rs-679637fc857ce text-left vc_custom_1737897989337\">\n\t\t\t<p>Seit \u00fcber 30 Jahren sind wir ein zuverl\u00e4ssiger Partner f\u00fcr Fachleute aus der Sch\u00f6nheits- und Pflegebranche und f\u00fcr medizinische Spezialisten. Als f\u00fchrender Gro\u00dfh\u00e4ndler f\u00fcr Salonausr\u00fcstung und -bedarf beliefern wir mit Stolz Friseure, Friseurinnen, Sch\u00f6nheitssalons, Kosmetiksalons und T\u00e4towierer in ganz Europa.<\/p>\n<h2><strong>Europ\u00e4ischer Gro\u00dfhandel<\/strong><\/h2>\n<p>Von unserem Hauptsitz in den Niederlanden aus beliefern wir Salons in Belgien, Deutschland, England, Spanien, Italien und vielen anderen europ\u00e4ischen L\u00e4ndern mit hochwertigen M\u00f6beln und Zubeh\u00f6r. Unsere St\u00e4rke ist ein umfangreiches Angebot, das perfekt auf Ihre Bed\u00fcrfnisse und Ihr Budget abgestimmt ist. Ob Sie nun auf der Suche nach exklusiven Spitzenmarken oder nach Qualit\u00e4tsl\u00f6sungen mit einem attraktiven Preis-Leistungs-Verh\u00e4ltnis sind, bei Salon For All finden Sie alles unter einem Dach.<\/p>\n\t\t<\/div>\n\t\t<\/div><\/div><\/div><\/div><div class=\"vc_row wpb_row vc_row-fluid\"><div class=\"wpb_column vc_column_container vc_col-sm-12\"><div class=\"vc_column-inner\"><div class=\"wpb_wrapper\">\n\t<div class=\"wpb_text_column wpb_content_element\" >\n\t\t<div class=\"wpb_wrapper\">\n\t\t\t<h2>Besuchen Sie unseren Ausstellungsraum<\/h2>\n<p>Besuchen Sie unseren beeindruckenden 1000 m\u00b2 gro\u00dfen Showroom (Niederlande) und lassen Sie sich von den neuesten Trends und M\u00f6glichkeiten der Saloneinrichtung inspirieren. Hier k\u00f6nnen Sie unser komplettes Sortiment mit eigenen Augen sehen und erleben. Von stilvollen Friseurst\u00fchlen bis hin zu kompletten Waschanlagen und von modernen Behandlungsst\u00fchlen bis hin zu stimmungsvollen Wartezimmerl\u00f6sungen: alles ist greifbar vorhanden, um Ihnen zu helfen, die richtige Wahl zu treffen.<\/p>\n<h2>Bequemes Einkaufen bei Salon For All<\/h2>\n<p>Bei Salon For All bieten wir Ihnen das Beste aus beiden Welten. St\u00f6bern und bestellen Sie einfach in unserem umfangreichen Webshop, der 24\/7 verf\u00fcgbar ist, oder besuchen Sie unseren Ausstellungsraum f\u00fcr ein pers\u00f6nliches Einkaufserlebnis. Unser professionelles Team ist bereit, Ihnen sowohl online als auch offline zu helfen, damit Sie genau das finden, was Sie suchen.<\/p>\n<h2>Unser Service<\/h2>\n<p>Als Komplettanbieter wissen wir besser als jeder andere, dass die Einrichtung Ihres Salons Ihre Visitenkarte ist. Deshalb ist unser erfahrenes Team immer bereit, Sie bei der Schaffung eines perfekten Arbeitsumfelds zu beraten, von einem einzelnen Stuhl bis hin zu einer kompletten Saloneinrichtung.<\/p>\n<h2>Warum Salon f\u00fcr alle?<\/h2>\n<ul>\n<li>Mehr als 30 Jahre Erfahrung in der Einrichtung von Salons<\/li>\n<li>Ein sorgf\u00e4ltig ausgew\u00e4hltes Sortiment von Spitzenmarken<\/li>\n<li>Lieferungen in ganz Europa<\/li>\n<li>Pers\u00f6nliche Beratung und professioneller Service<\/li>\n<li>Komplette Einrichtungsl\u00f6sungen f\u00fcr jeden Salon<\/li>\n<li>Ein inspirierender Ausstellungsraum von \u00fcber 1000m\u00b2<\/li>\n<li>Online einkaufen oder unseren Ausstellungsraum besuchen<\/li>\n<\/ul>\n\n\t\t<\/div>\n\t<\/div>\n<\/div><\/div><\/div><\/div>\n<\/div>","protected":false},"excerpt":{"rendered":"Jouw groothandel en specialist voor saloninrichting en benodigdheden. Al ruim 30 jaar zijn wij de betrouwbare partner voor professionals in","protected":false},"author":1,"featured_media":0,"parent":0,"menu_order":0,"comment_status":"closed","ping_status":"closed","template":"","meta":{"footnotes":""},"class_list":["post-18","page","type-page","status-publish","hentry"],"yoast_head":"<!-- This site is optimized with the Yoast SEO Premium plugin v27.3 (Yoast SEO v27.3) - https:\/\/yoast.com\/product\/yoast-seo-premium-wordpress\/ -->\n<title>Over ons | Salon For All B.V. NL &amp; BE<\/title>\n<meta name=\"robots\" content=\"index, follow, max-snippet:-1, max-image-preview:large, max-video-preview:-1\" \/>\n<link rel=\"canonical\" href=\"https:\/\/salonforall.nl\/de\/uber-uns\/\" \/>\n<meta property=\"og:locale\" content=\"de_DE\" \/>\n<meta property=\"og:type\" content=\"article\" \/>\n<meta property=\"og:title\" content=\"Over ons\" \/>\n<meta property=\"og:url\" content=\"https:\/\/salonforall.nl\/de\/uber-uns\/\" \/>\n<meta property=\"og:site_name\" content=\"Salon For All B.V. NL &amp; BE\" \/>\n<meta property=\"article:modified_time\" content=\"2025-01-26T13:26:34+00:00\" \/>\n<meta name=\"twitter:card\" content=\"summary_large_image\" \/>\n<meta name=\"twitter:label1\" content=\"Gesch\u00e4tzte Lesezeit\" \/>\n\t<meta name=\"twitter:data1\" content=\"3\u00a0Minuten\" \/>\n<script type=\"application\/ld+json\" class=\"yoast-schema-graph\">{\"@context\":\"https:\\\/\\\/schema.org\",\"@graph\":[{\"@type\":\"WebPage\",\"@id\":\"https:\\\/\\\/salonforall.nl\\\/over-ons\\\/\",\"url\":\"https:\\\/\\\/salonforall.nl\\\/over-ons\\\/\",\"name\":\"Over ons | Salon For All B.V. NL &amp; BE\",\"isPartOf\":{\"@id\":\"https:\\\/\\\/salonforall.nl\\\/#website\"},\"datePublished\":\"2023-06-06T11:00:13+00:00\",\"dateModified\":\"2025-01-26T13:26:34+00:00\",\"breadcrumb\":{\"@id\":\"https:\\\/\\\/salonforall.nl\\\/over-ons\\\/#breadcrumb\"},\"inLanguage\":\"de\",\"potentialAction\":[{\"@type\":\"ReadAction\",\"target\":[\"https:\\\/\\\/salonforall.nl\\\/over-ons\\\/\"]}]},{\"@type\":\"BreadcrumbList\",\"@id\":\"https:\\\/\\\/salonforall.nl\\\/over-ons\\\/#breadcrumb\",\"itemListElement\":[{\"@type\":\"ListItem\",\"position\":1,\"name\":\"Home\",\"item\":\"https:\\\/\\\/salonforall.nl\\\/\"},{\"@type\":\"ListItem\",\"position\":2,\"name\":\"Over ons\"}]},{\"@type\":\"WebSite\",\"@id\":\"https:\\\/\\\/salonforall.nl\\\/#website\",\"url\":\"https:\\\/\\\/salonforall.nl\\\/\",\"name\":\"Salon For All\",\"description\":\"Jouw groothandel voor praktijk- &amp; saloninrichting en benodigdheden\",\"publisher\":{\"@id\":\"https:\\\/\\\/salonforall.nl\\\/#organization\"},\"alternateName\":\"salonforall.nl\",\"potentialAction\":[{\"@type\":\"SearchAction\",\"target\":{\"@type\":\"EntryPoint\",\"urlTemplate\":\"https:\\\/\\\/salonforall.nl\\\/?s={search_term_string}\"},\"query-input\":{\"@type\":\"PropertyValueSpecification\",\"valueRequired\":true,\"valueName\":\"search_term_string\"}}],\"inLanguage\":\"de\"},{\"@type\":\"Organization\",\"@id\":\"https:\\\/\\\/salonforall.nl\\\/#organization\",\"name\":\"Salon For All B.V.\",\"alternateName\":\"Salonforall.nl\",\"url\":\"https:\\\/\\\/salonforall.nl\\\/\",\"logo\":{\"@type\":\"ImageObject\",\"inLanguage\":\"de\",\"@id\":\"https:\\\/\\\/salonforall.nl\\\/#\\\/schema\\\/logo\\\/image\\\/\",\"url\":\"https:\\\/\\\/salonforall.nl\\\/wp-content\\\/uploads\\\/2025\\\/01\\\/logo-salon-for-all-groothandel-saloninrichting-e1736940477693.png\",\"contentUrl\":\"https:\\\/\\\/salonforall.nl\\\/wp-content\\\/uploads\\\/2025\\\/01\\\/logo-salon-for-all-groothandel-saloninrichting-e1736940477693.png\",\"width\":500,\"height\":125,\"caption\":\"Salon For All B.V.\"},\"image\":{\"@id\":\"https:\\\/\\\/salonforall.nl\\\/#\\\/schema\\\/logo\\\/image\\\/\"},\"description\":\"Salon For All is de groothandel voor praktijk- en saloninrichting en benodigdheden.\",\"email\":\"info@salonforall.com\",\"legalName\":\"Salon For All\",\"numberOfEmployees\":{\"@type\":\"QuantitativeValue\",\"minValue\":\"1\",\"maxValue\":\"10\"},\"hasMerchantReturnPolicy\":{\"@type\":\"MerchantReturnPolicy\",\"merchantReturnLink\":\"https:\\\/\\\/salonforall.nl\\\/de\\\/retourvoorwaarden\\\/\"}}]}<\/script>\n<!-- \/ Yoast SEO Premium plugin. -->","yoast_head_json":{"title":"\u00dcber uns | Salon For All B.V. NL &amp; BE","robots":{"index":"index","follow":"follow","max-snippet":"max-snippet:-1","max-image-preview":"max-image-preview:large","max-video-preview":"max-video-preview:-1"},"canonical":"https:\/\/salonforall.nl\/de\/uber-uns\/","og_locale":"de_DE","og_type":"article","og_title":"Over ons","og_url":"https:\/\/salonforall.nl\/de\/uber-uns\/","og_site_name":"Salon For All B.V. NL &amp; BE","article_modified_time":"2025-01-26T13:26:34+00:00","twitter_card":"summary_large_image","twitter_misc":{"Gesch\u00e4tzte Lesezeit":"3\u00a0Minuten"},"schema":{"@context":"https:\/\/schema.org","@graph":[{"@type":"WebPage","@id":"https:\/\/salonforall.nl\/over-ons\/","url":"https:\/\/salonforall.nl\/over-ons\/","name":"\u00dcber uns | Salon For All B.V. NL &amp; BE","isPartOf":{"@id":"https:\/\/salonforall.nl\/#website"},"datePublished":"2023-06-06T11:00:13+00:00","dateModified":"2025-01-26T13:26:34+00:00","breadcrumb":{"@id":"https:\/\/salonforall.nl\/over-ons\/#breadcrumb"},"inLanguage":"de","potentialAction":[{"@type":"ReadAction","target":["https:\/\/salonforall.nl\/over-ons\/"]}]},{"@type":"BreadcrumbList","@id":"https:\/\/salonforall.nl\/over-ons\/#breadcrumb","itemListElement":[{"@type":"ListItem","position":1,"name":"Home","item":"https:\/\/salonforall.nl\/"},{"@type":"ListItem","position":2,"name":"Over ons"}]},{"@type":"WebSite","@id":"https:\/\/salonforall.nl\/#website","url":"https:\/\/salonforall.nl\/","name":"Salon f\u00fcr alle","description":"Ihr Gro\u00dfh\u00e4ndler f\u00fcr Praxis- und Salonausstattung und -bedarf","publisher":{"@id":"https:\/\/salonforall.nl\/#organization"},"alternateName":"salonforall.nl","potentialAction":[{"@type":"SearchAction","target":{"@type":"EntryPoint","urlTemplate":"https:\/\/salonforall.nl\/?s={search_term_string}"},"query-input":{"@type":"PropertyValueSpecification","valueRequired":true,"valueName":"search_term_string"}}],"inLanguage":"de"},{"@type":"Organization","@id":"https:\/\/salonforall.nl\/#organization","name":"Salon For All B.V.","alternateName":"Salonforall.nl","url":"https:\/\/salonforall.nl\/","logo":{"@type":"ImageObject","inLanguage":"de","@id":"https:\/\/salonforall.nl\/#\/schema\/logo\/image\/","url":"https:\/\/salonforall.nl\/wp-content\/uploads\/2025\/01\/logo-salon-for-all-groothandel-saloninrichting-e1736940477693.png","contentUrl":"https:\/\/salonforall.nl\/wp-content\/uploads\/2025\/01\/logo-salon-for-all-groothandel-saloninrichting-e1736940477693.png","width":500,"height":125,"caption":"Salon For All B.V."},"image":{"@id":"https:\/\/salonforall.nl\/#\/schema\/logo\/image\/"},"description":"Salon For All ist der Gro\u00dfh\u00e4ndler f\u00fcr Praxis- und Salonausstattung und -bedarf.","email":"info@salonforall.com","legalName":"Salon For All","numberOfEmployees":{"@type":"QuantitativeValue","minValue":"1","maxValue":"10"},"hasMerchantReturnPolicy":{"@type":"MerchantReturnPolicy","merchantReturnLink":"https:\/\/salonforall.nl\/de\/retourvoorwaarden\/"}}]}},"_links":{"self":[{"href":"https:\/\/salonforall.nl\/de\/wp-json\/wp\/v2\/pages\/18","targetHints":{"allow":["GET"]}}],"collection":[{"href":"https:\/\/salonforall.nl\/de\/wp-json\/wp\/v2\/pages"}],"about":[{"href":"https:\/\/salonforall.nl\/de\/wp-json\/wp\/v2\/types\/page"}],"author":[{"embeddable":true,"href":"https:\/\/salonforall.nl\/de\/wp-json\/wp\/v2\/users\/1"}],"replies":[{"embeddable":true,"href":"https:\/\/salonforall.nl\/de\/wp-json\/wp\/v2\/comments?post=18"}],"version-history":[{"count":10,"href":"https:\/\/salonforall.nl\/de\/wp-json\/wp\/v2\/pages\/18\/revisions"}],"predecessor-version":[{"id":9501,"href":"https:\/\/salonforall.nl\/de\/wp-json\/wp\/v2\/pages\/18\/revisions\/9501"}],"wp:attachment":[{"href":"https:\/\/salonforall.nl\/de\/wp-json\/wp\/v2\/media?parent=18"}],"curies":[{"name":"wp","href":"https:\/\/api.w.org\/{rel}","templated":true}]}}