{"id":12613,"date":"2025-01-27T19:13:11","date_gmt":"2025-01-27T19:13:11","guid":{"rendered":"https:\/\/salonforall.nl\/gabbiano-werkwagen-kapper-trolley-ft65-zwart-wit\/"},"modified":"2026-04-13T21:04:24","modified_gmt":"2026-04-13T20:04:24","slug":"gabbiano-arbeitswagen-friseurwagen-ft65-schwarz-weis","status":"publish","type":"product","link":"https:\/\/salonforall.nl\/de\/gabbiano-werkwagen-kapper-trolley-ft65-zwart-wit\/","title":{"rendered":"Gabbiano Arbeitswagen Friseurwagen ft65 schwarz\/wei\u00df"},"content":{"rendered":"<h2>Informationen \u00fcber den <strong>Gabbiano Arbeitswagen Friseurwagen ft65 schwarz\/wei\u00df mit Artikelnummer <\/strong>125871<\/h2>\n<p>Der Work trolley Friseurwagen von Gabbiano ist ein hochwertiges M\u00f6belst\u00fcck. Er besteht aus strapazierf\u00e4higem ABS-Material mit einer Stahlrahmenkonstruktion, die eine hohe Stabilit\u00e4t und Langlebigkeit garantiert, und ist auf hochbelastbaren, kugelgelagerten Gummir\u00e4dern montiert. Die dominierende Farbe Schwarz und die Farbe der Schubladen passen perfekt zu Ihrer Wohnzimmereinrichtung! <br \/> Abmessungen des Kartons 87 * 36 * 44<\/p>\n<p>Activeshop Produkte sind vergleichsweise g\u00fcnstiger als viele andere Marken\/Anbieter. Der Preis ist proportional zur Qualit\u00e4t. Das macht den Gabbiano Work trolley Friseurwagen ft65 schwarz\/wei\u00df zu einer niedrigschwelligen L\u00f6sung f\u00fcr Ihren Salon.<\/p>\n<h2>Wie wird der Gabbiano Work trolley Friseurwagen ft65 schwarz\/wei\u00df geliefert?<\/h2>\n<p>Die <strong>Gabbiano Arbeitswagen Friseurwagen ft65 schwarz\/wei\u00df <\/strong>Kommt in Originalverpackung(en). Innerhalb der Niederlande und Belgien ist der Versand des Gabbiano Werkwagen kapper trolley ft65 schwarz\/wei\u00df ab einem Bestellwert von 100,- Euro komplett kostenlos. F\u00fcr Sendungen in andere L\u00e4nder gelten gesonderte Versandkosten. Diese Tarife k\u00f6nnen Sie bei uns erfragen oder im Warenkorb finden. Der Gabbiano Werkwagen Friseur ft65 schwarz\/wei\u00df wird \u00fcber einen externen Kurier versendet.<\/p>\n<p>Wir liefern Pakete oder Paletten standardm\u00e4\u00dfig bis zur Schwelle der Haust\u00fcr, auch wenn Sie sich in einem Kollektivhaus, einem Mehrfamilienhaus oder einem Wohnkomplex mit Aufzug befinden (sofern der Artikel in den Aufzug passt). Gibt es keinen Aufzug oder passt der Artikel nicht in den Aufzug? Dann liefern wir bis zur Schwelle des Erdgeschosses.<\/p>\n<p>Haben Sie noch Fragen zur Lieferung oder einer besonderen Situation? Kontaktieren Sie uns und wir helfen Ihnen gerne weiter!<\/p>\n<p><em>*Die Artikel werden standardm\u00e4\u00dfig nicht ausgepackt oder zusammengestellt. In besonderen Situationen kontaktieren Sie uns bitte, um Vereinbarungen zu treffen.<\/em><\/p>\n<h2>Sichere Online-Bestellung bei Salon For All mit dem G\u00fctesiegel Webwinkelkeur und SSL-Sicherheit<\/h2>\n<p>Es ist uns wichtig, dass unsere Kunden sicher bei uns online einkaufen k\u00f6nnen. Seit 2019 sind wir Mitglied des nationalen G\u00fctezeichens Webwinkelkeur. Unsere Identit\u00e4t wurde von ihnen \u00fcberpr\u00fcft, verifiziert und der Webshop wurde rechtlich gepr\u00fcft und genehmigt. Au\u00dferdem ist unser Webshop bei ihnen zur Streitschlichtung angeschlossen. Sie sehen die Plakette mit allen Informationen dieses Webwinkelkeurmerkmals auf der linken oder rechten Seite des Webshops (rosa mit wei\u00dfem Button). Unsere Website ist au\u00dferdem mit einem SSL-Zertifikat gesichert, so dass Sie sicher surfen k\u00f6nnen. In der Leiste Ihres Internetbrowsers, in der unsere Website aufgef\u00fchrt ist, sehen Sie ein Schloss. Wenn Sie auf das Vorh\u00e4ngeschloss klicken, erhalten Sie alle Informationen \u00fcber unsere Sicherheit. Damit wissen Sie, dass Ihre Bestellung des Gabbiano Werkwagen kapper trolley ft65 schwarz\/wei\u00df und Ihre pers\u00f6nlichen Daten sicher behandelt werden.<\/p>\n<h2>Wie kann ich den Gabbiano Work wagon Friseurwagen ft65 schwarz\/wei\u00df auschecken?<\/h2>\n<p>Wir m\u00f6chten es Ihnen so einfach wie m\u00f6glich machen. Deshalb k\u00f6nnen Sie bei Salon For All mit allen bekannten und g\u00e4ngigen Zahlungsmitteln bezahlen. Bezahlen Sie im Voraus, bei Lieferung oder im Nachhinein; alles ist m\u00f6glich. Sehen Sie hier, welche Zahlungsarten wir anbieten<br \/>\nAngebot:<\/p>\n<ul>\n<li>Ideal<\/li>\n<li>Klarna - Nachzahlung auf Rechnung<\/li>\n<li>Bancontact (Nur f\u00fcr belgische Kunden)<\/li>\n<li>Payin3 - Zahlung in 3 Raten mit 0% Zinsen (nur f\u00fcr niederl\u00e4ndische Kunden)<\/li>\n<li>Paypal<\/li>\n<li>Kreditkarte<\/li>\n<li>Apple Pay<\/li>\n<li>Gesch\u00e4ftsrechnung f\u00fcr Unternehmen<\/li>\n<li>Bezahlen im Ausstellungsraum - sowohl mit Pin als auch in bar (nur bei Abholung m\u00f6glich)<\/li>\n<\/ul>\n<h2>Sehen Sie sich auch die Bewertungen von Salon For ALL an<\/h2>\n<p>Schauen Sie sich auch unsere Bewertungen an, um die Erfahrungen unserer bisherigen Kunden in Ihre Entscheidung einzubeziehen, den Gabbiano Arbeitswagen Friseurwagen ft65 schwarz\/wei\u00df bei uns zu bestellen. \u00dcber unser unabh\u00e4ngiges Label Webwinkelkeur sammeln wir automatisch verifizierte Bewertungen von Kunden, die bei uns bestellt haben. Diese finden Sie hinter dem rosa Button in unserem Webshop oder sind unter den Produkten aufgef\u00fchrt.<\/p>\n<p>Teilen Sie nach Ihrem Kauf auch Ihre Erfahrungen mit Ihrem bestellten Gabbiano Werkwagen kapper trolley ft65 schwarz\/wei\u00df und Ihre Erfahrungen mit dem Kaufprozess oder kontaktieren Sie Salon For All, um andere zu inspirieren!<\/p>\n<h2>Kontakt Salon f\u00fcr alle<\/h2>\n<p>Dann kontaktieren Sie uns. Wir helfen Ihnen gerne beim Kauf des Gabbiano Work trolley hairdresser trolley ft65 black\/white. An Werktagen erreichen Sie uns am besten zwischen 8.30 und 17.00 Uhr \u00fcber die Telefonnummer und E-Mail-Adresse oben im Webshop oder \u00fcber die Chat-Funktion. Fragen au\u00dferhalb der B\u00fcrozeiten werden in der Regel innerhalb von 24 Stunden beantwortet. Es ist auch m\u00f6glich, uns au\u00dferhalb der Arbeitstage oder B\u00fcrozeiten zu besuchen. Bitte vereinbaren Sie jedoch im Voraus einen Termin.<\/p>\n<h2>M\u00f6chten Sie in unserem Ausstellungsraum vorbeischauen?<\/h2>\n<p>M\u00f6chten Sie sich den Gabbiano Werkwagen ft65 schwarz\/wei\u00df lieber ansehen oder mit unserem Mitarbeiter durch unser (Web)Shop-Angebot gehen? Dann besuchen Sie unseren Showroom mit \u00fcber 1000m2 Salonausstattung und lassen Sie sich von unseren Mitarbeitern inspirieren. Auch wenn Sie sich gerne bei einer guten Tasse Kaffee oder Tee unterhalten, sind Sie hier herzlich willkommen. Wir haben nicht alle Produkte ausgestellt, daher bitten wir Sie, uns vorher Bescheid zu geben, wenn Sie kommen m\u00f6chten. Vereinbaren Sie immer einen Termin im Voraus.<\/p>\n<h2>14-t\u00e4gige Bedenkzeit und unser R\u00fcckgaberecht<\/h2>\n<p>Nat\u00fcrlich kann es vorkommen, dass der gelieferte Gabbiano Work trolley Friseurwagen ft65 schwarz\/wei\u00df nicht ganz nach Ihrem Geschmack ist und Sie ihn zur\u00fcckgeben m\u00f6chten. Das ist bei Salon For All kein Problem. Sie m\u00fcssen uns innerhalb von 14 Werktagen \u00fcber Ihre R\u00fcckgabe informieren. <a href=\"mailto:info@salonforall.nl\">info@salonforall.nl<\/a> . Sie erhalten dann zun\u00e4chst die R\u00fcckgabeanweisungen und -bedingungen. Bitte beachten Sie, dass der Gabbiano Werkwagen Friseurwagen ft65 schwarz\/wei\u00df nicht benutzt worden sein darf, alle mitgelieferten Teile enthalten muss und in der Originalverpackung zur\u00fcckgeschickt werden muss. Die Kosten f\u00fcr den Versand einer R\u00fccksendung gehen bei K\u00e4ufen \u00fcber www.salonforall.nl immer zu Lasten des K\u00e4ufers. Sie m\u00fcssen Ihren eigenen Transport f\u00fcr eine R\u00fccksendung mit einem Spediteur Ihrer Wahl organisieren. Sobald der Gabbiano Werkwagen Friseurwagen ft65 schwarz\/wei\u00df zur\u00fcckgeschickt wird, wird er auf Vollst\u00e4ndigkeit und Besch\u00e4digung gepr\u00fcft. Nach Genehmigung der R\u00fccksendung wird der Kaufbetrag innerhalb von 5 Werktagen auf die uns bekannte Kontonummer zur\u00fcckerstattet.<\/p>\n<h2>Wer ist Salon For All?<\/h2>\n<p>Salon For all ist der Gro\u00dfh\u00e4ndler f\u00fcr jegliche Salonausr\u00fcstung in Europa. Salon For all wurde 2003 unter dem Namen Salonvoordeel gegr\u00fcndet und ist aus der Praxis heraus entstanden. Die Inhaber von Salon For All sind erfahrene Friseure und Kosmetiker und verf\u00fcgen zusammen \u00fcber mehr als 30 Jahre Praxiserfahrung. Im Jahr 2003 starteten wir mit Salonvoordeel.nl (Niederlande) und sp\u00e4ter wurde Salon For All f\u00fcr den europ\u00e4ischen Markt gegr\u00fcndet. Einige unserer Mitarbeiter machten sich selbst\u00e4ndig, und so entstand die Idee, einen funktionalen Webshop f\u00fcr Friseure zu gr\u00fcnden und ihnen bei der Einrichtung ihrer Salons zu helfen. Mit unserer jahrelangen Erfahrung in der Branche k\u00f6nnen wir Ihnen einen Spiegel vorhalten und Sie richtig beraten. Wir sprechen dieselbe Sprache! Wir beraten, inspirieren, motivieren und helfen Ihnen beim Kauf eines <em>Gabbiano Arbeitswagen Friseurwagen ft65 schwarz\/wei\u00df<\/em>. Unsere Lieferanten befinden sich in ganz Europa, von Deutschland, England, Italien bis Polen.<\/p>","protected":false},"excerpt":{"rendered":"<p>Der Gabbiano Work trolley Friseurwagen ft65 schwarz\/wei\u00df der Marke GABBIANO ist eine g\u00fcnstige L\u00f6sung f\u00fcr jeden Salon. Die Lieferzeit f\u00fcr dieses Produkt betr\u00e4gt 2-6 Arbeitstage.<\/p>","protected":false},"featured_media":13025,"comment_status":"closed","ping_status":"open","template":"","meta":[],"product_brand":[],"product_cat":[1417,1436,1435,108,1439,1438,1434,1437],"product_tag":[],"class_list":{"0":"post-12613","1":"product","2":"type-product","3":"status-publish","4":"has-post-thumbnail","6":"product_cat-kappers-benodigdheden","7":"product_cat-kappers-trolley","8":"product_cat-kapperstrolley","9":"product_cat-kapsalon","10":"product_cat-werkstation","11":"product_cat-werkwagen","12":"product_cat-werkwagen-kapper","13":"product_cat-werkwagens","14":"pa_artikelnummer-1464","15":"pa_kleur-zwart-wit","16":"pa_kwaliteit-middensegment","17":"pa_levertijd-3-6-werkdagen","18":"pa_merk-gabbiano","19":"pa_sku-1465","21":"first","22":"instock","23":"sale","24":"taxable","25":"shipping-taxable","26":"purchasable","27":"product-type-simple"},"yoast_head":"<!-- This site is optimized with the Yoast SEO Premium plugin v27.3 (Yoast SEO v27.3) - https:\/\/yoast.com\/product\/yoast-seo-premium-wordpress\/ -->\n<title>Gabbiano Werkwagen kapper trolley ft65 zwart\/wit<\/title>\n<meta name=\"description\" content=\"Gabbiano Werkwagen kapper trolley ft65 zwart\/wit koop je online of in de showroom bij Salon For All B.V. NL &amp; BE . De groothandel voor salons, praktijken en spa&#039;s in NL en BE.\" \/>\n<meta name=\"robots\" content=\"index, follow, max-snippet:-1, max-image-preview:large, max-video-preview:-1\" \/>\n<link rel=\"canonical\" href=\"https:\/\/salonforall.nl\/de\/gabbiano-arbeitswagen-friseurwagen-ft65-schwarz-weis\/\" \/>\n<meta property=\"og:locale\" content=\"de_DE\" \/>\n<meta property=\"og:type\" content=\"article\" \/>\n<meta property=\"og:title\" content=\"Gabbiano Werkwagen kapper trolley ft65 zwart\/wit\" \/>\n<meta property=\"og:description\" content=\"Gabbiano Werkwagen kapper trolley ft65 zwart\/wit koop je online of in de showroom bij Salon For All B.V. NL &amp; BE . De groothandel voor salons, praktijken en spa&#039;s in NL en BE.\" \/>\n<meta property=\"og:url\" content=\"https:\/\/salonforall.nl\/de\/gabbiano-arbeitswagen-friseurwagen-ft65-schwarz-weis\/\" \/>\n<meta property=\"og:site_name\" content=\"Salon For All B.V. NL &amp; BE\" \/>\n<meta property=\"article:modified_time\" content=\"2026-04-13T20:04:24+00:00\" \/>\n<meta property=\"og:image\" content=\"https:\/\/salonforall.nl\/wp-content\/uploads\/2025\/01\/gabbiano-werkwagen-kapper-trolley-ft65-zwartwit-1-1.jpg\" \/>\n\t<meta property=\"og:image:width\" content=\"800\" \/>\n\t<meta property=\"og:image:height\" content=\"800\" \/>\n\t<meta property=\"og:image:type\" content=\"image\/jpeg\" \/>\n<meta name=\"twitter:card\" content=\"summary_large_image\" \/>\n<meta name=\"twitter:title\" content=\"Gabbiano Werkwagen kapper trolley ft65 zwart\/wit\" \/>\n<meta name=\"twitter:label1\" content=\"Preis\" \/>\n\t<meta name=\"twitter:data1\" content=\"&nbsp;108,66 excl. btw\" \/>\n\t<meta name=\"twitter:label2\" content=\"Verf\u00fcgbarkeit\" \/>\n\t<meta name=\"twitter:data2\" content=\"Auf Lager\" \/>\n<script type=\"application\/ld+json\" class=\"yoast-schema-graph\">{\"@context\":\"https:\\\/\\\/schema.org\",\"@graph\":[{\"@type\":\"WebPage\",\"@id\":\"https:\\\/\\\/salonforall.nl\\\/gabbiano-werkwagen-kapper-trolley-ft65-zwart-wit\\\/\",\"url\":\"https:\\\/\\\/salonforall.nl\\\/gabbiano-werkwagen-kapper-trolley-ft65-zwart-wit\\\/\",\"name\":\"Gabbiano Werkwagen kapper trolley ft65 zwart\\\/wit\",\"isPartOf\":{\"@id\":\"https:\\\/\\\/salonforall.nl\\\/#website\"},\"primaryImageOfPage\":{\"@id\":\"https:\\\/\\\/salonforall.nl\\\/gabbiano-werkwagen-kapper-trolley-ft65-zwart-wit\\\/#primaryimage\"},\"image\":{\"@id\":\"https:\\\/\\\/salonforall.nl\\\/gabbiano-werkwagen-kapper-trolley-ft65-zwart-wit\\\/#primaryimage\"},\"thumbnailUrl\":\"https:\\\/\\\/salonforall.nl\\\/wp-content\\\/uploads\\\/2025\\\/01\\\/gabbiano-werkwagen-kapper-trolley-ft65-zwartwit-1-1.jpg\",\"datePublished\":\"2025-01-27T19:13:11+00:00\",\"dateModified\":\"2026-04-13T20:04:24+00:00\",\"description\":\"Gabbiano Werkwagen kapper trolley ft65 zwart\\\/wit koop je online of in de showroom bij Salon For All B.V. NL &amp; BE . De groothandel voor salons, praktijken en spa's in NL en BE.\",\"breadcrumb\":{\"@id\":\"https:\\\/\\\/salonforall.nl\\\/gabbiano-werkwagen-kapper-trolley-ft65-zwart-wit\\\/#breadcrumb\"},\"inLanguage\":\"de\",\"potentialAction\":[{\"@type\":\"ReadAction\",\"target\":[\"https:\\\/\\\/salonforall.nl\\\/gabbiano-werkwagen-kapper-trolley-ft65-zwart-wit\\\/\"]}]},{\"@type\":\"ImageObject\",\"inLanguage\":\"de\",\"@id\":\"https:\\\/\\\/salonforall.nl\\\/gabbiano-werkwagen-kapper-trolley-ft65-zwart-wit\\\/#primaryimage\",\"url\":\"https:\\\/\\\/salonforall.nl\\\/wp-content\\\/uploads\\\/2025\\\/01\\\/gabbiano-werkwagen-kapper-trolley-ft65-zwartwit-1-1.jpg\",\"contentUrl\":\"https:\\\/\\\/salonforall.nl\\\/wp-content\\\/uploads\\\/2025\\\/01\\\/gabbiano-werkwagen-kapper-trolley-ft65-zwartwit-1-1.jpg\",\"width\":800,\"height\":800,\"caption\":\"Gabbiano Werkwagen kapper trolley ft65 zwart\\\/wit 1\"},{\"@type\":\"BreadcrumbList\",\"@id\":\"https:\\\/\\\/salonforall.nl\\\/gabbiano-werkwagen-kapper-trolley-ft65-zwart-wit\\\/#breadcrumb\",\"itemListElement\":[{\"@type\":\"ListItem\",\"position\":1,\"name\":\"Home\",\"item\":\"https:\\\/\\\/salonforall.nl\\\/\"},{\"@type\":\"ListItem\",\"position\":2,\"name\":\"Winkel\",\"item\":\"https:\\\/\\\/salonforall.nl\\\/winkel\\\/\"},{\"@type\":\"ListItem\",\"position\":3,\"name\":\"Gabbiano Werkwagen kapper trolley ft65 zwart\\\/wit\"}]},{\"@type\":\"WebSite\",\"@id\":\"https:\\\/\\\/salonforall.nl\\\/#website\",\"url\":\"https:\\\/\\\/salonforall.nl\\\/\",\"name\":\"Salon For All\",\"description\":\"Jouw groothandel voor praktijk- &amp; saloninrichting en benodigdheden\",\"publisher\":{\"@id\":\"https:\\\/\\\/salonforall.nl\\\/#organization\"},\"alternateName\":\"salonforall.nl\",\"potentialAction\":[{\"@type\":\"SearchAction\",\"target\":{\"@type\":\"EntryPoint\",\"urlTemplate\":\"https:\\\/\\\/salonforall.nl\\\/?s={search_term_string}\"},\"query-input\":{\"@type\":\"PropertyValueSpecification\",\"valueRequired\":true,\"valueName\":\"search_term_string\"}}],\"inLanguage\":\"de\"},{\"@type\":\"Organization\",\"@id\":\"https:\\\/\\\/salonforall.nl\\\/#organization\",\"name\":\"Salon For All B.V.\",\"alternateName\":\"Salonforall.nl\",\"url\":\"https:\\\/\\\/salonforall.nl\\\/\",\"logo\":{\"@type\":\"ImageObject\",\"inLanguage\":\"de\",\"@id\":\"https:\\\/\\\/salonforall.nl\\\/#\\\/schema\\\/logo\\\/image\\\/\",\"url\":\"https:\\\/\\\/salonforall.nl\\\/wp-content\\\/uploads\\\/2025\\\/01\\\/logo-salon-for-all-groothandel-saloninrichting-e1736940477693.png\",\"contentUrl\":\"https:\\\/\\\/salonforall.nl\\\/wp-content\\\/uploads\\\/2025\\\/01\\\/logo-salon-for-all-groothandel-saloninrichting-e1736940477693.png\",\"width\":500,\"height\":125,\"caption\":\"Salon For All B.V.\"},\"image\":{\"@id\":\"https:\\\/\\\/salonforall.nl\\\/#\\\/schema\\\/logo\\\/image\\\/\"},\"description\":\"Salon For All is de groothandel voor praktijk- en saloninrichting en benodigdheden.\",\"email\":\"info@salonforall.com\",\"legalName\":\"Salon For All\",\"numberOfEmployees\":{\"@type\":\"QuantitativeValue\",\"minValue\":\"1\",\"maxValue\":\"10\"},\"hasMerchantReturnPolicy\":{\"@type\":\"MerchantReturnPolicy\",\"merchantReturnLink\":\"https:\\\/\\\/salonforall.nl\\\/de\\\/retourvoorwaarden\\\/\"}}]}<\/script>\n<meta property=\"product:brand\" content=\"GABBIANO\" \/>\n<meta property=\"product:price:amount\" content=\"108.66\" \/>\n<meta property=\"product:price:currency\" content=\"EUR\" \/>\n<meta property=\"og:availability\" content=\"instock\" \/>\n<meta property=\"product:availability\" content=\"instock\" \/>\n<meta property=\"product:retailer_item_id\" content=\"125871\" \/>\n<meta property=\"product:condition\" content=\"new\" \/>\n<!-- \/ Yoast SEO Premium plugin. -->","yoast_head_json":{"title":"Gabbiano Arbeitswagen Friseurwagen ft65 schwarz\/wei\u00df","description":"Gabbiano Arbeitswagen Friseurwagen ft65 schwarz\/wei\u00df online oder im Ausstellungsraum kaufen bei Salon For All B.V. NL &amp; BE . Der Gro\u00dfh\u00e4ndler f\u00fcr Salons, Praxen und Spas in NL und BE.","robots":{"index":"index","follow":"follow","max-snippet":"max-snippet:-1","max-image-preview":"max-image-preview:large","max-video-preview":"max-video-preview:-1"},"canonical":"https:\/\/salonforall.nl\/de\/gabbiano-arbeitswagen-friseurwagen-ft65-schwarz-weis\/","og_locale":"de_DE","og_type":"article","og_title":"Gabbiano Werkwagen kapper trolley ft65 zwart\/wit","og_description":"Gabbiano Werkwagen kapper trolley ft65 zwart\/wit koop je online of in de showroom bij Salon For All B.V. NL &amp; BE . De groothandel voor salons, praktijken en spa's in NL en BE.","og_url":"https:\/\/salonforall.nl\/de\/gabbiano-arbeitswagen-friseurwagen-ft65-schwarz-weis\/","og_site_name":"Salon For All B.V. NL &amp; BE","article_modified_time":"2026-04-13T20:04:24+00:00","og_image":[{"width":800,"height":800,"url":"https:\/\/salonforall.nl\/wp-content\/uploads\/2025\/01\/gabbiano-werkwagen-kapper-trolley-ft65-zwartwit-1-1.jpg","type":"image\/jpeg"}],"twitter_card":"summary_large_image","twitter_title":"Gabbiano Werkwagen kapper trolley ft65 zwart\/wit","twitter_misc":{"Preis":"&nbsp;108,66 excl. btw","Verf\u00fcgbarkeit":"Auf Lager"},"schema":{"@context":"https:\/\/schema.org","@graph":[{"@type":"WebPage","@id":"https:\/\/salonforall.nl\/gabbiano-werkwagen-kapper-trolley-ft65-zwart-wit\/","url":"https:\/\/salonforall.nl\/gabbiano-werkwagen-kapper-trolley-ft65-zwart-wit\/","name":"Gabbiano Arbeitswagen Friseurwagen ft65 schwarz\/wei\u00df","isPartOf":{"@id":"https:\/\/salonforall.nl\/#website"},"primaryImageOfPage":{"@id":"https:\/\/salonforall.nl\/gabbiano-werkwagen-kapper-trolley-ft65-zwart-wit\/#primaryimage"},"image":{"@id":"https:\/\/salonforall.nl\/gabbiano-werkwagen-kapper-trolley-ft65-zwart-wit\/#primaryimage"},"thumbnailUrl":"https:\/\/salonforall.nl\/wp-content\/uploads\/2025\/01\/gabbiano-werkwagen-kapper-trolley-ft65-zwartwit-1-1.jpg","datePublished":"2025-01-27T19:13:11+00:00","dateModified":"2026-04-13T20:04:24+00:00","description":"Gabbiano Arbeitswagen Friseurwagen ft65 schwarz\/wei\u00df online oder im Ausstellungsraum kaufen bei Salon For All B.V. NL &amp; BE . Der Gro\u00dfh\u00e4ndler f\u00fcr Salons, Praxen und Spas in NL und BE.","breadcrumb":{"@id":"https:\/\/salonforall.nl\/gabbiano-werkwagen-kapper-trolley-ft65-zwart-wit\/#breadcrumb"},"inLanguage":"de","potentialAction":[{"@type":"ReadAction","target":["https:\/\/salonforall.nl\/gabbiano-werkwagen-kapper-trolley-ft65-zwart-wit\/"]}]},{"@type":"ImageObject","inLanguage":"de","@id":"https:\/\/salonforall.nl\/gabbiano-werkwagen-kapper-trolley-ft65-zwart-wit\/#primaryimage","url":"https:\/\/salonforall.nl\/wp-content\/uploads\/2025\/01\/gabbiano-werkwagen-kapper-trolley-ft65-zwartwit-1-1.jpg","contentUrl":"https:\/\/salonforall.nl\/wp-content\/uploads\/2025\/01\/gabbiano-werkwagen-kapper-trolley-ft65-zwartwit-1-1.jpg","width":800,"height":800,"caption":"Gabbiano Werkwagen kapper trolley ft65 zwart\/wit 1"},{"@type":"BreadcrumbList","@id":"https:\/\/salonforall.nl\/gabbiano-werkwagen-kapper-trolley-ft65-zwart-wit\/#breadcrumb","itemListElement":[{"@type":"ListItem","position":1,"name":"Home","item":"https:\/\/salonforall.nl\/"},{"@type":"ListItem","position":2,"name":"Winkel","item":"https:\/\/salonforall.nl\/winkel\/"},{"@type":"ListItem","position":3,"name":"Gabbiano Werkwagen kapper trolley ft65 zwart\/wit"}]},{"@type":"WebSite","@id":"https:\/\/salonforall.nl\/#website","url":"https:\/\/salonforall.nl\/","name":"Salon f\u00fcr alle","description":"Ihr Gro\u00dfh\u00e4ndler f\u00fcr Praxis- und Salonausstattung und -bedarf","publisher":{"@id":"https:\/\/salonforall.nl\/#organization"},"alternateName":"salonforall.nl","potentialAction":[{"@type":"SearchAction","target":{"@type":"EntryPoint","urlTemplate":"https:\/\/salonforall.nl\/?s={search_term_string}"},"query-input":{"@type":"PropertyValueSpecification","valueRequired":true,"valueName":"search_term_string"}}],"inLanguage":"de"},{"@type":"Organization","@id":"https:\/\/salonforall.nl\/#organization","name":"Salon For All B.V.","alternateName":"Salonforall.nl","url":"https:\/\/salonforall.nl\/","logo":{"@type":"ImageObject","inLanguage":"de","@id":"https:\/\/salonforall.nl\/#\/schema\/logo\/image\/","url":"https:\/\/salonforall.nl\/wp-content\/uploads\/2025\/01\/logo-salon-for-all-groothandel-saloninrichting-e1736940477693.png","contentUrl":"https:\/\/salonforall.nl\/wp-content\/uploads\/2025\/01\/logo-salon-for-all-groothandel-saloninrichting-e1736940477693.png","width":500,"height":125,"caption":"Salon For All B.V."},"image":{"@id":"https:\/\/salonforall.nl\/#\/schema\/logo\/image\/"},"description":"Salon For All ist der Gro\u00dfh\u00e4ndler f\u00fcr Praxis- und Salonausstattung und -bedarf.","email":"info@salonforall.com","legalName":"Salon For All","numberOfEmployees":{"@type":"QuantitativeValue","minValue":"1","maxValue":"10"},"hasMerchantReturnPolicy":{"@type":"MerchantReturnPolicy","merchantReturnLink":"https:\/\/salonforall.nl\/de\/retourvoorwaarden\/"}}]},"product_brand":"GABBIANO","product_price_amount":"108.66","product_price_currency":"EUR","og_availability":"instock","product_availability":"instock","product_retailer_item_id":"125871","product_condition":"new"},"_links":{"self":[{"href":"https:\/\/salonforall.nl\/de\/wp-json\/wp\/v2\/product\/12613","targetHints":{"allow":["GET"]}}],"collection":[{"href":"https:\/\/salonforall.nl\/de\/wp-json\/wp\/v2\/product"}],"about":[{"href":"https:\/\/salonforall.nl\/de\/wp-json\/wp\/v2\/types\/product"}],"replies":[{"embeddable":true,"href":"https:\/\/salonforall.nl\/de\/wp-json\/wp\/v2\/comments?post=12613"}],"wp:featuredmedia":[{"embeddable":true,"href":"https:\/\/salonforall.nl\/de\/wp-json\/wp\/v2\/media\/13025"}],"wp:attachment":[{"href":"https:\/\/salonforall.nl\/de\/wp-json\/wp\/v2\/media?parent=12613"}],"wp:term":[{"taxonomy":"product_brand","embeddable":true,"href":"https:\/\/salonforall.nl\/de\/wp-json\/wp\/v2\/product_brand?post=12613"},{"taxonomy":"product_cat","embeddable":true,"href":"https:\/\/salonforall.nl\/de\/wp-json\/wp\/v2\/product_cat?post=12613"},{"taxonomy":"product_tag","embeddable":true,"href":"https:\/\/salonforall.nl\/de\/wp-json\/wp\/v2\/product_tag?post=12613"}],"curies":[{"name":"wp","href":"https:\/\/api.w.org\/{rel}","templated":true}]}}