{"id":16571,"date":"2025-10-20T11:05:12","date_gmt":"2025-10-20T11:05:12","guid":{"rendered":"https:\/\/salonforall.nl\/ondersteuning-voor-croissant-manicure\/"},"modified":"2026-04-05T22:44:19","modified_gmt":"2026-04-05T21:44:19","slug":"ondersteuning-voor-croissant-manicure","status":"publish","type":"product","link":"https:\/\/salonforall.nl\/de\/ondersteuning-voor-croissant-manicure\/","title":{"rendered":"Unterst\u00fctzung f\u00fcr die H\u00f6rnchenmanik\u00fcre"},"content":{"rendered":"<h2>Informationen \u00fcber den <strong>Ondersteuning voor croissant-manicure met artikelnummer <\/strong>152014<\/h2>\n<p>Momo is een fabrikant van uitstekende accessoires die handig zijn bij het uitvoeren van manicures, zoals stofvangers en praktische steunen. De producten zijn ideaal voor dagelijks gebruik. Een ruime keuze aan modellen en praktische oplossingen zal zelfs de meest veeleisende gebruikers tevreden stellen.<\/p>\n<p><img decoding=\"async\" src=\"https:\/\/activeshop.com.pl\/media\/wysiwyg\/product\/152014\/NL_152014_1.jpg\"><\/p>\n<h2>Ergonomie en comfort in een nagelsalon<\/h2>\n<p>De Momo Croissant manicuresteun is een elegant en functioneel element voor de nagelsalonuitrusting. De innovatieve &#8220;U&#8221;-vorm maakt het mogelijk om de UV-lamp direct onder de steun te plaatsen, wat zorgt voor ergonomisch werken en meer comfort tijdens het nagelstyling. Het geeft de hand van de klant ook meer bewegingsvrijheid, wat resulteert in precisie en comfort voor de stylist.<\/p>\n<p><img decoding=\"async\" src=\"https:\/\/activeshop.com.pl\/media\/wysiwyg\/product\/152014\/NL_152014_2.jpg\"><\/p>\n<h2>Stijlvolle en praktische oplossing<\/h2>\n<p>De juiste hoogte en hoek van de standaard zorgen voor een comfortabele houding voor zowel de klant als de stylist. De juiste houding van de stylist minimaliseert de belasting van de wervelkolom, vermindert effectief rugpijn en biedt de klant meer comfort en ontspanning. De speciaal ontworpen armleuning zorgt ervoor dat beide handen comfortabel tegelijk kunnen worden gepositioneerd, wat het werk van de stylist verbetert en het comfort tijdens de behandeling verhoogt.<\/p>\n<p><img decoding=\"async\" src=\"https:\/\/activeshop.com.pl\/media\/wysiwyg\/product\/152014\/NL_152014_3.jpg\"><\/p>\n<h2>Duurzaam en gemakkelijk schoon te maken<\/h2>\n<p>De Momo Croissant-standaard is gemaakt van hoogwaardige materialen, wat zorgt voor duurzaamheid en eenvoudig schoon te houden is. Het zachte kussen bekleed met synthetisch leer garandeert optimaal comfort tijdens de behandeling en het stevige kunststof frame verhoogt de duurzaamheid van de constructie. Bovendien voorkomen siliconen elementen op de poten dat de standaard verschuift en beschermen ze de bovenkant tegen krassen, waardoor de stabiliteit wordt gegarandeerd.<\/p>\n<p>Gebruik geen producten op basis van aceton om de standaard schoon te maken.<\/p>\n<p>Daten:<br \/>Farbe: Wei\u00dfschattierungen<br \/>Polstermaterial: Kunstleder<br \/>Basis: kunststof<\/p>\n<p>Activeshop producten zijn in verhouding goedkoper dan vele andere merken\/ aanbieders. De prijs staat in verhouding met de kwaliteit. De Ondersteuning voor croissant-manicure is hierdoor een laagdrempelige oplossing voor jouw salon.<\/p>\n<h2>Hoe wordt de Ondersteuning voor croissant-manicure geleverd?<\/h2>\n<p>Die <strong>Unterst\u00fctzung f\u00fcr die H\u00f6rnchenmanik\u00fcre <\/strong>wordt geleverd in originele verpakking(en). Binnen Nederland en Belgi\u00eb is de verzending van de Ondersteuning voor croissant-manicure geheel gratis bij een bestelling v.a. 100,- euro. Bij verzendingen naar andere landen gelden aparte verzendtarieven. Je kunt deze tarieven bij ons opvragen of terugvinden in de winkelwagen. De Ondersteuning voor croissant-manicure wordt verzonden via een externe koerier.<\/p>\n<p>Wir liefern Pakete oder Paletten standardm\u00e4\u00dfig bis zur Schwelle der Haust\u00fcr, auch wenn Sie sich in einem Kollektivhaus, einem Mehrfamilienhaus oder einem Wohnkomplex mit Aufzug befinden (sofern der Artikel in den Aufzug passt). Gibt es keinen Aufzug oder passt der Artikel nicht in den Aufzug? Dann liefern wir bis zur Schwelle des Erdgeschosses.<\/p>\n<p>Haben Sie noch Fragen zur Lieferung oder einer besonderen Situation? Kontaktieren Sie uns und wir helfen Ihnen gerne weiter!<\/p>\n<p><em>*Die Artikel werden standardm\u00e4\u00dfig nicht ausgepackt oder zusammengestellt. In besonderen Situationen kontaktieren Sie uns bitte, um Vereinbarungen zu treffen.<\/em><\/p>\n<h2>Sichere Online-Bestellung bei Salon For All mit dem G\u00fctesiegel Webwinkelkeur und SSL-Sicherheit<\/h2>\n<p>We vinden het belangrijk dat onze klanten veilig online bij ons kunnen shoppen. We zijn sinds 2019 aangesloten bij het landelijke Webwinkelkeur keurmerk. Onze identiteit is door hen gecontroleerd, geverifieerd en de webshop is juridisch gecontroleerd en goedgekeurd. Daarnaast is onze webwinkel is bij hen aangesloten voor geschillen bemiddeling. Je ziet de badge met alle informatie van dit webwinkel keurmerk aan de linker- of rechterkant van de webshop staan (roze met witte button). Ook is onze site beveiligd met een SSL-certificaat waardoor je bij ons veilig kunt browsen. In de balk van je internetbrowser, waar onze website in vermeld is, zie je een slotje staan. Als je op het slotje klikt, krijg je alle informatie over onze beveiliging. Hierdoor weet je dat je bestelling van de Ondersteuning voor croissant-manicure en persoonsgegevens veilig verwerkt worden.<\/p>\n<h2>Hoe kan ik de Ondersteuning voor croissant-manicure afrekenen?<\/h2>\n<p>Wir m\u00f6chten es Ihnen so einfach wie m\u00f6glich machen. Deshalb k\u00f6nnen Sie bei Salon For All mit allen bekannten und g\u00e4ngigen Zahlungsmitteln bezahlen. Bezahlen Sie im Voraus, bei Lieferung oder im Nachhinein; alles ist m\u00f6glich. Sehen Sie hier, welche Zahlungsarten wir anbieten<br \/>\nAngebot:<\/p>\n<ul>\n<li>Ideal<\/li>\n<li>Klarna - Nachzahlung auf Rechnung<\/li>\n<li>Bancontact (Nur f\u00fcr belgische Kunden)<\/li>\n<li>Payin3 - Zahlung in 3 Raten mit 0% Zinsen (nur f\u00fcr niederl\u00e4ndische Kunden)<\/li>\n<li>Paypal<\/li>\n<li>Kreditkarte<\/li>\n<li>Apple Pay<\/li>\n<li>Gesch\u00e4ftsrechnung f\u00fcr Unternehmen<\/li>\n<li>Bezahlen im Ausstellungsraum - sowohl mit Pin als auch in bar (nur bei Abholung m\u00f6glich)<\/li>\n<\/ul>\n<h2>Sehen Sie sich auch die Bewertungen von Salon For ALL an<\/h2>\n<p>Bekijk ook onze reviews om ervaringen van onze huidige klanten me te nemen in je besluit om de Ondersteuning voor croissant-manicure bij ons te bestellen. Via ons onafhankelijke webwinkel keurmerk van Webwinkelkeur worden automatisch geverifieerde reviews verzameld van klanten die bij ons een bestelling hebben voldaan. Deze vind je terug achter de roze button op onze webwinkel of staan vermeld onder de producten.<\/p>\n<p>Deel na je aankoop ook jouw ervaring met je bestelde Ondersteuning voor croissant-manicure en ervaring met het aankoopproces of contact met Salon For All om anderen te inspireren!<\/p>\n<h2>Kontakt Salon f\u00fcr alle<\/h2>\n<p>Neem dan contact met ons op. Wij helpen je graag verder bij de aanschaf van de Ondersteuning voor croissant-manicure. Op werkdagen zijn we het beste bereikbaar tussen 8.30 uur en 17.00 uur via het telefoonnummer en e-mailadres bovenaan de webshop of via de chatfunctie. Vragen buiten kantooruren worden meestal binnen 24uur beantwoord. Het is ook mogelijk om buitenwerkdagen of kantooruren bij ons langs te komen. Maar hiervoor van tevoren een afspraak.<\/p>\n<h2>M\u00f6chten Sie in unserem Ausstellungsraum vorbeischauen?<\/h2>\n<p>Vind je het prettiger om de Ondersteuning voor croissant-manicure te bekijken of samen met onze collega door ons aanbod van de (web)shop heen te lopen? Kom dan langs in onze showroom met meer dan 1000m2 aan saloninrichting en laat je inspireren door onze medewerkers. Ook als je ervan houdt om gezellig kennis te maken onder het genot van een goede kop koffie of thee dan ben je hier van harte welkom. We hebben niet alle producten staan dus laat ons van tevoren even weten dat je wilt komen. Maak altijd van te voren een afspraak.<\/p>\n<h2>14-t\u00e4gige Bedenkzeit und unser R\u00fcckgaberecht<\/h2>\n<p>Het kan natuurlijk voorkomen dat de geleverde Ondersteuning voor croissant-manicure niet helemaal naar wens is en je het wilt terugsturen. Dat is bij Salon For All geen enkel probleem. Je dient binnen 14 werkdagen je retourzending bij ons aan te melden via <a href=\"mailto:info@salonforall.nl\">info@salonforall.nl<\/a> . Je ontvangt dan eerst van alle retourinstructies en voorwaarden. Let op de Ondersteuning voor croissant-manicure mag niet gebruikt zijn, moet alle meegeleverde onderdelen bevatten en verpakt in originele verpakking geretourneerd worden. De kosten voor de zending van een retour zijn bij aankopen via www.salonforall.nl altijd voor de koper. Je dient voor een retour zelf een transport te regelen bij een transporteur naar keuze. Zodra de Ondersteuning voor croissant-manicure retour is gekomen wordt het gecontroleerd op volledigheid en schade. Zodra de retour akkoord is bevonden wordt het aankoopbedrag binnen 5 werkdagen teruggestort op het bij ons bekende rekeningnummer.<\/p>\n<h2>Wer ist Salon For All?<\/h2>\n<p>Salon For all ist der Gro\u00dfh\u00e4ndler f\u00fcr jegliche Salonausr\u00fcstung in Europa. Salon For all wurde 2003 unter dem Namen Salonvoordeel gegr\u00fcndet und ist aus der Praxis heraus entstanden. Die Inhaber von Salon For All sind erfahrene Friseure und Kosmetiker und verf\u00fcgen zusammen \u00fcber mehr als 30 Jahre Praxiserfahrung. Im Jahr 2003 starteten wir mit Salonvoordeel.nl (Niederlande) und sp\u00e4ter wurde Salon For All f\u00fcr den europ\u00e4ischen Markt gegr\u00fcndet. Einige unserer Mitarbeiter machten sich selbst\u00e4ndig, und so entstand die Idee, einen funktionalen Webshop f\u00fcr Friseure zu gr\u00fcnden und ihnen bei der Einrichtung ihrer Salons zu helfen. Mit unserer jahrelangen Erfahrung in der Branche k\u00f6nnen wir Ihnen einen Spiegel vorhalten und Sie richtig beraten. Wir sprechen dieselbe Sprache! Wir beraten, inspirieren, motivieren und helfen Ihnen beim Kauf eines <em>Unterst\u00fctzung f\u00fcr die H\u00f6rnchenmanik\u00fcre<\/em>. Unsere Lieferanten befinden sich in ganz Europa, von Deutschland, England, Italien bis Polen.<\/p>","protected":false},"excerpt":{"rendered":"<p>De Ondersteuning voor croissant-manicure van het merk ACTIVESHOP is een betaalbare oplossing voor iedere salon. De levertijd is ongeveer 6 werkdagen.<\/p>","protected":false},"featured_media":16572,"comment_status":"closed","ping_status":"open","template":"","meta":[],"product_brand":[2355],"product_cat":[22],"product_tag":[],"class_list":{"0":"post-16571","1":"product","2":"type-product","3":"status-publish","4":"has-post-thumbnail","6":"product_brand-activeshop","7":"product_cat-accessories","8":"pa_artikelnummer-2522","9":"pa_kwaliteit-middensegment","10":"pa_merk-activeshop","12":"first","13":"instock","14":"sale","15":"taxable","16":"shipping-taxable","17":"purchasable","18":"product-type-simple"},"yoast_head":"<!-- This site is optimized with the Yoast SEO Premium plugin v27.3 (Yoast SEO v27.3) - https:\/\/yoast.com\/product\/yoast-seo-premium-wordpress\/ -->\n<title>Ondersteuning voor croissant-manicure<\/title>\n<meta name=\"description\" content=\"Ondersteuning voor croissant-manicure koop je online of in de showroom bij Salon For All B.V. NL &amp; BE . De groothandel voor salons, praktijken en spa&#039;s in NL en BE.\" \/>\n<meta name=\"robots\" content=\"index, follow, max-snippet:-1, max-image-preview:large, max-video-preview:-1\" \/>\n<link rel=\"canonical\" href=\"https:\/\/salonforall.nl\/de\/ondersteuning-voor-croissant-manicure\/\" \/>\n<meta property=\"og:locale\" content=\"de_DE\" \/>\n<meta property=\"og:type\" content=\"article\" \/>\n<meta property=\"og:title\" content=\"Ondersteuning voor croissant-manicure\" \/>\n<meta property=\"og:description\" content=\"Ondersteuning voor croissant-manicure koop je online of in de showroom bij Salon For All B.V. NL &amp; BE . De groothandel voor salons, praktijken en spa&#039;s in NL en BE.\" \/>\n<meta property=\"og:url\" content=\"https:\/\/salonforall.nl\/de\/ondersteuning-voor-croissant-manicure\/\" \/>\n<meta property=\"og:site_name\" content=\"Salon For All B.V. NL &amp; BE\" \/>\n<meta property=\"article:modified_time\" content=\"2026-04-05T21:44:19+00:00\" \/>\n<meta property=\"og:image\" content=\"https:\/\/salonforall.nl\/wp-content\/uploads\/2025\/10\/ondersteuning-voor-croissant-manicure-1.jpg\" \/>\n\t<meta property=\"og:image:width\" content=\"1200\" \/>\n\t<meta property=\"og:image:height\" content=\"1200\" \/>\n\t<meta property=\"og:image:type\" content=\"image\/jpeg\" \/>\n<meta name=\"twitter:card\" content=\"summary_large_image\" \/>\n<meta name=\"twitter:title\" content=\"Ondersteuning voor croissant-manicure\" \/>\n<meta name=\"twitter:label1\" content=\"Preis\" \/>\n\t<meta name=\"twitter:data1\" content=\"&nbsp;31,30 excl. btw\" \/>\n\t<meta name=\"twitter:label2\" content=\"Verf\u00fcgbarkeit\" \/>\n\t<meta name=\"twitter:data2\" content=\"Auf Lager\" \/>\n<script type=\"application\/ld+json\" class=\"yoast-schema-graph\">{\"@context\":\"https:\\\/\\\/schema.org\",\"@graph\":[{\"@type\":\"WebPage\",\"@id\":\"https:\\\/\\\/salonforall.nl\\\/ondersteuning-voor-croissant-manicure\\\/\",\"url\":\"https:\\\/\\\/salonforall.nl\\\/ondersteuning-voor-croissant-manicure\\\/\",\"name\":\"Ondersteuning voor croissant-manicure\",\"isPartOf\":{\"@id\":\"https:\\\/\\\/salonforall.nl\\\/#website\"},\"primaryImageOfPage\":{\"@id\":\"https:\\\/\\\/salonforall.nl\\\/ondersteuning-voor-croissant-manicure\\\/#primaryimage\"},\"image\":{\"@id\":\"https:\\\/\\\/salonforall.nl\\\/ondersteuning-voor-croissant-manicure\\\/#primaryimage\"},\"thumbnailUrl\":\"https:\\\/\\\/salonforall.nl\\\/wp-content\\\/uploads\\\/2025\\\/10\\\/ondersteuning-voor-croissant-manicure-1.jpg\",\"datePublished\":\"2025-10-20T11:05:12+00:00\",\"dateModified\":\"2026-04-05T21:44:19+00:00\",\"description\":\"Ondersteuning voor croissant-manicure koop je online of in de showroom bij Salon For All B.V. NL &amp; BE . De groothandel voor salons, praktijken en spa's in NL en BE.\",\"breadcrumb\":{\"@id\":\"https:\\\/\\\/salonforall.nl\\\/ondersteuning-voor-croissant-manicure\\\/#breadcrumb\"},\"inLanguage\":\"de\",\"potentialAction\":[{\"@type\":\"ReadAction\",\"target\":[\"https:\\\/\\\/salonforall.nl\\\/ondersteuning-voor-croissant-manicure\\\/\"]}]},{\"@type\":\"ImageObject\",\"inLanguage\":\"de\",\"@id\":\"https:\\\/\\\/salonforall.nl\\\/ondersteuning-voor-croissant-manicure\\\/#primaryimage\",\"url\":\"https:\\\/\\\/salonforall.nl\\\/wp-content\\\/uploads\\\/2025\\\/10\\\/ondersteuning-voor-croissant-manicure-1.jpg\",\"contentUrl\":\"https:\\\/\\\/salonforall.nl\\\/wp-content\\\/uploads\\\/2025\\\/10\\\/ondersteuning-voor-croissant-manicure-1.jpg\",\"width\":1200,\"height\":1200,\"caption\":\"Ondersteuning voor croissant-manicure 1\"},{\"@type\":\"BreadcrumbList\",\"@id\":\"https:\\\/\\\/salonforall.nl\\\/ondersteuning-voor-croissant-manicure\\\/#breadcrumb\",\"itemListElement\":[{\"@type\":\"ListItem\",\"position\":1,\"name\":\"Home\",\"item\":\"https:\\\/\\\/salonforall.nl\\\/\"},{\"@type\":\"ListItem\",\"position\":2,\"name\":\"Winkel\",\"item\":\"https:\\\/\\\/salonforall.nl\\\/winkel\\\/\"},{\"@type\":\"ListItem\",\"position\":3,\"name\":\"Ondersteuning voor croissant-manicure\"}]},{\"@type\":\"WebSite\",\"@id\":\"https:\\\/\\\/salonforall.nl\\\/#website\",\"url\":\"https:\\\/\\\/salonforall.nl\\\/\",\"name\":\"Salon For All\",\"description\":\"Jouw groothandel voor praktijk- &amp; saloninrichting en benodigdheden\",\"publisher\":{\"@id\":\"https:\\\/\\\/salonforall.nl\\\/#organization\"},\"alternateName\":\"salonforall.nl\",\"potentialAction\":[{\"@type\":\"SearchAction\",\"target\":{\"@type\":\"EntryPoint\",\"urlTemplate\":\"https:\\\/\\\/salonforall.nl\\\/?s={search_term_string}\"},\"query-input\":{\"@type\":\"PropertyValueSpecification\",\"valueRequired\":true,\"valueName\":\"search_term_string\"}}],\"inLanguage\":\"de\"},{\"@type\":\"Organization\",\"@id\":\"https:\\\/\\\/salonforall.nl\\\/#organization\",\"name\":\"Salon For All B.V.\",\"alternateName\":\"Salonforall.nl\",\"url\":\"https:\\\/\\\/salonforall.nl\\\/\",\"logo\":{\"@type\":\"ImageObject\",\"inLanguage\":\"de\",\"@id\":\"https:\\\/\\\/salonforall.nl\\\/#\\\/schema\\\/logo\\\/image\\\/\",\"url\":\"https:\\\/\\\/salonforall.nl\\\/wp-content\\\/uploads\\\/2025\\\/01\\\/logo-salon-for-all-groothandel-saloninrichting-e1736940477693.png\",\"contentUrl\":\"https:\\\/\\\/salonforall.nl\\\/wp-content\\\/uploads\\\/2025\\\/01\\\/logo-salon-for-all-groothandel-saloninrichting-e1736940477693.png\",\"width\":500,\"height\":125,\"caption\":\"Salon For All B.V.\"},\"image\":{\"@id\":\"https:\\\/\\\/salonforall.nl\\\/#\\\/schema\\\/logo\\\/image\\\/\"},\"description\":\"Salon For All is de groothandel voor praktijk- en saloninrichting en benodigdheden.\",\"email\":\"info@salonforall.com\",\"legalName\":\"Salon For All\",\"numberOfEmployees\":{\"@type\":\"QuantitativeValue\",\"minValue\":\"1\",\"maxValue\":\"10\"},\"hasMerchantReturnPolicy\":{\"@type\":\"MerchantReturnPolicy\",\"merchantReturnLink\":\"https:\\\/\\\/salonforall.nl\\\/de\\\/retourvoorwaarden\\\/\"}}]}<\/script>\n<meta property=\"product:brand\" content=\"ACTIVESHOP\" \/>\n<meta property=\"product:price:amount\" content=\"31.30\" \/>\n<meta property=\"product:price:currency\" content=\"EUR\" \/>\n<meta property=\"og:availability\" content=\"instock\" \/>\n<meta property=\"product:availability\" content=\"instock\" \/>\n<meta property=\"product:retailer_item_id\" content=\"152014\" \/>\n<meta property=\"product:condition\" content=\"new\" \/>\n<!-- \/ Yoast SEO Premium plugin. -->","yoast_head_json":{"title":"Unterst\u00fctzung f\u00fcr die H\u00f6rnchenmanik\u00fcre","description":"Ondersteuning voor croissant-manicure koop je online of in de showroom bij Salon For All B.V. NL &amp; BE . De groothandel voor salons, praktijken en spa's in NL en BE.","robots":{"index":"index","follow":"follow","max-snippet":"max-snippet:-1","max-image-preview":"max-image-preview:large","max-video-preview":"max-video-preview:-1"},"canonical":"https:\/\/salonforall.nl\/de\/ondersteuning-voor-croissant-manicure\/","og_locale":"de_DE","og_type":"article","og_title":"Ondersteuning voor croissant-manicure","og_description":"Ondersteuning voor croissant-manicure koop je online of in de showroom bij Salon For All B.V. NL &amp; BE . De groothandel voor salons, praktijken en spa's in NL en BE.","og_url":"https:\/\/salonforall.nl\/de\/ondersteuning-voor-croissant-manicure\/","og_site_name":"Salon For All B.V. NL &amp; BE","article_modified_time":"2026-04-05T21:44:19+00:00","og_image":[{"width":1200,"height":1200,"url":"https:\/\/salonforall.nl\/wp-content\/uploads\/2025\/10\/ondersteuning-voor-croissant-manicure-1.jpg","type":"image\/jpeg"}],"twitter_card":"summary_large_image","twitter_title":"Ondersteuning voor croissant-manicure","twitter_misc":{"Preis":"&nbsp;31,30 excl. btw","Verf\u00fcgbarkeit":"Auf Lager"},"schema":{"@context":"https:\/\/schema.org","@graph":[{"@type":"WebPage","@id":"https:\/\/salonforall.nl\/ondersteuning-voor-croissant-manicure\/","url":"https:\/\/salonforall.nl\/ondersteuning-voor-croissant-manicure\/","name":"Unterst\u00fctzung f\u00fcr die H\u00f6rnchenmanik\u00fcre","isPartOf":{"@id":"https:\/\/salonforall.nl\/#website"},"primaryImageOfPage":{"@id":"https:\/\/salonforall.nl\/ondersteuning-voor-croissant-manicure\/#primaryimage"},"image":{"@id":"https:\/\/salonforall.nl\/ondersteuning-voor-croissant-manicure\/#primaryimage"},"thumbnailUrl":"https:\/\/salonforall.nl\/wp-content\/uploads\/2025\/10\/ondersteuning-voor-croissant-manicure-1.jpg","datePublished":"2025-10-20T11:05:12+00:00","dateModified":"2026-04-05T21:44:19+00:00","description":"Ondersteuning voor croissant-manicure koop je online of in de showroom bij Salon For All B.V. NL &amp; BE . De groothandel voor salons, praktijken en spa's in NL en BE.","breadcrumb":{"@id":"https:\/\/salonforall.nl\/ondersteuning-voor-croissant-manicure\/#breadcrumb"},"inLanguage":"de","potentialAction":[{"@type":"ReadAction","target":["https:\/\/salonforall.nl\/ondersteuning-voor-croissant-manicure\/"]}]},{"@type":"ImageObject","inLanguage":"de","@id":"https:\/\/salonforall.nl\/ondersteuning-voor-croissant-manicure\/#primaryimage","url":"https:\/\/salonforall.nl\/wp-content\/uploads\/2025\/10\/ondersteuning-voor-croissant-manicure-1.jpg","contentUrl":"https:\/\/salonforall.nl\/wp-content\/uploads\/2025\/10\/ondersteuning-voor-croissant-manicure-1.jpg","width":1200,"height":1200,"caption":"Ondersteuning voor croissant-manicure 1"},{"@type":"BreadcrumbList","@id":"https:\/\/salonforall.nl\/ondersteuning-voor-croissant-manicure\/#breadcrumb","itemListElement":[{"@type":"ListItem","position":1,"name":"Home","item":"https:\/\/salonforall.nl\/"},{"@type":"ListItem","position":2,"name":"Winkel","item":"https:\/\/salonforall.nl\/winkel\/"},{"@type":"ListItem","position":3,"name":"Ondersteuning voor croissant-manicure"}]},{"@type":"WebSite","@id":"https:\/\/salonforall.nl\/#website","url":"https:\/\/salonforall.nl\/","name":"Salon f\u00fcr alle","description":"Ihr Gro\u00dfh\u00e4ndler f\u00fcr Praxis- und Salonausstattung und -bedarf","publisher":{"@id":"https:\/\/salonforall.nl\/#organization"},"alternateName":"salonforall.nl","potentialAction":[{"@type":"SearchAction","target":{"@type":"EntryPoint","urlTemplate":"https:\/\/salonforall.nl\/?s={search_term_string}"},"query-input":{"@type":"PropertyValueSpecification","valueRequired":true,"valueName":"search_term_string"}}],"inLanguage":"de"},{"@type":"Organization","@id":"https:\/\/salonforall.nl\/#organization","name":"Salon For All B.V.","alternateName":"Salonforall.nl","url":"https:\/\/salonforall.nl\/","logo":{"@type":"ImageObject","inLanguage":"de","@id":"https:\/\/salonforall.nl\/#\/schema\/logo\/image\/","url":"https:\/\/salonforall.nl\/wp-content\/uploads\/2025\/01\/logo-salon-for-all-groothandel-saloninrichting-e1736940477693.png","contentUrl":"https:\/\/salonforall.nl\/wp-content\/uploads\/2025\/01\/logo-salon-for-all-groothandel-saloninrichting-e1736940477693.png","width":500,"height":125,"caption":"Salon For All B.V."},"image":{"@id":"https:\/\/salonforall.nl\/#\/schema\/logo\/image\/"},"description":"Salon For All ist der Gro\u00dfh\u00e4ndler f\u00fcr Praxis- und Salonausstattung und -bedarf.","email":"info@salonforall.com","legalName":"Salon For All","numberOfEmployees":{"@type":"QuantitativeValue","minValue":"1","maxValue":"10"},"hasMerchantReturnPolicy":{"@type":"MerchantReturnPolicy","merchantReturnLink":"https:\/\/salonforall.nl\/de\/retourvoorwaarden\/"}}]},"product_brand":"ACTIVESHOP","product_price_amount":"31.30","product_price_currency":"EUR","og_availability":"instock","product_availability":"instock","product_retailer_item_id":"152014","product_condition":"new"},"_links":{"self":[{"href":"https:\/\/salonforall.nl\/de\/wp-json\/wp\/v2\/product\/16571","targetHints":{"allow":["GET"]}}],"collection":[{"href":"https:\/\/salonforall.nl\/de\/wp-json\/wp\/v2\/product"}],"about":[{"href":"https:\/\/salonforall.nl\/de\/wp-json\/wp\/v2\/types\/product"}],"replies":[{"embeddable":true,"href":"https:\/\/salonforall.nl\/de\/wp-json\/wp\/v2\/comments?post=16571"}],"wp:featuredmedia":[{"embeddable":true,"href":"https:\/\/salonforall.nl\/de\/wp-json\/wp\/v2\/media\/16572"}],"wp:attachment":[{"href":"https:\/\/salonforall.nl\/de\/wp-json\/wp\/v2\/media?parent=16571"}],"wp:term":[{"taxonomy":"product_brand","embeddable":true,"href":"https:\/\/salonforall.nl\/de\/wp-json\/wp\/v2\/product_brand?post=16571"},{"taxonomy":"product_cat","embeddable":true,"href":"https:\/\/salonforall.nl\/de\/wp-json\/wp\/v2\/product_cat?post=16571"},{"taxonomy":"product_tag","embeddable":true,"href":"https:\/\/salonforall.nl\/de\/wp-json\/wp\/v2\/product_tag?post=16571"}],"curies":[{"name":"wp","href":"https:\/\/api.w.org\/{rel}","templated":true}]}}