{"id":16578,"date":"2025-10-20T11:05:36","date_gmt":"2025-10-20T11:05:36","guid":{"rendered":"https:\/\/salonforall.nl\/hogetemperatuursterilisator-sm-360a\/"},"modified":"2026-04-03T21:13:45","modified_gmt":"2026-04-03T20:13:45","slug":"hochtemperatur-sterilisator-sm-360a","status":"publish","type":"product","link":"https:\/\/salonforall.nl\/de\/hogetemperatuursterilisator-sm-360a\/","title":{"rendered":"Hochtemperatur-Sterilisator SM-360A"},"content":{"rendered":"<h2>Informationen \u00fcber den <strong>Hochtemperatur-Sterilisator SM-360A mit Artikel-Nummer <\/strong>152202<\/h2>\n<p><img decoding=\"async\" src=\"https:\/\/activeshop.com.pl\/media\/wysiwyg\/product\/152202\/EN_152202_1.jpg\"><\/p>\n<p>Die Marke ACTIVESHOP bietet seit Jahren eine breite Palette von Produkten an, die sich f\u00fcr den professionellen Einsatz in vielen Bereichen bew\u00e4hrt haben. Im Angebot finden Sie Artikel aus verschiedenen Kategorien, vom kleinen unentbehrlichen Zubeh\u00f6r bis zur Spezialausr\u00fcstung.<\/p>\n<p><img decoding=\"async\" src=\"https:\/\/activeshop.com.pl\/media\/wysiwyg\/product\/152202\/EN_152202_2.jpg\"><\/p>\n<h2>Effektive Hygiene und Komfort<\/h2>\n<p>Der Hochtemperatur-Sterilisator SM-360A ist f\u00fcr die Desinfektion von Instrumenten aus Metall, Kunststoff und Verbundwerkstoffen wie Scheren, K\u00e4mmen und Pinzetten konzipiert. Dank der Hochtemperatur-Luftdesinfektion werden Bakterien wirksam abget\u00f6tet und die Instrumente werden nicht mechanisch besch\u00e4digt. Das Ger\u00e4t ist mit einem Temperatur- und Zeitregler ausgestattet, der eine einfache Einstellung der Parameter je nach den Erfordernissen der durchgef\u00fchrten Behandlungen erm\u00f6glicht.<\/p>\n<p><img decoding=\"async\" src=\"https:\/\/activeshop.com.pl\/media\/wysiwyg\/product\/152202\/NL_152202_3.jpg\"><\/p>\n<h2>Temperatur- und Zeitsteuerung<\/h2>\n<p>Mit den Drehkn\u00f6pfen kann man die Temperatur von 50 bis 220 \u00b0C und die Betriebszeit von 10 bis 60 Minuten genau einstellen. Ein akustisches Signal zeigt das Ende des Desinfektionsvorgangs an. Das Ger\u00e4t kann an unterschiedliche Desinfektionsbed\u00fcrfnisse angepasst werden und erlaubt eine flexible Wahl der Parameter je nach Art des Instruments und des Verschmutzungsgrads.<\/p>\n<p><img decoding=\"async\" src=\"https:\/\/activeshop.com.pl\/media\/wysiwyg\/product\/152202\/NL_152202_4.jpg\"><\/p>\n<h2>Robuste und kompakte Bauweise<\/h2>\n<p>Das mattschwarze Geh\u00e4use gew\u00e4hrleistet die Robustheit und Langlebigkeit des Ger\u00e4ts. Das kompakte Design macht das Ger\u00e4t einfach zu lagern und zu transportieren. Dank seines geringen Gewichts ist der Sterilisator bequem zu bedienen und nimmt am Arbeitsplatz nicht viel Platz weg. Das innovative Design und die fortschrittliche Technologie gew\u00e4hrleisten eine wirksame Desinfektion der Instrumente und minimieren das Risiko der \u00dcbertragung von Bakterien und Viren in der Praxis.<\/p>\n<p>Daten:<br \/>Fassungsverm\u00f6gen: 2,6 l<br \/>Betriebstemperatur: 50-220 \u00b0C<br \/>Betriebsdauer: 10-60 Minuten<br \/>Leistungsaufnahme: 300 W<br \/>Spannung: 220-240 V<br \/>Gewicht: 3,1 kg<br \/>Abmessungen: 27 x 24,5 x 17,2 cm<\/p>\n<p>Activeshop-Produkte sind vergleichsweise g\u00fcnstiger als viele andere Marken\/Anbieter. Der Preis ist proportional zur Qualit\u00e4t. Das macht den Hochtemperatur-Sterilisator SM-360A zu einer niedrigschwelligen L\u00f6sung f\u00fcr Ihren Salon.<\/p>\n<h2>Wie wird der Hochtemperatur-Sterilisator SM-360A geliefert?<\/h2>\n<p>Die <strong>Hochtemperatur-Sterilisator SM-360A <\/strong>wird in der\/den Originalverpackung(en) geliefert. Innerhalb der Niederlande und Belgiens ist der Versand des Hochtemperatur-Sterilisators SM-360A ab einem Bestellwert von 100 \u20ac v\u00f6llig kostenlos. F\u00fcr Sendungen in andere L\u00e4nder gelten gesonderte Versandtarife. Sie k\u00f6nnen diese Tarife bei uns erfragen oder sie im Warenkorb finden. Der Hochtemperatur-Sterilisator SM-360A wird \u00fcber einen externen Kurier versandt.<\/p>\n<p>Wir liefern Pakete oder Paletten standardm\u00e4\u00dfig bis zur Schwelle der Haust\u00fcr, auch wenn Sie sich in einem Kollektivhaus, einem Mehrfamilienhaus oder einem Wohnkomplex mit Aufzug befinden (sofern der Artikel in den Aufzug passt). Gibt es keinen Aufzug oder passt der Artikel nicht in den Aufzug? Dann liefern wir bis zur Schwelle des Erdgeschosses.<\/p>\n<p>Haben Sie noch Fragen zur Lieferung oder einer besonderen Situation? Kontaktieren Sie uns und wir helfen Ihnen gerne weiter!<\/p>\n<p><em>*Die Artikel werden standardm\u00e4\u00dfig nicht ausgepackt oder zusammengestellt. In besonderen Situationen kontaktieren Sie uns bitte, um Vereinbarungen zu treffen.<\/em><\/p>\n<h2>Sichere Online-Bestellung bei Salon For All mit dem G\u00fctesiegel Webwinkelkeur und SSL-Sicherheit<\/h2>\n<p>Es ist uns wichtig, dass unsere Kunden bei uns sicher online einkaufen k\u00f6nnen. Seit 2019 sind wir Mitglied des nationalen G\u00fctezeichens Webwinkelkeur. Unsere Identit\u00e4t wurde von ihnen \u00fcberpr\u00fcft, verifiziert und der Webshop wurde rechtlich gepr\u00fcft und genehmigt. Au\u00dferdem ist unser Webshop bei ihnen zur Streitschlichtung angeschlossen. Sie sehen die Plakette mit allen Informationen dieses Webwinkelkeurmerkmals auf der linken oder rechten Seite des Webshops (rosa mit wei\u00dfem Button). Unsere Website ist au\u00dferdem mit einem SSL-Zertifikat gesichert, so dass Sie sicher surfen k\u00f6nnen. In der Leiste Ihres Internetbrowsers, in der unsere Website aufgef\u00fchrt ist, sehen Sie ein Schloss. Wenn Sie auf das Vorh\u00e4ngeschloss klicken, erhalten Sie alle Informationen \u00fcber unsere Sicherheit. Damit wissen Sie, dass Ihre Bestellung des Hochtemperatur-Sterilisators SM-360A und Ihre pers\u00f6nlichen Daten sicher verarbeitet werden.<\/p>\n<h2>Wie kann ich den Hochtemperatur-Sterilisator SM-360A auschecken?<\/h2>\n<p>Wir m\u00f6chten es Ihnen so einfach wie m\u00f6glich machen. Deshalb k\u00f6nnen Sie bei Salon For All mit allen bekannten und g\u00e4ngigen Zahlungsmitteln bezahlen. Bezahlen Sie im Voraus, bei Lieferung oder im Nachhinein; alles ist m\u00f6glich. Sehen Sie hier, welche Zahlungsarten wir anbieten<br \/>\nAngebot:<\/p>\n<ul>\n<li>Ideal<\/li>\n<li>Klarna - Nachzahlung auf Rechnung<\/li>\n<li>Bancontact (Nur f\u00fcr belgische Kunden)<\/li>\n<li>Payin3 - Zahlung in 3 Raten mit 0% Zinsen (nur f\u00fcr niederl\u00e4ndische Kunden)<\/li>\n<li>Paypal<\/li>\n<li>Kreditkarte<\/li>\n<li>Apple Pay<\/li>\n<li>Gesch\u00e4ftsrechnung f\u00fcr Unternehmen<\/li>\n<li>Bezahlen im Ausstellungsraum - sowohl mit Pin als auch in bar (nur bei Abholung m\u00f6glich)<\/li>\n<\/ul>\n<h2>Sehen Sie sich auch die Bewertungen von Salon For ALL an<\/h2>\n<p>Sehen Sie sich auch unsere Bewertungen an, um die Erfahrungen unserer bisherigen Kunden in Ihre Entscheidung einzubeziehen, den Hochtemperatur-Sterilisator SM-360A bei uns zu bestellen. \u00dcber unser unabh\u00e4ngiges Label Webwinkelkeur sammeln wir automatisch verifizierte Bewertungen von Kunden, die bei uns bestellt haben. Diese finden Sie hinter dem rosa Button in unserem Webshop oder sind unter den Produkten aufgef\u00fchrt.<\/p>\n<p>Teilen Sie nach Ihrem Kauf auch Ihre Erfahrungen mit Ihrem bestellten Hochtemperatur-Sterilisator SM-360A und Ihre Erfahrungen mit dem Kaufprozess oder kontaktieren Sie Salon For All, um andere zu inspirieren!<\/p>\n<h2>Kontakt Salon f\u00fcr alle<\/h2>\n<p>Dann kontaktieren Sie uns. Wir helfen Ihnen gerne beim Kauf des Hochtemperatur-Sterilisators SM-360A. An Werktagen erreichen Sie uns am besten zwischen 8.30 und 17.00 Uhr \u00fcber die Telefonnummer und E-Mail-Adresse oben im Webshop oder \u00fcber die Chat-Funktion. Fragen au\u00dferhalb der B\u00fcrozeiten werden in der Regel innerhalb von 24 Stunden beantwortet. Es ist auch m\u00f6glich, uns au\u00dferhalb der Arbeitstage oder B\u00fcrozeiten zu besuchen. Bitte vereinbaren Sie jedoch im Voraus einen Termin.<\/p>\n<h2>M\u00f6chten Sie in unserem Ausstellungsraum vorbeischauen?<\/h2>\n<p>M\u00f6chten Sie sich lieber den Hochtemperatur-Sterilisator SM-360A ansehen oder mit unserem Mitarbeiter durch unser (Web-)Shop-Angebot gehen? Dann besuchen Sie unseren Ausstellungsraum mit mehr als 1000m2 Salonausstattung und lassen Sie sich von unseren Mitarbeitern inspirieren. Auch wenn Sie sich gerne bei einer guten Tasse Kaffee oder Tee unterhalten, sind Sie hier herzlich willkommen. Da wir nicht alle Produkte ausstellen k\u00f6nnen, bitten wir Sie, uns im Voraus Bescheid zu geben, wenn Sie kommen m\u00f6chten. Vereinbaren Sie immer einen Termin im Voraus.<\/p>\n<h2>14-t\u00e4gige Bedenkzeit und unser R\u00fcckgaberecht<\/h2>\n<p>Nat\u00fcrlich kann es vorkommen, dass der gelieferte Hochtemperatur-Sterilisator SM-360A nicht ganz nach Ihrem Geschmack ist und Sie ihn zur\u00fcckgeben m\u00f6chten. Das ist bei Salon For All kein Problem. Sie m\u00fcssen uns innerhalb von 14 Werktagen \u00fcber Ihre R\u00fcckgabe informieren. <a href=\"mailto:info@salonforall.nl\">info@salonforall.nl<\/a> . Sie erhalten dann zun\u00e4chst die R\u00fcckgabeanweisungen und -bedingungen. Bitte beachten Sie, dass der Hochtemperatur-Sterilisator SM-360A nicht benutzt worden sein darf, alle enthaltenen Teile enthalten muss und in der Originalverpackung zur\u00fcckgeschickt werden muss. Die Kosten f\u00fcr den Versand einer R\u00fccksendung gehen beim Kauf \u00fcber www.salonforall.nl immer zu Lasten des K\u00e4ufers. Sie m\u00fcssen Ihren eigenen Transport f\u00fcr eine R\u00fccksendung mit einem Spediteur Ihrer Wahl organisieren. Sobald der Hochtemperatur-Sterilisator SM-360A zur\u00fcckgeschickt wird, wird er auf Vollst\u00e4ndigkeit und Besch\u00e4digung gepr\u00fcft. Sobald die R\u00fccksendung genehmigt ist, wird der Kaufbetrag innerhalb von 5 Werktagen auf die uns bekannte Kontonummer zur\u00fcckerstattet.<\/p>\n<h2>Wer ist Salon For All?<\/h2>\n<p>Salon For all ist der Gro\u00dfh\u00e4ndler f\u00fcr jegliche Salonausr\u00fcstung in Europa. Salon For all wurde 2003 unter dem Namen Salonvoordeel gegr\u00fcndet und ist aus der Praxis heraus entstanden. Die Inhaber von Salon For All sind erfahrene Friseure und Kosmetiker und verf\u00fcgen zusammen \u00fcber mehr als 30 Jahre Praxiserfahrung. Im Jahr 2003 starteten wir mit Salonvoordeel.nl (Niederlande) und sp\u00e4ter wurde Salon For All f\u00fcr den europ\u00e4ischen Markt gegr\u00fcndet. Einige unserer Mitarbeiter machten sich selbst\u00e4ndig, und so entstand die Idee, einen funktionalen Webshop f\u00fcr Friseure zu gr\u00fcnden und ihnen bei der Einrichtung ihrer Salons zu helfen. Mit unserer jahrelangen Erfahrung in der Branche k\u00f6nnen wir Ihnen einen Spiegel vorhalten und Sie richtig beraten. Wir sprechen dieselbe Sprache! Wir beraten, inspirieren, motivieren und helfen Ihnen beim Kauf eines <em>Hochtemperatur-Sterilisator SM-360A<\/em>. Unsere Lieferanten befinden sich in ganz Europa, von Deutschland, England, Italien bis Polen.<\/p>","protected":false},"excerpt":{"rendered":"<p>Der Hochtemperatur-Sterilisator SM-360A der Marke ACTIVESHOP ist eine erschwingliche L\u00f6sung f\u00fcr jeden Friseursalon. Die Lieferzeit betr\u00e4gt ca. 6 Arbeitstage.<\/p>","protected":false},"featured_media":16579,"comment_status":"closed","ping_status":"open","template":"","meta":[],"product_brand":[2355],"product_cat":[22],"product_tag":[],"class_list":{"0":"post-16578","1":"product","2":"type-product","3":"status-publish","4":"has-post-thumbnail","6":"product_brand-activeshop","7":"product_cat-accessories","8":"pa_artikelnummer-2523","9":"pa_kwaliteit-middensegment","10":"pa_merk-activeshop","12":"first","13":"instock","14":"sale","15":"taxable","16":"shipping-taxable","17":"purchasable","18":"product-type-simple"},"yoast_head":"<!-- This site is optimized with the Yoast SEO Premium plugin v27.3 (Yoast SEO v27.3) - https:\/\/yoast.com\/product\/yoast-seo-premium-wordpress\/ -->\n<title>Hogetemperatuursterilisator SM-360A<\/title>\n<meta name=\"description\" content=\"Hogetemperatuursterilisator SM-360A koop je online of in de showroom bij Salon For All B.V. NL &amp; BE . De groothandel voor salons, praktijken en spa&#039;s in NL en BE.\" \/>\n<meta name=\"robots\" content=\"index, follow, max-snippet:-1, max-image-preview:large, max-video-preview:-1\" \/>\n<link rel=\"canonical\" href=\"https:\/\/salonforall.nl\/de\/hochtemperatur-sterilisator-sm-360a\/\" \/>\n<meta property=\"og:locale\" content=\"de_DE\" \/>\n<meta property=\"og:type\" content=\"article\" \/>\n<meta property=\"og:title\" content=\"Hogetemperatuursterilisator SM-360A\" \/>\n<meta property=\"og:description\" content=\"Hogetemperatuursterilisator SM-360A koop je online of in de showroom bij Salon For All B.V. NL &amp; BE . De groothandel voor salons, praktijken en spa&#039;s in NL en BE.\" \/>\n<meta property=\"og:url\" content=\"https:\/\/salonforall.nl\/de\/hochtemperatur-sterilisator-sm-360a\/\" \/>\n<meta property=\"og:site_name\" content=\"Salon For All B.V. NL &amp; BE\" \/>\n<meta property=\"article:modified_time\" content=\"2026-04-03T20:13:45+00:00\" \/>\n<meta property=\"og:image\" content=\"https:\/\/salonforall.nl\/wp-content\/uploads\/2025\/10\/hogetemperatuursterilisator-sm-360a-1.jpg\" \/>\n\t<meta property=\"og:image:width\" content=\"1200\" \/>\n\t<meta property=\"og:image:height\" content=\"1200\" \/>\n\t<meta property=\"og:image:type\" content=\"image\/jpeg\" \/>\n<meta name=\"twitter:card\" content=\"summary_large_image\" \/>\n<meta name=\"twitter:title\" content=\"Hogetemperatuursterilisator SM-360A\" \/>\n<meta name=\"twitter:label1\" content=\"Preis\" \/>\n\t<meta name=\"twitter:data1\" content=\"&nbsp;53,66 excl. btw\" \/>\n\t<meta name=\"twitter:label2\" content=\"Verf\u00fcgbarkeit\" \/>\n\t<meta name=\"twitter:data2\" content=\"Auf Lager\" \/>\n<script type=\"application\/ld+json\" class=\"yoast-schema-graph\">{\"@context\":\"https:\\\/\\\/schema.org\",\"@graph\":[{\"@type\":\"WebPage\",\"@id\":\"https:\\\/\\\/salonforall.nl\\\/hogetemperatuursterilisator-sm-360a\\\/\",\"url\":\"https:\\\/\\\/salonforall.nl\\\/hogetemperatuursterilisator-sm-360a\\\/\",\"name\":\"Hogetemperatuursterilisator SM-360A\",\"isPartOf\":{\"@id\":\"https:\\\/\\\/salonforall.nl\\\/#website\"},\"primaryImageOfPage\":{\"@id\":\"https:\\\/\\\/salonforall.nl\\\/hogetemperatuursterilisator-sm-360a\\\/#primaryimage\"},\"image\":{\"@id\":\"https:\\\/\\\/salonforall.nl\\\/hogetemperatuursterilisator-sm-360a\\\/#primaryimage\"},\"thumbnailUrl\":\"https:\\\/\\\/salonforall.nl\\\/wp-content\\\/uploads\\\/2025\\\/10\\\/hogetemperatuursterilisator-sm-360a-1.jpg\",\"datePublished\":\"2025-10-20T11:05:36+00:00\",\"dateModified\":\"2026-04-03T20:13:45+00:00\",\"description\":\"Hogetemperatuursterilisator SM-360A koop je online of in de showroom bij Salon For All B.V. NL &amp; BE . De groothandel voor salons, praktijken en spa's in NL en BE.\",\"breadcrumb\":{\"@id\":\"https:\\\/\\\/salonforall.nl\\\/hogetemperatuursterilisator-sm-360a\\\/#breadcrumb\"},\"inLanguage\":\"de\",\"potentialAction\":[{\"@type\":\"ReadAction\",\"target\":[\"https:\\\/\\\/salonforall.nl\\\/hogetemperatuursterilisator-sm-360a\\\/\"]}]},{\"@type\":\"ImageObject\",\"inLanguage\":\"de\",\"@id\":\"https:\\\/\\\/salonforall.nl\\\/hogetemperatuursterilisator-sm-360a\\\/#primaryimage\",\"url\":\"https:\\\/\\\/salonforall.nl\\\/wp-content\\\/uploads\\\/2025\\\/10\\\/hogetemperatuursterilisator-sm-360a-1.jpg\",\"contentUrl\":\"https:\\\/\\\/salonforall.nl\\\/wp-content\\\/uploads\\\/2025\\\/10\\\/hogetemperatuursterilisator-sm-360a-1.jpg\",\"width\":1200,\"height\":1200,\"caption\":\"Hogetemperatuursterilisator SM-360A 1\"},{\"@type\":\"BreadcrumbList\",\"@id\":\"https:\\\/\\\/salonforall.nl\\\/hogetemperatuursterilisator-sm-360a\\\/#breadcrumb\",\"itemListElement\":[{\"@type\":\"ListItem\",\"position\":1,\"name\":\"Home\",\"item\":\"https:\\\/\\\/salonforall.nl\\\/\"},{\"@type\":\"ListItem\",\"position\":2,\"name\":\"Winkel\",\"item\":\"https:\\\/\\\/salonforall.nl\\\/winkel\\\/\"},{\"@type\":\"ListItem\",\"position\":3,\"name\":\"Hogetemperatuursterilisator SM-360A\"}]},{\"@type\":\"WebSite\",\"@id\":\"https:\\\/\\\/salonforall.nl\\\/#website\",\"url\":\"https:\\\/\\\/salonforall.nl\\\/\",\"name\":\"Salon For All\",\"description\":\"Jouw groothandel voor praktijk- &amp; saloninrichting en benodigdheden\",\"publisher\":{\"@id\":\"https:\\\/\\\/salonforall.nl\\\/#organization\"},\"alternateName\":\"salonforall.nl\",\"potentialAction\":[{\"@type\":\"SearchAction\",\"target\":{\"@type\":\"EntryPoint\",\"urlTemplate\":\"https:\\\/\\\/salonforall.nl\\\/?s={search_term_string}\"},\"query-input\":{\"@type\":\"PropertyValueSpecification\",\"valueRequired\":true,\"valueName\":\"search_term_string\"}}],\"inLanguage\":\"de\"},{\"@type\":\"Organization\",\"@id\":\"https:\\\/\\\/salonforall.nl\\\/#organization\",\"name\":\"Salon For All B.V.\",\"alternateName\":\"Salonforall.nl\",\"url\":\"https:\\\/\\\/salonforall.nl\\\/\",\"logo\":{\"@type\":\"ImageObject\",\"inLanguage\":\"de\",\"@id\":\"https:\\\/\\\/salonforall.nl\\\/#\\\/schema\\\/logo\\\/image\\\/\",\"url\":\"https:\\\/\\\/salonforall.nl\\\/wp-content\\\/uploads\\\/2025\\\/01\\\/logo-salon-for-all-groothandel-saloninrichting-e1736940477693.png\",\"contentUrl\":\"https:\\\/\\\/salonforall.nl\\\/wp-content\\\/uploads\\\/2025\\\/01\\\/logo-salon-for-all-groothandel-saloninrichting-e1736940477693.png\",\"width\":500,\"height\":125,\"caption\":\"Salon For All B.V.\"},\"image\":{\"@id\":\"https:\\\/\\\/salonforall.nl\\\/#\\\/schema\\\/logo\\\/image\\\/\"},\"description\":\"Salon For All is de groothandel voor praktijk- en saloninrichting en benodigdheden.\",\"email\":\"info@salonforall.com\",\"legalName\":\"Salon For All\",\"numberOfEmployees\":{\"@type\":\"QuantitativeValue\",\"minValue\":\"1\",\"maxValue\":\"10\"},\"hasMerchantReturnPolicy\":{\"@type\":\"MerchantReturnPolicy\",\"merchantReturnLink\":\"https:\\\/\\\/salonforall.nl\\\/de\\\/retourvoorwaarden\\\/\"}}]}<\/script>\n<meta property=\"product:brand\" content=\"ACTIVESHOP\" \/>\n<meta property=\"product:price:amount\" content=\"53.66\" \/>\n<meta property=\"product:price:currency\" content=\"EUR\" \/>\n<meta property=\"og:availability\" content=\"instock\" \/>\n<meta property=\"product:availability\" content=\"instock\" \/>\n<meta property=\"product:retailer_item_id\" content=\"152202\" \/>\n<meta property=\"product:condition\" content=\"new\" \/>\n<!-- \/ Yoast SEO Premium plugin. -->","yoast_head_json":{"title":"Hochtemperatur-Sterilisator SM-360A","description":"Hochtemperatur-Sterilisator SM-360A online oder im Ausstellungsraum kaufen bei Salon For All B.V. NL &amp; BE . Der Gro\u00dfh\u00e4ndler f\u00fcr Salons, Praxen und Spas in NL und BE.","robots":{"index":"index","follow":"follow","max-snippet":"max-snippet:-1","max-image-preview":"max-image-preview:large","max-video-preview":"max-video-preview:-1"},"canonical":"https:\/\/salonforall.nl\/de\/hochtemperatur-sterilisator-sm-360a\/","og_locale":"de_DE","og_type":"article","og_title":"Hogetemperatuursterilisator SM-360A","og_description":"Hogetemperatuursterilisator SM-360A koop je online of in de showroom bij Salon For All B.V. NL &amp; BE . De groothandel voor salons, praktijken en spa's in NL en BE.","og_url":"https:\/\/salonforall.nl\/de\/hochtemperatur-sterilisator-sm-360a\/","og_site_name":"Salon For All B.V. NL &amp; BE","article_modified_time":"2026-04-03T20:13:45+00:00","og_image":[{"width":1200,"height":1200,"url":"https:\/\/salonforall.nl\/wp-content\/uploads\/2025\/10\/hogetemperatuursterilisator-sm-360a-1.jpg","type":"image\/jpeg"}],"twitter_card":"summary_large_image","twitter_title":"Hogetemperatuursterilisator SM-360A","twitter_misc":{"Preis":"&nbsp;53,66 excl. btw","Verf\u00fcgbarkeit":"Auf Lager"},"schema":{"@context":"https:\/\/schema.org","@graph":[{"@type":"WebPage","@id":"https:\/\/salonforall.nl\/hogetemperatuursterilisator-sm-360a\/","url":"https:\/\/salonforall.nl\/hogetemperatuursterilisator-sm-360a\/","name":"Hochtemperatur-Sterilisator SM-360A","isPartOf":{"@id":"https:\/\/salonforall.nl\/#website"},"primaryImageOfPage":{"@id":"https:\/\/salonforall.nl\/hogetemperatuursterilisator-sm-360a\/#primaryimage"},"image":{"@id":"https:\/\/salonforall.nl\/hogetemperatuursterilisator-sm-360a\/#primaryimage"},"thumbnailUrl":"https:\/\/salonforall.nl\/wp-content\/uploads\/2025\/10\/hogetemperatuursterilisator-sm-360a-1.jpg","datePublished":"2025-10-20T11:05:36+00:00","dateModified":"2026-04-03T20:13:45+00:00","description":"Hochtemperatur-Sterilisator SM-360A online oder im Ausstellungsraum kaufen bei Salon For All B.V. NL &amp; BE . Der Gro\u00dfh\u00e4ndler f\u00fcr Salons, Praxen und Spas in NL und BE.","breadcrumb":{"@id":"https:\/\/salonforall.nl\/hogetemperatuursterilisator-sm-360a\/#breadcrumb"},"inLanguage":"de","potentialAction":[{"@type":"ReadAction","target":["https:\/\/salonforall.nl\/hogetemperatuursterilisator-sm-360a\/"]}]},{"@type":"ImageObject","inLanguage":"de","@id":"https:\/\/salonforall.nl\/hogetemperatuursterilisator-sm-360a\/#primaryimage","url":"https:\/\/salonforall.nl\/wp-content\/uploads\/2025\/10\/hogetemperatuursterilisator-sm-360a-1.jpg","contentUrl":"https:\/\/salonforall.nl\/wp-content\/uploads\/2025\/10\/hogetemperatuursterilisator-sm-360a-1.jpg","width":1200,"height":1200,"caption":"Hogetemperatuursterilisator SM-360A 1"},{"@type":"BreadcrumbList","@id":"https:\/\/salonforall.nl\/hogetemperatuursterilisator-sm-360a\/#breadcrumb","itemListElement":[{"@type":"ListItem","position":1,"name":"Home","item":"https:\/\/salonforall.nl\/"},{"@type":"ListItem","position":2,"name":"Winkel","item":"https:\/\/salonforall.nl\/winkel\/"},{"@type":"ListItem","position":3,"name":"Hogetemperatuursterilisator SM-360A"}]},{"@type":"WebSite","@id":"https:\/\/salonforall.nl\/#website","url":"https:\/\/salonforall.nl\/","name":"Salon f\u00fcr alle","description":"Ihr Gro\u00dfh\u00e4ndler f\u00fcr Praxis- und Salonausstattung und -bedarf","publisher":{"@id":"https:\/\/salonforall.nl\/#organization"},"alternateName":"salonforall.nl","potentialAction":[{"@type":"SearchAction","target":{"@type":"EntryPoint","urlTemplate":"https:\/\/salonforall.nl\/?s={search_term_string}"},"query-input":{"@type":"PropertyValueSpecification","valueRequired":true,"valueName":"search_term_string"}}],"inLanguage":"de"},{"@type":"Organization","@id":"https:\/\/salonforall.nl\/#organization","name":"Salon For All B.V.","alternateName":"Salonforall.nl","url":"https:\/\/salonforall.nl\/","logo":{"@type":"ImageObject","inLanguage":"de","@id":"https:\/\/salonforall.nl\/#\/schema\/logo\/image\/","url":"https:\/\/salonforall.nl\/wp-content\/uploads\/2025\/01\/logo-salon-for-all-groothandel-saloninrichting-e1736940477693.png","contentUrl":"https:\/\/salonforall.nl\/wp-content\/uploads\/2025\/01\/logo-salon-for-all-groothandel-saloninrichting-e1736940477693.png","width":500,"height":125,"caption":"Salon For All B.V."},"image":{"@id":"https:\/\/salonforall.nl\/#\/schema\/logo\/image\/"},"description":"Salon For All ist der Gro\u00dfh\u00e4ndler f\u00fcr Praxis- und Salonausstattung und -bedarf.","email":"info@salonforall.com","legalName":"Salon For All","numberOfEmployees":{"@type":"QuantitativeValue","minValue":"1","maxValue":"10"},"hasMerchantReturnPolicy":{"@type":"MerchantReturnPolicy","merchantReturnLink":"https:\/\/salonforall.nl\/de\/retourvoorwaarden\/"}}]},"product_brand":"ACTIVESHOP","product_price_amount":"53.66","product_price_currency":"EUR","og_availability":"instock","product_availability":"instock","product_retailer_item_id":"152202","product_condition":"new"},"_links":{"self":[{"href":"https:\/\/salonforall.nl\/de\/wp-json\/wp\/v2\/product\/16578","targetHints":{"allow":["GET"]}}],"collection":[{"href":"https:\/\/salonforall.nl\/de\/wp-json\/wp\/v2\/product"}],"about":[{"href":"https:\/\/salonforall.nl\/de\/wp-json\/wp\/v2\/types\/product"}],"replies":[{"embeddable":true,"href":"https:\/\/salonforall.nl\/de\/wp-json\/wp\/v2\/comments?post=16578"}],"wp:featuredmedia":[{"embeddable":true,"href":"https:\/\/salonforall.nl\/de\/wp-json\/wp\/v2\/media\/16579"}],"wp:attachment":[{"href":"https:\/\/salonforall.nl\/de\/wp-json\/wp\/v2\/media?parent=16578"}],"wp:term":[{"taxonomy":"product_brand","embeddable":true,"href":"https:\/\/salonforall.nl\/de\/wp-json\/wp\/v2\/product_brand?post=16578"},{"taxonomy":"product_cat","embeddable":true,"href":"https:\/\/salonforall.nl\/de\/wp-json\/wp\/v2\/product_cat?post=16578"},{"taxonomy":"product_tag","embeddable":true,"href":"https:\/\/salonforall.nl\/de\/wp-json\/wp\/v2\/product_tag?post=16578"}],"curies":[{"name":"wp","href":"https:\/\/api.w.org\/{rel}","templated":true}]}}