{"id":18825,"date":"2025-11-03T14:04:07","date_gmt":"2025-11-03T14:04:07","guid":{"rendered":"https:\/\/salonforall.nl\/sillon-hydraulische-cosmetische-behandelstoel-v2-210-zeezout\/"},"modified":"2026-04-04T08:51:52","modified_gmt":"2026-04-04T07:51:52","slug":"sillon-hydraulische-cosmetische-behandelstoel-v2-210-zeezout","status":"publish","type":"product","link":"https:\/\/salonforall.nl\/de\/sillon-hydraulische-cosmetische-behandelstoel-v2-210-zeezout\/","title":{"rendered":"Sillon hydraulische kosmetische Behandlung Stuhl v2 210 Meersalz"},"content":{"rendered":"<h2>Informationen \u00fcber den <strong>Sillon hydraulische cosmetische behandelstoel v2 210 zeezout met artikelnummer <\/strong>154567<\/h2>\n<p>Sillon hydraulische kosmetische Behandlung Stuhl v2 210 Meersalz <\/p>\n<p>Het merk Sillon is opgericht als antwoord op de steeds toenemende verwachtingen van gebruikers. De apparatuur in hun aanbod, zoals functionele cosmetische behandelstoelen, onderscheidt zich door goede kwaliteit en tegelijkertijd een betaalbare prijs.<\/p>\n<p><img decoding=\"async\" src=\"https:\/\/activeshop.com.pl\/media\/wysiwyg\/product\/154567\/NL_154567_01.jpg\"><\/p>\n<h2>Einfachheit und Funktionalit\u00e4t<\/h2>\n<p>Een draaibare cosmetische behandelstoel uitgerust met een hydraulische actuator is een praktisch apparaat dat nuttig zal zijn in veel gespecialiseerde salons, waaronder schoonheidssalons, massagesalons of tatoeagesalons. Het is geschikt voor wie op zoek is naar een eenvoudig en functioneel cosmetisch meubelstuk.<\/p>\n<p><img decoding=\"async\" src=\"https:\/\/activeshop.com.pl\/media\/wysiwyg\/product\/154567\/NL_154567_02.jpg\"><\/p>\n<h2>Funktionale L\u00f6sungen f\u00fcr komfortables Arbeiten<\/h2>\n<p>Die H\u00f6he des Sitzes kann mit Hilfe einer Hydraulikpumpe freih\u00e4ndig von 62-75 cm verstellt werden. Dies erm\u00f6glicht eine bequeme Nutzung des Ger\u00e4ts f\u00fcr Personen unterschiedlicher Gr\u00f6\u00dfe und die Anpassung an die individuellen Bed\u00fcrfnisse des Kunden und der behandelnden Person. Der verwendete Mechanismus ist sehr langlebig und zuverl\u00e4ssig. Dank des Lochs in der Kopfst\u00fctze, das unter einem eng anliegenden Kissen verborgen ist, eignet sich der Stuhl auch perfekt f\u00fcr R\u00fcckenbehandlungen wie Massagen oder Tattoos.<\/p>\n<p><img decoding=\"async\" src=\"https:\/\/activeshop.com.pl\/media\/wysiwyg\/product\/154567\/NL_154567_03.jpg\"><\/p>\n<h2>Bedienungskomfort<\/h2>\n<p>Der Stuhl kann vollst\u00e4ndig gedreht werden, so dass Sie ihn an die gerade durchgef\u00fchrte Behandlung anpassen k\u00f6nnen. Der Antrieb verf\u00fcgt \u00fcber ein eingebautes Verriegelungssystem, so dass das Ger\u00e4t die gew\u00fcnschte Position stabil h\u00e4lt. Die Armlehnen bieten ausreichend Halt und k\u00f6nnen bei Bedarf leicht entfernt werden. Diese zweigeteilten Elemente sind beweglich, so dass sie beim Ver\u00e4ndern der Position der R\u00fcckenlehne gut liegen.<\/p>\n<p><img decoding=\"async\" src=\"https:\/\/activeshop.com.pl\/media\/wysiwyg\/product\/154567\/NL_154567_04.jpg\"><\/p>\n<h2>Manuelle Einstellung des Neigungswinkels<\/h2>\n<p>Mit speziellen Hebeln lassen sich die Winkel von Fu\u00dfteil und R\u00fcckenlehne stufenlos einstellen. Dies gew\u00e4hrleistet eine optimale Anpassung der Einstellungen an die individuellen Bed\u00fcrfnisse, f\u00fcr eine korrekte und bequeme Durchf\u00fchrung der Behandlungen und einen optimalen Benutzerkomfort. Der Stuhl kann in die Schlafposition ausgeklappt werden, was seine Funktionalit\u00e4t deutlich erh\u00f6ht.<\/p>\n<p><img decoding=\"async\" src=\"https:\/\/activeshop.com.pl\/media\/wysiwyg\/product\/154567\/NL_154567_05.jpg\"><\/p>\n<h2>Modernes Design und Ergonomie<\/h2>\n<p>De stoel is gevuld met schuim van de juiste stevigheid en bekleed met semi-mat imitatieleer in beige tinten. Dankzij het gebruik van dit materiaal is de stoel comfortabel in gebruik, bestand tegen vocht en gemakkelijk schoon te maken. Goed geprofileerde zomen geven de zitting een ergonomische vorm. De solide constructie garandeert duurzaamheid en stabiliteit. Dankzij het eenvoudige ontwerp en de klassieke kleuren past het in elk interieur.<\/p>\n<div class=\"video-container\"> <iframe height=\"315\" src=\"https:\/\/www.youtube.com\/embed\/wQkkPZStH6E\" frameborder=\"0\" width=\"560\" allowfullscreen allow=\"accelerometer; autoplay; encrypted-media; gyroscope; picture-in-picture\"> <\/iframe> <\/div>\n<p>Die genauen Abmessungen sind auf dem Bild zu sehen. Die Farbe des Produkts kann aufgrund der individuellen Monitoreinstellungen und Lichtverh\u00e4ltnisse von der tats\u00e4chlichen Farbe abweichen. <br \/>Das Set besteht aus: Sitz mit R\u00fcckenlehne und Fu\u00dfst\u00fctze, Armlehnenset, Sitzkissen, Basiselemente mit Antrieb, Montagesatz.<\/p>\n<p>Daten:<br \/>Typ: hydraulisch<br \/>Anzahl der Aktoren: 1<br \/>Farbe des Rahmens: Wei\u00dfschattierungen<br \/>Kleur bekleding: tinten beige<br \/>Polstermaterial: Kunstleder<br \/>Polsterung Sitz: Schaumstoff<br \/>L\u00e4nge voll ausgefahren: 184 cm<br \/>Garantie: 12 Monate<\/p>\n<p>Activeshop producten zijn in verhouding goedkoper dan vele andere merken\/ aanbieders. De prijs staat in verhouding met de kwaliteit. De Sillon hydraulische cosmetische behandelstoel v2 210 zeezout is hierdoor een laagdrempelige oplossing voor jouw salon.<\/p>\n<h2>Hoe wordt de Sillon hydraulische cosmetische behandelstoel v2 210 zeezout geleverd?<\/h2>\n<p>Die <strong>Sillon hydraulische kosmetische Behandlung Stuhl v2 210 Meersalz <\/strong>wordt geleverd in originele verpakking(en). Binnen Nederland en Belgi\u00eb is de verzending van de Sillon hydraulische cosmetische behandelstoel v2 210 zeezout geheel gratis bij een bestelling v.a. 100,- euro. Bij verzendingen naar andere landen gelden aparte verzendtarieven. Je kunt deze tarieven bij ons opvragen of terugvinden in de winkelwagen. De Sillon hydraulische cosmetische behandelstoel v2 210 zeezout wordt verzonden via een externe koerier.<\/p>\n<p>Wir liefern Pakete oder Paletten standardm\u00e4\u00dfig bis zur Schwelle der Haust\u00fcr, auch wenn Sie sich in einem Kollektivhaus, einem Mehrfamilienhaus oder einem Wohnkomplex mit Aufzug befinden (sofern der Artikel in den Aufzug passt). Gibt es keinen Aufzug oder passt der Artikel nicht in den Aufzug? Dann liefern wir bis zur Schwelle des Erdgeschosses.<\/p>\n<p>Haben Sie noch Fragen zur Lieferung oder einer besonderen Situation? Kontaktieren Sie uns und wir helfen Ihnen gerne weiter!<\/p>\n<p><em>*Die Artikel werden standardm\u00e4\u00dfig nicht ausgepackt oder zusammengestellt. In besonderen Situationen kontaktieren Sie uns bitte, um Vereinbarungen zu treffen.<\/em><\/p>\n<h2>Sichere Online-Bestellung bei Salon For All mit dem G\u00fctesiegel Webwinkelkeur und SSL-Sicherheit<\/h2>\n<p>We vinden het belangrijk dat onze klanten veilig online bij ons kunnen shoppen. We zijn sinds 2019 aangesloten bij het landelijke Webwinkelkeur keurmerk. Onze identiteit is door hen gecontroleerd, geverifieerd en de webshop is juridisch gecontroleerd en goedgekeurd. Daarnaast is onze webwinkel is bij hen aangesloten voor geschillen bemiddeling. Je ziet de badge met alle informatie van dit webwinkel keurmerk aan de linker- of rechterkant van de webshop staan (roze met witte button). Ook is onze site beveiligd met een SSL-certificaat waardoor je bij ons veilig kunt browsen. In de balk van je internetbrowser, waar onze website in vermeld is, zie je een slotje staan. Als je op het slotje klikt, krijg je alle informatie over onze beveiliging. Hierdoor weet je dat je bestelling van de Sillon hydraulische cosmetische behandelstoel v2 210 zeezout en persoonsgegevens veilig verwerkt worden.<\/p>\n<h2>Hoe kan ik de Sillon hydraulische cosmetische behandelstoel v2 210 zeezout afrekenen?<\/h2>\n<p>Wir m\u00f6chten es Ihnen so einfach wie m\u00f6glich machen. Deshalb k\u00f6nnen Sie bei Salon For All mit allen bekannten und g\u00e4ngigen Zahlungsmitteln bezahlen. Bezahlen Sie im Voraus, bei Lieferung oder im Nachhinein; alles ist m\u00f6glich. Sehen Sie hier, welche Zahlungsarten wir anbieten<br \/>\nAngebot:<\/p>\n<ul>\n<li>Ideal<\/li>\n<li>Klarna - Nachzahlung auf Rechnung<\/li>\n<li>Bancontact (Nur f\u00fcr belgische Kunden)<\/li>\n<li>Payin3 - Zahlung in 3 Raten mit 0% Zinsen (nur f\u00fcr niederl\u00e4ndische Kunden)<\/li>\n<li>Paypal<\/li>\n<li>Kreditkarte<\/li>\n<li>Apple Pay<\/li>\n<li>Gesch\u00e4ftsrechnung f\u00fcr Unternehmen<\/li>\n<li>Bezahlen im Ausstellungsraum - sowohl mit Pin als auch in bar (nur bei Abholung m\u00f6glich)<\/li>\n<\/ul>\n<h2>Sehen Sie sich auch die Bewertungen von Salon For ALL an<\/h2>\n<p>Bekijk ook onze reviews om ervaringen van onze huidige klanten me te nemen in je besluit om de Sillon hydraulische cosmetische behandelstoel v2 210 zeezout bij ons te bestellen. Via ons onafhankelijke webwinkel keurmerk van Webwinkelkeur worden automatisch geverifieerde reviews verzameld van klanten die bij ons een bestelling hebben voldaan. Deze vind je terug achter de roze button op onze webwinkel of staan vermeld onder de producten.<\/p>\n<p>Deel na je aankoop ook jouw ervaring met je bestelde Sillon hydraulische cosmetische behandelstoel v2 210 zeezout en ervaring met het aankoopproces of contact met Salon For All om anderen te inspireren!<\/p>\n<h2>Kontakt Salon f\u00fcr alle<\/h2>\n<p>Neem dan contact met ons op. Wij helpen je graag verder bij de aanschaf van de Sillon hydraulische cosmetische behandelstoel v2 210 zeezout. Op werkdagen zijn we het beste bereikbaar tussen 8.30 uur en 17.00 uur via het telefoonnummer en e-mailadres bovenaan de webshop of via de chatfunctie. Vragen buiten kantooruren worden meestal binnen 24uur beantwoord. Het is ook mogelijk om buitenwerkdagen of kantooruren bij ons langs te komen. Maar hiervoor van tevoren een afspraak.<\/p>\n<h2>M\u00f6chten Sie in unserem Ausstellungsraum vorbeischauen?<\/h2>\n<p>Vind je het prettiger om de Sillon hydraulische cosmetische behandelstoel v2 210 zeezout te bekijken of samen met onze collega door ons aanbod van de (web)shop heen te lopen? Kom dan langs in onze showroom met meer dan 1000m2 aan saloninrichting en laat je inspireren door onze medewerkers. Ook als je ervan houdt om gezellig kennis te maken onder het genot van een goede kop koffie of thee dan ben je hier van harte welkom. We hebben niet alle producten staan dus laat ons van tevoren even weten dat je wilt komen. Maak altijd van te voren een afspraak.<\/p>\n<h2>14-t\u00e4gige Bedenkzeit und unser R\u00fcckgaberecht<\/h2>\n<p>Het kan natuurlijk voorkomen dat de geleverde Sillon hydraulische cosmetische behandelstoel v2 210 zeezout niet helemaal naar wens is en je het wilt terugsturen. Dat is bij Salon For All geen enkel probleem. Je dient binnen 14 werkdagen je retourzending bij ons aan te melden via <a href=\"mailto:info@salonforall.nl\">info@salonforall.nl<\/a> . Je ontvangt dan eerst van alle retourinstructies en voorwaarden. Let op de Sillon hydraulische cosmetische behandelstoel v2 210 zeezout mag niet gebruikt zijn, moet alle meegeleverde onderdelen bevatten en verpakt in originele verpakking geretourneerd worden. De kosten voor de zending van een retour zijn bij aankopen via www.salonforall.nl altijd voor de koper. Je dient voor een retour zelf een transport te regelen bij een transporteur naar keuze. Zodra de Sillon hydraulische cosmetische behandelstoel v2 210 zeezout retour is gekomen wordt het gecontroleerd op volledigheid en schade. Zodra de retour akkoord is bevonden wordt het aankoopbedrag binnen 5 werkdagen teruggestort op het bij ons bekende rekeningnummer.<\/p>\n<h2>Wer ist Salon For All?<\/h2>\n<p>Salon For all ist der Gro\u00dfh\u00e4ndler f\u00fcr jegliche Salonausr\u00fcstung in Europa. Salon For all wurde 2003 unter dem Namen Salonvoordeel gegr\u00fcndet und ist aus der Praxis heraus entstanden. Die Inhaber von Salon For All sind erfahrene Friseure und Kosmetiker und verf\u00fcgen zusammen \u00fcber mehr als 30 Jahre Praxiserfahrung. Im Jahr 2003 starteten wir mit Salonvoordeel.nl (Niederlande) und sp\u00e4ter wurde Salon For All f\u00fcr den europ\u00e4ischen Markt gegr\u00fcndet. Einige unserer Mitarbeiter machten sich selbst\u00e4ndig, und so entstand die Idee, einen funktionalen Webshop f\u00fcr Friseure zu gr\u00fcnden und ihnen bei der Einrichtung ihrer Salons zu helfen. Mit unserer jahrelangen Erfahrung in der Branche k\u00f6nnen wir Ihnen einen Spiegel vorhalten und Sie richtig beraten. Wir sprechen dieselbe Sprache! Wir beraten, inspirieren, motivieren und helfen Ihnen beim Kauf eines <em>Sillon hydraulische kosmetische Behandlung Stuhl v2 210 Meersalz<\/em>. Unsere Lieferanten befinden sich in ganz Europa, von Deutschland, England, Italien bis Polen.<\/p>","protected":false},"excerpt":{"rendered":"<p>De Sillon hydraulische cosmetische behandelstoel v2 210 zeezout van het merk SILLON is een betaalbare oplossing voor iedere salon. De levertijd is ongeveer 6 werkdagen.<\/p>","protected":false},"featured_media":18826,"comment_status":"closed","ping_status":"open","template":"","meta":[],"product_brand":[2423],"product_cat":[22,73,72,81,93,99,94,98,76],"product_tag":[],"class_list":{"0":"post-18825","1":"product","2":"type-product","3":"status-publish","4":"has-post-thumbnail","6":"product_brand-sillon","7":"product_cat-accessories","8":"product_cat-behandelstoel","9":"product_cat-behandelstoelen","10":"product_cat-hydraulische-behandelstoel","11":"product_cat-pedicure-salon-inrichting","12":"product_cat-pedicure-salon-inrichting-hydraulische-behandelstoel","13":"product_cat-pedicure-stoel","14":"product_cat-schoonheidsalon-behandelstoel","15":"product_cat-schoonheissalon-inrichting","16":"pa_artikelnummer-2775","17":"pa_kwaliteit-middensegment","18":"pa_merk-sillon","20":"first","21":"outofstock","22":"sale","23":"taxable","24":"shipping-taxable","25":"purchasable","26":"product-type-simple"},"yoast_head":"<!-- This site is optimized with the Yoast SEO Premium plugin v27.3 (Yoast SEO v27.3) - https:\/\/yoast.com\/product\/yoast-seo-premium-wordpress\/ -->\n<title>Sillon hydraulische cosmetische behandelstoel v2 210 zeezout<\/title>\n<meta name=\"description\" content=\"Sillon hydraulische cosmetische behandelstoel v2 210 zeezout koop je online of in de showroom bij Salon For All B.V. NL &amp; BE . De groothandel voor salons, praktijken en spa&#039;s in NL en BE.\" \/>\n<meta name=\"robots\" content=\"index, follow, max-snippet:-1, max-image-preview:large, max-video-preview:-1\" \/>\n<link rel=\"canonical\" href=\"https:\/\/salonforall.nl\/de\/sillon-hydraulische-cosmetische-behandelstoel-v2-210-zeezout\/\" \/>\n<meta property=\"og:locale\" content=\"de_DE\" \/>\n<meta property=\"og:type\" content=\"article\" \/>\n<meta property=\"og:title\" content=\"Sillon hydraulische cosmetische behandelstoel v2 210 zeezout\" \/>\n<meta property=\"og:description\" content=\"Sillon hydraulische cosmetische behandelstoel v2 210 zeezout koop je online of in de showroom bij Salon For All B.V. NL &amp; BE . De groothandel voor salons, praktijken en spa&#039;s in NL en BE.\" \/>\n<meta property=\"og:url\" content=\"https:\/\/salonforall.nl\/de\/sillon-hydraulische-cosmetische-behandelstoel-v2-210-zeezout\/\" \/>\n<meta property=\"og:site_name\" content=\"Salon For All B.V. NL &amp; BE\" \/>\n<meta property=\"article:modified_time\" content=\"2026-04-04T07:51:52+00:00\" \/>\n<meta property=\"og:image\" content=\"https:\/\/salonforall.nl\/wp-content\/uploads\/2025\/11\/sillon-hydraulische-cosmetische-behandelstoel-v2-210-zeezout-1.jpg\" \/>\n\t<meta property=\"og:image:width\" content=\"1200\" \/>\n\t<meta property=\"og:image:height\" content=\"1200\" \/>\n\t<meta property=\"og:image:type\" content=\"image\/jpeg\" \/>\n<meta name=\"twitter:card\" content=\"summary_large_image\" \/>\n<meta name=\"twitter:title\" content=\"Sillon hydraulische cosmetische behandelstoel v2 210 zeezout\" \/>\n<meta name=\"twitter:label1\" content=\"Preis\" \/>\n\t<meta name=\"twitter:data1\" content=\"&nbsp;268,29 excl. btw\" \/>\n\t<meta name=\"twitter:label2\" content=\"Verf\u00fcgbarkeit\" \/>\n\t<meta name=\"twitter:data2\" content=\"ausverkauft\" \/>\n<script type=\"application\/ld+json\" class=\"yoast-schema-graph\">{\"@context\":\"https:\\\/\\\/schema.org\",\"@graph\":[{\"@type\":\"WebPage\",\"@id\":\"https:\\\/\\\/salonforall.nl\\\/sillon-hydraulische-cosmetische-behandelstoel-v2-210-zeezout\\\/\",\"url\":\"https:\\\/\\\/salonforall.nl\\\/sillon-hydraulische-cosmetische-behandelstoel-v2-210-zeezout\\\/\",\"name\":\"Sillon hydraulische cosmetische behandelstoel v2 210 zeezout\",\"isPartOf\":{\"@id\":\"https:\\\/\\\/salonforall.nl\\\/#website\"},\"primaryImageOfPage\":{\"@id\":\"https:\\\/\\\/salonforall.nl\\\/sillon-hydraulische-cosmetische-behandelstoel-v2-210-zeezout\\\/#primaryimage\"},\"image\":{\"@id\":\"https:\\\/\\\/salonforall.nl\\\/sillon-hydraulische-cosmetische-behandelstoel-v2-210-zeezout\\\/#primaryimage\"},\"thumbnailUrl\":\"https:\\\/\\\/salonforall.nl\\\/wp-content\\\/uploads\\\/2025\\\/11\\\/sillon-hydraulische-cosmetische-behandelstoel-v2-210-zeezout-1.jpg\",\"datePublished\":\"2025-11-03T14:04:07+00:00\",\"dateModified\":\"2026-04-04T07:51:52+00:00\",\"description\":\"Sillon hydraulische cosmetische behandelstoel v2 210 zeezout koop je online of in de showroom bij Salon For All B.V. NL &amp; BE . De groothandel voor salons, praktijken en spa's in NL en BE.\",\"breadcrumb\":{\"@id\":\"https:\\\/\\\/salonforall.nl\\\/sillon-hydraulische-cosmetische-behandelstoel-v2-210-zeezout\\\/#breadcrumb\"},\"inLanguage\":\"de\",\"potentialAction\":[{\"@type\":\"ReadAction\",\"target\":[\"https:\\\/\\\/salonforall.nl\\\/sillon-hydraulische-cosmetische-behandelstoel-v2-210-zeezout\\\/\"]}]},{\"@type\":\"ImageObject\",\"inLanguage\":\"de\",\"@id\":\"https:\\\/\\\/salonforall.nl\\\/sillon-hydraulische-cosmetische-behandelstoel-v2-210-zeezout\\\/#primaryimage\",\"url\":\"https:\\\/\\\/salonforall.nl\\\/wp-content\\\/uploads\\\/2025\\\/11\\\/sillon-hydraulische-cosmetische-behandelstoel-v2-210-zeezout-1.jpg\",\"contentUrl\":\"https:\\\/\\\/salonforall.nl\\\/wp-content\\\/uploads\\\/2025\\\/11\\\/sillon-hydraulische-cosmetische-behandelstoel-v2-210-zeezout-1.jpg\",\"width\":1200,\"height\":1200,\"caption\":\"Sillon hydraulische cosmetische behandelstoel v2 210 zeezout 1\"},{\"@type\":\"BreadcrumbList\",\"@id\":\"https:\\\/\\\/salonforall.nl\\\/sillon-hydraulische-cosmetische-behandelstoel-v2-210-zeezout\\\/#breadcrumb\",\"itemListElement\":[{\"@type\":\"ListItem\",\"position\":1,\"name\":\"Home\",\"item\":\"https:\\\/\\\/salonforall.nl\\\/\"},{\"@type\":\"ListItem\",\"position\":2,\"name\":\"Winkel\",\"item\":\"https:\\\/\\\/salonforall.nl\\\/winkel\\\/\"},{\"@type\":\"ListItem\",\"position\":3,\"name\":\"Sillon hydraulische cosmetische behandelstoel v2 210 zeezout\"}]},{\"@type\":\"WebSite\",\"@id\":\"https:\\\/\\\/salonforall.nl\\\/#website\",\"url\":\"https:\\\/\\\/salonforall.nl\\\/\",\"name\":\"Salon For All\",\"description\":\"Jouw groothandel voor praktijk- &amp; saloninrichting en benodigdheden\",\"publisher\":{\"@id\":\"https:\\\/\\\/salonforall.nl\\\/#organization\"},\"alternateName\":\"salonforall.nl\",\"potentialAction\":[{\"@type\":\"SearchAction\",\"target\":{\"@type\":\"EntryPoint\",\"urlTemplate\":\"https:\\\/\\\/salonforall.nl\\\/?s={search_term_string}\"},\"query-input\":{\"@type\":\"PropertyValueSpecification\",\"valueRequired\":true,\"valueName\":\"search_term_string\"}}],\"inLanguage\":\"de\"},{\"@type\":\"Organization\",\"@id\":\"https:\\\/\\\/salonforall.nl\\\/#organization\",\"name\":\"Salon For All B.V.\",\"alternateName\":\"Salonforall.nl\",\"url\":\"https:\\\/\\\/salonforall.nl\\\/\",\"logo\":{\"@type\":\"ImageObject\",\"inLanguage\":\"de\",\"@id\":\"https:\\\/\\\/salonforall.nl\\\/#\\\/schema\\\/logo\\\/image\\\/\",\"url\":\"https:\\\/\\\/salonforall.nl\\\/wp-content\\\/uploads\\\/2025\\\/01\\\/logo-salon-for-all-groothandel-saloninrichting-e1736940477693.png\",\"contentUrl\":\"https:\\\/\\\/salonforall.nl\\\/wp-content\\\/uploads\\\/2025\\\/01\\\/logo-salon-for-all-groothandel-saloninrichting-e1736940477693.png\",\"width\":500,\"height\":125,\"caption\":\"Salon For All B.V.\"},\"image\":{\"@id\":\"https:\\\/\\\/salonforall.nl\\\/#\\\/schema\\\/logo\\\/image\\\/\"},\"description\":\"Salon For All is de groothandel voor praktijk- en saloninrichting en benodigdheden.\",\"email\":\"info@salonforall.com\",\"legalName\":\"Salon For All\",\"numberOfEmployees\":{\"@type\":\"QuantitativeValue\",\"minValue\":\"1\",\"maxValue\":\"10\"},\"hasMerchantReturnPolicy\":{\"@type\":\"MerchantReturnPolicy\",\"merchantReturnLink\":\"https:\\\/\\\/salonforall.nl\\\/de\\\/retourvoorwaarden\\\/\"}}]}<\/script>\n<meta property=\"product:brand\" content=\"SILLON\" \/>\n<meta property=\"product:price:amount\" content=\"268.29\" \/>\n<meta property=\"product:price:currency\" content=\"EUR\" \/>\n<meta property=\"og:availability\" content=\"out of stock\" \/>\n<meta property=\"product:availability\" content=\"out of stock\" \/>\n<meta property=\"product:retailer_item_id\" content=\"154567\" \/>\n<meta property=\"product:condition\" content=\"new\" \/>\n<!-- \/ Yoast SEO Premium plugin. -->","yoast_head_json":{"title":"Sillon hydraulische kosmetische Behandlung Stuhl v2 210 Meersalz","description":"Sillon hydraulische cosmetische behandelstoel v2 210 zeezout koop je online of in de showroom bij Salon For All B.V. NL &amp; BE . De groothandel voor salons, praktijken en spa's in NL en BE.","robots":{"index":"index","follow":"follow","max-snippet":"max-snippet:-1","max-image-preview":"max-image-preview:large","max-video-preview":"max-video-preview:-1"},"canonical":"https:\/\/salonforall.nl\/de\/sillon-hydraulische-cosmetische-behandelstoel-v2-210-zeezout\/","og_locale":"de_DE","og_type":"article","og_title":"Sillon hydraulische cosmetische behandelstoel v2 210 zeezout","og_description":"Sillon hydraulische cosmetische behandelstoel v2 210 zeezout koop je online of in de showroom bij Salon For All B.V. NL &amp; BE . De groothandel voor salons, praktijken en spa's in NL en BE.","og_url":"https:\/\/salonforall.nl\/de\/sillon-hydraulische-cosmetische-behandelstoel-v2-210-zeezout\/","og_site_name":"Salon For All B.V. NL &amp; BE","article_modified_time":"2026-04-04T07:51:52+00:00","og_image":[{"width":1200,"height":1200,"url":"https:\/\/salonforall.nl\/wp-content\/uploads\/2025\/11\/sillon-hydraulische-cosmetische-behandelstoel-v2-210-zeezout-1.jpg","type":"image\/jpeg"}],"twitter_card":"summary_large_image","twitter_title":"Sillon hydraulische cosmetische behandelstoel v2 210 zeezout","twitter_misc":{"Preis":"&nbsp;268,29 excl. btw","Verf\u00fcgbarkeit":"ausverkauft"},"schema":{"@context":"https:\/\/schema.org","@graph":[{"@type":"WebPage","@id":"https:\/\/salonforall.nl\/sillon-hydraulische-cosmetische-behandelstoel-v2-210-zeezout\/","url":"https:\/\/salonforall.nl\/sillon-hydraulische-cosmetische-behandelstoel-v2-210-zeezout\/","name":"Sillon hydraulische kosmetische Behandlung Stuhl v2 210 Meersalz","isPartOf":{"@id":"https:\/\/salonforall.nl\/#website"},"primaryImageOfPage":{"@id":"https:\/\/salonforall.nl\/sillon-hydraulische-cosmetische-behandelstoel-v2-210-zeezout\/#primaryimage"},"image":{"@id":"https:\/\/salonforall.nl\/sillon-hydraulische-cosmetische-behandelstoel-v2-210-zeezout\/#primaryimage"},"thumbnailUrl":"https:\/\/salonforall.nl\/wp-content\/uploads\/2025\/11\/sillon-hydraulische-cosmetische-behandelstoel-v2-210-zeezout-1.jpg","datePublished":"2025-11-03T14:04:07+00:00","dateModified":"2026-04-04T07:51:52+00:00","description":"Sillon hydraulische cosmetische behandelstoel v2 210 zeezout koop je online of in de showroom bij Salon For All B.V. NL &amp; BE . De groothandel voor salons, praktijken en spa's in NL en BE.","breadcrumb":{"@id":"https:\/\/salonforall.nl\/sillon-hydraulische-cosmetische-behandelstoel-v2-210-zeezout\/#breadcrumb"},"inLanguage":"de","potentialAction":[{"@type":"ReadAction","target":["https:\/\/salonforall.nl\/sillon-hydraulische-cosmetische-behandelstoel-v2-210-zeezout\/"]}]},{"@type":"ImageObject","inLanguage":"de","@id":"https:\/\/salonforall.nl\/sillon-hydraulische-cosmetische-behandelstoel-v2-210-zeezout\/#primaryimage","url":"https:\/\/salonforall.nl\/wp-content\/uploads\/2025\/11\/sillon-hydraulische-cosmetische-behandelstoel-v2-210-zeezout-1.jpg","contentUrl":"https:\/\/salonforall.nl\/wp-content\/uploads\/2025\/11\/sillon-hydraulische-cosmetische-behandelstoel-v2-210-zeezout-1.jpg","width":1200,"height":1200,"caption":"Sillon hydraulische cosmetische behandelstoel v2 210 zeezout 1"},{"@type":"BreadcrumbList","@id":"https:\/\/salonforall.nl\/sillon-hydraulische-cosmetische-behandelstoel-v2-210-zeezout\/#breadcrumb","itemListElement":[{"@type":"ListItem","position":1,"name":"Home","item":"https:\/\/salonforall.nl\/"},{"@type":"ListItem","position":2,"name":"Winkel","item":"https:\/\/salonforall.nl\/winkel\/"},{"@type":"ListItem","position":3,"name":"Sillon hydraulische cosmetische behandelstoel v2 210 zeezout"}]},{"@type":"WebSite","@id":"https:\/\/salonforall.nl\/#website","url":"https:\/\/salonforall.nl\/","name":"Salon f\u00fcr alle","description":"Ihr Gro\u00dfh\u00e4ndler f\u00fcr Praxis- und Salonausstattung und -bedarf","publisher":{"@id":"https:\/\/salonforall.nl\/#organization"},"alternateName":"salonforall.nl","potentialAction":[{"@type":"SearchAction","target":{"@type":"EntryPoint","urlTemplate":"https:\/\/salonforall.nl\/?s={search_term_string}"},"query-input":{"@type":"PropertyValueSpecification","valueRequired":true,"valueName":"search_term_string"}}],"inLanguage":"de"},{"@type":"Organization","@id":"https:\/\/salonforall.nl\/#organization","name":"Salon For All B.V.","alternateName":"Salonforall.nl","url":"https:\/\/salonforall.nl\/","logo":{"@type":"ImageObject","inLanguage":"de","@id":"https:\/\/salonforall.nl\/#\/schema\/logo\/image\/","url":"https:\/\/salonforall.nl\/wp-content\/uploads\/2025\/01\/logo-salon-for-all-groothandel-saloninrichting-e1736940477693.png","contentUrl":"https:\/\/salonforall.nl\/wp-content\/uploads\/2025\/01\/logo-salon-for-all-groothandel-saloninrichting-e1736940477693.png","width":500,"height":125,"caption":"Salon For All B.V."},"image":{"@id":"https:\/\/salonforall.nl\/#\/schema\/logo\/image\/"},"description":"Salon For All ist der Gro\u00dfh\u00e4ndler f\u00fcr Praxis- und Salonausstattung und -bedarf.","email":"info@salonforall.com","legalName":"Salon For All","numberOfEmployees":{"@type":"QuantitativeValue","minValue":"1","maxValue":"10"},"hasMerchantReturnPolicy":{"@type":"MerchantReturnPolicy","merchantReturnLink":"https:\/\/salonforall.nl\/de\/retourvoorwaarden\/"}}]},"product_brand":"SILLON","product_price_amount":"268.29","product_price_currency":"EUR","og_availability":"out of stock","product_availability":"out of stock","product_retailer_item_id":"154567","product_condition":"new"},"_links":{"self":[{"href":"https:\/\/salonforall.nl\/de\/wp-json\/wp\/v2\/product\/18825","targetHints":{"allow":["GET"]}}],"collection":[{"href":"https:\/\/salonforall.nl\/de\/wp-json\/wp\/v2\/product"}],"about":[{"href":"https:\/\/salonforall.nl\/de\/wp-json\/wp\/v2\/types\/product"}],"replies":[{"embeddable":true,"href":"https:\/\/salonforall.nl\/de\/wp-json\/wp\/v2\/comments?post=18825"}],"wp:featuredmedia":[{"embeddable":true,"href":"https:\/\/salonforall.nl\/de\/wp-json\/wp\/v2\/media\/18826"}],"wp:attachment":[{"href":"https:\/\/salonforall.nl\/de\/wp-json\/wp\/v2\/media?parent=18825"}],"wp:term":[{"taxonomy":"product_brand","embeddable":true,"href":"https:\/\/salonforall.nl\/de\/wp-json\/wp\/v2\/product_brand?post=18825"},{"taxonomy":"product_cat","embeddable":true,"href":"https:\/\/salonforall.nl\/de\/wp-json\/wp\/v2\/product_cat?post=18825"},{"taxonomy":"product_tag","embeddable":true,"href":"https:\/\/salonforall.nl\/de\/wp-json\/wp\/v2\/product_tag?post=18825"}],"curies":[{"name":"wp","href":"https:\/\/api.w.org\/{rel}","templated":true}]}}