{"id":2021,"date":"2025-01-16T09:30:36","date_gmt":"2025-01-16T09:30:36","guid":{"rendered":"https:\/\/salonforall.nl\/spa-stoel-voor-pedicure-azzurro-016-bruin\/"},"modified":"2025-12-30T06:12:13","modified_gmt":"2025-12-30T05:12:13","slug":"wellness-stuhl-fur-pedikure-azzurro-016-braun","status":"publish","type":"product","link":"https:\/\/salonforall.nl\/de\/spa-stoel-voor-pedicure-azzurro-016-bruin\/","title":{"rendered":"Spa-Stuhl f\u00fcr Pedik\u00fcre azzurro 016 braun"},"content":{"rendered":"<h2>Informationen \u00fcber den <strong>Spa-Stuhl f\u00fcr Pedik\u00fcre azzurro 016 braun mit Artikel Nummer <\/strong>127546<\/h2>\n<p>der elegante und sehr bequeme pedik\u00fcresessel azzurro 016 ist ein sehr hochwertiger pedik\u00fcresessel, der mit einem weichen und strapazierf\u00e4higen \u00f6ko-lederbezug gepolstert ist. der sessel ist mit einer elektronischen sitzsteuerung, einer neigungsverstellung vorne\/hinten und einer neigungsverstellung der r\u00fcckenlehne ausgestattet. die basis des sessels ist mit einer individuell einstellbaren fu\u00dfst\u00fctze ausgestattet. dieser sessel ist nicht nur ein stilvolles m\u00f6belst\u00fcck, sondern auch ein sehr bequemer arbeitsplatz. tolle qualit\u00e4t!!! 2 Jahre Garantie!!!<\/p>\n<p>Activeshop-Produkte sind vergleichsweise g\u00fcnstiger als viele andere Marken\/Anbieter. Der Preis ist proportional zur Qualit\u00e4t. Das macht den Spa-Stuhl f\u00fcr Pedik\u00fcre azzurro 016 braun zu einer niedrigschwelligen L\u00f6sung f\u00fcr Ihren Salon.<\/p>\n<h2>Wie wird der Spa-Stuhl f\u00fcr Pedik\u00fcre azzurro 016 braun geliefert?<\/h2>\n<p>Die <strong>Spa-Stuhl f\u00fcr Pedik\u00fcre azzurro 016 braun <\/strong>wird in Originalverpackung(en) geliefert. Innerhalb der Niederlande und Belgien ist die Lieferung des Spa-Stuhls f\u00fcr Pedik\u00fcre azzurro 016 braun bei einer Bestellung ab 100,- Euro v\u00f6llig kostenlos. F\u00fcr Sendungen in andere L\u00e4nder gelten gesonderte Versandtarife. Diese Tarife k\u00f6nnen Sie bei uns erfragen oder im Warenkorb finden. Der Spa-Stuhl f\u00fcr Pedik\u00fcre azzurro 016 braun wird \u00fcber einen externen Kurier versendet.<\/p>\n<p>Wir liefern Pakete oder Paletten standardm\u00e4\u00dfig bis zur Schwelle der Haust\u00fcr, auch wenn Sie sich in einem Kollektivhaus, einem Mehrfamilienhaus oder einem Wohnkomplex mit Aufzug befinden (sofern der Artikel in den Aufzug passt). Gibt es keinen Aufzug oder passt der Artikel nicht in den Aufzug? Dann liefern wir bis zur Schwelle des Erdgeschosses.<\/p>\n<p>Haben Sie noch Fragen zur Lieferung oder einer besonderen Situation? Kontaktieren Sie uns und wir helfen Ihnen gerne weiter!<\/p>\n<p><em>*Die Artikel werden standardm\u00e4\u00dfig nicht ausgepackt oder zusammengestellt. In besonderen Situationen kontaktieren Sie uns bitte, um Vereinbarungen zu treffen.<\/em><\/p>\n<h2>Sichere Online-Bestellung bei Salon For All mit dem G\u00fctesiegel Webwinkelkeur und SSL-Sicherheit<\/h2>\n<p>Es ist uns wichtig, dass unsere Kunden sicher bei uns online einkaufen k\u00f6nnen. Seit 2019 sind wir Mitglied des nationalen G\u00fctezeichens Webwinkelkeur. Unsere Identit\u00e4t wurde von ihnen \u00fcberpr\u00fcft, verifiziert und der Webshop wurde rechtlich gepr\u00fcft und genehmigt. Au\u00dferdem ist unser Webshop bei ihnen zur Streitschlichtung angeschlossen. Sie sehen die Plakette mit allen Informationen dieses Webwinkelkeurmerkmals auf der linken oder rechten Seite des Webshops (rosa mit wei\u00dfem Button). Unsere Website ist au\u00dferdem mit einem SSL-Zertifikat gesichert, so dass Sie sicher surfen k\u00f6nnen. In der Leiste Ihres Internetbrowsers, in der unsere Website aufgef\u00fchrt ist, sehen Sie ein Schloss. Wenn Sie auf das Vorh\u00e4ngeschloss klicken, erhalten Sie alle Informationen \u00fcber unsere Sicherheit. So wissen Sie, dass Ihre Bestellung von Wellness-Stuhl f\u00fcr Pedik\u00fcre azzurro 016 braun und Ihre pers\u00f6nlichen Daten sicher behandelt werden.<\/p>\n<h2>Wie kann ich den Spa-Stuhl f\u00fcr Pedik\u00fcre azzurro 016 braun auschecken?<\/h2>\n<p>Wir m\u00f6chten es Ihnen so einfach wie m\u00f6glich machen. Deshalb k\u00f6nnen Sie bei Salon For All mit allen bekannten und g\u00e4ngigen Zahlungsmitteln bezahlen. Bezahlen Sie im Voraus, bei Lieferung oder im Nachhinein; alles ist m\u00f6glich. Sehen Sie hier, welche Zahlungsarten wir anbieten<br \/>\nAngebot:<\/p>\n<ul>\n<li>Ideal<\/li>\n<li>Klarna - Nachzahlung auf Rechnung<\/li>\n<li>Bancontact (Nur f\u00fcr belgische Kunden)<\/li>\n<li>Payin3 - Zahlung in 3 Raten mit 0% Zinsen (nur f\u00fcr niederl\u00e4ndische Kunden)<\/li>\n<li>Paypal<\/li>\n<li>Kreditkarte<\/li>\n<li>Apple Pay<\/li>\n<li>Gesch\u00e4ftsrechnung f\u00fcr Unternehmen<\/li>\n<li>Bezahlen im Ausstellungsraum - sowohl mit Pin als auch in bar (nur bei Abholung m\u00f6glich)<\/li>\n<\/ul>\n<h2>Sehen Sie sich auch die Bewertungen von Salon For ALL an<\/h2>\n<p>Werfen Sie auch einen Blick auf unsere Bewertungen, um die Erfahrungen unserer bisherigen Kunden in Ihre Entscheidung einzubeziehen, den Spa-Stuhl f\u00fcr Pedik\u00fcre azzurro 016 braun bei uns zu bestellen. \u00dcber unser unabh\u00e4ngiges Label Webwinkelkeur sammeln wir automatisch verifizierte Bewertungen von Kunden, die bei uns bestellt haben. Diese finden Sie hinter dem rosa Button in unserem Webshop oder sind unter den Produkten aufgef\u00fchrt.<\/p>\n<p>Teilen Sie nach Ihrem Kauf auch Ihre Erfahrungen mit Ihrem bestellten Spa-Stuhl f\u00fcr Pedik\u00fcre azzurro 016 braun und Ihre Erfahrungen mit dem Kaufprozess oder kontaktieren Sie Salon For All, um andere zu inspirieren!<\/p>\n<h2>Kontakt Salon f\u00fcr alle<\/h2>\n<p>Dann nehmen Sie Kontakt mit uns auf. Wir beraten Sie gerne beim Kauf des Spa-Stuhls f\u00fcr Pedik\u00fcre azzurro 016 braun. An Werktagen erreichen Sie uns am besten zwischen 8.30 und 17 Uhr \u00fcber die Telefonnummer und E-Mail-Adresse oben im Webshop oder \u00fcber die Chat-Funktion. Fragen au\u00dferhalb der B\u00fcrozeiten werden in der Regel innerhalb von 24 Stunden beantwortet. Es ist auch m\u00f6glich, uns au\u00dferhalb der Arbeitstage oder B\u00fcrozeiten zu besuchen. Bitte vereinbaren Sie jedoch im Voraus einen Termin.<\/p>\n<h2>M\u00f6chten Sie in unserem Ausstellungsraum vorbeischauen?<\/h2>\n<p>M\u00f6chten Sie sich den Spa-Stuhl f\u00fcr Pedik\u00fcre azzurro 016 braun ansehen oder zusammen mit unserem Kollegen durch unser (Web)Shop-Angebot gehen? Dann besuchen Sie unseren Showroom mit \u00fcber 1000m2 Saloneinrichtung und lassen Sie sich von unseren Mitarbeitern inspirieren. Auch wenn Sie sich gerne bei einer guten Tasse Kaffee oder Tee austauschen, sind Sie bei uns herzlich willkommen. Da wir nicht alle Produkte ausstellen k\u00f6nnen, bitten wir Sie, uns im Voraus Bescheid zu geben, wenn Sie kommen m\u00f6chten. Vereinbaren Sie immer einen Termin im Voraus.<\/p>\n<h2>14-t\u00e4gige Bedenkzeit und unser R\u00fcckgaberecht<\/h2>\n<p>Nat\u00fcrlich kann es vorkommen, dass der gelieferte Spa-Stuhl f\u00fcr Pedik\u00fcre azzurro 016 braun nicht ganz nach Ihrem Geschmack ist und Sie ihn zur\u00fcckgeben m\u00f6chten. Das ist bei Salon For All kein Problem. Sie m\u00fcssen uns innerhalb von 14 Werktagen \u00fcber Ihre R\u00fcckgabe informieren. <a href=\"mailto:info@salonforall.nl\">info@salonforall.nl<\/a> . Sie erhalten dann zun\u00e4chst die R\u00fcckgabeanweisungen und -bedingungen. Bitte beachten Sie, dass der Spa-Stuhl f\u00fcr Pedik\u00fcre azzurro 016 braun nicht benutzt worden sein darf, alle mitgelieferten Teile enthalten muss und in der Originalverpackung verpackt zur\u00fcckgeschickt werden muss. Die Kosten f\u00fcr den Versand einer R\u00fccksendung gehen beim Kauf \u00fcber www.salonforall.nl immer zu Lasten des K\u00e4ufers. Sie m\u00fcssen Ihren eigenen Transport f\u00fcr eine R\u00fccksendung mit einem Spediteur Ihrer Wahl organisieren. Sobald der Spa-Stuhl f\u00fcr Pedik\u00fcre azzurro 016 braun zur\u00fcckgeschickt wird, wird er auf Vollst\u00e4ndigkeit und Besch\u00e4digung gepr\u00fcft. Sobald die R\u00fccksendung genehmigt ist, wird der Kaufbetrag innerhalb von 5 Arbeitstagen auf die uns bekannte Kontonummer zur\u00fcckerstattet.<\/p>\n<h2>Wer ist Salon For All?<\/h2>\n<p>Salon For all ist der Gro\u00dfh\u00e4ndler f\u00fcr jegliche Salonausr\u00fcstung in Europa. Salon For all wurde 2003 unter dem Namen Salonvoordeel gegr\u00fcndet und ist aus der Praxis heraus entstanden. Die Inhaber von Salon For All sind erfahrene Friseure und Kosmetiker und verf\u00fcgen zusammen \u00fcber mehr als 30 Jahre Praxiserfahrung. Im Jahr 2003 starteten wir mit Salonvoordeel.nl (Niederlande) und sp\u00e4ter wurde Salon For All f\u00fcr den europ\u00e4ischen Markt gegr\u00fcndet. Einige unserer Mitarbeiter machten sich selbst\u00e4ndig, und so entstand die Idee, einen funktionalen Webshop f\u00fcr Friseure zu gr\u00fcnden und ihnen bei der Einrichtung ihrer Salons zu helfen. Mit unserer jahrelangen Erfahrung in der Branche k\u00f6nnen wir Ihnen einen Spiegel vorhalten und Sie richtig beraten. Wir sprechen dieselbe Sprache! Wir beraten, inspirieren, motivieren und helfen Ihnen beim Kauf eines <em>Spa-Stuhl f\u00fcr Pedik\u00fcre azzurro 016 braun<\/em>. Unsere Lieferanten befinden sich in ganz Europa, von Deutschland, England, Italien bis Polen.<\/p>","protected":false},"excerpt":{"rendered":"<p>Der Spa-Stuhl f\u00fcr Pedik\u00fcre azzurro 016 braun der Marke AZZURRO ist eine erschwingliche L\u00f6sung f\u00fcr jeden Salon. Die Lieferzeit f\u00fcr diesen Behandlungsstuhl betr\u00e4gt 2-6 Arbeitstage.<\/p>","protected":false},"featured_media":5877,"comment_status":"open","ping_status":"closed","template":"","meta":[],"product_brand":[],"product_cat":[73,72,75,97,74,93,94,95,96,98,76],"product_tag":[],"class_list":{"0":"post-2021","1":"product","2":"type-product","3":"status-publish","4":"has-post-thumbnail","6":"product_cat-behandelstoel","7":"product_cat-behandelstoelen","8":"product_cat-cosmetische-inrichting","9":"product_cat-cosmetsiche-stoel","10":"product_cat-elektrische-behandelstoel","11":"product_cat-pedicure-salon-inrichting","12":"product_cat-pedicure-stoel","13":"product_cat-podotherapie-inrichting","14":"product_cat-podotherapiestoel","15":"product_cat-schoonheidsalon-behandelstoel","16":"product_cat-schoonheissalon-inrichting","17":"pa_kleur-bruin","18":"pa_merk-azzurro","20":"first","21":"outofstock","22":"sale","23":"taxable","24":"shipping-taxable","25":"purchasable","26":"product-type-simple"},"yoast_head":"<!-- This site is optimized with the Yoast SEO Premium plugin v27.3 (Yoast SEO v27.3) - https:\/\/yoast.com\/product\/yoast-seo-premium-wordpress\/ -->\n<title>Spa stoel voor pedicure azzurro 016 bruin kopen bij Salon For All B.V. NL &amp; BE<\/title>\n<meta name=\"description\" content=\"Spa stoel voor pedicure azzurro 016 bruin koop je online of in de showroom bij Salon For All B.V. NL &amp; BE . De groothandel voor salons, praktijken en spa&#039;s in NL en BE.\" \/>\n<meta name=\"robots\" content=\"index, follow, max-snippet:-1, max-image-preview:large, max-video-preview:-1\" \/>\n<link rel=\"canonical\" href=\"https:\/\/salonforall.nl\/de\/wellness-stuhl-fur-pedikure-azzurro-016-braun\/\" \/>\n<meta property=\"og:locale\" content=\"de_DE\" \/>\n<meta property=\"og:type\" content=\"article\" \/>\n<meta property=\"og:title\" content=\"Spa stoel voor pedicure azzurro 016 bruin\" \/>\n<meta property=\"og:description\" content=\"Spa stoel voor pedicure azzurro 016 bruin koop je online of in de showroom bij Salon For All B.V. NL &amp; BE . De groothandel voor salons, praktijken en spa&#039;s in NL en BE.\" \/>\n<meta property=\"og:url\" content=\"https:\/\/salonforall.nl\/de\/wellness-stuhl-fur-pedikure-azzurro-016-braun\/\" \/>\n<meta property=\"og:site_name\" content=\"Salon For All B.V. NL &amp; BE\" \/>\n<meta property=\"article:modified_time\" content=\"2025-12-30T05:12:13+00:00\" \/>\n<meta property=\"og:image\" content=\"https:\/\/salonforall.nl\/wp-content\/uploads\/2025\/01\/spa-stoel-voor-pedicure-azzurro-016-bruin-1-1.jpg\" \/>\n\t<meta property=\"og:image:width\" content=\"800\" \/>\n\t<meta property=\"og:image:height\" content=\"800\" \/>\n\t<meta property=\"og:image:type\" content=\"image\/jpeg\" \/>\n<meta name=\"twitter:card\" content=\"summary_large_image\" \/>\n<meta name=\"twitter:title\" content=\"Spa stoel voor pedicure azzurro 016 bruin\" \/>\n<meta name=\"twitter:label1\" content=\"Preis\" \/>\n\t<meta name=\"twitter:data1\" content=\"&nbsp;2.158,54 excl. btw\" \/>\n\t<meta name=\"twitter:label2\" content=\"Verf\u00fcgbarkeit\" \/>\n\t<meta name=\"twitter:data2\" content=\"ausverkauft\" \/>\n<script type=\"application\/ld+json\" class=\"yoast-schema-graph\">{\"@context\":\"https:\\\/\\\/schema.org\",\"@graph\":[{\"@type\":\"WebPage\",\"@id\":\"https:\\\/\\\/salonforall.nl\\\/spa-stoel-voor-pedicure-azzurro-016-bruin\\\/\",\"url\":\"https:\\\/\\\/salonforall.nl\\\/spa-stoel-voor-pedicure-azzurro-016-bruin\\\/\",\"name\":\"Spa stoel voor pedicure azzurro 016 bruin kopen bij Salon For All B.V. NL &amp; BE\",\"isPartOf\":{\"@id\":\"https:\\\/\\\/salonforall.nl\\\/#website\"},\"primaryImageOfPage\":{\"@id\":\"https:\\\/\\\/salonforall.nl\\\/spa-stoel-voor-pedicure-azzurro-016-bruin\\\/#primaryimage\"},\"image\":{\"@id\":\"https:\\\/\\\/salonforall.nl\\\/spa-stoel-voor-pedicure-azzurro-016-bruin\\\/#primaryimage\"},\"thumbnailUrl\":\"https:\\\/\\\/salonforall.nl\\\/wp-content\\\/uploads\\\/2025\\\/01\\\/spa-stoel-voor-pedicure-azzurro-016-bruin-1-1.jpg\",\"datePublished\":\"2025-01-16T09:30:36+00:00\",\"dateModified\":\"2025-12-30T05:12:13+00:00\",\"description\":\"Spa stoel voor pedicure azzurro 016 bruin koop je online of in de showroom bij Salon For All B.V. NL &amp; BE . De groothandel voor salons, praktijken en spa's in NL en BE.\",\"breadcrumb\":{\"@id\":\"https:\\\/\\\/salonforall.nl\\\/spa-stoel-voor-pedicure-azzurro-016-bruin\\\/#breadcrumb\"},\"inLanguage\":\"de\",\"potentialAction\":[{\"@type\":\"ReadAction\",\"target\":[\"https:\\\/\\\/salonforall.nl\\\/spa-stoel-voor-pedicure-azzurro-016-bruin\\\/\"]}]},{\"@type\":\"ImageObject\",\"inLanguage\":\"de\",\"@id\":\"https:\\\/\\\/salonforall.nl\\\/spa-stoel-voor-pedicure-azzurro-016-bruin\\\/#primaryimage\",\"url\":\"https:\\\/\\\/salonforall.nl\\\/wp-content\\\/uploads\\\/2025\\\/01\\\/spa-stoel-voor-pedicure-azzurro-016-bruin-1-1.jpg\",\"contentUrl\":\"https:\\\/\\\/salonforall.nl\\\/wp-content\\\/uploads\\\/2025\\\/01\\\/spa-stoel-voor-pedicure-azzurro-016-bruin-1-1.jpg\",\"width\":800,\"height\":800,\"caption\":\"Spa stoel voor pedicure azzurro 016 bruin 1\"},{\"@type\":\"BreadcrumbList\",\"@id\":\"https:\\\/\\\/salonforall.nl\\\/spa-stoel-voor-pedicure-azzurro-016-bruin\\\/#breadcrumb\",\"itemListElement\":[{\"@type\":\"ListItem\",\"position\":1,\"name\":\"Home\",\"item\":\"https:\\\/\\\/salonforall.nl\\\/\"},{\"@type\":\"ListItem\",\"position\":2,\"name\":\"Winkel\",\"item\":\"https:\\\/\\\/salonforall.nl\\\/winkel\\\/\"},{\"@type\":\"ListItem\",\"position\":3,\"name\":\"Spa stoel voor pedicure azzurro 016 bruin\"}]},{\"@type\":\"WebSite\",\"@id\":\"https:\\\/\\\/salonforall.nl\\\/#website\",\"url\":\"https:\\\/\\\/salonforall.nl\\\/\",\"name\":\"Salon For All\",\"description\":\"Jouw groothandel voor praktijk- &amp; saloninrichting en benodigdheden\",\"publisher\":{\"@id\":\"https:\\\/\\\/salonforall.nl\\\/#organization\"},\"alternateName\":\"salonforall.nl\",\"potentialAction\":[{\"@type\":\"SearchAction\",\"target\":{\"@type\":\"EntryPoint\",\"urlTemplate\":\"https:\\\/\\\/salonforall.nl\\\/?s={search_term_string}\"},\"query-input\":{\"@type\":\"PropertyValueSpecification\",\"valueRequired\":true,\"valueName\":\"search_term_string\"}}],\"inLanguage\":\"de\"},{\"@type\":\"Organization\",\"@id\":\"https:\\\/\\\/salonforall.nl\\\/#organization\",\"name\":\"Salon For All B.V.\",\"alternateName\":\"Salonforall.nl\",\"url\":\"https:\\\/\\\/salonforall.nl\\\/\",\"logo\":{\"@type\":\"ImageObject\",\"inLanguage\":\"de\",\"@id\":\"https:\\\/\\\/salonforall.nl\\\/#\\\/schema\\\/logo\\\/image\\\/\",\"url\":\"https:\\\/\\\/salonforall.nl\\\/wp-content\\\/uploads\\\/2025\\\/01\\\/logo-salon-for-all-groothandel-saloninrichting-e1736940477693.png\",\"contentUrl\":\"https:\\\/\\\/salonforall.nl\\\/wp-content\\\/uploads\\\/2025\\\/01\\\/logo-salon-for-all-groothandel-saloninrichting-e1736940477693.png\",\"width\":500,\"height\":125,\"caption\":\"Salon For All B.V.\"},\"image\":{\"@id\":\"https:\\\/\\\/salonforall.nl\\\/#\\\/schema\\\/logo\\\/image\\\/\"},\"description\":\"Salon For All is de groothandel voor praktijk- en saloninrichting en benodigdheden.\",\"email\":\"info@salonforall.com\",\"legalName\":\"Salon For All\",\"numberOfEmployees\":{\"@type\":\"QuantitativeValue\",\"minValue\":\"1\",\"maxValue\":\"10\"},\"hasMerchantReturnPolicy\":{\"@type\":\"MerchantReturnPolicy\",\"merchantReturnLink\":\"https:\\\/\\\/salonforall.nl\\\/de\\\/retourvoorwaarden\\\/\"}}]}<\/script>\n<meta property=\"product:brand\" content=\"AZZURRO\" \/>\n<meta property=\"product:price:amount\" content=\"2158.54\" \/>\n<meta property=\"product:price:currency\" content=\"EUR\" \/>\n<meta property=\"og:availability\" content=\"out of stock\" \/>\n<meta property=\"product:availability\" content=\"out of stock\" \/>\n<meta property=\"product:retailer_item_id\" content=\"127546\" \/>\n<meta property=\"product:condition\" content=\"new\" \/>\n<!-- \/ Yoast SEO Premium plugin. -->","yoast_head_json":{"title":"Spa-Stuhl f\u00fcr Pedik\u00fcre azzurro 016 braun kaufen von Salon For All B.V. NL &amp; BE","description":"Spa-Stuhl f\u00fcr Pedik\u00fcre azzurro 016 braun online oder im Ausstellungsraum kaufen bei Salon For All B.V. NL &amp; BE . Der Gro\u00dfh\u00e4ndler f\u00fcr Salons, Praxen und Spas in NL und BE.","robots":{"index":"index","follow":"follow","max-snippet":"max-snippet:-1","max-image-preview":"max-image-preview:large","max-video-preview":"max-video-preview:-1"},"canonical":"https:\/\/salonforall.nl\/de\/wellness-stuhl-fur-pedikure-azzurro-016-braun\/","og_locale":"de_DE","og_type":"article","og_title":"Spa stoel voor pedicure azzurro 016 bruin","og_description":"Spa stoel voor pedicure azzurro 016 bruin koop je online of in de showroom bij Salon For All B.V. NL &amp; BE . De groothandel voor salons, praktijken en spa's in NL en BE.","og_url":"https:\/\/salonforall.nl\/de\/wellness-stuhl-fur-pedikure-azzurro-016-braun\/","og_site_name":"Salon For All B.V. NL &amp; BE","article_modified_time":"2025-12-30T05:12:13+00:00","og_image":[{"width":800,"height":800,"url":"https:\/\/salonforall.nl\/wp-content\/uploads\/2025\/01\/spa-stoel-voor-pedicure-azzurro-016-bruin-1-1.jpg","type":"image\/jpeg"}],"twitter_card":"summary_large_image","twitter_title":"Spa stoel voor pedicure azzurro 016 bruin","twitter_misc":{"Preis":"&nbsp;2.158,54 excl. btw","Verf\u00fcgbarkeit":"ausverkauft"},"schema":{"@context":"https:\/\/schema.org","@graph":[{"@type":"WebPage","@id":"https:\/\/salonforall.nl\/spa-stoel-voor-pedicure-azzurro-016-bruin\/","url":"https:\/\/salonforall.nl\/spa-stoel-voor-pedicure-azzurro-016-bruin\/","name":"Spa-Stuhl f\u00fcr Pedik\u00fcre azzurro 016 braun kaufen von Salon For All B.V. NL &amp; BE","isPartOf":{"@id":"https:\/\/salonforall.nl\/#website"},"primaryImageOfPage":{"@id":"https:\/\/salonforall.nl\/spa-stoel-voor-pedicure-azzurro-016-bruin\/#primaryimage"},"image":{"@id":"https:\/\/salonforall.nl\/spa-stoel-voor-pedicure-azzurro-016-bruin\/#primaryimage"},"thumbnailUrl":"https:\/\/salonforall.nl\/wp-content\/uploads\/2025\/01\/spa-stoel-voor-pedicure-azzurro-016-bruin-1-1.jpg","datePublished":"2025-01-16T09:30:36+00:00","dateModified":"2025-12-30T05:12:13+00:00","description":"Spa-Stuhl f\u00fcr Pedik\u00fcre azzurro 016 braun online oder im Ausstellungsraum kaufen bei Salon For All B.V. NL &amp; BE . Der Gro\u00dfh\u00e4ndler f\u00fcr Salons, Praxen und Spas in NL und BE.","breadcrumb":{"@id":"https:\/\/salonforall.nl\/spa-stoel-voor-pedicure-azzurro-016-bruin\/#breadcrumb"},"inLanguage":"de","potentialAction":[{"@type":"ReadAction","target":["https:\/\/salonforall.nl\/spa-stoel-voor-pedicure-azzurro-016-bruin\/"]}]},{"@type":"ImageObject","inLanguage":"de","@id":"https:\/\/salonforall.nl\/spa-stoel-voor-pedicure-azzurro-016-bruin\/#primaryimage","url":"https:\/\/salonforall.nl\/wp-content\/uploads\/2025\/01\/spa-stoel-voor-pedicure-azzurro-016-bruin-1-1.jpg","contentUrl":"https:\/\/salonforall.nl\/wp-content\/uploads\/2025\/01\/spa-stoel-voor-pedicure-azzurro-016-bruin-1-1.jpg","width":800,"height":800,"caption":"Spa stoel voor pedicure azzurro 016 bruin 1"},{"@type":"BreadcrumbList","@id":"https:\/\/salonforall.nl\/spa-stoel-voor-pedicure-azzurro-016-bruin\/#breadcrumb","itemListElement":[{"@type":"ListItem","position":1,"name":"Home","item":"https:\/\/salonforall.nl\/"},{"@type":"ListItem","position":2,"name":"Winkel","item":"https:\/\/salonforall.nl\/winkel\/"},{"@type":"ListItem","position":3,"name":"Spa stoel voor pedicure azzurro 016 bruin"}]},{"@type":"WebSite","@id":"https:\/\/salonforall.nl\/#website","url":"https:\/\/salonforall.nl\/","name":"Salon f\u00fcr alle","description":"Ihr Gro\u00dfh\u00e4ndler f\u00fcr Praxis- und Salonausstattung und -bedarf","publisher":{"@id":"https:\/\/salonforall.nl\/#organization"},"alternateName":"salonforall.nl","potentialAction":[{"@type":"SearchAction","target":{"@type":"EntryPoint","urlTemplate":"https:\/\/salonforall.nl\/?s={search_term_string}"},"query-input":{"@type":"PropertyValueSpecification","valueRequired":true,"valueName":"search_term_string"}}],"inLanguage":"de"},{"@type":"Organization","@id":"https:\/\/salonforall.nl\/#organization","name":"Salon For All B.V.","alternateName":"Salonforall.nl","url":"https:\/\/salonforall.nl\/","logo":{"@type":"ImageObject","inLanguage":"de","@id":"https:\/\/salonforall.nl\/#\/schema\/logo\/image\/","url":"https:\/\/salonforall.nl\/wp-content\/uploads\/2025\/01\/logo-salon-for-all-groothandel-saloninrichting-e1736940477693.png","contentUrl":"https:\/\/salonforall.nl\/wp-content\/uploads\/2025\/01\/logo-salon-for-all-groothandel-saloninrichting-e1736940477693.png","width":500,"height":125,"caption":"Salon For All B.V."},"image":{"@id":"https:\/\/salonforall.nl\/#\/schema\/logo\/image\/"},"description":"Salon For All ist der Gro\u00dfh\u00e4ndler f\u00fcr Praxis- und Salonausstattung und -bedarf.","email":"info@salonforall.com","legalName":"Salon For All","numberOfEmployees":{"@type":"QuantitativeValue","minValue":"1","maxValue":"10"},"hasMerchantReturnPolicy":{"@type":"MerchantReturnPolicy","merchantReturnLink":"https:\/\/salonforall.nl\/de\/retourvoorwaarden\/"}}]},"product_brand":"AZZURRO","product_price_amount":"2158.54","product_price_currency":"EUR","og_availability":"out of stock","product_availability":"out of stock","product_retailer_item_id":"127546","product_condition":"new"},"_links":{"self":[{"href":"https:\/\/salonforall.nl\/de\/wp-json\/wp\/v2\/product\/2021","targetHints":{"allow":["GET"]}}],"collection":[{"href":"https:\/\/salonforall.nl\/de\/wp-json\/wp\/v2\/product"}],"about":[{"href":"https:\/\/salonforall.nl\/de\/wp-json\/wp\/v2\/types\/product"}],"replies":[{"embeddable":true,"href":"https:\/\/salonforall.nl\/de\/wp-json\/wp\/v2\/comments?post=2021"}],"wp:featuredmedia":[{"embeddable":true,"href":"https:\/\/salonforall.nl\/de\/wp-json\/wp\/v2\/media\/5877"}],"wp:attachment":[{"href":"https:\/\/salonforall.nl\/de\/wp-json\/wp\/v2\/media?parent=2021"}],"wp:term":[{"taxonomy":"product_brand","embeddable":true,"href":"https:\/\/salonforall.nl\/de\/wp-json\/wp\/v2\/product_brand?post=2021"},{"taxonomy":"product_cat","embeddable":true,"href":"https:\/\/salonforall.nl\/de\/wp-json\/wp\/v2\/product_cat?post=2021"},{"taxonomy":"product_tag","embeddable":true,"href":"https:\/\/salonforall.nl\/de\/wp-json\/wp\/v2\/product_tag?post=2021"}],"curies":[{"name":"wp","href":"https:\/\/api.w.org\/{rel}","templated":true}]}}