{"id":20631,"date":"2026-01-20T15:52:45","date_gmt":"2026-01-20T14:52:45","guid":{"rendered":"https:\/\/salonforall.nl\/?post_type=product&#038;p=20631"},"modified":"2026-04-12T12:15:07","modified_gmt":"2026-04-12T11:15:07","slug":"weelko-elektrische-behandelstoel-maxi-smart-4-motoren-wit","status":"publish","type":"product","link":"https:\/\/salonforall.nl\/de\/weelko-elektrische-behandelstoel-maxi-smart-4-motoren-wit\/","title":{"rendered":"Weelko Elektrische behandelstoel Maxi Smart 4 motoren wit"},"content":{"rendered":"<div class=\"wpb-content-wrapper\"><div class=\"vc_row wpb_row vc_row-fluid\"><div class=\"wpb_column vc_column_container vc_col-sm-12\"><div class=\"vc_column-inner\"><div class=\"wpb_wrapper\">\n\t<div class=\"wpb_text_column wpb_content_element\" >\n\t\t<div class=\"wpb_wrapper\">\n\t\t\t<h2>Weelko Elektrische behandelstoel Maxi Smart 4 motoren wit \u2013 professioneel en veelzijdig<\/h2>\n<p>Die <em>Weelko Elektrische behandelstoel Maxi Smart 4 motoren wit <\/em>is d\u00e9 keuze voor professionals die precisie en werkcomfort centraal stellen. Bovendien onderscheidt deze schoonheidsbed zich door zijn extra stabiele constructie en vier onafhankelijk werkende motoren. Of je nu werkt als schoonheidsspecialist, huidtherapeut of wellness-behandelaar \u2014 deze stoel past zich aan jouw werkwijze aan.<\/p>\n<h2>Vier motoren voor optimale controle<\/h2>\n<p>De Weelko Maxi Smart 4 motoren beschikt over vier motoren die elk een specifieke functie aansturen. Zo verstel je de hoogte soepel van 66 tot 100 centimeter. Daarnaast past de rugleuning zich aan van 0\u00b0 tot 85\u00b0. Ook de zitting kantelt 12\u00b0 voor extra ondersteuning. Ten slotte verstel je de voetensteun van 0\u00b0 tot 85\u00b0, met een uitschuiffunctie van 15 centimeter. Hierdoor vind je altijd de ideale werkpositie.<\/p>\n<h2>Roterende armleuningen en uitschuifbare steun<\/h2>\n<p>De armleuningen draaien van 0\u00b0 tot 180\u00b0. Daardoor werk je als behandelaar optimaal rondom de cli\u00ebnt. De hoofdsteun schuift 13 centimeter uit voor extra liglengte. Gecombineerd met de uitschuifbare voetensteun past de Maxi Smart zich aan iedere cli\u00ebnt aan. Bovendien hoef je als behandelaar nooit in te leveren op werkhouding.<\/p>\n<h2>Optioneel: ge\u00efntegreerde verwarming voor extra comfort (HT-versie)<\/h2>\n<p>Die <strong>Weelko Elektrische behandelstoel Maxi Smart 4 motoren wit<\/strong> is ook leverbaar met ge\u00efntegreerde verwarming. Deze HT-versie (Ref. WKE031.4.A26.HT) heeft twee temperatuurstanden. De lage stand warmt op naar 30-31\u00b0C. De hoge stand bereikt 38-40\u00b0C. Bovendien schakelt het systeem na \u00e9\u00e9n uur automatisch uit. Vooral bij ontspannende behandelingen verhoogt dit het cli\u00ebntcomfort aanzienlijk.<\/p>\n<h2>Hoogwaardige witte PU-bekleding<\/h2>\n<p>De witte PU-bekleding van de Maxi Smart is duurzaam en eenvoudig te reinigen. Dat maakt hem ideaal voor de strenge hygi\u00ebne-eisen in een professionele salon. De matrasdikte bedraagt 10 centimeter voor optimaal ligcomfort. Daarnaast is de stoel ook leverbaar in beige.<\/p>\n<h2>Compact formaat, maximale functionaliteit<\/h2>\n<p>Die <strong>Weelko Elektrische behandelstoel Maxi Smart 4 motoren wit<\/strong> meet 185 x 62 cm zonder armleuningen. Met armleuningen is dat 185 x 84 cm. Het eigengewicht bedraagt 83 kilogram voor een stabiele basis. Bovendien is het maximale draaggewicht 200 kilogram. Hierdoor is de stoel geschikt voor een breed scala aan cli\u00ebnten.<\/p>\n<h2>Intu\u00eftieve handbediening voor directe controle<\/h2>\n<p>De Maxi Smart wordt standaard geleverd met een ergonomische handbediening. Hiermee bedien je alle motorische functies snel en eenvoudig. De HT-versie (met verwarming) bevat de speciale HC004.HT.SWOP handbediening. Daarmee stel je ook het verwarmingsniveau direct in. Zo verloopt elke behandeling zonder onderbrekingen.<\/p>\n<h2>Uitbreidbaar met accessoires naar keuze<\/h2>\n<p>Die <strong>Weelko Elektrische behandelstoel Maxi Smart 4 motoren wit<\/strong> is eenvoudig uit te breiden. Kies bijvoorbeeld voor een beschermhoes (Ref. COVER.BEAUTY) om de bekleding te beschermen. Voeg daarnaast een papierrolhouder (Ref. 50080.1) toe voor extra hygi\u00ebne. Of monteer wielen (Ref. WH.01.2) voor moeiteloze verplaatsing. Zo stem je de stoel volledig af op jouw praktijk.<\/p>\n<h2>Technische specificaties<\/h2>\n<p><strong>Lengte:<\/strong> 185 cm <strong>Breedte:<\/strong> 62 cm (zonder armleuningen) \/ 84 cm (met armleuningen) <strong>Hoogte:<\/strong> 66-100 cm (verstelbaar) <strong>Gewicht:<\/strong> 83 kg (netto) \/ 110 kg (bruto) <strong>Maximaal draaggewicht:<\/strong> 200 kg <strong>Aantal motoren:<\/strong> 4 <strong>Materiaal bekleding:<\/strong> PU-leder (wit of beige) <strong>Matrasdikte:<\/strong> 10 cm <strong>Rugleuning:<\/strong> 0\u00b0-85\u00b0 <strong>Zitting inclinatie:<\/strong> 12\u00b0 <strong>Voetensteun:<\/strong> 0\u00b0-85\u00b0 <strong>Roterende armleuningen:<\/strong> 0\u00b0-180\u00b0 <strong>Uitschuifbare hoofdsteun:<\/strong> +13 cm <strong>Uitschuifbare voetensteun:<\/strong> +15 cm <strong>Verwarming (HT-versie):<\/strong> 2 standen (30-31\u00b0C \/ 38-40\u00b0C), automatische uitschakeling na 1 uur <strong>Stroomvoorziening:<\/strong> AC 220-240V, 50\/60Hz <strong>Verpakkingsafmetingen (standaard):<\/strong> 128,0 x 75,0 x 63,0 cm <strong>Verpakkingsafmetingen (HT-versie):<\/strong> 137,0 x 64,0 x 65,0 cm<\/p>\n<h2>Hoe wordt de Weelko Elektrische behandelstoel Maxi Smart 4 motoren wit geleverd?<\/h2>\n<p>De stoel wordt geleverd in originele verpakking. Binnen Nederland en Belgi\u00eb geldt gratis verzending vanaf 100,- euro. Voor andere landen gelden aparte tarieven. Die vind je terug in de winkelwagen of vraag je bij ons op. Levering gebeurt via een externe koerier, standaard tot de voordeur.<\/p>\n<p>Toch vragen over de bezorging? Neem gerust contact met ons op!<\/p>\n<p>*Artikelen worden niet standaard uitgepakt of gemonteerd. Neem contact op voor bijzondere situaties.<\/p>\n<h2>Veilig online bestellen bij Salon For All<\/h2>\n<p>Salon For All is aangesloten bij het Webwinkelkeur keurmerk sinds 2019. Onze identiteit en webshop zijn juridisch gecontroleerd en goedgekeurd. Daarnaast is onze site beveiligd met een SSL-certificaat. Dat zie je aan het slotje in je internetbrowser. Zo weet je zeker dat je bestelling en persoonsgegevens veilig worden verwerkt.<\/p>\n<h2>Betaalmethodes voor de Weelko Maxi Smart behandelstoel<\/h2>\n<p>Bij Salon For All betaal je op de manier die jou het beste uitkomt:<\/p>\n<ul>\n<li>WERO (voorheen Ideal)<\/li>\n<li>Klarna - Nachzahlung auf Rechnung<\/li>\n<li>Bancontact (alleen voor Belgische klanten)<\/li>\n<li>Payin3 \u2013 In 3 keer betalen met 0% rente (alleen voor Nederlandse klanten)<\/li>\n<li>Paypal<\/li>\n<li>Kreditkarte<\/li>\n<li>Apple Pay<\/li>\n<li>Gesch\u00e4ftsrechnung f\u00fcr Unternehmen<\/li>\n<li>Pin of contant in de showroom (alleen bij ophalen)<\/li>\n<\/ul>\n<h2>Reviews van Salon For All<\/h2>\n<p>Lees de ervaringen van onze klanten voordat je bestelt. Via Webwinkelkeur verzamelen wij automatisch geverifieerde reviews. Die vind je achter de roze button op onze webshop of onder de producten. Deel na je aankoop ook jouw ervaring en inspireer anderen!<\/p>\n<h2>Neem contact op met Salon For All<\/h2>\n<p>Heb je vragen over de Weelko Maxi Smart behandelstoel? Op werkdagen zijn we bereikbaar van 8.30 tot 17.00 uur via telefoon, e-mail of chat. Vragen buiten kantooruren beantwoorden we doorgaans binnen 24 uur. Een bezoek buiten kantooruren is mogelijk, maar vraag dan vooraf een afspraak aan.<\/p>\n<h2>Kom langs in onze showroom<\/h2>\n<p>Wil je de stoel liever eerst bekijken? Bezoek dan onze showroom met meer dan 1000m\u00b2 aan saloninrichting in Dinxperlo. Onze medewerkers helpen je graag verder, onder het genot van een kop koffie of thee. Niet alle producten staan in de showroom, dus meld je van tevoren aan. Maak altijd vooraf een afspraak.<\/p>\n<h2>14 dagen bedenktijd en retourbeleid<\/h2>\n<p>Voldoet de stoel niet aan je verwachtingen? Meld je retour dan binnen 14 werkdagen via info@salonforall.nl. Je ontvangt dan retourinstructies en voorwaarden. Let op: de stoel moet ongebruikt, compleet en in originele verpakking worden teruggestuurd. Retourkosten zijn voor de koper. Na ontvangst en controle storten wij het aankoopbedrag binnen 5 werkdagen terug.<\/p>\n<h2>Wer ist Salon For All?<\/h2>\n<p>Salon For All is d\u00e9 groothandel voor saloninrichting in Europa. Sinds 2003 \u2014 toen nog als Salonvoordeel \u2014 helpen wij kappers, schoonheidsspecialisten en wellness-professionals met de inrichting van hun salon. Onze eigenaren hebben samen meer dan 30 jaar praktijkervaring. Daardoor spreken wij jouw taal en geven wij advies vanuit de praktijk. Onze leveranciers bevinden zich door heel Europa, van Duitsland en Engeland tot Itali\u00eb en Polen.<\/p>\n\n\t\t<\/div>\n\t<\/div>\n<\/div><\/div><\/div><\/div>\n<\/div>","protected":false},"excerpt":{"rendered":"<p>De Weelko Elektrische behandelstoel Maxi Smart 4 motoren wit is een hoogwaardige schoonheidsbed met extra stabiele constructie. Vier motoren verstellen de hoogte (66-100 cm), rugleuning (0\u00b0-85\u00b0), zitting (12\u00b0) en voetensteun (0\u00b0-85\u00b0). De roterende armleuningen draaien van 0\u00b0 tot 180\u00b0. Bovendien schuiven de hoofdsteun (+13 cm) en voetensteun (+15 cm) uit voor maximale aanpasbaarheid. Wit PU-leder, matrasdikte 10 cm, draagvermogen 200 kg. Optioneel leverbaar met verwarming (HT-versie). Inclusief handbediening. Uitbreidbaar met beschermhoes, papierrolhouder en wielen.<\/p>","protected":false},"featured_media":20633,"comment_status":"closed","ping_status":"closed","template":"","meta":[],"product_brand":[2804],"product_cat":[73,72,74,93,94],"product_tag":[3944,3722,3943],"class_list":{"0":"post-20631","1":"product","2":"type-product","3":"status-publish","4":"has-post-thumbnail","6":"product_brand-weelko","7":"product_cat-behandelstoel","8":"product_cat-behandelstoelen","9":"product_cat-elektrische-behandelstoel","10":"product_cat-pedicure-salon-inrichting","11":"product_cat-pedicure-stoel","12":"product_tag-4-motoren","13":"product_tag-elektrische-behandelstoel","14":"product_tag-wit","15":"pa_kleur-wit","16":"pa_levertijd-3-6-werkdagen","18":"first","19":"instock","20":"sale","21":"featured","22":"taxable","23":"shipping-taxable","24":"purchasable","25":"product-type-variable"},"yoast_head":"<!-- This site is optimized with the Yoast SEO Premium plugin v27.3 (Yoast SEO v27.3) - https:\/\/yoast.com\/product\/yoast-seo-premium-wordpress\/ -->\n<title>Weelko Elektrische behandelstoel Maxi Smart 4 motoren wit kopen bij Salon For All B.V. NL &amp; BE<\/title>\n<meta name=\"description\" content=\"Weelko Elektrische behandelstoel Maxi Smart 4 motoren wit koop je online of in de showroom bij Salon For All B.V. NL &amp; BE . De groothandel voor salons, praktijken en spa&#039;s in NL en BE.\" \/>\n<meta name=\"robots\" content=\"index, follow, max-snippet:-1, max-image-preview:large, max-video-preview:-1\" \/>\n<link rel=\"canonical\" href=\"https:\/\/salonforall.nl\/de\/weelko-elektrische-behandelstoel-maxi-smart-4-motoren-wit\/\" \/>\n<meta property=\"og:locale\" content=\"de_DE\" \/>\n<meta property=\"og:type\" content=\"article\" \/>\n<meta property=\"og:title\" content=\"Weelko Elektrische behandelstoel Maxi Smart 4 motoren wit\" \/>\n<meta property=\"og:description\" content=\"Weelko Elektrische behandelstoel Maxi Smart 4 motoren wit koop je online of in de showroom bij Salon For All B.V. NL &amp; BE . De groothandel voor salons, praktijken en spa&#039;s in NL en BE.\" \/>\n<meta property=\"og:url\" content=\"https:\/\/salonforall.nl\/de\/weelko-elektrische-behandelstoel-maxi-smart-4-motoren-wit\/\" \/>\n<meta property=\"og:site_name\" content=\"Salon For All B.V. NL &amp; BE\" \/>\n<meta property=\"article:modified_time\" content=\"2026-04-12T11:15:07+00:00\" \/>\n<meta property=\"og:image\" content=\"https:\/\/salonforall.nl\/wp-content\/uploads\/2026\/01\/weelko-behandelstoel-max-smart-1-scaled.jpg\" \/>\n\t<meta property=\"og:image:width\" content=\"2560\" \/>\n\t<meta property=\"og:image:height\" content=\"1707\" \/>\n\t<meta property=\"og:image:type\" content=\"image\/jpeg\" \/>\n<meta name=\"twitter:card\" content=\"summary_large_image\" \/>\n<meta name=\"twitter:label1\" content=\"Verf\u00fcgbarkeit\" \/>\n\t<meta name=\"twitter:data1\" content=\"Auf Lager\" \/>\n<script type=\"application\/ld+json\" class=\"yoast-schema-graph\">{\"@context\":\"https:\\\/\\\/schema.org\",\"@graph\":[{\"@type\":\"WebPage\",\"@id\":\"https:\\\/\\\/salonforall.nl\\\/weelko-elektrische-behandelstoel-maxi-smart-4-motoren-wit\\\/\",\"url\":\"https:\\\/\\\/salonforall.nl\\\/weelko-elektrische-behandelstoel-maxi-smart-4-motoren-wit\\\/\",\"name\":\"Weelko Elektrische behandelstoel Maxi Smart 4 motoren wit kopen bij Salon For All B.V. NL &amp; BE\",\"isPartOf\":{\"@id\":\"https:\\\/\\\/salonforall.nl\\\/#website\"},\"primaryImageOfPage\":{\"@id\":\"https:\\\/\\\/salonforall.nl\\\/weelko-elektrische-behandelstoel-maxi-smart-4-motoren-wit\\\/#primaryimage\"},\"image\":{\"@id\":\"https:\\\/\\\/salonforall.nl\\\/weelko-elektrische-behandelstoel-maxi-smart-4-motoren-wit\\\/#primaryimage\"},\"thumbnailUrl\":\"https:\\\/\\\/salonforall.nl\\\/wp-content\\\/uploads\\\/2026\\\/01\\\/weelko-behandelstoel-max-smart-1-scaled.jpg\",\"datePublished\":\"2026-01-20T14:52:45+00:00\",\"dateModified\":\"2026-04-12T11:15:07+00:00\",\"description\":\"Weelko Elektrische behandelstoel Maxi Smart 4 motoren wit koop je online of in de showroom bij Salon For All B.V. NL &amp; BE . De groothandel voor salons, praktijken en spa's in NL en BE.\",\"breadcrumb\":{\"@id\":\"https:\\\/\\\/salonforall.nl\\\/weelko-elektrische-behandelstoel-maxi-smart-4-motoren-wit\\\/#breadcrumb\"},\"inLanguage\":\"de\",\"potentialAction\":[{\"@type\":\"ReadAction\",\"target\":[\"https:\\\/\\\/salonforall.nl\\\/weelko-elektrische-behandelstoel-maxi-smart-4-motoren-wit\\\/\"]}]},{\"@type\":\"ImageObject\",\"inLanguage\":\"de\",\"@id\":\"https:\\\/\\\/salonforall.nl\\\/weelko-elektrische-behandelstoel-maxi-smart-4-motoren-wit\\\/#primaryimage\",\"url\":\"https:\\\/\\\/salonforall.nl\\\/wp-content\\\/uploads\\\/2026\\\/01\\\/weelko-behandelstoel-max-smart-1-scaled.jpg\",\"contentUrl\":\"https:\\\/\\\/salonforall.nl\\\/wp-content\\\/uploads\\\/2026\\\/01\\\/weelko-behandelstoel-max-smart-1-scaled.jpg\",\"width\":2560,\"height\":1707,\"caption\":\"weelko behandelstoel max smart 1\"},{\"@type\":\"BreadcrumbList\",\"@id\":\"https:\\\/\\\/salonforall.nl\\\/weelko-elektrische-behandelstoel-maxi-smart-4-motoren-wit\\\/#breadcrumb\",\"itemListElement\":[{\"@type\":\"ListItem\",\"position\":1,\"name\":\"Home\",\"item\":\"https:\\\/\\\/salonforall.nl\\\/\"},{\"@type\":\"ListItem\",\"position\":2,\"name\":\"Winkel\",\"item\":\"https:\\\/\\\/salonforall.nl\\\/winkel\\\/\"},{\"@type\":\"ListItem\",\"position\":3,\"name\":\"Weelko Elektrische behandelstoel Maxi Smart 4 motoren wit\"}]},{\"@type\":\"WebSite\",\"@id\":\"https:\\\/\\\/salonforall.nl\\\/#website\",\"url\":\"https:\\\/\\\/salonforall.nl\\\/\",\"name\":\"Salon For All\",\"description\":\"Jouw groothandel voor praktijk- &amp; saloninrichting en benodigdheden\",\"publisher\":{\"@id\":\"https:\\\/\\\/salonforall.nl\\\/#organization\"},\"alternateName\":\"salonforall.nl\",\"potentialAction\":[{\"@type\":\"SearchAction\",\"target\":{\"@type\":\"EntryPoint\",\"urlTemplate\":\"https:\\\/\\\/salonforall.nl\\\/?s={search_term_string}\"},\"query-input\":{\"@type\":\"PropertyValueSpecification\",\"valueRequired\":true,\"valueName\":\"search_term_string\"}}],\"inLanguage\":\"de\"},{\"@type\":\"Organization\",\"@id\":\"https:\\\/\\\/salonforall.nl\\\/#organization\",\"name\":\"Salon For All B.V.\",\"alternateName\":\"Salonforall.nl\",\"url\":\"https:\\\/\\\/salonforall.nl\\\/\",\"logo\":{\"@type\":\"ImageObject\",\"inLanguage\":\"de\",\"@id\":\"https:\\\/\\\/salonforall.nl\\\/#\\\/schema\\\/logo\\\/image\\\/\",\"url\":\"https:\\\/\\\/salonforall.nl\\\/wp-content\\\/uploads\\\/2025\\\/01\\\/logo-salon-for-all-groothandel-saloninrichting-e1736940477693.png\",\"contentUrl\":\"https:\\\/\\\/salonforall.nl\\\/wp-content\\\/uploads\\\/2025\\\/01\\\/logo-salon-for-all-groothandel-saloninrichting-e1736940477693.png\",\"width\":500,\"height\":125,\"caption\":\"Salon For All B.V.\"},\"image\":{\"@id\":\"https:\\\/\\\/salonforall.nl\\\/#\\\/schema\\\/logo\\\/image\\\/\"},\"description\":\"Salon For All is de groothandel voor praktijk- en saloninrichting en benodigdheden.\",\"email\":\"info@salonforall.com\",\"legalName\":\"Salon For All\",\"numberOfEmployees\":{\"@type\":\"QuantitativeValue\",\"minValue\":\"1\",\"maxValue\":\"10\"},\"hasMerchantReturnPolicy\":{\"@type\":\"MerchantReturnPolicy\",\"merchantReturnLink\":\"https:\\\/\\\/salonforall.nl\\\/de\\\/retourvoorwaarden\\\/\"}}]}<\/script>\n<meta property=\"og:availability\" content=\"instock\" \/>\n<meta property=\"product:availability\" content=\"instock\" \/>\n<meta property=\"product:retailer_item_id\" content=\"WKE030.31\" \/>\n<meta property=\"product:condition\" content=\"new\" \/>\n<!-- \/ Yoast SEO Premium plugin. -->","yoast_head_json":{"title":"Weelko Elektrische behandelstoel Maxi Smart 4 motoren wit kopen bij Salon For All B.V. NL &amp; BE","description":"Weelko Elektrische behandelstoel Maxi Smart 4 motoren wit koop je online of in de showroom bij Salon For All B.V. NL &amp; BE . De groothandel voor salons, praktijken en spa's in NL en BE.","robots":{"index":"index","follow":"follow","max-snippet":"max-snippet:-1","max-image-preview":"max-image-preview:large","max-video-preview":"max-video-preview:-1"},"canonical":"https:\/\/salonforall.nl\/de\/weelko-elektrische-behandelstoel-maxi-smart-4-motoren-wit\/","og_locale":"de_DE","og_type":"article","og_title":"Weelko Elektrische behandelstoel Maxi Smart 4 motoren wit","og_description":"Weelko Elektrische behandelstoel Maxi Smart 4 motoren wit koop je online of in de showroom bij Salon For All B.V. NL &amp; BE . De groothandel voor salons, praktijken en spa's in NL en BE.","og_url":"https:\/\/salonforall.nl\/de\/weelko-elektrische-behandelstoel-maxi-smart-4-motoren-wit\/","og_site_name":"Salon For All B.V. NL &amp; BE","article_modified_time":"2026-04-12T11:15:07+00:00","og_image":[{"width":2560,"height":1707,"url":"https:\/\/salonforall.nl\/wp-content\/uploads\/2026\/01\/weelko-behandelstoel-max-smart-1-scaled.jpg","type":"image\/jpeg"}],"twitter_card":"summary_large_image","twitter_misc":{"Verf\u00fcgbarkeit":"Auf Lager"},"schema":{"@context":"https:\/\/schema.org","@graph":[{"@type":"WebPage","@id":"https:\/\/salonforall.nl\/weelko-elektrische-behandelstoel-maxi-smart-4-motoren-wit\/","url":"https:\/\/salonforall.nl\/weelko-elektrische-behandelstoel-maxi-smart-4-motoren-wit\/","name":"Weelko Elektrische behandelstoel Maxi Smart 4 motoren wit kopen bij Salon For All B.V. NL &amp; BE","isPartOf":{"@id":"https:\/\/salonforall.nl\/#website"},"primaryImageOfPage":{"@id":"https:\/\/salonforall.nl\/weelko-elektrische-behandelstoel-maxi-smart-4-motoren-wit\/#primaryimage"},"image":{"@id":"https:\/\/salonforall.nl\/weelko-elektrische-behandelstoel-maxi-smart-4-motoren-wit\/#primaryimage"},"thumbnailUrl":"https:\/\/salonforall.nl\/wp-content\/uploads\/2026\/01\/weelko-behandelstoel-max-smart-1-scaled.jpg","datePublished":"2026-01-20T14:52:45+00:00","dateModified":"2026-04-12T11:15:07+00:00","description":"Weelko Elektrische behandelstoel Maxi Smart 4 motoren wit koop je online of in de showroom bij Salon For All B.V. NL &amp; BE . De groothandel voor salons, praktijken en spa's in NL en BE.","breadcrumb":{"@id":"https:\/\/salonforall.nl\/weelko-elektrische-behandelstoel-maxi-smart-4-motoren-wit\/#breadcrumb"},"inLanguage":"de","potentialAction":[{"@type":"ReadAction","target":["https:\/\/salonforall.nl\/weelko-elektrische-behandelstoel-maxi-smart-4-motoren-wit\/"]}]},{"@type":"ImageObject","inLanguage":"de","@id":"https:\/\/salonforall.nl\/weelko-elektrische-behandelstoel-maxi-smart-4-motoren-wit\/#primaryimage","url":"https:\/\/salonforall.nl\/wp-content\/uploads\/2026\/01\/weelko-behandelstoel-max-smart-1-scaled.jpg","contentUrl":"https:\/\/salonforall.nl\/wp-content\/uploads\/2026\/01\/weelko-behandelstoel-max-smart-1-scaled.jpg","width":2560,"height":1707,"caption":"weelko behandelstoel max smart 1"},{"@type":"BreadcrumbList","@id":"https:\/\/salonforall.nl\/weelko-elektrische-behandelstoel-maxi-smart-4-motoren-wit\/#breadcrumb","itemListElement":[{"@type":"ListItem","position":1,"name":"Home","item":"https:\/\/salonforall.nl\/"},{"@type":"ListItem","position":2,"name":"Winkel","item":"https:\/\/salonforall.nl\/winkel\/"},{"@type":"ListItem","position":3,"name":"Weelko Elektrische behandelstoel Maxi Smart 4 motoren wit"}]},{"@type":"WebSite","@id":"https:\/\/salonforall.nl\/#website","url":"https:\/\/salonforall.nl\/","name":"Salon f\u00fcr alle","description":"Ihr Gro\u00dfh\u00e4ndler f\u00fcr Praxis- und Salonausstattung und -bedarf","publisher":{"@id":"https:\/\/salonforall.nl\/#organization"},"alternateName":"salonforall.nl","potentialAction":[{"@type":"SearchAction","target":{"@type":"EntryPoint","urlTemplate":"https:\/\/salonforall.nl\/?s={search_term_string}"},"query-input":{"@type":"PropertyValueSpecification","valueRequired":true,"valueName":"search_term_string"}}],"inLanguage":"de"},{"@type":"Organization","@id":"https:\/\/salonforall.nl\/#organization","name":"Salon For All B.V.","alternateName":"Salonforall.nl","url":"https:\/\/salonforall.nl\/","logo":{"@type":"ImageObject","inLanguage":"de","@id":"https:\/\/salonforall.nl\/#\/schema\/logo\/image\/","url":"https:\/\/salonforall.nl\/wp-content\/uploads\/2025\/01\/logo-salon-for-all-groothandel-saloninrichting-e1736940477693.png","contentUrl":"https:\/\/salonforall.nl\/wp-content\/uploads\/2025\/01\/logo-salon-for-all-groothandel-saloninrichting-e1736940477693.png","width":500,"height":125,"caption":"Salon For All B.V."},"image":{"@id":"https:\/\/salonforall.nl\/#\/schema\/logo\/image\/"},"description":"Salon For All ist der Gro\u00dfh\u00e4ndler f\u00fcr Praxis- und Salonausstattung und -bedarf.","email":"info@salonforall.com","legalName":"Salon For All","numberOfEmployees":{"@type":"QuantitativeValue","minValue":"1","maxValue":"10"},"hasMerchantReturnPolicy":{"@type":"MerchantReturnPolicy","merchantReturnLink":"https:\/\/salonforall.nl\/de\/retourvoorwaarden\/"}}]},"og_availability":"instock","product_availability":"instock","product_retailer_item_id":"WKE030.31","product_condition":"new"},"_links":{"self":[{"href":"https:\/\/salonforall.nl\/de\/wp-json\/wp\/v2\/product\/20631","targetHints":{"allow":["GET"]}}],"collection":[{"href":"https:\/\/salonforall.nl\/de\/wp-json\/wp\/v2\/product"}],"about":[{"href":"https:\/\/salonforall.nl\/de\/wp-json\/wp\/v2\/types\/product"}],"replies":[{"embeddable":true,"href":"https:\/\/salonforall.nl\/de\/wp-json\/wp\/v2\/comments?post=20631"}],"wp:featuredmedia":[{"embeddable":true,"href":"https:\/\/salonforall.nl\/de\/wp-json\/wp\/v2\/media\/20633"}],"wp:attachment":[{"href":"https:\/\/salonforall.nl\/de\/wp-json\/wp\/v2\/media?parent=20631"}],"wp:term":[{"taxonomy":"product_brand","embeddable":true,"href":"https:\/\/salonforall.nl\/de\/wp-json\/wp\/v2\/product_brand?post=20631"},{"taxonomy":"product_cat","embeddable":true,"href":"https:\/\/salonforall.nl\/de\/wp-json\/wp\/v2\/product_cat?post=20631"},{"taxonomy":"product_tag","embeddable":true,"href":"https:\/\/salonforall.nl\/de\/wp-json\/wp\/v2\/product_tag?post=20631"}],"curies":[{"name":"wp","href":"https:\/\/api.w.org\/{rel}","templated":true}]}}