{"id":2178,"date":"2025-01-16T09:35:52","date_gmt":"2025-01-16T09:35:52","guid":{"rendered":"https:\/\/salonforall.nl\/cosmetische-tattoo-behandelstoel-hydraulisch-een-210-is-zwart\/"},"modified":"2026-04-04T18:33:21","modified_gmt":"2026-04-04T17:33:21","slug":"cosmetische-tattoo-behandelstoel-hydraulisch-een-210-is-zwart","status":"publish","type":"product","link":"https:\/\/salonforall.nl\/de\/cosmetische-tattoo-behandelstoel-hydraulisch-een-210-is-zwart\/","title":{"rendered":"Kosmetische Tattoo-Behandlung Stuhl hydraulische ein 210 ist schwarz"},"content":{"rendered":"<h2>Informationen \u00fcber den <strong>Cosmetische tattoo behandelstoel hydraulisch een 210 is zwart met artikelnummer <\/strong>101743<\/h2>\n<p> A-210 hydraulische cosmeticastoel <\/p>\n<p> Draaistoel met vergrendeling, hydraulisch omhoog en omlaag <br \/> met gat in de hoofdsteun, perfect voor cosmetica, make-up en massage. hij heeft afneembare armleuningen en een stekker in de hoofdsteun. Gemakkelijk wasbare stoelhoes, gemaakt van eco-leer, voldoet aan de strenge EU-eisen, esthetische, vernikkelde metalen elementen. de fauteuil wordt onder de fauteuil gemonteerd voor een wegwerplaken, tafelkleed of een handdoek. <br \/> De fauteuil is verkrijgbaar in het zwart. <\/p>\n<p> De fauteuil is verpakt in drie kartonnen verpakkingen, waaronder: <br \/> 1 Paket: <br > - Sesselunterbau <br \/> &#8211; voeten voor de basis <br \/> &#8211; hendel voor het pompen van de lift <br \/> &#8211; schroeven voor montage van de actuator en de stoel 5 stuks. <br \/> 2 St\u00fcck: <br \/> - Aktor <br \/> 3 St\u00fcck: <br > &#8211; stoel met hoofdsteunplug <br \/> - Armlehnen 2 Stk. <br \/> - Blatthalter <br \/> - F\u00fchrungen f\u00fcr die Befestigung von Fu\u00dfst\u00fctze und R\u00fcckenlehne 4 St\u00fcck. <br \/> &#8211; actuatorhoes <br \/> - Montageanleitung <br \/> - Garantie <\/p>\n<p> Abmessungen des Stuhls: <br \/> - Liegesitz mit Kopfst\u00fctze 63 x 180 cm <br \/> - H\u00f6he min. 64 cm <br \/> - H\u00f6he max. 80 cm Europ\u00e4ische Version <br \/> - Sockel 55 x 106,5 cm <\/p>\n<p> technische Daten: <br \/> - Bruttogewicht (alle Kisten) 70 kg <br \/> - Anzahl der Packst\u00fccke: 2 (Kisten 2 und 3 sind zusammen verpackt) <br \/> &#8211; afmetingen verpakking: 116 x 44 x 65 cm en 108 x 8 x 58 cm <\/p>\n<p> Wij bieden een handig afbetalingsplan. <\/p>\n<p>Activeshop producten zijn in verhouding goedkoper dan vele andere merken\/ aanbieders. De prijs staat in verhouding met de kwaliteit. De Cosmetische tattoo behandelstoel hydraulisch een 210 is zwart is hierdoor een laagdrempelige oplossing voor jouw salon.<\/p>\n<h2>Hoe wordt de Cosmetische tattoo behandelstoel hydraulisch een 210 is zwart geleverd?<\/h2>\n<p>Die <strong>Kosmetische Tattoo-Behandlung Stuhl hydraulische ein 210 ist schwarz <\/strong>wordt geleverd in originele verpakking(en). Binnen Nederland en Belgi\u00eb is de verzending van de Cosmetische tattoo behandelstoel hydraulisch een 210 is zwart geheel gratis bij een bestelling v.a. 100,- euro. Bij verzendingen naar andere landen gelden aparte verzendtarieven. Je kunt deze tarieven bij ons opvragen of terugvinden in de winkelwagen. De Cosmetische tattoo behandelstoel hydraulisch een 210 is zwart wordt verzonden via een externe koerier.<\/p>\n<p>Wir liefern Pakete oder Paletten standardm\u00e4\u00dfig bis zur Schwelle der Haust\u00fcr, auch wenn Sie sich in einem Kollektivhaus, einem Mehrfamilienhaus oder einem Wohnkomplex mit Aufzug befinden (sofern der Artikel in den Aufzug passt). Gibt es keinen Aufzug oder passt der Artikel nicht in den Aufzug? Dann liefern wir bis zur Schwelle des Erdgeschosses.<\/p>\n<p>Haben Sie noch Fragen zur Lieferung oder einer besonderen Situation? Kontaktieren Sie uns und wir helfen Ihnen gerne weiter!<\/p>\n<p><em>*Die Artikel werden standardm\u00e4\u00dfig nicht ausgepackt oder zusammengestellt. In besonderen Situationen kontaktieren Sie uns bitte, um Vereinbarungen zu treffen.<\/em><\/p>\n<h2>Sichere Online-Bestellung bei Salon For All mit dem G\u00fctesiegel Webwinkelkeur und SSL-Sicherheit<\/h2>\n<p>We vinden het belangrijk dat onze klanten veilig online bij ons kunnen shoppen. We zijn sinds 2019 aangesloten bij het landelijke Webwinkelkeur keurmerk. Onze identiteit is door hen gecontroleerd, geverifieerd en de webshop is juridisch gecontroleerd en goedgekeurd. Daarnaast is onze webwinkel is bij hen aangesloten voor geschillen bemiddeling. Je ziet de badge met alle informatie van dit webwinkel keurmerk aan de linker- of rechterkant van de webshop staan (roze met witte button). Ook is onze site beveiligd met een SSL-certificaat waardoor je bij ons veilig kunt browsen. In de balk van je internetbrowser, waar onze website in vermeld is, zie je een slotje staan. Als je op het slotje klikt, krijg je alle informatie over onze beveiliging. Hierdoor weet je dat je bestelling van de Cosmetische tattoo behandelstoel hydraulisch een 210 is zwart en persoonsgegevens veilig verwerkt worden.<\/p>\n<h2>Hoe kan ik de Cosmetische tattoo behandelstoel hydraulisch een 210 is zwart afrekenen?<\/h2>\n<p>Wir m\u00f6chten es Ihnen so einfach wie m\u00f6glich machen. Deshalb k\u00f6nnen Sie bei Salon For All mit allen bekannten und g\u00e4ngigen Zahlungsmitteln bezahlen. Bezahlen Sie im Voraus, bei Lieferung oder im Nachhinein; alles ist m\u00f6glich. Sehen Sie hier, welche Zahlungsarten wir anbieten<br \/>\nAngebot:<\/p>\n<ul>\n<li>Ideal<\/li>\n<li>Klarna - Nachzahlung auf Rechnung<\/li>\n<li>Bancontact (Nur f\u00fcr belgische Kunden)<\/li>\n<li>Payin3 - Zahlung in 3 Raten mit 0% Zinsen (nur f\u00fcr niederl\u00e4ndische Kunden)<\/li>\n<li>Paypal<\/li>\n<li>Kreditkarte<\/li>\n<li>Apple Pay<\/li>\n<li>Gesch\u00e4ftsrechnung f\u00fcr Unternehmen<\/li>\n<li>Bezahlen im Ausstellungsraum - sowohl mit Pin als auch in bar (nur bei Abholung m\u00f6glich)<\/li>\n<\/ul>\n<h2>Sehen Sie sich auch die Bewertungen von Salon For ALL an<\/h2>\n<p>Bekijk ook onze reviews om ervaringen van onze huidige klanten me te nemen in je besluit om de Cosmetische tattoo behandelstoel hydraulisch een 210 is zwart bij ons te bestellen. Via ons onafhankelijke webwinkel keurmerk van Webwinkelkeur worden automatisch geverifieerde reviews verzameld van klanten die bij ons een bestelling hebben voldaan. Deze vind je terug achter de roze button op onze webwinkel of staan vermeld onder de producten.<\/p>\n<p>Deel na je aankoop ook jouw ervaring met je bestelde Cosmetische tattoo behandelstoel hydraulisch een 210 is zwart en ervaring met het aankoopproces of contact met Salon For All om anderen te inspireren!<\/p>\n<h2>Kontakt Salon f\u00fcr alle<\/h2>\n<p>Neem dan contact met ons op. Wij helpen je graag verder bij de aanschaf van de Cosmetische tattoo behandelstoel hydraulisch een 210 is zwart. Op werkdagen zijn we het beste bereikbaar tussen 8.30 uur en 17.00 uur via het telefoonnummer en e-mailadres bovenaan de webshop of via de chatfunctie. Vragen buiten kantooruren worden meestal binnen 24uur beantwoord. Het is ook mogelijk om buitenwerkdagen of kantooruren bij ons langs te komen. Maar hiervoor van tevoren een afspraak.<\/p>\n<h2>M\u00f6chten Sie in unserem Ausstellungsraum vorbeischauen?<\/h2>\n<p>Vind je het prettiger om de Cosmetische tattoo behandelstoel hydraulisch een 210 is zwart te bekijken of samen met onze collega door ons aanbod van de (web)shop heen te lopen? Kom dan langs in onze showroom met meer dan 1000m2 aan saloninrichting en laat je inspireren door onze medewerkers. Ook als je ervan houdt om gezellig kennis te maken onder het genot van een goede kop koffie of thee dan ben je hier van harte welkom. We hebben niet alle producten staan dus laat ons van tevoren even weten dat je wilt komen. Maak altijd van te voren een afspraak.<\/p>\n<h2>14-t\u00e4gige Bedenkzeit und unser R\u00fcckgaberecht<\/h2>\n<p>Het kan natuurlijk voorkomen dat de geleverde Cosmetische tattoo behandelstoel hydraulisch een 210 is zwart niet helemaal naar wens is en je het wilt terugsturen. Dat is bij Salon For All geen enkel probleem. Je dient binnen 14 werkdagen je retourzending bij ons aan te melden via <a href=\"mailto:info@salonforall.nl\">info@salonforall.nl<\/a> . Je ontvangt dan eerst van alle retourinstructies en voorwaarden. Let op de Cosmetische tattoo behandelstoel hydraulisch een 210 is zwart mag niet gebruikt zijn, moet alle meegeleverde onderdelen bevatten en verpakt in originele verpakking geretourneerd worden. De kosten voor de zending van een retour zijn bij aankopen via www.salonforall.nl altijd voor de koper. Je dient voor een retour zelf een transport te regelen bij een transporteur naar keuze. Zodra de Cosmetische tattoo behandelstoel hydraulisch een 210 is zwart retour is gekomen wordt het gecontroleerd op volledigheid en schade. Zodra de retour akkoord is bevonden wordt het aankoopbedrag binnen 5 werkdagen teruggestort op het bij ons bekende rekeningnummer.<\/p>\n<h2>Wer ist Salon For All?<\/h2>\n<p>Salon For all ist der Gro\u00dfh\u00e4ndler f\u00fcr jegliche Salonausr\u00fcstung in Europa. Salon For all wurde 2003 unter dem Namen Salonvoordeel gegr\u00fcndet und ist aus der Praxis heraus entstanden. Die Inhaber von Salon For All sind erfahrene Friseure und Kosmetiker und verf\u00fcgen zusammen \u00fcber mehr als 30 Jahre Praxiserfahrung. Im Jahr 2003 starteten wir mit Salonvoordeel.nl (Niederlande) und sp\u00e4ter wurde Salon For All f\u00fcr den europ\u00e4ischen Markt gegr\u00fcndet. Einige unserer Mitarbeiter machten sich selbst\u00e4ndig, und so entstand die Idee, einen funktionalen Webshop f\u00fcr Friseure zu gr\u00fcnden und ihnen bei der Einrichtung ihrer Salons zu helfen. Mit unserer jahrelangen Erfahrung in der Branche k\u00f6nnen wir Ihnen einen Spiegel vorhalten und Sie richtig beraten. Wir sprechen dieselbe Sprache! Wir beraten, inspirieren, motivieren und helfen Ihnen beim Kauf eines <em>Kosmetische Tattoo-Behandlung Stuhl hydraulische ein 210 ist schwarz<\/em>. Unsere Lieferanten befinden sich in ganz Europa, von Deutschland, England, Italien bis Polen.<\/p>","protected":false},"excerpt":{"rendered":"<p>Die Cosmetic Tattoo Behandlungsstuhl hydraulische ein 210 ist schwarz von der Marke ACTIVESHOP ist eine erschwingliche L\u00f6sung f\u00fcr jeden Salon. Die Lieferzeit f\u00fcr diesen Behandlungsstuhl betr\u00e4gt 2-6 Werktage.<\/p>","protected":false},"featured_media":6018,"comment_status":"closed","ping_status":"open","template":"","meta":[],"product_brand":[],"product_cat":[73,72,81,102,103,104],"product_tag":[],"class_list":{"0":"post-2178","1":"product","2":"type-product","3":"status-publish","4":"has-post-thumbnail","6":"product_cat-behandelstoel","7":"product_cat-behandelstoelen","8":"product_cat-hydraulische-behandelstoel","9":"product_cat-tattoo-shop","10":"product_cat-tattoo-shop-inrichting","11":"product_cat-tattoo-stoel","12":"pa_kleur-zwart","13":"pa_merk-activeshop","14":"pa_type-stoel-hydraulisch","16":"first","17":"instock","18":"sale","19":"taxable","20":"shipping-taxable","21":"purchasable","22":"product-type-simple"},"yoast_head":"<!-- This site is optimized with the Yoast SEO Premium plugin v27.3 (Yoast SEO v27.3) - https:\/\/yoast.com\/product\/yoast-seo-premium-wordpress\/ -->\n<title>Cosmetische tattoo behandelstoel hydraulisch een 210 is zwart kopen bij Salon For All B.V. NL &amp; BE<\/title>\n<meta name=\"description\" content=\"Cosmetische tattoo behandelstoel hydraulisch een 210 is zwart koop je online of in de showroom bij Salon For All B.V. NL &amp; BE . De groothandel voor salons, praktijken en spa&#039;s in NL en BE.\" \/>\n<meta name=\"robots\" content=\"index, follow, max-snippet:-1, max-image-preview:large, max-video-preview:-1\" \/>\n<link rel=\"canonical\" href=\"https:\/\/salonforall.nl\/de\/cosmetische-tattoo-behandelstoel-hydraulisch-een-210-is-zwart\/\" \/>\n<meta property=\"og:locale\" content=\"de_DE\" \/>\n<meta property=\"og:type\" content=\"article\" \/>\n<meta property=\"og:title\" content=\"Cosmetische tattoo behandelstoel hydraulisch een 210 is zwart\" \/>\n<meta property=\"og:description\" content=\"Cosmetische tattoo behandelstoel hydraulisch een 210 is zwart koop je online of in de showroom bij Salon For All B.V. NL &amp; BE . De groothandel voor salons, praktijken en spa&#039;s in NL en BE.\" \/>\n<meta property=\"og:url\" content=\"https:\/\/salonforall.nl\/de\/cosmetische-tattoo-behandelstoel-hydraulisch-een-210-is-zwart\/\" \/>\n<meta property=\"og:site_name\" content=\"Salon For All B.V. NL &amp; BE\" \/>\n<meta property=\"article:modified_time\" content=\"2026-04-04T17:33:21+00:00\" \/>\n<meta property=\"og:image\" content=\"https:\/\/salonforall.nl\/wp-content\/uploads\/2025\/01\/cosmetische-tattoo-behandelstoel-hydraulisch-een-210-is-zwart-1-1.jpg\" \/>\n\t<meta property=\"og:image:width\" content=\"800\" \/>\n\t<meta property=\"og:image:height\" content=\"800\" \/>\n\t<meta property=\"og:image:type\" content=\"image\/jpeg\" \/>\n<meta name=\"twitter:card\" content=\"summary_large_image\" \/>\n<meta name=\"twitter:title\" content=\"Cosmetische tattoo behandelstoel hydraulisch een 210 is zwart\" \/>\n<meta name=\"twitter:label1\" content=\"Preis\" \/>\n\t<meta name=\"twitter:data1\" content=\"&nbsp;279,25 excl. btw\" \/>\n\t<meta name=\"twitter:label2\" content=\"Verf\u00fcgbarkeit\" \/>\n\t<meta name=\"twitter:data2\" content=\"Auf Lager\" \/>\n<script type=\"application\/ld+json\" class=\"yoast-schema-graph\">{\"@context\":\"https:\\\/\\\/schema.org\",\"@graph\":[{\"@type\":\"WebPage\",\"@id\":\"https:\\\/\\\/salonforall.nl\\\/cosmetische-tattoo-behandelstoel-hydraulisch-een-210-is-zwart\\\/\",\"url\":\"https:\\\/\\\/salonforall.nl\\\/cosmetische-tattoo-behandelstoel-hydraulisch-een-210-is-zwart\\\/\",\"name\":\"Cosmetische tattoo behandelstoel hydraulisch een 210 is zwart kopen bij Salon For All B.V. NL &amp; BE\",\"isPartOf\":{\"@id\":\"https:\\\/\\\/salonforall.nl\\\/#website\"},\"primaryImageOfPage\":{\"@id\":\"https:\\\/\\\/salonforall.nl\\\/cosmetische-tattoo-behandelstoel-hydraulisch-een-210-is-zwart\\\/#primaryimage\"},\"image\":{\"@id\":\"https:\\\/\\\/salonforall.nl\\\/cosmetische-tattoo-behandelstoel-hydraulisch-een-210-is-zwart\\\/#primaryimage\"},\"thumbnailUrl\":\"https:\\\/\\\/salonforall.nl\\\/wp-content\\\/uploads\\\/2025\\\/01\\\/cosmetische-tattoo-behandelstoel-hydraulisch-een-210-is-zwart-1-1.jpg\",\"datePublished\":\"2025-01-16T09:35:52+00:00\",\"dateModified\":\"2026-04-04T17:33:21+00:00\",\"description\":\"Cosmetische tattoo behandelstoel hydraulisch een 210 is zwart koop je online of in de showroom bij Salon For All B.V. NL &amp; BE . De groothandel voor salons, praktijken en spa's in NL en BE.\",\"breadcrumb\":{\"@id\":\"https:\\\/\\\/salonforall.nl\\\/cosmetische-tattoo-behandelstoel-hydraulisch-een-210-is-zwart\\\/#breadcrumb\"},\"inLanguage\":\"de\",\"potentialAction\":[{\"@type\":\"ReadAction\",\"target\":[\"https:\\\/\\\/salonforall.nl\\\/cosmetische-tattoo-behandelstoel-hydraulisch-een-210-is-zwart\\\/\"]}]},{\"@type\":\"ImageObject\",\"inLanguage\":\"de\",\"@id\":\"https:\\\/\\\/salonforall.nl\\\/cosmetische-tattoo-behandelstoel-hydraulisch-een-210-is-zwart\\\/#primaryimage\",\"url\":\"https:\\\/\\\/salonforall.nl\\\/wp-content\\\/uploads\\\/2025\\\/01\\\/cosmetische-tattoo-behandelstoel-hydraulisch-een-210-is-zwart-1-1.jpg\",\"contentUrl\":\"https:\\\/\\\/salonforall.nl\\\/wp-content\\\/uploads\\\/2025\\\/01\\\/cosmetische-tattoo-behandelstoel-hydraulisch-een-210-is-zwart-1-1.jpg\",\"width\":800,\"height\":800,\"caption\":\"Cosmetische tattoo behandelstoel hydraulisch een 210 is zwart 1\"},{\"@type\":\"BreadcrumbList\",\"@id\":\"https:\\\/\\\/salonforall.nl\\\/cosmetische-tattoo-behandelstoel-hydraulisch-een-210-is-zwart\\\/#breadcrumb\",\"itemListElement\":[{\"@type\":\"ListItem\",\"position\":1,\"name\":\"Home\",\"item\":\"https:\\\/\\\/salonforall.nl\\\/\"},{\"@type\":\"ListItem\",\"position\":2,\"name\":\"Winkel\",\"item\":\"https:\\\/\\\/salonforall.nl\\\/winkel\\\/\"},{\"@type\":\"ListItem\",\"position\":3,\"name\":\"Cosmetische tattoo behandelstoel hydraulisch een 210 is zwart\"}]},{\"@type\":\"WebSite\",\"@id\":\"https:\\\/\\\/salonforall.nl\\\/#website\",\"url\":\"https:\\\/\\\/salonforall.nl\\\/\",\"name\":\"Salon For All\",\"description\":\"Jouw groothandel voor praktijk- &amp; saloninrichting en benodigdheden\",\"publisher\":{\"@id\":\"https:\\\/\\\/salonforall.nl\\\/#organization\"},\"alternateName\":\"salonforall.nl\",\"potentialAction\":[{\"@type\":\"SearchAction\",\"target\":{\"@type\":\"EntryPoint\",\"urlTemplate\":\"https:\\\/\\\/salonforall.nl\\\/?s={search_term_string}\"},\"query-input\":{\"@type\":\"PropertyValueSpecification\",\"valueRequired\":true,\"valueName\":\"search_term_string\"}}],\"inLanguage\":\"de\"},{\"@type\":\"Organization\",\"@id\":\"https:\\\/\\\/salonforall.nl\\\/#organization\",\"name\":\"Salon For All B.V.\",\"alternateName\":\"Salonforall.nl\",\"url\":\"https:\\\/\\\/salonforall.nl\\\/\",\"logo\":{\"@type\":\"ImageObject\",\"inLanguage\":\"de\",\"@id\":\"https:\\\/\\\/salonforall.nl\\\/#\\\/schema\\\/logo\\\/image\\\/\",\"url\":\"https:\\\/\\\/salonforall.nl\\\/wp-content\\\/uploads\\\/2025\\\/01\\\/logo-salon-for-all-groothandel-saloninrichting-e1736940477693.png\",\"contentUrl\":\"https:\\\/\\\/salonforall.nl\\\/wp-content\\\/uploads\\\/2025\\\/01\\\/logo-salon-for-all-groothandel-saloninrichting-e1736940477693.png\",\"width\":500,\"height\":125,\"caption\":\"Salon For All B.V.\"},\"image\":{\"@id\":\"https:\\\/\\\/salonforall.nl\\\/#\\\/schema\\\/logo\\\/image\\\/\"},\"description\":\"Salon For All is de groothandel voor praktijk- en saloninrichting en benodigdheden.\",\"email\":\"info@salonforall.com\",\"legalName\":\"Salon For All\",\"numberOfEmployees\":{\"@type\":\"QuantitativeValue\",\"minValue\":\"1\",\"maxValue\":\"10\"},\"hasMerchantReturnPolicy\":{\"@type\":\"MerchantReturnPolicy\",\"merchantReturnLink\":\"https:\\\/\\\/salonforall.nl\\\/de\\\/retourvoorwaarden\\\/\"}}]}<\/script>\n<meta property=\"product:brand\" content=\"ACTIVESHOP\" \/>\n<meta property=\"product:price:amount\" content=\"279.25\" \/>\n<meta property=\"product:price:currency\" content=\"EUR\" \/>\n<meta property=\"og:availability\" content=\"instock\" \/>\n<meta property=\"product:availability\" content=\"instock\" \/>\n<meta property=\"product:retailer_item_id\" content=\"101743\" \/>\n<meta property=\"product:condition\" content=\"new\" \/>\n<!-- \/ Yoast SEO Premium plugin. -->","yoast_head_json":{"title":"Cosmetische tattoo behandelstoel hydraulisch een 210 is zwart kopen bij Salon For All B.V. NL &amp; BE","description":"Cosmetische tattoo behandelstoel hydraulisch een 210 is zwart koop je online of in de showroom bij Salon For All B.V. NL &amp; BE . De groothandel voor salons, praktijken en spa's in NL en BE.","robots":{"index":"index","follow":"follow","max-snippet":"max-snippet:-1","max-image-preview":"max-image-preview:large","max-video-preview":"max-video-preview:-1"},"canonical":"https:\/\/salonforall.nl\/de\/cosmetische-tattoo-behandelstoel-hydraulisch-een-210-is-zwart\/","og_locale":"de_DE","og_type":"article","og_title":"Cosmetische tattoo behandelstoel hydraulisch een 210 is zwart","og_description":"Cosmetische tattoo behandelstoel hydraulisch een 210 is zwart koop je online of in de showroom bij Salon For All B.V. NL &amp; BE . De groothandel voor salons, praktijken en spa's in NL en BE.","og_url":"https:\/\/salonforall.nl\/de\/cosmetische-tattoo-behandelstoel-hydraulisch-een-210-is-zwart\/","og_site_name":"Salon For All B.V. NL &amp; BE","article_modified_time":"2026-04-04T17:33:21+00:00","og_image":[{"width":800,"height":800,"url":"https:\/\/salonforall.nl\/wp-content\/uploads\/2025\/01\/cosmetische-tattoo-behandelstoel-hydraulisch-een-210-is-zwart-1-1.jpg","type":"image\/jpeg"}],"twitter_card":"summary_large_image","twitter_title":"Cosmetische tattoo behandelstoel hydraulisch een 210 is zwart","twitter_misc":{"Preis":"&nbsp;279,25 excl. btw","Verf\u00fcgbarkeit":"Auf Lager"},"schema":{"@context":"https:\/\/schema.org","@graph":[{"@type":"WebPage","@id":"https:\/\/salonforall.nl\/cosmetische-tattoo-behandelstoel-hydraulisch-een-210-is-zwart\/","url":"https:\/\/salonforall.nl\/cosmetische-tattoo-behandelstoel-hydraulisch-een-210-is-zwart\/","name":"Cosmetische tattoo behandelstoel hydraulisch een 210 is zwart kopen bij Salon For All B.V. NL &amp; BE","isPartOf":{"@id":"https:\/\/salonforall.nl\/#website"},"primaryImageOfPage":{"@id":"https:\/\/salonforall.nl\/cosmetische-tattoo-behandelstoel-hydraulisch-een-210-is-zwart\/#primaryimage"},"image":{"@id":"https:\/\/salonforall.nl\/cosmetische-tattoo-behandelstoel-hydraulisch-een-210-is-zwart\/#primaryimage"},"thumbnailUrl":"https:\/\/salonforall.nl\/wp-content\/uploads\/2025\/01\/cosmetische-tattoo-behandelstoel-hydraulisch-een-210-is-zwart-1-1.jpg","datePublished":"2025-01-16T09:35:52+00:00","dateModified":"2026-04-04T17:33:21+00:00","description":"Cosmetische tattoo behandelstoel hydraulisch een 210 is zwart koop je online of in de showroom bij Salon For All B.V. NL &amp; BE . De groothandel voor salons, praktijken en spa's in NL en BE.","breadcrumb":{"@id":"https:\/\/salonforall.nl\/cosmetische-tattoo-behandelstoel-hydraulisch-een-210-is-zwart\/#breadcrumb"},"inLanguage":"de","potentialAction":[{"@type":"ReadAction","target":["https:\/\/salonforall.nl\/cosmetische-tattoo-behandelstoel-hydraulisch-een-210-is-zwart\/"]}]},{"@type":"ImageObject","inLanguage":"de","@id":"https:\/\/salonforall.nl\/cosmetische-tattoo-behandelstoel-hydraulisch-een-210-is-zwart\/#primaryimage","url":"https:\/\/salonforall.nl\/wp-content\/uploads\/2025\/01\/cosmetische-tattoo-behandelstoel-hydraulisch-een-210-is-zwart-1-1.jpg","contentUrl":"https:\/\/salonforall.nl\/wp-content\/uploads\/2025\/01\/cosmetische-tattoo-behandelstoel-hydraulisch-een-210-is-zwart-1-1.jpg","width":800,"height":800,"caption":"Cosmetische tattoo behandelstoel hydraulisch een 210 is zwart 1"},{"@type":"BreadcrumbList","@id":"https:\/\/salonforall.nl\/cosmetische-tattoo-behandelstoel-hydraulisch-een-210-is-zwart\/#breadcrumb","itemListElement":[{"@type":"ListItem","position":1,"name":"Home","item":"https:\/\/salonforall.nl\/"},{"@type":"ListItem","position":2,"name":"Winkel","item":"https:\/\/salonforall.nl\/winkel\/"},{"@type":"ListItem","position":3,"name":"Cosmetische tattoo behandelstoel hydraulisch een 210 is zwart"}]},{"@type":"WebSite","@id":"https:\/\/salonforall.nl\/#website","url":"https:\/\/salonforall.nl\/","name":"Salon f\u00fcr alle","description":"Ihr Gro\u00dfh\u00e4ndler f\u00fcr Praxis- und Salonausstattung und -bedarf","publisher":{"@id":"https:\/\/salonforall.nl\/#organization"},"alternateName":"salonforall.nl","potentialAction":[{"@type":"SearchAction","target":{"@type":"EntryPoint","urlTemplate":"https:\/\/salonforall.nl\/?s={search_term_string}"},"query-input":{"@type":"PropertyValueSpecification","valueRequired":true,"valueName":"search_term_string"}}],"inLanguage":"de"},{"@type":"Organization","@id":"https:\/\/salonforall.nl\/#organization","name":"Salon For All B.V.","alternateName":"Salonforall.nl","url":"https:\/\/salonforall.nl\/","logo":{"@type":"ImageObject","inLanguage":"de","@id":"https:\/\/salonforall.nl\/#\/schema\/logo\/image\/","url":"https:\/\/salonforall.nl\/wp-content\/uploads\/2025\/01\/logo-salon-for-all-groothandel-saloninrichting-e1736940477693.png","contentUrl":"https:\/\/salonforall.nl\/wp-content\/uploads\/2025\/01\/logo-salon-for-all-groothandel-saloninrichting-e1736940477693.png","width":500,"height":125,"caption":"Salon For All B.V."},"image":{"@id":"https:\/\/salonforall.nl\/#\/schema\/logo\/image\/"},"description":"Salon For All ist der Gro\u00dfh\u00e4ndler f\u00fcr Praxis- und Salonausstattung und -bedarf.","email":"info@salonforall.com","legalName":"Salon For All","numberOfEmployees":{"@type":"QuantitativeValue","minValue":"1","maxValue":"10"},"hasMerchantReturnPolicy":{"@type":"MerchantReturnPolicy","merchantReturnLink":"https:\/\/salonforall.nl\/de\/retourvoorwaarden\/"}}]},"product_brand":"ACTIVESHOP","product_price_amount":"279.25","product_price_currency":"EUR","og_availability":"instock","product_availability":"instock","product_retailer_item_id":"101743","product_condition":"new"},"_links":{"self":[{"href":"https:\/\/salonforall.nl\/de\/wp-json\/wp\/v2\/product\/2178","targetHints":{"allow":["GET"]}}],"collection":[{"href":"https:\/\/salonforall.nl\/de\/wp-json\/wp\/v2\/product"}],"about":[{"href":"https:\/\/salonforall.nl\/de\/wp-json\/wp\/v2\/types\/product"}],"replies":[{"embeddable":true,"href":"https:\/\/salonforall.nl\/de\/wp-json\/wp\/v2\/comments?post=2178"}],"wp:featuredmedia":[{"embeddable":true,"href":"https:\/\/salonforall.nl\/de\/wp-json\/wp\/v2\/media\/6018"}],"wp:attachment":[{"href":"https:\/\/salonforall.nl\/de\/wp-json\/wp\/v2\/media?parent=2178"}],"wp:term":[{"taxonomy":"product_brand","embeddable":true,"href":"https:\/\/salonforall.nl\/de\/wp-json\/wp\/v2\/product_brand?post=2178"},{"taxonomy":"product_cat","embeddable":true,"href":"https:\/\/salonforall.nl\/de\/wp-json\/wp\/v2\/product_cat?post=2178"},{"taxonomy":"product_tag","embeddable":true,"href":"https:\/\/salonforall.nl\/de\/wp-json\/wp\/v2\/product_tag?post=2178"}],"curies":[{"name":"wp","href":"https:\/\/api.w.org\/{rel}","templated":true}]}}