{"id":2227,"date":"2025-01-15T19:59:19","date_gmt":"2025-01-15T19:59:19","guid":{"rendered":"https:\/\/salonforall.nl\/kappersstoel-speelgoedauto-politie-b082\/"},"modified":"2026-04-15T05:02:31","modified_gmt":"2026-04-15T04:02:31","slug":"friseurstuhl-spielzeugauto-polizei-b082","status":"publish","type":"product","link":"https:\/\/salonforall.nl\/de\/kappersstoel-speelgoedauto-politie-b082\/","title":{"rendered":"Barbierstuhl Spielzeugauto Polizei b082"},"content":{"rendered":"<h2>Informationen \u00fcber den <strong>Barbierstuhl Spielzeugauto Polizei b082 mit Artikelnummer <\/strong>123468<\/h2>\n<p>Von nun an muss ein Friseurbesuch mit Ihrem Kleinen nicht mehr mit Weinen und Streitereien verbunden sein. Wenn unser kleiner Kunde auf diesem Friseurstuhl sitzt, wird er gl\u00fccklich sein und der Friseurbesuch wird zu einem interessanten Abenteuer. <br \/> der friseurstuhl ist sehr stabil und sicher, hydraulisch h\u00f6henverstellbar, sehr bequem f\u00fcr unsere kleinen kunden und stylisten. der friseurstuhl garantiert komfort f\u00fcr die kleinen kunden des salons und optimale arbeitsbedingungen. das produkt ist in zwei verpackungen verpackt.<\/p>\n<p>Activeshop-Produkte sind vergleichsweise g\u00fcnstiger als viele andere Marken\/Anbieter. Der Preis steht im Verh\u00e4ltnis zur Qualit\u00e4t. Das macht den Barber Chair toy car police b082 zu einer niedrigschwelligen L\u00f6sung f\u00fcr Ihren Salon.<\/p>\n<h2>Wie wird der Barber Chair toy car police b082 geliefert?<\/h2>\n<p>Die <strong>Barbierstuhl Spielzeugauto Polizei b082 <\/strong>Kommt in Originalverpackung(en). Innerhalb der Niederlande und Belgien ist der Versand des Barber Stuhls Spielzeugauto Polizei b082 bei einer Bestellung ab 100,- Euro v\u00f6llig kostenlos. F\u00fcr Sendungen in andere L\u00e4nder gelten gesonderte Versandtarife. Sie k\u00f6nnen diese Tarife bei uns erfragen oder im Warenkorb finden. Der Friseurstuhl Spielzeugauto Polizei b082 wird \u00fcber einen externen Kurier verschickt.<\/p>\n<p>Wir liefern Pakete oder Paletten standardm\u00e4\u00dfig bis zur Schwelle der Haust\u00fcr, auch wenn Sie sich in einem Kollektivhaus, einem Mehrfamilienhaus oder einem Wohnkomplex mit Aufzug befinden (sofern der Artikel in den Aufzug passt). Gibt es keinen Aufzug oder passt der Artikel nicht in den Aufzug? Dann liefern wir bis zur Schwelle des Erdgeschosses.<\/p>\n<p>Haben Sie noch Fragen zur Lieferung oder einer besonderen Situation? Kontaktieren Sie uns und wir helfen Ihnen gerne weiter!<\/p>\n<p><em>*Die Artikel werden standardm\u00e4\u00dfig nicht ausgepackt oder zusammengestellt. In besonderen Situationen kontaktieren Sie uns bitte, um Vereinbarungen zu treffen.<\/em><\/p>\n<h2>Sichere Online-Bestellung bei Salon For All mit dem G\u00fctesiegel Webwinkelkeur und SSL-Sicherheit<\/h2>\n<p>Es ist uns wichtig, dass unsere Kunden sicher bei uns online einkaufen k\u00f6nnen. Seit 2019 sind wir Mitglied des nationalen G\u00fctezeichens Webwinkelkeur. Unsere Identit\u00e4t wurde von ihnen \u00fcberpr\u00fcft, verifiziert und der Webshop wurde rechtlich gepr\u00fcft und genehmigt. Au\u00dferdem ist unser Webshop bei ihnen zur Streitschlichtung angeschlossen. Sie sehen die Plakette mit allen Informationen dieses Webwinkelkeurmerkmals auf der linken oder rechten Seite des Webshops (rosa mit wei\u00dfem Button). Unsere Website ist au\u00dferdem mit einem SSL-Zertifikat gesichert, so dass Sie sicher surfen k\u00f6nnen. In der Leiste Ihres Internetbrowsers, in der unsere Website aufgef\u00fchrt ist, sehen Sie ein Schloss. Wenn Sie auf das Vorh\u00e4ngeschloss klicken, erhalten Sie alle Informationen \u00fcber unsere Sicherheit. So wissen Sie, dass Ihre Bestellung von Barber chair toy car police b082 und Ihre pers\u00f6nlichen Daten sicher verarbeitet werden.<\/p>\n<h2>Wie kann ich den Barber Chair toy car police b082 auschecken?<\/h2>\n<p>Wir m\u00f6chten es Ihnen so einfach wie m\u00f6glich machen. Deshalb k\u00f6nnen Sie bei Salon For All mit allen bekannten und g\u00e4ngigen Zahlungsmitteln bezahlen. Bezahlen Sie im Voraus, bei Lieferung oder im Nachhinein; alles ist m\u00f6glich. Sehen Sie hier, welche Zahlungsarten wir anbieten<br \/>\nAngebot:<\/p>\n<ul>\n<li>Ideal<\/li>\n<li>Klarna - Nachzahlung auf Rechnung<\/li>\n<li>Bancontact (Nur f\u00fcr belgische Kunden)<\/li>\n<li>Payin3 - Zahlung in 3 Raten mit 0% Zinsen (nur f\u00fcr niederl\u00e4ndische Kunden)<\/li>\n<li>Paypal<\/li>\n<li>Kreditkarte<\/li>\n<li>Apple Pay<\/li>\n<li>Gesch\u00e4ftsrechnung f\u00fcr Unternehmen<\/li>\n<li>Bezahlen im Ausstellungsraum - sowohl mit Pin als auch in bar (nur bei Abholung m\u00f6glich)<\/li>\n<\/ul>\n<h2>Sehen Sie sich auch die Bewertungen von Salon For ALL an<\/h2>\n<p>Schauen Sie sich unsere Bewertungen an, um die Erfahrungen unserer bisherigen Kunden in Ihre Entscheidung einzubeziehen, den Barber chair toy car police b082 bei uns zu bestellen. \u00dcber unser unabh\u00e4ngiges Label Webwinkelkeur sammeln wir automatisch verifizierte Bewertungen von Kunden, die bei uns bestellt haben. Diese finden Sie hinter dem rosa Button in unserem Webshop oder sind unter den Produkten aufgef\u00fchrt.<\/p>\n<p>Nach dem Kauf, teilen Sie bitte auch Ihre Erfahrungen mit Ihrem bestellten Barber Stuhl Spielzeugauto Polizei b082 und Erfahrungen mit dem Kaufprozess oder Kontakt mit Salon For All, um andere zu inspirieren!<\/p>\n<h2>Kontakt Salon f\u00fcr alle<\/h2>\n<p>Dann kontaktieren Sie uns. Wir helfen Ihnen gerne beim Kauf des Barber Chair toy car police b082. An Werktagen erreichen Sie uns am besten zwischen 8.30 und 17.00 Uhr \u00fcber die Telefonnummer und E-Mail-Adresse oben im Webshop oder \u00fcber die Chat-Funktion. Fragen au\u00dferhalb der B\u00fcrozeiten werden in der Regel innerhalb von 24 Stunden beantwortet. Es ist auch m\u00f6glich, uns au\u00dferhalb der Arbeitstage oder B\u00fcrozeiten zu besuchen. Bitte vereinbaren Sie jedoch im Voraus einen Termin.<\/p>\n<h2>M\u00f6chten Sie in unserem Ausstellungsraum vorbeischauen?<\/h2>\n<p>M\u00f6chten Sie lieber den Barber Chair toy car police b082 besichtigen oder mit unserem Kollegen durch unser (Web-)Shop-Angebot gehen? Dann besuchen Sie unseren Ausstellungsraum mit mehr als 1000m2 Salonausstattung und lassen Sie sich von unseren Mitarbeitern inspirieren. Auch wenn Sie sich gerne bei einer guten Tasse Kaffee oder Tee unterhalten, sind Sie hier herzlich willkommen. Da wir nicht alle Produkte ausstellen k\u00f6nnen, bitten wir Sie, uns im Voraus Bescheid zu geben, wenn Sie kommen m\u00f6chten. Vereinbaren Sie immer einen Termin im Voraus.<\/p>\n<h2>14-t\u00e4gige Bedenkzeit und unser R\u00fcckgaberecht<\/h2>\n<p>Nat\u00fcrlich kann es vorkommen, dass der gelieferte Friseurstuhl toy car police b082 nicht ganz nach Ihrem Geschmack ist und Sie ihn zur\u00fcckgeben m\u00f6chten. Das ist bei Salon For All kein Problem. Sie m\u00fcssen uns innerhalb von 14 Werktagen \u00fcber Ihre R\u00fcckgabe informieren. <a href=\"mailto:info@salonforall.nl\">info@salonforall.nl<\/a> . Sie erhalten dann zun\u00e4chst die R\u00fcckgabeanweisungen und -bedingungen. Bitte beachten Sie, dass der Barber Stuhl Spielzeugauto Polizei b082 nicht benutzt worden sein darf, alle mitgelieferten Teile enthalten muss und in der Originalverpackung zur\u00fcckgeschickt werden muss. Die Kosten f\u00fcr den Versand einer R\u00fccksendung gehen beim Kauf \u00fcber www.salonforall.nl immer zu Lasten des K\u00e4ufers. Sie m\u00fcssen Ihren eigenen Transport f\u00fcr eine R\u00fccksendung mit einem Spediteur Ihrer Wahl organisieren. Sobald der Friseurstuhl toy car police b082 zur\u00fcckgeschickt wird, wird er auf Vollst\u00e4ndigkeit und Besch\u00e4digung gepr\u00fcft. Sobald die R\u00fccksendung genehmigt ist, wird der Kaufbetrag innerhalb von 5 Werktagen auf die uns bekannte Kontonummer zur\u00fcckerstattet.<\/p>\n<h2>Wer ist Salon For All?<\/h2>\n<p>Salon For all ist der Gro\u00dfh\u00e4ndler f\u00fcr jegliche Salonausr\u00fcstung in Europa. Salon For all wurde 2003 unter dem Namen Salonvoordeel gegr\u00fcndet und ist aus der Praxis heraus entstanden. Die Inhaber von Salon For All sind erfahrene Friseure und Kosmetiker und verf\u00fcgen zusammen \u00fcber mehr als 30 Jahre Praxiserfahrung. Im Jahr 2003 starteten wir mit Salonvoordeel.nl (Niederlande) und sp\u00e4ter wurde Salon For All f\u00fcr den europ\u00e4ischen Markt gegr\u00fcndet. Einige unserer Mitarbeiter machten sich selbst\u00e4ndig, und so entstand die Idee, einen funktionalen Webshop f\u00fcr Friseure zu gr\u00fcnden und ihnen bei der Einrichtung ihrer Salons zu helfen. Mit unserer jahrelangen Erfahrung in der Branche k\u00f6nnen wir Ihnen einen Spiegel vorhalten und Sie richtig beraten. Wir sprechen dieselbe Sprache! Wir beraten, inspirieren, motivieren und helfen Ihnen beim Kauf eines <em>Barbierstuhl Spielzeugauto Polizei b082<\/em>. Unsere Lieferanten befinden sich in ganz Europa, von Deutschland, England, Italien bis Polen.<\/p>","protected":false},"excerpt":{"rendered":"<p>Der Barbierstuhl Spielzeugauto Polizei b082 ist eine gute erschwingliche L\u00f6sung f\u00fcr Ihren Salon. Die Lieferzeit f\u00fcr diesen Barbierstuhl betr\u00e4gt 2-6 Werktage.<\/p>","protected":false},"featured_media":2228,"comment_status":"closed","ping_status":"open","template":"","meta":[],"product_brand":[],"product_cat":[111,112,110,108,109],"product_tag":[],"class_list":{"0":"post-2227","1":"product","2":"type-product","3":"status-publish","4":"has-post-thumbnail","6":"product_cat-kappersstoel","7":"product_cat-kappersstoel-kinderen","8":"product_cat-kappersstoelen","9":"product_cat-kapsalon","10":"product_cat-kapsalon-inrichting","11":"pa_kleur-zwart","12":"pa_kwaliteit-middensegment","13":"pa_levertijd-3-6-werkdagen","14":"pa_merk-gabbiano","16":"first","17":"outofstock","18":"sale","19":"taxable","20":"shipping-taxable","21":"purchasable","22":"product-type-simple"},"yoast_head":"<!-- This site is optimized with the Yoast SEO Premium plugin v27.3 (Yoast SEO v27.4) - https:\/\/yoast.com\/product\/yoast-seo-premium-wordpress\/ -->\n<title>Kappersstoel speelgoedauto politie b082 kopen bij Salon For All B.V. NL &amp; BE<\/title>\n<meta name=\"description\" content=\"Kappersstoel speelgoedauto politie b082 koop je online of in de showroom bij Salon For All B.V. NL &amp; BE . De groothandel voor salons, praktijken en spa&#039;s in NL en BE.\" \/>\n<meta name=\"robots\" content=\"index, follow, max-snippet:-1, max-image-preview:large, max-video-preview:-1\" \/>\n<link rel=\"canonical\" href=\"https:\/\/salonforall.nl\/de\/friseurstuhl-spielzeugauto-polizei-b082\/\" \/>\n<meta property=\"og:locale\" content=\"de_DE\" \/>\n<meta property=\"og:type\" content=\"article\" \/>\n<meta property=\"og:title\" content=\"Kappersstoel speelgoedauto politie b082\" \/>\n<meta property=\"og:description\" content=\"Kappersstoel speelgoedauto politie b082 koop je online of in de showroom bij Salon For All B.V. NL &amp; BE . De groothandel voor salons, praktijken en spa&#039;s in NL en BE.\" \/>\n<meta property=\"og:url\" content=\"https:\/\/salonforall.nl\/de\/friseurstuhl-spielzeugauto-polizei-b082\/\" \/>\n<meta property=\"og:site_name\" content=\"Salon For All B.V. NL &amp; BE\" \/>\n<meta property=\"article:modified_time\" content=\"2026-04-15T04:02:31+00:00\" \/>\n<meta property=\"og:image\" content=\"https:\/\/salonforall.nl\/wp-content\/uploads\/2025\/01\/kappersstoel-speelgoedauto-politie-b082-1.jpg\" \/>\n\t<meta property=\"og:image:width\" content=\"800\" \/>\n\t<meta property=\"og:image:height\" content=\"800\" \/>\n\t<meta property=\"og:image:type\" content=\"image\/jpeg\" \/>\n<meta name=\"twitter:card\" content=\"summary_large_image\" \/>\n<meta name=\"twitter:title\" content=\"Kappersstoel speelgoedauto politie b082\" \/>\n<meta name=\"twitter:label1\" content=\"Preis\" \/>\n\t<meta name=\"twitter:data1\" content=\"&nbsp;369,31 excl. btw\" \/>\n\t<meta name=\"twitter:label2\" content=\"Verf\u00fcgbarkeit\" \/>\n\t<meta name=\"twitter:data2\" content=\"ausverkauft\" \/>\n<script type=\"application\/ld+json\" class=\"yoast-schema-graph\">{\"@context\":\"https:\\\/\\\/schema.org\",\"@graph\":[{\"@type\":\"WebPage\",\"@id\":\"https:\\\/\\\/salonforall.nl\\\/kappersstoel-speelgoedauto-politie-b082\\\/\",\"url\":\"https:\\\/\\\/salonforall.nl\\\/kappersstoel-speelgoedauto-politie-b082\\\/\",\"name\":\"Kappersstoel speelgoedauto politie b082 kopen bij Salon For All B.V. NL &amp; BE\",\"isPartOf\":{\"@id\":\"https:\\\/\\\/salonforall.nl\\\/#website\"},\"primaryImageOfPage\":{\"@id\":\"https:\\\/\\\/salonforall.nl\\\/kappersstoel-speelgoedauto-politie-b082\\\/#primaryimage\"},\"image\":{\"@id\":\"https:\\\/\\\/salonforall.nl\\\/kappersstoel-speelgoedauto-politie-b082\\\/#primaryimage\"},\"thumbnailUrl\":\"https:\\\/\\\/salonforall.nl\\\/wp-content\\\/uploads\\\/2025\\\/01\\\/kappersstoel-speelgoedauto-politie-b082-1.jpg\",\"datePublished\":\"2025-01-15T19:59:19+00:00\",\"dateModified\":\"2026-04-15T04:02:31+00:00\",\"description\":\"Kappersstoel speelgoedauto politie b082 koop je online of in de showroom bij Salon For All B.V. NL &amp; BE . De groothandel voor salons, praktijken en spa's in NL en BE.\",\"breadcrumb\":{\"@id\":\"https:\\\/\\\/salonforall.nl\\\/kappersstoel-speelgoedauto-politie-b082\\\/#breadcrumb\"},\"inLanguage\":\"de\",\"potentialAction\":[{\"@type\":\"ReadAction\",\"target\":[\"https:\\\/\\\/salonforall.nl\\\/kappersstoel-speelgoedauto-politie-b082\\\/\"]}]},{\"@type\":\"ImageObject\",\"inLanguage\":\"de\",\"@id\":\"https:\\\/\\\/salonforall.nl\\\/kappersstoel-speelgoedauto-politie-b082\\\/#primaryimage\",\"url\":\"https:\\\/\\\/salonforall.nl\\\/wp-content\\\/uploads\\\/2025\\\/01\\\/kappersstoel-speelgoedauto-politie-b082-1.jpg\",\"contentUrl\":\"https:\\\/\\\/salonforall.nl\\\/wp-content\\\/uploads\\\/2025\\\/01\\\/kappersstoel-speelgoedauto-politie-b082-1.jpg\",\"width\":800,\"height\":800,\"caption\":\"Kappersstoel speelgoedauto politie b082 1\"},{\"@type\":\"BreadcrumbList\",\"@id\":\"https:\\\/\\\/salonforall.nl\\\/kappersstoel-speelgoedauto-politie-b082\\\/#breadcrumb\",\"itemListElement\":[{\"@type\":\"ListItem\",\"position\":1,\"name\":\"Home\",\"item\":\"https:\\\/\\\/salonforall.nl\\\/\"},{\"@type\":\"ListItem\",\"position\":2,\"name\":\"Winkel\",\"item\":\"https:\\\/\\\/salonforall.nl\\\/winkel\\\/\"},{\"@type\":\"ListItem\",\"position\":3,\"name\":\"Kappersstoel speelgoedauto politie b082\"}]},{\"@type\":\"WebSite\",\"@id\":\"https:\\\/\\\/salonforall.nl\\\/#website\",\"url\":\"https:\\\/\\\/salonforall.nl\\\/\",\"name\":\"Salon For All\",\"description\":\"Jouw groothandel voor praktijk- &amp; saloninrichting en benodigdheden\",\"publisher\":{\"@id\":\"https:\\\/\\\/salonforall.nl\\\/#organization\"},\"alternateName\":\"salonforall.nl\",\"potentialAction\":[{\"@type\":\"SearchAction\",\"target\":{\"@type\":\"EntryPoint\",\"urlTemplate\":\"https:\\\/\\\/salonforall.nl\\\/?s={search_term_string}\"},\"query-input\":{\"@type\":\"PropertyValueSpecification\",\"valueRequired\":true,\"valueName\":\"search_term_string\"}}],\"inLanguage\":\"de\"},{\"@type\":\"Organization\",\"@id\":\"https:\\\/\\\/salonforall.nl\\\/#organization\",\"name\":\"Salon For All B.V.\",\"alternateName\":\"Salonforall.nl\",\"url\":\"https:\\\/\\\/salonforall.nl\\\/\",\"logo\":{\"@type\":\"ImageObject\",\"inLanguage\":\"de\",\"@id\":\"https:\\\/\\\/salonforall.nl\\\/#\\\/schema\\\/logo\\\/image\\\/\",\"url\":\"https:\\\/\\\/salonforall.nl\\\/wp-content\\\/uploads\\\/2025\\\/01\\\/logo-salon-for-all-groothandel-saloninrichting-e1736940477693.png\",\"contentUrl\":\"https:\\\/\\\/salonforall.nl\\\/wp-content\\\/uploads\\\/2025\\\/01\\\/logo-salon-for-all-groothandel-saloninrichting-e1736940477693.png\",\"width\":500,\"height\":125,\"caption\":\"Salon For All B.V.\"},\"image\":{\"@id\":\"https:\\\/\\\/salonforall.nl\\\/#\\\/schema\\\/logo\\\/image\\\/\"},\"description\":\"Salon For All is de groothandel voor praktijk- en saloninrichting en benodigdheden.\",\"email\":\"info@salonforall.com\",\"legalName\":\"Salon For All\",\"numberOfEmployees\":{\"@type\":\"QuantitativeValue\",\"minValue\":\"1\",\"maxValue\":\"10\"},\"hasMerchantReturnPolicy\":{\"@type\":\"MerchantReturnPolicy\",\"merchantReturnLink\":\"https:\\\/\\\/salonforall.nl\\\/de\\\/retourvoorwaarden\\\/\"}}]}<\/script>\n<meta property=\"product:brand\" content=\"GABBIANO\" \/>\n<meta property=\"product:price:amount\" content=\"369.31\" \/>\n<meta property=\"product:price:currency\" content=\"EUR\" \/>\n<meta property=\"og:availability\" content=\"out of stock\" \/>\n<meta property=\"product:availability\" content=\"out of stock\" \/>\n<meta property=\"product:retailer_item_id\" content=\"123468\" \/>\n<meta property=\"product:condition\" content=\"new\" \/>\n<!-- \/ Yoast SEO Premium plugin. -->","yoast_head_json":{"title":"Friseurstuhl Spielzeugauto Polizei b082 von Salon For All B.V. NL &amp; BE kaufen.","description":"Friseurstuhl Spielzeugauto Polizei b082 online oder im Ausstellungsraum kaufen bei Salon For All B.V. NL &amp; BE . Der Gro\u00dfh\u00e4ndler f\u00fcr Salons, Praxen und Spas in NL und BE.","robots":{"index":"index","follow":"follow","max-snippet":"max-snippet:-1","max-image-preview":"max-image-preview:large","max-video-preview":"max-video-preview:-1"},"canonical":"https:\/\/salonforall.nl\/de\/friseurstuhl-spielzeugauto-polizei-b082\/","og_locale":"de_DE","og_type":"article","og_title":"Kappersstoel speelgoedauto politie b082","og_description":"Kappersstoel speelgoedauto politie b082 koop je online of in de showroom bij Salon For All B.V. NL &amp; BE . De groothandel voor salons, praktijken en spa's in NL en BE.","og_url":"https:\/\/salonforall.nl\/de\/friseurstuhl-spielzeugauto-polizei-b082\/","og_site_name":"Salon For All B.V. NL &amp; BE","article_modified_time":"2026-04-15T04:02:31+00:00","og_image":[{"width":800,"height":800,"url":"https:\/\/salonforall.nl\/wp-content\/uploads\/2025\/01\/kappersstoel-speelgoedauto-politie-b082-1.jpg","type":"image\/jpeg"}],"twitter_card":"summary_large_image","twitter_title":"Kappersstoel speelgoedauto politie b082","twitter_misc":{"Preis":"&nbsp;369,31 excl. btw","Verf\u00fcgbarkeit":"ausverkauft"},"schema":{"@context":"https:\/\/schema.org","@graph":[{"@type":"WebPage","@id":"https:\/\/salonforall.nl\/kappersstoel-speelgoedauto-politie-b082\/","url":"https:\/\/salonforall.nl\/kappersstoel-speelgoedauto-politie-b082\/","name":"Friseurstuhl Spielzeugauto Polizei b082 von Salon For All B.V. NL &amp; BE kaufen.","isPartOf":{"@id":"https:\/\/salonforall.nl\/#website"},"primaryImageOfPage":{"@id":"https:\/\/salonforall.nl\/kappersstoel-speelgoedauto-politie-b082\/#primaryimage"},"image":{"@id":"https:\/\/salonforall.nl\/kappersstoel-speelgoedauto-politie-b082\/#primaryimage"},"thumbnailUrl":"https:\/\/salonforall.nl\/wp-content\/uploads\/2025\/01\/kappersstoel-speelgoedauto-politie-b082-1.jpg","datePublished":"2025-01-15T19:59:19+00:00","dateModified":"2026-04-15T04:02:31+00:00","description":"Friseurstuhl Spielzeugauto Polizei b082 online oder im Ausstellungsraum kaufen bei Salon For All B.V. NL &amp; BE . Der Gro\u00dfh\u00e4ndler f\u00fcr Salons, Praxen und Spas in NL und BE.","breadcrumb":{"@id":"https:\/\/salonforall.nl\/kappersstoel-speelgoedauto-politie-b082\/#breadcrumb"},"inLanguage":"de","potentialAction":[{"@type":"ReadAction","target":["https:\/\/salonforall.nl\/kappersstoel-speelgoedauto-politie-b082\/"]}]},{"@type":"ImageObject","inLanguage":"de","@id":"https:\/\/salonforall.nl\/kappersstoel-speelgoedauto-politie-b082\/#primaryimage","url":"https:\/\/salonforall.nl\/wp-content\/uploads\/2025\/01\/kappersstoel-speelgoedauto-politie-b082-1.jpg","contentUrl":"https:\/\/salonforall.nl\/wp-content\/uploads\/2025\/01\/kappersstoel-speelgoedauto-politie-b082-1.jpg","width":800,"height":800,"caption":"Kappersstoel speelgoedauto politie b082 1"},{"@type":"BreadcrumbList","@id":"https:\/\/salonforall.nl\/kappersstoel-speelgoedauto-politie-b082\/#breadcrumb","itemListElement":[{"@type":"ListItem","position":1,"name":"Home","item":"https:\/\/salonforall.nl\/"},{"@type":"ListItem","position":2,"name":"Winkel","item":"https:\/\/salonforall.nl\/winkel\/"},{"@type":"ListItem","position":3,"name":"Kappersstoel speelgoedauto politie b082"}]},{"@type":"WebSite","@id":"https:\/\/salonforall.nl\/#website","url":"https:\/\/salonforall.nl\/","name":"Salon f\u00fcr alle","description":"Ihr Gro\u00dfh\u00e4ndler f\u00fcr Praxis- und Salonausstattung und -bedarf","publisher":{"@id":"https:\/\/salonforall.nl\/#organization"},"alternateName":"salonforall.nl","potentialAction":[{"@type":"SearchAction","target":{"@type":"EntryPoint","urlTemplate":"https:\/\/salonforall.nl\/?s={search_term_string}"},"query-input":{"@type":"PropertyValueSpecification","valueRequired":true,"valueName":"search_term_string"}}],"inLanguage":"de"},{"@type":"Organization","@id":"https:\/\/salonforall.nl\/#organization","name":"Salon For All B.V.","alternateName":"Salonforall.nl","url":"https:\/\/salonforall.nl\/","logo":{"@type":"ImageObject","inLanguage":"de","@id":"https:\/\/salonforall.nl\/#\/schema\/logo\/image\/","url":"https:\/\/salonforall.nl\/wp-content\/uploads\/2025\/01\/logo-salon-for-all-groothandel-saloninrichting-e1736940477693.png","contentUrl":"https:\/\/salonforall.nl\/wp-content\/uploads\/2025\/01\/logo-salon-for-all-groothandel-saloninrichting-e1736940477693.png","width":500,"height":125,"caption":"Salon For All B.V."},"image":{"@id":"https:\/\/salonforall.nl\/#\/schema\/logo\/image\/"},"description":"Salon For All ist der Gro\u00dfh\u00e4ndler f\u00fcr Praxis- und Salonausstattung und -bedarf.","email":"info@salonforall.com","legalName":"Salon For All","numberOfEmployees":{"@type":"QuantitativeValue","minValue":"1","maxValue":"10"},"hasMerchantReturnPolicy":{"@type":"MerchantReturnPolicy","merchantReturnLink":"https:\/\/salonforall.nl\/de\/retourvoorwaarden\/"}}]},"product_brand":"GABBIANO","product_price_amount":"369.31","product_price_currency":"EUR","og_availability":"out of stock","product_availability":"out of stock","product_retailer_item_id":"123468","product_condition":"new"},"_links":{"self":[{"href":"https:\/\/salonforall.nl\/de\/wp-json\/wp\/v2\/product\/2227","targetHints":{"allow":["GET"]}}],"collection":[{"href":"https:\/\/salonforall.nl\/de\/wp-json\/wp\/v2\/product"}],"about":[{"href":"https:\/\/salonforall.nl\/de\/wp-json\/wp\/v2\/types\/product"}],"replies":[{"embeddable":true,"href":"https:\/\/salonforall.nl\/de\/wp-json\/wp\/v2\/comments?post=2227"}],"wp:featuredmedia":[{"embeddable":true,"href":"https:\/\/salonforall.nl\/de\/wp-json\/wp\/v2\/media\/2228"}],"wp:attachment":[{"href":"https:\/\/salonforall.nl\/de\/wp-json\/wp\/v2\/media?parent=2227"}],"wp:term":[{"taxonomy":"product_brand","embeddable":true,"href":"https:\/\/salonforall.nl\/de\/wp-json\/wp\/v2\/product_brand?post=2227"},{"taxonomy":"product_cat","embeddable":true,"href":"https:\/\/salonforall.nl\/de\/wp-json\/wp\/v2\/product_cat?post=2227"},{"taxonomy":"product_tag","embeddable":true,"href":"https:\/\/salonforall.nl\/de\/wp-json\/wp\/v2\/product_tag?post=2227"}],"curies":[{"name":"wp","href":"https:\/\/api.w.org\/{rel}","templated":true}]}}