{"id":2549,"date":"2025-01-15T20:27:48","date_gmt":"2025-01-15T20:27:48","guid":{"rendered":"https:\/\/salonforall.nl\/gabbiano-kappersstoel-francesco-gold-wit\/"},"modified":"2026-04-12T14:09:30","modified_gmt":"2026-04-12T13:09:30","slug":"gabbiano-kappersstoel-francesco-gold-wit","status":"publish","type":"product","link":"https:\/\/salonforall.nl\/de\/gabbiano-kappersstoel-francesco-gold-wit\/","title":{"rendered":"Gabbiano kappersstoel Francesco Gold wit"},"content":{"rendered":"<h2>Informationen \u00fcber den <strong>Gabbiano kappersstoel Francesco Gold wit met artikelnummer <\/strong>147877<\/h2>\n<p><img decoding=\"async\" src=\"https:\/\/activeshop.com.pl\/media\/wysiwyg\/product\/147877\/EN_147877_1.jpg\"><\/p>\n<p><strong>Gabbiano<\/strong> ist eine Luxusmarke f\u00fcr Friseureinrichtungen und -m\u00f6bel, die sich durch Zuverl\u00e4ssigkeit, Qualit\u00e4t und \u00e4sthetische Handwerkskunst sowie hohe Benutzerfreundlichkeit auszeichnet. Das Sortiment umfasst eine gro\u00dfe Auswahl an funktioneller Salonausstattung wie St\u00fchle, Waschmaschinen und Infrazonen.<\/p>\n<p><img decoding=\"async\" src=\"https:\/\/activeshop.com.pl\/media\/wysiwyg\/product\/147877\/EN_147877_2. jpg\"><\/p>\n<h2><strong>Einzigartiger Friseurstuhl<\/strong><\/h2>\n<p>Die stilvolle <strong>Gabbiano Francesco kappersstoel<\/strong> is een modern meubelstuk uitgerust met hydraulische lift en <strong>verstelbare voetsteun en rugleuning<\/strong>. Dankzij de aanzienlijke aanpassingsmogelijkheden kunt u de stoel aanpassen aan de uit te voeren procedure, waardoor het comfort van de dienstverlening <strong>aanzienlijk toeneemt<\/strong>. De esthetische afwerking maakt de stoel tot een decoratie van elke kapperssalon, en de <strong>hoge functionaliteit<\/strong> zorgt voor comfort en effici\u00ebntie bij het werken.<\/p>\n<p><img decoding=\"async\" src=\"https:\/\/activeshop .com.pl\/media\/wysiwyg\/product\/147877\/EN_147877_3.jpg\"><\/p>\n<h2><strong>Breite Einstellm\u00f6glichkeiten<\/strong><\/h2>\n<p><strong>Der robuste hydraulische Aufzug<\/strong> staat de zithoogte <strong>verstelbaar binnen 54-67 cm<\/strong>, auch wenn der Kunde im Stuhl sitzt. Dies garantiert eine <strong>ergonomischere Handhabung<\/strong>, Die Sitzh\u00f6he kann an die K\u00f6rpergr\u00f6\u00dfe des Kunden und der behandelnden Person angepasst werden. Der Stuhl hat <strong>eine verstellbare R\u00fcckenlehne und eine verstellbare Fu\u00dfst\u00fctze<\/strong>, waardoor het mogelijk is <strong>de cli\u00ebnt in een handige, semi-liggende positie te plaatsen<\/strong>. Deze positionering garandeert een betere toegang tijdens bepaalde diensten. Bovendien biedt <strong>de uitschuifbare hoofdsteun<\/strong> uitstekende hoofdsteun en kan deze worden aangepast aan de individuele behoeften.<\/p>\n<p><img decoding=\"async\" src=\"https:\/\/activeshop.com.pl\/media\/wysiwyg\/ product\/147877\/EN_147877_4.jpg\"><\/p>\n<h2><strong>Einrichtungen f\u00fcr Arbeitskomfort<\/strong><\/h2>\n<p><strong>Een brede zitting<\/strong> gevuld met vervormingsbestendig schuim garandeert de comfort van de cli\u00ebnt tijdens behandelingen. <strong>De rugleuning is bekleed met synthetisch leer<\/strong> waardoor u een comfortabele houding kunt aannemen, waardoor <strong>uitstekende ondersteuning voor de rug<\/strong> wordt geboden, wat vooral belangrijk is tijdens langere behandelingen. Door de stoel uit te rusten met <strong>einen vollst\u00e4ndigen Drehmechanismus<\/strong> wordt het werk van de kapper effectiever en comfortabeler. Gestoffeerde armleuningen die op de juiste hoogte zijn geplaatst <strong>zorgen ervoor dat de schouders van de cli\u00ebnt correct worden gepositioneerd<\/strong> \u2013 dit betekent dat hij zijn hoofd niet in zijn schouders steekt of onderuitzakt \u2013 waardoor de uitvoering van nauwkeurige behandelingen aanzienlijk wordt vergemakkelijkt. <strong>De stevige, brede basis<\/strong> zorgt voor een uitstekende stabiliteit van het meubel tijdens gebruik.<\/p>\n<p><img decoding=\"async\" src=\"https:\/\/activeshop.com.pl\/media\/wysiwyg\/product\/147877 \/EN_147877_5.jpg\"><\/p>\n<h2><strong>Uniek, ouderwets ontwerp<\/strong><\/h2>\n<p><strong>De stabiele constructie van de basis<\/strong> met elementen in tinten van wit en goud zorgt voor een hoog comfort van gebruik. De vulling met <strong>langlebiger, verformungsbest\u00e4ndiger Schaumstoff<\/strong> en de bekleding van <strong>angenehm f\u00fchlbares Kunstleder<\/strong> met een parelafwerking zorgen voor een lange levensduur van het meubel en een comfortabel gebruik. tijd. Ze maken de apparatuur ook <strong>feuchtigkeitsbest\u00e4ndig, langlebig und leicht zu reinigen<\/strong>. De bekleding in witte tinten samen met origineel quiltwerk en decoratieve knopen geven het <strong>einen einzigartigen Charakter<\/strong>. Decoratieve designelementen ge\u00efnspireerd op motorfietsen, <strong>in Anlehnung an den Vintage-Stil<\/strong>, passen perfect bij de sfeer van kapperszaken en cre\u00ebren hun verbazingwekkende uitstraling.<\/p>\n<div class=\"video-container\"><iframe src =\"https:\/\/www.youtube.com\/embed\/3tJMINNMi8s\" width=\"560\" height=\"315\" frameborder=\"0\" allowfullscreen=\"allowfullscreen\"><\/iframe> <\/p>\n<p>Die genauen Abmessungen sind in der Abbildung angegeben.<br \/><strong>Das Set besteht aus:<\/strong> Stuhl, Antrieb mit Fu\u00dfkreuz, Fu\u00dfst\u00fctze, Kopfst\u00fctze.<\/p>\n<p><strong>Daten:<\/strong><br \/>Aufzug: hydraulisch <br \/>Fahrgestell: rund<br \/>Polstermaterial: Kunstleder<br \/>Kleuren: tinten wit en goud<\/p>\n<p>Gouden elementen zijn bedekt met lak. Mechanische schade aan de coating is niet vatbaar voor klachten.<\/p>\n<p>Activeshop producten zijn in verhouding goedkoper dan vele andere merken\/ aanbieders. De prijs staat in verhouding met de kwaliteit. De Gabbiano kappersstoel Francesco Gold wit is hierdoor een laagdrempelige oplossing voor jouw salon.<\/p>\n<h2>Hoe wordt de Gabbiano kappersstoel Francesco Gold wit geleverd?<\/h2>\n<p>Die <strong>Gabbiano kappersstoel Francesco Gold wit <\/strong>wordt geleverd in originele verpakking(en). Binnen Nederland en Belgi\u00eb is de verzending van de Gabbiano kappersstoel Francesco Gold wit geheel gratis bij een bestelling v.a. 100,- euro. Bij verzendingen naar andere landen gelden aparte verzendtarieven. Je kunt deze tarieven bij ons opvragen of terugvinden in de winkelwagen. De Gabbiano kappersstoel Francesco Gold wit wordt verzonden via een externe koerier.<\/p>\n<p>Wir liefern Pakete oder Paletten standardm\u00e4\u00dfig bis zur Schwelle der Haust\u00fcr, auch wenn Sie sich in einem Kollektivhaus, einem Mehrfamilienhaus oder einem Wohnkomplex mit Aufzug befinden (sofern der Artikel in den Aufzug passt). Gibt es keinen Aufzug oder passt der Artikel nicht in den Aufzug? Dann liefern wir bis zur Schwelle des Erdgeschosses.<\/p>\n<p>Haben Sie noch Fragen zur Lieferung oder einer besonderen Situation? Kontaktieren Sie uns und wir helfen Ihnen gerne weiter!<\/p>\n<p><em>*Die Artikel werden standardm\u00e4\u00dfig nicht ausgepackt oder zusammengestellt. In besonderen Situationen kontaktieren Sie uns bitte, um Vereinbarungen zu treffen.<\/em><\/p>\n<h2>Sichere Online-Bestellung bei Salon For All mit dem G\u00fctesiegel Webwinkelkeur und SSL-Sicherheit<\/h2>\n<p>We vinden het belangrijk dat onze klanten veilig online bij ons kunnen shoppen. We zijn sinds 2019 aangesloten bij het landelijke Webwinkelkeur keurmerk. Onze identiteit is door hen gecontroleerd, geverifieerd en de webshop is juridisch gecontroleerd en goedgekeurd. Daarnaast is onze webwinkel is bij hen aangesloten voor geschillen bemiddeling. Je ziet de badge met alle informatie van dit webwinkel keurmerk aan de linker- of rechterkant van de webshop staan (roze met witte button). Ook is onze site beveiligd met een SSL-certificaat waardoor je bij ons veilig kunt browsen. In de balk van je internetbrowser, waar onze website in vermeld is, zie je een slotje staan. Als je op het slotje klikt, krijg je alle informatie over onze beveiliging. Hierdoor weet je dat je bestelling van de Gabbiano kappersstoel Francesco Gold wit en persoonsgegevens veilig verwerkt worden.<\/p>\n<h2>Hoe kan ik de Gabbiano kappersstoel Francesco Gold wit afrekenen?<\/h2>\n<p>Wir m\u00f6chten es Ihnen so einfach wie m\u00f6glich machen. Deshalb k\u00f6nnen Sie bei Salon For All mit allen bekannten und g\u00e4ngigen Zahlungsmitteln bezahlen. Bezahlen Sie im Voraus, bei Lieferung oder im Nachhinein; alles ist m\u00f6glich. Sehen Sie hier, welche Zahlungsarten wir anbieten<br \/>\nAngebot:<\/p>\n<ul>\n<li>Ideal<\/li>\n<li>Klarna - Nachzahlung auf Rechnung<\/li>\n<li>Bancontact (Nur f\u00fcr belgische Kunden)<\/li>\n<li>Payin3 - Zahlung in 3 Raten mit 0% Zinsen (nur f\u00fcr niederl\u00e4ndische Kunden)<\/li>\n<li>Paypal<\/li>\n<li>Kreditkarte<\/li>\n<li>Apple Pay<\/li>\n<li>Gesch\u00e4ftsrechnung f\u00fcr Unternehmen<\/li>\n<li>Bezahlen im Ausstellungsraum - sowohl mit Pin als auch in bar (nur bei Abholung m\u00f6glich)<\/li>\n<\/ul>\n<h2>Sehen Sie sich auch die Bewertungen von Salon For ALL an<\/h2>\n<p>Bekijk ook onze reviews om ervaringen van onze huidige klanten me te nemen in je besluit om de Gabbiano kappersstoel Francesco Gold wit bij ons te bestellen. Via ons onafhankelijke webwinkel keurmerk van Webwinkelkeur worden automatisch geverifieerde reviews verzameld van klanten die bij ons een bestelling hebben voldaan. Deze vind je terug achter de roze button op onze webwinkel of staan vermeld onder de producten.<\/p>\n<p>Deel na je aankoop ook jouw ervaring met je bestelde Gabbiano kappersstoel Francesco Gold wit en ervaring met het aankoopproces of contact met Salon For All om anderen te inspireren!<\/p>\n<h2>Kontakt Salon f\u00fcr alle<\/h2>\n<p>Neem dan contact met ons op. Wij helpen je graag verder bij de aanschaf van de Gabbiano kappersstoel Francesco Gold wit. Op werkdagen zijn we het beste bereikbaar tussen 8.30 uur en 17.00 uur via het telefoonnummer en e-mailadres bovenaan de webshop of via de chatfunctie. Vragen buiten kantooruren worden meestal binnen 24uur beantwoord. Het is ook mogelijk om buitenwerkdagen of kantooruren bij ons langs te komen. Maar hiervoor van tevoren een afspraak.<\/p>\n<h2>M\u00f6chten Sie in unserem Ausstellungsraum vorbeischauen?<\/h2>\n<p>Vind je het prettiger om de Gabbiano kappersstoel Francesco Gold wit te bekijken of samen met onze collega door ons aanbod van de (web)shop heen te lopen? Kom dan langs in onze showroom met meer dan 1000m2 aan saloninrichting en laat je inspireren door onze medewerkers. Ook als je ervan houdt om gezellig kennis te maken onder het genot van een goede kop koffie of thee dan ben je hier van harte welkom. We hebben niet alle producten staan dus laat ons van tevoren even weten dat je wilt komen. Maak altijd van te voren een afspraak.<\/p>\n<h2>14-t\u00e4gige Bedenkzeit und unser R\u00fcckgaberecht<\/h2>\n<p>Het kan natuurlijk voorkomen dat de geleverde Gabbiano kappersstoel Francesco Gold wit niet helemaal naar wens is en je het wilt terugsturen. Dat is bij Salon For All geen enkel probleem. Je dient binnen 14 werkdagen je retourzending bij ons aan te melden via <a href=\"mailto:info@salonforall.nl\">info@salonforall.nl<\/a> . Je ontvangt dan eerst van alle retourinstructies en voorwaarden. Let op de Gabbiano kappersstoel Francesco Gold wit mag niet gebruikt zijn, moet alle meegeleverde onderdelen bevatten en verpakt in originele verpakking geretourneerd worden. De kosten voor de zending van een retour zijn bij aankopen via www.salonforall.nl altijd voor de koper. Je dient voor een retour zelf een transport te regelen bij een transporteur naar keuze. Zodra de Gabbiano kappersstoel Francesco Gold wit retour is gekomen wordt het gecontroleerd op volledigheid en schade. Zodra de retour akkoord is bevonden wordt het aankoopbedrag binnen 5 werkdagen teruggestort op het bij ons bekende rekeningnummer.<\/p>\n<h2>Wer ist Salon For All?<\/h2>\n<p>Salon For all ist der Gro\u00dfh\u00e4ndler f\u00fcr jegliche Salonausr\u00fcstung in Europa. Salon For all wurde 2003 unter dem Namen Salonvoordeel gegr\u00fcndet und ist aus der Praxis heraus entstanden. Die Inhaber von Salon For All sind erfahrene Friseure und Kosmetiker und verf\u00fcgen zusammen \u00fcber mehr als 30 Jahre Praxiserfahrung. Im Jahr 2003 starteten wir mit Salonvoordeel.nl (Niederlande) und sp\u00e4ter wurde Salon For All f\u00fcr den europ\u00e4ischen Markt gegr\u00fcndet. Einige unserer Mitarbeiter machten sich selbst\u00e4ndig, und so entstand die Idee, einen funktionalen Webshop f\u00fcr Friseure zu gr\u00fcnden und ihnen bei der Einrichtung ihrer Salons zu helfen. Mit unserer jahrelangen Erfahrung in der Branche k\u00f6nnen wir Ihnen einen Spiegel vorhalten und Sie richtig beraten. Wir sprechen dieselbe Sprache! Wir beraten, inspirieren, motivieren und helfen Ihnen beim Kauf eines <em>Gabbiano kappersstoel Francesco Gold wit<\/em>. Unsere Lieferanten befinden sich in ganz Europa, von Deutschland, England, Italien bis Polen.<\/p>","protected":false},"excerpt":{"rendered":"<p>De Gabbiano kappersstoel Francesco Gold wit is een goed betaalbare oplossing voor jouw salon. De levertijd voor deze kappersstoel is 2-6 werkdagen.<\/p>","protected":false},"featured_media":2629,"comment_status":"closed","ping_status":"open","template":"","meta":[],"product_brand":[],"product_cat":[117,114,115,2069,116,111,110,108,109],"product_tag":[],"class_list":{"0":"post-2549","1":"product","2":"type-product","3":"status-publish","4":"has-post-thumbnail","6":"product_cat-barber-stoel","7":"product_cat-barbershop","8":"product_cat-barbershop-inrichting","9":"product_cat-barberstoel","10":"product_cat-barberstoelen","11":"product_cat-kappersstoel","12":"product_cat-kappersstoelen","13":"product_cat-kapsalon","14":"product_cat-kapsalon-inrichting","15":"pa_kleur-wit","16":"pa_kwaliteit-middensegment","17":"pa_levertijd-3-6-werkdagen","18":"pa_merk-gabbiano","20":"first","21":"outofstock","22":"sale","23":"taxable","24":"shipping-taxable","25":"purchasable","26":"product-type-simple"},"yoast_head":"<!-- This site is optimized with the Yoast SEO Premium plugin v27.3 (Yoast SEO v27.3) - https:\/\/yoast.com\/product\/yoast-seo-premium-wordpress\/ -->\n<title>Gabbiano kappersstoel Francesco Gold wit kopen bij Salon For All B.V. NL &amp; BE<\/title>\n<meta name=\"description\" content=\"Gabbiano kappersstoel Francesco Gold wit koop je online of in de showroom bij Salon For All B.V. NL &amp; BE . De groothandel voor salons, praktijken en spa&#039;s in NL en BE.\" \/>\n<meta name=\"robots\" content=\"index, follow, max-snippet:-1, max-image-preview:large, max-video-preview:-1\" \/>\n<link rel=\"canonical\" href=\"https:\/\/salonforall.nl\/de\/gabbiano-kappersstoel-francesco-gold-wit\/\" \/>\n<meta property=\"og:locale\" content=\"de_DE\" \/>\n<meta property=\"og:type\" content=\"article\" \/>\n<meta property=\"og:title\" content=\"Gabbiano kappersstoel Francesco Gold wit\" \/>\n<meta property=\"og:description\" content=\"Gabbiano kappersstoel Francesco Gold wit koop je online of in de showroom bij Salon For All B.V. NL &amp; BE . De groothandel voor salons, praktijken en spa&#039;s in NL en BE.\" \/>\n<meta property=\"og:url\" content=\"https:\/\/salonforall.nl\/de\/gabbiano-kappersstoel-francesco-gold-wit\/\" \/>\n<meta property=\"og:site_name\" content=\"Salon For All B.V. NL &amp; BE\" \/>\n<meta property=\"article:modified_time\" content=\"2026-04-12T13:09:30+00:00\" \/>\n<meta property=\"og:image\" content=\"https:\/\/salonforall.nl\/wp-content\/uploads\/2025\/01\/gabbiano-kappersstoel-francesco-gold-wit-1-1.jpg\" \/>\n\t<meta property=\"og:image:width\" content=\"1200\" \/>\n\t<meta property=\"og:image:height\" content=\"1200\" \/>\n\t<meta property=\"og:image:type\" content=\"image\/jpeg\" \/>\n<meta name=\"twitter:card\" content=\"summary_large_image\" \/>\n<meta name=\"twitter:title\" content=\"Gabbiano kappersstoel Francesco Gold wit\" \/>\n<meta name=\"twitter:label1\" content=\"Preis\" \/>\n\t<meta name=\"twitter:data1\" content=\"&nbsp;762,19 excl. btw\" \/>\n\t<meta name=\"twitter:label2\" content=\"Verf\u00fcgbarkeit\" \/>\n\t<meta name=\"twitter:data2\" content=\"ausverkauft\" \/>\n<script type=\"application\/ld+json\" class=\"yoast-schema-graph\">{\"@context\":\"https:\\\/\\\/schema.org\",\"@graph\":[{\"@type\":\"WebPage\",\"@id\":\"https:\\\/\\\/salonforall.nl\\\/gabbiano-kappersstoel-francesco-gold-wit\\\/\",\"url\":\"https:\\\/\\\/salonforall.nl\\\/gabbiano-kappersstoel-francesco-gold-wit\\\/\",\"name\":\"Gabbiano kappersstoel Francesco Gold wit kopen bij Salon For All B.V. NL &amp; BE\",\"isPartOf\":{\"@id\":\"https:\\\/\\\/salonforall.nl\\\/#website\"},\"primaryImageOfPage\":{\"@id\":\"https:\\\/\\\/salonforall.nl\\\/gabbiano-kappersstoel-francesco-gold-wit\\\/#primaryimage\"},\"image\":{\"@id\":\"https:\\\/\\\/salonforall.nl\\\/gabbiano-kappersstoel-francesco-gold-wit\\\/#primaryimage\"},\"thumbnailUrl\":\"https:\\\/\\\/salonforall.nl\\\/wp-content\\\/uploads\\\/2025\\\/01\\\/gabbiano-kappersstoel-francesco-gold-wit-1-1.jpg\",\"datePublished\":\"2025-01-15T20:27:48+00:00\",\"dateModified\":\"2026-04-12T13:09:30+00:00\",\"description\":\"Gabbiano kappersstoel Francesco Gold wit koop je online of in de showroom bij Salon For All B.V. NL &amp; BE . De groothandel voor salons, praktijken en spa's in NL en BE.\",\"breadcrumb\":{\"@id\":\"https:\\\/\\\/salonforall.nl\\\/gabbiano-kappersstoel-francesco-gold-wit\\\/#breadcrumb\"},\"inLanguage\":\"de\",\"potentialAction\":[{\"@type\":\"ReadAction\",\"target\":[\"https:\\\/\\\/salonforall.nl\\\/gabbiano-kappersstoel-francesco-gold-wit\\\/\"]}]},{\"@type\":\"ImageObject\",\"inLanguage\":\"de\",\"@id\":\"https:\\\/\\\/salonforall.nl\\\/gabbiano-kappersstoel-francesco-gold-wit\\\/#primaryimage\",\"url\":\"https:\\\/\\\/salonforall.nl\\\/wp-content\\\/uploads\\\/2025\\\/01\\\/gabbiano-kappersstoel-francesco-gold-wit-1-1.jpg\",\"contentUrl\":\"https:\\\/\\\/salonforall.nl\\\/wp-content\\\/uploads\\\/2025\\\/01\\\/gabbiano-kappersstoel-francesco-gold-wit-1-1.jpg\",\"width\":1200,\"height\":1200,\"caption\":\"Gabbiano kappersstoel Francesco Gold wit 1\"},{\"@type\":\"BreadcrumbList\",\"@id\":\"https:\\\/\\\/salonforall.nl\\\/gabbiano-kappersstoel-francesco-gold-wit\\\/#breadcrumb\",\"itemListElement\":[{\"@type\":\"ListItem\",\"position\":1,\"name\":\"Home\",\"item\":\"https:\\\/\\\/salonforall.nl\\\/\"},{\"@type\":\"ListItem\",\"position\":2,\"name\":\"Winkel\",\"item\":\"https:\\\/\\\/salonforall.nl\\\/winkel\\\/\"},{\"@type\":\"ListItem\",\"position\":3,\"name\":\"Gabbiano kappersstoel Francesco Gold wit\"}]},{\"@type\":\"WebSite\",\"@id\":\"https:\\\/\\\/salonforall.nl\\\/#website\",\"url\":\"https:\\\/\\\/salonforall.nl\\\/\",\"name\":\"Salon For All\",\"description\":\"Jouw groothandel voor praktijk- &amp; saloninrichting en benodigdheden\",\"publisher\":{\"@id\":\"https:\\\/\\\/salonforall.nl\\\/#organization\"},\"alternateName\":\"salonforall.nl\",\"potentialAction\":[{\"@type\":\"SearchAction\",\"target\":{\"@type\":\"EntryPoint\",\"urlTemplate\":\"https:\\\/\\\/salonforall.nl\\\/?s={search_term_string}\"},\"query-input\":{\"@type\":\"PropertyValueSpecification\",\"valueRequired\":true,\"valueName\":\"search_term_string\"}}],\"inLanguage\":\"de\"},{\"@type\":\"Organization\",\"@id\":\"https:\\\/\\\/salonforall.nl\\\/#organization\",\"name\":\"Salon For All B.V.\",\"alternateName\":\"Salonforall.nl\",\"url\":\"https:\\\/\\\/salonforall.nl\\\/\",\"logo\":{\"@type\":\"ImageObject\",\"inLanguage\":\"de\",\"@id\":\"https:\\\/\\\/salonforall.nl\\\/#\\\/schema\\\/logo\\\/image\\\/\",\"url\":\"https:\\\/\\\/salonforall.nl\\\/wp-content\\\/uploads\\\/2025\\\/01\\\/logo-salon-for-all-groothandel-saloninrichting-e1736940477693.png\",\"contentUrl\":\"https:\\\/\\\/salonforall.nl\\\/wp-content\\\/uploads\\\/2025\\\/01\\\/logo-salon-for-all-groothandel-saloninrichting-e1736940477693.png\",\"width\":500,\"height\":125,\"caption\":\"Salon For All B.V.\"},\"image\":{\"@id\":\"https:\\\/\\\/salonforall.nl\\\/#\\\/schema\\\/logo\\\/image\\\/\"},\"description\":\"Salon For All is de groothandel voor praktijk- en saloninrichting en benodigdheden.\",\"email\":\"info@salonforall.com\",\"legalName\":\"Salon For All\",\"numberOfEmployees\":{\"@type\":\"QuantitativeValue\",\"minValue\":\"1\",\"maxValue\":\"10\"},\"hasMerchantReturnPolicy\":{\"@type\":\"MerchantReturnPolicy\",\"merchantReturnLink\":\"https:\\\/\\\/salonforall.nl\\\/de\\\/retourvoorwaarden\\\/\"}}]}<\/script>\n<meta property=\"product:brand\" content=\"GABBIANO\" \/>\n<meta property=\"product:price:amount\" content=\"762.19\" \/>\n<meta property=\"product:price:currency\" content=\"EUR\" \/>\n<meta property=\"og:availability\" content=\"out of stock\" \/>\n<meta property=\"product:availability\" content=\"out of stock\" \/>\n<meta property=\"product:retailer_item_id\" content=\"147877\" \/>\n<meta property=\"product:condition\" content=\"new\" \/>\n<!-- \/ Yoast SEO Premium plugin. -->","yoast_head_json":{"title":"Gabbiano kappersstoel Francesco Gold wit kopen bij Salon For All B.V. NL &amp; BE","description":"Gabbiano kappersstoel Francesco Gold wit koop je online of in de showroom bij Salon For All B.V. NL &amp; BE . De groothandel voor salons, praktijken en spa's in NL en BE.","robots":{"index":"index","follow":"follow","max-snippet":"max-snippet:-1","max-image-preview":"max-image-preview:large","max-video-preview":"max-video-preview:-1"},"canonical":"https:\/\/salonforall.nl\/de\/gabbiano-kappersstoel-francesco-gold-wit\/","og_locale":"de_DE","og_type":"article","og_title":"Gabbiano kappersstoel Francesco Gold wit","og_description":"Gabbiano kappersstoel Francesco Gold wit koop je online of in de showroom bij Salon For All B.V. NL &amp; BE . De groothandel voor salons, praktijken en spa's in NL en BE.","og_url":"https:\/\/salonforall.nl\/de\/gabbiano-kappersstoel-francesco-gold-wit\/","og_site_name":"Salon For All B.V. NL &amp; BE","article_modified_time":"2026-04-12T13:09:30+00:00","og_image":[{"width":1200,"height":1200,"url":"https:\/\/salonforall.nl\/wp-content\/uploads\/2025\/01\/gabbiano-kappersstoel-francesco-gold-wit-1-1.jpg","type":"image\/jpeg"}],"twitter_card":"summary_large_image","twitter_title":"Gabbiano kappersstoel Francesco Gold wit","twitter_misc":{"Preis":"&nbsp;762,19 excl. btw","Verf\u00fcgbarkeit":"ausverkauft"},"schema":{"@context":"https:\/\/schema.org","@graph":[{"@type":"WebPage","@id":"https:\/\/salonforall.nl\/gabbiano-kappersstoel-francesco-gold-wit\/","url":"https:\/\/salonforall.nl\/gabbiano-kappersstoel-francesco-gold-wit\/","name":"Gabbiano kappersstoel Francesco Gold wit kopen bij Salon For All B.V. NL &amp; BE","isPartOf":{"@id":"https:\/\/salonforall.nl\/#website"},"primaryImageOfPage":{"@id":"https:\/\/salonforall.nl\/gabbiano-kappersstoel-francesco-gold-wit\/#primaryimage"},"image":{"@id":"https:\/\/salonforall.nl\/gabbiano-kappersstoel-francesco-gold-wit\/#primaryimage"},"thumbnailUrl":"https:\/\/salonforall.nl\/wp-content\/uploads\/2025\/01\/gabbiano-kappersstoel-francesco-gold-wit-1-1.jpg","datePublished":"2025-01-15T20:27:48+00:00","dateModified":"2026-04-12T13:09:30+00:00","description":"Gabbiano kappersstoel Francesco Gold wit koop je online of in de showroom bij Salon For All B.V. NL &amp; BE . De groothandel voor salons, praktijken en spa's in NL en BE.","breadcrumb":{"@id":"https:\/\/salonforall.nl\/gabbiano-kappersstoel-francesco-gold-wit\/#breadcrumb"},"inLanguage":"de","potentialAction":[{"@type":"ReadAction","target":["https:\/\/salonforall.nl\/gabbiano-kappersstoel-francesco-gold-wit\/"]}]},{"@type":"ImageObject","inLanguage":"de","@id":"https:\/\/salonforall.nl\/gabbiano-kappersstoel-francesco-gold-wit\/#primaryimage","url":"https:\/\/salonforall.nl\/wp-content\/uploads\/2025\/01\/gabbiano-kappersstoel-francesco-gold-wit-1-1.jpg","contentUrl":"https:\/\/salonforall.nl\/wp-content\/uploads\/2025\/01\/gabbiano-kappersstoel-francesco-gold-wit-1-1.jpg","width":1200,"height":1200,"caption":"Gabbiano kappersstoel Francesco Gold wit 1"},{"@type":"BreadcrumbList","@id":"https:\/\/salonforall.nl\/gabbiano-kappersstoel-francesco-gold-wit\/#breadcrumb","itemListElement":[{"@type":"ListItem","position":1,"name":"Home","item":"https:\/\/salonforall.nl\/"},{"@type":"ListItem","position":2,"name":"Winkel","item":"https:\/\/salonforall.nl\/winkel\/"},{"@type":"ListItem","position":3,"name":"Gabbiano kappersstoel Francesco Gold wit"}]},{"@type":"WebSite","@id":"https:\/\/salonforall.nl\/#website","url":"https:\/\/salonforall.nl\/","name":"Salon f\u00fcr alle","description":"Ihr Gro\u00dfh\u00e4ndler f\u00fcr Praxis- und Salonausstattung und -bedarf","publisher":{"@id":"https:\/\/salonforall.nl\/#organization"},"alternateName":"salonforall.nl","potentialAction":[{"@type":"SearchAction","target":{"@type":"EntryPoint","urlTemplate":"https:\/\/salonforall.nl\/?s={search_term_string}"},"query-input":{"@type":"PropertyValueSpecification","valueRequired":true,"valueName":"search_term_string"}}],"inLanguage":"de"},{"@type":"Organization","@id":"https:\/\/salonforall.nl\/#organization","name":"Salon For All B.V.","alternateName":"Salonforall.nl","url":"https:\/\/salonforall.nl\/","logo":{"@type":"ImageObject","inLanguage":"de","@id":"https:\/\/salonforall.nl\/#\/schema\/logo\/image\/","url":"https:\/\/salonforall.nl\/wp-content\/uploads\/2025\/01\/logo-salon-for-all-groothandel-saloninrichting-e1736940477693.png","contentUrl":"https:\/\/salonforall.nl\/wp-content\/uploads\/2025\/01\/logo-salon-for-all-groothandel-saloninrichting-e1736940477693.png","width":500,"height":125,"caption":"Salon For All B.V."},"image":{"@id":"https:\/\/salonforall.nl\/#\/schema\/logo\/image\/"},"description":"Salon For All ist der Gro\u00dfh\u00e4ndler f\u00fcr Praxis- und Salonausstattung und -bedarf.","email":"info@salonforall.com","legalName":"Salon For All","numberOfEmployees":{"@type":"QuantitativeValue","minValue":"1","maxValue":"10"},"hasMerchantReturnPolicy":{"@type":"MerchantReturnPolicy","merchantReturnLink":"https:\/\/salonforall.nl\/de\/retourvoorwaarden\/"}}]},"product_brand":"GABBIANO","product_price_amount":"762.19","product_price_currency":"EUR","og_availability":"out of stock","product_availability":"out of stock","product_retailer_item_id":"147877","product_condition":"new"},"_links":{"self":[{"href":"https:\/\/salonforall.nl\/de\/wp-json\/wp\/v2\/product\/2549","targetHints":{"allow":["GET"]}}],"collection":[{"href":"https:\/\/salonforall.nl\/de\/wp-json\/wp\/v2\/product"}],"about":[{"href":"https:\/\/salonforall.nl\/de\/wp-json\/wp\/v2\/types\/product"}],"replies":[{"embeddable":true,"href":"https:\/\/salonforall.nl\/de\/wp-json\/wp\/v2\/comments?post=2549"}],"wp:featuredmedia":[{"embeddable":true,"href":"https:\/\/salonforall.nl\/de\/wp-json\/wp\/v2\/media\/2629"}],"wp:attachment":[{"href":"https:\/\/salonforall.nl\/de\/wp-json\/wp\/v2\/media?parent=2549"}],"wp:term":[{"taxonomy":"product_brand","embeddable":true,"href":"https:\/\/salonforall.nl\/de\/wp-json\/wp\/v2\/product_brand?post=2549"},{"taxonomy":"product_cat","embeddable":true,"href":"https:\/\/salonforall.nl\/de\/wp-json\/wp\/v2\/product_cat?post=2549"},{"taxonomy":"product_tag","embeddable":true,"href":"https:\/\/salonforall.nl\/de\/wp-json\/wp\/v2\/product_tag?post=2549"}],"curies":[{"name":"wp","href":"https:\/\/api.w.org\/{rel}","templated":true}]}}