{"id":26055,"date":"2026-04-02T12:12:38","date_gmt":"2026-04-02T11:12:38","guid":{"rendered":"https:\/\/salonforall.nl\/?post_type=product&#038;p=26055"},"modified":"2026-04-02T12:37:39","modified_gmt":"2026-04-02T11:37:39","slug":"mudi-elune-air-wasunit-met-massage-en-elektrische-voetsteun-beige-met-witte-wasbak","status":"publish","type":"product","link":"https:\/\/salonforall.nl\/de\/mudi-elune-air-wasunit-met-massage-en-elektrische-voetsteun-beige-met-witte-wasbak\/","title":{"rendered":"Mudi Elune Air wasunit met massage en elektrische voetsteun beige met witte wasbak"},"content":{"rendered":"","protected":false},"excerpt":{"rendered":"<p>Geef jouw salon een luxe uitstraling met deze beige wasunit met massage en elektrische voetsteun met witte wasbak. Deze Eluna Air wasunit combineert stijl met functionaliteit: de unit is in hoogte verstelbaar en de krachtige rugmassage reikt door tot de benen voor optimaal ontspanningscomfort.<\/p>","protected":false},"featured_media":26056,"comment_status":"closed","ping_status":"closed","template":"","meta":[],"product_brand":[2803],"product_cat":[130,108,109,3774,3773],"product_tag":[3932,1842,3938,3937,3936,3939],"class_list":{"0":"post-26055","1":"product","2":"type-product","3":"status-publish","4":"has-post-thumbnail","6":"product_brand-mudi","7":"product_cat-kapper-wasunit","8":"product_cat-kapsalon","9":"product_cat-kapsalon-inrichting","10":"product_cat-wasunit-met-voetsteun","11":"product_cat-wasunit-met-voetsteun-en-massage","12":"product_tag-beige","13":"product_tag-wasunit","14":"product_tag-wasunit-kapper","15":"product_tag-wasunit-met-elektrische-voetsteun","16":"product_tag-wasunit-met-massage","17":"product_tag-witte-wasbak","18":"pa_kleur-beige","19":"pa_kleur-wasbak-wit","20":"pa_levertijd-2-6-werkdagen","22":"first","23":"instock","24":"featured","25":"taxable","26":"shipping-taxable","27":"purchasable","28":"product-type-simple"},"yoast_head":"<!-- This site is optimized with the Yoast SEO Premium plugin v27.3 (Yoast SEO v27.3) - https:\/\/yoast.com\/product\/yoast-seo-premium-wordpress\/ -->\n<title>Mudi Elune Air wasunit met massage en elektrische voetsteun beige met witte wasbak kopen bij Salon For All B.V. NL &amp; BE<\/title>\n<meta name=\"description\" content=\"Mudi Elune Air wasunit met massage en elektrische voetsteun beige met witte wasbak koop je online of in de showroom bij Salon For All B.V. NL &amp; BE . De groothandel voor salons, praktijken en spa&#039;s in NL en BE.\" \/>\n<meta name=\"robots\" content=\"index, follow, max-snippet:-1, max-image-preview:large, max-video-preview:-1\" \/>\n<link rel=\"canonical\" href=\"https:\/\/salonforall.nl\/de\/mudi-elune-air-wasunit-met-massage-en-elektrische-voetsteun-beige-met-witte-wasbak\/\" \/>\n<meta property=\"og:locale\" content=\"de_DE\" \/>\n<meta property=\"og:type\" content=\"article\" \/>\n<meta property=\"og:title\" content=\"Mudi Elune Air wasunit met massage en elektrische voetsteun beige met witte wasbak\" \/>\n<meta property=\"og:description\" content=\"Mudi Elune Air wasunit met massage en elektrische voetsteun beige met witte wasbak koop je online of in de showroom bij Salon For All B.V. NL &amp; BE . De groothandel voor salons, praktijken en spa&#039;s in NL en BE.\" \/>\n<meta property=\"og:url\" content=\"https:\/\/salonforall.nl\/de\/mudi-elune-air-wasunit-met-massage-en-elektrische-voetsteun-beige-met-witte-wasbak\/\" \/>\n<meta property=\"og:site_name\" content=\"Salon For All B.V. NL &amp; BE\" \/>\n<meta property=\"article:modified_time\" content=\"2026-04-02T11:37:39+00:00\" \/>\n<meta property=\"og:image\" content=\"https:\/\/salonforall.nl\/wp-content\/uploads\/2026\/04\/mudi-elune-air-wasunit-met-massage-en-elektrische-voetsteun-beige-met-witte-wasbak-scaled.jpg\" \/>\n\t<meta property=\"og:image:width\" content=\"2560\" \/>\n\t<meta property=\"og:image:height\" content=\"2560\" \/>\n\t<meta property=\"og:image:type\" content=\"image\/jpeg\" \/>\n<meta name=\"twitter:card\" content=\"summary_large_image\" \/>\n<meta name=\"twitter:label1\" content=\"Preis\" \/>\n\t<meta name=\"twitter:data1\" content=\"&nbsp;1.699,00 excl. btw\" \/>\n\t<meta name=\"twitter:label2\" content=\"Verf\u00fcgbarkeit\" \/>\n\t<meta name=\"twitter:data2\" content=\"Auf Lager\" \/>\n<script type=\"application\/ld+json\" class=\"yoast-schema-graph\">{\"@context\":\"https:\\\/\\\/schema.org\",\"@graph\":[{\"@type\":\"WebPage\",\"@id\":\"https:\\\/\\\/salonforall.nl\\\/mudi-elune-air-wasunit-met-massage-en-elektrische-voetsteun-beige-met-witte-wasbak\\\/\",\"url\":\"https:\\\/\\\/salonforall.nl\\\/mudi-elune-air-wasunit-met-massage-en-elektrische-voetsteun-beige-met-witte-wasbak\\\/\",\"name\":\"Mudi Elune Air wasunit met massage en elektrische voetsteun beige met witte wasbak kopen bij Salon For All B.V. NL &amp; BE\",\"isPartOf\":{\"@id\":\"https:\\\/\\\/salonforall.nl\\\/#website\"},\"primaryImageOfPage\":{\"@id\":\"https:\\\/\\\/salonforall.nl\\\/mudi-elune-air-wasunit-met-massage-en-elektrische-voetsteun-beige-met-witte-wasbak\\\/#primaryimage\"},\"image\":{\"@id\":\"https:\\\/\\\/salonforall.nl\\\/mudi-elune-air-wasunit-met-massage-en-elektrische-voetsteun-beige-met-witte-wasbak\\\/#primaryimage\"},\"thumbnailUrl\":\"https:\\\/\\\/salonforall.nl\\\/wp-content\\\/uploads\\\/2026\\\/04\\\/mudi-elune-air-wasunit-met-massage-en-elektrische-voetsteun-beige-met-witte-wasbak-scaled.jpg\",\"datePublished\":\"2026-04-02T11:12:38+00:00\",\"dateModified\":\"2026-04-02T11:37:39+00:00\",\"description\":\"Mudi Elune Air wasunit met massage en elektrische voetsteun beige met witte wasbak koop je online of in de showroom bij Salon For All B.V. NL &amp; BE . De groothandel voor salons, praktijken en spa's in NL en BE.\",\"breadcrumb\":{\"@id\":\"https:\\\/\\\/salonforall.nl\\\/mudi-elune-air-wasunit-met-massage-en-elektrische-voetsteun-beige-met-witte-wasbak\\\/#breadcrumb\"},\"inLanguage\":\"de\",\"potentialAction\":[{\"@type\":\"ReadAction\",\"target\":[\"https:\\\/\\\/salonforall.nl\\\/mudi-elune-air-wasunit-met-massage-en-elektrische-voetsteun-beige-met-witte-wasbak\\\/\"]}]},{\"@type\":\"ImageObject\",\"inLanguage\":\"de\",\"@id\":\"https:\\\/\\\/salonforall.nl\\\/mudi-elune-air-wasunit-met-massage-en-elektrische-voetsteun-beige-met-witte-wasbak\\\/#primaryimage\",\"url\":\"https:\\\/\\\/salonforall.nl\\\/wp-content\\\/uploads\\\/2026\\\/04\\\/mudi-elune-air-wasunit-met-massage-en-elektrische-voetsteun-beige-met-witte-wasbak-scaled.jpg\",\"contentUrl\":\"https:\\\/\\\/salonforall.nl\\\/wp-content\\\/uploads\\\/2026\\\/04\\\/mudi-elune-air-wasunit-met-massage-en-elektrische-voetsteun-beige-met-witte-wasbak-scaled.jpg\",\"width\":2560,\"height\":2560,\"caption\":\"Mudi Elune Air wasunit met massage en elektrische voetsteun beige met witte wasbak\"},{\"@type\":\"BreadcrumbList\",\"@id\":\"https:\\\/\\\/salonforall.nl\\\/mudi-elune-air-wasunit-met-massage-en-elektrische-voetsteun-beige-met-witte-wasbak\\\/#breadcrumb\",\"itemListElement\":[{\"@type\":\"ListItem\",\"position\":1,\"name\":\"Home\",\"item\":\"https:\\\/\\\/salonforall.nl\\\/\"},{\"@type\":\"ListItem\",\"position\":2,\"name\":\"Winkel\",\"item\":\"https:\\\/\\\/salonforall.nl\\\/winkel\\\/\"},{\"@type\":\"ListItem\",\"position\":3,\"name\":\"Mudi Elune Air wasunit met massage en elektrische voetsteun beige met witte wasbak\"}]},{\"@type\":\"WebSite\",\"@id\":\"https:\\\/\\\/salonforall.nl\\\/#website\",\"url\":\"https:\\\/\\\/salonforall.nl\\\/\",\"name\":\"Salon For All\",\"description\":\"Jouw groothandel voor praktijk- &amp; saloninrichting en benodigdheden\",\"publisher\":{\"@id\":\"https:\\\/\\\/salonforall.nl\\\/#organization\"},\"alternateName\":\"salonforall.nl\",\"potentialAction\":[{\"@type\":\"SearchAction\",\"target\":{\"@type\":\"EntryPoint\",\"urlTemplate\":\"https:\\\/\\\/salonforall.nl\\\/?s={search_term_string}\"},\"query-input\":{\"@type\":\"PropertyValueSpecification\",\"valueRequired\":true,\"valueName\":\"search_term_string\"}}],\"inLanguage\":\"de\"},{\"@type\":\"Organization\",\"@id\":\"https:\\\/\\\/salonforall.nl\\\/#organization\",\"name\":\"Salon For All B.V.\",\"alternateName\":\"Salonforall.nl\",\"url\":\"https:\\\/\\\/salonforall.nl\\\/\",\"logo\":{\"@type\":\"ImageObject\",\"inLanguage\":\"de\",\"@id\":\"https:\\\/\\\/salonforall.nl\\\/#\\\/schema\\\/logo\\\/image\\\/\",\"url\":\"https:\\\/\\\/salonforall.nl\\\/wp-content\\\/uploads\\\/2025\\\/01\\\/logo-salon-for-all-groothandel-saloninrichting-e1736940477693.png\",\"contentUrl\":\"https:\\\/\\\/salonforall.nl\\\/wp-content\\\/uploads\\\/2025\\\/01\\\/logo-salon-for-all-groothandel-saloninrichting-e1736940477693.png\",\"width\":500,\"height\":125,\"caption\":\"Salon For All B.V.\"},\"image\":{\"@id\":\"https:\\\/\\\/salonforall.nl\\\/#\\\/schema\\\/logo\\\/image\\\/\"},\"description\":\"Salon For All is de groothandel voor praktijk- en saloninrichting en benodigdheden.\",\"email\":\"info@salonforall.com\",\"legalName\":\"Salon For All\",\"numberOfEmployees\":{\"@type\":\"QuantitativeValue\",\"minValue\":\"1\",\"maxValue\":\"10\"},\"hasMerchantReturnPolicy\":{\"@type\":\"MerchantReturnPolicy\",\"merchantReturnLink\":\"https:\\\/\\\/salonforall.nl\\\/de\\\/retourvoorwaarden\\\/\"}}]}<\/script>\n<meta property=\"product:price:amount\" content=\"1699.00\" \/>\n<meta property=\"product:price:currency\" content=\"EUR\" \/>\n<meta property=\"og:availability\" content=\"instock\" \/>\n<meta property=\"product:availability\" content=\"instock\" \/>\n<meta property=\"product:condition\" content=\"new\" \/>\n<!-- \/ Yoast SEO Premium plugin. -->","yoast_head_json":{"title":"Mudi Elune Air wasunit met massage en elektrische voetsteun beige met witte wasbak kopen bij Salon For All B.V. NL &amp; BE","description":"Mudi Elune Air wasunit met massage en elektrische voetsteun beige met witte wasbak koop je online of in de showroom bij Salon For All B.V. NL &amp; BE . De groothandel voor salons, praktijken en spa's in NL en BE.","robots":{"index":"index","follow":"follow","max-snippet":"max-snippet:-1","max-image-preview":"max-image-preview:large","max-video-preview":"max-video-preview:-1"},"canonical":"https:\/\/salonforall.nl\/de\/mudi-elune-air-wasunit-met-massage-en-elektrische-voetsteun-beige-met-witte-wasbak\/","og_locale":"de_DE","og_type":"article","og_title":"Mudi Elune Air wasunit met massage en elektrische voetsteun beige met witte wasbak","og_description":"Mudi Elune Air wasunit met massage en elektrische voetsteun beige met witte wasbak koop je online of in de showroom bij Salon For All B.V. NL &amp; BE . De groothandel voor salons, praktijken en spa's in NL en BE.","og_url":"https:\/\/salonforall.nl\/de\/mudi-elune-air-wasunit-met-massage-en-elektrische-voetsteun-beige-met-witte-wasbak\/","og_site_name":"Salon For All B.V. NL &amp; BE","article_modified_time":"2026-04-02T11:37:39+00:00","og_image":[{"width":2560,"height":2560,"url":"https:\/\/salonforall.nl\/wp-content\/uploads\/2026\/04\/mudi-elune-air-wasunit-met-massage-en-elektrische-voetsteun-beige-met-witte-wasbak-scaled.jpg","type":"image\/jpeg"}],"twitter_card":"summary_large_image","twitter_misc":{"Preis":"&nbsp;1.699,00 excl. btw","Verf\u00fcgbarkeit":"Auf Lager"},"schema":{"@context":"https:\/\/schema.org","@graph":[{"@type":"WebPage","@id":"https:\/\/salonforall.nl\/mudi-elune-air-wasunit-met-massage-en-elektrische-voetsteun-beige-met-witte-wasbak\/","url":"https:\/\/salonforall.nl\/mudi-elune-air-wasunit-met-massage-en-elektrische-voetsteun-beige-met-witte-wasbak\/","name":"Mudi Elune Air wasunit met massage en elektrische voetsteun beige met witte wasbak kopen bij Salon For All B.V. NL &amp; BE","isPartOf":{"@id":"https:\/\/salonforall.nl\/#website"},"primaryImageOfPage":{"@id":"https:\/\/salonforall.nl\/mudi-elune-air-wasunit-met-massage-en-elektrische-voetsteun-beige-met-witte-wasbak\/#primaryimage"},"image":{"@id":"https:\/\/salonforall.nl\/mudi-elune-air-wasunit-met-massage-en-elektrische-voetsteun-beige-met-witte-wasbak\/#primaryimage"},"thumbnailUrl":"https:\/\/salonforall.nl\/wp-content\/uploads\/2026\/04\/mudi-elune-air-wasunit-met-massage-en-elektrische-voetsteun-beige-met-witte-wasbak-scaled.jpg","datePublished":"2026-04-02T11:12:38+00:00","dateModified":"2026-04-02T11:37:39+00:00","description":"Mudi Elune Air wasunit met massage en elektrische voetsteun beige met witte wasbak koop je online of in de showroom bij Salon For All B.V. NL &amp; BE . De groothandel voor salons, praktijken en spa's in NL en BE.","breadcrumb":{"@id":"https:\/\/salonforall.nl\/mudi-elune-air-wasunit-met-massage-en-elektrische-voetsteun-beige-met-witte-wasbak\/#breadcrumb"},"inLanguage":"de","potentialAction":[{"@type":"ReadAction","target":["https:\/\/salonforall.nl\/mudi-elune-air-wasunit-met-massage-en-elektrische-voetsteun-beige-met-witte-wasbak\/"]}]},{"@type":"ImageObject","inLanguage":"de","@id":"https:\/\/salonforall.nl\/mudi-elune-air-wasunit-met-massage-en-elektrische-voetsteun-beige-met-witte-wasbak\/#primaryimage","url":"https:\/\/salonforall.nl\/wp-content\/uploads\/2026\/04\/mudi-elune-air-wasunit-met-massage-en-elektrische-voetsteun-beige-met-witte-wasbak-scaled.jpg","contentUrl":"https:\/\/salonforall.nl\/wp-content\/uploads\/2026\/04\/mudi-elune-air-wasunit-met-massage-en-elektrische-voetsteun-beige-met-witte-wasbak-scaled.jpg","width":2560,"height":2560,"caption":"Mudi Elune Air wasunit met massage en elektrische voetsteun beige met witte wasbak"},{"@type":"BreadcrumbList","@id":"https:\/\/salonforall.nl\/mudi-elune-air-wasunit-met-massage-en-elektrische-voetsteun-beige-met-witte-wasbak\/#breadcrumb","itemListElement":[{"@type":"ListItem","position":1,"name":"Home","item":"https:\/\/salonforall.nl\/"},{"@type":"ListItem","position":2,"name":"Winkel","item":"https:\/\/salonforall.nl\/winkel\/"},{"@type":"ListItem","position":3,"name":"Mudi Elune Air wasunit met massage en elektrische voetsteun beige met witte wasbak"}]},{"@type":"WebSite","@id":"https:\/\/salonforall.nl\/#website","url":"https:\/\/salonforall.nl\/","name":"Salon f\u00fcr alle","description":"Ihr Gro\u00dfh\u00e4ndler f\u00fcr Praxis- und Salonausstattung und -bedarf","publisher":{"@id":"https:\/\/salonforall.nl\/#organization"},"alternateName":"salonforall.nl","potentialAction":[{"@type":"SearchAction","target":{"@type":"EntryPoint","urlTemplate":"https:\/\/salonforall.nl\/?s={search_term_string}"},"query-input":{"@type":"PropertyValueSpecification","valueRequired":true,"valueName":"search_term_string"}}],"inLanguage":"de"},{"@type":"Organization","@id":"https:\/\/salonforall.nl\/#organization","name":"Salon For All B.V.","alternateName":"Salonforall.nl","url":"https:\/\/salonforall.nl\/","logo":{"@type":"ImageObject","inLanguage":"de","@id":"https:\/\/salonforall.nl\/#\/schema\/logo\/image\/","url":"https:\/\/salonforall.nl\/wp-content\/uploads\/2025\/01\/logo-salon-for-all-groothandel-saloninrichting-e1736940477693.png","contentUrl":"https:\/\/salonforall.nl\/wp-content\/uploads\/2025\/01\/logo-salon-for-all-groothandel-saloninrichting-e1736940477693.png","width":500,"height":125,"caption":"Salon For All B.V."},"image":{"@id":"https:\/\/salonforall.nl\/#\/schema\/logo\/image\/"},"description":"Salon For All ist der Gro\u00dfh\u00e4ndler f\u00fcr Praxis- und Salonausstattung und -bedarf.","email":"info@salonforall.com","legalName":"Salon For All","numberOfEmployees":{"@type":"QuantitativeValue","minValue":"1","maxValue":"10"},"hasMerchantReturnPolicy":{"@type":"MerchantReturnPolicy","merchantReturnLink":"https:\/\/salonforall.nl\/de\/retourvoorwaarden\/"}}]},"product_price_amount":"1699.00","product_price_currency":"EUR","og_availability":"instock","product_availability":"instock","product_condition":"new"},"_links":{"self":[{"href":"https:\/\/salonforall.nl\/de\/wp-json\/wp\/v2\/product\/26055","targetHints":{"allow":["GET"]}}],"collection":[{"href":"https:\/\/salonforall.nl\/de\/wp-json\/wp\/v2\/product"}],"about":[{"href":"https:\/\/salonforall.nl\/de\/wp-json\/wp\/v2\/types\/product"}],"replies":[{"embeddable":true,"href":"https:\/\/salonforall.nl\/de\/wp-json\/wp\/v2\/comments?post=26055"}],"wp:featuredmedia":[{"embeddable":true,"href":"https:\/\/salonforall.nl\/de\/wp-json\/wp\/v2\/media\/26056"}],"wp:attachment":[{"href":"https:\/\/salonforall.nl\/de\/wp-json\/wp\/v2\/media?parent=26055"}],"wp:term":[{"taxonomy":"product_brand","embeddable":true,"href":"https:\/\/salonforall.nl\/de\/wp-json\/wp\/v2\/product_brand?post=26055"},{"taxonomy":"product_cat","embeddable":true,"href":"https:\/\/salonforall.nl\/de\/wp-json\/wp\/v2\/product_cat?post=26055"},{"taxonomy":"product_tag","embeddable":true,"href":"https:\/\/salonforall.nl\/de\/wp-json\/wp\/v2\/product_tag?post=26055"}],"curies":[{"name":"wp","href":"https:\/\/api.w.org\/{rel}","templated":true}]}}