{"id":7178,"date":"2025-01-17T11:19:26","date_gmt":"2025-01-17T11:19:26","guid":{"rendered":"https:\/\/salonforall.nl\/spa-cosmetisch-massagebed-massagetafel-azzurro-838-4-sterk-verwarmd\/"},"modified":"2026-04-03T22:32:19","modified_gmt":"2026-04-03T21:32:19","slug":"spa-kosmetik-massageliege-massageliege-azzurro-838-4-stark-beheizt","status":"publish","type":"product","link":"https:\/\/salonforall.nl\/de\/spa-cosmetisch-massagebed-massagetafel-azzurro-838-4-sterk-verwarmd\/","title":{"rendered":"Spa kosmetische Massageliege \/ Massagetisch azzurro 838 4 stark beheizt"},"content":{"rendered":"<h2>Informationen \u00fcber den <strong>Spa Kosmetik-Massageliege \/ Massagetisch azzurro 838 4 stark beheizt mit Artikelnummer <\/strong>123557<\/h2>\n<p>elektrisches kosmetikbett h\u00f6henverstellbar in einem sehr weiten bereich von 64 bis 82 cm. r\u00fcckenlehne, fu\u00dfst\u00fctzen auch per fernbedienung verstellbar, gesichts\u00f6ffnung, st\u00fctzs\u00e4ulen unabh\u00e4ngig verstellbar. ein breites m\u00f6belst\u00fcck (76 cm), mit einer dicken und sehr bequemen und beheizten matratze. das bett ist sehr stabil. es ist mit hochwertigem \u00f6ko-leder in einem zarten ecru-ton gepolstert. tolle qualit\u00e4t!!! 2 jahre garantie!!! l\u00e4nge: 200 cm breite: 76 cm maximale h\u00f6he: 83cm minimale h\u00f6he: 65cm volle fernbedienung verstellung abmessungen verpackung: 205x80x70cm<\/p>\n<p>Activeshop-Produkte sind vergleichsweise g\u00fcnstiger als viele andere Marken\/Anbieter. Der Preis ist proportional zur Qualit\u00e4t. Das macht die Spa Kosmetik-Massageliege\/Massagetisch azzurro 838 4 stark beheizt zu einer niederschwelligen L\u00f6sung f\u00fcr Ihren Salon.<\/p>\n<h2>Wie wird die Spa-Kosmetik-Massageliege azzurro 838 4 stark beheizt geliefert?<\/h2>\n<p>Die <strong>Spa kosmetische Massageliege \/ Massagetisch azzurro 838 4 stark beheizt <\/strong>wird in Originalverpackung(en) geliefert. Innerhalb der Niederlande und Belgien ist der Versand der Spa Kosmetik-Massageliege azzurro 838 4 stark beheizt ab einem Bestellwert von 100,- Euro komplett kostenlos. F\u00fcr Sendungen in andere L\u00e4nder gelten gesonderte Versandtarife. Diese Preise k\u00f6nnen Sie bei uns erfragen oder im Warenkorb finden. Die Spa Kosmetik Massageliege \/ Massagetisch azzurro 838 4 stark beheizt wird \u00fcber einen externen Kurier versendet.<\/p>\n<p>Wir liefern Pakete oder Paletten standardm\u00e4\u00dfig bis zur Schwelle der Haust\u00fcr, auch wenn Sie sich in einem Kollektivhaus, einem Mehrfamilienhaus oder einem Wohnkomplex mit Aufzug befinden (sofern der Artikel in den Aufzug passt). Gibt es keinen Aufzug oder passt der Artikel nicht in den Aufzug? Dann liefern wir bis zur Schwelle des Erdgeschosses.<\/p>\n<p>Haben Sie noch Fragen zur Lieferung oder einer besonderen Situation? Kontaktieren Sie uns und wir helfen Ihnen gerne weiter!<\/p>\n<p><em>*Die Artikel werden standardm\u00e4\u00dfig nicht ausgepackt oder zusammengestellt. In besonderen Situationen kontaktieren Sie uns bitte, um Vereinbarungen zu treffen.<\/em><\/p>\n<h2>Sichere Online-Bestellung bei Salon For All mit dem G\u00fctesiegel Webwinkelkeur und SSL-Sicherheit<\/h2>\n<p>Es ist uns wichtig, dass unsere Kunden sicher bei uns online einkaufen k\u00f6nnen. Seit 2019 sind wir Mitglied des nationalen G\u00fctezeichens Webwinkelkeur. Unsere Identit\u00e4t wurde von ihnen \u00fcberpr\u00fcft, verifiziert und der Webshop wurde rechtlich gepr\u00fcft und genehmigt. Au\u00dferdem ist unser Webshop bei ihnen zur Streitschlichtung angeschlossen. Sie sehen die Plakette mit allen Informationen dieses Webwinkelkeurmerkmals auf der linken oder rechten Seite des Webshops (rosa mit wei\u00dfem Button). Unsere Website ist au\u00dferdem mit einem SSL-Zertifikat gesichert, so dass Sie sicher surfen k\u00f6nnen. In der Leiste Ihres Internetbrowsers, in der unsere Website aufgef\u00fchrt ist, sehen Sie ein Schloss. Wenn Sie auf das Vorh\u00e4ngeschloss klicken, erhalten Sie alle Informationen \u00fcber unsere Sicherheit. Dies l\u00e4sst Sie wissen, dass Ihre Bestellung von Spa kosmetische Massageliege\/Massageliege azzurro 838 4 stark beheizt und pers\u00f6nliche Daten sicher verarbeitet werden.<\/p>\n<h2>Wie kann ich die Spa Kosmetik Massageliege\/Massagetisch azzurro 838 4 stark beheizt auschecken?<\/h2>\n<p>Wir m\u00f6chten es Ihnen so einfach wie m\u00f6glich machen. Deshalb k\u00f6nnen Sie bei Salon For All mit allen bekannten und g\u00e4ngigen Zahlungsmitteln bezahlen. Bezahlen Sie im Voraus, bei Lieferung oder im Nachhinein; alles ist m\u00f6glich. Sehen Sie hier, welche Zahlungsarten wir anbieten<br \/>\nAngebot:<\/p>\n<ul>\n<li>Ideal<\/li>\n<li>Klarna - Nachzahlung auf Rechnung<\/li>\n<li>Bancontact (Nur f\u00fcr belgische Kunden)<\/li>\n<li>Payin3 - Zahlung in 3 Raten mit 0% Zinsen (nur f\u00fcr niederl\u00e4ndische Kunden)<\/li>\n<li>Paypal<\/li>\n<li>Kreditkarte<\/li>\n<li>Apple Pay<\/li>\n<li>Gesch\u00e4ftsrechnung f\u00fcr Unternehmen<\/li>\n<li>Bezahlen im Ausstellungsraum - sowohl mit Pin als auch in bar (nur bei Abholung m\u00f6glich)<\/li>\n<\/ul>\n<h2>Sehen Sie sich auch die Bewertungen von Salon For ALL an<\/h2>\n<p>Schauen Sie sich unsere Bewertungen an und ber\u00fccksichtigen Sie die Erfahrungen unserer bisherigen Kunden bei Ihrer Entscheidung, die Spa Kosmetik Massageliege \/ Massageliege azzurro 838 4 stark beheizt bei uns zu bestellen. Durch unser unabh\u00e4ngiges Webwinkelkeur-G\u00fctesiegel werden automatisch verifizierte Bewertungen von Kunden gesammelt, die bei uns eine Bestellung aufgegeben haben. Diese finden Sie hinter dem rosa Button in unserem Webshop oder sind unter den Produkten aufgef\u00fchrt.<\/p>\n<p>Teilen Sie nach Ihrem Kauf auch Ihre Erfahrungen mit Ihrer bestellten Spa Kosmetik-Massageliege\/Massagetisch azzurro 838 4 stark beheizt und Erfahrungen mit dem Kaufprozess oder kontaktieren Sie Salon For All, um andere zu inspirieren!<\/p>\n<h2>Kontakt Salon f\u00fcr alle<\/h2>\n<p>Dann kontaktieren Sie uns. Wir beraten Sie gerne beim Kauf der Spa Kosmetik-Massageliege\/Massagetisch azzurro 838 4 stark beheizt. An Werktagen sind wir am besten zwischen 8.30 und 17.00 Uhr \u00fcber die Telefonnummer und E-Mail-Adresse oben im Webshop oder \u00fcber die Chat-Funktion zu erreichen. Fragen au\u00dferhalb der B\u00fcrozeiten werden in der Regel innerhalb von 24 Stunden beantwortet. Es ist auch m\u00f6glich, uns au\u00dferhalb der Arbeitstage oder B\u00fcrozeiten zu besuchen. Bitte vereinbaren Sie jedoch im Voraus einen Termin.<\/p>\n<h2>M\u00f6chten Sie in unserem Ausstellungsraum vorbeischauen?<\/h2>\n<p>M\u00f6chten Sie sich lieber die Spa-Kosmetik-Massageliege azzurro 838 4 stark beheizt ansehen oder gemeinsam mit unserem Mitarbeiter durch unser (Web)Shop-Angebot gehen? Dann besuchen Sie unseren Showroom mit mehr als 1000m2 Salonausstattung und lassen Sie sich von unseren Mitarbeitern inspirieren. Auch wenn Sie sich gerne bei einer guten Tasse Kaffee oder Tee unterhalten, sind Sie hier herzlich willkommen. Da wir nicht alle Produkte ausstellen k\u00f6nnen, bitten wir Sie, uns im Voraus Bescheid zu geben, wenn Sie kommen m\u00f6chten. Vereinbaren Sie immer einen Termin im Voraus.<\/p>\n<h2>14-t\u00e4gige Bedenkzeit und unser R\u00fcckgaberecht<\/h2>\n<p>Nat\u00fcrlich kann es vorkommen, dass die gelieferte Spa-Kosmetik-Massageliege \/ Massageliege azzurro 838 4 stark beheizt nicht ganz nach Ihrem Geschmack ist und Sie sie zur\u00fcckgeben m\u00f6chten. Das ist bei Salon For All kein Problem. Sie m\u00fcssen uns innerhalb von 14 Werktagen \u00fcber Ihre R\u00fcckgabe informieren. <a href=\"mailto:info@salonforall.nl\">info@salonforall.nl<\/a> . Sie erhalten dann zun\u00e4chst die R\u00fcckgabeanweisungen und -bedingungen. Bitte beachten Sie, dass die Spa Kosmetik-Massageliege \/ Massageliege azzurro 838 4 stark beheizt nicht benutzt worden sein darf, alle mitgelieferten Teile enthalten muss und in der Originalverpackung verpackt zur\u00fcckgeschickt werden muss. Die Kosten f\u00fcr den Versand einer R\u00fccksendung gehen beim Kauf \u00fcber www.salonforall.nl immer zu Lasten des K\u00e4ufers. Sie m\u00fcssen Ihren eigenen Transport f\u00fcr eine R\u00fccksendung mit einem Spediteur Ihrer Wahl organisieren. Sobald die Spa Kosmetik-Massageliege\/Massagetisch azzurro 838 4 stark beheizt zur\u00fcckgeschickt wird, wird sie auf Vollst\u00e4ndigkeit und Besch\u00e4digung gepr\u00fcft. Nach Genehmigung der R\u00fccksendung wird der Kaufbetrag innerhalb von 5 Werktagen auf die uns bekannte Kontonummer zur\u00fcckerstattet.<\/p>\n<h2>Wer ist Salon For All?<\/h2>\n<p>Salon For all ist der Gro\u00dfh\u00e4ndler f\u00fcr jegliche Salonausr\u00fcstung in Europa. Salon For all wurde 2003 unter dem Namen Salonvoordeel gegr\u00fcndet und ist aus der Praxis heraus entstanden. Die Inhaber von Salon For All sind erfahrene Friseure und Kosmetiker und verf\u00fcgen zusammen \u00fcber mehr als 30 Jahre Praxiserfahrung. Im Jahr 2003 starteten wir mit Salonvoordeel.nl (Niederlande) und sp\u00e4ter wurde Salon For All f\u00fcr den europ\u00e4ischen Markt gegr\u00fcndet. Einige unserer Mitarbeiter machten sich selbst\u00e4ndig, und so entstand die Idee, einen funktionalen Webshop f\u00fcr Friseure zu gr\u00fcnden und ihnen bei der Einrichtung ihrer Salons zu helfen. Mit unserer jahrelangen Erfahrung in der Branche k\u00f6nnen wir Ihnen einen Spiegel vorhalten und Sie richtig beraten. Wir sprechen dieselbe Sprache! Wir beraten, inspirieren, motivieren und helfen Ihnen beim Kauf eines <em>Spa kosmetische Massageliege \/ Massagetisch azzurro 838 4 stark beheizt<\/em>. Unsere Lieferanten befinden sich in ganz Europa, von Deutschland, England, Italien bis Polen.<\/p>","protected":false},"excerpt":{"rendered":"<p>Die Spa-Kosmetik-Massageliege \/ Massagetisch azzurro 838 4 stark beheizt von der Marke AZZURRO ist eine erschwingliche L\u00f6sung f\u00fcr jeden Salon. Die Lieferzeit f\u00fcr die Massagetische oder Massageliegen betr\u00e4gt 2-6 Werktage.<\/p>","protected":false},"featured_media":7179,"comment_status":"closed","ping_status":"open","template":"","meta":[],"product_brand":[],"product_cat":[249,248,223,229,228,224,226,225],"product_tag":[],"class_list":{"0":"post-7178","1":"product","2":"type-product","3":"status-publish","4":"has-post-thumbnail","6":"product_cat-elektrisch-massagebed","7":"product_cat-elektrische-massagetafel","8":"product_cat-massage","9":"product_cat-massagebed","10":"product_cat-massagebedden","11":"product_cat-massagepraktijk-inrichting","12":"product_cat-massagetafel","13":"product_cat-massagetafels","14":"pa_artikelnummer-264","15":"pa_kleur-wit","16":"pa_kwaliteit-middensegment","17":"pa_materiaal-staal","18":"pa_merk-azzurro","19":"pa_type-tafel-of-bed-elektrisch","21":"first","22":"instock","23":"sale","24":"taxable","25":"shipping-taxable","26":"purchasable","27":"product-type-simple"},"yoast_head":"<!-- This site is optimized with the Yoast SEO Premium plugin v27.3 (Yoast SEO v27.3) - https:\/\/yoast.com\/product\/yoast-seo-premium-wordpress\/ -->\n<title>Spa cosmetisch massagebed \/ massagetafel azzurro 838 4 sterk verwarmd<\/title>\n<meta name=\"description\" content=\"Spa cosmetisch massagebed \/ massagetafel azzurro 838 4 sterk verwarmd koop je online of in de showroom bij Salon For All B.V. NL &amp; BE . De groothandel voor salons, praktijken en spa&#039;s in NL en BE.\" \/>\n<meta name=\"robots\" content=\"index, follow, max-snippet:-1, max-image-preview:large, max-video-preview:-1\" \/>\n<link rel=\"canonical\" href=\"https:\/\/salonforall.nl\/de\/spa-kosmetik-massageliege-massageliege-azzurro-838-4-stark-beheizt\/\" \/>\n<meta property=\"og:locale\" content=\"de_DE\" \/>\n<meta property=\"og:type\" content=\"article\" \/>\n<meta property=\"og:title\" content=\"Spa cosmetisch massagebed \/ massagetafel azzurro 838 4 sterk verwarmd\" \/>\n<meta property=\"og:description\" content=\"Spa cosmetisch massagebed \/ massagetafel azzurro 838 4 sterk verwarmd koop je online of in de showroom bij Salon For All B.V. NL &amp; BE . De groothandel voor salons, praktijken en spa&#039;s in NL en BE.\" \/>\n<meta property=\"og:url\" content=\"https:\/\/salonforall.nl\/de\/spa-kosmetik-massageliege-massageliege-azzurro-838-4-stark-beheizt\/\" \/>\n<meta property=\"og:site_name\" content=\"Salon For All B.V. NL &amp; BE\" \/>\n<meta property=\"article:modified_time\" content=\"2026-04-03T21:32:19+00:00\" \/>\n<meta property=\"og:image\" content=\"https:\/\/salonforall.nl\/wp-content\/uploads\/2025\/01\/spa-cosmetisch-massagebed-massagetafel-azzurro-838-4-sterk-verwarmd-1.jpg\" \/>\n\t<meta property=\"og:image:width\" content=\"1200\" \/>\n\t<meta property=\"og:image:height\" content=\"1200\" \/>\n\t<meta property=\"og:image:type\" content=\"image\/jpeg\" \/>\n<meta name=\"twitter:card\" content=\"summary_large_image\" \/>\n<meta name=\"twitter:title\" content=\"Spa cosmetisch massagebed \/ massagetafel azzurro 838 4 sterk verwarmd\" \/>\n<meta name=\"twitter:label1\" content=\"Preis\" \/>\n\t<meta name=\"twitter:data1\" content=\"&nbsp;1.872,96 excl. btw\" \/>\n\t<meta name=\"twitter:label2\" content=\"Verf\u00fcgbarkeit\" \/>\n\t<meta name=\"twitter:data2\" content=\"Auf Lager\" \/>\n<script type=\"application\/ld+json\" class=\"yoast-schema-graph\">{\"@context\":\"https:\\\/\\\/schema.org\",\"@graph\":[{\"@type\":\"WebPage\",\"@id\":\"https:\\\/\\\/salonforall.nl\\\/spa-cosmetisch-massagebed-massagetafel-azzurro-838-4-sterk-verwarmd\\\/\",\"url\":\"https:\\\/\\\/salonforall.nl\\\/spa-cosmetisch-massagebed-massagetafel-azzurro-838-4-sterk-verwarmd\\\/\",\"name\":\"Spa cosmetisch massagebed \\\/ massagetafel azzurro 838 4 sterk verwarmd\",\"isPartOf\":{\"@id\":\"https:\\\/\\\/salonforall.nl\\\/#website\"},\"primaryImageOfPage\":{\"@id\":\"https:\\\/\\\/salonforall.nl\\\/spa-cosmetisch-massagebed-massagetafel-azzurro-838-4-sterk-verwarmd\\\/#primaryimage\"},\"image\":{\"@id\":\"https:\\\/\\\/salonforall.nl\\\/spa-cosmetisch-massagebed-massagetafel-azzurro-838-4-sterk-verwarmd\\\/#primaryimage\"},\"thumbnailUrl\":\"https:\\\/\\\/salonforall.nl\\\/wp-content\\\/uploads\\\/2025\\\/01\\\/spa-cosmetisch-massagebed-massagetafel-azzurro-838-4-sterk-verwarmd-1.jpg\",\"datePublished\":\"2025-01-17T11:19:26+00:00\",\"dateModified\":\"2026-04-03T21:32:19+00:00\",\"description\":\"Spa cosmetisch massagebed \\\/ massagetafel azzurro 838 4 sterk verwarmd koop je online of in de showroom bij Salon For All B.V. NL &amp; BE . De groothandel voor salons, praktijken en spa's in NL en BE.\",\"breadcrumb\":{\"@id\":\"https:\\\/\\\/salonforall.nl\\\/spa-cosmetisch-massagebed-massagetafel-azzurro-838-4-sterk-verwarmd\\\/#breadcrumb\"},\"inLanguage\":\"de\",\"potentialAction\":[{\"@type\":\"ReadAction\",\"target\":[\"https:\\\/\\\/salonforall.nl\\\/spa-cosmetisch-massagebed-massagetafel-azzurro-838-4-sterk-verwarmd\\\/\"]}]},{\"@type\":\"ImageObject\",\"inLanguage\":\"de\",\"@id\":\"https:\\\/\\\/salonforall.nl\\\/spa-cosmetisch-massagebed-massagetafel-azzurro-838-4-sterk-verwarmd\\\/#primaryimage\",\"url\":\"https:\\\/\\\/salonforall.nl\\\/wp-content\\\/uploads\\\/2025\\\/01\\\/spa-cosmetisch-massagebed-massagetafel-azzurro-838-4-sterk-verwarmd-1.jpg\",\"contentUrl\":\"https:\\\/\\\/salonforall.nl\\\/wp-content\\\/uploads\\\/2025\\\/01\\\/spa-cosmetisch-massagebed-massagetafel-azzurro-838-4-sterk-verwarmd-1.jpg\",\"width\":1200,\"height\":1200,\"caption\":\"Spa cosmetisch massagebed \\\/ massagetafel azzurro 838 4 sterk verwarmd 1\"},{\"@type\":\"BreadcrumbList\",\"@id\":\"https:\\\/\\\/salonforall.nl\\\/spa-cosmetisch-massagebed-massagetafel-azzurro-838-4-sterk-verwarmd\\\/#breadcrumb\",\"itemListElement\":[{\"@type\":\"ListItem\",\"position\":1,\"name\":\"Home\",\"item\":\"https:\\\/\\\/salonforall.nl\\\/\"},{\"@type\":\"ListItem\",\"position\":2,\"name\":\"Winkel\",\"item\":\"https:\\\/\\\/salonforall.nl\\\/winkel\\\/\"},{\"@type\":\"ListItem\",\"position\":3,\"name\":\"Spa cosmetisch massagebed \\\/ massagetafel azzurro 838 4 sterk verwarmd\"}]},{\"@type\":\"WebSite\",\"@id\":\"https:\\\/\\\/salonforall.nl\\\/#website\",\"url\":\"https:\\\/\\\/salonforall.nl\\\/\",\"name\":\"Salon For All\",\"description\":\"Jouw groothandel voor praktijk- &amp; saloninrichting en benodigdheden\",\"publisher\":{\"@id\":\"https:\\\/\\\/salonforall.nl\\\/#organization\"},\"alternateName\":\"salonforall.nl\",\"potentialAction\":[{\"@type\":\"SearchAction\",\"target\":{\"@type\":\"EntryPoint\",\"urlTemplate\":\"https:\\\/\\\/salonforall.nl\\\/?s={search_term_string}\"},\"query-input\":{\"@type\":\"PropertyValueSpecification\",\"valueRequired\":true,\"valueName\":\"search_term_string\"}}],\"inLanguage\":\"de\"},{\"@type\":\"Organization\",\"@id\":\"https:\\\/\\\/salonforall.nl\\\/#organization\",\"name\":\"Salon For All B.V.\",\"alternateName\":\"Salonforall.nl\",\"url\":\"https:\\\/\\\/salonforall.nl\\\/\",\"logo\":{\"@type\":\"ImageObject\",\"inLanguage\":\"de\",\"@id\":\"https:\\\/\\\/salonforall.nl\\\/#\\\/schema\\\/logo\\\/image\\\/\",\"url\":\"https:\\\/\\\/salonforall.nl\\\/wp-content\\\/uploads\\\/2025\\\/01\\\/logo-salon-for-all-groothandel-saloninrichting-e1736940477693.png\",\"contentUrl\":\"https:\\\/\\\/salonforall.nl\\\/wp-content\\\/uploads\\\/2025\\\/01\\\/logo-salon-for-all-groothandel-saloninrichting-e1736940477693.png\",\"width\":500,\"height\":125,\"caption\":\"Salon For All B.V.\"},\"image\":{\"@id\":\"https:\\\/\\\/salonforall.nl\\\/#\\\/schema\\\/logo\\\/image\\\/\"},\"description\":\"Salon For All is de groothandel voor praktijk- en saloninrichting en benodigdheden.\",\"email\":\"info@salonforall.com\",\"legalName\":\"Salon For All\",\"numberOfEmployees\":{\"@type\":\"QuantitativeValue\",\"minValue\":\"1\",\"maxValue\":\"10\"},\"hasMerchantReturnPolicy\":{\"@type\":\"MerchantReturnPolicy\",\"merchantReturnLink\":\"https:\\\/\\\/salonforall.nl\\\/de\\\/retourvoorwaarden\\\/\"}}]}<\/script>\n<meta property=\"product:brand\" content=\"AZZURRO\" \/>\n<meta property=\"product:price:amount\" content=\"1872.96\" \/>\n<meta property=\"product:price:currency\" content=\"EUR\" \/>\n<meta property=\"og:availability\" content=\"instock\" \/>\n<meta property=\"product:availability\" content=\"instock\" \/>\n<meta property=\"product:retailer_item_id\" content=\"123557\" \/>\n<meta property=\"product:condition\" content=\"new\" \/>\n<!-- \/ Yoast SEO Premium plugin. -->","yoast_head_json":{"title":"Spa kosmetische Massageliege \/ Massagetisch azzurro 838 4 stark beheizt","description":"Spa cosmetisch massagebed \/ massagetafel azzurro 838 4 sterk verwarmd koop je online of in de showroom bij Salon For All B.V. NL &amp; BE . De groothandel voor salons, praktijken en spa's in NL en BE.","robots":{"index":"index","follow":"follow","max-snippet":"max-snippet:-1","max-image-preview":"max-image-preview:large","max-video-preview":"max-video-preview:-1"},"canonical":"https:\/\/salonforall.nl\/de\/spa-kosmetik-massageliege-massageliege-azzurro-838-4-stark-beheizt\/","og_locale":"de_DE","og_type":"article","og_title":"Spa cosmetisch massagebed \/ massagetafel azzurro 838 4 sterk verwarmd","og_description":"Spa cosmetisch massagebed \/ massagetafel azzurro 838 4 sterk verwarmd koop je online of in de showroom bij Salon For All B.V. NL &amp; BE . De groothandel voor salons, praktijken en spa's in NL en BE.","og_url":"https:\/\/salonforall.nl\/de\/spa-kosmetik-massageliege-massageliege-azzurro-838-4-stark-beheizt\/","og_site_name":"Salon For All B.V. NL &amp; BE","article_modified_time":"2026-04-03T21:32:19+00:00","og_image":[{"width":1200,"height":1200,"url":"https:\/\/salonforall.nl\/wp-content\/uploads\/2025\/01\/spa-cosmetisch-massagebed-massagetafel-azzurro-838-4-sterk-verwarmd-1.jpg","type":"image\/jpeg"}],"twitter_card":"summary_large_image","twitter_title":"Spa cosmetisch massagebed \/ massagetafel azzurro 838 4 sterk verwarmd","twitter_misc":{"Preis":"&nbsp;1.872,96 excl. btw","Verf\u00fcgbarkeit":"Auf Lager"},"schema":{"@context":"https:\/\/schema.org","@graph":[{"@type":"WebPage","@id":"https:\/\/salonforall.nl\/spa-cosmetisch-massagebed-massagetafel-azzurro-838-4-sterk-verwarmd\/","url":"https:\/\/salonforall.nl\/spa-cosmetisch-massagebed-massagetafel-azzurro-838-4-sterk-verwarmd\/","name":"Spa kosmetische Massageliege \/ Massagetisch azzurro 838 4 stark beheizt","isPartOf":{"@id":"https:\/\/salonforall.nl\/#website"},"primaryImageOfPage":{"@id":"https:\/\/salonforall.nl\/spa-cosmetisch-massagebed-massagetafel-azzurro-838-4-sterk-verwarmd\/#primaryimage"},"image":{"@id":"https:\/\/salonforall.nl\/spa-cosmetisch-massagebed-massagetafel-azzurro-838-4-sterk-verwarmd\/#primaryimage"},"thumbnailUrl":"https:\/\/salonforall.nl\/wp-content\/uploads\/2025\/01\/spa-cosmetisch-massagebed-massagetafel-azzurro-838-4-sterk-verwarmd-1.jpg","datePublished":"2025-01-17T11:19:26+00:00","dateModified":"2026-04-03T21:32:19+00:00","description":"Spa cosmetisch massagebed \/ massagetafel azzurro 838 4 sterk verwarmd koop je online of in de showroom bij Salon For All B.V. NL &amp; BE . De groothandel voor salons, praktijken en spa's in NL en BE.","breadcrumb":{"@id":"https:\/\/salonforall.nl\/spa-cosmetisch-massagebed-massagetafel-azzurro-838-4-sterk-verwarmd\/#breadcrumb"},"inLanguage":"de","potentialAction":[{"@type":"ReadAction","target":["https:\/\/salonforall.nl\/spa-cosmetisch-massagebed-massagetafel-azzurro-838-4-sterk-verwarmd\/"]}]},{"@type":"ImageObject","inLanguage":"de","@id":"https:\/\/salonforall.nl\/spa-cosmetisch-massagebed-massagetafel-azzurro-838-4-sterk-verwarmd\/#primaryimage","url":"https:\/\/salonforall.nl\/wp-content\/uploads\/2025\/01\/spa-cosmetisch-massagebed-massagetafel-azzurro-838-4-sterk-verwarmd-1.jpg","contentUrl":"https:\/\/salonforall.nl\/wp-content\/uploads\/2025\/01\/spa-cosmetisch-massagebed-massagetafel-azzurro-838-4-sterk-verwarmd-1.jpg","width":1200,"height":1200,"caption":"Spa cosmetisch massagebed \/ massagetafel azzurro 838 4 sterk verwarmd 1"},{"@type":"BreadcrumbList","@id":"https:\/\/salonforall.nl\/spa-cosmetisch-massagebed-massagetafel-azzurro-838-4-sterk-verwarmd\/#breadcrumb","itemListElement":[{"@type":"ListItem","position":1,"name":"Home","item":"https:\/\/salonforall.nl\/"},{"@type":"ListItem","position":2,"name":"Winkel","item":"https:\/\/salonforall.nl\/winkel\/"},{"@type":"ListItem","position":3,"name":"Spa cosmetisch massagebed \/ massagetafel azzurro 838 4 sterk verwarmd"}]},{"@type":"WebSite","@id":"https:\/\/salonforall.nl\/#website","url":"https:\/\/salonforall.nl\/","name":"Salon f\u00fcr alle","description":"Ihr Gro\u00dfh\u00e4ndler f\u00fcr Praxis- und Salonausstattung und -bedarf","publisher":{"@id":"https:\/\/salonforall.nl\/#organization"},"alternateName":"salonforall.nl","potentialAction":[{"@type":"SearchAction","target":{"@type":"EntryPoint","urlTemplate":"https:\/\/salonforall.nl\/?s={search_term_string}"},"query-input":{"@type":"PropertyValueSpecification","valueRequired":true,"valueName":"search_term_string"}}],"inLanguage":"de"},{"@type":"Organization","@id":"https:\/\/salonforall.nl\/#organization","name":"Salon For All B.V.","alternateName":"Salonforall.nl","url":"https:\/\/salonforall.nl\/","logo":{"@type":"ImageObject","inLanguage":"de","@id":"https:\/\/salonforall.nl\/#\/schema\/logo\/image\/","url":"https:\/\/salonforall.nl\/wp-content\/uploads\/2025\/01\/logo-salon-for-all-groothandel-saloninrichting-e1736940477693.png","contentUrl":"https:\/\/salonforall.nl\/wp-content\/uploads\/2025\/01\/logo-salon-for-all-groothandel-saloninrichting-e1736940477693.png","width":500,"height":125,"caption":"Salon For All B.V."},"image":{"@id":"https:\/\/salonforall.nl\/#\/schema\/logo\/image\/"},"description":"Salon For All ist der Gro\u00dfh\u00e4ndler f\u00fcr Praxis- und Salonausstattung und -bedarf.","email":"info@salonforall.com","legalName":"Salon For All","numberOfEmployees":{"@type":"QuantitativeValue","minValue":"1","maxValue":"10"},"hasMerchantReturnPolicy":{"@type":"MerchantReturnPolicy","merchantReturnLink":"https:\/\/salonforall.nl\/de\/retourvoorwaarden\/"}}]},"product_brand":"AZZURRO","product_price_amount":"1872.96","product_price_currency":"EUR","og_availability":"instock","product_availability":"instock","product_retailer_item_id":"123557","product_condition":"new"},"_links":{"self":[{"href":"https:\/\/salonforall.nl\/de\/wp-json\/wp\/v2\/product\/7178","targetHints":{"allow":["GET"]}}],"collection":[{"href":"https:\/\/salonforall.nl\/de\/wp-json\/wp\/v2\/product"}],"about":[{"href":"https:\/\/salonforall.nl\/de\/wp-json\/wp\/v2\/types\/product"}],"replies":[{"embeddable":true,"href":"https:\/\/salonforall.nl\/de\/wp-json\/wp\/v2\/comments?post=7178"}],"wp:featuredmedia":[{"embeddable":true,"href":"https:\/\/salonforall.nl\/de\/wp-json\/wp\/v2\/media\/7179"}],"wp:attachment":[{"href":"https:\/\/salonforall.nl\/de\/wp-json\/wp\/v2\/media?parent=7178"}],"wp:term":[{"taxonomy":"product_brand","embeddable":true,"href":"https:\/\/salonforall.nl\/de\/wp-json\/wp\/v2\/product_brand?post=7178"},{"taxonomy":"product_cat","embeddable":true,"href":"https:\/\/salonforall.nl\/de\/wp-json\/wp\/v2\/product_cat?post=7178"},{"taxonomy":"product_tag","embeddable":true,"href":"https:\/\/salonforall.nl\/de\/wp-json\/wp\/v2\/product_tag?post=7178"}],"curies":[{"name":"wp","href":"https:\/\/api.w.org\/{rel}","templated":true}]}}