{"id":18,"date":"2023-06-06T11:00:13","date_gmt":"2023-06-06T11:00:13","guid":{"rendered":"https:\/\/dummy.xtemos.com\/woodmart2\/furniture2\/?page_id=18"},"modified":"2025-01-26T13:26:34","modified_gmt":"2025-01-26T13:26:34","slug":"a-propos-de-nous","status":"publish","type":"page","link":"https:\/\/salonforall.nl\/fr-be\/over-ons\/","title":{"rendered":"A propos de nous"},"content":{"rendered":"<div class=\"wpb-content-wrapper\"><div class=\"vc_row wpb_row vc_row-fluid vc_custom_1685544197253 vc_row-o-content-middle vc_row-flex row-reverse-mobile row-reverse-tablet wd-rs-64775cf93784f\"><div class=\"wpb_column vc_column_container vc_col-sm-12 vc_col-lg-8 vc_col-md-6 wd-rs-6437f9c6ef9c8\"><div class=\"vc_column-inner\"><div class=\"wpb_wrapper\">\t\t<div id=\"gallery_757\" class=\"wd-images-gallery wd-wpb wd-rs-679522480b693 vc_custom_1737826913317 photoswipe-images\" style=\"--wd-justify-content:center;--wd-align-items:center;\">\n\t\t\t\n\t\t\t<div class=\"wd-grid-g\" style=\"--wd-col-lg:2;--wd-col-md:2;--wd-col-sm:2;--wd-gap-lg:20px;--wd-gap-sm:10px;\">\n\t\t\t\t\n\t\t\t\t\t\t\t\t\t\t\t\t\t\t\t<div class=\"wd-gallery-item wd-col\">\n\t\t\t\t\t\t\t\t\t\t\t\t\t\t<a href=\"https:\/\/salonforall.nl\/wp-content\/uploads\/2025\/01\/showroom-salon-for-all-groothandel-saloninrichting.jpg\" data-elementor-open-lightbox=\"no\" data-index=\"1\" data-width=\"550\" data-height=\"357\" \n\t\t\t\t\t\t\t\t\t\t\t\t\t\t\t\t\t\t\t\t>\n\t\t\t\t\t\t\t\t\n\t\t\t\t\t\t\t\t<img decoding=\"async\" width=\"550\" height=\"357\" src=\"https:\/\/salonforall.nl\/wp-content\/uploads\/2025\/01\/showroom-salon-for-all-groothandel-saloninrichting.jpg\" class=\"wd-gallery-image image-1\" alt=\"salon d&#039;exposition pour tous les \u00e9quipements de salon en gros\" srcset=\"https:\/\/salonforall.nl\/wp-content\/uploads\/2025\/01\/showroom-salon-for-all-groothandel-saloninrichting.jpg 550w, https:\/\/salonforall.nl\/wp-content\/uploads\/2025\/01\/showroom-salon-for-all-groothandel-saloninrichting-150x97.jpg 150w, https:\/\/salonforall.nl\/wp-content\/uploads\/2025\/01\/showroom-salon-for-all-groothandel-saloninrichting-300x195.jpg 300w, https:\/\/salonforall.nl\/wp-content\/uploads\/2025\/01\/showroom-salon-for-all-groothandel-saloninrichting-18x12.jpg 18w\" sizes=\"(max-width: 550px) 100vw, 550px\" \/>\n\t\t\t\t\t\t\t\t\t\t\t\t\t\t\t<\/a>\n\t\t\t\t\t\t\t\t\t\t\t\t<\/div>\n\t\t\t\t\t\t\t\t\t\t\t<div class=\"wd-gallery-item wd-col\">\n\t\t\t\t\t\t\t\t\t\t\t\t\t\t<a href=\"https:\/\/salonforall.nl\/wp-content\/uploads\/2025\/01\/salon-for-all-groothandel-saloninrichting.jpg\" data-elementor-open-lightbox=\"no\" data-index=\"2\" data-width=\"1900\" data-height=\"900\" \n\t\t\t\t\t\t\t\t\t\t\t\t\t\t\t\t\t\t\t\t>\n\t\t\t\t\t\t\t\t\n\t\t\t\t\t\t\t\t<img decoding=\"async\" width=\"1900\" height=\"900\" src=\"https:\/\/salonforall.nl\/wp-content\/uploads\/2025\/01\/salon-for-all-groothandel-saloninrichting.jpg\" class=\"wd-gallery-image image-2\" alt=\"\" srcset=\"https:\/\/salonforall.nl\/wp-content\/uploads\/2025\/01\/salon-for-all-groothandel-saloninrichting.jpg 1900w, https:\/\/salonforall.nl\/wp-content\/uploads\/2025\/01\/salon-for-all-groothandel-saloninrichting-150x71.jpg 150w, https:\/\/salonforall.nl\/wp-content\/uploads\/2025\/01\/salon-for-all-groothandel-saloninrichting-900x426.jpg 900w, https:\/\/salonforall.nl\/wp-content\/uploads\/2025\/01\/salon-for-all-groothandel-saloninrichting-300x142.jpg 300w, https:\/\/salonforall.nl\/wp-content\/uploads\/2025\/01\/salon-for-all-groothandel-saloninrichting-1024x485.jpg 1024w, https:\/\/salonforall.nl\/wp-content\/uploads\/2025\/01\/salon-for-all-groothandel-saloninrichting-768x364.jpg 768w, https:\/\/salonforall.nl\/wp-content\/uploads\/2025\/01\/salon-for-all-groothandel-saloninrichting-1536x728.jpg 1536w, https:\/\/salonforall.nl\/wp-content\/uploads\/2025\/01\/salon-for-all-groothandel-saloninrichting-18x9.jpg 18w\" sizes=\"(max-width: 1900px) 100vw, 1900px\" \/>\n\t\t\t\t\t\t\t\t\t\t\t\t\t\t\t<\/a>\n\t\t\t\t\t\t\t\t\t\t\t\t<\/div>\n\t\t\t\t\t\t\t\t\t\n\t\t\t\t\t\t\t<\/div>\n\n\t\t\t\t\t<\/div>\n\t\t<\/div><\/div><\/div><div class=\"wpb_column vc_column_container vc_col-sm-12 vc_col-lg-4 vc_col-md-6 wd-rs-6437f9cfc23d6\"><div class=\"vc_column-inner\"><div class=\"wpb_wrapper\">\n\t\t<div id=\"wd-67951cb578072\" class=\"title-wrapper wd-wpb wd-set-mb reset-last-child  wd-rs-67951cb578072 wd-title-color-default wd-title-style-default text-left vc_custom_1737825531563 wd-underline-colored\">\n\t\t\t\n\t\t\t<div class=\"liner-continer\">\n\t\t\t\t<h4 class=\"woodmart-title-container title  wd-font-weight- wd-fontsize-xxl\" >Votre grossiste et sp\u00e9cialiste de l'\u00e9quipement et des fournitures pour salons de coiffure.<\/h4>\n\t\t\t\t\t\t\t<\/div>\n\t\t\t\n\t\t\t\n\t\t\t\n\t\t<\/div>\n\t\t\n\t\t\t\t<div id=\"wd-679637fc857ce\" class=\"wd-text-block wd-wpb reset-last-child wd-rs-679637fc857ce text-left vc_custom_1737897989337\">\n\t\t\t<p>Depuis plus de 30 ans, nous sommes le partenaire de confiance des professionnels de l'industrie de la beaut\u00e9 et du toilettage et des sp\u00e9cialistes m\u00e9dicaux. En tant que grossiste de premier plan pour l'\u00e9quipement et les fournitures de salon, nous sommes fiers de servir les coiffeurs, les barbiers, les salons de beaut\u00e9, les salons cosm\u00e9tiques et les tatoueurs dans toute l'Europe.<\/p>\n<h2><strong>Commerce de gros europ\u00e9en<\/strong><\/h2>\n<p>Depuis notre si\u00e8ge aux Pays-Bas, nous fournissons aux salons de Belgique, d'Allemagne, d'Angleterre, d'Espagne, d'Italie et de nombreux autres pays europ\u00e9ens des meubles et des fournitures de haute qualit\u00e9. Notre force est de proposer une gamme \u00e9tendue qui r\u00e9pond parfaitement \u00e0 vos besoins et \u00e0 votre budget. Que vous soyez \u00e0 la recherche de grandes marques exclusives ou de solutions de qualit\u00e9 avec un rapport qualit\u00e9-prix int\u00e9ressant, vous trouverez tout cela sous un m\u00eame toit chez Salon For All.<\/p>\n\t\t<\/div>\n\t\t<\/div><\/div><\/div><\/div><div class=\"vc_row wpb_row vc_row-fluid\"><div class=\"wpb_column vc_column_container vc_col-sm-12\"><div class=\"vc_column-inner\"><div class=\"wpb_wrapper\">\n\t<div class=\"wpb_text_column wpb_content_element\" >\n\t\t<div class=\"wpb_wrapper\">\n\t\t\t<h2>Visitez notre salle d'exposition<\/h2>\n<p>Visitez notre impressionnante salle d'exposition de 1000 m\u00b2 (Pays-Bas) et laissez-vous inspirer par les derni\u00e8res tendances et possibilit\u00e9s en mati\u00e8re d'ameublement de salon. Vous pourrez y voir et d\u00e9couvrir notre gamme compl\u00e8te de vos propres yeux. Des fauteuils de barbier \u00e9l\u00e9gants aux unit\u00e9s de lavage compl\u00e8tes, des fauteuils de traitement modernes aux solutions de salle d'attente atmosph\u00e9riques : tout est pr\u00e9sent de mani\u00e8re tangible pour vous aider \u00e0 faire le bon choix.<\/p>\n<h2>Le confort d'achat chez Salon For All<\/h2>\n<p>Chez Salon For All, nous vous offrons le meilleur des deux mondes. Parcourez et commandez facilement sur notre vaste boutique en ligne, disponible 24 heures sur 24 et 7 jours sur 7, ou visitez notre salle d'exposition pour une exp\u00e9rience d'achat personnelle. Notre \u00e9quipe de professionnels est pr\u00eate \u00e0 vous aider en ligne et hors ligne, afin que vous puissiez trouver exactement ce que vous cherchez.<\/p>\n<h2>Notre service<\/h2>\n<p>En tant que fournisseur global, nous savons mieux que quiconque que l'int\u00e9rieur de votre salon est votre carte de visite. C'est pourquoi notre \u00e9quipe exp\u00e9riment\u00e9e est toujours pr\u00eate \u00e0 vous conseiller sur la cr\u00e9ation d'un environnement de travail parfait, qu'il s'agisse d'un simple fauteuil ou d'un int\u00e9rieur de salon complet.<\/p>\n<h2>Pourquoi le Salon pour tous ?<\/h2>\n<ul>\n<li>Plus de 30 ans d'expertise dans l'ameublement des salons<\/li>\n<li>Une gamme de grandes marques soigneusement s\u00e9lectionn\u00e9es<\/li>\n<li>Livraisons dans toute l'Europe<\/li>\n<li>Conseils personnalis\u00e9s et service professionnel<\/li>\n<li>Des solutions d'am\u00e9nagement compl\u00e8tes pour chaque salon<\/li>\n<li>Une salle d'exposition inspirante de plus de 1000m\u00b2<\/li>\n<li>Acheter en ligne ou visiter notre salle d'exposition<\/li>\n<\/ul>\n\n\t\t<\/div>\n\t<\/div>\n<\/div><\/div><\/div><\/div>\n<\/div>","protected":false},"excerpt":{"rendered":"Jouw groothandel en specialist voor saloninrichting en benodigdheden. Al ruim 30 jaar zijn wij de betrouwbare partner voor professionals in","protected":false},"author":1,"featured_media":0,"parent":0,"menu_order":0,"comment_status":"closed","ping_status":"closed","template":"","meta":{"footnotes":""},"class_list":["post-18","page","type-page","status-publish","hentry"],"yoast_head":"<!-- This site is optimized with the Yoast SEO Premium plugin v27.3 (Yoast SEO v27.3) - https:\/\/yoast.com\/product\/yoast-seo-premium-wordpress\/ -->\n<title>Over ons | Salon For All B.V. NL &amp; BE<\/title>\n<meta name=\"robots\" content=\"index, follow, max-snippet:-1, max-image-preview:large, max-video-preview:-1\" \/>\n<link rel=\"canonical\" href=\"https:\/\/salonforall.nl\/fr-be\/a-propos-de-nous\/\" \/>\n<meta property=\"og:locale\" content=\"fr_FR\" \/>\n<meta property=\"og:type\" content=\"article\" \/>\n<meta property=\"og:title\" content=\"Over ons\" \/>\n<meta property=\"og:url\" content=\"https:\/\/salonforall.nl\/fr-be\/a-propos-de-nous\/\" \/>\n<meta property=\"og:site_name\" content=\"Salon For All B.V. NL &amp; BE\" \/>\n<meta property=\"article:modified_time\" content=\"2025-01-26T13:26:34+00:00\" \/>\n<meta name=\"twitter:card\" content=\"summary_large_image\" \/>\n<meta name=\"twitter:label1\" content=\"Dur\u00e9e de lecture est.\" \/>\n\t<meta name=\"twitter:data1\" content=\"3 minutes\" \/>\n<script type=\"application\/ld+json\" class=\"yoast-schema-graph\">{\"@context\":\"https:\\\/\\\/schema.org\",\"@graph\":[{\"@type\":\"WebPage\",\"@id\":\"https:\\\/\\\/salonforall.nl\\\/over-ons\\\/\",\"url\":\"https:\\\/\\\/salonforall.nl\\\/over-ons\\\/\",\"name\":\"Over ons | Salon For All B.V. NL &amp; BE\",\"isPartOf\":{\"@id\":\"https:\\\/\\\/salonforall.nl\\\/#website\"},\"datePublished\":\"2023-06-06T11:00:13+00:00\",\"dateModified\":\"2025-01-26T13:26:34+00:00\",\"breadcrumb\":{\"@id\":\"https:\\\/\\\/salonforall.nl\\\/over-ons\\\/#breadcrumb\"},\"inLanguage\":\"fr-BE\",\"potentialAction\":[{\"@type\":\"ReadAction\",\"target\":[\"https:\\\/\\\/salonforall.nl\\\/over-ons\\\/\"]}]},{\"@type\":\"BreadcrumbList\",\"@id\":\"https:\\\/\\\/salonforall.nl\\\/over-ons\\\/#breadcrumb\",\"itemListElement\":[{\"@type\":\"ListItem\",\"position\":1,\"name\":\"Home\",\"item\":\"https:\\\/\\\/salonforall.nl\\\/\"},{\"@type\":\"ListItem\",\"position\":2,\"name\":\"Over ons\"}]},{\"@type\":\"WebSite\",\"@id\":\"https:\\\/\\\/salonforall.nl\\\/#website\",\"url\":\"https:\\\/\\\/salonforall.nl\\\/\",\"name\":\"Salon For All\",\"description\":\"Jouw groothandel voor praktijk- &amp; saloninrichting en benodigdheden\",\"publisher\":{\"@id\":\"https:\\\/\\\/salonforall.nl\\\/#organization\"},\"alternateName\":\"salonforall.nl\",\"potentialAction\":[{\"@type\":\"SearchAction\",\"target\":{\"@type\":\"EntryPoint\",\"urlTemplate\":\"https:\\\/\\\/salonforall.nl\\\/?s={search_term_string}\"},\"query-input\":{\"@type\":\"PropertyValueSpecification\",\"valueRequired\":true,\"valueName\":\"search_term_string\"}}],\"inLanguage\":\"fr-BE\"},{\"@type\":\"Organization\",\"@id\":\"https:\\\/\\\/salonforall.nl\\\/#organization\",\"name\":\"Salon For All B.V.\",\"alternateName\":\"Salonforall.nl\",\"url\":\"https:\\\/\\\/salonforall.nl\\\/\",\"logo\":{\"@type\":\"ImageObject\",\"inLanguage\":\"fr-BE\",\"@id\":\"https:\\\/\\\/salonforall.nl\\\/#\\\/schema\\\/logo\\\/image\\\/\",\"url\":\"https:\\\/\\\/salonforall.nl\\\/wp-content\\\/uploads\\\/2025\\\/01\\\/logo-salon-for-all-groothandel-saloninrichting-e1736940477693.png\",\"contentUrl\":\"https:\\\/\\\/salonforall.nl\\\/wp-content\\\/uploads\\\/2025\\\/01\\\/logo-salon-for-all-groothandel-saloninrichting-e1736940477693.png\",\"width\":500,\"height\":125,\"caption\":\"Salon For All B.V.\"},\"image\":{\"@id\":\"https:\\\/\\\/salonforall.nl\\\/#\\\/schema\\\/logo\\\/image\\\/\"},\"description\":\"Salon For All is de groothandel voor praktijk- en saloninrichting en benodigdheden.\",\"email\":\"info@salonforall.com\",\"legalName\":\"Salon For All\",\"numberOfEmployees\":{\"@type\":\"QuantitativeValue\",\"minValue\":\"1\",\"maxValue\":\"10\"},\"hasMerchantReturnPolicy\":{\"@type\":\"MerchantReturnPolicy\",\"merchantReturnLink\":\"https:\\\/\\\/salonforall.nl\\\/fr-be\\\/retourvoorwaarden\\\/\"}}]}<\/script>\n<!-- \/ Yoast SEO Premium plugin. -->","yoast_head_json":{"title":"A propos de nous | Salon For All B.V. NL &amp; BE","robots":{"index":"index","follow":"follow","max-snippet":"max-snippet:-1","max-image-preview":"max-image-preview:large","max-video-preview":"max-video-preview:-1"},"canonical":"https:\/\/salonforall.nl\/fr-be\/a-propos-de-nous\/","og_locale":"fr_FR","og_type":"article","og_title":"Over ons","og_url":"https:\/\/salonforall.nl\/fr-be\/a-propos-de-nous\/","og_site_name":"Salon For All B.V. NL &amp; BE","article_modified_time":"2025-01-26T13:26:34+00:00","twitter_card":"summary_large_image","twitter_misc":{"Dur\u00e9e de lecture est.":"3 minutes"},"schema":{"@context":"https:\/\/schema.org","@graph":[{"@type":"WebPage","@id":"https:\/\/salonforall.nl\/over-ons\/","url":"https:\/\/salonforall.nl\/over-ons\/","name":"A propos de nous | Salon For All B.V. NL &amp; BE","isPartOf":{"@id":"https:\/\/salonforall.nl\/#website"},"datePublished":"2023-06-06T11:00:13+00:00","dateModified":"2025-01-26T13:26:34+00:00","breadcrumb":{"@id":"https:\/\/salonforall.nl\/over-ons\/#breadcrumb"},"inLanguage":"fr-BE","potentialAction":[{"@type":"ReadAction","target":["https:\/\/salonforall.nl\/over-ons\/"]}]},{"@type":"BreadcrumbList","@id":"https:\/\/salonforall.nl\/over-ons\/#breadcrumb","itemListElement":[{"@type":"ListItem","position":1,"name":"Home","item":"https:\/\/salonforall.nl\/"},{"@type":"ListItem","position":2,"name":"Over ons"}]},{"@type":"WebSite","@id":"https:\/\/salonforall.nl\/#website","url":"https:\/\/salonforall.nl\/","name":"Salon pour tous","description":"Votre grossiste en mat\u00e9riel et fournitures pour cabinets m\u00e9dicaux et salons de coiffure","publisher":{"@id":"https:\/\/salonforall.nl\/#organization"},"alternateName":"salonforall.nl","potentialAction":[{"@type":"SearchAction","target":{"@type":"EntryPoint","urlTemplate":"https:\/\/salonforall.nl\/?s={search_term_string}"},"query-input":{"@type":"PropertyValueSpecification","valueRequired":true,"valueName":"search_term_string"}}],"inLanguage":"fr-BE"},{"@type":"Organization","@id":"https:\/\/salonforall.nl\/#organization","name":"Salon For All B.V.","alternateName":"Salonforall.nl","url":"https:\/\/salonforall.nl\/","logo":{"@type":"ImageObject","inLanguage":"fr-BE","@id":"https:\/\/salonforall.nl\/#\/schema\/logo\/image\/","url":"https:\/\/salonforall.nl\/wp-content\/uploads\/2025\/01\/logo-salon-for-all-groothandel-saloninrichting-e1736940477693.png","contentUrl":"https:\/\/salonforall.nl\/wp-content\/uploads\/2025\/01\/logo-salon-for-all-groothandel-saloninrichting-e1736940477693.png","width":500,"height":125,"caption":"Salon For All B.V."},"image":{"@id":"https:\/\/salonforall.nl\/#\/schema\/logo\/image\/"},"description":"Salon For All est le grossiste pour l'\u00e9quipement et les fournitures des cabinets et des salons de coiffure.","email":"info@salonforall.com","legalName":"Salon For All","numberOfEmployees":{"@type":"QuantitativeValue","minValue":"1","maxValue":"10"},"hasMerchantReturnPolicy":{"@type":"MerchantReturnPolicy","merchantReturnLink":"https:\/\/salonforall.nl\/fr-be\/retourvoorwaarden\/"}}]}},"_links":{"self":[{"href":"https:\/\/salonforall.nl\/fr-be\/wp-json\/wp\/v2\/pages\/18","targetHints":{"allow":["GET"]}}],"collection":[{"href":"https:\/\/salonforall.nl\/fr-be\/wp-json\/wp\/v2\/pages"}],"about":[{"href":"https:\/\/salonforall.nl\/fr-be\/wp-json\/wp\/v2\/types\/page"}],"author":[{"embeddable":true,"href":"https:\/\/salonforall.nl\/fr-be\/wp-json\/wp\/v2\/users\/1"}],"replies":[{"embeddable":true,"href":"https:\/\/salonforall.nl\/fr-be\/wp-json\/wp\/v2\/comments?post=18"}],"version-history":[{"count":10,"href":"https:\/\/salonforall.nl\/fr-be\/wp-json\/wp\/v2\/pages\/18\/revisions"}],"predecessor-version":[{"id":9501,"href":"https:\/\/salonforall.nl\/fr-be\/wp-json\/wp\/v2\/pages\/18\/revisions\/9501"}],"wp:attachment":[{"href":"https:\/\/salonforall.nl\/fr-be\/wp-json\/wp\/v2\/media?parent=18"}],"curies":[{"name":"wp","href":"https:\/\/api.w.org\/{rel}","templated":true}]}}