{"id":12220,"date":"2025-01-27T18:07:34","date_gmt":"2025-01-27T18:07:34","guid":{"rendered":"https:\/\/salonforall.nl\/elegante-801-tl-led-loeplamp-met-bankschroef-reg-intensiteit-en-kleur-van-zwart-licht\/"},"modified":"2026-04-13T21:06:09","modified_gmt":"2026-04-13T20:06:09","slug":"elegante-lampe-loupe-a-led-fluorescente-801-avec-vice-reg-intensite-et-couleur-de-la-lumiere-noire-2","status":"publish","type":"product","link":"https:\/\/salonforall.nl\/fr-be\/elegante-801-tl-led-loeplamp-met-bankschroef-reg-intensiteit-en-kleur-van-zwart-licht\/","title":{"rendered":"Elegant 801-tl lampe loupe led avec vice reg. intensit\u00e9 et couleur de la lumi\u00e8re noire"},"content":{"rendered":"<h2>Informations sur les <strong>Elegant 801-tl led lampe loupe avec vice reg. intensit\u00e9 et couleur de la lumi\u00e8re noire avec num\u00e9ro d'article <\/strong>128285<\/h2>\n<p>lampe loupe de haute qualit\u00e9, \u00e9l\u00e9gante, se fixant \u00e0 la table \u00e0 l'aide d'un \u00e9tau, id\u00e9ale pour les lieux de travail n\u00e9cessitant un \u00e9clairage intensif. tr\u00e8s esth\u00e9tique, elle convient parfaitement aux cabinets cosm\u00e9tiques, v\u00e9t\u00e9rinaires, m\u00e9dicaux et dentaires, aux ateliers et aux laboratoires de proth\u00e8se. la lampe est \u00e9quip\u00e9e de diodes \u00e9lectroluminescentes dont l'intensit\u00e9 lumineuse et la couleur sont r\u00e9glables. gr\u00e2ce \u00e0 son long abat-jour, elle \u00e9claire uniform\u00e9ment une grande surface de travail. fiable pour tous les travaux cosm\u00e9tiques - nombreux avis positifs sur les forums du secteur. donn\u00e9es techniques : - couleur : blanc <br \/> - temp\u00e9rature de couleur : 3500&gt; 6500 - consommation \u00e9lectrique : 1-12w - flux lumineux : 840 lumens <br \/> - alimentation \u00e9lectrique : 110-240v<\/p>\n<p>Les produits Activeshop sont comparativement moins chers que beaucoup d'autres marques\/vendeurs. Le prix est proportionnel \u00e0 la qualit\u00e9. La lampe loupe LED Elegant 801-tl avec r\u00e9glage de l'intensit\u00e9 et de la couleur de la lumi\u00e8re noire est donc une solution \u00e9conomique pour votre salon.<\/p>\n<h2>Comment est livr\u00e9e la lampe loupe LED Elegant 801-tl avec vice reg. intensit\u00e9 et couleur de la lumi\u00e8re noire ?<\/h2>\n<p>Le <strong>Elegant 801-tl lampe loupe led avec vice reg. intensit\u00e9 et couleur de la lumi\u00e8re noire <\/strong>Livr\u00e9 dans son (ses) emballage(s) d'origine. Pour les Pays-Bas et la Belgique, l'envoi de l'Elegante 801-tl led Loeplamp with vice reg. intensity and colour of black light est gratuit \u00e0 partir d'une commande de \u20ac100,-. Des tarifs d'exp\u00e9dition distincts sont appliqu\u00e9s pour les envois vers d'autres pays. Vous pouvez nous demander ces tarifs ou les trouver dans le panier d'achat. La Elegant 801-tl LED Magnifying Lamp with vice reg. intensity and colour of black light est exp\u00e9di\u00e9e par un transporteur externe.<\/p>\n<p>Nous livrons les colis ou les palettes jusqu'au seuil de la porte d'entr\u00e9e, m\u00eame si vous vous trouvez dans un immeuble collectif, un immeuble \u00e0 appartements ou un complexe d'appartements avec ascenseur (\u00e0 condition que l'article puisse \u00eatre transport\u00e9 dans l'ascenseur). Il n'y a pas d'ascenseur ou l'article ne rentre pas dans l'ascenseur ? Dans ce cas, nous livrons sur le seuil du rez-de-chauss\u00e9e.<\/p>\n<p>Vous avez encore des questions concernant la livraison ou une situation particuli\u00e8re ? Contactez-nous et nous nous ferons un plaisir de vous aider !<\/p>\n<p><em>*Les articles ne sont pas d\u00e9ball\u00e9s ou assembl\u00e9s par d\u00e9faut. Dans des situations particuli\u00e8res, veuillez nous contacter pour prendre des dispositions.<\/em><\/p>\n<h2>Commande en ligne s\u00e9curis\u00e9e chez Salon For All avec la marque Webwinkelkeur et la s\u00e9curit\u00e9 SSL<\/h2>\n<p>Il est important pour nous que nos clients puissent faire leurs achats en ligne en toute s\u00e9curit\u00e9. Depuis 2019, nous avons adh\u00e9r\u00e9 au label de qualit\u00e9 national Webwinkelkeur. Notre identit\u00e9 a \u00e9t\u00e9 contr\u00f4l\u00e9e, v\u00e9rifi\u00e9e par eux et la boutique en ligne a \u00e9t\u00e9 l\u00e9galement v\u00e9rifi\u00e9e et approuv\u00e9e. En outre, notre boutique en ligne est affili\u00e9e \u00e0 eux pour la m\u00e9diation des litiges. Vous verrez le badge avec toutes les informations de ce Webwinkelkeurmerk sur le c\u00f4t\u00e9 gauche ou droit de la boutique en ligne (rose avec bouton blanc). Notre site est \u00e9galement s\u00e9curis\u00e9 par un certificat SSL, ce qui vous permet de naviguer en toute s\u00e9curit\u00e9. Dans la barre de votre navigateur Internet, \u00e0 l'endroit o\u00f9 notre site web est mentionn\u00e9, vous verrez un cadenas. Si vous cliquez sur le cadenas, vous obtiendrez toutes les informations relatives \u00e0 notre s\u00e9curit\u00e9. Cela vous permet de savoir que votre commande de Elegant 801-tl LED Magnifying Lamp with vice reg. intensity and colour of black light et vos donn\u00e9es personnelles sont trait\u00e9es en toute s\u00e9curit\u00e9.<\/p>\n<h2>Comment puis-je v\u00e9rifier la lampe loupe LED Elegant 801-tl avec l'intensit\u00e9 et la couleur de la lumi\u00e8re noire ?<\/h2>\n<p>Nous souhaitons vous faciliter la t\u00e2che au maximum. C'est pourquoi, chez Salon For All, vous pouvez payer avec tous les moyens de paiement connus et courants. Payer \u00e0 l'avance, \u00e0 la livraison ou apr\u00e8s coup, tout est possible. Voyez ici quels sont les modes de paiement que nous proposons<br \/>\noffre :<\/p>\n<ul>\n<li>Id\u00e9al<\/li>\n<li>Klarna - Post-paiement sur facture<\/li>\n<li>Bancontact (uniquement pour les clients belges)<\/li>\n<li>Payin3 - Payez en 3 fois avec un taux d'int\u00e9r\u00eat de 0% (uniquement pour les clients n\u00e9erlandais)<\/li>\n<li>Paypal<\/li>\n<li>Carte de cr\u00e9dit<\/li>\n<li>Apple pay<\/li>\n<li>Facture commerciale pour les entreprises<\/li>\n<li>Paiement dans la salle d'exposition - par carte bancaire ou en esp\u00e8ces (disponible uniquement lors de l'enl\u00e8vement)<\/li>\n<\/ul>\n<h2>Consultez \u00e9galement les avis sur Salon For ALL<\/h2>\n<p>Consultez \u00e9galement nos commentaires pour prendre en compte l'exp\u00e9rience de nos clients actuels dans votre d\u00e9cision de commander la Elegant 801-tl led Magnifier Lamp with vice reg. intensity and colour of black light from us. Gr\u00e2ce \u00e0 notre label de qualit\u00e9 ind\u00e9pendant Webwinkelkeur, des avis v\u00e9rifi\u00e9s sont automatiquement recueillis aupr\u00e8s des clients qui ont pass\u00e9 une commande chez nous. Ils se trouvent derri\u00e8re le bouton rose de notre boutique en ligne ou sont list\u00e9s sous les produits.<\/p>\n<p>Apr\u00e8s votre achat, partagez aussi votre exp\u00e9rience avec la lampe loupe \u00e9l\u00e9gante 801-tl led avec vice reg. intensit\u00e9 et couleur de la lumi\u00e8re noire et votre exp\u00e9rience avec le processus d'achat ou contactez Salon For All pour inspirer d'autres personnes !<\/p>\n<h2>Contacter le Salon pour tous<\/h2>\n<p>Dans ce cas, contactez-nous. Nous serons heureux de vous aider lors de l'achat de la Elegant 801-tl led Magnifier Lamp with vice reg. intensity and colour of black light. En semaine, vous pouvez nous joindre de 8h30 \u00e0 17h au num\u00e9ro de t\u00e9l\u00e9phone et \u00e0 l'adresse e-mail indiqu\u00e9s en haut de la boutique en ligne ou via la fonction de chat. En dehors des heures de bureau, nous r\u00e9pondons g\u00e9n\u00e9ralement aux questions dans les 24 heures. Il est \u00e9galement possible de nous rendre visite en dehors des jours ouvrables ou des heures de bureau. Il faut alors prendre rendez-vous \u00e0 l'avance.<\/p>\n<h2>Vous souhaitez visiter notre salle d'exposition ?<\/h2>\n<p>Vous pr\u00e9f\u00e9rez voir l'Elegant 801-tl LED Magnifying Lamp with vice reg. intensity and colour of black light ou parcourir notre offre (web)shop avec notre coll\u00e8gue ? Alors venez visiter notre salle d'exposition avec plus de 1000m2 de mobilier de salon et laissez-vous inspirer par notre personnel. M\u00eame si vous aimez discuter autour d'une bonne tasse de caf\u00e9 ou de th\u00e9, vous \u00eates les bienvenus. Nous n'avons pas tous les produits en exposition, alors faites-nous savoir \u00e0 l'avance si vous souhaitez venir. Prenez toujours rendez-vous \u00e0 l'avance.<\/p>\n<h2>D\u00e9lai de r\u00e9flexion de 14 jours et politique de retour<\/h2>\n<p>Bien s\u00fbr, il peut arriver que la lampe loupe Elegante 801-tl LED avec vice reg. intensit\u00e9 et couleur de la lumi\u00e8re noire livr\u00e9e ne soit pas tout \u00e0 fait \u00e0 votre go\u00fbt et que vous souhaitiez la renvoyer. Cela ne pose aucun probl\u00e8me \u00e0 Salon For All. Vous devez enregistrer votre retour dans les 14 jours ouvrables via <a href=\"mailto:info@salonforall.nl\">info@salonforall.nl<\/a> . Vous recevrez alors en premier lieu les instructions et conditions de retour. Veuillez noter que la lampe loupe LED Elegant 801-tl avec vice reg. intensit\u00e9 et couleur de la lumi\u00e8re noire ne doit pas avoir \u00e9t\u00e9 utilis\u00e9e, doit contenir toutes les pi\u00e8ces fournies et doit \u00eatre renvoy\u00e9e dans son emballage d'origine. Les frais de retour sont toujours \u00e0 la charge de l'acheteur pour les achats effectu\u00e9s via www.salonforall.nl. Vous devez organiser votre propre transport pour un retour avec un transporteur de votre choix. Une fois que la lampe loupe Elegant 801-tl LED avec vice reg. intensit\u00e9 et couleur de la lumi\u00e8re noire est retourn\u00e9e, elle sera v\u00e9rifi\u00e9e pour s'assurer qu'elle est compl\u00e8te et qu'elle n'a pas \u00e9t\u00e9 endommag\u00e9e. Une fois le retour approuv\u00e9, le montant de l'achat sera rembours\u00e9 sur le num\u00e9ro de compte que nous connaissons dans les 5 jours ouvrables.<\/p>\n<h2>Qui est Salon For All ?<\/h2>\n<p>Salon For all est le grossiste pour tout \u00e9quipement de salon en Europe. Salon For All a d\u00e9marr\u00e9 en 2003 sous le nom de Salonvoordeel et est n\u00e9 de la pratique. Les propri\u00e9taires de Salon For All \u00e9taient des coiffeurs et des esth\u00e9ticiennes exp\u00e9riment\u00e9s et ont ensemble plus de 30 ans d'exp\u00e9rience pratique. Nous avons lanc\u00e9 Salonvoordeel.nl (Pays-Bas) en 2003, puis Salon For All a \u00e9t\u00e9 cr\u00e9\u00e9 pour le march\u00e9 europ\u00e9en. Un certain nombre de nos employ\u00e9s ont cr\u00e9\u00e9 leur propre entreprise et l'id\u00e9e est n\u00e9e de lancer une boutique en ligne fonctionnelle pour les coiffeurs et de les aider \u00e0 am\u00e9nager leur salon. Gr\u00e2ce \u00e0 nos ann\u00e9es d'exp\u00e9rience dans le secteur, nous pouvons vous tendre un miroir et vous donner les bons conseils. Nous parlons le m\u00eame langage ! Nous vous conseillons, nous vous inspirons, nous vous motivons et nous vous aidons \u00e0 acheter une boutique en ligne. <em>Elegant 801-tl lampe loupe led avec vice reg. intensit\u00e9 et couleur de la lumi\u00e8re noire<\/em>. Nos fournisseurs sont r\u00e9partis dans toute l'Europe, de l'Allemagne \u00e0 la Pologne en passant par l'Angleterre et l'Italie.<\/p>","protected":false},"excerpt":{"rendered":"<p>La lampe loupe LED Elegant 801-tl avec vice reg. intensit\u00e9 et couleur de la lumi\u00e8re noire de la marque ELEGANTE est une solution abordable pour tout salon. Le d\u00e9lai de livraison pour ce produit est de 2 \u00e0 6 jours ouvrables.<\/p>","protected":false},"featured_media":12221,"comment_status":"closed","ping_status":"open","template":"","meta":[],"product_brand":[],"product_cat":[1273,1279,1278],"product_tag":[],"class_list":{"0":"post-12220","1":"product","2":"type-product","3":"status-publish","4":"has-post-thumbnail","6":"product_cat-lampen","7":"product_cat-loeplamp","8":"product_cat-loeplampen","9":"pa_artikelnummer-1358","10":"pa_bevestiging-standaard","11":"pa_kleur-zwart","12":"pa_kwaliteit-middensegment","13":"pa_levertijd-3-6-werkdagen","14":"pa_merk-elegante","15":"pa_sku-1359","17":"first","18":"instock","19":"sale","20":"taxable","21":"shipping-taxable","22":"purchasable","23":"product-type-simple"},"yoast_head":"<!-- This site is optimized with the Yoast SEO Premium plugin v27.3 (Yoast SEO v27.3) - https:\/\/yoast.com\/product\/yoast-seo-premium-wordpress\/ -->\n<title>Elegante 801-tl led Loeplamp met bankschroef reg. intensiteit en kleur van zwart licht<\/title>\n<meta name=\"description\" content=\"Elegante 801-tl led Loeplamp met bankschroef reg. intensiteit en kleur van zwart licht koop je online of in de showroom bij Salon For All B.V. NL &amp; BE . De groothandel voor salons, praktijken en spa&#039;s in NL en BE.\" \/>\n<meta name=\"robots\" content=\"index, follow, max-snippet:-1, max-image-preview:large, max-video-preview:-1\" \/>\n<link rel=\"canonical\" href=\"https:\/\/salonforall.nl\/fr-be\/elegante-lampe-loupe-a-led-fluorescente-801-avec-vice-reg-intensite-et-couleur-de-la-lumiere-noire-2\/\" \/>\n<meta property=\"og:locale\" content=\"fr_FR\" \/>\n<meta property=\"og:type\" content=\"article\" \/>\n<meta property=\"og:title\" content=\"Elegante 801-tl led Loeplamp met bankschroef reg. intensiteit en kleur van zwart licht\" \/>\n<meta property=\"og:description\" content=\"Elegante 801-tl led Loeplamp met bankschroef reg. intensiteit en kleur van zwart licht koop je online of in de showroom bij Salon For All B.V. NL &amp; BE . De groothandel voor salons, praktijken en spa&#039;s in NL en BE.\" \/>\n<meta property=\"og:url\" content=\"https:\/\/salonforall.nl\/fr-be\/elegante-lampe-loupe-a-led-fluorescente-801-avec-vice-reg-intensite-et-couleur-de-la-lumiere-noire-2\/\" \/>\n<meta property=\"og:site_name\" content=\"Salon For All B.V. NL &amp; BE\" \/>\n<meta property=\"article:modified_time\" content=\"2026-04-13T20:06:09+00:00\" \/>\n<meta property=\"og:image\" content=\"https:\/\/salonforall.nl\/wp-content\/uploads\/2025\/01\/elegante-801-tl-led-loeplamp-met-bankschroef-reg.-intensiteit-en-kleur-van-zwart-licht-1.jpg\" \/>\n\t<meta property=\"og:image:width\" content=\"800\" \/>\n\t<meta property=\"og:image:height\" content=\"800\" \/>\n\t<meta property=\"og:image:type\" content=\"image\/jpeg\" \/>\n<meta name=\"twitter:card\" content=\"summary_large_image\" \/>\n<meta name=\"twitter:title\" content=\"Elegante 801-tl led Loeplamp met bankschroef reg. intensiteit en kleur van zwart licht\" \/>\n<meta name=\"twitter:label1\" content=\"Price\" \/>\n\t<meta name=\"twitter:data1\" content=\"&nbsp;84,95 excl. btw\" \/>\n\t<meta name=\"twitter:label2\" content=\"Availability\" \/>\n\t<meta name=\"twitter:data2\" content=\"In stock\" \/>\n<script type=\"application\/ld+json\" class=\"yoast-schema-graph\">{\"@context\":\"https:\\\/\\\/schema.org\",\"@graph\":[{\"@type\":\"WebPage\",\"@id\":\"https:\\\/\\\/salonforall.nl\\\/elegante-801-tl-led-loeplamp-met-bankschroef-reg-intensiteit-en-kleur-van-zwart-licht\\\/\",\"url\":\"https:\\\/\\\/salonforall.nl\\\/elegante-801-tl-led-loeplamp-met-bankschroef-reg-intensiteit-en-kleur-van-zwart-licht\\\/\",\"name\":\"Elegante 801-tl led Loeplamp met bankschroef reg. intensiteit en kleur van zwart licht\",\"isPartOf\":{\"@id\":\"https:\\\/\\\/salonforall.nl\\\/#website\"},\"primaryImageOfPage\":{\"@id\":\"https:\\\/\\\/salonforall.nl\\\/elegante-801-tl-led-loeplamp-met-bankschroef-reg-intensiteit-en-kleur-van-zwart-licht\\\/#primaryimage\"},\"image\":{\"@id\":\"https:\\\/\\\/salonforall.nl\\\/elegante-801-tl-led-loeplamp-met-bankschroef-reg-intensiteit-en-kleur-van-zwart-licht\\\/#primaryimage\"},\"thumbnailUrl\":\"https:\\\/\\\/salonforall.nl\\\/wp-content\\\/uploads\\\/2025\\\/01\\\/elegante-801-tl-led-loeplamp-met-bankschroef-reg.-intensiteit-en-kleur-van-zwart-licht-1.jpg\",\"datePublished\":\"2025-01-27T18:07:34+00:00\",\"dateModified\":\"2026-04-13T20:06:09+00:00\",\"description\":\"Elegante 801-tl led Loeplamp met bankschroef reg. intensiteit en kleur van zwart licht koop je online of in de showroom bij Salon For All B.V. NL &amp; BE . De groothandel voor salons, praktijken en spa's in NL en BE.\",\"breadcrumb\":{\"@id\":\"https:\\\/\\\/salonforall.nl\\\/elegante-801-tl-led-loeplamp-met-bankschroef-reg-intensiteit-en-kleur-van-zwart-licht\\\/#breadcrumb\"},\"inLanguage\":\"fr-BE\",\"potentialAction\":[{\"@type\":\"ReadAction\",\"target\":[\"https:\\\/\\\/salonforall.nl\\\/elegante-801-tl-led-loeplamp-met-bankschroef-reg-intensiteit-en-kleur-van-zwart-licht\\\/\"]}]},{\"@type\":\"ImageObject\",\"inLanguage\":\"fr-BE\",\"@id\":\"https:\\\/\\\/salonforall.nl\\\/elegante-801-tl-led-loeplamp-met-bankschroef-reg-intensiteit-en-kleur-van-zwart-licht\\\/#primaryimage\",\"url\":\"https:\\\/\\\/salonforall.nl\\\/wp-content\\\/uploads\\\/2025\\\/01\\\/elegante-801-tl-led-loeplamp-met-bankschroef-reg.-intensiteit-en-kleur-van-zwart-licht-1.jpg\",\"contentUrl\":\"https:\\\/\\\/salonforall.nl\\\/wp-content\\\/uploads\\\/2025\\\/01\\\/elegante-801-tl-led-loeplamp-met-bankschroef-reg.-intensiteit-en-kleur-van-zwart-licht-1.jpg\",\"width\":800,\"height\":800,\"caption\":\"Elegante 801-tl led Loeplamp met bankschroef reg. intensiteit en kleur van zwart licht 1\"},{\"@type\":\"BreadcrumbList\",\"@id\":\"https:\\\/\\\/salonforall.nl\\\/elegante-801-tl-led-loeplamp-met-bankschroef-reg-intensiteit-en-kleur-van-zwart-licht\\\/#breadcrumb\",\"itemListElement\":[{\"@type\":\"ListItem\",\"position\":1,\"name\":\"Home\",\"item\":\"https:\\\/\\\/salonforall.nl\\\/\"},{\"@type\":\"ListItem\",\"position\":2,\"name\":\"Winkel\",\"item\":\"https:\\\/\\\/salonforall.nl\\\/winkel\\\/\"},{\"@type\":\"ListItem\",\"position\":3,\"name\":\"Elegante 801-tl led Loeplamp met bankschroef reg. intensiteit en kleur van zwart licht\"}]},{\"@type\":\"WebSite\",\"@id\":\"https:\\\/\\\/salonforall.nl\\\/#website\",\"url\":\"https:\\\/\\\/salonforall.nl\\\/\",\"name\":\"Salon For All\",\"description\":\"Jouw groothandel voor praktijk- &amp; saloninrichting en benodigdheden\",\"publisher\":{\"@id\":\"https:\\\/\\\/salonforall.nl\\\/#organization\"},\"alternateName\":\"salonforall.nl\",\"potentialAction\":[{\"@type\":\"SearchAction\",\"target\":{\"@type\":\"EntryPoint\",\"urlTemplate\":\"https:\\\/\\\/salonforall.nl\\\/?s={search_term_string}\"},\"query-input\":{\"@type\":\"PropertyValueSpecification\",\"valueRequired\":true,\"valueName\":\"search_term_string\"}}],\"inLanguage\":\"fr-BE\"},{\"@type\":\"Organization\",\"@id\":\"https:\\\/\\\/salonforall.nl\\\/#organization\",\"name\":\"Salon For All B.V.\",\"alternateName\":\"Salonforall.nl\",\"url\":\"https:\\\/\\\/salonforall.nl\\\/\",\"logo\":{\"@type\":\"ImageObject\",\"inLanguage\":\"fr-BE\",\"@id\":\"https:\\\/\\\/salonforall.nl\\\/#\\\/schema\\\/logo\\\/image\\\/\",\"url\":\"https:\\\/\\\/salonforall.nl\\\/wp-content\\\/uploads\\\/2025\\\/01\\\/logo-salon-for-all-groothandel-saloninrichting-e1736940477693.png\",\"contentUrl\":\"https:\\\/\\\/salonforall.nl\\\/wp-content\\\/uploads\\\/2025\\\/01\\\/logo-salon-for-all-groothandel-saloninrichting-e1736940477693.png\",\"width\":500,\"height\":125,\"caption\":\"Salon For All B.V.\"},\"image\":{\"@id\":\"https:\\\/\\\/salonforall.nl\\\/#\\\/schema\\\/logo\\\/image\\\/\"},\"description\":\"Salon For All is de groothandel voor praktijk- en saloninrichting en benodigdheden.\",\"email\":\"info@salonforall.com\",\"legalName\":\"Salon For All\",\"numberOfEmployees\":{\"@type\":\"QuantitativeValue\",\"minValue\":\"1\",\"maxValue\":\"10\"},\"hasMerchantReturnPolicy\":{\"@type\":\"MerchantReturnPolicy\",\"merchantReturnLink\":\"https:\\\/\\\/salonforall.nl\\\/fr-be\\\/retourvoorwaarden\\\/\"}}]}<\/script>\n<meta property=\"product:brand\" content=\"ELEGANTE\" \/>\n<meta property=\"product:price:amount\" content=\"84.95\" \/>\n<meta property=\"product:price:currency\" content=\"EUR\" \/>\n<meta property=\"og:availability\" content=\"instock\" \/>\n<meta property=\"product:availability\" content=\"instock\" \/>\n<meta property=\"product:retailer_item_id\" content=\"128285\" \/>\n<meta property=\"product:condition\" content=\"new\" \/>\n<!-- \/ Yoast SEO Premium plugin. -->","yoast_head_json":{"title":"Elegant 801-tl lampe loupe led avec vice reg. intensit\u00e9 et couleur de la lumi\u00e8re noire","description":"Elegant 801-tl led Loeplamp with vice reg. intensity and colour of black light buy online or in showroom at Salon For All B.V. NL &amp; BE . Le grossiste pour les salons, les cabinets et les spas aux Pays-Bas et en Belgique.","robots":{"index":"index","follow":"follow","max-snippet":"max-snippet:-1","max-image-preview":"max-image-preview:large","max-video-preview":"max-video-preview:-1"},"canonical":"https:\/\/salonforall.nl\/fr-be\/elegante-lampe-loupe-a-led-fluorescente-801-avec-vice-reg-intensite-et-couleur-de-la-lumiere-noire-2\/","og_locale":"fr_FR","og_type":"article","og_title":"Elegante 801-tl led Loeplamp met bankschroef reg. intensiteit en kleur van zwart licht","og_description":"Elegante 801-tl led Loeplamp met bankschroef reg. intensiteit en kleur van zwart licht koop je online of in de showroom bij Salon For All B.V. NL &amp; BE . De groothandel voor salons, praktijken en spa's in NL en BE.","og_url":"https:\/\/salonforall.nl\/fr-be\/elegante-lampe-loupe-a-led-fluorescente-801-avec-vice-reg-intensite-et-couleur-de-la-lumiere-noire-2\/","og_site_name":"Salon For All B.V. NL &amp; BE","article_modified_time":"2026-04-13T20:06:09+00:00","og_image":[{"width":800,"height":800,"url":"https:\/\/salonforall.nl\/wp-content\/uploads\/2025\/01\/elegante-801-tl-led-loeplamp-met-bankschroef-reg.-intensiteit-en-kleur-van-zwart-licht-1.jpg","type":"image\/jpeg"}],"twitter_card":"summary_large_image","twitter_title":"Elegante 801-tl led Loeplamp met bankschroef reg. intensiteit en kleur van zwart licht","twitter_misc":{"Price":"&nbsp;84,95 excl. btw","Availability":"In stock"},"schema":{"@context":"https:\/\/schema.org","@graph":[{"@type":"WebPage","@id":"https:\/\/salonforall.nl\/elegante-801-tl-led-loeplamp-met-bankschroef-reg-intensiteit-en-kleur-van-zwart-licht\/","url":"https:\/\/salonforall.nl\/elegante-801-tl-led-loeplamp-met-bankschroef-reg-intensiteit-en-kleur-van-zwart-licht\/","name":"Elegant 801-tl lampe loupe led avec vice reg. intensit\u00e9 et couleur de la lumi\u00e8re noire","isPartOf":{"@id":"https:\/\/salonforall.nl\/#website"},"primaryImageOfPage":{"@id":"https:\/\/salonforall.nl\/elegante-801-tl-led-loeplamp-met-bankschroef-reg-intensiteit-en-kleur-van-zwart-licht\/#primaryimage"},"image":{"@id":"https:\/\/salonforall.nl\/elegante-801-tl-led-loeplamp-met-bankschroef-reg-intensiteit-en-kleur-van-zwart-licht\/#primaryimage"},"thumbnailUrl":"https:\/\/salonforall.nl\/wp-content\/uploads\/2025\/01\/elegante-801-tl-led-loeplamp-met-bankschroef-reg.-intensiteit-en-kleur-van-zwart-licht-1.jpg","datePublished":"2025-01-27T18:07:34+00:00","dateModified":"2026-04-13T20:06:09+00:00","description":"Elegant 801-tl led Loeplamp with vice reg. intensity and colour of black light buy online or in showroom at Salon For All B.V. NL &amp; BE . Le grossiste pour les salons, les cabinets et les spas aux Pays-Bas et en Belgique.","breadcrumb":{"@id":"https:\/\/salonforall.nl\/elegante-801-tl-led-loeplamp-met-bankschroef-reg-intensiteit-en-kleur-van-zwart-licht\/#breadcrumb"},"inLanguage":"fr-BE","potentialAction":[{"@type":"ReadAction","target":["https:\/\/salonforall.nl\/elegante-801-tl-led-loeplamp-met-bankschroef-reg-intensiteit-en-kleur-van-zwart-licht\/"]}]},{"@type":"ImageObject","inLanguage":"fr-BE","@id":"https:\/\/salonforall.nl\/elegante-801-tl-led-loeplamp-met-bankschroef-reg-intensiteit-en-kleur-van-zwart-licht\/#primaryimage","url":"https:\/\/salonforall.nl\/wp-content\/uploads\/2025\/01\/elegante-801-tl-led-loeplamp-met-bankschroef-reg.-intensiteit-en-kleur-van-zwart-licht-1.jpg","contentUrl":"https:\/\/salonforall.nl\/wp-content\/uploads\/2025\/01\/elegante-801-tl-led-loeplamp-met-bankschroef-reg.-intensiteit-en-kleur-van-zwart-licht-1.jpg","width":800,"height":800,"caption":"Elegante 801-tl led Loeplamp met bankschroef reg. intensiteit en kleur van zwart licht 1"},{"@type":"BreadcrumbList","@id":"https:\/\/salonforall.nl\/elegante-801-tl-led-loeplamp-met-bankschroef-reg-intensiteit-en-kleur-van-zwart-licht\/#breadcrumb","itemListElement":[{"@type":"ListItem","position":1,"name":"Home","item":"https:\/\/salonforall.nl\/"},{"@type":"ListItem","position":2,"name":"Winkel","item":"https:\/\/salonforall.nl\/winkel\/"},{"@type":"ListItem","position":3,"name":"Elegante 801-tl led Loeplamp met bankschroef reg. intensiteit en kleur van zwart licht"}]},{"@type":"WebSite","@id":"https:\/\/salonforall.nl\/#website","url":"https:\/\/salonforall.nl\/","name":"Salon pour tous","description":"Votre grossiste en mat\u00e9riel et fournitures pour cabinets m\u00e9dicaux et salons de coiffure","publisher":{"@id":"https:\/\/salonforall.nl\/#organization"},"alternateName":"salonforall.nl","potentialAction":[{"@type":"SearchAction","target":{"@type":"EntryPoint","urlTemplate":"https:\/\/salonforall.nl\/?s={search_term_string}"},"query-input":{"@type":"PropertyValueSpecification","valueRequired":true,"valueName":"search_term_string"}}],"inLanguage":"fr-BE"},{"@type":"Organization","@id":"https:\/\/salonforall.nl\/#organization","name":"Salon For All B.V.","alternateName":"Salonforall.nl","url":"https:\/\/salonforall.nl\/","logo":{"@type":"ImageObject","inLanguage":"fr-BE","@id":"https:\/\/salonforall.nl\/#\/schema\/logo\/image\/","url":"https:\/\/salonforall.nl\/wp-content\/uploads\/2025\/01\/logo-salon-for-all-groothandel-saloninrichting-e1736940477693.png","contentUrl":"https:\/\/salonforall.nl\/wp-content\/uploads\/2025\/01\/logo-salon-for-all-groothandel-saloninrichting-e1736940477693.png","width":500,"height":125,"caption":"Salon For All B.V."},"image":{"@id":"https:\/\/salonforall.nl\/#\/schema\/logo\/image\/"},"description":"Salon For All est le grossiste pour l'\u00e9quipement et les fournitures des cabinets et des salons de coiffure.","email":"info@salonforall.com","legalName":"Salon For All","numberOfEmployees":{"@type":"QuantitativeValue","minValue":"1","maxValue":"10"},"hasMerchantReturnPolicy":{"@type":"MerchantReturnPolicy","merchantReturnLink":"https:\/\/salonforall.nl\/fr-be\/retourvoorwaarden\/"}}]},"product_brand":"ELEGANTE","product_price_amount":"84.95","product_price_currency":"EUR","og_availability":"instock","product_availability":"instock","product_retailer_item_id":"128285","product_condition":"new"},"_links":{"self":[{"href":"https:\/\/salonforall.nl\/fr-be\/wp-json\/wp\/v2\/product\/12220","targetHints":{"allow":["GET"]}}],"collection":[{"href":"https:\/\/salonforall.nl\/fr-be\/wp-json\/wp\/v2\/product"}],"about":[{"href":"https:\/\/salonforall.nl\/fr-be\/wp-json\/wp\/v2\/types\/product"}],"replies":[{"embeddable":true,"href":"https:\/\/salonforall.nl\/fr-be\/wp-json\/wp\/v2\/comments?post=12220"}],"wp:featuredmedia":[{"embeddable":true,"href":"https:\/\/salonforall.nl\/fr-be\/wp-json\/wp\/v2\/media\/12221"}],"wp:attachment":[{"href":"https:\/\/salonforall.nl\/fr-be\/wp-json\/wp\/v2\/media?parent=12220"}],"wp:term":[{"taxonomy":"product_brand","embeddable":true,"href":"https:\/\/salonforall.nl\/fr-be\/wp-json\/wp\/v2\/product_brand?post=12220"},{"taxonomy":"product_cat","embeddable":true,"href":"https:\/\/salonforall.nl\/fr-be\/wp-json\/wp\/v2\/product_cat?post=12220"},{"taxonomy":"product_tag","embeddable":true,"href":"https:\/\/salonforall.nl\/fr-be\/wp-json\/wp\/v2\/product_tag?post=12220"}],"curies":[{"name":"wp","href":"https:\/\/api.w.org\/{rel}","templated":true}]}}