{"id":13463,"date":"2025-01-27T22:11:14","date_gmt":"2025-01-27T22:11:14","guid":{"rendered":"https:\/\/salonforall.nl\/valera-stille-jet-7700-ionische-2000w-rotocord-kappersfohn-haardroger\/"},"modified":"2026-03-10T04:40:02","modified_gmt":"2026-03-10T03:40:02","slug":"valera-stille-jet-7700-ionische-2000w-rotocord-kappersfohn-haardroger","status":"publish","type":"product","link":"https:\/\/salonforall.nl\/fr-be\/valera-stille-jet-7700-ionische-2000w-rotocord-kappersfohn-haardroger\/","title":{"rendered":"Valera silent jet 7700 ionic 2000w rotocord hairryer s\u00e8che-cheveux"},"content":{"rendered":"<h2>Informations sur les <strong>Valera stille jet 7700 ionische 2000w rotocord kappersf\u00f6hn haardroger met artikelnummer <\/strong>129975<\/h2>\n<p>professionele en zeer lichte f\u00f6hn met diffuser inbegrepen. &#8211; speciaal ontwerp van de f\u00f6hn zorgt ervoor dat je het haar verticaal kunt drogen, wat veel ergonomischer is <br \/> &#8211; moderne, sterke en duurzame delta-drive select motor <br \/> &#8211; vermogen &#8211; 2000 w <br \/> - bouton air froid <br \/> br> &#8211; luchtsnelheid &#8211; 120 km\/u <br \/> &#8211; ultrastil &#8211; volume slechts 64 db <br \/> &#8211; slimme luchtstroom &#8211; technologie voor optimale luchtstroom door de droger geeft zeer hoge prestaties <br \/> &#8211; dankzij slimme luchtstroom , de droogtijd is korter tot 35%** <br \/> &#8211; backstop-systeem <br \/> &#8211; 6 lucht\/temperatuurcombinaties <br \/> &#8211; 2 smalle mondstukken die de luchtstroom concentreren (6 en 7,5 cm) <br \/> &#8211; slank, niet-verwarmend touch me mondstuk <br \/> &#8211; diffuser inbegrepen <br \/> &#8211; duurzaamheid van de motor &#8211; 1200 bedrijfsuren <br \/> &#8211; zeer laag gewicht &#8211; slechts 470 g (gewicht zonder kabel) <br \/> &#8211; ionengenerator <br \/> &#8211; 3 meter rotocord met superflex handgreep <br \/> &#8211; verwijderbare metalen motorbeschermer <br \/> &#8211; gemaakt in Zwitserland i ** vergeleken met dc-pro drogers delta drive select motor &#8211; de nieuwe delta-drive motor combineert het voordeel van een laag gewicht met uitstekende prestaties, en is het resultaat van voortdurend onderzoek en ontwikkeling in valera. delta &#8211; \u03b4 &#8211; betekent veel meer vermogen dat motoren met delta-aandrijving leveren vergeleken met traditionele motoren. deze sprong in effici\u00ebntie wordt mogelijk gemaakt door speciale, zeer krachtige neodymiummagneten. slimme luchtstroom \u2013 het moderne ontwerp van de valera drogers optimaliseert de luchtstroom door de droger. dankzij dit verhogen we de hoeveelheid lucht die door de droger stroomt en de snelheid ervan. slimme luchtstroom vermindert bovendien het geluid dat door de stromende lucht wordt gegenereerd. terugloopsysteem &#8211; de motorstructuur met het achteraanslagsysteem verhoogt de veiligheid en duurzaamheid van de drogerstructuur. Tijdens het drogen van het haar kunnen vuil, stof, haarlak en het haar zelf in het apparaat terechtkomen en de werking van de motor of het verwarmingselement belemmeren. het terugloopstopsysteem houdt een aanzienlijk deel van het vuil tegen dat de werking van de droger in gevaar zou kunnen brengen. het backstop-systeem is het resultaat van Valera-onderzoek en patentaanvragen &#8220;made in Switzerland&#8221;.<\/p>\n<p>Activeshop producten zijn in verhouding goedkoper dan vele andere merken\/ aanbieders. De prijs staat in verhouding met de kwaliteit. De Valera stille jet 7700 ionische 2000w rotocord kappersf\u00f6hn haardroger is hierdoor een laagdrempelige oplossing voor jouw salon.<\/p>\n<h2>Hoe wordt de Valera stille jet 7700 ionische 2000w rotocord kappersf\u00f6hn haardroger geleverd?<\/h2>\n<p>Le <strong>Valera silent jet 7700 ionic 2000w rotocord hairryer s\u00e8che-cheveux <\/strong>wordt geleverd in originele verpakking(en). Binnen Nederland en Belgi\u00eb is de verzending van de Valera stille jet 7700 ionische 2000w rotocord kappersf\u00f6hn haardroger geheel gratis bij een bestelling v.a. 100,- euro. Bij verzendingen naar andere landen gelden aparte verzendtarieven. Je kunt deze tarieven bij ons opvragen of terugvinden in de winkelwagen. De Valera stille jet 7700 ionische 2000w rotocord kappersf\u00f6hn haardroger wordt verzonden via een externe koerier.<\/p>\n<p>Nous livrons les colis ou les palettes jusqu'au seuil de la porte d'entr\u00e9e, m\u00eame si vous vous trouvez dans un immeuble collectif, un immeuble \u00e0 appartements ou un complexe d'appartements avec ascenseur (\u00e0 condition que l'article puisse \u00eatre transport\u00e9 dans l'ascenseur). Il n'y a pas d'ascenseur ou l'article ne rentre pas dans l'ascenseur ? Dans ce cas, nous livrons sur le seuil du rez-de-chauss\u00e9e.<\/p>\n<p>Vous avez encore des questions concernant la livraison ou une situation particuli\u00e8re ? Contactez-nous et nous nous ferons un plaisir de vous aider !<\/p>\n<p><em>*Les articles ne sont pas d\u00e9ball\u00e9s ou assembl\u00e9s par d\u00e9faut. Dans des situations particuli\u00e8res, veuillez nous contacter pour prendre des dispositions.<\/em><\/p>\n<h2>Commande en ligne s\u00e9curis\u00e9e chez Salon For All avec la marque Webwinkelkeur et la s\u00e9curit\u00e9 SSL<\/h2>\n<p>We vinden het belangrijk dat onze klanten veilig online bij ons kunnen shoppen. We zijn sinds 2019 aangesloten bij het landelijke Webwinkelkeur keurmerk. Onze identiteit is door hen gecontroleerd, geverifieerd en de webshop is juridisch gecontroleerd en goedgekeurd. Daarnaast is onze webwinkel is bij hen aangesloten voor geschillen bemiddeling. Je ziet de badge met alle informatie van dit webwinkel keurmerk aan de linker- of rechterkant van de webshop staan (roze met witte button). Ook is onze site beveiligd met een SSL-certificaat waardoor je bij ons veilig kunt browsen. In de balk van je internetbrowser, waar onze website in vermeld is, zie je een slotje staan. Als je op het slotje klikt, krijg je alle informatie over onze beveiliging. Hierdoor weet je dat je bestelling van de Valera stille jet 7700 ionische 2000w rotocord kappersf\u00f6hn haardroger en persoonsgegevens veilig verwerkt worden.<\/p>\n<h2>Hoe kan ik de Valera stille jet 7700 ionische 2000w rotocord kappersf\u00f6hn haardroger afrekenen?<\/h2>\n<p>Nous souhaitons vous faciliter la t\u00e2che au maximum. C'est pourquoi, chez Salon For All, vous pouvez payer avec tous les moyens de paiement connus et courants. Payer \u00e0 l'avance, \u00e0 la livraison ou apr\u00e8s coup, tout est possible. Voyez ici quels sont les modes de paiement que nous proposons<br \/>\noffre :<\/p>\n<ul>\n<li>Id\u00e9al<\/li>\n<li>Klarna - Post-paiement sur facture<\/li>\n<li>Bancontact (uniquement pour les clients belges)<\/li>\n<li>Payin3 - Payez en 3 fois avec un taux d'int\u00e9r\u00eat de 0% (uniquement pour les clients n\u00e9erlandais)<\/li>\n<li>Paypal<\/li>\n<li>Carte de cr\u00e9dit<\/li>\n<li>Apple pay<\/li>\n<li>Facture commerciale pour les entreprises<\/li>\n<li>Paiement dans la salle d'exposition - par carte bancaire ou en esp\u00e8ces (disponible uniquement lors de l'enl\u00e8vement)<\/li>\n<\/ul>\n<h2>Consultez \u00e9galement les avis sur Salon For ALL<\/h2>\n<p>Bekijk ook onze reviews om ervaringen van onze huidige klanten me te nemen in je besluit om de Valera stille jet 7700 ionische 2000w rotocord kappersf\u00f6hn haardroger bij ons te bestellen. Via ons onafhankelijke webwinkel keurmerk van Webwinkelkeur worden automatisch geverifieerde reviews verzameld van klanten die bij ons een bestelling hebben voldaan. Deze vind je terug achter de roze button op onze webwinkel of staan vermeld onder de producten.<\/p>\n<p>Deel na je aankoop ook jouw ervaring met je bestelde Valera stille jet 7700 ionische 2000w rotocord kappersf\u00f6hn haardroger en ervaring met het aankoopproces of contact met Salon For All om anderen te inspireren!<\/p>\n<h2>Contacter le Salon pour tous<\/h2>\n<p>Neem dan contact met ons op. Wij helpen je graag verder bij de aanschaf van de Valera stille jet 7700 ionische 2000w rotocord kappersf\u00f6hn haardroger. Op werkdagen zijn we het beste bereikbaar tussen 8.30 uur en 17.00 uur via het telefoonnummer en e-mailadres bovenaan de webshop of via de chatfunctie. Vragen buiten kantooruren worden meestal binnen 24uur beantwoord. Het is ook mogelijk om buitenwerkdagen of kantooruren bij ons langs te komen. Maar hiervoor van tevoren een afspraak.<\/p>\n<h2>Vous souhaitez visiter notre salle d'exposition ?<\/h2>\n<p>Vind je het prettiger om de Valera stille jet 7700 ionische 2000w rotocord kappersf\u00f6hn haardroger te bekijken of samen met onze collega door ons aanbod van de (web)shop heen te lopen? Kom dan langs in onze showroom met meer dan 1000m2 aan saloninrichting en laat je inspireren door onze medewerkers. Ook als je ervan houdt om gezellig kennis te maken onder het genot van een goede kop koffie of thee dan ben je hier van harte welkom. We hebben niet alle producten staan dus laat ons van tevoren even weten dat je wilt komen. Maak altijd van te voren een afspraak.<\/p>\n<h2>D\u00e9lai de r\u00e9flexion de 14 jours et politique de retour<\/h2>\n<p>Het kan natuurlijk voorkomen dat de geleverde Valera stille jet 7700 ionische 2000w rotocord kappersf\u00f6hn haardroger niet helemaal naar wens is en je het wilt terugsturen. Dat is bij Salon For All geen enkel probleem. Je dient binnen 14 werkdagen je retourzending bij ons aan te melden via <a href=\"mailto:info@salonforall.nl\">info@salonforall.nl<\/a> . Je ontvangt dan eerst van alle retourinstructies en voorwaarden. Let op de Valera stille jet 7700 ionische 2000w rotocord kappersf\u00f6hn haardroger mag niet gebruikt zijn, moet alle meegeleverde onderdelen bevatten en verpakt in originele verpakking geretourneerd worden. De kosten voor de zending van een retour zijn bij aankopen via www.salonforall.nl altijd voor de koper. Je dient voor een retour zelf een transport te regelen bij een transporteur naar keuze. Zodra de Valera stille jet 7700 ionische 2000w rotocord kappersf\u00f6hn haardroger retour is gekomen wordt het gecontroleerd op volledigheid en schade. Zodra de retour akkoord is bevonden wordt het aankoopbedrag binnen 5 werkdagen teruggestort op het bij ons bekende rekeningnummer.<\/p>\n<h2>Qui est Salon For All ?<\/h2>\n<p>Salon For all est le grossiste pour tout \u00e9quipement de salon en Europe. Salon For All a d\u00e9marr\u00e9 en 2003 sous le nom de Salonvoordeel et est n\u00e9 de la pratique. Les propri\u00e9taires de Salon For All \u00e9taient des coiffeurs et des esth\u00e9ticiennes exp\u00e9riment\u00e9s et ont ensemble plus de 30 ans d'exp\u00e9rience pratique. Nous avons lanc\u00e9 Salonvoordeel.nl (Pays-Bas) en 2003, puis Salon For All a \u00e9t\u00e9 cr\u00e9\u00e9 pour le march\u00e9 europ\u00e9en. Un certain nombre de nos employ\u00e9s ont cr\u00e9\u00e9 leur propre entreprise et l'id\u00e9e est n\u00e9e de lancer une boutique en ligne fonctionnelle pour les coiffeurs et de les aider \u00e0 am\u00e9nager leur salon. Gr\u00e2ce \u00e0 nos ann\u00e9es d'exp\u00e9rience dans le secteur, nous pouvons vous tendre un miroir et vous donner les bons conseils. Nous parlons le m\u00eame langage ! Nous vous conseillons, nous vous inspirons, nous vous motivons et nous vous aidons \u00e0 acheter une boutique en ligne. <em>Valera silent jet 7700 ionic 2000w rotocord hairryer s\u00e8che-cheveux<\/em>. Nos fournisseurs sont r\u00e9partis dans toute l'Europe, de l'Allemagne \u00e0 la Pologne en passant par l'Angleterre et l'Italie.<\/p>","protected":false},"excerpt":{"rendered":"<p>Le s\u00e8che-cheveux Valera silent jet 7700 ionic 2000w rotocord de la marque VALERA est une solution abordable pour tous les salons. Le d\u00e9lai de livraison pour ce produit est de 2 \u00e0 6 jours ouvrables.<\/p>","protected":false},"featured_media":13464,"comment_status":"closed","ping_status":"open","template":"","meta":[],"product_brand":[],"product_cat":[1417,1581,108],"product_tag":[],"class_list":{"0":"post-13463","1":"product","2":"type-product","3":"status-publish","4":"has-post-thumbnail","6":"product_cat-kappers-benodigdheden","7":"product_cat-kappersfohn","8":"product_cat-kapsalon","9":"pa_artikelnummer-1638","10":"pa_kleur-zwart","11":"pa_kwaliteit-middensegment","12":"pa_merk-valera","13":"pa_sku-1639","14":"pa_type-2-2000w","16":"first","17":"outofstock","18":"sale","19":"taxable","20":"shipping-taxable","21":"purchasable","22":"product-type-simple"},"yoast_head":"<!-- This site is optimized with the Yoast SEO Premium plugin v27.3 (Yoast SEO v27.4) - https:\/\/yoast.com\/product\/yoast-seo-premium-wordpress\/ -->\n<title>Valera stille jet 7700 ionische 2000w rotocord kappersf\u00f6hn haardroger<\/title>\n<meta name=\"description\" content=\"Valera stille jet 7700 ionische 2000w rotocord kappersf\u00f6hn haardroger koop je online of in de showroom bij Salon For All B.V. NL &amp; BE . De groothandel voor salons, praktijken en spa&#039;s in NL en BE.\" \/>\n<meta name=\"robots\" content=\"index, follow, max-snippet:-1, max-image-preview:large, max-video-preview:-1\" \/>\n<link rel=\"canonical\" href=\"https:\/\/salonforall.nl\/fr-be\/valera-stille-jet-7700-ionische-2000w-rotocord-kappersfohn-haardroger\/\" \/>\n<meta property=\"og:locale\" content=\"fr_FR\" \/>\n<meta property=\"og:type\" content=\"article\" \/>\n<meta property=\"og:title\" content=\"Valera stille jet 7700 ionische 2000w rotocord kappersf\u00f6hn haardroger\" \/>\n<meta property=\"og:description\" content=\"Valera stille jet 7700 ionische 2000w rotocord kappersf\u00f6hn haardroger koop je online of in de showroom bij Salon For All B.V. NL &amp; BE . De groothandel voor salons, praktijken en spa&#039;s in NL en BE.\" \/>\n<meta property=\"og:url\" content=\"https:\/\/salonforall.nl\/fr-be\/valera-stille-jet-7700-ionische-2000w-rotocord-kappersfohn-haardroger\/\" \/>\n<meta property=\"og:site_name\" content=\"Salon For All B.V. NL &amp; BE\" \/>\n<meta property=\"article:modified_time\" content=\"2026-03-10T03:40:02+00:00\" \/>\n<meta property=\"og:image\" content=\"https:\/\/salonforall.nl\/wp-content\/uploads\/2025\/01\/valera-stille-jet-7700-ionische-2000w-rotocord-kappersfohn-haardroger-1.jpg\" \/>\n\t<meta property=\"og:image:width\" content=\"1200\" \/>\n\t<meta property=\"og:image:height\" content=\"1200\" \/>\n\t<meta property=\"og:image:type\" content=\"image\/jpeg\" \/>\n<meta name=\"twitter:card\" content=\"summary_large_image\" \/>\n<meta name=\"twitter:title\" content=\"Valera stille jet 7700 ionische 2000w rotocord kappersf\u00f6hn haardroger\" \/>\n<meta name=\"twitter:label1\" content=\"Price\" \/>\n\t<meta name=\"twitter:data1\" content=\"&nbsp;126,59 excl. btw\" \/>\n\t<meta name=\"twitter:label2\" content=\"Availability\" \/>\n\t<meta name=\"twitter:data2\" content=\"Out of stock\" \/>\n<script type=\"application\/ld+json\" class=\"yoast-schema-graph\">{\"@context\":\"https:\\\/\\\/schema.org\",\"@graph\":[{\"@type\":\"WebPage\",\"@id\":\"https:\\\/\\\/salonforall.nl\\\/valera-stille-jet-7700-ionische-2000w-rotocord-kappersfohn-haardroger\\\/\",\"url\":\"https:\\\/\\\/salonforall.nl\\\/valera-stille-jet-7700-ionische-2000w-rotocord-kappersfohn-haardroger\\\/\",\"name\":\"Valera stille jet 7700 ionische 2000w rotocord kappersf\u00f6hn haardroger\",\"isPartOf\":{\"@id\":\"https:\\\/\\\/salonforall.nl\\\/#website\"},\"primaryImageOfPage\":{\"@id\":\"https:\\\/\\\/salonforall.nl\\\/valera-stille-jet-7700-ionische-2000w-rotocord-kappersfohn-haardroger\\\/#primaryimage\"},\"image\":{\"@id\":\"https:\\\/\\\/salonforall.nl\\\/valera-stille-jet-7700-ionische-2000w-rotocord-kappersfohn-haardroger\\\/#primaryimage\"},\"thumbnailUrl\":\"https:\\\/\\\/salonforall.nl\\\/wp-content\\\/uploads\\\/2025\\\/01\\\/valera-stille-jet-7700-ionische-2000w-rotocord-kappersfohn-haardroger-1.jpg\",\"datePublished\":\"2025-01-27T22:11:14+00:00\",\"dateModified\":\"2026-03-10T03:40:02+00:00\",\"description\":\"Valera stille jet 7700 ionische 2000w rotocord kappersf\u00f6hn haardroger koop je online of in de showroom bij Salon For All B.V. NL &amp; BE . De groothandel voor salons, praktijken en spa's in NL en BE.\",\"breadcrumb\":{\"@id\":\"https:\\\/\\\/salonforall.nl\\\/valera-stille-jet-7700-ionische-2000w-rotocord-kappersfohn-haardroger\\\/#breadcrumb\"},\"inLanguage\":\"fr-BE\",\"potentialAction\":[{\"@type\":\"ReadAction\",\"target\":[\"https:\\\/\\\/salonforall.nl\\\/valera-stille-jet-7700-ionische-2000w-rotocord-kappersfohn-haardroger\\\/\"]}]},{\"@type\":\"ImageObject\",\"inLanguage\":\"fr-BE\",\"@id\":\"https:\\\/\\\/salonforall.nl\\\/valera-stille-jet-7700-ionische-2000w-rotocord-kappersfohn-haardroger\\\/#primaryimage\",\"url\":\"https:\\\/\\\/salonforall.nl\\\/wp-content\\\/uploads\\\/2025\\\/01\\\/valera-stille-jet-7700-ionische-2000w-rotocord-kappersfohn-haardroger-1.jpg\",\"contentUrl\":\"https:\\\/\\\/salonforall.nl\\\/wp-content\\\/uploads\\\/2025\\\/01\\\/valera-stille-jet-7700-ionische-2000w-rotocord-kappersfohn-haardroger-1.jpg\",\"width\":1200,\"height\":1200,\"caption\":\"Valera stille jet 7700 ionische 2000w rotocord kappersf\u00f6hn haardroger 1\"},{\"@type\":\"BreadcrumbList\",\"@id\":\"https:\\\/\\\/salonforall.nl\\\/valera-stille-jet-7700-ionische-2000w-rotocord-kappersfohn-haardroger\\\/#breadcrumb\",\"itemListElement\":[{\"@type\":\"ListItem\",\"position\":1,\"name\":\"Home\",\"item\":\"https:\\\/\\\/salonforall.nl\\\/\"},{\"@type\":\"ListItem\",\"position\":2,\"name\":\"Winkel\",\"item\":\"https:\\\/\\\/salonforall.nl\\\/winkel\\\/\"},{\"@type\":\"ListItem\",\"position\":3,\"name\":\"Valera stille jet 7700 ionische 2000w rotocord kappersf\u00f6hn haardroger\"}]},{\"@type\":\"WebSite\",\"@id\":\"https:\\\/\\\/salonforall.nl\\\/#website\",\"url\":\"https:\\\/\\\/salonforall.nl\\\/\",\"name\":\"Salon For All\",\"description\":\"Jouw groothandel voor praktijk- &amp; saloninrichting en benodigdheden\",\"publisher\":{\"@id\":\"https:\\\/\\\/salonforall.nl\\\/#organization\"},\"alternateName\":\"salonforall.nl\",\"potentialAction\":[{\"@type\":\"SearchAction\",\"target\":{\"@type\":\"EntryPoint\",\"urlTemplate\":\"https:\\\/\\\/salonforall.nl\\\/?s={search_term_string}\"},\"query-input\":{\"@type\":\"PropertyValueSpecification\",\"valueRequired\":true,\"valueName\":\"search_term_string\"}}],\"inLanguage\":\"fr-BE\"},{\"@type\":\"Organization\",\"@id\":\"https:\\\/\\\/salonforall.nl\\\/#organization\",\"name\":\"Salon For All B.V.\",\"alternateName\":\"Salonforall.nl\",\"url\":\"https:\\\/\\\/salonforall.nl\\\/\",\"logo\":{\"@type\":\"ImageObject\",\"inLanguage\":\"fr-BE\",\"@id\":\"https:\\\/\\\/salonforall.nl\\\/#\\\/schema\\\/logo\\\/image\\\/\",\"url\":\"https:\\\/\\\/salonforall.nl\\\/wp-content\\\/uploads\\\/2025\\\/01\\\/logo-salon-for-all-groothandel-saloninrichting-e1736940477693.png\",\"contentUrl\":\"https:\\\/\\\/salonforall.nl\\\/wp-content\\\/uploads\\\/2025\\\/01\\\/logo-salon-for-all-groothandel-saloninrichting-e1736940477693.png\",\"width\":500,\"height\":125,\"caption\":\"Salon For All B.V.\"},\"image\":{\"@id\":\"https:\\\/\\\/salonforall.nl\\\/#\\\/schema\\\/logo\\\/image\\\/\"},\"description\":\"Salon For All is de groothandel voor praktijk- en saloninrichting en benodigdheden.\",\"email\":\"info@salonforall.com\",\"legalName\":\"Salon For All\",\"numberOfEmployees\":{\"@type\":\"QuantitativeValue\",\"minValue\":\"1\",\"maxValue\":\"10\"},\"hasMerchantReturnPolicy\":{\"@type\":\"MerchantReturnPolicy\",\"merchantReturnLink\":\"https:\\\/\\\/salonforall.nl\\\/fr-be\\\/retourvoorwaarden\\\/\"}}]}<\/script>\n<meta property=\"product:brand\" content=\"VALERA\" \/>\n<meta property=\"product:price:amount\" content=\"126.59\" \/>\n<meta property=\"product:price:currency\" content=\"EUR\" \/>\n<meta property=\"og:availability\" content=\"out of stock\" \/>\n<meta property=\"product:availability\" content=\"out of stock\" \/>\n<meta property=\"product:retailer_item_id\" content=\"129975\" \/>\n<meta property=\"product:condition\" content=\"new\" \/>\n<!-- \/ Yoast SEO Premium plugin. -->","yoast_head_json":{"title":"Valera silent jet 7700 ionic 2000w rotocord hairryer s\u00e8che-cheveux","description":"Valera stille jet 7700 ionische 2000w rotocord kappersf\u00f6hn haardroger koop je online of in de showroom bij Salon For All B.V. NL &amp; BE . De groothandel voor salons, praktijken en spa's in NL en BE.","robots":{"index":"index","follow":"follow","max-snippet":"max-snippet:-1","max-image-preview":"max-image-preview:large","max-video-preview":"max-video-preview:-1"},"canonical":"https:\/\/salonforall.nl\/fr-be\/valera-stille-jet-7700-ionische-2000w-rotocord-kappersfohn-haardroger\/","og_locale":"fr_FR","og_type":"article","og_title":"Valera stille jet 7700 ionische 2000w rotocord kappersf\u00f6hn haardroger","og_description":"Valera stille jet 7700 ionische 2000w rotocord kappersf\u00f6hn haardroger koop je online of in de showroom bij Salon For All B.V. NL &amp; BE . De groothandel voor salons, praktijken en spa's in NL en BE.","og_url":"https:\/\/salonforall.nl\/fr-be\/valera-stille-jet-7700-ionische-2000w-rotocord-kappersfohn-haardroger\/","og_site_name":"Salon For All B.V. NL &amp; BE","article_modified_time":"2026-03-10T03:40:02+00:00","og_image":[{"width":1200,"height":1200,"url":"https:\/\/salonforall.nl\/wp-content\/uploads\/2025\/01\/valera-stille-jet-7700-ionische-2000w-rotocord-kappersfohn-haardroger-1.jpg","type":"image\/jpeg"}],"twitter_card":"summary_large_image","twitter_title":"Valera stille jet 7700 ionische 2000w rotocord kappersf\u00f6hn haardroger","twitter_misc":{"Price":"&nbsp;126,59 excl. btw","Availability":"Out of stock"},"schema":{"@context":"https:\/\/schema.org","@graph":[{"@type":"WebPage","@id":"https:\/\/salonforall.nl\/valera-stille-jet-7700-ionische-2000w-rotocord-kappersfohn-haardroger\/","url":"https:\/\/salonforall.nl\/valera-stille-jet-7700-ionische-2000w-rotocord-kappersfohn-haardroger\/","name":"Valera silent jet 7700 ionic 2000w rotocord hairryer s\u00e8che-cheveux","isPartOf":{"@id":"https:\/\/salonforall.nl\/#website"},"primaryImageOfPage":{"@id":"https:\/\/salonforall.nl\/valera-stille-jet-7700-ionische-2000w-rotocord-kappersfohn-haardroger\/#primaryimage"},"image":{"@id":"https:\/\/salonforall.nl\/valera-stille-jet-7700-ionische-2000w-rotocord-kappersfohn-haardroger\/#primaryimage"},"thumbnailUrl":"https:\/\/salonforall.nl\/wp-content\/uploads\/2025\/01\/valera-stille-jet-7700-ionische-2000w-rotocord-kappersfohn-haardroger-1.jpg","datePublished":"2025-01-27T22:11:14+00:00","dateModified":"2026-03-10T03:40:02+00:00","description":"Valera stille jet 7700 ionische 2000w rotocord kappersf\u00f6hn haardroger koop je online of in de showroom bij Salon For All B.V. NL &amp; BE . De groothandel voor salons, praktijken en spa's in NL en BE.","breadcrumb":{"@id":"https:\/\/salonforall.nl\/valera-stille-jet-7700-ionische-2000w-rotocord-kappersfohn-haardroger\/#breadcrumb"},"inLanguage":"fr-BE","potentialAction":[{"@type":"ReadAction","target":["https:\/\/salonforall.nl\/valera-stille-jet-7700-ionische-2000w-rotocord-kappersfohn-haardroger\/"]}]},{"@type":"ImageObject","inLanguage":"fr-BE","@id":"https:\/\/salonforall.nl\/valera-stille-jet-7700-ionische-2000w-rotocord-kappersfohn-haardroger\/#primaryimage","url":"https:\/\/salonforall.nl\/wp-content\/uploads\/2025\/01\/valera-stille-jet-7700-ionische-2000w-rotocord-kappersfohn-haardroger-1.jpg","contentUrl":"https:\/\/salonforall.nl\/wp-content\/uploads\/2025\/01\/valera-stille-jet-7700-ionische-2000w-rotocord-kappersfohn-haardroger-1.jpg","width":1200,"height":1200,"caption":"Valera stille jet 7700 ionische 2000w rotocord kappersf\u00f6hn haardroger 1"},{"@type":"BreadcrumbList","@id":"https:\/\/salonforall.nl\/valera-stille-jet-7700-ionische-2000w-rotocord-kappersfohn-haardroger\/#breadcrumb","itemListElement":[{"@type":"ListItem","position":1,"name":"Home","item":"https:\/\/salonforall.nl\/"},{"@type":"ListItem","position":2,"name":"Winkel","item":"https:\/\/salonforall.nl\/winkel\/"},{"@type":"ListItem","position":3,"name":"Valera stille jet 7700 ionische 2000w rotocord kappersf\u00f6hn haardroger"}]},{"@type":"WebSite","@id":"https:\/\/salonforall.nl\/#website","url":"https:\/\/salonforall.nl\/","name":"Salon pour tous","description":"Votre grossiste en mat\u00e9riel et fournitures pour cabinets m\u00e9dicaux et salons de coiffure","publisher":{"@id":"https:\/\/salonforall.nl\/#organization"},"alternateName":"salonforall.nl","potentialAction":[{"@type":"SearchAction","target":{"@type":"EntryPoint","urlTemplate":"https:\/\/salonforall.nl\/?s={search_term_string}"},"query-input":{"@type":"PropertyValueSpecification","valueRequired":true,"valueName":"search_term_string"}}],"inLanguage":"fr-BE"},{"@type":"Organization","@id":"https:\/\/salonforall.nl\/#organization","name":"Salon For All B.V.","alternateName":"Salonforall.nl","url":"https:\/\/salonforall.nl\/","logo":{"@type":"ImageObject","inLanguage":"fr-BE","@id":"https:\/\/salonforall.nl\/#\/schema\/logo\/image\/","url":"https:\/\/salonforall.nl\/wp-content\/uploads\/2025\/01\/logo-salon-for-all-groothandel-saloninrichting-e1736940477693.png","contentUrl":"https:\/\/salonforall.nl\/wp-content\/uploads\/2025\/01\/logo-salon-for-all-groothandel-saloninrichting-e1736940477693.png","width":500,"height":125,"caption":"Salon For All B.V."},"image":{"@id":"https:\/\/salonforall.nl\/#\/schema\/logo\/image\/"},"description":"Salon For All est le grossiste pour l'\u00e9quipement et les fournitures des cabinets et des salons de coiffure.","email":"info@salonforall.com","legalName":"Salon For All","numberOfEmployees":{"@type":"QuantitativeValue","minValue":"1","maxValue":"10"},"hasMerchantReturnPolicy":{"@type":"MerchantReturnPolicy","merchantReturnLink":"https:\/\/salonforall.nl\/fr-be\/retourvoorwaarden\/"}}]},"product_brand":"VALERA","product_price_amount":"126.59","product_price_currency":"EUR","og_availability":"out of stock","product_availability":"out of stock","product_retailer_item_id":"129975","product_condition":"new"},"_links":{"self":[{"href":"https:\/\/salonforall.nl\/fr-be\/wp-json\/wp\/v2\/product\/13463","targetHints":{"allow":["GET"]}}],"collection":[{"href":"https:\/\/salonforall.nl\/fr-be\/wp-json\/wp\/v2\/product"}],"about":[{"href":"https:\/\/salonforall.nl\/fr-be\/wp-json\/wp\/v2\/types\/product"}],"replies":[{"embeddable":true,"href":"https:\/\/salonforall.nl\/fr-be\/wp-json\/wp\/v2\/comments?post=13463"}],"wp:featuredmedia":[{"embeddable":true,"href":"https:\/\/salonforall.nl\/fr-be\/wp-json\/wp\/v2\/media\/13464"}],"wp:attachment":[{"href":"https:\/\/salonforall.nl\/fr-be\/wp-json\/wp\/v2\/media?parent=13463"}],"wp:term":[{"taxonomy":"product_brand","embeddable":true,"href":"https:\/\/salonforall.nl\/fr-be\/wp-json\/wp\/v2\/product_brand?post=13463"},{"taxonomy":"product_cat","embeddable":true,"href":"https:\/\/salonforall.nl\/fr-be\/wp-json\/wp\/v2\/product_cat?post=13463"},{"taxonomy":"product_tag","embeddable":true,"href":"https:\/\/salonforall.nl\/fr-be\/wp-json\/wp\/v2\/product_tag?post=13463"}],"curies":[{"name":"wp","href":"https:\/\/api.w.org\/{rel}","templated":true}]}}