{"id":15908,"date":"2025-10-17T10:58:41","date_gmt":"2025-10-17T10:58:41","guid":{"rendered":"https:\/\/salonforall.nl\/nghia-export-ingroeiende-nageltang-nl-201-14mm\/"},"modified":"2026-04-15T04:49:50","modified_gmt":"2026-04-15T03:49:50","slug":"nghia-export-ingroeiende-nageltang-nl-201-14mm","status":"publish","type":"product","link":"https:\/\/salonforall.nl\/fr-be\/nghia-export-ingroeiende-nageltang-nl-201-14mm\/","title":{"rendered":"Pince \u00e0 ongles incarn\u00e9s Nghia export NL.201 14MM"},"content":{"rendered":"<h2>Informations sur les <strong>Nghia export ingroeiende nageltang NL.201 14MM met artikelnummer <\/strong>148419<\/h2>\n<p>NGHIA propose des produits en acier inoxydable, notamment des outils de manucure professionnels, qui am\u00e9liorent consid\u00e9rablement la qualit\u00e9 de vie quotidienne des clients de l'industrie de la beaut\u00e9. L'objectif de la marque est de r\u00e9pondre efficacement aux besoins des consommateurs en proposant des produits de la plus haute qualit\u00e9.<\/p>\n<p><img decoding=\"async\" src=\"https:\/\/activeshop.com.pl\/media\/wysiwyg\/product\/148419\/EN_148419_1.jpg\"><\/p>\n<h2>Een nauwkeurig instrument voor perfecte nagels<\/h2>\n<p>De professionele NGHIA Export NL.201 nagelknipper is gemaakt van hoogwaardig INOX roestvrij staal, waardoor hij zeer goed bestand is tegen beschadiging en botheid. Hij is perfect voor podotherapiebehandelingen en voor het inkorten van harde en dikke nagelplaten. De tang is autoclaveerbaar en hoeft na aankoop niet opnieuw geslepen te worden.<\/p>\n<p><img decoding=\"async\" src=\"https:\/\/activeshop.com.pl\/media\/wysiwyg\/product\/148419\/NL_148419_2.jpg\"><\/p>\n<h2>Solutions pour un confort de travail \u00e9lev\u00e9<\/h2>\n<p>De praktische dubbele veer die de armen verbindt, zorgt voor een uitstekend gevoel, stabiliteit en nauwkeurige knipbewegingen. Zorgvuldige afwerking zorgt voor een comfortabele, stille en soepele bediening. De vorm en de grootte van de armen zorgen ervoor dat de tang perfect in de hand ligt, wat zorgt voor optimaal gebruikscomfort. De matte afwerking zorgt voor een elegante uitstraling en het gepassiveerde oppervlak verhoogt de weerstand en maakt hem gemakkelijker schoon te houden. Dit maakt hem een \u200b\u200bideaal hulpmiddel voor zowel professionals als mensen die graag thuis hun nagels verzorgen.<\/p>\n<h2>Lames parfaitement profil\u00e9es<\/h2>\n<p>De lange bladen van 14 mm zijn perfect voor complexe manicurebehandelingen. Het rechte profiel en de juiste maat maken het uitvoeren van behandelingen eenvoudiger. De bekken van de tang zijn verbonden met behulp van de Lap Joint-methode, waardoor ze perfect op elkaar aansluiten tijdens gebruik en zorgen voor nauwkeurig snijden. De tang heeft een bijpassende mesbeschermer van duurzaam kunststof.<\/p>\n<p><img decoding=\"async\" src=\"https:\/\/activeshop.com.pl\/media\/wysiwyg\/product\/148419\/EN_148419_3.jpg\"><\/p>\n<h2>M\u00e9thode d'entretien :<\/h2>\n<p>- Apr\u00e8s utilisation, \u00e9liminer les abrasions, la poussi\u00e8re et les r\u00e9sidus d'ongles avec de l'ac\u00e9tone ;<br \/>- Immerger l'outil dans un liquide d\u00e9sinfectant ;<br \/>- Lubrifiez l'int\u00e9rieur de la lame avec de l'huile pour machine ;<br \/>- Placez un couvercle sur l'outil pour \u00e9viter de l'endommager ;<br \/>- Ne posez jamais le cutter avec la lame baiss\u00e9e ;<br \/>- Toujours stocker horizontalement.<br \/>Note : Conserver dans un endroit sec et s\u00fbr. Tenir hors de port\u00e9e des enfants.<\/p>\n<p>Donn\u00e9es :<br \/>Longueur de la lame : 14 mm<br \/>Totale lengte van de kniptang: 12 cm<br \/>Materiaal: INOX roestvrij staal<\/p>\n<p>Activeshop producten zijn in verhouding goedkoper dan vele andere merken\/ aanbieders. De prijs staat in verhouding met de kwaliteit. De Nghia export ingroeiende nageltang NL.201 14MM is hierdoor een laagdrempelige oplossing voor jouw salon.<\/p>\n<h2>Hoe wordt de Nghia export ingroeiende nageltang NL.201 14MM geleverd?<\/h2>\n<p>Le <strong>Pince \u00e0 ongles incarn\u00e9s Nghia export NL.201 14MM <\/strong>wordt geleverd in originele verpakking(en). Binnen Nederland en Belgi\u00eb is de verzending van de Nghia export ingroeiende nageltang NL.201 14MM geheel gratis bij een bestelling v.a. 100,- euro. Bij verzendingen naar andere landen gelden aparte verzendtarieven. Je kunt deze tarieven bij ons opvragen of terugvinden in de winkelwagen. De Nghia export ingroeiende nageltang NL.201 14MM wordt verzonden via een externe koerier.<\/p>\n<p>Nous livrons les colis ou les palettes jusqu'au seuil de la porte d'entr\u00e9e, m\u00eame si vous vous trouvez dans un immeuble collectif, un immeuble \u00e0 appartements ou un complexe d'appartements avec ascenseur (\u00e0 condition que l'article puisse \u00eatre transport\u00e9 dans l'ascenseur). Il n'y a pas d'ascenseur ou l'article ne rentre pas dans l'ascenseur ? Dans ce cas, nous livrons sur le seuil du rez-de-chauss\u00e9e.<\/p>\n<p>Vous avez encore des questions concernant la livraison ou une situation particuli\u00e8re ? Contactez-nous et nous nous ferons un plaisir de vous aider !<\/p>\n<p><em>*Les articles ne sont pas d\u00e9ball\u00e9s ou assembl\u00e9s par d\u00e9faut. Dans des situations particuli\u00e8res, veuillez nous contacter pour prendre des dispositions.<\/em><\/p>\n<h2>Commande en ligne s\u00e9curis\u00e9e chez Salon For All avec la marque Webwinkelkeur et la s\u00e9curit\u00e9 SSL<\/h2>\n<p>We vinden het belangrijk dat onze klanten veilig online bij ons kunnen shoppen. We zijn sinds 2019 aangesloten bij het landelijke Webwinkelkeur keurmerk. Onze identiteit is door hen gecontroleerd, geverifieerd en de webshop is juridisch gecontroleerd en goedgekeurd. Daarnaast is onze webwinkel is bij hen aangesloten voor geschillen bemiddeling. Je ziet de badge met alle informatie van dit webwinkel keurmerk aan de linker- of rechterkant van de webshop staan (roze met witte button). Ook is onze site beveiligd met een SSL-certificaat waardoor je bij ons veilig kunt browsen. In de balk van je internetbrowser, waar onze website in vermeld is, zie je een slotje staan. Als je op het slotje klikt, krijg je alle informatie over onze beveiliging. Hierdoor weet je dat je bestelling van de Nghia export ingroeiende nageltang NL.201 14MM en persoonsgegevens veilig verwerkt worden.<\/p>\n<h2>Hoe kan ik de Nghia export ingroeiende nageltang NL.201 14MM afrekenen?<\/h2>\n<p>Nous souhaitons vous faciliter la t\u00e2che au maximum. C'est pourquoi, chez Salon For All, vous pouvez payer avec tous les moyens de paiement connus et courants. Payer \u00e0 l'avance, \u00e0 la livraison ou apr\u00e8s coup, tout est possible. Voyez ici quels sont les modes de paiement que nous proposons<br \/>\noffre :<\/p>\n<ul>\n<li>Id\u00e9al<\/li>\n<li>Klarna - Post-paiement sur facture<\/li>\n<li>Bancontact (uniquement pour les clients belges)<\/li>\n<li>Payin3 - Payez en 3 fois avec un taux d'int\u00e9r\u00eat de 0% (uniquement pour les clients n\u00e9erlandais)<\/li>\n<li>Paypal<\/li>\n<li>Carte de cr\u00e9dit<\/li>\n<li>Apple pay<\/li>\n<li>Facture commerciale pour les entreprises<\/li>\n<li>Paiement dans la salle d'exposition - par carte bancaire ou en esp\u00e8ces (disponible uniquement lors de l'enl\u00e8vement)<\/li>\n<\/ul>\n<h2>Consultez \u00e9galement les avis sur Salon For ALL<\/h2>\n<p>Bekijk ook onze reviews om ervaringen van onze huidige klanten me te nemen in je besluit om de Nghia export ingroeiende nageltang NL.201 14MM bij ons te bestellen. Via ons onafhankelijke webwinkel keurmerk van Webwinkelkeur worden automatisch geverifieerde reviews verzameld van klanten die bij ons een bestelling hebben voldaan. Deze vind je terug achter de roze button op onze webwinkel of staan vermeld onder de producten.<\/p>\n<p>Deel na je aankoop ook jouw ervaring met je bestelde Nghia export ingroeiende nageltang NL.201 14MM en ervaring met het aankoopproces of contact met Salon For All om anderen te inspireren!<\/p>\n<h2>Contacter le Salon pour tous<\/h2>\n<p>Neem dan contact met ons op. Wij helpen je graag verder bij de aanschaf van de Nghia export ingroeiende nageltang NL.201 14MM. Op werkdagen zijn we het beste bereikbaar tussen 8.30 uur en 17.00 uur via het telefoonnummer en e-mailadres bovenaan de webshop of via de chatfunctie. Vragen buiten kantooruren worden meestal binnen 24uur beantwoord. Het is ook mogelijk om buitenwerkdagen of kantooruren bij ons langs te komen. Maar hiervoor van tevoren een afspraak.<\/p>\n<h2>Vous souhaitez visiter notre salle d'exposition ?<\/h2>\n<p>Vind je het prettiger om de Nghia export ingroeiende nageltang NL.201 14MM te bekijken of samen met onze collega door ons aanbod van de (web)shop heen te lopen? Kom dan langs in onze showroom met meer dan 1000m2 aan saloninrichting en laat je inspireren door onze medewerkers. Ook als je ervan houdt om gezellig kennis te maken onder het genot van een goede kop koffie of thee dan ben je hier van harte welkom. We hebben niet alle producten staan dus laat ons van tevoren even weten dat je wilt komen. Maak altijd van te voren een afspraak.<\/p>\n<h2>D\u00e9lai de r\u00e9flexion de 14 jours et politique de retour<\/h2>\n<p>Het kan natuurlijk voorkomen dat de geleverde Nghia export ingroeiende nageltang NL.201 14MM niet helemaal naar wens is en je het wilt terugsturen. Dat is bij Salon For All geen enkel probleem. Je dient binnen 14 werkdagen je retourzending bij ons aan te melden via <a href=\"mailto:info@salonforall.nl\">info@salonforall.nl<\/a> . Je ontvangt dan eerst van alle retourinstructies en voorwaarden. Let op de Nghia export ingroeiende nageltang NL.201 14MM mag niet gebruikt zijn, moet alle meegeleverde onderdelen bevatten en verpakt in originele verpakking geretourneerd worden. De kosten voor de zending van een retour zijn bij aankopen via www.salonforall.nl altijd voor de koper. Je dient voor een retour zelf een transport te regelen bij een transporteur naar keuze. Zodra de Nghia export ingroeiende nageltang NL.201 14MM retour is gekomen wordt het gecontroleerd op volledigheid en schade. Zodra de retour akkoord is bevonden wordt het aankoopbedrag binnen 5 werkdagen teruggestort op het bij ons bekende rekeningnummer.<\/p>\n<h2>Qui est Salon For All ?<\/h2>\n<p>Salon For all est le grossiste pour tout \u00e9quipement de salon en Europe. Salon For All a d\u00e9marr\u00e9 en 2003 sous le nom de Salonvoordeel et est n\u00e9 de la pratique. Les propri\u00e9taires de Salon For All \u00e9taient des coiffeurs et des esth\u00e9ticiennes exp\u00e9riment\u00e9s et ont ensemble plus de 30 ans d'exp\u00e9rience pratique. Nous avons lanc\u00e9 Salonvoordeel.nl (Pays-Bas) en 2003, puis Salon For All a \u00e9t\u00e9 cr\u00e9\u00e9 pour le march\u00e9 europ\u00e9en. Un certain nombre de nos employ\u00e9s ont cr\u00e9\u00e9 leur propre entreprise et l'id\u00e9e est n\u00e9e de lancer une boutique en ligne fonctionnelle pour les coiffeurs et de les aider \u00e0 am\u00e9nager leur salon. Gr\u00e2ce \u00e0 nos ann\u00e9es d'exp\u00e9rience dans le secteur, nous pouvons vous tendre un miroir et vous donner les bons conseils. Nous parlons le m\u00eame langage ! Nous vous conseillons, nous vous inspirons, nous vous motivons et nous vous aidons \u00e0 acheter une boutique en ligne. <em>Pince \u00e0 ongles incarn\u00e9s Nghia export NL.201 14MM<\/em>. Nos fournisseurs sont r\u00e9partis dans toute l'Europe, de l'Allemagne \u00e0 la Pologne en passant par l'Angleterre et l'Italie.<\/p>","protected":false},"excerpt":{"rendered":"<p>La pince \u00e0 ongles incarn\u00e9s NL.201 14MM de la marque NGHIA est une solution abordable pour tous les salons de coiffure. Le d\u00e9lai de livraison est d'environ 6 jours ouvrables.<\/p>","protected":false},"featured_media":15909,"comment_status":"closed","ping_status":"open","template":"","meta":[],"product_brand":[2347],"product_cat":[22],"product_tag":[],"class_list":{"0":"post-15908","1":"product","2":"type-product","3":"status-publish","4":"has-post-thumbnail","6":"product_brand-nghia","7":"product_cat-accessories","8":"pa_artikelnummer-2366","9":"pa_kwaliteit-middensegment","10":"pa_levertijd-3-6-werkdagen","11":"pa_merk-nghia","13":"first","14":"instock","15":"sale","16":"taxable","17":"shipping-taxable","18":"purchasable","19":"product-type-simple"},"yoast_head":"<!-- This site is optimized with the Yoast SEO Premium plugin v27.3 (Yoast SEO v27.4) - https:\/\/yoast.com\/product\/yoast-seo-premium-wordpress\/ -->\n<title>Nghia export ingroeiende nageltang NL.201 14MM<\/title>\n<meta name=\"description\" content=\"Nghia export ingroeiende nageltang NL.201 14MM koop je online of in de showroom bij Salon For All B.V. NL &amp; BE . De groothandel voor salons, praktijken en spa&#039;s in NL en BE.\" \/>\n<meta name=\"robots\" content=\"index, follow, max-snippet:-1, max-image-preview:large, max-video-preview:-1\" \/>\n<link rel=\"canonical\" href=\"https:\/\/salonforall.nl\/fr-be\/nghia-export-ingroeiende-nageltang-nl-201-14mm\/\" \/>\n<meta property=\"og:locale\" content=\"fr_FR\" \/>\n<meta property=\"og:type\" content=\"article\" \/>\n<meta property=\"og:title\" content=\"Nghia export ingroeiende nageltang NL.201 14MM\" \/>\n<meta property=\"og:description\" content=\"Nghia export ingroeiende nageltang NL.201 14MM koop je online of in de showroom bij Salon For All B.V. NL &amp; BE . De groothandel voor salons, praktijken en spa&#039;s in NL en BE.\" \/>\n<meta property=\"og:url\" content=\"https:\/\/salonforall.nl\/fr-be\/nghia-export-ingroeiende-nageltang-nl-201-14mm\/\" \/>\n<meta property=\"og:site_name\" content=\"Salon For All B.V. NL &amp; BE\" \/>\n<meta property=\"article:modified_time\" content=\"2026-04-15T03:49:50+00:00\" \/>\n<meta property=\"og:image\" content=\"https:\/\/salonforall.nl\/wp-content\/uploads\/2025\/10\/nghia-export-ingroeiende-nageltang-nl.201-14mm-1.jpg\" \/>\n\t<meta property=\"og:image:width\" content=\"1200\" \/>\n\t<meta property=\"og:image:height\" content=\"1200\" \/>\n\t<meta property=\"og:image:type\" content=\"image\/jpeg\" \/>\n<meta name=\"twitter:card\" content=\"summary_large_image\" \/>\n<meta name=\"twitter:title\" content=\"Nghia export ingroeiende nageltang NL.201 14MM\" \/>\n<meta name=\"twitter:label1\" content=\"Price\" \/>\n\t<meta name=\"twitter:data1\" content=\"&nbsp;26,38 excl. btw\" \/>\n\t<meta name=\"twitter:label2\" content=\"Availability\" \/>\n\t<meta name=\"twitter:data2\" content=\"In stock\" \/>\n<script type=\"application\/ld+json\" class=\"yoast-schema-graph\">{\"@context\":\"https:\\\/\\\/schema.org\",\"@graph\":[{\"@type\":\"WebPage\",\"@id\":\"https:\\\/\\\/salonforall.nl\\\/nghia-export-ingroeiende-nageltang-nl-201-14mm\\\/\",\"url\":\"https:\\\/\\\/salonforall.nl\\\/nghia-export-ingroeiende-nageltang-nl-201-14mm\\\/\",\"name\":\"Nghia export ingroeiende nageltang NL.201 14MM\",\"isPartOf\":{\"@id\":\"https:\\\/\\\/salonforall.nl\\\/#website\"},\"primaryImageOfPage\":{\"@id\":\"https:\\\/\\\/salonforall.nl\\\/nghia-export-ingroeiende-nageltang-nl-201-14mm\\\/#primaryimage\"},\"image\":{\"@id\":\"https:\\\/\\\/salonforall.nl\\\/nghia-export-ingroeiende-nageltang-nl-201-14mm\\\/#primaryimage\"},\"thumbnailUrl\":\"https:\\\/\\\/salonforall.nl\\\/wp-content\\\/uploads\\\/2025\\\/10\\\/nghia-export-ingroeiende-nageltang-nl.201-14mm-1.jpg\",\"datePublished\":\"2025-10-17T10:58:41+00:00\",\"dateModified\":\"2026-04-15T03:49:50+00:00\",\"description\":\"Nghia export ingroeiende nageltang NL.201 14MM koop je online of in de showroom bij Salon For All B.V. NL &amp; BE . De groothandel voor salons, praktijken en spa's in NL en BE.\",\"breadcrumb\":{\"@id\":\"https:\\\/\\\/salonforall.nl\\\/nghia-export-ingroeiende-nageltang-nl-201-14mm\\\/#breadcrumb\"},\"inLanguage\":\"fr-BE\",\"potentialAction\":[{\"@type\":\"ReadAction\",\"target\":[\"https:\\\/\\\/salonforall.nl\\\/nghia-export-ingroeiende-nageltang-nl-201-14mm\\\/\"]}]},{\"@type\":\"ImageObject\",\"inLanguage\":\"fr-BE\",\"@id\":\"https:\\\/\\\/salonforall.nl\\\/nghia-export-ingroeiende-nageltang-nl-201-14mm\\\/#primaryimage\",\"url\":\"https:\\\/\\\/salonforall.nl\\\/wp-content\\\/uploads\\\/2025\\\/10\\\/nghia-export-ingroeiende-nageltang-nl.201-14mm-1.jpg\",\"contentUrl\":\"https:\\\/\\\/salonforall.nl\\\/wp-content\\\/uploads\\\/2025\\\/10\\\/nghia-export-ingroeiende-nageltang-nl.201-14mm-1.jpg\",\"width\":1200,\"height\":1200,\"caption\":\"Nghia export ingroeiende nageltang NL.201 14MM 1\"},{\"@type\":\"BreadcrumbList\",\"@id\":\"https:\\\/\\\/salonforall.nl\\\/nghia-export-ingroeiende-nageltang-nl-201-14mm\\\/#breadcrumb\",\"itemListElement\":[{\"@type\":\"ListItem\",\"position\":1,\"name\":\"Home\",\"item\":\"https:\\\/\\\/salonforall.nl\\\/\"},{\"@type\":\"ListItem\",\"position\":2,\"name\":\"Winkel\",\"item\":\"https:\\\/\\\/salonforall.nl\\\/winkel\\\/\"},{\"@type\":\"ListItem\",\"position\":3,\"name\":\"Nghia export ingroeiende nageltang NL.201 14MM\"}]},{\"@type\":\"WebSite\",\"@id\":\"https:\\\/\\\/salonforall.nl\\\/#website\",\"url\":\"https:\\\/\\\/salonforall.nl\\\/\",\"name\":\"Salon For All\",\"description\":\"Jouw groothandel voor praktijk- &amp; saloninrichting en benodigdheden\",\"publisher\":{\"@id\":\"https:\\\/\\\/salonforall.nl\\\/#organization\"},\"alternateName\":\"salonforall.nl\",\"potentialAction\":[{\"@type\":\"SearchAction\",\"target\":{\"@type\":\"EntryPoint\",\"urlTemplate\":\"https:\\\/\\\/salonforall.nl\\\/?s={search_term_string}\"},\"query-input\":{\"@type\":\"PropertyValueSpecification\",\"valueRequired\":true,\"valueName\":\"search_term_string\"}}],\"inLanguage\":\"fr-BE\"},{\"@type\":\"Organization\",\"@id\":\"https:\\\/\\\/salonforall.nl\\\/#organization\",\"name\":\"Salon For All B.V.\",\"alternateName\":\"Salonforall.nl\",\"url\":\"https:\\\/\\\/salonforall.nl\\\/\",\"logo\":{\"@type\":\"ImageObject\",\"inLanguage\":\"fr-BE\",\"@id\":\"https:\\\/\\\/salonforall.nl\\\/#\\\/schema\\\/logo\\\/image\\\/\",\"url\":\"https:\\\/\\\/salonforall.nl\\\/wp-content\\\/uploads\\\/2025\\\/01\\\/logo-salon-for-all-groothandel-saloninrichting-e1736940477693.png\",\"contentUrl\":\"https:\\\/\\\/salonforall.nl\\\/wp-content\\\/uploads\\\/2025\\\/01\\\/logo-salon-for-all-groothandel-saloninrichting-e1736940477693.png\",\"width\":500,\"height\":125,\"caption\":\"Salon For All B.V.\"},\"image\":{\"@id\":\"https:\\\/\\\/salonforall.nl\\\/#\\\/schema\\\/logo\\\/image\\\/\"},\"description\":\"Salon For All is de groothandel voor praktijk- en saloninrichting en benodigdheden.\",\"email\":\"info@salonforall.com\",\"legalName\":\"Salon For All\",\"numberOfEmployees\":{\"@type\":\"QuantitativeValue\",\"minValue\":\"1\",\"maxValue\":\"10\"},\"hasMerchantReturnPolicy\":{\"@type\":\"MerchantReturnPolicy\",\"merchantReturnLink\":\"https:\\\/\\\/salonforall.nl\\\/fr-be\\\/retourvoorwaarden\\\/\"}}]}<\/script>\n<meta property=\"product:brand\" content=\"NGHIA\" \/>\n<meta property=\"product:price:amount\" content=\"26.38\" \/>\n<meta property=\"product:price:currency\" content=\"EUR\" \/>\n<meta property=\"og:availability\" content=\"instock\" \/>\n<meta property=\"product:availability\" content=\"instock\" \/>\n<meta property=\"product:retailer_item_id\" content=\"148419\" \/>\n<meta property=\"product:condition\" content=\"new\" \/>\n<!-- \/ Yoast SEO Premium plugin. -->","yoast_head_json":{"title":"Pince \u00e0 ongles incarn\u00e9s Nghia export NL.201 14MM","description":"Nghia export ingroeiende nageltang NL.201 14MM koop je online of in de showroom bij Salon For All B.V. NL &amp; BE . De groothandel voor salons, praktijken en spa's in NL en BE.","robots":{"index":"index","follow":"follow","max-snippet":"max-snippet:-1","max-image-preview":"max-image-preview:large","max-video-preview":"max-video-preview:-1"},"canonical":"https:\/\/salonforall.nl\/fr-be\/nghia-export-ingroeiende-nageltang-nl-201-14mm\/","og_locale":"fr_FR","og_type":"article","og_title":"Nghia export ingroeiende nageltang NL.201 14MM","og_description":"Nghia export ingroeiende nageltang NL.201 14MM koop je online of in de showroom bij Salon For All B.V. NL &amp; BE . De groothandel voor salons, praktijken en spa's in NL en BE.","og_url":"https:\/\/salonforall.nl\/fr-be\/nghia-export-ingroeiende-nageltang-nl-201-14mm\/","og_site_name":"Salon For All B.V. NL &amp; BE","article_modified_time":"2026-04-15T03:49:50+00:00","og_image":[{"width":1200,"height":1200,"url":"https:\/\/salonforall.nl\/wp-content\/uploads\/2025\/10\/nghia-export-ingroeiende-nageltang-nl.201-14mm-1.jpg","type":"image\/jpeg"}],"twitter_card":"summary_large_image","twitter_title":"Nghia export ingroeiende nageltang NL.201 14MM","twitter_misc":{"Price":"&nbsp;26,38 excl. btw","Availability":"In stock"},"schema":{"@context":"https:\/\/schema.org","@graph":[{"@type":"WebPage","@id":"https:\/\/salonforall.nl\/nghia-export-ingroeiende-nageltang-nl-201-14mm\/","url":"https:\/\/salonforall.nl\/nghia-export-ingroeiende-nageltang-nl-201-14mm\/","name":"Pince \u00e0 ongles incarn\u00e9s Nghia export NL.201 14MM","isPartOf":{"@id":"https:\/\/salonforall.nl\/#website"},"primaryImageOfPage":{"@id":"https:\/\/salonforall.nl\/nghia-export-ingroeiende-nageltang-nl-201-14mm\/#primaryimage"},"image":{"@id":"https:\/\/salonforall.nl\/nghia-export-ingroeiende-nageltang-nl-201-14mm\/#primaryimage"},"thumbnailUrl":"https:\/\/salonforall.nl\/wp-content\/uploads\/2025\/10\/nghia-export-ingroeiende-nageltang-nl.201-14mm-1.jpg","datePublished":"2025-10-17T10:58:41+00:00","dateModified":"2026-04-15T03:49:50+00:00","description":"Nghia export ingroeiende nageltang NL.201 14MM koop je online of in de showroom bij Salon For All B.V. NL &amp; BE . De groothandel voor salons, praktijken en spa's in NL en BE.","breadcrumb":{"@id":"https:\/\/salonforall.nl\/nghia-export-ingroeiende-nageltang-nl-201-14mm\/#breadcrumb"},"inLanguage":"fr-BE","potentialAction":[{"@type":"ReadAction","target":["https:\/\/salonforall.nl\/nghia-export-ingroeiende-nageltang-nl-201-14mm\/"]}]},{"@type":"ImageObject","inLanguage":"fr-BE","@id":"https:\/\/salonforall.nl\/nghia-export-ingroeiende-nageltang-nl-201-14mm\/#primaryimage","url":"https:\/\/salonforall.nl\/wp-content\/uploads\/2025\/10\/nghia-export-ingroeiende-nageltang-nl.201-14mm-1.jpg","contentUrl":"https:\/\/salonforall.nl\/wp-content\/uploads\/2025\/10\/nghia-export-ingroeiende-nageltang-nl.201-14mm-1.jpg","width":1200,"height":1200,"caption":"Nghia export ingroeiende nageltang NL.201 14MM 1"},{"@type":"BreadcrumbList","@id":"https:\/\/salonforall.nl\/nghia-export-ingroeiende-nageltang-nl-201-14mm\/#breadcrumb","itemListElement":[{"@type":"ListItem","position":1,"name":"Home","item":"https:\/\/salonforall.nl\/"},{"@type":"ListItem","position":2,"name":"Winkel","item":"https:\/\/salonforall.nl\/winkel\/"},{"@type":"ListItem","position":3,"name":"Nghia export ingroeiende nageltang NL.201 14MM"}]},{"@type":"WebSite","@id":"https:\/\/salonforall.nl\/#website","url":"https:\/\/salonforall.nl\/","name":"Salon pour tous","description":"Votre grossiste en mat\u00e9riel et fournitures pour cabinets m\u00e9dicaux et salons de coiffure","publisher":{"@id":"https:\/\/salonforall.nl\/#organization"},"alternateName":"salonforall.nl","potentialAction":[{"@type":"SearchAction","target":{"@type":"EntryPoint","urlTemplate":"https:\/\/salonforall.nl\/?s={search_term_string}"},"query-input":{"@type":"PropertyValueSpecification","valueRequired":true,"valueName":"search_term_string"}}],"inLanguage":"fr-BE"},{"@type":"Organization","@id":"https:\/\/salonforall.nl\/#organization","name":"Salon For All B.V.","alternateName":"Salonforall.nl","url":"https:\/\/salonforall.nl\/","logo":{"@type":"ImageObject","inLanguage":"fr-BE","@id":"https:\/\/salonforall.nl\/#\/schema\/logo\/image\/","url":"https:\/\/salonforall.nl\/wp-content\/uploads\/2025\/01\/logo-salon-for-all-groothandel-saloninrichting-e1736940477693.png","contentUrl":"https:\/\/salonforall.nl\/wp-content\/uploads\/2025\/01\/logo-salon-for-all-groothandel-saloninrichting-e1736940477693.png","width":500,"height":125,"caption":"Salon For All B.V."},"image":{"@id":"https:\/\/salonforall.nl\/#\/schema\/logo\/image\/"},"description":"Salon For All est le grossiste pour l'\u00e9quipement et les fournitures des cabinets et des salons de coiffure.","email":"info@salonforall.com","legalName":"Salon For All","numberOfEmployees":{"@type":"QuantitativeValue","minValue":"1","maxValue":"10"},"hasMerchantReturnPolicy":{"@type":"MerchantReturnPolicy","merchantReturnLink":"https:\/\/salonforall.nl\/fr-be\/retourvoorwaarden\/"}}]},"product_brand":"NGHIA","product_price_amount":"26.38","product_price_currency":"EUR","og_availability":"instock","product_availability":"instock","product_retailer_item_id":"148419","product_condition":"new"},"_links":{"self":[{"href":"https:\/\/salonforall.nl\/fr-be\/wp-json\/wp\/v2\/product\/15908","targetHints":{"allow":["GET"]}}],"collection":[{"href":"https:\/\/salonforall.nl\/fr-be\/wp-json\/wp\/v2\/product"}],"about":[{"href":"https:\/\/salonforall.nl\/fr-be\/wp-json\/wp\/v2\/types\/product"}],"replies":[{"embeddable":true,"href":"https:\/\/salonforall.nl\/fr-be\/wp-json\/wp\/v2\/comments?post=15908"}],"wp:featuredmedia":[{"embeddable":true,"href":"https:\/\/salonforall.nl\/fr-be\/wp-json\/wp\/v2\/media\/15909"}],"wp:attachment":[{"href":"https:\/\/salonforall.nl\/fr-be\/wp-json\/wp\/v2\/media?parent=15908"}],"wp:term":[{"taxonomy":"product_brand","embeddable":true,"href":"https:\/\/salonforall.nl\/fr-be\/wp-json\/wp\/v2\/product_brand?post=15908"},{"taxonomy":"product_cat","embeddable":true,"href":"https:\/\/salonforall.nl\/fr-be\/wp-json\/wp\/v2\/product_cat?post=15908"},{"taxonomy":"product_tag","embeddable":true,"href":"https:\/\/salonforall.nl\/fr-be\/wp-json\/wp\/v2\/product_tag?post=15908"}],"curies":[{"name":"wp","href":"https:\/\/api.w.org\/{rel}","templated":true}]}}