{"id":20156,"date":"2025-12-18T17:02:34","date_gmt":"2025-12-18T16:02:34","guid":{"rendered":"https:\/\/salonforall.nl\/nghia-export-nagelriemtang-c-114\/"},"modified":"2026-04-15T12:04:11","modified_gmt":"2026-04-15T11:04:11","slug":"nghia-export-pince-a-cuticules-c-114","status":"publish","type":"product","link":"https:\/\/salonforall.nl\/fr-be\/nghia-export-nagelriemtang-c-114\/","title":{"rendered":"Nghia Export Pince \u00e0 cuticules C-114"},"content":{"rendered":"<h2>Informations sur les <strong>Nghia Export Pince \u00e0 cuticules C-114 pour usage professionnel<\/strong><\/h2>\n<p><strong>NGHIA<\/strong> propose des produits en acier inoxydable, notamment des outils de manucure professionnels, qui am\u00e9liorent consid\u00e9rablement la vie quotidienne des consommateurs de produits de beaut\u00e9. La marque vise \u00e0 r\u00e9pondre efficacement aux besoins des consommateurs en offrant des produits de la plus haute qualit\u00e9.<\/p>\n<p><img decoding=\"async\" src=\"https:\/\/activeshop.com.pl\/media\/wysiwyg\/product\/155518\/EN_155518_01.jpg\" \/><\/p>\n<h2>Des outils de pr\u00e9cision pour des ongles parfaits<\/h2>\n<p>Le<strong>NGHIA Export C-114<\/strong> professionnel<strong> coupe-ongles<\/strong> sont fabriqu\u00e9s en acier au carbone de haute qualit\u00e9, ce qui les rend pratiques et durables. Ils sont parfaits pour les manucures et les p\u00e9dicures, en particulier pour couper les cuticules.<\/strong> Les pinces conviennent \u00e0 la d\u00e9sinfection \u00e0 basse temp\u00e9rature.<\/p>\n<p><img decoding=\"async\" src=\"https:\/\/activeshop.com.pl\/media\/wysiwyg\/product\/155518\/EN_155518_02.jpg\" \/><\/p>\n<h2>Solutions pour un confort de travail \u00e9lev\u00e9<\/h2>\n<p><strong>Un seul ressort<\/strong> relie les bras du coupe-ongles, ce qui permet d'obtenir une <strong>bon sentiment<\/strong> et une coupe pr\u00e9cise<\/strong>. La conception minutieuse du ressort garantit une <strong>fonctionnement pratique<\/strong>. La forme et la taille des branches permettent \u00e0 la pince de tenir fermement dans la main, ce qui lui conf\u00e8re une grande stabilit\u00e9. <strong>utilisation confortable<\/strong> garanties. La finition mate conf\u00e8re \u00e0 la pince un aspect \u00e9l\u00e9gant et la surface chrom\u00e9e augmente la durabilit\u00e9 et rend la pince plus r\u00e9sistante. <strong>facile \u00e0 nettoyer<\/strong>. Cette pince est donc l'outil id\u00e9al pour les professionnels et les particuliers. <\/p>\n<p><img decoding=\"async\" src=\"https:\/\/activeshop.com.pl\/media\/wysiwyg\/product\/155518\/EN_155518_03.jpg\" \/><\/p>\n<h2>Des lames parfaitement form\u00e9es<\/h2>\n<p><strong>Les lames de 8 mm de long<\/strong> sont parfaits pour les traitements de manucure pr\u00e9cis. Le profil biseaut\u00e9 et la taille ad\u00e9quate facilitent la r\u00e9alisation de traitements pr\u00e9cis. Les m\u00e2choires de la pince sont reli\u00e9es par un joint chevauchant, ce qui les rend parfaitement en contact pendant l'utilisation et garantit une coupe pr\u00e9cise.<\/strong> La pince est munie d'un capuchon de protection assorti en plastique durable.<\/p>\n<h2>Entretien :<\/h2>\n<p>- Apr\u00e8s utilisation, \u00e9liminer les cuticules, la poussi\u00e8re et les r\u00e9sidus d'ongles avec de l'ac\u00e9tone ;<br \/>- Immerger l'outil dans un liquide d\u00e9sinfectant ;<br \/>- Lubrifiez l'int\u00e9rieur de la lame avec de l'huile pour machine ;<br \/>- Installez un couvercle de protection pour \u00e9viter d'endommager l'outil ;<br \/>- Ne posez jamais la pince avec la lame vers le bas ;<br \/>- La pince doit toujours \u00eatre rang\u00e9e \u00e0 l'horizontale.<br \/><strong>Remarque.<\/strong> Conserver dans un endroit sec et s\u00fbr. Tenir hors de port\u00e9e des enfants.<\/p>\n<p><strong>Sp\u00e9cifications<\/strong>:<br \/>Longueur de la lame : 8 mm<br \/>Longueur totale de la pince : 10,5 cm<br \/>Mat\u00e9riau : acier au carbone<\/p>\n<p>Les produits d'Activeshop sont comparativement moins chers que ceux de beaucoup d'autres marques\/vendeurs. Le prix est proportionnel \u00e0 la qualit\u00e9. La pince \u00e0 cuticules Nghia Export C-114 est donc une solution \u00e9conomique pour votre salon.<\/p>\n<h2>Comment la pince \u00e0 cuticules Nghia Export C-114 est-elle livr\u00e9e ?<\/h2>\n<p>Le <strong>Nghia Export Pince \u00e0 cuticules C-114 <\/strong>seront livr\u00e9s dans leur(s) emballage(s) d'origine. Pour les Pays-Bas et la Belgique, l'envoi de la pince \u00e0 cuticules Nghia Export C-114 est gratuit \u00e0 partir d'une commande de \u20ac100,-. Pour les envois vers d'autres pays, des tarifs d'exp\u00e9dition distincts s'appliquent. Vous pouvez nous demander ces tarifs ou les trouver dans le panier d'achat. La pince \u00e0 cuticules Nghia Export C-114 sera exp\u00e9di\u00e9e par un transporteur externe.<\/p>\n<p>Nous livrons les colis ou les palettes jusqu'au seuil de la porte d'entr\u00e9e c\u00f4t\u00e9 rue en standard, m\u00eame si vous vous trouvez dans un immeuble collectif, un immeuble d'appartements ou un immeuble \u00e0 appartements avec ascenseur.<\/p>\n<p>Vous avez encore des questions concernant la livraison ou une situation particuli\u00e8re ? Contactez-nous et nous nous ferons un plaisir de vous aider !<\/p>\n<p><em>*Les articles ne sont pas d\u00e9ball\u00e9s ou assembl\u00e9s par d\u00e9faut. Dans des situations particuli\u00e8res, veuillez nous contacter pour prendre des dispositions.<\/em><\/p>\n<h2>Commande en ligne s\u00e9curis\u00e9e chez Salon For All avec la marque Webwinkelkeur et la s\u00e9curit\u00e9 SSL<\/h2>\n<p>Il est important pour nous que nos clients puissent faire leurs achats en ligne en toute s\u00e9curit\u00e9. Depuis 2019, nous avons adh\u00e9r\u00e9 au label de qualit\u00e9 national Webwinkelkeur. Notre identit\u00e9 a \u00e9t\u00e9 contr\u00f4l\u00e9e, v\u00e9rifi\u00e9e par eux et la boutique en ligne a \u00e9t\u00e9 l\u00e9galement v\u00e9rifi\u00e9e et approuv\u00e9e. En outre, notre boutique en ligne est affili\u00e9e \u00e0 eux pour la m\u00e9diation des litiges. Vous verrez le badge avec toutes les informations de ce Webwinkelkeurmerk sur le c\u00f4t\u00e9 gauche ou droit de la boutique en ligne (rose avec bouton blanc). Notre site est \u00e9galement s\u00e9curis\u00e9 par un certificat SSL, ce qui vous permet de naviguer en toute s\u00e9curit\u00e9. Dans la barre de votre navigateur Internet, \u00e0 l'endroit o\u00f9 notre site web est mentionn\u00e9, vous verrez un cadenas. Si vous cliquez sur le cadenas, vous obtiendrez toutes les informations relatives \u00e0 notre s\u00e9curit\u00e9. Cela vous permet de savoir que votre commande de coupe-ongles Nghia Export C-114 et vos donn\u00e9es personnelles sont trait\u00e9es en toute s\u00e9curit\u00e9.<\/p>\n<h2>Comment puis-je acheter la Pince \u00e0 cuticules Nghia Export C-114 ?<\/h2>\n<p>Nous souhaitons vous faciliter la t\u00e2che au maximum. C'est pourquoi, chez Salon For All, vous pouvez payer avec tous les moyens de paiement connus et courants. Payer \u00e0 l'avance, \u00e0 la livraison ou apr\u00e8s coup, tout est possible. Voyez ici quels sont les modes de paiement que nous proposons<br \/>\noffre :<\/p>\n<ul>\n<li>Id\u00e9al<\/li>\n<li>Klarna - Post-paiement sur facture<\/li>\n<li>Bancontact (uniquement pour les clients belges)<\/li>\n<li>Payin3 - Payez en 3 fois avec un taux d'int\u00e9r\u00eat de 0% (uniquement pour les clients n\u00e9erlandais)<\/li>\n<li>Paypal<\/li>\n<li>Carte de cr\u00e9dit<\/li>\n<li>Apple pay<\/li>\n<li>Facture commerciale pour les entreprises<\/li>\n<li>Paiement dans la salle d'exposition - par carte bancaire ou en esp\u00e8ces (disponible uniquement lors de l'enl\u00e8vement)<\/li>\n<\/ul>\n<h2>Consultez \u00e9galement les avis sur Salon For ALL<\/h2>\n<p>Consultez \u00e9galement nos avis pour prendre en compte l'exp\u00e9rience de nos clients actuels dans votre d\u00e9cision de commander la Pince \u00e0 cuticules Nghia Export C-114 chez nous. Gr\u00e2ce \u00e0 notre label ind\u00e9pendant Webwinkelkeur, nous recueillons automatiquement les avis v\u00e9rifi\u00e9s des clients qui ont pass\u00e9 commande chez nous. Ceux-ci se trouvent derri\u00e8re le bouton rose de notre boutique en ligne ou sont list\u00e9s sous les produits.<\/p>\n<p>Apr\u00e8s votre achat, partagez aussi votre exp\u00e9rience avec la Pince \u00e0 cuticules Nghia Export C-114 que vous avez command\u00e9e et votre exp\u00e9rience avec le processus d'achat ou contactez Salon For All pour inspirer d'autres personnes !<\/p>\n<h2>Contacter le Salon pour tous<\/h2>\n<p>Si c'est le cas, veuillez nous contacter. Nous serons heureux de vous aider \u00e0 acheter la Pince \u00e0 cuticules Nghia Export C-114. En semaine, vous pouvez nous joindre de 8h30 \u00e0 17h au num\u00e9ro de t\u00e9l\u00e9phone et \u00e0 l'adresse e-mail indiqu\u00e9s en haut de la boutique en ligne ou par le biais de la fonction \"chat\". En dehors des heures de bureau, nous r\u00e9pondons g\u00e9n\u00e9ralement aux questions dans les 24 heures. Il est \u00e9galement possible de nous rendre visite en dehors des jours ouvrables ou des heures de bureau. Il faut alors prendre rendez-vous \u00e0 l'avance.<\/p>\n<h2>Vous souhaitez visiter notre salle d'exposition ?<\/h2>\n<p>Vous pr\u00e9f\u00e9rez voir la pince \u00e0 cuticules Nghia Export C-114 ou vous promener dans notre boutique (en ligne) avec notre coll\u00e8gue ? Dans ce cas, passez dans notre salle d'exposition, qui compte plus de 1 000 m2 d'\u00e9quipements de salon, et laissez-vous inspirer par notre personnel. M\u00eame si vous aimez discuter autour d'une bonne tasse de caf\u00e9 ou de th\u00e9, vous \u00eates le bienvenu. Nous ne disposons pas de tous les produits en exposition, veuillez donc nous pr\u00e9venir \u00e0 l'avance si vous souhaitez venir. Prenez toujours rendez-vous \u00e0 l'avance.<\/p>\n<h2>D\u00e9lai de r\u00e9flexion de 14 jours et politique de retour<\/h2>\n<p>Bien entendu, il peut arriver que la pince \u00e0 cuticules Nghia Export C-114 livr\u00e9e ne vous convienne pas enti\u00e8rement et que vous souhaitiez la renvoyer. Cela ne pose aucun probl\u00e8me \u00e0 Salon For All. Vous devez enregistrer votre retour dans les 14 jours ouvrables via <a href=\"mailto:info@salonforall.nl\">info@salonforall.nl<\/a> . Vous recevrez alors les premi\u00e8res instructions et conditions de retour. Veuillez noter que la pince \u00e0 cuticules Nghia Export C-114 ne doit pas avoir \u00e9t\u00e9 utilis\u00e9e, doit contenir toutes les pi\u00e8ces incluses et doit \u00eatre renvoy\u00e9e dans son emballage d'origine. Les frais d'exp\u00e9dition d'un retour sont toujours \u00e0 la charge de l'acheteur lors d'un achat via www.salonforall.nl. Vous devez organiser votre propre transport pour un retour avec un transporteur de votre choix. Une fois le coupe-ongles Nghia Export C-114 renvoy\u00e9, il sera v\u00e9rifi\u00e9 qu'il est complet et qu'il n'a pas \u00e9t\u00e9 endommag\u00e9. Une fois le retour approuv\u00e9, le montant de l'achat sera rembours\u00e9 sur le num\u00e9ro de compte dont nous avons connaissance dans les 5 jours ouvrables.<\/p>\n<h2>Qui est Salon For All ?<\/h2>\n<p>Salon For all est le grossiste pour tout \u00e9quipement de salon en Europe. Salon For All a d\u00e9marr\u00e9 en 2003 sous le nom de Salonvoordeel et est n\u00e9 de la pratique. Les propri\u00e9taires de Salon For All \u00e9taient des coiffeurs et des esth\u00e9ticiennes exp\u00e9riment\u00e9s et ont ensemble plus de 30 ans d'exp\u00e9rience pratique. Nous avons lanc\u00e9 Salonvoordeel.nl (Pays-Bas) en 2003, puis Salon For All a \u00e9t\u00e9 cr\u00e9\u00e9 pour le march\u00e9 europ\u00e9en. Un certain nombre de nos employ\u00e9s ont cr\u00e9\u00e9 leur propre entreprise et l'id\u00e9e est n\u00e9e de lancer une boutique en ligne fonctionnelle pour les coiffeurs et de les aider \u00e0 am\u00e9nager leur salon. Gr\u00e2ce \u00e0 nos ann\u00e9es d'exp\u00e9rience dans le secteur, nous pouvons vous tendre un miroir et vous donner les bons conseils. Nous parlons le m\u00eame langage ! Nous vous conseillons, nous vous inspirons, nous vous motivons et nous vous aidons \u00e0 acheter une boutique en ligne. <em>Nghia Export Pince \u00e0 cuticules C-114<\/em>. Nos fournisseurs sont r\u00e9partis dans toute l'Europe, de l'Allemagne \u00e0 la Pologne en passant par l'Angleterre et l'Italie.<\/p>","protected":false},"excerpt":{"rendered":"<p>La pince \u00e0 cuticules Nghia Export C-114 est une solution abordable pour tout cabinet professionnel ou salon de coiffure. Le d\u00e9lai de livraison est d'environ 6 jours ouvrables.<\/p>","protected":false},"featured_media":20157,"comment_status":"open","ping_status":"open","template":"","meta":[],"product_brand":[2347],"product_cat":[22],"product_tag":[],"class_list":{"0":"post-20156","1":"product","2":"type-product","3":"status-publish","4":"has-post-thumbnail","6":"product_brand-nghia","7":"product_cat-accessories","8":"pa_artikelnummer-2992","9":"pa_ean-code-2993","10":"pa_garantie-periode-12-maanden","11":"pa_gewicht-650-kg","12":"pa_kwaliteit-middensegment","13":"pa_levertijd-3-6-werkdagen","14":"pa_merk-nghia","16":"first","17":"instock","18":"sale","19":"taxable","20":"shipping-taxable","21":"purchasable","22":"product-type-simple"},"yoast_head":"<!-- This site is optimized with the Yoast SEO Premium plugin v27.4 (Yoast SEO v27.4) - https:\/\/yoast.com\/product\/yoast-seo-premium-wordpress\/ -->\n<title>Nghia Export Nagelriemtang C-114<\/title>\n<meta name=\"description\" content=\"Nghia Export Nagelriemtang C-114 koop je online of in de showroom bij Salon For All B.V. NL &amp; BE . De groothandel voor salons, praktijken en spa&#039;s in NL en BE.\" \/>\n<meta name=\"robots\" content=\"index, follow, max-snippet:-1, max-image-preview:large, max-video-preview:-1\" \/>\n<link rel=\"canonical\" href=\"https:\/\/salonforall.nl\/fr-be\/nghia-export-pince-a-cuticules-c-114\/\" \/>\n<meta property=\"og:locale\" content=\"fr_FR\" \/>\n<meta property=\"og:type\" content=\"article\" \/>\n<meta property=\"og:title\" content=\"Nghia Export Nagelriemtang C-114\" \/>\n<meta property=\"og:description\" content=\"Nghia Export Nagelriemtang C-114 koop je online of in de showroom bij Salon For All B.V. NL &amp; BE . De groothandel voor salons, praktijken en spa&#039;s in NL en BE.\" \/>\n<meta property=\"og:url\" content=\"https:\/\/salonforall.nl\/fr-be\/nghia-export-pince-a-cuticules-c-114\/\" \/>\n<meta property=\"og:site_name\" content=\"Salon For All B.V. NL &amp; BE\" \/>\n<meta property=\"article:modified_time\" content=\"2026-04-15T11:04:11+00:00\" \/>\n<meta property=\"og:image\" content=\"https:\/\/salonforall.nl\/wp-content\/uploads\/2025\/12\/nghia-export-nagelriemtang-c-114-1.jpg\" \/>\n\t<meta property=\"og:image:width\" content=\"1200\" \/>\n\t<meta property=\"og:image:height\" content=\"1200\" \/>\n\t<meta property=\"og:image:type\" content=\"image\/jpeg\" \/>\n<meta name=\"twitter:card\" content=\"summary_large_image\" \/>\n<meta name=\"twitter:title\" content=\"Nghia Export Nagelriemtang C-114\" \/>\n<meta name=\"twitter:label1\" content=\"Price\" \/>\n\t<meta name=\"twitter:data1\" content=\"&nbsp;11,79 excl. btw\" \/>\n\t<meta name=\"twitter:label2\" content=\"Availability\" \/>\n\t<meta name=\"twitter:data2\" content=\"In stock\" \/>\n<script type=\"application\/ld+json\" class=\"yoast-schema-graph\">{\"@context\":\"https:\\\/\\\/schema.org\",\"@graph\":[{\"@type\":\"WebPage\",\"@id\":\"https:\\\/\\\/salonforall.nl\\\/nghia-export-nagelriemtang-c-114\\\/\",\"url\":\"https:\\\/\\\/salonforall.nl\\\/nghia-export-nagelriemtang-c-114\\\/\",\"name\":\"Nghia Export Nagelriemtang C-114\",\"isPartOf\":{\"@id\":\"https:\\\/\\\/salonforall.nl\\\/#website\"},\"primaryImageOfPage\":{\"@id\":\"https:\\\/\\\/salonforall.nl\\\/nghia-export-nagelriemtang-c-114\\\/#primaryimage\"},\"image\":{\"@id\":\"https:\\\/\\\/salonforall.nl\\\/nghia-export-nagelriemtang-c-114\\\/#primaryimage\"},\"thumbnailUrl\":\"https:\\\/\\\/salonforall.nl\\\/wp-content\\\/uploads\\\/2025\\\/12\\\/nghia-export-nagelriemtang-c-114-1.jpg\",\"datePublished\":\"2025-12-18T16:02:34+00:00\",\"dateModified\":\"2026-04-15T11:04:11+00:00\",\"description\":\"Nghia Export Nagelriemtang C-114 koop je online of in de showroom bij Salon For All B.V. NL &amp; BE . De groothandel voor salons, praktijken en spa's in NL en BE.\",\"breadcrumb\":{\"@id\":\"https:\\\/\\\/salonforall.nl\\\/nghia-export-nagelriemtang-c-114\\\/#breadcrumb\"},\"inLanguage\":\"fr-BE\",\"potentialAction\":[{\"@type\":\"ReadAction\",\"target\":[\"https:\\\/\\\/salonforall.nl\\\/nghia-export-nagelriemtang-c-114\\\/\"]}]},{\"@type\":\"ImageObject\",\"inLanguage\":\"fr-BE\",\"@id\":\"https:\\\/\\\/salonforall.nl\\\/nghia-export-nagelriemtang-c-114\\\/#primaryimage\",\"url\":\"https:\\\/\\\/salonforall.nl\\\/wp-content\\\/uploads\\\/2025\\\/12\\\/nghia-export-nagelriemtang-c-114-1.jpg\",\"contentUrl\":\"https:\\\/\\\/salonforall.nl\\\/wp-content\\\/uploads\\\/2025\\\/12\\\/nghia-export-nagelriemtang-c-114-1.jpg\",\"width\":1200,\"height\":1200,\"caption\":\"Nghia Export Nagelriemtang C-114 1\"},{\"@type\":\"BreadcrumbList\",\"@id\":\"https:\\\/\\\/salonforall.nl\\\/nghia-export-nagelriemtang-c-114\\\/#breadcrumb\",\"itemListElement\":[{\"@type\":\"ListItem\",\"position\":1,\"name\":\"Home\",\"item\":\"https:\\\/\\\/salonforall.nl\\\/\"},{\"@type\":\"ListItem\",\"position\":2,\"name\":\"Winkel\",\"item\":\"https:\\\/\\\/salonforall.nl\\\/winkel\\\/\"},{\"@type\":\"ListItem\",\"position\":3,\"name\":\"Nghia Export Nagelriemtang C-114\"}]},{\"@type\":\"WebSite\",\"@id\":\"https:\\\/\\\/salonforall.nl\\\/#website\",\"url\":\"https:\\\/\\\/salonforall.nl\\\/\",\"name\":\"Salon For All\",\"description\":\"Jouw groothandel voor praktijk- &amp; saloninrichting en benodigdheden\",\"publisher\":{\"@id\":\"https:\\\/\\\/salonforall.nl\\\/#organization\"},\"alternateName\":\"salonforall.nl\",\"potentialAction\":[{\"@type\":\"SearchAction\",\"target\":{\"@type\":\"EntryPoint\",\"urlTemplate\":\"https:\\\/\\\/salonforall.nl\\\/?s={search_term_string}\"},\"query-input\":{\"@type\":\"PropertyValueSpecification\",\"valueRequired\":true,\"valueName\":\"search_term_string\"}}],\"inLanguage\":\"fr-BE\"},{\"@type\":\"Organization\",\"@id\":\"https:\\\/\\\/salonforall.nl\\\/#organization\",\"name\":\"Salon For All B.V.\",\"alternateName\":\"Salonforall.nl\",\"url\":\"https:\\\/\\\/salonforall.nl\\\/\",\"logo\":{\"@type\":\"ImageObject\",\"inLanguage\":\"fr-BE\",\"@id\":\"https:\\\/\\\/salonforall.nl\\\/#\\\/schema\\\/logo\\\/image\\\/\",\"url\":\"https:\\\/\\\/salonforall.nl\\\/wp-content\\\/uploads\\\/2025\\\/01\\\/logo-salon-for-all-groothandel-saloninrichting-e1736940477693.png\",\"contentUrl\":\"https:\\\/\\\/salonforall.nl\\\/wp-content\\\/uploads\\\/2025\\\/01\\\/logo-salon-for-all-groothandel-saloninrichting-e1736940477693.png\",\"width\":500,\"height\":125,\"caption\":\"Salon For All B.V.\"},\"image\":{\"@id\":\"https:\\\/\\\/salonforall.nl\\\/#\\\/schema\\\/logo\\\/image\\\/\"},\"description\":\"Salon For All is de groothandel voor praktijk- en saloninrichting en benodigdheden.\",\"email\":\"info@salonforall.com\",\"legalName\":\"Salon For All\",\"numberOfEmployees\":{\"@type\":\"QuantitativeValue\",\"minValue\":\"1\",\"maxValue\":\"10\"},\"hasMerchantReturnPolicy\":{\"@type\":\"MerchantReturnPolicy\",\"merchantReturnLink\":\"https:\\\/\\\/salonforall.nl\\\/fr-be\\\/retourvoorwaarden\\\/\"}}]}<\/script>\n<meta property=\"product:brand\" content=\"NGHIA\" \/>\n<meta property=\"product:price:amount\" content=\"11.79\" \/>\n<meta property=\"product:price:currency\" content=\"EUR\" \/>\n<meta property=\"og:availability\" content=\"instock\" \/>\n<meta property=\"product:availability\" content=\"instock\" \/>\n<meta property=\"product:retailer_item_id\" content=\"155518\" \/>\n<meta property=\"product:condition\" content=\"new\" \/>\n<!-- \/ Yoast SEO Premium plugin. -->","yoast_head_json":{"title":"Nghia Export Pince \u00e0 cuticules C-114","description":"Nghia Export Cuticle Pliers C-114 acheter en ligne ou au showroom de Salon For All B.V. NL &amp; BE . Le grossiste pour les salons, les cabinets et les spas aux Pays-Bas et en Belgique.","robots":{"index":"index","follow":"follow","max-snippet":"max-snippet:-1","max-image-preview":"max-image-preview:large","max-video-preview":"max-video-preview:-1"},"canonical":"https:\/\/salonforall.nl\/fr-be\/nghia-export-pince-a-cuticules-c-114\/","og_locale":"fr_FR","og_type":"article","og_title":"Nghia Export Nagelriemtang C-114","og_description":"Nghia Export Nagelriemtang C-114 koop je online of in de showroom bij Salon For All B.V. NL &amp; BE . De groothandel voor salons, praktijken en spa's in NL en BE.","og_url":"https:\/\/salonforall.nl\/fr-be\/nghia-export-pince-a-cuticules-c-114\/","og_site_name":"Salon For All B.V. NL &amp; BE","article_modified_time":"2026-04-15T11:04:11+00:00","og_image":[{"width":1200,"height":1200,"url":"https:\/\/salonforall.nl\/wp-content\/uploads\/2025\/12\/nghia-export-nagelriemtang-c-114-1.jpg","type":"image\/jpeg"}],"twitter_card":"summary_large_image","twitter_title":"Nghia Export Nagelriemtang C-114","twitter_misc":{"Price":"&nbsp;11,79 excl. btw","Availability":"In stock"},"schema":{"@context":"https:\/\/schema.org","@graph":[{"@type":"WebPage","@id":"https:\/\/salonforall.nl\/nghia-export-nagelriemtang-c-114\/","url":"https:\/\/salonforall.nl\/nghia-export-nagelriemtang-c-114\/","name":"Nghia Export Pince \u00e0 cuticules C-114","isPartOf":{"@id":"https:\/\/salonforall.nl\/#website"},"primaryImageOfPage":{"@id":"https:\/\/salonforall.nl\/nghia-export-nagelriemtang-c-114\/#primaryimage"},"image":{"@id":"https:\/\/salonforall.nl\/nghia-export-nagelriemtang-c-114\/#primaryimage"},"thumbnailUrl":"https:\/\/salonforall.nl\/wp-content\/uploads\/2025\/12\/nghia-export-nagelriemtang-c-114-1.jpg","datePublished":"2025-12-18T16:02:34+00:00","dateModified":"2026-04-15T11:04:11+00:00","description":"Nghia Export Cuticle Pliers C-114 acheter en ligne ou au showroom de Salon For All B.V. NL &amp; BE . Le grossiste pour les salons, les cabinets et les spas aux Pays-Bas et en Belgique.","breadcrumb":{"@id":"https:\/\/salonforall.nl\/nghia-export-nagelriemtang-c-114\/#breadcrumb"},"inLanguage":"fr-BE","potentialAction":[{"@type":"ReadAction","target":["https:\/\/salonforall.nl\/nghia-export-nagelriemtang-c-114\/"]}]},{"@type":"ImageObject","inLanguage":"fr-BE","@id":"https:\/\/salonforall.nl\/nghia-export-nagelriemtang-c-114\/#primaryimage","url":"https:\/\/salonforall.nl\/wp-content\/uploads\/2025\/12\/nghia-export-nagelriemtang-c-114-1.jpg","contentUrl":"https:\/\/salonforall.nl\/wp-content\/uploads\/2025\/12\/nghia-export-nagelriemtang-c-114-1.jpg","width":1200,"height":1200,"caption":"Nghia Export Nagelriemtang C-114 1"},{"@type":"BreadcrumbList","@id":"https:\/\/salonforall.nl\/nghia-export-nagelriemtang-c-114\/#breadcrumb","itemListElement":[{"@type":"ListItem","position":1,"name":"Home","item":"https:\/\/salonforall.nl\/"},{"@type":"ListItem","position":2,"name":"Winkel","item":"https:\/\/salonforall.nl\/winkel\/"},{"@type":"ListItem","position":3,"name":"Nghia Export Nagelriemtang C-114"}]},{"@type":"WebSite","@id":"https:\/\/salonforall.nl\/#website","url":"https:\/\/salonforall.nl\/","name":"Salon pour tous","description":"Votre grossiste en mat\u00e9riel et fournitures pour cabinets m\u00e9dicaux et salons de coiffure","publisher":{"@id":"https:\/\/salonforall.nl\/#organization"},"alternateName":"salonforall.nl","potentialAction":[{"@type":"SearchAction","target":{"@type":"EntryPoint","urlTemplate":"https:\/\/salonforall.nl\/?s={search_term_string}"},"query-input":{"@type":"PropertyValueSpecification","valueRequired":true,"valueName":"search_term_string"}}],"inLanguage":"fr-BE"},{"@type":"Organization","@id":"https:\/\/salonforall.nl\/#organization","name":"Salon For All B.V.","alternateName":"Salonforall.nl","url":"https:\/\/salonforall.nl\/","logo":{"@type":"ImageObject","inLanguage":"fr-BE","@id":"https:\/\/salonforall.nl\/#\/schema\/logo\/image\/","url":"https:\/\/salonforall.nl\/wp-content\/uploads\/2025\/01\/logo-salon-for-all-groothandel-saloninrichting-e1736940477693.png","contentUrl":"https:\/\/salonforall.nl\/wp-content\/uploads\/2025\/01\/logo-salon-for-all-groothandel-saloninrichting-e1736940477693.png","width":500,"height":125,"caption":"Salon For All B.V."},"image":{"@id":"https:\/\/salonforall.nl\/#\/schema\/logo\/image\/"},"description":"Salon For All est le grossiste pour l'\u00e9quipement et les fournitures des cabinets et des salons de coiffure.","email":"info@salonforall.com","legalName":"Salon For All","numberOfEmployees":{"@type":"QuantitativeValue","minValue":"1","maxValue":"10"},"hasMerchantReturnPolicy":{"@type":"MerchantReturnPolicy","merchantReturnLink":"https:\/\/salonforall.nl\/fr-be\/retourvoorwaarden\/"}}]},"product_brand":"NGHIA","product_price_amount":"11.79","product_price_currency":"EUR","og_availability":"instock","product_availability":"instock","product_retailer_item_id":"155518","product_condition":"new"},"_links":{"self":[{"href":"https:\/\/salonforall.nl\/fr-be\/wp-json\/wp\/v2\/product\/20156","targetHints":{"allow":["GET"]}}],"collection":[{"href":"https:\/\/salonforall.nl\/fr-be\/wp-json\/wp\/v2\/product"}],"about":[{"href":"https:\/\/salonforall.nl\/fr-be\/wp-json\/wp\/v2\/types\/product"}],"replies":[{"embeddable":true,"href":"https:\/\/salonforall.nl\/fr-be\/wp-json\/wp\/v2\/comments?post=20156"}],"wp:featuredmedia":[{"embeddable":true,"href":"https:\/\/salonforall.nl\/fr-be\/wp-json\/wp\/v2\/media\/20157"}],"wp:attachment":[{"href":"https:\/\/salonforall.nl\/fr-be\/wp-json\/wp\/v2\/media?parent=20156"}],"wp:term":[{"taxonomy":"product_brand","embeddable":true,"href":"https:\/\/salonforall.nl\/fr-be\/wp-json\/wp\/v2\/product_brand?post=20156"},{"taxonomy":"product_cat","embeddable":true,"href":"https:\/\/salonforall.nl\/fr-be\/wp-json\/wp\/v2\/product_cat?post=20156"},{"taxonomy":"product_tag","embeddable":true,"href":"https:\/\/salonforall.nl\/fr-be\/wp-json\/wp\/v2\/product_tag?post=20156"}],"curies":[{"name":"wp","href":"https:\/\/api.w.org\/{rel}","templated":true}]}}