{"id":20839,"date":"2026-01-26T20:39:43","date_gmt":"2026-01-26T19:39:43","guid":{"rendered":"https:\/\/salonforall.nl\/gabbiano-visionerio-barberstoel-met-rood-chromen-frame\/"},"modified":"2026-04-12T22:50:19","modified_gmt":"2026-04-12T21:50:19","slug":"gabbiano-visionerio-barberstoel-met-rood-chromen-frame","status":"publish","type":"product","link":"https:\/\/salonforall.nl\/fr-be\/gabbiano-visionerio-barberstoel-met-rood-chromen-frame\/","title":{"rendered":"Gabbiano Visionerio barberstoel met rood chromen frame"},"content":{"rendered":"<h2>Informations sur les <strong>Gabbiano Visionerio barberstoel met rood chromen frame voor professioneel gebruik<\/strong><\/h2>\n<p><img decoding=\"async\" src=\"https:\/\/activeshop.com.pl\/media\/wysiwyg\/product\/155244\/EN_155244_01.jpg\"><\/p>\n<p><strong>Gabbiano<\/strong> is een luxe merk voor kappersbenodigdheden en -meubelen, dat zich onderscheidt door zijn betrouwbaarheid, kwaliteit, esthetische afwerking en hoog gebruiksgemak. Het biedt een ruime keuze aan functionele salonapparatuur, zoals stoelen, wasbakken en infraroodzones.<\/p>\n<p><img decoding=\"async\" src=\"https:\/\/activeshop.com.pl\/media\/wysiwyg\/product\/155244\/EN_155244_02.jpg\"><\/p>\n<h2>Fauteuil de barbier \u00e9l\u00e9gant<\/h2>\n<p><strong>Le fauteuil de style Gabbiano Visionerio<\/strong> est un meuble fonctionnel et \u00e9l\u00e9gant, \u00e9quip\u00e9 d'un \u00e9l\u00e9vateur hydraulique solide et d'un dossier et d'un repose-pieds r\u00e9glables.<\/strong> Gr\u00e2ce aux nombreuses possibilit\u00e9s de r\u00e9glage, vous pouvez facilement ajuster la position en fonction du type de traitement, ce qui am\u00e9liore consid\u00e9rablement le confort du client et du praticien. Des d\u00e9tails soign\u00e9s et une finition \u00e9l\u00e9gante font de ce fauteuil un \u00e9l\u00e9ment marquant de l'int\u00e9rieur, alliant parfaitement esth\u00e9tique et ergonomie. <\/p>\n<p><img decoding=\"async\" src=\"https:\/\/activeshop.com.pl\/media\/wysiwyg\/product\/155244\/EN_155244_03.jpg\"><\/p>\n<h2>Large plage de r\u00e9glage<\/h2>\n<p>Un \u00e9l\u00e9vateur hydraulique efficace permet de r\u00e9gler librement la hauteur du si\u00e8ge dans une plage de 55 \u00e0 72 cm, m\u00eame lorsque le client est d\u00e9j\u00e0 assis dans le fauteuil. Le fauteuil peut ainsi \u00eatre ajust\u00e9 de mani\u00e8re ergonomique \u00e0 la taille du client et aux pr\u00e9f\u00e9rences du praticien.<\/p>\n<p> Le dossier et le repose-pieds r\u00e9glables permettent de placer le client dans une position semi-allong\u00e9e confortable, ce qui facilite l'acc\u00e8s \u00e0 la zone de traitement lors de traitements plus pr\u00e9cis. Un appui-t\u00eate extensible assure un soutien suppl\u00e9mentaire et une stabilit\u00e9 de la t\u00eate. <\/p>\n<p><img decoding=\"async\" src=\"https:\/\/activeshop.com.pl\/media\/wysiwyg\/product\/155244\/EN_155244_04.jpg\"><\/p>\n<h2>Caract\u00e9ristiques de confort<\/h2>\n<p>Le si\u00e8ge en mousse souple offre un niveau \u00e9lev\u00e9 de confort au client, m\u00eame pendant les traitements plus longs. Le dossier ergonomique soutient le dos et assure une posture confortable, ce qui favorise la relaxation et une meilleure exp\u00e9rience de traitement. Le m\u00e9canisme enti\u00e8rement rotatif du fauteuil accro\u00eet la libert\u00e9 de mouvement, permettant d'acc\u00e9der \u00e0 la zone de traitement de tous les c\u00f4t\u00e9s et d'am\u00e9liorer le flux de travail du styliste.<\/p>\n<p> Les accoudoirs rembourr\u00e9s, plac\u00e9s \u00e0 une hauteur optimale, soutiennent la posture naturelle des bras et pr\u00e9viennent les tensions dans la r\u00e9gion des \u00e9paules et de la nuque. <\/p>\n<p><img decoding=\"async\" src=\"https:\/\/activeshop.com.pl\/media\/wysiwyg\/product\/155244\/EN_155244_05.jpg\"><\/p>\n<h2>Un design \u00e9l\u00e9gant et une grande fonctionnalit\u00e9<\/h2>\n<p>La construction robuste du pi\u00e8tement garantit la stabilit\u00e9 et un grand confort. L'assise est remplie d'une mousse de forme et recouverte d'un cuir synth\u00e9tique doux et mat, alliant durabilit\u00e9 et confort. Les mat\u00e9riaux utilis\u00e9s sont r\u00e9sistants \u00e0 l'humidit\u00e9, durables et faciles \u00e0 nettoyer, ce qui rend la chaise parfaite pour un usage quotidien.<\/p>\n<p> Stijlvolle stiksels en bekleding in rode tinten geven het een uniek karakter, waardoor het perfect past bij de inrichting van moderne kapperszaken.<\/p>\n<p><img decoding=\"async\" src=\"https:\/\/activeshop.com.pl\/media\/wysiwyg\/product\/155244\/EN_155244_06.jpg\"><\/p>\n<p>Les dimensions d\u00e9taill\u00e9es sont indiqu\u00e9es dans l'image.<br \/><strong>Inclus :<\/strong> si\u00e8ge, actionneur avec pied, appui-t\u00eate.<\/p>\n<p><strong>Donn\u00e9es :<\/strong><br \/>Levage : hydraulique<br \/>Pied : rond<br \/>Mat\u00e9riau du rembourrage : cuir synth\u00e9tique<br \/>Kleur bekleding: rode tinten<br \/>Couleur du cadre : teintes chrom\u00e9es<\/p>\n<div class=\"video-container\"> <iframe height=\"315\" src=\"https:\/\/www.youtube.com\/embed\/6JJNSGJsQk0\" frameborder=\"0\" width=\"560\" allowfullscreen allow=\"accelerometer; autoplay; encrypted-media; gyroscope; picture-in-picture\"> <\/iframe> <\/div>\n<p>Activeshop producten zijn in verhouding goedkoper dan vele andere merken\/ aanbieders. De prijs staat in verhouding met de kwaliteit. De Gabbiano Visionerio barberstoel met rood chromen frame is hierdoor een laagdrempelige oplossing voor jouw salon.<\/p>\n<h2>Hoe wordt de Gabbiano Visionerio barberstoel met rood chromen frame geleverd?<\/h2>\n<p>Le <strong>Gabbiano Visionerio barberstoel met rood chromen frame <\/strong>wordt geleverd in originele verpakking(en). Binnen Nederland en Belgi\u00eb is de verzending van de Gabbiano Visionerio barberstoel met rood chromen frame geheel gratis bij een bestelling v.a. 100,- euro. Bij verzendingen naar andere landen gelden aparte verzendtarieven. Je kunt deze tarieven bij ons opvragen of terugvinden in de winkelwagen. De Gabbiano Visionerio barberstoel met rood chromen frame wordt verzonden via een externe koerier.<\/p>\n<p>Nous livrons les colis ou les palettes jusqu'au seuil de la porte d'entr\u00e9e c\u00f4t\u00e9 rue en standard, m\u00eame si vous vous trouvez dans un immeuble collectif, un immeuble d'appartements ou un immeuble \u00e0 appartements avec ascenseur.<\/p>\n<p>Vous avez encore des questions concernant la livraison ou une situation particuli\u00e8re ? Contactez-nous et nous nous ferons un plaisir de vous aider !<\/p>\n<p><em>*Les articles ne sont pas d\u00e9ball\u00e9s ou assembl\u00e9s par d\u00e9faut. Dans des situations particuli\u00e8res, veuillez nous contacter pour prendre des dispositions.<\/em><\/p>\n<h2>Commande en ligne s\u00e9curis\u00e9e chez Salon For All avec la marque Webwinkelkeur et la s\u00e9curit\u00e9 SSL<\/h2>\n<p>We vinden het belangrijk dat onze klanten veilig online bij ons kunnen shoppen. We zijn sinds 2019 aangesloten bij het landelijke Webwinkelkeur keurmerk. Onze identiteit is door hen gecontroleerd, geverifieerd en de webshop is juridisch gecontroleerd en goedgekeurd. Daarnaast is onze webwinkel is bij hen aangesloten voor geschillen bemiddeling. Je ziet de badge met alle informatie van dit webwinkel keurmerk aan de linker- of rechterkant van de webshop staan (roze met witte button). Ook is onze site beveiligd met een SSL-certificaat waardoor je bij ons veilig kunt browsen. In de balk van je internetbrowser, waar onze website in vermeld is, zie je een slotje staan. Als je op het slotje klikt, krijg je alle informatie over onze beveiliging. Hierdoor weet je dat je bestelling van de Gabbiano Visionerio barberstoel met rood chromen frame en persoonsgegevens veilig verwerkt worden.<\/p>\n<h2>Hoe kan ik de Gabbiano Visionerio barberstoel met rood chromen frame afrekenen?<\/h2>\n<p>Nous souhaitons vous faciliter la t\u00e2che au maximum. C'est pourquoi, chez Salon For All, vous pouvez payer avec tous les moyens de paiement connus et courants. Payer \u00e0 l'avance, \u00e0 la livraison ou apr\u00e8s coup, tout est possible. Voyez ici quels sont les modes de paiement que nous proposons<br \/>\noffre :<\/p>\n<ul>\n<li>Id\u00e9al<\/li>\n<li>Klarna - Post-paiement sur facture<\/li>\n<li>Bancontact (uniquement pour les clients belges)<\/li>\n<li>Payin3 - Payez en 3 fois avec un taux d'int\u00e9r\u00eat de 0% (uniquement pour les clients n\u00e9erlandais)<\/li>\n<li>Paypal<\/li>\n<li>Carte de cr\u00e9dit<\/li>\n<li>Apple pay<\/li>\n<li>Facture commerciale pour les entreprises<\/li>\n<li>Paiement dans la salle d'exposition - par carte bancaire ou en esp\u00e8ces (disponible uniquement lors de l'enl\u00e8vement)<\/li>\n<\/ul>\n<h2>Consultez \u00e9galement les avis sur Salon For ALL<\/h2>\n<p>Bekijk ook onze reviews om ervaringen van onze huidige klanten me te nemen in je besluit om de Gabbiano Visionerio barberstoel met rood chromen frame bij ons te bestellen. Via ons onafhankelijke webwinkel keurmerk van Webwinkelkeur worden automatisch geverifieerde reviews verzameld van klanten die bij ons een bestelling hebben voldaan. Deze vind je terug achter de roze button op onze webwinkel of staan vermeld onder de producten.<\/p>\n<p>Deel na je aankoop ook jouw ervaring met je bestelde Gabbiano Visionerio barberstoel met rood chromen frame en ervaring met het aankoopproces of contact met Salon For All om anderen te inspireren!<\/p>\n<h2>Contacter le Salon pour tous<\/h2>\n<p>Neem dan contact met ons op. Wij helpen je graag verder bij de aanschaf van de Gabbiano Visionerio barberstoel met rood chromen frame. Op werkdagen zijn we het beste bereikbaar tussen 8.30 uur en 17.00 uur via het telefoonnummer en e-mailadres bovenaan de webshop of via de chatfunctie. Vragen buiten kantooruren worden meestal binnen 24uur beantwoord. Het is ook mogelijk om buitenwerkdagen of kantooruren bij ons langs te komen. Maar hiervoor van tevoren een afspraak.<\/p>\n<h2>Vous souhaitez visiter notre salle d'exposition ?<\/h2>\n<p>Vind je het prettiger om de Gabbiano Visionerio barberstoel met rood chromen frame te bekijken of samen met onze collega door ons aanbod van de (web)shop heen te lopen? Kom dan langs in onze showroom met meer dan 1000m2 aan saloninrichting en laat je inspireren door onze medewerkers. Ook als je ervan houdt om gezellig kennis te maken onder het genot van een goede kop koffie of thee dan ben je hier van harte welkom. We hebben niet alle producten staan dus laat ons van tevoren even weten dat je wilt komen. Maak altijd van te voren een afspraak.<\/p>\n<h2>D\u00e9lai de r\u00e9flexion de 14 jours et politique de retour<\/h2>\n<p>Het kan natuurlijk voorkomen dat de geleverde Gabbiano Visionerio barberstoel met rood chromen frame niet helemaal naar wens is en je het wilt terugsturen. Dat is bij Salon For All geen enkel probleem. Je dient binnen 14 werkdagen je retourzending bij ons aan te melden via <a href=\"mailto:info@salonforall.nl\">info@salonforall.nl<\/a> . Je ontvangt dan eerst van alle retourinstructies en voorwaarden. Let op de Gabbiano Visionerio barberstoel met rood chromen frame mag niet gebruikt zijn, moet alle meegeleverde onderdelen bevatten en verpakt in originele verpakking geretourneerd worden. De kosten voor de zending van een retour zijn bij aankopen via www.salonforall.nl altijd voor de koper. Je dient voor een retour zelf een transport te regelen bij een transporteur naar keuze. Zodra de Gabbiano Visionerio barberstoel met rood chromen frame retour is gekomen wordt het gecontroleerd op volledigheid en schade. Zodra de retour akkoord is bevonden wordt het aankoopbedrag binnen 5 werkdagen teruggestort op het bij ons bekende rekeningnummer.<\/p>\n<h2>Qui est Salon For All ?<\/h2>\n<p>Salon For all est le grossiste pour tout \u00e9quipement de salon en Europe. Salon For All a d\u00e9marr\u00e9 en 2003 sous le nom de Salonvoordeel et est n\u00e9 de la pratique. Les propri\u00e9taires de Salon For All \u00e9taient des coiffeurs et des esth\u00e9ticiennes exp\u00e9riment\u00e9s et ont ensemble plus de 30 ans d'exp\u00e9rience pratique. Nous avons lanc\u00e9 Salonvoordeel.nl (Pays-Bas) en 2003, puis Salon For All a \u00e9t\u00e9 cr\u00e9\u00e9 pour le march\u00e9 europ\u00e9en. Un certain nombre de nos employ\u00e9s ont cr\u00e9\u00e9 leur propre entreprise et l'id\u00e9e est n\u00e9e de lancer une boutique en ligne fonctionnelle pour les coiffeurs et de les aider \u00e0 am\u00e9nager leur salon. Gr\u00e2ce \u00e0 nos ann\u00e9es d'exp\u00e9rience dans le secteur, nous pouvons vous tendre un miroir et vous donner les bons conseils. Nous parlons le m\u00eame langage ! Nous vous conseillons, nous vous inspirons, nous vous motivons et nous vous aidons \u00e0 acheter une boutique en ligne. <em>Gabbiano Visionerio barberstoel met rood chromen frame<\/em>. Nos fournisseurs sont r\u00e9partis dans toute l'Europe, de l'Allemagne \u00e0 la Pologne en passant par l'Angleterre et l'Italie.<\/p>","protected":false},"excerpt":{"rendered":"<p>De Gabbiano Visionerio barberstoel met rood chromen frame is een betaalbare oplossing voor iedere professionele praktijk of salon. De levertijd is ongeveer 6 werkdagen.<\/p>","protected":false},"featured_media":20840,"comment_status":"open","ping_status":"closed","template":"","meta":[],"product_brand":[2418],"product_cat":[2800,117,114,115,2069,116],"product_tag":[],"class_list":{"0":"post-20839","1":"product","2":"type-product","3":"status-publish","4":"has-post-thumbnail","6":"product_brand-gabbiano","7":"product_cat-barber","8":"product_cat-barber-stoel","9":"product_cat-barbershop","10":"product_cat-barbershop-inrichting","11":"product_cat-barberstoel","12":"product_cat-barberstoelen","13":"pa_artikelnummer-3440","14":"pa_ean-code-3441","15":"pa_garantie-periode-12-maanden","16":"pa_gewicht-700-000-kg","17":"pa_kwaliteit-middensegment","18":"pa_levertijd-3-6-werkdagen","19":"pa_merk-gabbiano","21":"first","22":"instock","23":"sale","24":"taxable","25":"shipping-taxable","26":"purchasable","27":"product-type-simple"},"yoast_head":"<!-- This site is optimized with the Yoast SEO Premium plugin v27.3 (Yoast SEO v27.3) - https:\/\/yoast.com\/product\/yoast-seo-premium-wordpress\/ -->\n<title>Gabbiano Visionerio barberstoel met rood chromen frame<\/title>\n<meta name=\"description\" content=\"Gabbiano Visionerio barberstoel met rood chromen frame koop je online of in de showroom bij Salon For All B.V. NL &amp; BE . De groothandel voor salons, praktijken en spa&#039;s in NL en BE.\" \/>\n<meta name=\"robots\" content=\"index, follow, max-snippet:-1, max-image-preview:large, max-video-preview:-1\" \/>\n<link rel=\"canonical\" href=\"https:\/\/salonforall.nl\/fr-be\/gabbiano-visionerio-barberstoel-met-rood-chromen-frame\/\" \/>\n<meta property=\"og:locale\" content=\"fr_FR\" \/>\n<meta property=\"og:type\" content=\"article\" \/>\n<meta property=\"og:title\" content=\"Gabbiano Visionerio barberstoel met rood chromen frame\" \/>\n<meta property=\"og:description\" content=\"Gabbiano Visionerio barberstoel met rood chromen frame koop je online of in de showroom bij Salon For All B.V. NL &amp; BE . De groothandel voor salons, praktijken en spa&#039;s in NL en BE.\" \/>\n<meta property=\"og:url\" content=\"https:\/\/salonforall.nl\/fr-be\/gabbiano-visionerio-barberstoel-met-rood-chromen-frame\/\" \/>\n<meta property=\"og:site_name\" content=\"Salon For All B.V. NL &amp; BE\" \/>\n<meta property=\"article:modified_time\" content=\"2026-04-12T21:50:19+00:00\" \/>\n<meta property=\"og:image\" content=\"https:\/\/salonforall.nl\/wp-content\/uploads\/2026\/01\/gabbiano-visionerio-barberstoel-met-rood-chromen-frame-1.jpg\" \/>\n\t<meta property=\"og:image:width\" content=\"1200\" \/>\n\t<meta property=\"og:image:height\" content=\"1200\" \/>\n\t<meta property=\"og:image:type\" content=\"image\/jpeg\" \/>\n<meta name=\"twitter:card\" content=\"summary_large_image\" \/>\n<meta name=\"twitter:title\" content=\"Gabbiano Visionerio barberstoel met rood chromen frame\" \/>\n<meta name=\"twitter:label1\" content=\"Price\" \/>\n\t<meta name=\"twitter:data1\" content=\"&nbsp;544,01 excl. btw\" \/>\n\t<meta name=\"twitter:label2\" content=\"Availability\" \/>\n\t<meta name=\"twitter:data2\" content=\"In stock\" \/>\n<script type=\"application\/ld+json\" class=\"yoast-schema-graph\">{\"@context\":\"https:\\\/\\\/schema.org\",\"@graph\":[{\"@type\":\"WebPage\",\"@id\":\"https:\\\/\\\/salonforall.nl\\\/gabbiano-visionerio-barberstoel-met-rood-chromen-frame\\\/\",\"url\":\"https:\\\/\\\/salonforall.nl\\\/gabbiano-visionerio-barberstoel-met-rood-chromen-frame\\\/\",\"name\":\"Gabbiano Visionerio barberstoel met rood chromen frame\",\"isPartOf\":{\"@id\":\"https:\\\/\\\/salonforall.nl\\\/#website\"},\"primaryImageOfPage\":{\"@id\":\"https:\\\/\\\/salonforall.nl\\\/gabbiano-visionerio-barberstoel-met-rood-chromen-frame\\\/#primaryimage\"},\"image\":{\"@id\":\"https:\\\/\\\/salonforall.nl\\\/gabbiano-visionerio-barberstoel-met-rood-chromen-frame\\\/#primaryimage\"},\"thumbnailUrl\":\"https:\\\/\\\/salonforall.nl\\\/wp-content\\\/uploads\\\/2026\\\/01\\\/gabbiano-visionerio-barberstoel-met-rood-chromen-frame-1.jpg\",\"datePublished\":\"2026-01-26T19:39:43+00:00\",\"dateModified\":\"2026-04-12T21:50:19+00:00\",\"description\":\"Gabbiano Visionerio barberstoel met rood chromen frame koop je online of in de showroom bij Salon For All B.V. NL &amp; BE . De groothandel voor salons, praktijken en spa's in NL en BE.\",\"breadcrumb\":{\"@id\":\"https:\\\/\\\/salonforall.nl\\\/gabbiano-visionerio-barberstoel-met-rood-chromen-frame\\\/#breadcrumb\"},\"inLanguage\":\"fr-BE\",\"potentialAction\":[{\"@type\":\"ReadAction\",\"target\":[\"https:\\\/\\\/salonforall.nl\\\/gabbiano-visionerio-barberstoel-met-rood-chromen-frame\\\/\"]}]},{\"@type\":\"ImageObject\",\"inLanguage\":\"fr-BE\",\"@id\":\"https:\\\/\\\/salonforall.nl\\\/gabbiano-visionerio-barberstoel-met-rood-chromen-frame\\\/#primaryimage\",\"url\":\"https:\\\/\\\/salonforall.nl\\\/wp-content\\\/uploads\\\/2026\\\/01\\\/gabbiano-visionerio-barberstoel-met-rood-chromen-frame-1.jpg\",\"contentUrl\":\"https:\\\/\\\/salonforall.nl\\\/wp-content\\\/uploads\\\/2026\\\/01\\\/gabbiano-visionerio-barberstoel-met-rood-chromen-frame-1.jpg\",\"width\":1200,\"height\":1200,\"caption\":\"Gabbiano Visionerio barberstoel met rood chromen frame 1\"},{\"@type\":\"BreadcrumbList\",\"@id\":\"https:\\\/\\\/salonforall.nl\\\/gabbiano-visionerio-barberstoel-met-rood-chromen-frame\\\/#breadcrumb\",\"itemListElement\":[{\"@type\":\"ListItem\",\"position\":1,\"name\":\"Home\",\"item\":\"https:\\\/\\\/salonforall.nl\\\/\"},{\"@type\":\"ListItem\",\"position\":2,\"name\":\"Winkel\",\"item\":\"https:\\\/\\\/salonforall.nl\\\/winkel\\\/\"},{\"@type\":\"ListItem\",\"position\":3,\"name\":\"Gabbiano Visionerio barberstoel met rood chromen frame\"}]},{\"@type\":\"WebSite\",\"@id\":\"https:\\\/\\\/salonforall.nl\\\/#website\",\"url\":\"https:\\\/\\\/salonforall.nl\\\/\",\"name\":\"Salon For All\",\"description\":\"Jouw groothandel voor praktijk- &amp; saloninrichting en benodigdheden\",\"publisher\":{\"@id\":\"https:\\\/\\\/salonforall.nl\\\/#organization\"},\"alternateName\":\"salonforall.nl\",\"potentialAction\":[{\"@type\":\"SearchAction\",\"target\":{\"@type\":\"EntryPoint\",\"urlTemplate\":\"https:\\\/\\\/salonforall.nl\\\/?s={search_term_string}\"},\"query-input\":{\"@type\":\"PropertyValueSpecification\",\"valueRequired\":true,\"valueName\":\"search_term_string\"}}],\"inLanguage\":\"fr-BE\"},{\"@type\":\"Organization\",\"@id\":\"https:\\\/\\\/salonforall.nl\\\/#organization\",\"name\":\"Salon For All B.V.\",\"alternateName\":\"Salonforall.nl\",\"url\":\"https:\\\/\\\/salonforall.nl\\\/\",\"logo\":{\"@type\":\"ImageObject\",\"inLanguage\":\"fr-BE\",\"@id\":\"https:\\\/\\\/salonforall.nl\\\/#\\\/schema\\\/logo\\\/image\\\/\",\"url\":\"https:\\\/\\\/salonforall.nl\\\/wp-content\\\/uploads\\\/2025\\\/01\\\/logo-salon-for-all-groothandel-saloninrichting-e1736940477693.png\",\"contentUrl\":\"https:\\\/\\\/salonforall.nl\\\/wp-content\\\/uploads\\\/2025\\\/01\\\/logo-salon-for-all-groothandel-saloninrichting-e1736940477693.png\",\"width\":500,\"height\":125,\"caption\":\"Salon For All B.V.\"},\"image\":{\"@id\":\"https:\\\/\\\/salonforall.nl\\\/#\\\/schema\\\/logo\\\/image\\\/\"},\"description\":\"Salon For All is de groothandel voor praktijk- en saloninrichting en benodigdheden.\",\"email\":\"info@salonforall.com\",\"legalName\":\"Salon For All\",\"numberOfEmployees\":{\"@type\":\"QuantitativeValue\",\"minValue\":\"1\",\"maxValue\":\"10\"},\"hasMerchantReturnPolicy\":{\"@type\":\"MerchantReturnPolicy\",\"merchantReturnLink\":\"https:\\\/\\\/salonforall.nl\\\/fr-be\\\/retourvoorwaarden\\\/\"}}]}<\/script>\n<meta property=\"product:brand\" content=\"GABBIANO\" \/>\n<meta property=\"product:price:amount\" content=\"544.01\" \/>\n<meta property=\"product:price:currency\" content=\"EUR\" \/>\n<meta property=\"og:availability\" content=\"instock\" \/>\n<meta property=\"product:availability\" content=\"instock\" \/>\n<meta property=\"product:retailer_item_id\" content=\"155244\" \/>\n<meta property=\"product:condition\" content=\"new\" \/>\n<!-- \/ Yoast SEO Premium plugin. -->","yoast_head_json":{"title":"Gabbiano Visionerio barberstoel met rood chromen frame","description":"Gabbiano Visionerio barberstoel met rood chromen frame koop je online of in de showroom bij Salon For All B.V. NL &amp; BE . De groothandel voor salons, praktijken en spa's in NL en BE.","robots":{"index":"index","follow":"follow","max-snippet":"max-snippet:-1","max-image-preview":"max-image-preview:large","max-video-preview":"max-video-preview:-1"},"canonical":"https:\/\/salonforall.nl\/fr-be\/gabbiano-visionerio-barberstoel-met-rood-chromen-frame\/","og_locale":"fr_FR","og_type":"article","og_title":"Gabbiano Visionerio barberstoel met rood chromen frame","og_description":"Gabbiano Visionerio barberstoel met rood chromen frame koop je online of in de showroom bij Salon For All B.V. NL &amp; BE . De groothandel voor salons, praktijken en spa's in NL en BE.","og_url":"https:\/\/salonforall.nl\/fr-be\/gabbiano-visionerio-barberstoel-met-rood-chromen-frame\/","og_site_name":"Salon For All B.V. NL &amp; BE","article_modified_time":"2026-04-12T21:50:19+00:00","og_image":[{"width":1200,"height":1200,"url":"https:\/\/salonforall.nl\/wp-content\/uploads\/2026\/01\/gabbiano-visionerio-barberstoel-met-rood-chromen-frame-1.jpg","type":"image\/jpeg"}],"twitter_card":"summary_large_image","twitter_title":"Gabbiano Visionerio barberstoel met rood chromen frame","twitter_misc":{"Price":"&nbsp;544,01 excl. btw","Availability":"In stock"},"schema":{"@context":"https:\/\/schema.org","@graph":[{"@type":"WebPage","@id":"https:\/\/salonforall.nl\/gabbiano-visionerio-barberstoel-met-rood-chromen-frame\/","url":"https:\/\/salonforall.nl\/gabbiano-visionerio-barberstoel-met-rood-chromen-frame\/","name":"Gabbiano Visionerio barberstoel met rood chromen frame","isPartOf":{"@id":"https:\/\/salonforall.nl\/#website"},"primaryImageOfPage":{"@id":"https:\/\/salonforall.nl\/gabbiano-visionerio-barberstoel-met-rood-chromen-frame\/#primaryimage"},"image":{"@id":"https:\/\/salonforall.nl\/gabbiano-visionerio-barberstoel-met-rood-chromen-frame\/#primaryimage"},"thumbnailUrl":"https:\/\/salonforall.nl\/wp-content\/uploads\/2026\/01\/gabbiano-visionerio-barberstoel-met-rood-chromen-frame-1.jpg","datePublished":"2026-01-26T19:39:43+00:00","dateModified":"2026-04-12T21:50:19+00:00","description":"Gabbiano Visionerio barberstoel met rood chromen frame koop je online of in de showroom bij Salon For All B.V. NL &amp; BE . De groothandel voor salons, praktijken en spa's in NL en BE.","breadcrumb":{"@id":"https:\/\/salonforall.nl\/gabbiano-visionerio-barberstoel-met-rood-chromen-frame\/#breadcrumb"},"inLanguage":"fr-BE","potentialAction":[{"@type":"ReadAction","target":["https:\/\/salonforall.nl\/gabbiano-visionerio-barberstoel-met-rood-chromen-frame\/"]}]},{"@type":"ImageObject","inLanguage":"fr-BE","@id":"https:\/\/salonforall.nl\/gabbiano-visionerio-barberstoel-met-rood-chromen-frame\/#primaryimage","url":"https:\/\/salonforall.nl\/wp-content\/uploads\/2026\/01\/gabbiano-visionerio-barberstoel-met-rood-chromen-frame-1.jpg","contentUrl":"https:\/\/salonforall.nl\/wp-content\/uploads\/2026\/01\/gabbiano-visionerio-barberstoel-met-rood-chromen-frame-1.jpg","width":1200,"height":1200,"caption":"Gabbiano Visionerio barberstoel met rood chromen frame 1"},{"@type":"BreadcrumbList","@id":"https:\/\/salonforall.nl\/gabbiano-visionerio-barberstoel-met-rood-chromen-frame\/#breadcrumb","itemListElement":[{"@type":"ListItem","position":1,"name":"Home","item":"https:\/\/salonforall.nl\/"},{"@type":"ListItem","position":2,"name":"Winkel","item":"https:\/\/salonforall.nl\/winkel\/"},{"@type":"ListItem","position":3,"name":"Gabbiano Visionerio barberstoel met rood chromen frame"}]},{"@type":"WebSite","@id":"https:\/\/salonforall.nl\/#website","url":"https:\/\/salonforall.nl\/","name":"Salon pour tous","description":"Votre grossiste en mat\u00e9riel et fournitures pour cabinets m\u00e9dicaux et salons de coiffure","publisher":{"@id":"https:\/\/salonforall.nl\/#organization"},"alternateName":"salonforall.nl","potentialAction":[{"@type":"SearchAction","target":{"@type":"EntryPoint","urlTemplate":"https:\/\/salonforall.nl\/?s={search_term_string}"},"query-input":{"@type":"PropertyValueSpecification","valueRequired":true,"valueName":"search_term_string"}}],"inLanguage":"fr-BE"},{"@type":"Organization","@id":"https:\/\/salonforall.nl\/#organization","name":"Salon For All B.V.","alternateName":"Salonforall.nl","url":"https:\/\/salonforall.nl\/","logo":{"@type":"ImageObject","inLanguage":"fr-BE","@id":"https:\/\/salonforall.nl\/#\/schema\/logo\/image\/","url":"https:\/\/salonforall.nl\/wp-content\/uploads\/2025\/01\/logo-salon-for-all-groothandel-saloninrichting-e1736940477693.png","contentUrl":"https:\/\/salonforall.nl\/wp-content\/uploads\/2025\/01\/logo-salon-for-all-groothandel-saloninrichting-e1736940477693.png","width":500,"height":125,"caption":"Salon For All B.V."},"image":{"@id":"https:\/\/salonforall.nl\/#\/schema\/logo\/image\/"},"description":"Salon For All est le grossiste pour l'\u00e9quipement et les fournitures des cabinets et des salons de coiffure.","email":"info@salonforall.com","legalName":"Salon For All","numberOfEmployees":{"@type":"QuantitativeValue","minValue":"1","maxValue":"10"},"hasMerchantReturnPolicy":{"@type":"MerchantReturnPolicy","merchantReturnLink":"https:\/\/salonforall.nl\/fr-be\/retourvoorwaarden\/"}}]},"product_brand":"GABBIANO","product_price_amount":"544.01","product_price_currency":"EUR","og_availability":"instock","product_availability":"instock","product_retailer_item_id":"155244","product_condition":"new"},"_links":{"self":[{"href":"https:\/\/salonforall.nl\/fr-be\/wp-json\/wp\/v2\/product\/20839","targetHints":{"allow":["GET"]}}],"collection":[{"href":"https:\/\/salonforall.nl\/fr-be\/wp-json\/wp\/v2\/product"}],"about":[{"href":"https:\/\/salonforall.nl\/fr-be\/wp-json\/wp\/v2\/types\/product"}],"replies":[{"embeddable":true,"href":"https:\/\/salonforall.nl\/fr-be\/wp-json\/wp\/v2\/comments?post=20839"}],"wp:featuredmedia":[{"embeddable":true,"href":"https:\/\/salonforall.nl\/fr-be\/wp-json\/wp\/v2\/media\/20840"}],"wp:attachment":[{"href":"https:\/\/salonforall.nl\/fr-be\/wp-json\/wp\/v2\/media?parent=20839"}],"wp:term":[{"taxonomy":"product_brand","embeddable":true,"href":"https:\/\/salonforall.nl\/fr-be\/wp-json\/wp\/v2\/product_brand?post=20839"},{"taxonomy":"product_cat","embeddable":true,"href":"https:\/\/salonforall.nl\/fr-be\/wp-json\/wp\/v2\/product_cat?post=20839"},{"taxonomy":"product_tag","embeddable":true,"href":"https:\/\/salonforall.nl\/fr-be\/wp-json\/wp\/v2\/product_tag?post=20839"}],"curies":[{"name":"wp","href":"https:\/\/api.w.org\/{rel}","templated":true}]}}