{"id":2152,"date":"2025-01-16T09:34:59","date_gmt":"2025-01-16T09:34:59","guid":{"rendered":"https:\/\/salonforall.nl\/elektrische-cosmetische-tattoo-behandelstoel-lux-zwart\/"},"modified":"2026-04-13T14:35:31","modified_gmt":"2026-04-13T13:35:31","slug":"chaise-electrique-de-traitement-de-tatouage-cosmetique-lux-black","status":"publish","type":"product","link":"https:\/\/salonforall.nl\/fr-be\/elektrische-cosmetische-tattoo-behandelstoel-lux-zwart\/","title":{"rendered":"Fauteuil \u00e9lectrique de tatouage cosm\u00e9tique lux black"},"content":{"rendered":"<h2>Informations sur les <strong>Fauteuil \u00e9lectrique de tatouage cosm\u00e9tique lux noir avec num\u00e9ro d'article <\/strong>100709<\/h2>\n<p>fauteuil de beaut\u00e9 lux p\u00e9dicure fauteuil de beaut\u00e9, id\u00e9al pour les instituts de beaut\u00e9 et les spas, id\u00e9al pour les soins cosm\u00e9tiques, la p\u00e9dicure, le maquillage et les massages. il est actionn\u00e9 \u00e9lectriquement : <br \/> - hauteur du si\u00e8ge <br \/> - dossier <br \/> - repose-pieds <br \/> La t\u00e9l\u00e9commande compl\u00e8te facilite le travail. Le rev\u00eatement du fauteuil, facilement lavable, est fabriqu\u00e9 en cuir \u00e9cologique conforme aux exigences strictes de l'UE. En outre, les accoudoirs sont en bois, facilement amovibles en cas de besoin, et le trou dans l'appui-t\u00eate permet de faire des massages. <br \/> la pr\u00e9sidence est compos\u00e9e de : <br \/> - si\u00e8ge avec base <br \/> - accoudoirs 2 pcs. <br \/> - appui-t\u00eate <br \/> - t\u00e9l\u00e9commande <br \/> - dimensions de la garantie fauteuil : <br \/> - si\u00e8ge r\u00e9glable avec appui-t\u00eate 62 x 200 cm <br \/> - hauteur min. 67 cm <br \/> - hauteur max. 89 cm <br \/> - base 60 x 122 cm donn\u00e9es techniques : <br \/> - tension 220-230 v, 50 hz <br \/> - puissance 200 w <br \/> - Poids brut (avec carton) 80 kg <br \/> - dimensions de l'emballage 170 x 65 x 71 cm <br \/> - nombre de paquets : 1 nous offrons un plan de paiement pratique. <\/p>\n<p>Les produits d'Activeshop sont comparativement moins chers que ceux de beaucoup d'autres marques\/vendeurs. Le prix est proportionnel \u00e0 la qualit\u00e9. Le fauteuil \u00e9lectrique de tatouage cosm\u00e9tique lux black est donc une solution \u00e0 bas prix pour votre salon.<\/p>\n<h2>Comment le fauteuil \u00e9lectrique de tatouage cosm\u00e9tique lux black est-il livr\u00e9 ?<\/h2>\n<p>Le <strong>Fauteuil \u00e9lectrique de tatouage cosm\u00e9tique lux black <\/strong>seront livr\u00e9s dans leur(s) emballage(s) d'origine. Pour les Pays-Bas et la Belgique, l'envoi du Electric cosmetic tattoo treatment chair lux black est enti\u00e8rement gratuit \u00e0 partir d'une commande de 100,- euros. Pour les envois vers d'autres pays, des tarifs d'exp\u00e9dition distincts s'appliquent. Vous pouvez nous demander ces tarifs ou les trouver dans le panier d'achat. Le fauteuil \u00e9lectrique de tatouage cosm\u00e9tique lux black est exp\u00e9di\u00e9 par un transporteur externe.<\/p>\n<p>Nous livrons les colis ou les palettes jusqu'au seuil de la porte d'entr\u00e9e, m\u00eame si vous vous trouvez dans un immeuble collectif, un immeuble \u00e0 appartements ou un complexe d'appartements avec ascenseur (\u00e0 condition que l'article puisse \u00eatre transport\u00e9 dans l'ascenseur). Il n'y a pas d'ascenseur ou l'article ne rentre pas dans l'ascenseur ? Dans ce cas, nous livrons sur le seuil du rez-de-chauss\u00e9e.<\/p>\n<p>Vous avez encore des questions concernant la livraison ou une situation particuli\u00e8re ? Contactez-nous et nous nous ferons un plaisir de vous aider !<\/p>\n<p><em>*Les articles ne sont pas d\u00e9ball\u00e9s ou assembl\u00e9s par d\u00e9faut. Dans des situations particuli\u00e8res, veuillez nous contacter pour prendre des dispositions.<\/em><\/p>\n<h2>Commande en ligne s\u00e9curis\u00e9e chez Salon For All avec la marque Webwinkelkeur et la s\u00e9curit\u00e9 SSL<\/h2>\n<p>Il est important pour nous que nos clients puissent faire leurs achats en ligne en toute s\u00e9curit\u00e9. Depuis 2019, nous avons adh\u00e9r\u00e9 au label de qualit\u00e9 national Webwinkelkeur. Notre identit\u00e9 a \u00e9t\u00e9 contr\u00f4l\u00e9e, v\u00e9rifi\u00e9e par eux et la boutique en ligne a \u00e9t\u00e9 l\u00e9galement v\u00e9rifi\u00e9e et approuv\u00e9e. En outre, notre boutique en ligne est affili\u00e9e \u00e0 eux pour la m\u00e9diation des litiges. Vous verrez le badge avec toutes les informations de ce Webwinkelkeurmerk sur le c\u00f4t\u00e9 gauche ou droit de la boutique en ligne (rose avec bouton blanc). Notre site est \u00e9galement s\u00e9curis\u00e9 par un certificat SSL, ce qui vous permet de naviguer en toute s\u00e9curit\u00e9. Dans la barre de votre navigateur Internet, \u00e0 l'endroit o\u00f9 notre site web est mentionn\u00e9, vous verrez un cadenas. Si vous cliquez sur le cadenas, vous obtiendrez toutes les informations relatives \u00e0 notre s\u00e9curit\u00e9. Cela vous permet de savoir que votre commande de Electric cosmetic tattoo treatment chair lux black et vos donn\u00e9es personnelles sont trait\u00e9es en toute s\u00e9curit\u00e9.<\/p>\n<h2>Comment puis-je acheter le fauteuil \u00e9lectrique de tatouage cosm\u00e9tique lux black ?<\/h2>\n<p>Nous souhaitons vous faciliter la t\u00e2che au maximum. C'est pourquoi, chez Salon For All, vous pouvez payer avec tous les moyens de paiement connus et courants. Payer \u00e0 l'avance, \u00e0 la livraison ou apr\u00e8s coup, tout est possible. Voyez ici quels sont les modes de paiement que nous proposons<br \/>\noffre :<\/p>\n<ul>\n<li>Id\u00e9al<\/li>\n<li>Klarna - Post-paiement sur facture<\/li>\n<li>Bancontact (uniquement pour les clients belges)<\/li>\n<li>Payin3 - Payez en 3 fois avec un taux d'int\u00e9r\u00eat de 0% (uniquement pour les clients n\u00e9erlandais)<\/li>\n<li>Paypal<\/li>\n<li>Carte de cr\u00e9dit<\/li>\n<li>Apple pay<\/li>\n<li>Facture commerciale pour les entreprises<\/li>\n<li>Paiement dans la salle d'exposition - par carte bancaire ou en esp\u00e8ces (disponible uniquement lors de l'enl\u00e8vement)<\/li>\n<\/ul>\n<h2>Consultez \u00e9galement les avis sur Salon For ALL<\/h2>\n<p>Consultez \u00e9galement nos avis pour prendre en compte l'exp\u00e9rience de nos clients actuels dans votre d\u00e9cision de commander la chaise \u00e9lectrique de traitement de tatouage cosm\u00e9tique lux black chez nous. Gr\u00e2ce \u00e0 notre label ind\u00e9pendant Webwinkelkeur, nous recueillons automatiquement les avis v\u00e9rifi\u00e9s des clients qui ont pass\u00e9 une commande chez nous. Ceux-ci se trouvent derri\u00e8re le bouton rose de notre boutique en ligne ou sont list\u00e9s sous les produits.<\/p>\n<p>Apr\u00e8s votre achat, partagez aussi votre exp\u00e9rience avec votre chaise de traitement de tatouage cosm\u00e9tique \u00e9lectrique lux black et votre exp\u00e9rience avec le processus d'achat ou contactez Salon For All pour inspirer d'autres personnes !<\/p>\n<h2>Contacter le Salon pour tous<\/h2>\n<p>Dans ce cas, contactez-nous. Nous nous ferons un plaisir de vous aider \u00e0 acheter le fauteuil \u00e9lectrique de tatouage cosm\u00e9tique lux black. En semaine, vous pouvez nous joindre de 8h30 \u00e0 17h au num\u00e9ro de t\u00e9l\u00e9phone et \u00e0 l'adresse e-mail indiqu\u00e9s en haut de la boutique en ligne ou via la fonction de chat. En dehors des heures de bureau, nous r\u00e9pondons g\u00e9n\u00e9ralement aux questions dans les 24 heures. Il est \u00e9galement possible de nous rendre visite en dehors des jours ouvrables ou des heures de bureau. Il faut alors prendre rendez-vous \u00e0 l'avance.<\/p>\n<h2>Vous souhaitez visiter notre salle d'exposition ?<\/h2>\n<p>Vous pr\u00e9f\u00e9rez voir le fauteuil \u00e9lectrique de tatouage cosm\u00e9tique lux black ou vous promener dans notre boutique (en ligne) avec notre coll\u00e8gue ? Dans ce cas, passez dans notre salle d'exposition, qui compte plus de 1 000 m2 d'\u00e9quipements de salon, et laissez-vous inspirer par notre personnel. M\u00eame si vous aimez discuter autour d'une bonne tasse de caf\u00e9 ou de th\u00e9, vous \u00eates le bienvenu. Nous ne disposons pas de tous les produits en exposition, veuillez donc nous pr\u00e9venir \u00e0 l'avance si vous souhaitez venir. Prenez toujours rendez-vous \u00e0 l'avance.<\/p>\n<h2>D\u00e9lai de r\u00e9flexion de 14 jours et politique de retour<\/h2>\n<p>Bien entendu, il peut arriver que la chaise de traitement de tatouage cosm\u00e9tique \u00e9lectrique lux black qui vous a \u00e9t\u00e9 livr\u00e9e ne vous convienne pas enti\u00e8rement et que vous souhaitiez la renvoyer. Cela ne pose aucun probl\u00e8me \u00e0 Salon For All. Vous devez nous informer de votre retour dans les 14 jours ouvrables via <a href=\"mailto:info@salonforall.nl\">info@salonforall.nl<\/a> . Vous recevrez alors les premi\u00e8res instructions et conditions de retour. Veuillez noter que le fauteuil de traitement de tatouage cosm\u00e9tique \u00e9lectrique lux black ne doit pas avoir \u00e9t\u00e9 utilis\u00e9, doit contenir toutes les pi\u00e8ces fournies et doit \u00eatre retourn\u00e9 dans son emballage d'origine. Les frais d'exp\u00e9dition d'un retour sont toujours \u00e0 la charge de l'acheteur lors d'un achat via www.salonforall.nl. Vous devez organiser votre propre transport pour un retour avec un transporteur de votre choix. Une fois que la chaise de traitement de tatouage cosm\u00e9tique \u00e9lectrique lux black est retourn\u00e9e, elle sera v\u00e9rifi\u00e9e pour s'assurer qu'elle est compl\u00e8te et qu'elle n'a pas \u00e9t\u00e9 endommag\u00e9e. Une fois le retour approuv\u00e9, le montant de l'achat sera rembours\u00e9 sur le num\u00e9ro de compte dont nous avons connaissance dans les 5 jours ouvrables.<\/p>\n<h2>Qui est Salon For All ?<\/h2>\n<p>Salon For all est le grossiste pour tout \u00e9quipement de salon en Europe. Salon For All a d\u00e9marr\u00e9 en 2003 sous le nom de Salonvoordeel et est n\u00e9 de la pratique. Les propri\u00e9taires de Salon For All \u00e9taient des coiffeurs et des esth\u00e9ticiennes exp\u00e9riment\u00e9s et ont ensemble plus de 30 ans d'exp\u00e9rience pratique. Nous avons lanc\u00e9 Salonvoordeel.nl (Pays-Bas) en 2003, puis Salon For All a \u00e9t\u00e9 cr\u00e9\u00e9 pour le march\u00e9 europ\u00e9en. Un certain nombre de nos employ\u00e9s ont cr\u00e9\u00e9 leur propre entreprise et l'id\u00e9e est n\u00e9e de lancer une boutique en ligne fonctionnelle pour les coiffeurs et de les aider \u00e0 am\u00e9nager leur salon. Gr\u00e2ce \u00e0 nos ann\u00e9es d'exp\u00e9rience dans le secteur, nous pouvons vous tendre un miroir et vous donner les bons conseils. Nous parlons le m\u00eame langage ! Nous vous conseillons, nous vous inspirons, nous vous motivons et nous vous aidons \u00e0 acheter une boutique en ligne. <em>Fauteuil \u00e9lectrique de tatouage cosm\u00e9tique lux black<\/em>. Nos fournisseurs sont r\u00e9partis dans toute l'Europe, de l'Allemagne \u00e0 la Pologne en passant par l'Angleterre et l'Italie.<\/p>","protected":false},"excerpt":{"rendered":"<p>Le fauteuil \u00e9lectrique de tatouage cosm\u00e9tique lux black de la marque ACTIVESHOP est une solution abordable pour tous les salons. Le d\u00e9lai de livraison pour cette chaise de traitement est de 2 \u00e0 6 jours ouvrables.<\/p>","protected":false},"featured_media":5994,"comment_status":"closed","ping_status":"open","template":"","meta":[],"product_brand":[],"product_cat":[73,72,74,102,103,104],"product_tag":[],"class_list":{"0":"post-2152","1":"product","2":"type-product","3":"status-publish","4":"has-post-thumbnail","6":"product_cat-behandelstoel","7":"product_cat-behandelstoelen","8":"product_cat-elektrische-behandelstoel","9":"product_cat-tattoo-shop","10":"product_cat-tattoo-shop-inrichting","11":"product_cat-tattoo-stoel","12":"pa_kleur-zwart","13":"pa_levertijd-3-6-werkdagen","14":"pa_merk-activeshop","15":"pa_type-stoel-elektrisch","17":"first","18":"instock","19":"sale","20":"taxable","21":"shipping-taxable","22":"purchasable","23":"product-type-simple"},"yoast_head":"<!-- This site is optimized with the Yoast SEO Premium plugin v27.3 (Yoast SEO v27.3) - https:\/\/yoast.com\/product\/yoast-seo-premium-wordpress\/ -->\n<title>Elektrische cosmetische tattoo behandelstoel lux zwart kopen bij Salon For All B.V. NL &amp; BE<\/title>\n<meta name=\"description\" content=\"Elektrische cosmetische tattoo behandelstoel lux zwart koop je online of in de showroom bij Salon For All B.V. NL &amp; BE . De groothandel voor salons, praktijken en spa&#039;s in NL en BE.\" \/>\n<meta name=\"robots\" content=\"index, follow, max-snippet:-1, max-image-preview:large, max-video-preview:-1\" \/>\n<link rel=\"canonical\" href=\"https:\/\/salonforall.nl\/fr-be\/chaise-electrique-de-traitement-de-tatouage-cosmetique-lux-black\/\" \/>\n<meta property=\"og:locale\" content=\"fr_FR\" \/>\n<meta property=\"og:type\" content=\"article\" \/>\n<meta property=\"og:title\" content=\"Elektrische cosmetische tattoo behandelstoel lux zwart\" \/>\n<meta property=\"og:description\" content=\"Elektrische cosmetische tattoo behandelstoel lux zwart koop je online of in de showroom bij Salon For All B.V. NL &amp; BE . De groothandel voor salons, praktijken en spa&#039;s in NL en BE.\" \/>\n<meta property=\"og:url\" content=\"https:\/\/salonforall.nl\/fr-be\/chaise-electrique-de-traitement-de-tatouage-cosmetique-lux-black\/\" \/>\n<meta property=\"og:site_name\" content=\"Salon For All B.V. NL &amp; BE\" \/>\n<meta property=\"article:modified_time\" content=\"2026-04-13T13:35:31+00:00\" \/>\n<meta property=\"og:image\" content=\"https:\/\/salonforall.nl\/wp-content\/uploads\/2025\/01\/elektrische-cosmetische-tattoo-behandelstoel-lux-zwart-1-1.jpg\" \/>\n\t<meta property=\"og:image:width\" content=\"800\" \/>\n\t<meta property=\"og:image:height\" content=\"800\" \/>\n\t<meta property=\"og:image:type\" content=\"image\/jpeg\" \/>\n<meta name=\"twitter:card\" content=\"summary_large_image\" \/>\n<meta name=\"twitter:title\" content=\"Elektrische cosmetische tattoo behandelstoel lux zwart\" \/>\n<meta name=\"twitter:label1\" content=\"Price\" \/>\n\t<meta name=\"twitter:data1\" content=\"&nbsp;727,23 excl. btw\" \/>\n\t<meta name=\"twitter:label2\" content=\"Availability\" \/>\n\t<meta name=\"twitter:data2\" content=\"In stock\" \/>\n<script type=\"application\/ld+json\" class=\"yoast-schema-graph\">{\"@context\":\"https:\\\/\\\/schema.org\",\"@graph\":[{\"@type\":\"WebPage\",\"@id\":\"https:\\\/\\\/salonforall.nl\\\/elektrische-cosmetische-tattoo-behandelstoel-lux-zwart\\\/\",\"url\":\"https:\\\/\\\/salonforall.nl\\\/elektrische-cosmetische-tattoo-behandelstoel-lux-zwart\\\/\",\"name\":\"Elektrische cosmetische tattoo behandelstoel lux zwart kopen bij Salon For All B.V. NL &amp; BE\",\"isPartOf\":{\"@id\":\"https:\\\/\\\/salonforall.nl\\\/#website\"},\"primaryImageOfPage\":{\"@id\":\"https:\\\/\\\/salonforall.nl\\\/elektrische-cosmetische-tattoo-behandelstoel-lux-zwart\\\/#primaryimage\"},\"image\":{\"@id\":\"https:\\\/\\\/salonforall.nl\\\/elektrische-cosmetische-tattoo-behandelstoel-lux-zwart\\\/#primaryimage\"},\"thumbnailUrl\":\"https:\\\/\\\/salonforall.nl\\\/wp-content\\\/uploads\\\/2025\\\/01\\\/elektrische-cosmetische-tattoo-behandelstoel-lux-zwart-1-1.jpg\",\"datePublished\":\"2025-01-16T09:34:59+00:00\",\"dateModified\":\"2026-04-13T13:35:31+00:00\",\"description\":\"Elektrische cosmetische tattoo behandelstoel lux zwart koop je online of in de showroom bij Salon For All B.V. NL &amp; BE . De groothandel voor salons, praktijken en spa's in NL en BE.\",\"breadcrumb\":{\"@id\":\"https:\\\/\\\/salonforall.nl\\\/elektrische-cosmetische-tattoo-behandelstoel-lux-zwart\\\/#breadcrumb\"},\"inLanguage\":\"fr-BE\",\"potentialAction\":[{\"@type\":\"ReadAction\",\"target\":[\"https:\\\/\\\/salonforall.nl\\\/elektrische-cosmetische-tattoo-behandelstoel-lux-zwart\\\/\"]}]},{\"@type\":\"ImageObject\",\"inLanguage\":\"fr-BE\",\"@id\":\"https:\\\/\\\/salonforall.nl\\\/elektrische-cosmetische-tattoo-behandelstoel-lux-zwart\\\/#primaryimage\",\"url\":\"https:\\\/\\\/salonforall.nl\\\/wp-content\\\/uploads\\\/2025\\\/01\\\/elektrische-cosmetische-tattoo-behandelstoel-lux-zwart-1-1.jpg\",\"contentUrl\":\"https:\\\/\\\/salonforall.nl\\\/wp-content\\\/uploads\\\/2025\\\/01\\\/elektrische-cosmetische-tattoo-behandelstoel-lux-zwart-1-1.jpg\",\"width\":800,\"height\":800,\"caption\":\"Elektrische cosmetische tattoo behandelstoel lux zwart 1\"},{\"@type\":\"BreadcrumbList\",\"@id\":\"https:\\\/\\\/salonforall.nl\\\/elektrische-cosmetische-tattoo-behandelstoel-lux-zwart\\\/#breadcrumb\",\"itemListElement\":[{\"@type\":\"ListItem\",\"position\":1,\"name\":\"Home\",\"item\":\"https:\\\/\\\/salonforall.nl\\\/\"},{\"@type\":\"ListItem\",\"position\":2,\"name\":\"Winkel\",\"item\":\"https:\\\/\\\/salonforall.nl\\\/winkel\\\/\"},{\"@type\":\"ListItem\",\"position\":3,\"name\":\"Elektrische cosmetische tattoo behandelstoel lux zwart\"}]},{\"@type\":\"WebSite\",\"@id\":\"https:\\\/\\\/salonforall.nl\\\/#website\",\"url\":\"https:\\\/\\\/salonforall.nl\\\/\",\"name\":\"Salon For All\",\"description\":\"Jouw groothandel voor praktijk- &amp; saloninrichting en benodigdheden\",\"publisher\":{\"@id\":\"https:\\\/\\\/salonforall.nl\\\/#organization\"},\"alternateName\":\"salonforall.nl\",\"potentialAction\":[{\"@type\":\"SearchAction\",\"target\":{\"@type\":\"EntryPoint\",\"urlTemplate\":\"https:\\\/\\\/salonforall.nl\\\/?s={search_term_string}\"},\"query-input\":{\"@type\":\"PropertyValueSpecification\",\"valueRequired\":true,\"valueName\":\"search_term_string\"}}],\"inLanguage\":\"fr-BE\"},{\"@type\":\"Organization\",\"@id\":\"https:\\\/\\\/salonforall.nl\\\/#organization\",\"name\":\"Salon For All B.V.\",\"alternateName\":\"Salonforall.nl\",\"url\":\"https:\\\/\\\/salonforall.nl\\\/\",\"logo\":{\"@type\":\"ImageObject\",\"inLanguage\":\"fr-BE\",\"@id\":\"https:\\\/\\\/salonforall.nl\\\/#\\\/schema\\\/logo\\\/image\\\/\",\"url\":\"https:\\\/\\\/salonforall.nl\\\/wp-content\\\/uploads\\\/2025\\\/01\\\/logo-salon-for-all-groothandel-saloninrichting-e1736940477693.png\",\"contentUrl\":\"https:\\\/\\\/salonforall.nl\\\/wp-content\\\/uploads\\\/2025\\\/01\\\/logo-salon-for-all-groothandel-saloninrichting-e1736940477693.png\",\"width\":500,\"height\":125,\"caption\":\"Salon For All B.V.\"},\"image\":{\"@id\":\"https:\\\/\\\/salonforall.nl\\\/#\\\/schema\\\/logo\\\/image\\\/\"},\"description\":\"Salon For All is de groothandel voor praktijk- en saloninrichting en benodigdheden.\",\"email\":\"info@salonforall.com\",\"legalName\":\"Salon For All\",\"numberOfEmployees\":{\"@type\":\"QuantitativeValue\",\"minValue\":\"1\",\"maxValue\":\"10\"},\"hasMerchantReturnPolicy\":{\"@type\":\"MerchantReturnPolicy\",\"merchantReturnLink\":\"https:\\\/\\\/salonforall.nl\\\/fr-be\\\/retourvoorwaarden\\\/\"}}]}<\/script>\n<meta property=\"product:brand\" content=\"ACTIVESHOP\" \/>\n<meta property=\"product:price:amount\" content=\"727.23\" \/>\n<meta property=\"product:price:currency\" content=\"EUR\" \/>\n<meta property=\"og:availability\" content=\"instock\" \/>\n<meta property=\"product:availability\" content=\"instock\" \/>\n<meta property=\"product:retailer_item_id\" content=\"100709\" \/>\n<meta property=\"product:condition\" content=\"new\" \/>\n<!-- \/ Yoast SEO Premium plugin. -->","yoast_head_json":{"title":"Elektrische cosmetische tattoo behandelstoel lux zwart kopen bij Salon For All B.V. NL &amp; BE","description":"Elektrische cosmetische tattoo behandelstoel lux zwart koop je online of in de showroom bij Salon For All B.V. NL &amp; BE . De groothandel voor salons, praktijken en spa's in NL en BE.","robots":{"index":"index","follow":"follow","max-snippet":"max-snippet:-1","max-image-preview":"max-image-preview:large","max-video-preview":"max-video-preview:-1"},"canonical":"https:\/\/salonforall.nl\/fr-be\/chaise-electrique-de-traitement-de-tatouage-cosmetique-lux-black\/","og_locale":"fr_FR","og_type":"article","og_title":"Elektrische cosmetische tattoo behandelstoel lux zwart","og_description":"Elektrische cosmetische tattoo behandelstoel lux zwart koop je online of in de showroom bij Salon For All B.V. NL &amp; BE . De groothandel voor salons, praktijken en spa's in NL en BE.","og_url":"https:\/\/salonforall.nl\/fr-be\/chaise-electrique-de-traitement-de-tatouage-cosmetique-lux-black\/","og_site_name":"Salon For All B.V. NL &amp; BE","article_modified_time":"2026-04-13T13:35:31+00:00","og_image":[{"width":800,"height":800,"url":"https:\/\/salonforall.nl\/wp-content\/uploads\/2025\/01\/elektrische-cosmetische-tattoo-behandelstoel-lux-zwart-1-1.jpg","type":"image\/jpeg"}],"twitter_card":"summary_large_image","twitter_title":"Elektrische cosmetische tattoo behandelstoel lux zwart","twitter_misc":{"Price":"&nbsp;727,23 excl. btw","Availability":"In stock"},"schema":{"@context":"https:\/\/schema.org","@graph":[{"@type":"WebPage","@id":"https:\/\/salonforall.nl\/elektrische-cosmetische-tattoo-behandelstoel-lux-zwart\/","url":"https:\/\/salonforall.nl\/elektrische-cosmetische-tattoo-behandelstoel-lux-zwart\/","name":"Elektrische cosmetische tattoo behandelstoel lux zwart kopen bij Salon For All B.V. NL &amp; BE","isPartOf":{"@id":"https:\/\/salonforall.nl\/#website"},"primaryImageOfPage":{"@id":"https:\/\/salonforall.nl\/elektrische-cosmetische-tattoo-behandelstoel-lux-zwart\/#primaryimage"},"image":{"@id":"https:\/\/salonforall.nl\/elektrische-cosmetische-tattoo-behandelstoel-lux-zwart\/#primaryimage"},"thumbnailUrl":"https:\/\/salonforall.nl\/wp-content\/uploads\/2025\/01\/elektrische-cosmetische-tattoo-behandelstoel-lux-zwart-1-1.jpg","datePublished":"2025-01-16T09:34:59+00:00","dateModified":"2026-04-13T13:35:31+00:00","description":"Elektrische cosmetische tattoo behandelstoel lux zwart koop je online of in de showroom bij Salon For All B.V. NL &amp; BE . De groothandel voor salons, praktijken en spa's in NL en BE.","breadcrumb":{"@id":"https:\/\/salonforall.nl\/elektrische-cosmetische-tattoo-behandelstoel-lux-zwart\/#breadcrumb"},"inLanguage":"fr-BE","potentialAction":[{"@type":"ReadAction","target":["https:\/\/salonforall.nl\/elektrische-cosmetische-tattoo-behandelstoel-lux-zwart\/"]}]},{"@type":"ImageObject","inLanguage":"fr-BE","@id":"https:\/\/salonforall.nl\/elektrische-cosmetische-tattoo-behandelstoel-lux-zwart\/#primaryimage","url":"https:\/\/salonforall.nl\/wp-content\/uploads\/2025\/01\/elektrische-cosmetische-tattoo-behandelstoel-lux-zwart-1-1.jpg","contentUrl":"https:\/\/salonforall.nl\/wp-content\/uploads\/2025\/01\/elektrische-cosmetische-tattoo-behandelstoel-lux-zwart-1-1.jpg","width":800,"height":800,"caption":"Elektrische cosmetische tattoo behandelstoel lux zwart 1"},{"@type":"BreadcrumbList","@id":"https:\/\/salonforall.nl\/elektrische-cosmetische-tattoo-behandelstoel-lux-zwart\/#breadcrumb","itemListElement":[{"@type":"ListItem","position":1,"name":"Home","item":"https:\/\/salonforall.nl\/"},{"@type":"ListItem","position":2,"name":"Winkel","item":"https:\/\/salonforall.nl\/winkel\/"},{"@type":"ListItem","position":3,"name":"Elektrische cosmetische tattoo behandelstoel lux zwart"}]},{"@type":"WebSite","@id":"https:\/\/salonforall.nl\/#website","url":"https:\/\/salonforall.nl\/","name":"Salon pour tous","description":"Votre grossiste en mat\u00e9riel et fournitures pour cabinets m\u00e9dicaux et salons de coiffure","publisher":{"@id":"https:\/\/salonforall.nl\/#organization"},"alternateName":"salonforall.nl","potentialAction":[{"@type":"SearchAction","target":{"@type":"EntryPoint","urlTemplate":"https:\/\/salonforall.nl\/?s={search_term_string}"},"query-input":{"@type":"PropertyValueSpecification","valueRequired":true,"valueName":"search_term_string"}}],"inLanguage":"fr-BE"},{"@type":"Organization","@id":"https:\/\/salonforall.nl\/#organization","name":"Salon For All B.V.","alternateName":"Salonforall.nl","url":"https:\/\/salonforall.nl\/","logo":{"@type":"ImageObject","inLanguage":"fr-BE","@id":"https:\/\/salonforall.nl\/#\/schema\/logo\/image\/","url":"https:\/\/salonforall.nl\/wp-content\/uploads\/2025\/01\/logo-salon-for-all-groothandel-saloninrichting-e1736940477693.png","contentUrl":"https:\/\/salonforall.nl\/wp-content\/uploads\/2025\/01\/logo-salon-for-all-groothandel-saloninrichting-e1736940477693.png","width":500,"height":125,"caption":"Salon For All B.V."},"image":{"@id":"https:\/\/salonforall.nl\/#\/schema\/logo\/image\/"},"description":"Salon For All est le grossiste pour l'\u00e9quipement et les fournitures des cabinets et des salons de coiffure.","email":"info@salonforall.com","legalName":"Salon For All","numberOfEmployees":{"@type":"QuantitativeValue","minValue":"1","maxValue":"10"},"hasMerchantReturnPolicy":{"@type":"MerchantReturnPolicy","merchantReturnLink":"https:\/\/salonforall.nl\/fr-be\/retourvoorwaarden\/"}}]},"product_brand":"ACTIVESHOP","product_price_amount":"727.23","product_price_currency":"EUR","og_availability":"instock","product_availability":"instock","product_retailer_item_id":"100709","product_condition":"new"},"_links":{"self":[{"href":"https:\/\/salonforall.nl\/fr-be\/wp-json\/wp\/v2\/product\/2152","targetHints":{"allow":["GET"]}}],"collection":[{"href":"https:\/\/salonforall.nl\/fr-be\/wp-json\/wp\/v2\/product"}],"about":[{"href":"https:\/\/salonforall.nl\/fr-be\/wp-json\/wp\/v2\/types\/product"}],"replies":[{"embeddable":true,"href":"https:\/\/salonforall.nl\/fr-be\/wp-json\/wp\/v2\/comments?post=2152"}],"wp:featuredmedia":[{"embeddable":true,"href":"https:\/\/salonforall.nl\/fr-be\/wp-json\/wp\/v2\/media\/5994"}],"wp:attachment":[{"href":"https:\/\/salonforall.nl\/fr-be\/wp-json\/wp\/v2\/media?parent=2152"}],"wp:term":[{"taxonomy":"product_brand","embeddable":true,"href":"https:\/\/salonforall.nl\/fr-be\/wp-json\/wp\/v2\/product_brand?post=2152"},{"taxonomy":"product_cat","embeddable":true,"href":"https:\/\/salonforall.nl\/fr-be\/wp-json\/wp\/v2\/product_cat?post=2152"},{"taxonomy":"product_tag","embeddable":true,"href":"https:\/\/salonforall.nl\/fr-be\/wp-json\/wp\/v2\/product_tag?post=2152"}],"curies":[{"name":"wp","href":"https:\/\/api.w.org\/{rel}","templated":true}]}}