{"id":2178,"date":"2025-01-16T09:35:52","date_gmt":"2025-01-16T09:35:52","guid":{"rendered":"https:\/\/salonforall.nl\/cosmetische-tattoo-behandelstoel-hydraulisch-een-210-is-zwart\/"},"modified":"2026-04-13T21:05:09","modified_gmt":"2026-04-13T20:05:09","slug":"fauteuil-de-tatouage-cosmetique-hydraulique-a-210-est-noir","status":"publish","type":"product","link":"https:\/\/salonforall.nl\/fr-be\/cosmetische-tattoo-behandelstoel-hydraulisch-een-210-is-zwart\/","title":{"rendered":"Chaise de tatouage cosm\u00e9tique hydraulique a 210 est noire"},"content":{"rendered":"<h2>Informations sur les <strong>Chaise de tatouage cosm\u00e9tique hydraulique a 210 est noire avec num\u00e9ro d'article <\/strong>101743<\/h2>\n<p> A-210 fauteuil cosm\u00e9tique hydraulique <\/p>\n<p> Si\u00e8ge pivotant avec verrouillage, relev\u00e9 et abaiss\u00e9 hydrauliquement <br \/> avec trou dans l'appui-t\u00eate, id\u00e9al pour les cosm\u00e9tiques, le maquillage et les massages. il dispose d'accoudoirs amovibles et d'un appui-t\u00eate enfichable. Housse de fauteuil facilement lavable, en \u00e9co-cuir, conforme aux exigences strictes de l'UE, esth\u00e9tique, \u00e9l\u00e9ments m\u00e9talliques nickel\u00e9s. Elle est mont\u00e9e sous le fauteuil pour accueillir un drap jetable, une nappe ou une serviette. <br \/> Le fauteuil est disponible en noir. <\/p>\n<p> Le fauteuil est emball\u00e9 dans trois cartons, comprenant : <br \/> 1 paquet : <br > - base de fauteuil <br \/> - les pieds pour l'essentiel <br \/> - levier de pompage de l'ascenseur <br \/> - vis pour le montage de l'actionneur et du si\u00e8ge 5 pcs. <br \/> 2 pi\u00e8ces : <br \/> - actionneur <br \/> 3 pi\u00e8ces : <br > - si\u00e8ge avec prise d'appui-t\u00eate <br \/> - accoudoirs 2 pi\u00e8ces <br \/> - porte-feuilles <br \/> - guides pour la fixation du repose-pieds et du dossier 4 pcs. <br \/> - couvercle de l'actionneur <br \/> - instructions d'assemblage <br \/> - garantie <\/p>\n<p> dimensions de la chaise : <br \/> - si\u00e8ge inclinable avec appui-t\u00eate 63 x 180 cm <br \/> - hauteur min. 64 cm <br \/> - hauteur max. 80 cm Version europ\u00e9enne <br \/> - base 55 x 106,5 cm <\/p>\n<p> donn\u00e9es techniques : <br \/> - Poids brut (toutes bo\u00eetes confondues) 70 kg <br \/> - nombre de colis : 2 (les bo\u00eetes 2 et 3 sont emball\u00e9es ensemble) <br \/> - dimensions de l'emballage : 116 x 44 x 65 cm et 108 x 8 x 58 cm <\/p>\n<p> Nous proposons un plan de paiement \u00e9chelonn\u00e9 tr\u00e8s pratique. <\/p>\n<p>Les produits d'Activeshop sont comparativement moins chers que ceux de beaucoup d'autres marques\/vendeurs. Le prix est proportionnel \u00e0 la qualit\u00e9. Le fauteuil de tatouage cosm\u00e9tique hydraulique a 210 est noir est donc une solution \u00e0 bas seuil pour votre salon.<\/p>\n<h2>Comment la chaise de tatouage cosm\u00e9tique hydraulique 210 est-elle livr\u00e9e ?<\/h2>\n<p>Le <strong>Chaise de tatouage cosm\u00e9tique hydraulique a 210 est noire <\/strong>sera livr\u00e9 dans son (ses) emballage(s) d'origine. Pour les Pays-Bas et la Belgique, l'envoi de Cosmetic tattoo treatment chair hydraulic a 210 is black est gratuit \u00e0 partir d'une commande de 100,- euros. Pour les envois vers d'autres pays, des tarifs d'exp\u00e9dition distincts s'appliquent. Vous pouvez nous demander ces tarifs ou les trouver dans le panier d'achat. L'article Cosmetic tattoo treatment chair hydraulic a 210 is black est exp\u00e9di\u00e9 par un transporteur externe.<\/p>\n<p>Nous livrons les colis ou les palettes jusqu'au seuil de la porte d'entr\u00e9e, m\u00eame si vous vous trouvez dans un immeuble collectif, un immeuble \u00e0 appartements ou un complexe d'appartements avec ascenseur (\u00e0 condition que l'article puisse \u00eatre transport\u00e9 dans l'ascenseur). Il n'y a pas d'ascenseur ou l'article ne rentre pas dans l'ascenseur ? Dans ce cas, nous livrons sur le seuil du rez-de-chauss\u00e9e.<\/p>\n<p>Vous avez encore des questions concernant la livraison ou une situation particuli\u00e8re ? Contactez-nous et nous nous ferons un plaisir de vous aider !<\/p>\n<p><em>*Les articles ne sont pas d\u00e9ball\u00e9s ou assembl\u00e9s par d\u00e9faut. Dans des situations particuli\u00e8res, veuillez nous contacter pour prendre des dispositions.<\/em><\/p>\n<h2>Commande en ligne s\u00e9curis\u00e9e chez Salon For All avec la marque Webwinkelkeur et la s\u00e9curit\u00e9 SSL<\/h2>\n<p>Il est important pour nous que nos clients puissent faire leurs achats en ligne en toute s\u00e9curit\u00e9. Depuis 2019, nous avons adh\u00e9r\u00e9 au label de qualit\u00e9 national Webwinkelkeur. Notre identit\u00e9 a \u00e9t\u00e9 contr\u00f4l\u00e9e, v\u00e9rifi\u00e9e par eux et la boutique en ligne a \u00e9t\u00e9 l\u00e9galement v\u00e9rifi\u00e9e et approuv\u00e9e. En outre, notre boutique en ligne est affili\u00e9e \u00e0 eux pour la m\u00e9diation des litiges. Vous verrez le badge avec toutes les informations de ce Webwinkelkeurmerk sur le c\u00f4t\u00e9 gauche ou droit de la boutique en ligne (rose avec bouton blanc). Notre site est \u00e9galement s\u00e9curis\u00e9 par un certificat SSL, ce qui vous permet de naviguer en toute s\u00e9curit\u00e9. Dans la barre de votre navigateur Internet, \u00e0 l'endroit o\u00f9 notre site web est mentionn\u00e9, vous verrez un cadenas. Si vous cliquez sur le cadenas, vous obtiendrez toutes les informations relatives \u00e0 notre s\u00e9curit\u00e9. Cela vous permet de savoir que votre commande de Chaise de tatouage cosm\u00e9tique hydraulique a 210 est noire et que les donn\u00e9es personnelles sont trait\u00e9es en toute s\u00e9curit\u00e9.<\/p>\n<h2>Comment puis-je contr\u00f4ler la chaise de traitement Cosmetic tattoo hydraulic a 210 is black ?<\/h2>\n<p>Nous souhaitons vous faciliter la t\u00e2che au maximum. C'est pourquoi, chez Salon For All, vous pouvez payer avec tous les moyens de paiement connus et courants. Payer \u00e0 l'avance, \u00e0 la livraison ou apr\u00e8s coup, tout est possible. Voyez ici quels sont les modes de paiement que nous proposons<br \/>\noffre :<\/p>\n<ul>\n<li>Id\u00e9al<\/li>\n<li>Klarna - Post-paiement sur facture<\/li>\n<li>Bancontact (uniquement pour les clients belges)<\/li>\n<li>Payin3 - Payez en 3 fois avec un taux d'int\u00e9r\u00eat de 0% (uniquement pour les clients n\u00e9erlandais)<\/li>\n<li>Paypal<\/li>\n<li>Carte de cr\u00e9dit<\/li>\n<li>Apple pay<\/li>\n<li>Facture commerciale pour les entreprises<\/li>\n<li>Paiement dans la salle d'exposition - par carte bancaire ou en esp\u00e8ces (disponible uniquement lors de l'enl\u00e8vement)<\/li>\n<\/ul>\n<h2>Consultez \u00e9galement les avis sur Salon For ALL<\/h2>\n<p>Consultez aussi nos commentaires pour prendre en compte l'exp\u00e9rience de nos clients actuels avant de d\u00e9cider de commander le Cosmetic tattoo treatment chair hydraulic a 210 is black chez nous. Gr\u00e2ce \u00e0 notre label ind\u00e9pendant Webwinkelkeur, des avis v\u00e9rifi\u00e9s sont automatiquement recueillis aupr\u00e8s des clients qui ont pass\u00e9 une commande chez nous. Ceux-ci se trouvent derri\u00e8re le bouton rose de notre boutique en ligne ou sont list\u00e9s sous les produits.<\/p>\n<p>Apr\u00e8s votre achat, partagez \u00e9galement votre exp\u00e9rience avec votre chaise de traitement de tatouage cosm\u00e9tique command\u00e9e hydraulique une 210 est noire et l'exp\u00e9rience avec le processus d'achat ou contactez Salon Pour Tous pour inspirer les autres !<\/p>\n<h2>Contacter le Salon pour tous<\/h2>\n<p>Dans ce cas, contactez-nous. Nous nous ferons un plaisir de vous aider \u00e0 acheter la chaise de traitement de tatouage cosm\u00e9tique hydraulique a 210 is black. En semaine, vous pouvez nous joindre de 8h30 \u00e0 17h au num\u00e9ro de t\u00e9l\u00e9phone et \u00e0 l'adresse e-mail indiqu\u00e9s en haut de la boutique en ligne ou via la fonction \"chat\". En dehors des heures de bureau, nous r\u00e9pondons g\u00e9n\u00e9ralement aux questions dans les 24 heures. Il est \u00e9galement possible de nous rendre visite en dehors des jours ouvrables ou des heures de bureau. Il faut alors prendre rendez-vous \u00e0 l'avance.<\/p>\n<h2>Vous souhaitez visiter notre salle d'exposition ?<\/h2>\n<p>Vous pr\u00e9f\u00e9rez voir la chaise de traitement de tatouage cosm\u00e9tique hydraulique a 210 is black ou vous promener dans nos offres (web)shop avec notre coll\u00e8gue ? Dans ce cas, passez dans notre salle d'exposition, qui compte plus de 1 000 m2 d'\u00e9quipements de salon, et laissez-vous inspirer par notre personnel. M\u00eame si vous aimez discuter autour d'une bonne tasse de caf\u00e9 ou de th\u00e9, vous \u00eates le bienvenu. Nous ne disposons pas de tous les produits en exposition, veuillez donc nous pr\u00e9venir \u00e0 l'avance si vous souhaitez venir. Prenez toujours rendez-vous \u00e0 l'avance.<\/p>\n<h2>D\u00e9lai de r\u00e9flexion de 14 jours et politique de retour<\/h2>\n<p>Bien s\u00fbr, il peut arriver que le fauteuil de tatouage cosm\u00e9tique livr\u00e9 hydrauliquement soit un 210 est noir ne soit pas tout \u00e0 fait \u00e0 votre go\u00fbt et que vous souhaitiez le renvoyer. Cela ne pose aucun probl\u00e8me \u00e0 Salon For All. Vous devez nous signaler votre retour dans les 14 jours ouvrables par l'interm\u00e9diaire de <a href=\"mailto:info@salonforall.nl\">info@salonforall.nl<\/a> . Vous recevrez alors les premi\u00e8res instructions et conditions de retour. Veuillez noter que la chaise de traitement de tatouage cosm\u00e9tique hydraulique 210 est noire ne doit pas avoir \u00e9t\u00e9 utilis\u00e9e, doit contenir toutes les pi\u00e8ces fournies et doit \u00eatre retourn\u00e9e emball\u00e9e dans l'emballage d'origine. Les frais d'exp\u00e9dition d'un retour sont toujours \u00e0 la charge de l'acheteur lors d'un achat via www.salonforall.nl. Vous devez organiser votre propre transport pour un retour avec un transporteur de votre choix. Une fois que la chaise de traitement de tatouage cosm\u00e9tique hydraulique 210 is black est retourn\u00e9e, elle sera v\u00e9rifi\u00e9e pour s'assurer qu'elle est compl\u00e8te et qu'elle n'a pas \u00e9t\u00e9 endommag\u00e9e. Une fois le retour approuv\u00e9, le montant de l'achat sera rembours\u00e9 sur le num\u00e9ro de compte dont nous avons connaissance dans les 5 jours ouvrables.<\/p>\n<h2>Qui est Salon For All ?<\/h2>\n<p>Salon For all est le grossiste pour tout \u00e9quipement de salon en Europe. Salon For All a d\u00e9marr\u00e9 en 2003 sous le nom de Salonvoordeel et est n\u00e9 de la pratique. Les propri\u00e9taires de Salon For All \u00e9taient des coiffeurs et des esth\u00e9ticiennes exp\u00e9riment\u00e9s et ont ensemble plus de 30 ans d'exp\u00e9rience pratique. Nous avons lanc\u00e9 Salonvoordeel.nl (Pays-Bas) en 2003, puis Salon For All a \u00e9t\u00e9 cr\u00e9\u00e9 pour le march\u00e9 europ\u00e9en. Un certain nombre de nos employ\u00e9s ont cr\u00e9\u00e9 leur propre entreprise et l'id\u00e9e est n\u00e9e de lancer une boutique en ligne fonctionnelle pour les coiffeurs et de les aider \u00e0 am\u00e9nager leur salon. Gr\u00e2ce \u00e0 nos ann\u00e9es d'exp\u00e9rience dans le secteur, nous pouvons vous tendre un miroir et vous donner les bons conseils. Nous parlons le m\u00eame langage ! Nous vous conseillons, nous vous inspirons, nous vous motivons et nous vous aidons \u00e0 acheter une boutique en ligne. <em>Chaise de tatouage cosm\u00e9tique hydraulique a 210 est noire<\/em>. Nos fournisseurs sont r\u00e9partis dans toute l'Europe, de l'Allemagne \u00e0 la Pologne en passant par l'Angleterre et l'Italie.<\/p>","protected":false},"excerpt":{"rendered":"<p>La chaise de traitement de tatouage cosm\u00e9tique hydraulic a 210 est noire de la marque ACTIVESHOP est une solution abordable pour tout salon. Le d\u00e9lai de livraison pour cette chaise de traitement est de 2 \u00e0 6 jours ouvrables.<\/p>","protected":false},"featured_media":6018,"comment_status":"closed","ping_status":"open","template":"","meta":[],"product_brand":[],"product_cat":[73,72,81,102,103,104],"product_tag":[],"class_list":{"0":"post-2178","1":"product","2":"type-product","3":"status-publish","4":"has-post-thumbnail","6":"product_cat-behandelstoel","7":"product_cat-behandelstoelen","8":"product_cat-hydraulische-behandelstoel","9":"product_cat-tattoo-shop","10":"product_cat-tattoo-shop-inrichting","11":"product_cat-tattoo-stoel","12":"pa_kleur-zwart","13":"pa_levertijd-3-6-werkdagen","14":"pa_merk-activeshop","15":"pa_type-stoel-hydraulisch","17":"first","18":"instock","19":"sale","20":"taxable","21":"shipping-taxable","22":"purchasable","23":"product-type-simple"},"yoast_head":"<!-- This site is optimized with the Yoast SEO Premium plugin v27.3 (Yoast SEO v27.3) - https:\/\/yoast.com\/product\/yoast-seo-premium-wordpress\/ -->\n<title>Cosmetische tattoo behandelstoel hydraulisch een 210 is zwart kopen bij Salon For All B.V. NL &amp; BE<\/title>\n<meta name=\"description\" content=\"Cosmetische tattoo behandelstoel hydraulisch een 210 is zwart koop je online of in de showroom bij Salon For All B.V. NL &amp; BE . De groothandel voor salons, praktijken en spa&#039;s in NL en BE.\" \/>\n<meta name=\"robots\" content=\"index, follow, max-snippet:-1, max-image-preview:large, max-video-preview:-1\" \/>\n<link rel=\"canonical\" href=\"https:\/\/salonforall.nl\/fr-be\/fauteuil-de-tatouage-cosmetique-hydraulique-a-210-est-noir\/\" \/>\n<meta property=\"og:locale\" content=\"fr_FR\" \/>\n<meta property=\"og:type\" content=\"article\" \/>\n<meta property=\"og:title\" content=\"Cosmetische tattoo behandelstoel hydraulisch een 210 is zwart\" \/>\n<meta property=\"og:description\" content=\"Cosmetische tattoo behandelstoel hydraulisch een 210 is zwart koop je online of in de showroom bij Salon For All B.V. NL &amp; BE . De groothandel voor salons, praktijken en spa&#039;s in NL en BE.\" \/>\n<meta property=\"og:url\" content=\"https:\/\/salonforall.nl\/fr-be\/fauteuil-de-tatouage-cosmetique-hydraulique-a-210-est-noir\/\" \/>\n<meta property=\"og:site_name\" content=\"Salon For All B.V. NL &amp; BE\" \/>\n<meta property=\"article:modified_time\" content=\"2026-04-13T20:05:09+00:00\" \/>\n<meta property=\"og:image\" content=\"https:\/\/salonforall.nl\/wp-content\/uploads\/2025\/01\/cosmetische-tattoo-behandelstoel-hydraulisch-een-210-is-zwart-1-1.jpg\" \/>\n\t<meta property=\"og:image:width\" content=\"800\" \/>\n\t<meta property=\"og:image:height\" content=\"800\" \/>\n\t<meta property=\"og:image:type\" content=\"image\/jpeg\" \/>\n<meta name=\"twitter:card\" content=\"summary_large_image\" \/>\n<meta name=\"twitter:title\" content=\"Cosmetische tattoo behandelstoel hydraulisch een 210 is zwart\" \/>\n<meta name=\"twitter:label1\" content=\"Price\" \/>\n\t<meta name=\"twitter:data1\" content=\"&nbsp;279,25 excl. btw\" \/>\n\t<meta name=\"twitter:label2\" content=\"Availability\" \/>\n\t<meta name=\"twitter:data2\" content=\"In stock\" \/>\n<script type=\"application\/ld+json\" class=\"yoast-schema-graph\">{\"@context\":\"https:\\\/\\\/schema.org\",\"@graph\":[{\"@type\":\"WebPage\",\"@id\":\"https:\\\/\\\/salonforall.nl\\\/cosmetische-tattoo-behandelstoel-hydraulisch-een-210-is-zwart\\\/\",\"url\":\"https:\\\/\\\/salonforall.nl\\\/cosmetische-tattoo-behandelstoel-hydraulisch-een-210-is-zwart\\\/\",\"name\":\"Cosmetische tattoo behandelstoel hydraulisch een 210 is zwart kopen bij Salon For All B.V. NL &amp; BE\",\"isPartOf\":{\"@id\":\"https:\\\/\\\/salonforall.nl\\\/#website\"},\"primaryImageOfPage\":{\"@id\":\"https:\\\/\\\/salonforall.nl\\\/cosmetische-tattoo-behandelstoel-hydraulisch-een-210-is-zwart\\\/#primaryimage\"},\"image\":{\"@id\":\"https:\\\/\\\/salonforall.nl\\\/cosmetische-tattoo-behandelstoel-hydraulisch-een-210-is-zwart\\\/#primaryimage\"},\"thumbnailUrl\":\"https:\\\/\\\/salonforall.nl\\\/wp-content\\\/uploads\\\/2025\\\/01\\\/cosmetische-tattoo-behandelstoel-hydraulisch-een-210-is-zwart-1-1.jpg\",\"datePublished\":\"2025-01-16T09:35:52+00:00\",\"dateModified\":\"2026-04-13T20:05:09+00:00\",\"description\":\"Cosmetische tattoo behandelstoel hydraulisch een 210 is zwart koop je online of in de showroom bij Salon For All B.V. NL &amp; BE . De groothandel voor salons, praktijken en spa's in NL en BE.\",\"breadcrumb\":{\"@id\":\"https:\\\/\\\/salonforall.nl\\\/cosmetische-tattoo-behandelstoel-hydraulisch-een-210-is-zwart\\\/#breadcrumb\"},\"inLanguage\":\"fr-BE\",\"potentialAction\":[{\"@type\":\"ReadAction\",\"target\":[\"https:\\\/\\\/salonforall.nl\\\/cosmetische-tattoo-behandelstoel-hydraulisch-een-210-is-zwart\\\/\"]}]},{\"@type\":\"ImageObject\",\"inLanguage\":\"fr-BE\",\"@id\":\"https:\\\/\\\/salonforall.nl\\\/cosmetische-tattoo-behandelstoel-hydraulisch-een-210-is-zwart\\\/#primaryimage\",\"url\":\"https:\\\/\\\/salonforall.nl\\\/wp-content\\\/uploads\\\/2025\\\/01\\\/cosmetische-tattoo-behandelstoel-hydraulisch-een-210-is-zwart-1-1.jpg\",\"contentUrl\":\"https:\\\/\\\/salonforall.nl\\\/wp-content\\\/uploads\\\/2025\\\/01\\\/cosmetische-tattoo-behandelstoel-hydraulisch-een-210-is-zwart-1-1.jpg\",\"width\":800,\"height\":800,\"caption\":\"Cosmetische tattoo behandelstoel hydraulisch een 210 is zwart 1\"},{\"@type\":\"BreadcrumbList\",\"@id\":\"https:\\\/\\\/salonforall.nl\\\/cosmetische-tattoo-behandelstoel-hydraulisch-een-210-is-zwart\\\/#breadcrumb\",\"itemListElement\":[{\"@type\":\"ListItem\",\"position\":1,\"name\":\"Home\",\"item\":\"https:\\\/\\\/salonforall.nl\\\/\"},{\"@type\":\"ListItem\",\"position\":2,\"name\":\"Winkel\",\"item\":\"https:\\\/\\\/salonforall.nl\\\/winkel\\\/\"},{\"@type\":\"ListItem\",\"position\":3,\"name\":\"Cosmetische tattoo behandelstoel hydraulisch een 210 is zwart\"}]},{\"@type\":\"WebSite\",\"@id\":\"https:\\\/\\\/salonforall.nl\\\/#website\",\"url\":\"https:\\\/\\\/salonforall.nl\\\/\",\"name\":\"Salon For All\",\"description\":\"Jouw groothandel voor praktijk- &amp; saloninrichting en benodigdheden\",\"publisher\":{\"@id\":\"https:\\\/\\\/salonforall.nl\\\/#organization\"},\"alternateName\":\"salonforall.nl\",\"potentialAction\":[{\"@type\":\"SearchAction\",\"target\":{\"@type\":\"EntryPoint\",\"urlTemplate\":\"https:\\\/\\\/salonforall.nl\\\/?s={search_term_string}\"},\"query-input\":{\"@type\":\"PropertyValueSpecification\",\"valueRequired\":true,\"valueName\":\"search_term_string\"}}],\"inLanguage\":\"fr-BE\"},{\"@type\":\"Organization\",\"@id\":\"https:\\\/\\\/salonforall.nl\\\/#organization\",\"name\":\"Salon For All B.V.\",\"alternateName\":\"Salonforall.nl\",\"url\":\"https:\\\/\\\/salonforall.nl\\\/\",\"logo\":{\"@type\":\"ImageObject\",\"inLanguage\":\"fr-BE\",\"@id\":\"https:\\\/\\\/salonforall.nl\\\/#\\\/schema\\\/logo\\\/image\\\/\",\"url\":\"https:\\\/\\\/salonforall.nl\\\/wp-content\\\/uploads\\\/2025\\\/01\\\/logo-salon-for-all-groothandel-saloninrichting-e1736940477693.png\",\"contentUrl\":\"https:\\\/\\\/salonforall.nl\\\/wp-content\\\/uploads\\\/2025\\\/01\\\/logo-salon-for-all-groothandel-saloninrichting-e1736940477693.png\",\"width\":500,\"height\":125,\"caption\":\"Salon For All B.V.\"},\"image\":{\"@id\":\"https:\\\/\\\/salonforall.nl\\\/#\\\/schema\\\/logo\\\/image\\\/\"},\"description\":\"Salon For All is de groothandel voor praktijk- en saloninrichting en benodigdheden.\",\"email\":\"info@salonforall.com\",\"legalName\":\"Salon For All\",\"numberOfEmployees\":{\"@type\":\"QuantitativeValue\",\"minValue\":\"1\",\"maxValue\":\"10\"},\"hasMerchantReturnPolicy\":{\"@type\":\"MerchantReturnPolicy\",\"merchantReturnLink\":\"https:\\\/\\\/salonforall.nl\\\/fr-be\\\/retourvoorwaarden\\\/\"}}]}<\/script>\n<meta property=\"product:brand\" content=\"ACTIVESHOP\" \/>\n<meta property=\"product:price:amount\" content=\"279.25\" \/>\n<meta property=\"product:price:currency\" content=\"EUR\" \/>\n<meta property=\"og:availability\" content=\"instock\" \/>\n<meta property=\"product:availability\" content=\"instock\" \/>\n<meta property=\"product:retailer_item_id\" content=\"101743\" \/>\n<meta property=\"product:condition\" content=\"new\" \/>\n<!-- \/ Yoast SEO Premium plugin. -->","yoast_head_json":{"title":"Cosmetische tattoo behandelstoel hydraulisch een 210 is zwart kopen bij Salon For All B.V. NL &amp; BE","description":"Cosmetische tattoo behandelstoel hydraulisch een 210 is zwart koop je online of in de showroom bij Salon For All B.V. NL &amp; BE . De groothandel voor salons, praktijken en spa's in NL en BE.","robots":{"index":"index","follow":"follow","max-snippet":"max-snippet:-1","max-image-preview":"max-image-preview:large","max-video-preview":"max-video-preview:-1"},"canonical":"https:\/\/salonforall.nl\/fr-be\/fauteuil-de-tatouage-cosmetique-hydraulique-a-210-est-noir\/","og_locale":"fr_FR","og_type":"article","og_title":"Cosmetische tattoo behandelstoel hydraulisch een 210 is zwart","og_description":"Cosmetische tattoo behandelstoel hydraulisch een 210 is zwart koop je online of in de showroom bij Salon For All B.V. NL &amp; BE . De groothandel voor salons, praktijken en spa's in NL en BE.","og_url":"https:\/\/salonforall.nl\/fr-be\/fauteuil-de-tatouage-cosmetique-hydraulique-a-210-est-noir\/","og_site_name":"Salon For All B.V. NL &amp; BE","article_modified_time":"2026-04-13T20:05:09+00:00","og_image":[{"width":800,"height":800,"url":"https:\/\/salonforall.nl\/wp-content\/uploads\/2025\/01\/cosmetische-tattoo-behandelstoel-hydraulisch-een-210-is-zwart-1-1.jpg","type":"image\/jpeg"}],"twitter_card":"summary_large_image","twitter_title":"Cosmetische tattoo behandelstoel hydraulisch een 210 is zwart","twitter_misc":{"Price":"&nbsp;279,25 excl. btw","Availability":"In stock"},"schema":{"@context":"https:\/\/schema.org","@graph":[{"@type":"WebPage","@id":"https:\/\/salonforall.nl\/cosmetische-tattoo-behandelstoel-hydraulisch-een-210-is-zwart\/","url":"https:\/\/salonforall.nl\/cosmetische-tattoo-behandelstoel-hydraulisch-een-210-is-zwart\/","name":"Cosmetische tattoo behandelstoel hydraulisch een 210 is zwart kopen bij Salon For All B.V. NL &amp; BE","isPartOf":{"@id":"https:\/\/salonforall.nl\/#website"},"primaryImageOfPage":{"@id":"https:\/\/salonforall.nl\/cosmetische-tattoo-behandelstoel-hydraulisch-een-210-is-zwart\/#primaryimage"},"image":{"@id":"https:\/\/salonforall.nl\/cosmetische-tattoo-behandelstoel-hydraulisch-een-210-is-zwart\/#primaryimage"},"thumbnailUrl":"https:\/\/salonforall.nl\/wp-content\/uploads\/2025\/01\/cosmetische-tattoo-behandelstoel-hydraulisch-een-210-is-zwart-1-1.jpg","datePublished":"2025-01-16T09:35:52+00:00","dateModified":"2026-04-13T20:05:09+00:00","description":"Cosmetische tattoo behandelstoel hydraulisch een 210 is zwart koop je online of in de showroom bij Salon For All B.V. NL &amp; BE . De groothandel voor salons, praktijken en spa's in NL en BE.","breadcrumb":{"@id":"https:\/\/salonforall.nl\/cosmetische-tattoo-behandelstoel-hydraulisch-een-210-is-zwart\/#breadcrumb"},"inLanguage":"fr-BE","potentialAction":[{"@type":"ReadAction","target":["https:\/\/salonforall.nl\/cosmetische-tattoo-behandelstoel-hydraulisch-een-210-is-zwart\/"]}]},{"@type":"ImageObject","inLanguage":"fr-BE","@id":"https:\/\/salonforall.nl\/cosmetische-tattoo-behandelstoel-hydraulisch-een-210-is-zwart\/#primaryimage","url":"https:\/\/salonforall.nl\/wp-content\/uploads\/2025\/01\/cosmetische-tattoo-behandelstoel-hydraulisch-een-210-is-zwart-1-1.jpg","contentUrl":"https:\/\/salonforall.nl\/wp-content\/uploads\/2025\/01\/cosmetische-tattoo-behandelstoel-hydraulisch-een-210-is-zwart-1-1.jpg","width":800,"height":800,"caption":"Cosmetische tattoo behandelstoel hydraulisch een 210 is zwart 1"},{"@type":"BreadcrumbList","@id":"https:\/\/salonforall.nl\/cosmetische-tattoo-behandelstoel-hydraulisch-een-210-is-zwart\/#breadcrumb","itemListElement":[{"@type":"ListItem","position":1,"name":"Home","item":"https:\/\/salonforall.nl\/"},{"@type":"ListItem","position":2,"name":"Winkel","item":"https:\/\/salonforall.nl\/winkel\/"},{"@type":"ListItem","position":3,"name":"Cosmetische tattoo behandelstoel hydraulisch een 210 is zwart"}]},{"@type":"WebSite","@id":"https:\/\/salonforall.nl\/#website","url":"https:\/\/salonforall.nl\/","name":"Salon pour tous","description":"Votre grossiste en mat\u00e9riel et fournitures pour cabinets m\u00e9dicaux et salons de coiffure","publisher":{"@id":"https:\/\/salonforall.nl\/#organization"},"alternateName":"salonforall.nl","potentialAction":[{"@type":"SearchAction","target":{"@type":"EntryPoint","urlTemplate":"https:\/\/salonforall.nl\/?s={search_term_string}"},"query-input":{"@type":"PropertyValueSpecification","valueRequired":true,"valueName":"search_term_string"}}],"inLanguage":"fr-BE"},{"@type":"Organization","@id":"https:\/\/salonforall.nl\/#organization","name":"Salon For All B.V.","alternateName":"Salonforall.nl","url":"https:\/\/salonforall.nl\/","logo":{"@type":"ImageObject","inLanguage":"fr-BE","@id":"https:\/\/salonforall.nl\/#\/schema\/logo\/image\/","url":"https:\/\/salonforall.nl\/wp-content\/uploads\/2025\/01\/logo-salon-for-all-groothandel-saloninrichting-e1736940477693.png","contentUrl":"https:\/\/salonforall.nl\/wp-content\/uploads\/2025\/01\/logo-salon-for-all-groothandel-saloninrichting-e1736940477693.png","width":500,"height":125,"caption":"Salon For All B.V."},"image":{"@id":"https:\/\/salonforall.nl\/#\/schema\/logo\/image\/"},"description":"Salon For All est le grossiste pour l'\u00e9quipement et les fournitures des cabinets et des salons de coiffure.","email":"info@salonforall.com","legalName":"Salon For All","numberOfEmployees":{"@type":"QuantitativeValue","minValue":"1","maxValue":"10"},"hasMerchantReturnPolicy":{"@type":"MerchantReturnPolicy","merchantReturnLink":"https:\/\/salonforall.nl\/fr-be\/retourvoorwaarden\/"}}]},"product_brand":"ACTIVESHOP","product_price_amount":"279.25","product_price_currency":"EUR","og_availability":"instock","product_availability":"instock","product_retailer_item_id":"101743","product_condition":"new"},"_links":{"self":[{"href":"https:\/\/salonforall.nl\/fr-be\/wp-json\/wp\/v2\/product\/2178","targetHints":{"allow":["GET"]}}],"collection":[{"href":"https:\/\/salonforall.nl\/fr-be\/wp-json\/wp\/v2\/product"}],"about":[{"href":"https:\/\/salonforall.nl\/fr-be\/wp-json\/wp\/v2\/types\/product"}],"replies":[{"embeddable":true,"href":"https:\/\/salonforall.nl\/fr-be\/wp-json\/wp\/v2\/comments?post=2178"}],"wp:featuredmedia":[{"embeddable":true,"href":"https:\/\/salonforall.nl\/fr-be\/wp-json\/wp\/v2\/media\/6018"}],"wp:attachment":[{"href":"https:\/\/salonforall.nl\/fr-be\/wp-json\/wp\/v2\/media?parent=2178"}],"wp:term":[{"taxonomy":"product_brand","embeddable":true,"href":"https:\/\/salonforall.nl\/fr-be\/wp-json\/wp\/v2\/product_brand?post=2178"},{"taxonomy":"product_cat","embeddable":true,"href":"https:\/\/salonforall.nl\/fr-be\/wp-json\/wp\/v2\/product_cat?post=2178"},{"taxonomy":"product_tag","embeddable":true,"href":"https:\/\/salonforall.nl\/fr-be\/wp-json\/wp\/v2\/product_tag?post=2178"}],"curies":[{"name":"wp","href":"https:\/\/api.w.org\/{rel}","templated":true}]}}