{"id":2775,"date":"2025-01-15T20:37:32","date_gmt":"2025-01-15T20:37:32","guid":{"rendered":"https:\/\/salonforall.nl\/kappersstoel-gabbiano-niccolo-zwart\/"},"modified":"2026-04-14T21:20:39","modified_gmt":"2026-04-14T20:20:39","slug":"kappersstoel-gabbiano-niccolo-zwart","status":"publish","type":"product","link":"https:\/\/salonforall.nl\/fr-be\/kappersstoel-gabbiano-niccolo-zwart\/","title":{"rendered":"Kappersstoel Gabbiano Niccolo Zwart"},"content":{"rendered":"<h2>Informations sur les <strong>Kappersstoel Gabbiano Niccolo Zwart met artikelnummer <\/strong>148993<\/h2>\n<p><img decoding=\"async\" src=\"https:\/\/activeshop.com.pl\/media\/wysiwyg\/product\/148993\/EN_148993_1.jpg\"><\/p>\n<p><strong>Gabbiano<\/strong> is een luxe merk van kappersapparatuur en -meubilair, gekenmerkt door betrouwbaarheid, kwaliteit, esthetiek van vakmanschap en hoog gebruikscomfort. Het biedt een ruime keuze aan functionele salonapparatuur, zoals stoelen, wasmachines en infrazones.<\/p>\n<p><img decoding=\"async\" src=\"https:\/\/activeshop.com.pl\/media\/wysiwyg\/product\/148993\/EN_148993_2. jpg\"><\/p>\n<h2><strong>Stijlvolle Kappersstoel<\/strong><\/h2>\n<p>L'\u00e9l\u00e9gante <strong>Gabbiano Niccolo kappersstoel<\/strong> est un meuble pratique \u00e9quip\u00e9 d'un <strong>\u00e9l\u00e9vation hydraulique durable et repose-pieds et dossier r\u00e9glables<\/strong>. Dankzij de ruime keuze aan instelmogelijkheden kunt u de stoel afstemmen op de uitgevoerde behandelingen, waardoor het comfort van de dienstverlening <strong>aanzienlijk toeneemt<\/strong>. De esthetische afwerking maakt de stoel tot een decoratie voor elk interieur, terwijl de hoge functionaliteit zorgt voor <strong>le confort et l'efficacit\u00e9 au travail<\/strong>.<\/p>\n<p><img decoding=\"async\" src=\"https:\/\/activeshop.com. pl\/media\/wysiwyg\/product\/148993\/EN_148993_3.jpg\"><\/p>\n<h2><strong>Breed scala aan aanpassingsmogelijkheden<\/strong><\/h2>\n<p>A <strong>ascenseur hydraulique durable<\/strong> maakt een eenvoudige aanpassing van de zithoogte <strong>tussen 56-70 cm<\/strong> mogelijk, zelfs als de cli\u00ebnt zit. Dit garandeert een <strong>ergonomische bediening<\/strong> en maakt het eenvoudig om het zitniveau aan te passen aan de lengte van zowel de cli\u00ebnt als de bestuurder. De stoel is voorzien van een <strong>dossier inclinable et repose-pieds r\u00e9glable<\/strong>, ce qui fait que le client <strong>in een comfortabele, semi-liggende positie<\/strong> kan worden gepositioneerd. Deze regeling zorgt voor een betere toegang tijdens bepaalde diensten. Bovendien biedt de <strong>Appui-t\u00eate extensible de 20 cm<\/strong> uitstekende hoofdsteun, dankzij het aanpasbare ontwerp.<\/p>\n<p><img decoding=\"async\" src=\"https:\/\/activeshop.com.pl\/media\/wysiwyg \/product\/148993\/EN_148993_4.jpg\"><\/p>\n<h2><strong>Caract\u00e9ristiques de confort<\/strong><\/h2>\n<p>A <strong>comfortabele, met schuim gevulde stoel<\/strong> garandeert comfort voor de cli\u00ebnt tijdens een verscheidenheid aan diensten. De voorgevormde rugleuning zorgt voor een comfortabele houding en biedt uitstekende rugondersteuning, <strong>wat vooral belangrijk is tijdens langere behandelingen<\/strong>. En dotant la chaise d'un <strong>m\u00e9canisme de rotation compl\u00e8te<\/strong> wordt het werken effectiever en comfortabeler. Gestoffeerde armleuningen die op de juiste hoogte zijn geplaatst, zorgen voor een goede positionering van de schouders van de cli\u00ebnt, <strong>voorkomen dat de cli\u00ebnt zijn hoofd in de schouders steekt of vooroverbuigt<\/strong>, wat nauwkeurige behandelingen aanzienlijk vergemakkelijkt. De <strong>handdoekhouder onder de armleuning<\/strong> verbetert de werkeffici\u00ebntie aanzienlijk. De <strong>opening tussen de rugleuning en de zitting<\/strong> maakt het gemakkelijker om de salon schoon te houden, waardoor een effici\u00ebnte ontharing vanuit elke hoek van de stoel mogelijk is en de werkplek sneller gereedgemaakt kan worden voor de volgende klanten.<\/p>\n<p> <p><img decoding=\"async\" src=\"https:\/\/activeshop.com.pl\/media\/wysiwyg\/product\/148993\/EN_148993_5.jpg\"><\/p>\n<h2><strong>Elegant ontwerp met hoge Functionaliteit<\/strong><\/h2>\n<p><strong>Een solide basisconstructie<\/strong> zorgt voor stabiliteit en hoog gebruikscomfort. De zitvulling van duurzaam, vervormingsbestendig schuim en de bekleding van aangenaam aanvoelend kunstleer met een matte afwerking zorgen voor <strong>duurzaamheid op lange termijn en comfortabel gebruik van het meubilair<\/strong>. De gebruikte materialen maken de apparatuur bovendien <strong>r\u00e9sistant \u00e0 l'humidit\u00e9, durable et facile \u00e0 nettoyer<\/strong>. De hoes in zwarttinten met stiksels en decoratieve knopen, samen met de versierde voetsteun, geven hem een \u200b\u200buniek karakter. De stoel, met zijn <strong>onderscheidende ontwerp<\/strong> dat verwijst naar vintage stijl, past perfect in de sfeer van kapperszaken en versterkt hun unieke sfeer.<\/p>\n<p><img decoding=\"async\" src=\"https:\/\/activeshop.com .pl\/media\/wysiwyg\/product\/148993\/EN_148993_6.jpg\"><\/p>\n<p>Gedetailleerde afmetingen zijn te zien op de foto.<br \/><strong>Inclus :<\/strong> chaise, actionneur avec base, appui-t\u00eate.<\/p>\n<p><strong>Donn\u00e9es :<\/strong><br \/>Levage : hydraulique<br \/>Train de roulement : rond<br \/>Mat\u00e9riau du rembourrage : cuir synth\u00e9tique<br \/>Kleur bekleding: tinten van zwart<\/p>\n<div class=\"video-container\"> <iframe height=\"315\" src=\"https:\/\/www.youtube.com\/embed\/G5KKbQP3FCA\" frameborder=\"0\" width=\"560\" allowfullscreen allow=\"accelerometer; autoplay; gecodeerde media; gyroscoop; beeld-in-beeld\"> <\/iframe><\/p>\n<p>Activeshop producten zijn in verhouding goedkoper dan vele andere merken\/ aanbieders. De prijs staat in verhouding met de kwaliteit. De Kappersstoel Gabbiano Niccolo Zwart is hierdoor een laagdrempelige oplossing voor jouw salon.<\/p>\n<h2>Hoe wordt de Kappersstoel Gabbiano Niccolo Zwart geleverd?<\/h2>\n<p>Le <strong>Kappersstoel Gabbiano Niccolo Zwart <\/strong>wordt geleverd in originele verpakking(en). Binnen Nederland en Belgi\u00eb is de verzending van de Kappersstoel Gabbiano Niccolo Zwart geheel gratis bij een bestelling v.a. 100,- euro. Bij verzendingen naar andere landen gelden aparte verzendtarieven. Je kunt deze tarieven bij ons opvragen of terugvinden in de winkelwagen. De Kappersstoel Gabbiano Niccolo Zwart wordt verzonden via een externe koerier.<\/p>\n<p>Nous livrons les colis ou les palettes jusqu'au seuil de la porte d'entr\u00e9e, m\u00eame si vous vous trouvez dans un immeuble collectif, un immeuble \u00e0 appartements ou un complexe d'appartements avec ascenseur (\u00e0 condition que l'article puisse \u00eatre transport\u00e9 dans l'ascenseur). Il n'y a pas d'ascenseur ou l'article ne rentre pas dans l'ascenseur ? Dans ce cas, nous livrons sur le seuil du rez-de-chauss\u00e9e.<\/p>\n<p>Vous avez encore des questions concernant la livraison ou une situation particuli\u00e8re ? Contactez-nous et nous nous ferons un plaisir de vous aider !<\/p>\n<p><em>*Les articles ne sont pas d\u00e9ball\u00e9s ou assembl\u00e9s par d\u00e9faut. Dans des situations particuli\u00e8res, veuillez nous contacter pour prendre des dispositions.<\/em><\/p>\n<h2>Commande en ligne s\u00e9curis\u00e9e chez Salon For All avec la marque Webwinkelkeur et la s\u00e9curit\u00e9 SSL<\/h2>\n<p>We vinden het belangrijk dat onze klanten veilig online bij ons kunnen shoppen. We zijn sinds 2019 aangesloten bij het landelijke Webwinkelkeur keurmerk. Onze identiteit is door hen gecontroleerd, geverifieerd en de webshop is juridisch gecontroleerd en goedgekeurd. Daarnaast is onze webwinkel is bij hen aangesloten voor geschillen bemiddeling. Je ziet de badge met alle informatie van dit webwinkel keurmerk aan de linker- of rechterkant van de webshop staan (roze met witte button). Ook is onze site beveiligd met een SSL-certificaat waardoor je bij ons veilig kunt browsen. In de balk van je internetbrowser, waar onze website in vermeld is, zie je een slotje staan. Als je op het slotje klikt, krijg je alle informatie over onze beveiliging. Hierdoor weet je dat je bestelling van de Kappersstoel Gabbiano Niccolo Zwart en persoonsgegevens veilig verwerkt worden.<\/p>\n<h2>Hoe kan ik de Kappersstoel Gabbiano Niccolo Zwart afrekenen?<\/h2>\n<p>Nous souhaitons vous faciliter la t\u00e2che au maximum. C'est pourquoi, chez Salon For All, vous pouvez payer avec tous les moyens de paiement connus et courants. Payer \u00e0 l'avance, \u00e0 la livraison ou apr\u00e8s coup, tout est possible. Voyez ici quels sont les modes de paiement que nous proposons<br \/>\noffre :<\/p>\n<ul>\n<li>Id\u00e9al<\/li>\n<li>Klarna - Post-paiement sur facture<\/li>\n<li>Bancontact (uniquement pour les clients belges)<\/li>\n<li>Payin3 - Payez en 3 fois avec un taux d'int\u00e9r\u00eat de 0% (uniquement pour les clients n\u00e9erlandais)<\/li>\n<li>Paypal<\/li>\n<li>Carte de cr\u00e9dit<\/li>\n<li>Apple pay<\/li>\n<li>Facture commerciale pour les entreprises<\/li>\n<li>Paiement dans la salle d'exposition - par carte bancaire ou en esp\u00e8ces (disponible uniquement lors de l'enl\u00e8vement)<\/li>\n<\/ul>\n<h2>Consultez \u00e9galement les avis sur Salon For ALL<\/h2>\n<p>Bekijk ook onze reviews om ervaringen van onze huidige klanten me te nemen in je besluit om de Kappersstoel Gabbiano Niccolo Zwart bij ons te bestellen. Via ons onafhankelijke webwinkel keurmerk van Webwinkelkeur worden automatisch geverifieerde reviews verzameld van klanten die bij ons een bestelling hebben voldaan. Deze vind je terug achter de roze button op onze webwinkel of staan vermeld onder de producten.<\/p>\n<p>Deel na je aankoop ook jouw ervaring met je bestelde Kappersstoel Gabbiano Niccolo Zwart en ervaring met het aankoopproces of contact met Salon For All om anderen te inspireren!<\/p>\n<h2>Contacter le Salon pour tous<\/h2>\n<p>Neem dan contact met ons op. Wij helpen je graag verder bij de aanschaf van de Kappersstoel Gabbiano Niccolo Zwart. Op werkdagen zijn we het beste bereikbaar tussen 8.30 uur en 17.00 uur via het telefoonnummer en e-mailadres bovenaan de webshop of via de chatfunctie. Vragen buiten kantooruren worden meestal binnen 24uur beantwoord. Het is ook mogelijk om buitenwerkdagen of kantooruren bij ons langs te komen. Maar hiervoor van tevoren een afspraak.<\/p>\n<h2>Vous souhaitez visiter notre salle d'exposition ?<\/h2>\n<p>Vind je het prettiger om de Kappersstoel Gabbiano Niccolo Zwart te bekijken of samen met onze collega door ons aanbod van de (web)shop heen te lopen? Kom dan langs in onze showroom met meer dan 1000m2 aan saloninrichting en laat je inspireren door onze medewerkers. Ook als je ervan houdt om gezellig kennis te maken onder het genot van een goede kop koffie of thee dan ben je hier van harte welkom. We hebben niet alle producten staan dus laat ons van tevoren even weten dat je wilt komen. Maak altijd van te voren een afspraak.<\/p>\n<h2>D\u00e9lai de r\u00e9flexion de 14 jours et politique de retour<\/h2>\n<p>Het kan natuurlijk voorkomen dat de geleverde Kappersstoel Gabbiano Niccolo Zwart niet helemaal naar wens is en je het wilt terugsturen. Dat is bij Salon For All geen enkel probleem. Je dient binnen 14 werkdagen je retourzending bij ons aan te melden via <a href=\"mailto:info@salonforall.nl\">info@salonforall.nl<\/a> . Je ontvangt dan eerst van alle retourinstructies en voorwaarden. Let op de Kappersstoel Gabbiano Niccolo Zwart mag niet gebruikt zijn, moet alle meegeleverde onderdelen bevatten en verpakt in originele verpakking geretourneerd worden. De kosten voor de zending van een retour zijn bij aankopen via www.salonforall.nl altijd voor de koper. Je dient voor een retour zelf een transport te regelen bij een transporteur naar keuze. Zodra de Kappersstoel Gabbiano Niccolo Zwart retour is gekomen wordt het gecontroleerd op volledigheid en schade. Zodra de retour akkoord is bevonden wordt het aankoopbedrag binnen 5 werkdagen teruggestort op het bij ons bekende rekeningnummer.<\/p>\n<h2>Qui est Salon For All ?<\/h2>\n<p>Salon For all est le grossiste pour tout \u00e9quipement de salon en Europe. Salon For All a d\u00e9marr\u00e9 en 2003 sous le nom de Salonvoordeel et est n\u00e9 de la pratique. Les propri\u00e9taires de Salon For All \u00e9taient des coiffeurs et des esth\u00e9ticiennes exp\u00e9riment\u00e9s et ont ensemble plus de 30 ans d'exp\u00e9rience pratique. Nous avons lanc\u00e9 Salonvoordeel.nl (Pays-Bas) en 2003, puis Salon For All a \u00e9t\u00e9 cr\u00e9\u00e9 pour le march\u00e9 europ\u00e9en. Un certain nombre de nos employ\u00e9s ont cr\u00e9\u00e9 leur propre entreprise et l'id\u00e9e est n\u00e9e de lancer une boutique en ligne fonctionnelle pour les coiffeurs et de les aider \u00e0 am\u00e9nager leur salon. Gr\u00e2ce \u00e0 nos ann\u00e9es d'exp\u00e9rience dans le secteur, nous pouvons vous tendre un miroir et vous donner les bons conseils. Nous parlons le m\u00eame langage ! Nous vous conseillons, nous vous inspirons, nous vous motivons et nous vous aidons \u00e0 acheter une boutique en ligne. <em>Kappersstoel Gabbiano Niccolo Zwart<\/em>. Nos fournisseurs sont r\u00e9partis dans toute l'Europe, de l'Allemagne \u00e0 la Pologne en passant par l'Angleterre et l'Italie.<\/p>","protected":false},"excerpt":{"rendered":"<p>De Kappersstoel Gabbiano Niccolo Zwart is een goed betaalbare oplossing voor jouw salon. De levertijd voor deze kappersstoel is 2-6 werkdagen.<\/p>","protected":false},"featured_media":2776,"comment_status":"closed","ping_status":"open","template":"","meta":[],"product_brand":[],"product_cat":[117,114,115,2069,116,111,110,108,109],"product_tag":[],"class_list":{"0":"post-2775","1":"product","2":"type-product","3":"status-publish","4":"has-post-thumbnail","6":"product_cat-barber-stoel","7":"product_cat-barbershop","8":"product_cat-barbershop-inrichting","9":"product_cat-barberstoel","10":"product_cat-barberstoelen","11":"product_cat-kappersstoel","12":"product_cat-kappersstoelen","13":"product_cat-kapsalon","14":"product_cat-kapsalon-inrichting","15":"pa_kleur-zwart","16":"pa_kwaliteit-middensegment","17":"pa_levertijd-3-6-werkdagen","18":"pa_merk-gabbiano","20":"first","21":"instock","22":"sale","23":"taxable","24":"shipping-taxable","25":"purchasable","26":"product-type-simple"},"yoast_head":"<!-- This site is optimized with the Yoast SEO Premium plugin v27.3 (Yoast SEO v27.3) - https:\/\/yoast.com\/product\/yoast-seo-premium-wordpress\/ -->\n<title>Kappersstoel Gabbiano Niccolo Zwart kopen bij Salon For All B.V. NL &amp; BE<\/title>\n<meta name=\"description\" content=\"Kappersstoel Gabbiano Niccolo Zwart koop je online of in de showroom bij Salon For All B.V. NL &amp; BE . De groothandel voor salons, praktijken en spa&#039;s in NL en BE.\" \/>\n<meta name=\"robots\" content=\"index, follow, max-snippet:-1, max-image-preview:large, max-video-preview:-1\" \/>\n<link rel=\"canonical\" href=\"https:\/\/salonforall.nl\/fr-be\/kappersstoel-gabbiano-niccolo-zwart\/\" \/>\n<meta property=\"og:locale\" content=\"fr_FR\" \/>\n<meta property=\"og:type\" content=\"article\" \/>\n<meta property=\"og:title\" content=\"Kappersstoel Gabbiano Niccolo Zwart\" \/>\n<meta property=\"og:description\" content=\"Kappersstoel Gabbiano Niccolo Zwart koop je online of in de showroom bij Salon For All B.V. NL &amp; BE . De groothandel voor salons, praktijken en spa&#039;s in NL en BE.\" \/>\n<meta property=\"og:url\" content=\"https:\/\/salonforall.nl\/fr-be\/kappersstoel-gabbiano-niccolo-zwart\/\" \/>\n<meta property=\"og:site_name\" content=\"Salon For All B.V. NL &amp; BE\" \/>\n<meta property=\"article:modified_time\" content=\"2026-04-14T20:20:39+00:00\" \/>\n<meta property=\"og:image\" content=\"https:\/\/salonforall.nl\/wp-content\/uploads\/2025\/01\/kappersstoel-gabbiano-niccolo-zwart-1.jpg\" \/>\n\t<meta property=\"og:image:width\" content=\"1200\" \/>\n\t<meta property=\"og:image:height\" content=\"1200\" \/>\n\t<meta property=\"og:image:type\" content=\"image\/jpeg\" \/>\n<meta name=\"twitter:card\" content=\"summary_large_image\" \/>\n<meta name=\"twitter:title\" content=\"Kappersstoel Gabbiano Niccolo Zwart\" \/>\n<meta name=\"twitter:label1\" content=\"Price\" \/>\n\t<meta name=\"twitter:data1\" content=\"&nbsp;617,48 excl. btw\" \/>\n\t<meta name=\"twitter:label2\" content=\"Availability\" \/>\n\t<meta name=\"twitter:data2\" content=\"In stock\" \/>\n<script type=\"application\/ld+json\" class=\"yoast-schema-graph\">{\"@context\":\"https:\\\/\\\/schema.org\",\"@graph\":[{\"@type\":\"WebPage\",\"@id\":\"https:\\\/\\\/salonforall.nl\\\/kappersstoel-gabbiano-niccolo-zwart\\\/\",\"url\":\"https:\\\/\\\/salonforall.nl\\\/kappersstoel-gabbiano-niccolo-zwart\\\/\",\"name\":\"Kappersstoel Gabbiano Niccolo Zwart kopen bij Salon For All B.V. NL &amp; BE\",\"isPartOf\":{\"@id\":\"https:\\\/\\\/salonforall.nl\\\/#website\"},\"primaryImageOfPage\":{\"@id\":\"https:\\\/\\\/salonforall.nl\\\/kappersstoel-gabbiano-niccolo-zwart\\\/#primaryimage\"},\"image\":{\"@id\":\"https:\\\/\\\/salonforall.nl\\\/kappersstoel-gabbiano-niccolo-zwart\\\/#primaryimage\"},\"thumbnailUrl\":\"https:\\\/\\\/salonforall.nl\\\/wp-content\\\/uploads\\\/2025\\\/01\\\/kappersstoel-gabbiano-niccolo-zwart-1.jpg\",\"datePublished\":\"2025-01-15T20:37:32+00:00\",\"dateModified\":\"2026-04-14T20:20:39+00:00\",\"description\":\"Kappersstoel Gabbiano Niccolo Zwart koop je online of in de showroom bij Salon For All B.V. NL &amp; BE . De groothandel voor salons, praktijken en spa's in NL en BE.\",\"breadcrumb\":{\"@id\":\"https:\\\/\\\/salonforall.nl\\\/kappersstoel-gabbiano-niccolo-zwart\\\/#breadcrumb\"},\"inLanguage\":\"fr-BE\",\"potentialAction\":[{\"@type\":\"ReadAction\",\"target\":[\"https:\\\/\\\/salonforall.nl\\\/kappersstoel-gabbiano-niccolo-zwart\\\/\"]}]},{\"@type\":\"ImageObject\",\"inLanguage\":\"fr-BE\",\"@id\":\"https:\\\/\\\/salonforall.nl\\\/kappersstoel-gabbiano-niccolo-zwart\\\/#primaryimage\",\"url\":\"https:\\\/\\\/salonforall.nl\\\/wp-content\\\/uploads\\\/2025\\\/01\\\/kappersstoel-gabbiano-niccolo-zwart-1.jpg\",\"contentUrl\":\"https:\\\/\\\/salonforall.nl\\\/wp-content\\\/uploads\\\/2025\\\/01\\\/kappersstoel-gabbiano-niccolo-zwart-1.jpg\",\"width\":1200,\"height\":1200,\"caption\":\"Kappersstoel Gabbiano Niccolo Zwart 1\"},{\"@type\":\"BreadcrumbList\",\"@id\":\"https:\\\/\\\/salonforall.nl\\\/kappersstoel-gabbiano-niccolo-zwart\\\/#breadcrumb\",\"itemListElement\":[{\"@type\":\"ListItem\",\"position\":1,\"name\":\"Home\",\"item\":\"https:\\\/\\\/salonforall.nl\\\/\"},{\"@type\":\"ListItem\",\"position\":2,\"name\":\"Winkel\",\"item\":\"https:\\\/\\\/salonforall.nl\\\/winkel\\\/\"},{\"@type\":\"ListItem\",\"position\":3,\"name\":\"Kappersstoel Gabbiano Niccolo Zwart\"}]},{\"@type\":\"WebSite\",\"@id\":\"https:\\\/\\\/salonforall.nl\\\/#website\",\"url\":\"https:\\\/\\\/salonforall.nl\\\/\",\"name\":\"Salon For All\",\"description\":\"Jouw groothandel voor praktijk- &amp; saloninrichting en benodigdheden\",\"publisher\":{\"@id\":\"https:\\\/\\\/salonforall.nl\\\/#organization\"},\"alternateName\":\"salonforall.nl\",\"potentialAction\":[{\"@type\":\"SearchAction\",\"target\":{\"@type\":\"EntryPoint\",\"urlTemplate\":\"https:\\\/\\\/salonforall.nl\\\/?s={search_term_string}\"},\"query-input\":{\"@type\":\"PropertyValueSpecification\",\"valueRequired\":true,\"valueName\":\"search_term_string\"}}],\"inLanguage\":\"fr-BE\"},{\"@type\":\"Organization\",\"@id\":\"https:\\\/\\\/salonforall.nl\\\/#organization\",\"name\":\"Salon For All B.V.\",\"alternateName\":\"Salonforall.nl\",\"url\":\"https:\\\/\\\/salonforall.nl\\\/\",\"logo\":{\"@type\":\"ImageObject\",\"inLanguage\":\"fr-BE\",\"@id\":\"https:\\\/\\\/salonforall.nl\\\/#\\\/schema\\\/logo\\\/image\\\/\",\"url\":\"https:\\\/\\\/salonforall.nl\\\/wp-content\\\/uploads\\\/2025\\\/01\\\/logo-salon-for-all-groothandel-saloninrichting-e1736940477693.png\",\"contentUrl\":\"https:\\\/\\\/salonforall.nl\\\/wp-content\\\/uploads\\\/2025\\\/01\\\/logo-salon-for-all-groothandel-saloninrichting-e1736940477693.png\",\"width\":500,\"height\":125,\"caption\":\"Salon For All B.V.\"},\"image\":{\"@id\":\"https:\\\/\\\/salonforall.nl\\\/#\\\/schema\\\/logo\\\/image\\\/\"},\"description\":\"Salon For All is de groothandel voor praktijk- en saloninrichting en benodigdheden.\",\"email\":\"info@salonforall.com\",\"legalName\":\"Salon For All\",\"numberOfEmployees\":{\"@type\":\"QuantitativeValue\",\"minValue\":\"1\",\"maxValue\":\"10\"},\"hasMerchantReturnPolicy\":{\"@type\":\"MerchantReturnPolicy\",\"merchantReturnLink\":\"https:\\\/\\\/salonforall.nl\\\/fr-be\\\/retourvoorwaarden\\\/\"}}]}<\/script>\n<meta property=\"product:brand\" content=\"GABBIANO\" \/>\n<meta property=\"product:price:amount\" content=\"617.48\" \/>\n<meta property=\"product:price:currency\" content=\"EUR\" \/>\n<meta property=\"og:availability\" content=\"instock\" \/>\n<meta property=\"product:availability\" content=\"instock\" \/>\n<meta property=\"product:retailer_item_id\" content=\"148993\" \/>\n<meta property=\"product:condition\" content=\"new\" \/>\n<!-- \/ Yoast SEO Premium plugin. -->","yoast_head_json":{"title":"Kappersstoel Gabbiano Niccolo Zwart kopen bij Salon For All B.V. NL &amp; BE","description":"Kappersstoel Gabbiano Niccolo Zwart koop je online of in de showroom bij Salon For All B.V. NL &amp; BE . De groothandel voor salons, praktijken en spa's in NL en BE.","robots":{"index":"index","follow":"follow","max-snippet":"max-snippet:-1","max-image-preview":"max-image-preview:large","max-video-preview":"max-video-preview:-1"},"canonical":"https:\/\/salonforall.nl\/fr-be\/kappersstoel-gabbiano-niccolo-zwart\/","og_locale":"fr_FR","og_type":"article","og_title":"Kappersstoel Gabbiano Niccolo Zwart","og_description":"Kappersstoel Gabbiano Niccolo Zwart koop je online of in de showroom bij Salon For All B.V. NL &amp; BE . De groothandel voor salons, praktijken en spa's in NL en BE.","og_url":"https:\/\/salonforall.nl\/fr-be\/kappersstoel-gabbiano-niccolo-zwart\/","og_site_name":"Salon For All B.V. NL &amp; BE","article_modified_time":"2026-04-14T20:20:39+00:00","og_image":[{"width":1200,"height":1200,"url":"https:\/\/salonforall.nl\/wp-content\/uploads\/2025\/01\/kappersstoel-gabbiano-niccolo-zwart-1.jpg","type":"image\/jpeg"}],"twitter_card":"summary_large_image","twitter_title":"Kappersstoel Gabbiano Niccolo Zwart","twitter_misc":{"Price":"&nbsp;617,48 excl. btw","Availability":"In stock"},"schema":{"@context":"https:\/\/schema.org","@graph":[{"@type":"WebPage","@id":"https:\/\/salonforall.nl\/kappersstoel-gabbiano-niccolo-zwart\/","url":"https:\/\/salonforall.nl\/kappersstoel-gabbiano-niccolo-zwart\/","name":"Kappersstoel Gabbiano Niccolo Zwart kopen bij Salon For All B.V. NL &amp; BE","isPartOf":{"@id":"https:\/\/salonforall.nl\/#website"},"primaryImageOfPage":{"@id":"https:\/\/salonforall.nl\/kappersstoel-gabbiano-niccolo-zwart\/#primaryimage"},"image":{"@id":"https:\/\/salonforall.nl\/kappersstoel-gabbiano-niccolo-zwart\/#primaryimage"},"thumbnailUrl":"https:\/\/salonforall.nl\/wp-content\/uploads\/2025\/01\/kappersstoel-gabbiano-niccolo-zwart-1.jpg","datePublished":"2025-01-15T20:37:32+00:00","dateModified":"2026-04-14T20:20:39+00:00","description":"Kappersstoel Gabbiano Niccolo Zwart koop je online of in de showroom bij Salon For All B.V. NL &amp; BE . De groothandel voor salons, praktijken en spa's in NL en BE.","breadcrumb":{"@id":"https:\/\/salonforall.nl\/kappersstoel-gabbiano-niccolo-zwart\/#breadcrumb"},"inLanguage":"fr-BE","potentialAction":[{"@type":"ReadAction","target":["https:\/\/salonforall.nl\/kappersstoel-gabbiano-niccolo-zwart\/"]}]},{"@type":"ImageObject","inLanguage":"fr-BE","@id":"https:\/\/salonforall.nl\/kappersstoel-gabbiano-niccolo-zwart\/#primaryimage","url":"https:\/\/salonforall.nl\/wp-content\/uploads\/2025\/01\/kappersstoel-gabbiano-niccolo-zwart-1.jpg","contentUrl":"https:\/\/salonforall.nl\/wp-content\/uploads\/2025\/01\/kappersstoel-gabbiano-niccolo-zwart-1.jpg","width":1200,"height":1200,"caption":"Kappersstoel Gabbiano Niccolo Zwart 1"},{"@type":"BreadcrumbList","@id":"https:\/\/salonforall.nl\/kappersstoel-gabbiano-niccolo-zwart\/#breadcrumb","itemListElement":[{"@type":"ListItem","position":1,"name":"Home","item":"https:\/\/salonforall.nl\/"},{"@type":"ListItem","position":2,"name":"Winkel","item":"https:\/\/salonforall.nl\/winkel\/"},{"@type":"ListItem","position":3,"name":"Kappersstoel Gabbiano Niccolo Zwart"}]},{"@type":"WebSite","@id":"https:\/\/salonforall.nl\/#website","url":"https:\/\/salonforall.nl\/","name":"Salon pour tous","description":"Votre grossiste en mat\u00e9riel et fournitures pour cabinets m\u00e9dicaux et salons de coiffure","publisher":{"@id":"https:\/\/salonforall.nl\/#organization"},"alternateName":"salonforall.nl","potentialAction":[{"@type":"SearchAction","target":{"@type":"EntryPoint","urlTemplate":"https:\/\/salonforall.nl\/?s={search_term_string}"},"query-input":{"@type":"PropertyValueSpecification","valueRequired":true,"valueName":"search_term_string"}}],"inLanguage":"fr-BE"},{"@type":"Organization","@id":"https:\/\/salonforall.nl\/#organization","name":"Salon For All B.V.","alternateName":"Salonforall.nl","url":"https:\/\/salonforall.nl\/","logo":{"@type":"ImageObject","inLanguage":"fr-BE","@id":"https:\/\/salonforall.nl\/#\/schema\/logo\/image\/","url":"https:\/\/salonforall.nl\/wp-content\/uploads\/2025\/01\/logo-salon-for-all-groothandel-saloninrichting-e1736940477693.png","contentUrl":"https:\/\/salonforall.nl\/wp-content\/uploads\/2025\/01\/logo-salon-for-all-groothandel-saloninrichting-e1736940477693.png","width":500,"height":125,"caption":"Salon For All B.V."},"image":{"@id":"https:\/\/salonforall.nl\/#\/schema\/logo\/image\/"},"description":"Salon For All est le grossiste pour l'\u00e9quipement et les fournitures des cabinets et des salons de coiffure.","email":"info@salonforall.com","legalName":"Salon For All","numberOfEmployees":{"@type":"QuantitativeValue","minValue":"1","maxValue":"10"},"hasMerchantReturnPolicy":{"@type":"MerchantReturnPolicy","merchantReturnLink":"https:\/\/salonforall.nl\/fr-be\/retourvoorwaarden\/"}}]},"product_brand":"GABBIANO","product_price_amount":"617.48","product_price_currency":"EUR","og_availability":"instock","product_availability":"instock","product_retailer_item_id":"148993","product_condition":"new"},"_links":{"self":[{"href":"https:\/\/salonforall.nl\/fr-be\/wp-json\/wp\/v2\/product\/2775","targetHints":{"allow":["GET"]}}],"collection":[{"href":"https:\/\/salonforall.nl\/fr-be\/wp-json\/wp\/v2\/product"}],"about":[{"href":"https:\/\/salonforall.nl\/fr-be\/wp-json\/wp\/v2\/types\/product"}],"replies":[{"embeddable":true,"href":"https:\/\/salonforall.nl\/fr-be\/wp-json\/wp\/v2\/comments?post=2775"}],"wp:featuredmedia":[{"embeddable":true,"href":"https:\/\/salonforall.nl\/fr-be\/wp-json\/wp\/v2\/media\/2776"}],"wp:attachment":[{"href":"https:\/\/salonforall.nl\/fr-be\/wp-json\/wp\/v2\/media?parent=2775"}],"wp:term":[{"taxonomy":"product_brand","embeddable":true,"href":"https:\/\/salonforall.nl\/fr-be\/wp-json\/wp\/v2\/product_brand?post=2775"},{"taxonomy":"product_cat","embeddable":true,"href":"https:\/\/salonforall.nl\/fr-be\/wp-json\/wp\/v2\/product_cat?post=2775"},{"taxonomy":"product_tag","embeddable":true,"href":"https:\/\/salonforall.nl\/fr-be\/wp-json\/wp\/v2\/product_tag?post=2775"}],"curies":[{"name":"wp","href":"https:\/\/api.w.org\/{rel}","templated":true}]}}