{"id":3940,"date":"2025-01-15T21:57:57","date_gmt":"2025-01-15T21:57:57","guid":{"rendered":"https:\/\/salonforall.nl\/gabbiano-kapper-wasunit-malaga-goudgrijs\/"},"modified":"2026-04-13T14:44:51","modified_gmt":"2026-04-13T13:44:51","slug":"gabbiano-kapper-wasunit-malaga-goudgrijs","status":"publish","type":"product","link":"https:\/\/salonforall.nl\/fr-be\/gabbiano-kapper-wasunit-malaga-goudgrijs\/","title":{"rendered":"Gabbiano barber wash unit Malaga gold grey"},"content":{"rendered":"<h2>Informations sur les <strong>Gabbiano kapper wasunit Malaga goudgrijs met artikelnummer <\/strong>148080<\/h2>\n<p><img decoding=\"async\" src=\"https:\/\/activeshop.com.pl\/media\/wysiwyg\/product\/148080\/EN_148080_1.jpg\"><\/p>\n<p><strong>Gabbiano<\/strong> est une marque de luxe de mat\u00e9riel et de mobilier de coiffure, caract\u00e9ris\u00e9e par la fiabilit\u00e9, la qualit\u00e9 et l'esth\u00e9tique, ainsi que par un niveau \u00e9lev\u00e9 de confort d'utilisation. La gamme comprend une large s\u00e9lection d'\u00e9quipements de salon fonctionnels, tels que des fauteuils de coiffure, des laveurs de cheveux et des infrarouges.<\/p>\n<p><img decoding=\"async\" src=\"https:\/\/activeshop.com.pl\/media\/wysiwyg\/product\/148080 \/EN_148080_2.jpg\"><\/p>\n<h2><strong>Unit\u00e9 de lavage \u00e9l\u00e9gante pour coiffeurs<br \/><\/strong><\/h2>\n<p>El\u00e9gant <strong>Unit\u00e9 de lavage du coiffeur Gabbiano Malaga<\/strong> facilite l'efficacit\u00e9 des traitements capillaires et des lavages. Il est con\u00e7u pour optimiser au maximum l'\u00e9quipement des salons de coiffure. <strong>La construction int\u00e9gr\u00e9e<\/strong> zorgt voor gebruiksgemak voor zowel kappers als klanten. Klassieke kleuren en decoratieve elementen in goudtinten geven het interieur een uniek karakter.<\/p>\n<p><img decoding=\"async\" src=\"https:\/\/activeshop.com.pl\/media\/wysiwyg\/product\/148080\/EN_148080_3.jpg\" ><\/p>\n<h2><strong>Fonctionnalit\u00e9 et facilit\u00e9 d'utilisation<\/strong><\/h2>\n<p>Bol en c\u00e9ramique d'une profondeur appropri\u00e9e dans les tons de noir <strong>emp\u00eache les \u00e9claboussures excessives d'eau<\/strong> et les produits utilis\u00e9s pendant le traitement. Vous permet d'\u00eatre \u00e0 l'aise et d'avoir une vue d'ensemble de la situation. <strong>Assurer efficacement un large \u00e9ventail de services<\/strong>. Gr\u00e2ce \u00e0 la mobilit\u00e9 de la cuvette, vous pouvez facilement r\u00e9gler l'angle d'inclinaison en fonction de vos besoins. Le mat\u00e9riau utilis\u00e9 pour la cuvette <strong>durable, r\u00e9sistant \u00e0 la d\u00e9coloration et aux rayures et tr\u00e8s facile \u00e0 nettoyer<\/strong>. Un collier bien profil\u00e9 offre <strong>soutien et confort optimaux<\/strong> lors du lavage des cheveux, et un confortable couvercle en plastique dans les tons noirs permet au client de ne pas ressentir le d\u00e9sagr\u00e9ment de la surface froide de la c\u00e9ramique.<\/p>\n<p> <p><img decoding=\"async\" src=\"https:\/\/activeshop.com.pl\/media\/wysiwyg\/product\/148080\/EN_148080_4.jpg\"><\/p>\n<h2><strong>Des \u00e9quipements et des accessoires bien pens\u00e9s<\/strong> <\/h2>\n<p>L'unit\u00e9 de lavage est \u00e9quip\u00e9e d'un robinet mitigeur, ce qui vous permet de <strong>un acc\u00e8s permanent \u00e0 l'eau chaude et \u00e0 l'eau froide<\/strong>. Il est ainsi facile de r\u00e9gler la temp\u00e9rature en fonction des pr\u00e9f\u00e9rences du client. Un emplacement sp\u00e9cial pour suspendre la pomme de douche facilite le travail. <strong>bouchon avec un tamis sp\u00e9cial<\/strong> vous permet de contr\u00f4ler le d\u00e9bit d'eau et de maintenir des normes d'hygi\u00e8ne \u00e9lev\u00e9es dans le salon. <strong>Le raccordement \u00e0 l'eau est plac\u00e9 dans la base<\/strong>, Le si\u00e8ge est profil\u00e9 pour assurer le confort lors de l'ex\u00e9cution de divers traitements. Le si\u00e8ge est profil\u00e9 pour assurer le confort lors des diff\u00e9rents traitements. <strong>Combiner les fonctionnalit\u00e9s et les caract\u00e9ristiques<\/strong> rend le travail dans un salon de coiffure encore plus confortable.<\/p>\n<p><img decoding=\"async\" src=\"https:\/\/activeshop.com.pl\/media\/wysiwyg\/product\/ 148080\/EN_148080_5.jpg\"><\/p>\n<h2><strong>Meubles fonctionnels au style \u00e9l\u00e9gant<\/strong><\/h2>\n<p>Une chaise bien profil\u00e9e remplie de mousse durable <strong>assure un grand confort d'utilisation<\/strong> et d'\u00e9l\u00e9gants accoudoirs <strong>le positionnement correct des \u00e9paules du client<\/strong>. Le dossier est positionn\u00e9 \u00e0 un angle optimal pour que vous puissiez <strong>\u00eatre capable de se positionner correctement et d'assurer un excellent soutien de la colonne vert\u00e9brale<\/strong>. De dekking in grijstinten en decoratieve metalen oppervlakken gelakt in goudkleuren geven het <strong> L'\u00e9l\u00e9gance intemporelle<\/strong> et garantissent une longue dur\u00e9e de vie et un nettoyage facile. Gr\u00e2ce \u00e0 la finition classique et remarquable de l'unit\u00e9 de lavage pour coiffeurs, l'unit\u00e9 de lavage pour coiffeurs peut \u00eatre utilis\u00e9e en toute s\u00e9curit\u00e9. <strong>il s'int\u00e8gre parfaitement dans presque tous les espaces<\/strong>. L'ensemble comprend des accessoires complets dans les tons noirs, y compris un robinet, une pomme de douche et des tuyaux sp\u00e9ciaux pour le nettoyage. <strong>un ensemble complet d'outils pour le travail<\/strong> \u00e0 offrir.<\/p>\n<p>Les dimensions d\u00e9taill\u00e9es sont dans l'image. .<\/p>\n<p>Mat\u00e9riau du bol : c\u00e9ramique<br \/>Couleur du bol : nuances de noir<br \/>Couleur du rembourrage : nuances de gris<br \/>Couleur de base : nuances de noir<br \/>Couleur du mat\u00e9riel : nuances de noir<br >Mat\u00e9riau de la couverture : cuir synth\u00e9tique<br \/>Les \u00e9l\u00e9ments en or sont recouverts de laque. Les dommages m\u00e9caniques caus\u00e9s au rev\u00eatement ne font pas l'objet d'une r\u00e9clamation. <\/p>\n<p>Activeshop producten zijn in verhouding goedkoper dan vele andere merken\/ aanbieders. De prijs staat in verhouding met de kwaliteit. De Gabbiano kapper wasunit Malaga goudgrijs is hierdoor een laagdrempelige oplossing voor jouw salon.<\/p>\n<h2>Hoe wordt de Gabbiano kapper wasunit Malaga goudgrijs geleverd?<\/h2>\n<p>Le <strong>Gabbiano barber wash unit Malaga gold grey <\/strong>wordt geleverd in originele verpakking(en). Binnen Nederland en Belgi\u00eb is de verzending van de Gabbiano kapper wasunit Malaga goudgrijs geheel gratis bij een bestelling v.a. 100,- euro. Bij verzendingen naar andere landen gelden aparte verzendtarieven. Je kunt deze tarieven bij ons opvragen of terugvinden in de winkelwagen. De Gabbiano kapper wasunit Malaga goudgrijs wordt verzonden via een externe koerier.<\/p>\n<p>Nous livrons les colis ou les palettes jusqu'au seuil de la porte d'entr\u00e9e, m\u00eame si vous vous trouvez dans un immeuble collectif, un immeuble \u00e0 appartements ou un complexe d'appartements avec ascenseur (\u00e0 condition que l'article puisse \u00eatre transport\u00e9 dans l'ascenseur). Il n'y a pas d'ascenseur ou l'article ne rentre pas dans l'ascenseur ? Dans ce cas, nous livrons sur le seuil du rez-de-chauss\u00e9e.<\/p>\n<p>Vous avez encore des questions concernant la livraison ou une situation particuli\u00e8re ? Contactez-nous et nous nous ferons un plaisir de vous aider !<\/p>\n<p><em>*Les articles ne sont pas d\u00e9ball\u00e9s ou assembl\u00e9s par d\u00e9faut. Dans des situations particuli\u00e8res, veuillez nous contacter pour prendre des dispositions.<\/em><\/p>\n<h2>Commande en ligne s\u00e9curis\u00e9e chez Salon For All avec la marque Webwinkelkeur et la s\u00e9curit\u00e9 SSL<\/h2>\n<p>We vinden het belangrijk dat onze klanten veilig online bij ons kunnen shoppen. We zijn sinds 2019 aangesloten bij het landelijke Webwinkelkeur keurmerk. Onze identiteit is door hen gecontroleerd, geverifieerd en de webshop is juridisch gecontroleerd en goedgekeurd. Daarnaast is onze webwinkel is bij hen aangesloten voor geschillen bemiddeling. Je ziet de badge met alle informatie van dit webwinkel keurmerk aan de linker- of rechterkant van de webshop staan (roze met witte button). Ook is onze site beveiligd met een SSL-certificaat waardoor je bij ons veilig kunt browsen. In de balk van je internetbrowser, waar onze website in vermeld is, zie je een slotje staan. Als je op het slotje klikt, krijg je alle informatie over onze beveiliging. Hierdoor weet je dat je bestelling van de Gabbiano kapper wasunit Malaga goudgrijs en persoonsgegevens veilig verwerkt worden.<\/p>\n<h2>Hoe kan ik de Gabbiano kapper wasunit Malaga goudgrijs afrekenen?<\/h2>\n<p>Nous souhaitons vous faciliter la t\u00e2che au maximum. C'est pourquoi, chez Salon For All, vous pouvez payer avec tous les moyens de paiement connus et courants. Payer \u00e0 l'avance, \u00e0 la livraison ou apr\u00e8s coup, tout est possible. Voyez ici quels sont les modes de paiement que nous proposons<br \/>\noffre :<\/p>\n<ul>\n<li>Id\u00e9al<\/li>\n<li>Klarna - Post-paiement sur facture<\/li>\n<li>Bancontact (uniquement pour les clients belges)<\/li>\n<li>Payin3 - Payez en 3 fois avec un taux d'int\u00e9r\u00eat de 0% (uniquement pour les clients n\u00e9erlandais)<\/li>\n<li>Paypal<\/li>\n<li>Carte de cr\u00e9dit<\/li>\n<li>Apple pay<\/li>\n<li>Facture commerciale pour les entreprises<\/li>\n<li>Paiement dans la salle d'exposition - par carte bancaire ou en esp\u00e8ces (disponible uniquement lors de l'enl\u00e8vement)<\/li>\n<\/ul>\n<h2>Consultez \u00e9galement les avis sur Salon For ALL<\/h2>\n<p>Bekijk ook onze reviews om ervaringen van onze huidige klanten me te nemen in je besluit om de Gabbiano kapper wasunit Malaga goudgrijs bij ons te bestellen. Via ons onafhankelijke webwinkel keurmerk van Webwinkelkeur worden automatisch geverifieerde reviews verzameld van klanten die bij ons een bestelling hebben voldaan. Deze vind je terug achter de roze button op onze webwinkel of staan vermeld onder de producten.<\/p>\n<p>Deel na je aankoop ook jouw ervaring met je bestelde Gabbiano kapper wasunit Malaga goudgrijs en ervaring met het aankoopproces of contact met Salon For All om anderen te inspireren!<\/p>\n<h2>Contacter le Salon pour tous<\/h2>\n<p>Neem dan contact met ons op. Wij helpen je graag verder bij de aanschaf van de Gabbiano kapper wasunit Malaga goudgrijs. Op werkdagen zijn we het beste bereikbaar tussen 8.30 uur en 17.00 uur via het telefoonnummer en e-mailadres bovenaan de webshop of via de chatfunctie. Vragen buiten kantooruren worden meestal binnen 24uur beantwoord. Het is ook mogelijk om buitenwerkdagen of kantooruren bij ons langs te komen. Maar hiervoor van tevoren een afspraak.<\/p>\n<h2>Vous souhaitez visiter notre salle d'exposition ?<\/h2>\n<p>Vind je het prettiger om de Gabbiano kapper wasunit Malaga goudgrijs te bekijken of samen met onze collega door ons aanbod van de (web)shop heen te lopen? Kom dan langs in onze showroom met meer dan 1000m2 aan saloninrichting en laat je inspireren door onze medewerkers. Ook als je ervan houdt om gezellig kennis te maken onder het genot van een goede kop koffie of thee dan ben je hier van harte welkom. We hebben niet alle producten staan dus laat ons van tevoren even weten dat je wilt komen. Maak altijd van te voren een afspraak.<\/p>\n<h2>D\u00e9lai de r\u00e9flexion de 14 jours et politique de retour<\/h2>\n<p>Het kan natuurlijk voorkomen dat de geleverde Gabbiano kapper wasunit Malaga goudgrijs niet helemaal naar wens is en je het wilt terugsturen. Dat is bij Salon For All geen enkel probleem. Je dient binnen 14 werkdagen je retourzending bij ons aan te melden via <a href=\"mailto:info@salonforall.nl\">info@salonforall.nl<\/a> . Je ontvangt dan eerst van alle retourinstructies en voorwaarden. Let op de Gabbiano kapper wasunit Malaga goudgrijs mag niet gebruikt zijn, moet alle meegeleverde onderdelen bevatten en verpakt in originele verpakking geretourneerd worden. De kosten voor de zending van een retour zijn bij aankopen via www.salonforall.nl altijd voor de koper. Je dient voor een retour zelf een transport te regelen bij een transporteur naar keuze. Zodra de Gabbiano kapper wasunit Malaga goudgrijs retour is gekomen wordt het gecontroleerd op volledigheid en schade. Zodra de retour akkoord is bevonden wordt het aankoopbedrag binnen 5 werkdagen teruggestort op het bij ons bekende rekeningnummer.<\/p>\n<h2>Qui est Salon For All ?<\/h2>\n<p>Salon For all est le grossiste pour tout \u00e9quipement de salon en Europe. Salon For All a d\u00e9marr\u00e9 en 2003 sous le nom de Salonvoordeel et est n\u00e9 de la pratique. Les propri\u00e9taires de Salon For All \u00e9taient des coiffeurs et des esth\u00e9ticiennes exp\u00e9riment\u00e9s et ont ensemble plus de 30 ans d'exp\u00e9rience pratique. Nous avons lanc\u00e9 Salonvoordeel.nl (Pays-Bas) en 2003, puis Salon For All a \u00e9t\u00e9 cr\u00e9\u00e9 pour le march\u00e9 europ\u00e9en. Un certain nombre de nos employ\u00e9s ont cr\u00e9\u00e9 leur propre entreprise et l'id\u00e9e est n\u00e9e de lancer une boutique en ligne fonctionnelle pour les coiffeurs et de les aider \u00e0 am\u00e9nager leur salon. Gr\u00e2ce \u00e0 nos ann\u00e9es d'exp\u00e9rience dans le secteur, nous pouvons vous tendre un miroir et vous donner les bons conseils. Nous parlons le m\u00eame langage ! Nous vous conseillons, nous vous inspirons, nous vous motivons et nous vous aidons \u00e0 acheter une boutique en ligne. <em>Gabbiano barber wash unit Malaga gold grey<\/em>. Nos fournisseurs sont r\u00e9partis dans toute l'Europe, de l'Allemagne \u00e0 la Pologne en passant par l'Angleterre et l'Italie.<\/p>","protected":false},"excerpt":{"rendered":"<p>De Gabbiano kapper wasunit Malaga goudgrijs is een betaalbare oplossing voor iedere salon. De levertijd voor deze kapper wasunit is 2-6 werkdagen.<\/p>","protected":false},"featured_media":3941,"comment_status":"closed","ping_status":"open","template":"","meta":[],"product_brand":[],"product_cat":[130,108,109],"product_tag":[],"class_list":{"0":"post-3940","1":"product","2":"type-product","3":"status-publish","4":"has-post-thumbnail","6":"product_cat-kapper-wasunit","7":"product_cat-kapsalon","8":"product_cat-kapsalon-inrichting","9":"pa_kleur-goud-grijs","10":"pa_kwaliteit-middensegment","11":"pa_levertijd-3-6-werkdagen","12":"pa_merk-gabbiano","14":"first","15":"instock","16":"sale","17":"taxable","18":"shipping-taxable","19":"purchasable","20":"product-type-simple"},"yoast_head":"<!-- This site is optimized with the Yoast SEO Premium plugin v27.3 (Yoast SEO v27.3) - https:\/\/yoast.com\/product\/yoast-seo-premium-wordpress\/ -->\n<title>Gabbiano kapper wasunit Malaga goudgrijs kopen bij Salon For All B.V. NL &amp; BE<\/title>\n<meta name=\"description\" content=\"Gabbiano kapper wasunit Malaga goudgrijs koop je online of in de showroom bij Salon For All B.V. NL &amp; BE . De groothandel voor salons, praktijken en spa&#039;s in NL en BE.\" \/>\n<meta name=\"robots\" content=\"index, follow, max-snippet:-1, max-image-preview:large, max-video-preview:-1\" \/>\n<link rel=\"canonical\" href=\"https:\/\/salonforall.nl\/fr-be\/gabbiano-kapper-wasunit-malaga-goudgrijs\/\" \/>\n<meta property=\"og:locale\" content=\"fr_FR\" \/>\n<meta property=\"og:type\" content=\"article\" \/>\n<meta property=\"og:title\" content=\"Gabbiano kapper wasunit Malaga goudgrijs\" \/>\n<meta property=\"og:description\" content=\"Gabbiano kapper wasunit Malaga goudgrijs koop je online of in de showroom bij Salon For All B.V. NL &amp; BE . De groothandel voor salons, praktijken en spa&#039;s in NL en BE.\" \/>\n<meta property=\"og:url\" content=\"https:\/\/salonforall.nl\/fr-be\/gabbiano-kapper-wasunit-malaga-goudgrijs\/\" \/>\n<meta property=\"og:site_name\" content=\"Salon For All B.V. NL &amp; BE\" \/>\n<meta property=\"article:modified_time\" content=\"2026-04-13T13:44:51+00:00\" \/>\n<meta property=\"og:image\" content=\"https:\/\/salonforall.nl\/wp-content\/uploads\/2025\/01\/gabbiano-kapper-wasunit-malaga-goudgrijs-1.jpg\" \/>\n\t<meta property=\"og:image:width\" content=\"1200\" \/>\n\t<meta property=\"og:image:height\" content=\"1200\" \/>\n\t<meta property=\"og:image:type\" content=\"image\/jpeg\" \/>\n<meta name=\"twitter:card\" content=\"summary_large_image\" \/>\n<meta name=\"twitter:title\" content=\"Gabbiano kapper wasunit Malaga goudgrijs\" \/>\n<meta name=\"twitter:label1\" content=\"Price\" \/>\n\t<meta name=\"twitter:data1\" content=\"&nbsp;553,44 excl. btw\" \/>\n\t<meta name=\"twitter:label2\" content=\"Availability\" \/>\n\t<meta name=\"twitter:data2\" content=\"In stock\" \/>\n<script type=\"application\/ld+json\" class=\"yoast-schema-graph\">{\"@context\":\"https:\\\/\\\/schema.org\",\"@graph\":[{\"@type\":\"WebPage\",\"@id\":\"https:\\\/\\\/salonforall.nl\\\/gabbiano-kapper-wasunit-malaga-goudgrijs\\\/\",\"url\":\"https:\\\/\\\/salonforall.nl\\\/gabbiano-kapper-wasunit-malaga-goudgrijs\\\/\",\"name\":\"Gabbiano kapper wasunit Malaga goudgrijs kopen bij Salon For All B.V. NL &amp; BE\",\"isPartOf\":{\"@id\":\"https:\\\/\\\/salonforall.nl\\\/#website\"},\"primaryImageOfPage\":{\"@id\":\"https:\\\/\\\/salonforall.nl\\\/gabbiano-kapper-wasunit-malaga-goudgrijs\\\/#primaryimage\"},\"image\":{\"@id\":\"https:\\\/\\\/salonforall.nl\\\/gabbiano-kapper-wasunit-malaga-goudgrijs\\\/#primaryimage\"},\"thumbnailUrl\":\"https:\\\/\\\/salonforall.nl\\\/wp-content\\\/uploads\\\/2025\\\/01\\\/gabbiano-kapper-wasunit-malaga-goudgrijs-1.jpg\",\"datePublished\":\"2025-01-15T21:57:57+00:00\",\"dateModified\":\"2026-04-13T13:44:51+00:00\",\"description\":\"Gabbiano kapper wasunit Malaga goudgrijs koop je online of in de showroom bij Salon For All B.V. NL &amp; BE . De groothandel voor salons, praktijken en spa's in NL en BE.\",\"breadcrumb\":{\"@id\":\"https:\\\/\\\/salonforall.nl\\\/gabbiano-kapper-wasunit-malaga-goudgrijs\\\/#breadcrumb\"},\"inLanguage\":\"fr-BE\",\"potentialAction\":[{\"@type\":\"ReadAction\",\"target\":[\"https:\\\/\\\/salonforall.nl\\\/gabbiano-kapper-wasunit-malaga-goudgrijs\\\/\"]}]},{\"@type\":\"ImageObject\",\"inLanguage\":\"fr-BE\",\"@id\":\"https:\\\/\\\/salonforall.nl\\\/gabbiano-kapper-wasunit-malaga-goudgrijs\\\/#primaryimage\",\"url\":\"https:\\\/\\\/salonforall.nl\\\/wp-content\\\/uploads\\\/2025\\\/01\\\/gabbiano-kapper-wasunit-malaga-goudgrijs-1.jpg\",\"contentUrl\":\"https:\\\/\\\/salonforall.nl\\\/wp-content\\\/uploads\\\/2025\\\/01\\\/gabbiano-kapper-wasunit-malaga-goudgrijs-1.jpg\",\"width\":1200,\"height\":1200,\"caption\":\"Gabbiano kapper wasunit Malaga goudgrijs 1\"},{\"@type\":\"BreadcrumbList\",\"@id\":\"https:\\\/\\\/salonforall.nl\\\/gabbiano-kapper-wasunit-malaga-goudgrijs\\\/#breadcrumb\",\"itemListElement\":[{\"@type\":\"ListItem\",\"position\":1,\"name\":\"Home\",\"item\":\"https:\\\/\\\/salonforall.nl\\\/\"},{\"@type\":\"ListItem\",\"position\":2,\"name\":\"Winkel\",\"item\":\"https:\\\/\\\/salonforall.nl\\\/winkel\\\/\"},{\"@type\":\"ListItem\",\"position\":3,\"name\":\"Gabbiano kapper wasunit Malaga goudgrijs\"}]},{\"@type\":\"WebSite\",\"@id\":\"https:\\\/\\\/salonforall.nl\\\/#website\",\"url\":\"https:\\\/\\\/salonforall.nl\\\/\",\"name\":\"Salon For All\",\"description\":\"Jouw groothandel voor praktijk- &amp; saloninrichting en benodigdheden\",\"publisher\":{\"@id\":\"https:\\\/\\\/salonforall.nl\\\/#organization\"},\"alternateName\":\"salonforall.nl\",\"potentialAction\":[{\"@type\":\"SearchAction\",\"target\":{\"@type\":\"EntryPoint\",\"urlTemplate\":\"https:\\\/\\\/salonforall.nl\\\/?s={search_term_string}\"},\"query-input\":{\"@type\":\"PropertyValueSpecification\",\"valueRequired\":true,\"valueName\":\"search_term_string\"}}],\"inLanguage\":\"fr-BE\"},{\"@type\":\"Organization\",\"@id\":\"https:\\\/\\\/salonforall.nl\\\/#organization\",\"name\":\"Salon For All B.V.\",\"alternateName\":\"Salonforall.nl\",\"url\":\"https:\\\/\\\/salonforall.nl\\\/\",\"logo\":{\"@type\":\"ImageObject\",\"inLanguage\":\"fr-BE\",\"@id\":\"https:\\\/\\\/salonforall.nl\\\/#\\\/schema\\\/logo\\\/image\\\/\",\"url\":\"https:\\\/\\\/salonforall.nl\\\/wp-content\\\/uploads\\\/2025\\\/01\\\/logo-salon-for-all-groothandel-saloninrichting-e1736940477693.png\",\"contentUrl\":\"https:\\\/\\\/salonforall.nl\\\/wp-content\\\/uploads\\\/2025\\\/01\\\/logo-salon-for-all-groothandel-saloninrichting-e1736940477693.png\",\"width\":500,\"height\":125,\"caption\":\"Salon For All B.V.\"},\"image\":{\"@id\":\"https:\\\/\\\/salonforall.nl\\\/#\\\/schema\\\/logo\\\/image\\\/\"},\"description\":\"Salon For All is de groothandel voor praktijk- en saloninrichting en benodigdheden.\",\"email\":\"info@salonforall.com\",\"legalName\":\"Salon For All\",\"numberOfEmployees\":{\"@type\":\"QuantitativeValue\",\"minValue\":\"1\",\"maxValue\":\"10\"},\"hasMerchantReturnPolicy\":{\"@type\":\"MerchantReturnPolicy\",\"merchantReturnLink\":\"https:\\\/\\\/salonforall.nl\\\/fr-be\\\/retourvoorwaarden\\\/\"}}]}<\/script>\n<meta property=\"product:brand\" content=\"GABBIANO\" \/>\n<meta property=\"product:price:amount\" content=\"553.44\" \/>\n<meta property=\"product:price:currency\" content=\"EUR\" \/>\n<meta property=\"og:availability\" content=\"instock\" \/>\n<meta property=\"product:availability\" content=\"instock\" \/>\n<meta property=\"product:retailer_item_id\" content=\"148080\" \/>\n<meta property=\"product:condition\" content=\"new\" \/>\n<!-- \/ Yoast SEO Premium plugin. -->","yoast_head_json":{"title":"Gabbiano kapper wasunit Malaga goudgrijs kopen bij Salon For All B.V. NL &amp; BE","description":"Gabbiano kapper wasunit Malaga goudgrijs koop je online of in de showroom bij Salon For All B.V. NL &amp; BE . De groothandel voor salons, praktijken en spa's in NL en BE.","robots":{"index":"index","follow":"follow","max-snippet":"max-snippet:-1","max-image-preview":"max-image-preview:large","max-video-preview":"max-video-preview:-1"},"canonical":"https:\/\/salonforall.nl\/fr-be\/gabbiano-kapper-wasunit-malaga-goudgrijs\/","og_locale":"fr_FR","og_type":"article","og_title":"Gabbiano kapper wasunit Malaga goudgrijs","og_description":"Gabbiano kapper wasunit Malaga goudgrijs koop je online of in de showroom bij Salon For All B.V. NL &amp; BE . De groothandel voor salons, praktijken en spa's in NL en BE.","og_url":"https:\/\/salonforall.nl\/fr-be\/gabbiano-kapper-wasunit-malaga-goudgrijs\/","og_site_name":"Salon For All B.V. NL &amp; BE","article_modified_time":"2026-04-13T13:44:51+00:00","og_image":[{"width":1200,"height":1200,"url":"https:\/\/salonforall.nl\/wp-content\/uploads\/2025\/01\/gabbiano-kapper-wasunit-malaga-goudgrijs-1.jpg","type":"image\/jpeg"}],"twitter_card":"summary_large_image","twitter_title":"Gabbiano kapper wasunit Malaga goudgrijs","twitter_misc":{"Price":"&nbsp;553,44 excl. btw","Availability":"In stock"},"schema":{"@context":"https:\/\/schema.org","@graph":[{"@type":"WebPage","@id":"https:\/\/salonforall.nl\/gabbiano-kapper-wasunit-malaga-goudgrijs\/","url":"https:\/\/salonforall.nl\/gabbiano-kapper-wasunit-malaga-goudgrijs\/","name":"Gabbiano kapper wasunit Malaga goudgrijs kopen bij Salon For All B.V. NL &amp; BE","isPartOf":{"@id":"https:\/\/salonforall.nl\/#website"},"primaryImageOfPage":{"@id":"https:\/\/salonforall.nl\/gabbiano-kapper-wasunit-malaga-goudgrijs\/#primaryimage"},"image":{"@id":"https:\/\/salonforall.nl\/gabbiano-kapper-wasunit-malaga-goudgrijs\/#primaryimage"},"thumbnailUrl":"https:\/\/salonforall.nl\/wp-content\/uploads\/2025\/01\/gabbiano-kapper-wasunit-malaga-goudgrijs-1.jpg","datePublished":"2025-01-15T21:57:57+00:00","dateModified":"2026-04-13T13:44:51+00:00","description":"Gabbiano kapper wasunit Malaga goudgrijs koop je online of in de showroom bij Salon For All B.V. NL &amp; BE . De groothandel voor salons, praktijken en spa's in NL en BE.","breadcrumb":{"@id":"https:\/\/salonforall.nl\/gabbiano-kapper-wasunit-malaga-goudgrijs\/#breadcrumb"},"inLanguage":"fr-BE","potentialAction":[{"@type":"ReadAction","target":["https:\/\/salonforall.nl\/gabbiano-kapper-wasunit-malaga-goudgrijs\/"]}]},{"@type":"ImageObject","inLanguage":"fr-BE","@id":"https:\/\/salonforall.nl\/gabbiano-kapper-wasunit-malaga-goudgrijs\/#primaryimage","url":"https:\/\/salonforall.nl\/wp-content\/uploads\/2025\/01\/gabbiano-kapper-wasunit-malaga-goudgrijs-1.jpg","contentUrl":"https:\/\/salonforall.nl\/wp-content\/uploads\/2025\/01\/gabbiano-kapper-wasunit-malaga-goudgrijs-1.jpg","width":1200,"height":1200,"caption":"Gabbiano kapper wasunit Malaga goudgrijs 1"},{"@type":"BreadcrumbList","@id":"https:\/\/salonforall.nl\/gabbiano-kapper-wasunit-malaga-goudgrijs\/#breadcrumb","itemListElement":[{"@type":"ListItem","position":1,"name":"Home","item":"https:\/\/salonforall.nl\/"},{"@type":"ListItem","position":2,"name":"Winkel","item":"https:\/\/salonforall.nl\/winkel\/"},{"@type":"ListItem","position":3,"name":"Gabbiano kapper wasunit Malaga goudgrijs"}]},{"@type":"WebSite","@id":"https:\/\/salonforall.nl\/#website","url":"https:\/\/salonforall.nl\/","name":"Salon pour tous","description":"Votre grossiste en mat\u00e9riel et fournitures pour cabinets m\u00e9dicaux et salons de coiffure","publisher":{"@id":"https:\/\/salonforall.nl\/#organization"},"alternateName":"salonforall.nl","potentialAction":[{"@type":"SearchAction","target":{"@type":"EntryPoint","urlTemplate":"https:\/\/salonforall.nl\/?s={search_term_string}"},"query-input":{"@type":"PropertyValueSpecification","valueRequired":true,"valueName":"search_term_string"}}],"inLanguage":"fr-BE"},{"@type":"Organization","@id":"https:\/\/salonforall.nl\/#organization","name":"Salon For All B.V.","alternateName":"Salonforall.nl","url":"https:\/\/salonforall.nl\/","logo":{"@type":"ImageObject","inLanguage":"fr-BE","@id":"https:\/\/salonforall.nl\/#\/schema\/logo\/image\/","url":"https:\/\/salonforall.nl\/wp-content\/uploads\/2025\/01\/logo-salon-for-all-groothandel-saloninrichting-e1736940477693.png","contentUrl":"https:\/\/salonforall.nl\/wp-content\/uploads\/2025\/01\/logo-salon-for-all-groothandel-saloninrichting-e1736940477693.png","width":500,"height":125,"caption":"Salon For All B.V."},"image":{"@id":"https:\/\/salonforall.nl\/#\/schema\/logo\/image\/"},"description":"Salon For All est le grossiste pour l'\u00e9quipement et les fournitures des cabinets et des salons de coiffure.","email":"info@salonforall.com","legalName":"Salon For All","numberOfEmployees":{"@type":"QuantitativeValue","minValue":"1","maxValue":"10"},"hasMerchantReturnPolicy":{"@type":"MerchantReturnPolicy","merchantReturnLink":"https:\/\/salonforall.nl\/fr-be\/retourvoorwaarden\/"}}]},"product_brand":"GABBIANO","product_price_amount":"553.44","product_price_currency":"EUR","og_availability":"instock","product_availability":"instock","product_retailer_item_id":"148080","product_condition":"new"},"_links":{"self":[{"href":"https:\/\/salonforall.nl\/fr-be\/wp-json\/wp\/v2\/product\/3940","targetHints":{"allow":["GET"]}}],"collection":[{"href":"https:\/\/salonforall.nl\/fr-be\/wp-json\/wp\/v2\/product"}],"about":[{"href":"https:\/\/salonforall.nl\/fr-be\/wp-json\/wp\/v2\/types\/product"}],"replies":[{"embeddable":true,"href":"https:\/\/salonforall.nl\/fr-be\/wp-json\/wp\/v2\/comments?post=3940"}],"wp:featuredmedia":[{"embeddable":true,"href":"https:\/\/salonforall.nl\/fr-be\/wp-json\/wp\/v2\/media\/3941"}],"wp:attachment":[{"href":"https:\/\/salonforall.nl\/fr-be\/wp-json\/wp\/v2\/media?parent=3940"}],"wp:term":[{"taxonomy":"product_brand","embeddable":true,"href":"https:\/\/salonforall.nl\/fr-be\/wp-json\/wp\/v2\/product_brand?post=3940"},{"taxonomy":"product_cat","embeddable":true,"href":"https:\/\/salonforall.nl\/fr-be\/wp-json\/wp\/v2\/product_cat?post=3940"},{"taxonomy":"product_tag","embeddable":true,"href":"https:\/\/salonforall.nl\/fr-be\/wp-json\/wp\/v2\/product_tag?post=3940"}],"curies":[{"name":"wp","href":"https:\/\/api.w.org\/{rel}","templated":true}]}}