{"id":4277,"date":"2025-01-15T22:18:42","date_gmt":"2025-01-15T22:18:42","guid":{"rendered":"https:\/\/salonforall.nl\/kapper-wasunit-c019g-zwart\/"},"modified":"2026-04-14T22:46:03","modified_gmt":"2026-04-14T21:46:03","slug":"kapper-wasunit-c019g-zwart","status":"publish","type":"product","link":"https:\/\/salonforall.nl\/fr-be\/kapper-wasunit-c019g-zwart\/","title":{"rendered":"Unit\u00e9 de lavage pour coiffeur C019G noir"},"content":{"rendered":"<h2>Informations sur les <strong>Kapper wasunit C019G zwart met artikelnummer <\/strong>148068<\/h2>\n<p><img decoding=\"async\" src=\"https:\/\/activeshop.com.pl\/media\/wysiwyg\/product\/148068\/EN_148068_1.jpg\"><\/p>\n<p><strong>Gabbiano <\/strong>est une marque de luxe de mat\u00e9riel et de mobilier de coiffure qui se distingue par sa fiabilit\u00e9, sa qualit\u00e9 et son esth\u00e9tique, ainsi que par sa grande facilit\u00e9 d'utilisation. La gamme comprend une large s\u00e9lection d'\u00e9quipements de salon fonctionnels tels que des fauteuils, des laveuses et des infrarouges.<\/p>\n<p><img decoding=\"async\" src=\"https:\/\/activeshop.com.pl\/media\/wysiwyg\/product\/148068\/EN_148068_2. jpg\"><\/p>\n<h2><strong>\u00c9l\u00e9ment essentiel d'un salon de coiffure<\/strong><\/h2>\n<p>L'\u00e9l\u00e9gante <strong>C019G kapper wasunit<\/strong> met een mechanisch opgeheven voetensteun is ontworpen als<strong> praktische uitrusting voor een professionele kapsalon<\/strong>. Hiermee kunt u op effici\u00ebnte wijze basisbehandelingen uitvoeren, zoals kapper wasunit, kleuren en regeneratie. <strong>Het ge\u00efntegreerde ontwerp <\/strong>verzekert gebruikscomfort voor zowel kappers als klanten, en het interessante ontwerp van de kapper wasunit geeft het interieur<strong> un style unique<\/strong>.<\/p>\n<p> <img decoding=\"async\" src=\"https:\/\/activeshop.com.pl\/media\/wysiwyg\/product\/148068\/EN_148068_3.jpg\"><\/p>\n<h2><strong>Functionele wastafel<\/strong><\/h2>\n<p>Een witte <strong>keramische wastafelkom met de juiste diepte<\/strong> voorkomt overmatig spatten van water en producten die tijdens de behandeling worden gebruikt. Dit maakt <strong>comfortabele en effectieve uitvoering van een breed scala aan services mogelijk<\/strong>. De hoek van de kom kan worden aangepast, waardoor deze gemakkelijk aan individuele behoeften kan worden aangepast. Door het hoogwaardige materiaal is de wastafel <strong>durable, r\u00e9sistant \u00e0 la d\u00e9coloration et aux rayures<\/strong> et tr\u00e8s facile \u00e0 nettoyer. <strong>Een goed geprofileerde kraag en schuine rugleuning <\/strong>bieden ondersteuning en comfort bij het wassen van je haar.<\/p>\n<p><img decoding=\"async\" src=\"https:\/\/activeshop.com.pl\/media\/wysiwyg\/product \/148068\/EN_148068_4.jpg\"><\/p>\n<h2><strong>Des installations optimales<\/strong><\/h2>\n<p>Met behulp van de hendel aan de rechterkant van het meubel is het mogelijk om <strong>De voetsteun mechanisch aanpassen<\/strong>, wat het comfort van de behandelingen aanzienlijk verhoogt. De wasstraat is uitgerust met een mengkraan, die <strong>permet d'acc\u00e9der facilement \u00e0 l'eau chaude et \u00e0 l'eau froide<\/strong>. Hierdoor kun je de temperatuur aanpassen aan de individuele voorkeuren van de klant. Een speciale plek om de handset op te hangen maakt het werk gemakkelijker, en met de insteekbare <strong>stekker met een speciale zeef<\/strong> kunt u de waterstroom regelen en <strong>hoge hygi\u00ebnenormen in de salon handhaven<\/strong> >. De wateraansluiting is aan de achterkant van de constructie geplaatst, waardoor alle leidingen effici\u00ebnt kunnen worden verborgen. De kapper wasunit is zo ontworpen dat deze <strong>confort garanti<\/strong> tijdens verschillende behandelingen. De perfecte <strong>combinaison de fonctionnalit\u00e9s et de caract\u00e9ristiques<\/strong> rend le travail dans un salon de coiffure encore plus confortable.<\/p>\n<p><img decoding=\"async\" src=\"https:\/\/activeshop.com.pl\/media\/wysiwyg\/ product\/148068\/EN_148068_5.jpg\"><\/p>\n<h2><strong>Meubles fonctionnels au design moderne<\/strong><\/h2>\n<p>De voorgevormde stoel gevuld met duurzaam schuim zorgt <strong>voor voldoende lendensteun<\/strong> en daardoor een hoog gebruikscomfort. Armleuningen met elementen in goudtinten zorgen voor <strong>le positionnement correct des \u00e9paules du client<\/strong>. De aangenaam aanvoelende hoes van synthetisch leer in zwarttinten zorgt voor <strong>duurzaamheid op lange termijn en gemakkelijk schoonmaken<\/strong>. De elegante uitstraling van de kapper wasunit geeft het interieur een unieke uitstraling. De poten en hendel in goudtinten <strong>geven stabiliteit<\/strong> en benadrukken op subtiele wijze het stijlvolle karakter van de kapper wasunit. De set bevat <strong>accessoires complets<\/strong> in zwarttinten, waaronder een kraan, een douchehandset en speciale slangen om een \u200b\u200bcomplete set gereedschappen voor het kapperswerk te bieden.<\/p>\n<div class=\"video-container\"> <iframe height=\"315\" src=\"https:\/\/www.youtube.com\/embed\/wE93D_y0GQg\" frameborder=\"0\" width=\"560\" allowfullscreen allow=\"accelerometer; gecodeerde media; gyroscoop; picture-in-picture\"> <\/iframe> <\/p>\n<p>Les dimensions d\u00e9taill\u00e9es sont indiqu\u00e9es dans l'image.<br \/>Les \u00e9l\u00e9ments en or sont recouverts de laque. Les dommages m\u00e9caniques subis par le rev\u00eatement ne peuvent pas faire l'objet de r\u00e9clamations.<\/p>\n<p>Mat\u00e9riau du bol : c\u00e9ramique<br \/>Couleur du bol : nuances de blanc<br \/>Kleur van de bekleding: zwarte tinten<br \/>Basiskleur: zwarte tinten<br>Couleur du mat\u00e9riel : nuances de noir<br \/>Mat\u00e9riau du rembourrage : cuir synth\u00e9tique<\/p>\n<p>Activeshop producten zijn in verhouding goedkoper dan vele andere merken\/ aanbieders. De prijs staat in verhouding met de kwaliteit. De Kapper wasunit C019G zwart is hierdoor een laagdrempelige oplossing voor jouw salon.<\/p>\n<h2>Hoe wordt de Kapper wasunit C019G zwart geleverd?<\/h2>\n<p>Le <strong>Unit\u00e9 de lavage pour coiffeur C019G noir <\/strong>wordt geleverd in originele verpakking(en). Binnen Nederland en Belgi\u00eb is de verzending van de Kapper wasunit C019G zwart geheel gratis bij een bestelling v.a. 100,- euro. Bij verzendingen naar andere landen gelden aparte verzendtarieven. Je kunt deze tarieven bij ons opvragen of terugvinden in de winkelwagen. De Kapper wasunit C019G zwart wordt verzonden via een externe koerier.<\/p>\n<p>Nous livrons les colis ou les palettes jusqu'au seuil de la porte d'entr\u00e9e, m\u00eame si vous vous trouvez dans un immeuble collectif, un immeuble \u00e0 appartements ou un complexe d'appartements avec ascenseur (\u00e0 condition que l'article puisse \u00eatre transport\u00e9 dans l'ascenseur). Il n'y a pas d'ascenseur ou l'article ne rentre pas dans l'ascenseur ? Dans ce cas, nous livrons sur le seuil du rez-de-chauss\u00e9e.<\/p>\n<p>Vous avez encore des questions concernant la livraison ou une situation particuli\u00e8re ? Contactez-nous et nous nous ferons un plaisir de vous aider !<\/p>\n<p><em>*Les articles ne sont pas d\u00e9ball\u00e9s ou assembl\u00e9s par d\u00e9faut. Dans des situations particuli\u00e8res, veuillez nous contacter pour prendre des dispositions.<\/em><\/p>\n<h2>Commande en ligne s\u00e9curis\u00e9e chez Salon For All avec la marque Webwinkelkeur et la s\u00e9curit\u00e9 SSL<\/h2>\n<p>We vinden het belangrijk dat onze klanten veilig online bij ons kunnen shoppen. We zijn sinds 2019 aangesloten bij het landelijke Webwinkelkeur keurmerk. Onze identiteit is door hen gecontroleerd, geverifieerd en de webshop is juridisch gecontroleerd en goedgekeurd. Daarnaast is onze webwinkel is bij hen aangesloten voor geschillen bemiddeling. Je ziet de badge met alle informatie van dit webwinkel keurmerk aan de linker- of rechterkant van de webshop staan (roze met witte button). Ook is onze site beveiligd met een SSL-certificaat waardoor je bij ons veilig kunt browsen. In de balk van je internetbrowser, waar onze website in vermeld is, zie je een slotje staan. Als je op het slotje klikt, krijg je alle informatie over onze beveiliging. Hierdoor weet je dat je bestelling van de Kapper wasunit C019G zwart en persoonsgegevens veilig verwerkt worden.<\/p>\n<h2>Hoe kan ik de Kapper wasunit C019G zwart afrekenen?<\/h2>\n<p>Nous souhaitons vous faciliter la t\u00e2che au maximum. C'est pourquoi, chez Salon For All, vous pouvez payer avec tous les moyens de paiement connus et courants. Payer \u00e0 l'avance, \u00e0 la livraison ou apr\u00e8s coup, tout est possible. Voyez ici quels sont les modes de paiement que nous proposons<br \/>\noffre :<\/p>\n<ul>\n<li>Id\u00e9al<\/li>\n<li>Klarna - Post-paiement sur facture<\/li>\n<li>Bancontact (uniquement pour les clients belges)<\/li>\n<li>Payin3 - Payez en 3 fois avec un taux d'int\u00e9r\u00eat de 0% (uniquement pour les clients n\u00e9erlandais)<\/li>\n<li>Paypal<\/li>\n<li>Carte de cr\u00e9dit<\/li>\n<li>Apple pay<\/li>\n<li>Facture commerciale pour les entreprises<\/li>\n<li>Paiement dans la salle d'exposition - par carte bancaire ou en esp\u00e8ces (disponible uniquement lors de l'enl\u00e8vement)<\/li>\n<\/ul>\n<h2>Consultez \u00e9galement les avis sur Salon For ALL<\/h2>\n<p>Bekijk ook onze reviews om ervaringen van onze huidige klanten me te nemen in je besluit om de Kapper wasunit C019G zwart bij ons te bestellen. Via ons onafhankelijke webwinkel keurmerk van Webwinkelkeur worden automatisch geverifieerde reviews verzameld van klanten die bij ons een bestelling hebben voldaan. Deze vind je terug achter de roze button op onze webwinkel of staan vermeld onder de producten.<\/p>\n<p>Deel na je aankoop ook jouw ervaring met je bestelde Kapper wasunit C019G zwart en ervaring met het aankoopproces of contact met Salon For All om anderen te inspireren!<\/p>\n<h2>Contacter le Salon pour tous<\/h2>\n<p>Neem dan contact met ons op. Wij helpen je graag verder bij de aanschaf van de Kapper wasunit C019G zwart. Op werkdagen zijn we het beste bereikbaar tussen 8.30 uur en 17.00 uur via het telefoonnummer en e-mailadres bovenaan de webshop of via de chatfunctie. Vragen buiten kantooruren worden meestal binnen 24uur beantwoord. Het is ook mogelijk om buitenwerkdagen of kantooruren bij ons langs te komen. Maar hiervoor van tevoren een afspraak.<\/p>\n<h2>Vous souhaitez visiter notre salle d'exposition ?<\/h2>\n<p>Vind je het prettiger om de Kapper wasunit C019G zwart te bekijken of samen met onze collega door ons aanbod van de (web)shop heen te lopen? Kom dan langs in onze showroom met meer dan 1000m2 aan saloninrichting en laat je inspireren door onze medewerkers. Ook als je ervan houdt om gezellig kennis te maken onder het genot van een goede kop koffie of thee dan ben je hier van harte welkom. We hebben niet alle producten staan dus laat ons van tevoren even weten dat je wilt komen. Maak altijd van te voren een afspraak.<\/p>\n<h2>D\u00e9lai de r\u00e9flexion de 14 jours et politique de retour<\/h2>\n<p>Het kan natuurlijk voorkomen dat de geleverde Kapper wasunit C019G zwart niet helemaal naar wens is en je het wilt terugsturen. Dat is bij Salon For All geen enkel probleem. Je dient binnen 14 werkdagen je retourzending bij ons aan te melden via <a href=\"mailto:info@salonforall.nl\">info@salonforall.nl<\/a> . Je ontvangt dan eerst van alle retourinstructies en voorwaarden. Let op de Kapper wasunit C019G zwart mag niet gebruikt zijn, moet alle meegeleverde onderdelen bevatten en verpakt in originele verpakking geretourneerd worden. De kosten voor de zending van een retour zijn bij aankopen via www.salonforall.nl altijd voor de koper. Je dient voor een retour zelf een transport te regelen bij een transporteur naar keuze. Zodra de Kapper wasunit C019G zwart retour is gekomen wordt het gecontroleerd op volledigheid en schade. Zodra de retour akkoord is bevonden wordt het aankoopbedrag binnen 5 werkdagen teruggestort op het bij ons bekende rekeningnummer.<\/p>\n<h2>Qui est Salon For All ?<\/h2>\n<p>Salon For all est le grossiste pour tout \u00e9quipement de salon en Europe. Salon For All a d\u00e9marr\u00e9 en 2003 sous le nom de Salonvoordeel et est n\u00e9 de la pratique. Les propri\u00e9taires de Salon For All \u00e9taient des coiffeurs et des esth\u00e9ticiennes exp\u00e9riment\u00e9s et ont ensemble plus de 30 ans d'exp\u00e9rience pratique. Nous avons lanc\u00e9 Salonvoordeel.nl (Pays-Bas) en 2003, puis Salon For All a \u00e9t\u00e9 cr\u00e9\u00e9 pour le march\u00e9 europ\u00e9en. Un certain nombre de nos employ\u00e9s ont cr\u00e9\u00e9 leur propre entreprise et l'id\u00e9e est n\u00e9e de lancer une boutique en ligne fonctionnelle pour les coiffeurs et de les aider \u00e0 am\u00e9nager leur salon. Gr\u00e2ce \u00e0 nos ann\u00e9es d'exp\u00e9rience dans le secteur, nous pouvons vous tendre un miroir et vous donner les bons conseils. Nous parlons le m\u00eame langage ! Nous vous conseillons, nous vous inspirons, nous vous motivons et nous vous aidons \u00e0 acheter une boutique en ligne. <em>Unit\u00e9 de lavage pour coiffeur C019G noir<\/em>. Nos fournisseurs sont r\u00e9partis dans toute l'Europe, de l'Allemagne \u00e0 la Pologne en passant par l'Angleterre et l'Italie.<\/p>","protected":false},"excerpt":{"rendered":"<p>De Kapper wasunit C019G zwart is een betaalbare oplossing voor iedere salon. De levertijd voor deze kapper wasunit is 2-6 werkdagen.<\/p>","protected":false},"featured_media":4278,"comment_status":"closed","ping_status":"open","template":"","meta":[],"product_brand":[],"product_cat":[130,108,109],"product_tag":[],"class_list":{"0":"post-4277","1":"product","2":"type-product","3":"status-publish","4":"has-post-thumbnail","6":"product_cat-kapper-wasunit","7":"product_cat-kapsalon","8":"product_cat-kapsalon-inrichting","9":"pa_kleur-zwart","10":"pa_kwaliteit-middensegment","11":"pa_levertijd-3-6-werkdagen","12":"pa_merk-activeshop","14":"first","15":"instock","16":"sale","17":"taxable","18":"shipping-taxable","19":"purchasable","20":"product-type-simple"},"yoast_head":"<!-- This site is optimized with the Yoast SEO Premium plugin v27.3 (Yoast SEO v27.4) - https:\/\/yoast.com\/product\/yoast-seo-premium-wordpress\/ -->\n<title>Kapper wasunit C019G zwart kopen bij Salon For All B.V. NL &amp; BE<\/title>\n<meta name=\"description\" content=\"Kapper wasunit C019G zwart koop je online of in de showroom bij Salon For All B.V. NL &amp; BE . De groothandel voor salons, praktijken en spa&#039;s in NL en BE.\" \/>\n<meta name=\"robots\" content=\"index, follow, max-snippet:-1, max-image-preview:large, max-video-preview:-1\" \/>\n<link rel=\"canonical\" href=\"https:\/\/salonforall.nl\/fr-be\/kapper-wasunit-c019g-zwart\/\" \/>\n<meta property=\"og:locale\" content=\"fr_FR\" \/>\n<meta property=\"og:type\" content=\"article\" \/>\n<meta property=\"og:title\" content=\"Kapper wasunit C019G zwart\" \/>\n<meta property=\"og:description\" content=\"Kapper wasunit C019G zwart koop je online of in de showroom bij Salon For All B.V. NL &amp; BE . De groothandel voor salons, praktijken en spa&#039;s in NL en BE.\" \/>\n<meta property=\"og:url\" content=\"https:\/\/salonforall.nl\/fr-be\/kapper-wasunit-c019g-zwart\/\" \/>\n<meta property=\"og:site_name\" content=\"Salon For All B.V. NL &amp; BE\" \/>\n<meta property=\"article:modified_time\" content=\"2026-04-14T21:46:03+00:00\" \/>\n<meta property=\"og:image\" content=\"https:\/\/salonforall.nl\/wp-content\/uploads\/2025\/01\/kapper-wasunit-c019g-zwart-1.jpg\" \/>\n\t<meta property=\"og:image:width\" content=\"1200\" \/>\n\t<meta property=\"og:image:height\" content=\"1200\" \/>\n\t<meta property=\"og:image:type\" content=\"image\/jpeg\" \/>\n<meta name=\"twitter:card\" content=\"summary_large_image\" \/>\n<meta name=\"twitter:title\" content=\"Kapper wasunit C019G zwart\" \/>\n<meta name=\"twitter:label1\" content=\"Price\" \/>\n\t<meta name=\"twitter:data1\" content=\"&nbsp;597,56 excl. btw\" \/>\n\t<meta name=\"twitter:label2\" content=\"Availability\" \/>\n\t<meta name=\"twitter:data2\" content=\"In stock\" \/>\n<script type=\"application\/ld+json\" class=\"yoast-schema-graph\">{\"@context\":\"https:\\\/\\\/schema.org\",\"@graph\":[{\"@type\":\"WebPage\",\"@id\":\"https:\\\/\\\/salonforall.nl\\\/kapper-wasunit-c019g-zwart\\\/\",\"url\":\"https:\\\/\\\/salonforall.nl\\\/kapper-wasunit-c019g-zwart\\\/\",\"name\":\"Kapper wasunit C019G zwart kopen bij Salon For All B.V. NL &amp; BE\",\"isPartOf\":{\"@id\":\"https:\\\/\\\/salonforall.nl\\\/#website\"},\"primaryImageOfPage\":{\"@id\":\"https:\\\/\\\/salonforall.nl\\\/kapper-wasunit-c019g-zwart\\\/#primaryimage\"},\"image\":{\"@id\":\"https:\\\/\\\/salonforall.nl\\\/kapper-wasunit-c019g-zwart\\\/#primaryimage\"},\"thumbnailUrl\":\"https:\\\/\\\/salonforall.nl\\\/wp-content\\\/uploads\\\/2025\\\/01\\\/kapper-wasunit-c019g-zwart-1.jpg\",\"datePublished\":\"2025-01-15T22:18:42+00:00\",\"dateModified\":\"2026-04-14T21:46:03+00:00\",\"description\":\"Kapper wasunit C019G zwart koop je online of in de showroom bij Salon For All B.V. NL &amp; BE . De groothandel voor salons, praktijken en spa's in NL en BE.\",\"breadcrumb\":{\"@id\":\"https:\\\/\\\/salonforall.nl\\\/kapper-wasunit-c019g-zwart\\\/#breadcrumb\"},\"inLanguage\":\"fr-BE\",\"potentialAction\":[{\"@type\":\"ReadAction\",\"target\":[\"https:\\\/\\\/salonforall.nl\\\/kapper-wasunit-c019g-zwart\\\/\"]}]},{\"@type\":\"ImageObject\",\"inLanguage\":\"fr-BE\",\"@id\":\"https:\\\/\\\/salonforall.nl\\\/kapper-wasunit-c019g-zwart\\\/#primaryimage\",\"url\":\"https:\\\/\\\/salonforall.nl\\\/wp-content\\\/uploads\\\/2025\\\/01\\\/kapper-wasunit-c019g-zwart-1.jpg\",\"contentUrl\":\"https:\\\/\\\/salonforall.nl\\\/wp-content\\\/uploads\\\/2025\\\/01\\\/kapper-wasunit-c019g-zwart-1.jpg\",\"width\":1200,\"height\":1200,\"caption\":\"Kapper wasunit C019G zwart 1\"},{\"@type\":\"BreadcrumbList\",\"@id\":\"https:\\\/\\\/salonforall.nl\\\/kapper-wasunit-c019g-zwart\\\/#breadcrumb\",\"itemListElement\":[{\"@type\":\"ListItem\",\"position\":1,\"name\":\"Home\",\"item\":\"https:\\\/\\\/salonforall.nl\\\/\"},{\"@type\":\"ListItem\",\"position\":2,\"name\":\"Winkel\",\"item\":\"https:\\\/\\\/salonforall.nl\\\/winkel\\\/\"},{\"@type\":\"ListItem\",\"position\":3,\"name\":\"Kapper wasunit C019G zwart\"}]},{\"@type\":\"WebSite\",\"@id\":\"https:\\\/\\\/salonforall.nl\\\/#website\",\"url\":\"https:\\\/\\\/salonforall.nl\\\/\",\"name\":\"Salon For All\",\"description\":\"Jouw groothandel voor praktijk- &amp; saloninrichting en benodigdheden\",\"publisher\":{\"@id\":\"https:\\\/\\\/salonforall.nl\\\/#organization\"},\"alternateName\":\"salonforall.nl\",\"potentialAction\":[{\"@type\":\"SearchAction\",\"target\":{\"@type\":\"EntryPoint\",\"urlTemplate\":\"https:\\\/\\\/salonforall.nl\\\/?s={search_term_string}\"},\"query-input\":{\"@type\":\"PropertyValueSpecification\",\"valueRequired\":true,\"valueName\":\"search_term_string\"}}],\"inLanguage\":\"fr-BE\"},{\"@type\":\"Organization\",\"@id\":\"https:\\\/\\\/salonforall.nl\\\/#organization\",\"name\":\"Salon For All B.V.\",\"alternateName\":\"Salonforall.nl\",\"url\":\"https:\\\/\\\/salonforall.nl\\\/\",\"logo\":{\"@type\":\"ImageObject\",\"inLanguage\":\"fr-BE\",\"@id\":\"https:\\\/\\\/salonforall.nl\\\/#\\\/schema\\\/logo\\\/image\\\/\",\"url\":\"https:\\\/\\\/salonforall.nl\\\/wp-content\\\/uploads\\\/2025\\\/01\\\/logo-salon-for-all-groothandel-saloninrichting-e1736940477693.png\",\"contentUrl\":\"https:\\\/\\\/salonforall.nl\\\/wp-content\\\/uploads\\\/2025\\\/01\\\/logo-salon-for-all-groothandel-saloninrichting-e1736940477693.png\",\"width\":500,\"height\":125,\"caption\":\"Salon For All B.V.\"},\"image\":{\"@id\":\"https:\\\/\\\/salonforall.nl\\\/#\\\/schema\\\/logo\\\/image\\\/\"},\"description\":\"Salon For All is de groothandel voor praktijk- en saloninrichting en benodigdheden.\",\"email\":\"info@salonforall.com\",\"legalName\":\"Salon For All\",\"numberOfEmployees\":{\"@type\":\"QuantitativeValue\",\"minValue\":\"1\",\"maxValue\":\"10\"},\"hasMerchantReturnPolicy\":{\"@type\":\"MerchantReturnPolicy\",\"merchantReturnLink\":\"https:\\\/\\\/salonforall.nl\\\/fr-be\\\/retourvoorwaarden\\\/\"}}]}<\/script>\n<meta property=\"product:brand\" content=\"ACTIVESHOP\" \/>\n<meta property=\"product:price:amount\" content=\"597.56\" \/>\n<meta property=\"product:price:currency\" content=\"EUR\" \/>\n<meta property=\"og:availability\" content=\"instock\" \/>\n<meta property=\"product:availability\" content=\"instock\" \/>\n<meta property=\"product:retailer_item_id\" content=\"148068\" \/>\n<meta property=\"product:condition\" content=\"new\" \/>\n<!-- \/ Yoast SEO Premium plugin. -->","yoast_head_json":{"title":"Kapper wasunit C019G zwart kopen bij Salon For All B.V. NL &amp; BE","description":"Kapper wasunit C019G zwart koop je online of in de showroom bij Salon For All B.V. NL &amp; BE . De groothandel voor salons, praktijken en spa's in NL en BE.","robots":{"index":"index","follow":"follow","max-snippet":"max-snippet:-1","max-image-preview":"max-image-preview:large","max-video-preview":"max-video-preview:-1"},"canonical":"https:\/\/salonforall.nl\/fr-be\/kapper-wasunit-c019g-zwart\/","og_locale":"fr_FR","og_type":"article","og_title":"Kapper wasunit C019G zwart","og_description":"Kapper wasunit C019G zwart koop je online of in de showroom bij Salon For All B.V. NL &amp; BE . De groothandel voor salons, praktijken en spa's in NL en BE.","og_url":"https:\/\/salonforall.nl\/fr-be\/kapper-wasunit-c019g-zwart\/","og_site_name":"Salon For All B.V. NL &amp; BE","article_modified_time":"2026-04-14T21:46:03+00:00","og_image":[{"width":1200,"height":1200,"url":"https:\/\/salonforall.nl\/wp-content\/uploads\/2025\/01\/kapper-wasunit-c019g-zwart-1.jpg","type":"image\/jpeg"}],"twitter_card":"summary_large_image","twitter_title":"Kapper wasunit C019G zwart","twitter_misc":{"Price":"&nbsp;597,56 excl. btw","Availability":"In stock"},"schema":{"@context":"https:\/\/schema.org","@graph":[{"@type":"WebPage","@id":"https:\/\/salonforall.nl\/kapper-wasunit-c019g-zwart\/","url":"https:\/\/salonforall.nl\/kapper-wasunit-c019g-zwart\/","name":"Kapper wasunit C019G zwart kopen bij Salon For All B.V. NL &amp; BE","isPartOf":{"@id":"https:\/\/salonforall.nl\/#website"},"primaryImageOfPage":{"@id":"https:\/\/salonforall.nl\/kapper-wasunit-c019g-zwart\/#primaryimage"},"image":{"@id":"https:\/\/salonforall.nl\/kapper-wasunit-c019g-zwart\/#primaryimage"},"thumbnailUrl":"https:\/\/salonforall.nl\/wp-content\/uploads\/2025\/01\/kapper-wasunit-c019g-zwart-1.jpg","datePublished":"2025-01-15T22:18:42+00:00","dateModified":"2026-04-14T21:46:03+00:00","description":"Kapper wasunit C019G zwart koop je online of in de showroom bij Salon For All B.V. NL &amp; BE . De groothandel voor salons, praktijken en spa's in NL en BE.","breadcrumb":{"@id":"https:\/\/salonforall.nl\/kapper-wasunit-c019g-zwart\/#breadcrumb"},"inLanguage":"fr-BE","potentialAction":[{"@type":"ReadAction","target":["https:\/\/salonforall.nl\/kapper-wasunit-c019g-zwart\/"]}]},{"@type":"ImageObject","inLanguage":"fr-BE","@id":"https:\/\/salonforall.nl\/kapper-wasunit-c019g-zwart\/#primaryimage","url":"https:\/\/salonforall.nl\/wp-content\/uploads\/2025\/01\/kapper-wasunit-c019g-zwart-1.jpg","contentUrl":"https:\/\/salonforall.nl\/wp-content\/uploads\/2025\/01\/kapper-wasunit-c019g-zwart-1.jpg","width":1200,"height":1200,"caption":"Kapper wasunit C019G zwart 1"},{"@type":"BreadcrumbList","@id":"https:\/\/salonforall.nl\/kapper-wasunit-c019g-zwart\/#breadcrumb","itemListElement":[{"@type":"ListItem","position":1,"name":"Home","item":"https:\/\/salonforall.nl\/"},{"@type":"ListItem","position":2,"name":"Winkel","item":"https:\/\/salonforall.nl\/winkel\/"},{"@type":"ListItem","position":3,"name":"Kapper wasunit C019G zwart"}]},{"@type":"WebSite","@id":"https:\/\/salonforall.nl\/#website","url":"https:\/\/salonforall.nl\/","name":"Salon pour tous","description":"Votre grossiste en mat\u00e9riel et fournitures pour cabinets m\u00e9dicaux et salons de coiffure","publisher":{"@id":"https:\/\/salonforall.nl\/#organization"},"alternateName":"salonforall.nl","potentialAction":[{"@type":"SearchAction","target":{"@type":"EntryPoint","urlTemplate":"https:\/\/salonforall.nl\/?s={search_term_string}"},"query-input":{"@type":"PropertyValueSpecification","valueRequired":true,"valueName":"search_term_string"}}],"inLanguage":"fr-BE"},{"@type":"Organization","@id":"https:\/\/salonforall.nl\/#organization","name":"Salon For All B.V.","alternateName":"Salonforall.nl","url":"https:\/\/salonforall.nl\/","logo":{"@type":"ImageObject","inLanguage":"fr-BE","@id":"https:\/\/salonforall.nl\/#\/schema\/logo\/image\/","url":"https:\/\/salonforall.nl\/wp-content\/uploads\/2025\/01\/logo-salon-for-all-groothandel-saloninrichting-e1736940477693.png","contentUrl":"https:\/\/salonforall.nl\/wp-content\/uploads\/2025\/01\/logo-salon-for-all-groothandel-saloninrichting-e1736940477693.png","width":500,"height":125,"caption":"Salon For All B.V."},"image":{"@id":"https:\/\/salonforall.nl\/#\/schema\/logo\/image\/"},"description":"Salon For All est le grossiste pour l'\u00e9quipement et les fournitures des cabinets et des salons de coiffure.","email":"info@salonforall.com","legalName":"Salon For All","numberOfEmployees":{"@type":"QuantitativeValue","minValue":"1","maxValue":"10"},"hasMerchantReturnPolicy":{"@type":"MerchantReturnPolicy","merchantReturnLink":"https:\/\/salonforall.nl\/fr-be\/retourvoorwaarden\/"}}]},"product_brand":"ACTIVESHOP","product_price_amount":"597.56","product_price_currency":"EUR","og_availability":"instock","product_availability":"instock","product_retailer_item_id":"148068","product_condition":"new"},"_links":{"self":[{"href":"https:\/\/salonforall.nl\/fr-be\/wp-json\/wp\/v2\/product\/4277","targetHints":{"allow":["GET"]}}],"collection":[{"href":"https:\/\/salonforall.nl\/fr-be\/wp-json\/wp\/v2\/product"}],"about":[{"href":"https:\/\/salonforall.nl\/fr-be\/wp-json\/wp\/v2\/types\/product"}],"replies":[{"embeddable":true,"href":"https:\/\/salonforall.nl\/fr-be\/wp-json\/wp\/v2\/comments?post=4277"}],"wp:featuredmedia":[{"embeddable":true,"href":"https:\/\/salonforall.nl\/fr-be\/wp-json\/wp\/v2\/media\/4278"}],"wp:attachment":[{"href":"https:\/\/salonforall.nl\/fr-be\/wp-json\/wp\/v2\/media?parent=4277"}],"wp:term":[{"taxonomy":"product_brand","embeddable":true,"href":"https:\/\/salonforall.nl\/fr-be\/wp-json\/wp\/v2\/product_brand?post=4277"},{"taxonomy":"product_cat","embeddable":true,"href":"https:\/\/salonforall.nl\/fr-be\/wp-json\/wp\/v2\/product_cat?post=4277"},{"taxonomy":"product_tag","embeddable":true,"href":"https:\/\/salonforall.nl\/fr-be\/wp-json\/wp\/v2\/product_tag?post=4277"}],"curies":[{"name":"wp","href":"https:\/\/api.w.org\/{rel}","templated":true}]}}