{"id":6734,"date":"2025-01-16T11:28:04","date_gmt":"2025-01-16T11:28:04","guid":{"rendered":"https:\/\/salonforall.nl\/cosmetische-stoel-tabouret-kruk-met-rugleuning-qs-of211g-wit\/"},"modified":"2026-04-14T20:47:10","modified_gmt":"2026-04-14T19:47:10","slug":"cosmetische-stoel-tabouret-kruk-met-rugleuning-qs-of211g-wit","status":"publish","type":"product","link":"https:\/\/salonforall.nl\/fr-be\/cosmetische-stoel-tabouret-kruk-met-rugleuning-qs-of211g-wit\/","title":{"rendered":"Tabouret tabouret avec dossier QS-OF211G blanc"},"content":{"rendered":"<h2>Informations sur les <strong>Cosmetische stoel tabouret kruk met rugleuning QS-OF211G wit met artikelnummer <\/strong>148167<\/h2>\n<p><img decoding=\"async\" src=\"https:\/\/activeshop.com.pl\/media\/wysiwyg\/product\/148167\/EN_148167_1.jpg\"><\/p>\n<p>Pendant de nombreuses ann\u00e9es, la <strong>ACTIVESHOP <\/strong>propose une large gamme de produits destin\u00e9s \u00e0 un usage professionnel dans de nombreux secteurs. La gamme disponible comprend des articles de diff\u00e9rentes cat\u00e9gories, depuis les petits accessoires essentiels jusqu'aux \u00e9quipements sp\u00e9cialis\u00e9s, tels que les meubles cosm\u00e9tiques.&nbsp;<\/p>\n<p><img decoding=\"async\" src=\"https:\/\/activeshop.com.pl\/ media\/wysiwyg\/product\/148167\/EN_148167_2.jpg\"><\/p>\n<h2><strong>Chaise \u00e9l\u00e9gante et fonctionnelle<\/strong><\/h2>\n<p>L'\u00e9l\u00e9gant <strong>Chaise QS-OF211G <\/strong>s'adapte \u00e0 tous les int\u00e9rieurs. Qu'il s'agisse d'un salon professionnel tel qu'un salon de beaut\u00e9 ou de manucure, d'un espace de bureau ou d'une \u00e9l\u00e9gante zone de r\u00e9ception, cette chaise offre <strong>la fonctionnalit\u00e9 et l'esth\u00e9tique<\/strong>. De plus, le design le rend tout aussi <strong>convient pour un usage quotidien<\/strong> dans les maisons.&nbsp;<\/p>\n<p><img decoding=\"async\" src=\"https:\/\/activeshop.com.pl\/media\/wysiwyg\/product \/148167\/EN_148167_3.jpg\"><\/p>\n<h2><strong>Nombreuses possibilit\u00e9s d'ajustement<\/strong><\/h2>\n<p><strong>Le ressort \u00e0 gaz efficace<\/strong> zorgt voor eenvoudig en soepel <strong>verstelling van de zithoogte tussen 51-60 cm<\/strong>. Cela permet d'adapter le mobilier aux besoins et aux services individuels, <strong>il garantit une grande facilit\u00e9 d'utilisation<\/strong> - aussi bien lors de l'application du maquillage, de la coiffure des sourcils que lors d'autres activit\u00e9s. Les <strong>m\u00e9canisme de rotation compl\u00e8te<\/strong> am\u00e9liore l'efficacit\u00e9 et le confort de travail. <strong>Les accoudoirs en m\u00e9tal<\/strong> s'asseoir \u00e0 la bonne hauteur, ce qui permet de bien positionner les \u00e9paules.<\/p>\n<p><img decoding=\"async\" src=\"https:\/\/activeshop.com.pl\/media\/wysiwyg\/product\/ 148167\/EN_148167_4.jpg\"><\/p>\n<h2><strong>Conception minimaliste pour une utilisation ais\u00e9e<\/strong><\/h2>\n<p><strong>Le toucher agr\u00e9able<\/strong>, kunstlederen bekleding in Wittinten geven het meubel een uniek karakter. <strong>Une finition \u00e9l\u00e9gante<\/strong> en fait un v\u00e9ritable accroche-regard. Le cadre dans les tons dor\u00e9s ajoute de l'\u00e9l\u00e9gance et s'accorde parfaitement avec les formes simples. <strong>Roulettes fonctionnelles<\/strong> offrent une grande mobilit\u00e9, ce qui facilite le d\u00e9placement du fauteuil et la circulation dans le salon pendant le travail. <strong>Finition esth\u00e9tique, facilit\u00e9 d'utilisation et dossier ergonomique profil\u00e9<\/strong> garantissent que le fauteuil r\u00e9pond aux besoins des utilisateurs les plus exigeants.<\/p>\n<p>Les dimensions du produit sont indiqu\u00e9es sur la photo.<br >Les \u00e9l\u00e9ments en or sont recouverts de laque. Les dommages m\u00e9caniques subis par le rev\u00eatement ne peuvent pas faire l'objet de r\u00e9clamations.<\/p>\n<p><strong>Donn\u00e9es :<\/strong><br \/>Actionneur : gaz<br \/>Mat\u00e9riau de la couverture : cuir synth\u00e9tique<br \/>Couleur du rembourrage : nuances de blanc <br \/>Couleur du cadre : nuances d'or<\/p>\n<p>Activeshop producten zijn in verhouding goedkoper dan vele andere merken\/ aanbieders. De prijs staat in verhouding met de kwaliteit. De Cosmetische stoel tabouret kruk met rugleuning QS-OF211G wit is hierdoor een laagdrempelige oplossing voor jouw salon.<\/p>\n<h2>Hoe wordt de Cosmetische stoel tabouret kruk met rugleuning QS-OF211G wit geleverd?<\/h2>\n<p>Le <strong>Tabouret tabouret avec dossier QS-OF211G blanc <\/strong>wordt geleverd in originele verpakking(en). Binnen Nederland en Belgi\u00eb is de verzending van de Cosmetische stoel tabouret kruk met rugleuning QS-OF211G wit geheel gratis bij een bestelling v.a. 100,- euro. Bij verzendingen naar andere landen gelden aparte verzendtarieven. Je kunt deze tarieven bij ons opvragen of terugvinden in de winkelwagen. De Cosmetische stoel tabouret kruk met rugleuning QS-OF211G wit wordt verzonden via een externe koerier.<\/p>\n<p>Nous livrons les colis ou les palettes jusqu'au seuil de la porte d'entr\u00e9e, m\u00eame si vous vous trouvez dans un immeuble collectif, un immeuble \u00e0 appartements ou un complexe d'appartements avec ascenseur (\u00e0 condition que l'article puisse \u00eatre transport\u00e9 dans l'ascenseur). Il n'y a pas d'ascenseur ou l'article ne rentre pas dans l'ascenseur ? Dans ce cas, nous livrons sur le seuil du rez-de-chauss\u00e9e.<\/p>\n<p>Vous avez encore des questions concernant la livraison ou une situation particuli\u00e8re ? Contactez-nous et nous nous ferons un plaisir de vous aider !<\/p>\n<p><em>*Les articles ne sont pas d\u00e9ball\u00e9s ou assembl\u00e9s par d\u00e9faut. Dans des situations particuli\u00e8res, veuillez nous contacter pour prendre des dispositions.<\/em><\/p>\n<h2>Commande en ligne s\u00e9curis\u00e9e chez Salon For All avec la marque Webwinkelkeur et la s\u00e9curit\u00e9 SSL<\/h2>\n<p>We vinden het belangrijk dat onze klanten veilig online bij ons kunnen shoppen. We zijn sinds 2019 aangesloten bij het landelijke Webwinkelkeur keurmerk. Onze identiteit is door hen gecontroleerd, geverifieerd en de webshop is juridisch gecontroleerd en goedgekeurd. Daarnaast is onze webwinkel is bij hen aangesloten voor geschillen bemiddeling. Je ziet de badge met alle informatie van dit webwinkel keurmerk aan de linker- of rechterkant van de webshop staan (roze met witte button). Ook is onze site beveiligd met een SSL-certificaat waardoor je bij ons veilig kunt browsen. In de balk van je internetbrowser, waar onze website in vermeld is, zie je een slotje staan. Als je op het slotje klikt, krijg je alle informatie over onze beveiliging. Hierdoor weet je dat je bestelling van de Cosmetische stoel tabouret kruk met rugleuning QS-OF211G wit en persoonsgegevens veilig verwerkt worden.<\/p>\n<h2>Hoe kan ik de Cosmetische stoel tabouret kruk met rugleuning QS-OF211G wit afrekenen?<\/h2>\n<p>Nous souhaitons vous faciliter la t\u00e2che au maximum. C'est pourquoi, chez Salon For All, vous pouvez payer avec tous les moyens de paiement connus et courants. Payer \u00e0 l'avance, \u00e0 la livraison ou apr\u00e8s coup, tout est possible. Voyez ici quels sont les modes de paiement que nous proposons<br \/>\noffre :<\/p>\n<ul>\n<li>Id\u00e9al<\/li>\n<li>Klarna - Post-paiement sur facture<\/li>\n<li>Bancontact (uniquement pour les clients belges)<\/li>\n<li>Payin3 - Payez en 3 fois avec un taux d'int\u00e9r\u00eat de 0% (uniquement pour les clients n\u00e9erlandais)<\/li>\n<li>Paypal<\/li>\n<li>Carte de cr\u00e9dit<\/li>\n<li>Apple pay<\/li>\n<li>Facture commerciale pour les entreprises<\/li>\n<li>Paiement dans la salle d'exposition - par carte bancaire ou en esp\u00e8ces (disponible uniquement lors de l'enl\u00e8vement)<\/li>\n<\/ul>\n<h2>Consultez \u00e9galement les avis sur Salon For ALL<\/h2>\n<p>Bekijk ook onze reviews om ervaringen van onze huidige klanten me te nemen in je besluit om de Cosmetische stoel tabouret kruk met rugleuning QS-OF211G wit bij ons te bestellen. Via ons onafhankelijke webwinkel keurmerk van Webwinkelkeur worden automatisch geverifieerde reviews verzameld van klanten die bij ons een bestelling hebben voldaan. Deze vind je terug achter de roze button op onze webwinkel of staan vermeld onder de producten.<\/p>\n<p>Deel na je aankoop ook jouw ervaring met je bestelde Cosmetische stoel tabouret kruk met rugleuning QS-OF211G wit en ervaring met het aankoopproces of contact met Salon For All om anderen te inspireren!<\/p>\n<h2>Contacter le Salon pour tous<\/h2>\n<p>Neem dan contact met ons op. Wij helpen je graag verder bij de aanschaf van de Cosmetische stoel tabouret kruk met rugleuning QS-OF211G wit. Op werkdagen zijn we het beste bereikbaar tussen 8.30 uur en 17.00 uur via het telefoonnummer en e-mailadres bovenaan de webshop of via de chatfunctie. Vragen buiten kantooruren worden meestal binnen 24uur beantwoord. Het is ook mogelijk om buitenwerkdagen of kantooruren bij ons langs te komen. Maar hiervoor van tevoren een afspraak.<\/p>\n<h2>Vous souhaitez visiter notre salle d'exposition ?<\/h2>\n<p>Vind je het prettiger om de Cosmetische stoel tabouret kruk met rugleuning QS-OF211G wit te bekijken of samen met onze collega door ons aanbod van de (web)shop heen te lopen? Kom dan langs in onze showroom met meer dan 1000m2 aan saloninrichting en laat je inspireren door onze medewerkers. Ook als je ervan houdt om gezellig kennis te maken onder het genot van een goede kop koffie of thee dan ben je hier van harte welkom. We hebben niet alle producten staan dus laat ons van tevoren even weten dat je wilt komen. Maak altijd van te voren een afspraak.<\/p>\n<h2>D\u00e9lai de r\u00e9flexion de 14 jours et politique de retour<\/h2>\n<p>Het kan natuurlijk voorkomen dat de geleverde Cosmetische stoel tabouret kruk met rugleuning QS-OF211G wit niet helemaal naar wens is en je het wilt terugsturen. Dat is bij Salon For All geen enkel probleem. Je dient binnen 14 werkdagen je retourzending bij ons aan te melden via <a href=\"mailto:info@salonforall.nl\">info@salonforall.nl<\/a> . Je ontvangt dan eerst van alle retourinstructies en voorwaarden. Let op de Cosmetische stoel tabouret kruk met rugleuning QS-OF211G wit mag niet gebruikt zijn, moet alle meegeleverde onderdelen bevatten en verpakt in originele verpakking geretourneerd worden. De kosten voor de zending van een retour zijn bij aankopen via www.salonforall.nl altijd voor de koper. Je dient voor een retour zelf een transport te regelen bij een transporteur naar keuze. Zodra de Cosmetische stoel tabouret kruk met rugleuning QS-OF211G wit retour is gekomen wordt het gecontroleerd op volledigheid en schade. Zodra de retour akkoord is bevonden wordt het aankoopbedrag binnen 5 werkdagen teruggestort op het bij ons bekende rekeningnummer.<\/p>\n<h2>Qui est Salon For All ?<\/h2>\n<p>Salon For all est le grossiste pour tout \u00e9quipement de salon en Europe. Salon For All a d\u00e9marr\u00e9 en 2003 sous le nom de Salonvoordeel et est n\u00e9 de la pratique. Les propri\u00e9taires de Salon For All \u00e9taient des coiffeurs et des esth\u00e9ticiennes exp\u00e9riment\u00e9s et ont ensemble plus de 30 ans d'exp\u00e9rience pratique. Nous avons lanc\u00e9 Salonvoordeel.nl (Pays-Bas) en 2003, puis Salon For All a \u00e9t\u00e9 cr\u00e9\u00e9 pour le march\u00e9 europ\u00e9en. Un certain nombre de nos employ\u00e9s ont cr\u00e9\u00e9 leur propre entreprise et l'id\u00e9e est n\u00e9e de lancer une boutique en ligne fonctionnelle pour les coiffeurs et de les aider \u00e0 am\u00e9nager leur salon. Gr\u00e2ce \u00e0 nos ann\u00e9es d'exp\u00e9rience dans le secteur, nous pouvons vous tendre un miroir et vous donner les bons conseils. Nous parlons le m\u00eame langage ! Nous vous conseillons, nous vous inspirons, nous vous motivons et nous vous aidons \u00e0 acheter une boutique en ligne. <em>Tabouret tabouret avec dossier QS-OF211G blanc<\/em>. Nos fournisseurs sont r\u00e9partis dans toute l'Europe, de l'Allemagne \u00e0 la Pologne en passant par l'Angleterre et l'Italie.<\/p>","protected":false},"excerpt":{"rendered":"<p>La chaise cosm\u00e9tique tabouret avec dossier QS-OF211G blanc de la marque ACTIVESHOP est une solution abordable pour tout salon. Le d\u00e9lai de livraison pour ce tabouret est de 2-6 jours ouvrables.<\/p>","protected":false},"featured_media":6735,"comment_status":"closed","ping_status":"open","template":"","meta":[],"product_brand":[],"product_cat":[138,114,115,82,75,139,137,108,109,135,136,140,102,103],"product_tag":[],"class_list":{"0":"post-6734","1":"product","2":"type-product","3":"status-publish","4":"has-post-thumbnail","6":"product_cat-barber-kruk","7":"product_cat-barbershop","8":"product_cat-barbershop-inrichting","9":"product_cat-cosmetische","10":"product_cat-cosmetische-inrichting","11":"product_cat-cosmetische-kruk","12":"product_cat-kappersfiets","13":"product_cat-kapsalon","14":"product_cat-kapsalon-inrichting","15":"product_cat-tabouret","16":"product_cat-tabouret-met-rugleuning","17":"product_cat-tattoo-kruk","18":"product_cat-tattoo-shop","19":"product_cat-tattoo-shop-inrichting","20":"pa_artikelnummer-185","21":"pa_kleur-wit","22":"pa_kwaliteit-middensegment","23":"pa_levertijd-3-6-werkdagen","24":"pa_merk-activeshop","25":"pa_type-tabouret-met-rugleuning","27":"first","28":"instock","29":"sale","30":"taxable","31":"shipping-taxable","32":"purchasable","33":"product-type-simple"},"yoast_head":"<!-- This site is optimized with the Yoast SEO Premium plugin v27.3 (Yoast SEO v27.3) - https:\/\/yoast.com\/product\/yoast-seo-premium-wordpress\/ -->\n<title>Cosmetische stoel tabouret kruk met rugleuning QS-OF211G wit kopen bij Salon For All B.V. NL &amp; BE<\/title>\n<meta name=\"description\" content=\"Cosmetische stoel tabouret kruk met rugleuning QS-OF211G wit koop je online of in de showroom bij Salon For All B.V. NL &amp; BE . De groothandel voor salons, praktijken en spa&#039;s in NL en BE.\" \/>\n<meta name=\"robots\" content=\"index, follow, max-snippet:-1, max-image-preview:large, max-video-preview:-1\" \/>\n<link rel=\"canonical\" href=\"https:\/\/salonforall.nl\/fr-be\/cosmetische-stoel-tabouret-kruk-met-rugleuning-qs-of211g-wit\/\" \/>\n<meta property=\"og:locale\" content=\"fr_FR\" \/>\n<meta property=\"og:type\" content=\"article\" \/>\n<meta property=\"og:title\" content=\"Cosmetische stoel tabouret kruk met rugleuning QS-OF211G wit\" \/>\n<meta property=\"og:description\" content=\"Cosmetische stoel tabouret kruk met rugleuning QS-OF211G wit koop je online of in de showroom bij Salon For All B.V. NL &amp; BE . De groothandel voor salons, praktijken en spa&#039;s in NL en BE.\" \/>\n<meta property=\"og:url\" content=\"https:\/\/salonforall.nl\/fr-be\/cosmetische-stoel-tabouret-kruk-met-rugleuning-qs-of211g-wit\/\" \/>\n<meta property=\"og:site_name\" content=\"Salon For All B.V. NL &amp; BE\" \/>\n<meta property=\"article:modified_time\" content=\"2026-04-14T19:47:10+00:00\" \/>\n<meta property=\"og:image\" content=\"https:\/\/salonforall.nl\/wp-content\/uploads\/2025\/01\/cosmetische-stoel-tabouret-kruk-met-rugleuning-qs-of211g-wit-1.jpg\" \/>\n\t<meta property=\"og:image:width\" content=\"1200\" \/>\n\t<meta property=\"og:image:height\" content=\"1200\" \/>\n\t<meta property=\"og:image:type\" content=\"image\/jpeg\" \/>\n<meta name=\"twitter:card\" content=\"summary_large_image\" \/>\n<meta name=\"twitter:title\" content=\"Cosmetische stoel tabouret kruk met rugleuning QS-OF211G wit\" \/>\n<meta name=\"twitter:label1\" content=\"Price\" \/>\n\t<meta name=\"twitter:data1\" content=\"&nbsp;143,09 excl. btw\" \/>\n\t<meta name=\"twitter:label2\" content=\"Availability\" \/>\n\t<meta name=\"twitter:data2\" content=\"In stock\" \/>\n<script type=\"application\/ld+json\" class=\"yoast-schema-graph\">{\"@context\":\"https:\\\/\\\/schema.org\",\"@graph\":[{\"@type\":\"WebPage\",\"@id\":\"https:\\\/\\\/salonforall.nl\\\/cosmetische-stoel-tabouret-kruk-met-rugleuning-qs-of211g-wit\\\/\",\"url\":\"https:\\\/\\\/salonforall.nl\\\/cosmetische-stoel-tabouret-kruk-met-rugleuning-qs-of211g-wit\\\/\",\"name\":\"Cosmetische stoel tabouret kruk met rugleuning QS-OF211G wit kopen bij Salon For All B.V. NL &amp; BE\",\"isPartOf\":{\"@id\":\"https:\\\/\\\/salonforall.nl\\\/#website\"},\"primaryImageOfPage\":{\"@id\":\"https:\\\/\\\/salonforall.nl\\\/cosmetische-stoel-tabouret-kruk-met-rugleuning-qs-of211g-wit\\\/#primaryimage\"},\"image\":{\"@id\":\"https:\\\/\\\/salonforall.nl\\\/cosmetische-stoel-tabouret-kruk-met-rugleuning-qs-of211g-wit\\\/#primaryimage\"},\"thumbnailUrl\":\"https:\\\/\\\/salonforall.nl\\\/wp-content\\\/uploads\\\/2025\\\/01\\\/cosmetische-stoel-tabouret-kruk-met-rugleuning-qs-of211g-wit-1.jpg\",\"datePublished\":\"2025-01-16T11:28:04+00:00\",\"dateModified\":\"2026-04-14T19:47:10+00:00\",\"description\":\"Cosmetische stoel tabouret kruk met rugleuning QS-OF211G wit koop je online of in de showroom bij Salon For All B.V. NL &amp; BE . De groothandel voor salons, praktijken en spa's in NL en BE.\",\"breadcrumb\":{\"@id\":\"https:\\\/\\\/salonforall.nl\\\/cosmetische-stoel-tabouret-kruk-met-rugleuning-qs-of211g-wit\\\/#breadcrumb\"},\"inLanguage\":\"fr-BE\",\"potentialAction\":[{\"@type\":\"ReadAction\",\"target\":[\"https:\\\/\\\/salonforall.nl\\\/cosmetische-stoel-tabouret-kruk-met-rugleuning-qs-of211g-wit\\\/\"]}]},{\"@type\":\"ImageObject\",\"inLanguage\":\"fr-BE\",\"@id\":\"https:\\\/\\\/salonforall.nl\\\/cosmetische-stoel-tabouret-kruk-met-rugleuning-qs-of211g-wit\\\/#primaryimage\",\"url\":\"https:\\\/\\\/salonforall.nl\\\/wp-content\\\/uploads\\\/2025\\\/01\\\/cosmetische-stoel-tabouret-kruk-met-rugleuning-qs-of211g-wit-1.jpg\",\"contentUrl\":\"https:\\\/\\\/salonforall.nl\\\/wp-content\\\/uploads\\\/2025\\\/01\\\/cosmetische-stoel-tabouret-kruk-met-rugleuning-qs-of211g-wit-1.jpg\",\"width\":1200,\"height\":1200,\"caption\":\"Cosmetische stoel tabouret kruk met rugleuning QS-OF211G wit 1\"},{\"@type\":\"BreadcrumbList\",\"@id\":\"https:\\\/\\\/salonforall.nl\\\/cosmetische-stoel-tabouret-kruk-met-rugleuning-qs-of211g-wit\\\/#breadcrumb\",\"itemListElement\":[{\"@type\":\"ListItem\",\"position\":1,\"name\":\"Home\",\"item\":\"https:\\\/\\\/salonforall.nl\\\/\"},{\"@type\":\"ListItem\",\"position\":2,\"name\":\"Winkel\",\"item\":\"https:\\\/\\\/salonforall.nl\\\/winkel\\\/\"},{\"@type\":\"ListItem\",\"position\":3,\"name\":\"Cosmetische stoel tabouret kruk met rugleuning QS-OF211G wit\"}]},{\"@type\":\"WebSite\",\"@id\":\"https:\\\/\\\/salonforall.nl\\\/#website\",\"url\":\"https:\\\/\\\/salonforall.nl\\\/\",\"name\":\"Salon For All\",\"description\":\"Jouw groothandel voor praktijk- &amp; saloninrichting en benodigdheden\",\"publisher\":{\"@id\":\"https:\\\/\\\/salonforall.nl\\\/#organization\"},\"alternateName\":\"salonforall.nl\",\"potentialAction\":[{\"@type\":\"SearchAction\",\"target\":{\"@type\":\"EntryPoint\",\"urlTemplate\":\"https:\\\/\\\/salonforall.nl\\\/?s={search_term_string}\"},\"query-input\":{\"@type\":\"PropertyValueSpecification\",\"valueRequired\":true,\"valueName\":\"search_term_string\"}}],\"inLanguage\":\"fr-BE\"},{\"@type\":\"Organization\",\"@id\":\"https:\\\/\\\/salonforall.nl\\\/#organization\",\"name\":\"Salon For All B.V.\",\"alternateName\":\"Salonforall.nl\",\"url\":\"https:\\\/\\\/salonforall.nl\\\/\",\"logo\":{\"@type\":\"ImageObject\",\"inLanguage\":\"fr-BE\",\"@id\":\"https:\\\/\\\/salonforall.nl\\\/#\\\/schema\\\/logo\\\/image\\\/\",\"url\":\"https:\\\/\\\/salonforall.nl\\\/wp-content\\\/uploads\\\/2025\\\/01\\\/logo-salon-for-all-groothandel-saloninrichting-e1736940477693.png\",\"contentUrl\":\"https:\\\/\\\/salonforall.nl\\\/wp-content\\\/uploads\\\/2025\\\/01\\\/logo-salon-for-all-groothandel-saloninrichting-e1736940477693.png\",\"width\":500,\"height\":125,\"caption\":\"Salon For All B.V.\"},\"image\":{\"@id\":\"https:\\\/\\\/salonforall.nl\\\/#\\\/schema\\\/logo\\\/image\\\/\"},\"description\":\"Salon For All is de groothandel voor praktijk- en saloninrichting en benodigdheden.\",\"email\":\"info@salonforall.com\",\"legalName\":\"Salon For All\",\"numberOfEmployees\":{\"@type\":\"QuantitativeValue\",\"minValue\":\"1\",\"maxValue\":\"10\"},\"hasMerchantReturnPolicy\":{\"@type\":\"MerchantReturnPolicy\",\"merchantReturnLink\":\"https:\\\/\\\/salonforall.nl\\\/fr-be\\\/retourvoorwaarden\\\/\"}}]}<\/script>\n<meta property=\"product:brand\" content=\"ACTIVESHOP\" \/>\n<meta property=\"product:price:amount\" content=\"143.09\" \/>\n<meta property=\"product:price:currency\" content=\"EUR\" \/>\n<meta property=\"og:availability\" content=\"instock\" \/>\n<meta property=\"product:availability\" content=\"instock\" \/>\n<meta property=\"product:retailer_item_id\" content=\"148167\" \/>\n<meta property=\"product:condition\" content=\"new\" \/>\n<!-- \/ Yoast SEO Premium plugin. -->","yoast_head_json":{"title":"Cosmetische stoel tabouret kruk met rugleuning QS-OF211G wit kopen bij Salon For All B.V. NL &amp; BE","description":"Cosmetische stoel tabouret kruk met rugleuning QS-OF211G wit koop je online of in de showroom bij Salon For All B.V. NL &amp; BE . De groothandel voor salons, praktijken en spa's in NL en BE.","robots":{"index":"index","follow":"follow","max-snippet":"max-snippet:-1","max-image-preview":"max-image-preview:large","max-video-preview":"max-video-preview:-1"},"canonical":"https:\/\/salonforall.nl\/fr-be\/cosmetische-stoel-tabouret-kruk-met-rugleuning-qs-of211g-wit\/","og_locale":"fr_FR","og_type":"article","og_title":"Cosmetische stoel tabouret kruk met rugleuning QS-OF211G wit","og_description":"Cosmetische stoel tabouret kruk met rugleuning QS-OF211G wit koop je online of in de showroom bij Salon For All B.V. NL &amp; BE . De groothandel voor salons, praktijken en spa's in NL en BE.","og_url":"https:\/\/salonforall.nl\/fr-be\/cosmetische-stoel-tabouret-kruk-met-rugleuning-qs-of211g-wit\/","og_site_name":"Salon For All B.V. NL &amp; BE","article_modified_time":"2026-04-14T19:47:10+00:00","og_image":[{"width":1200,"height":1200,"url":"https:\/\/salonforall.nl\/wp-content\/uploads\/2025\/01\/cosmetische-stoel-tabouret-kruk-met-rugleuning-qs-of211g-wit-1.jpg","type":"image\/jpeg"}],"twitter_card":"summary_large_image","twitter_title":"Cosmetische stoel tabouret kruk met rugleuning QS-OF211G wit","twitter_misc":{"Price":"&nbsp;143,09 excl. btw","Availability":"In stock"},"schema":{"@context":"https:\/\/schema.org","@graph":[{"@type":"WebPage","@id":"https:\/\/salonforall.nl\/cosmetische-stoel-tabouret-kruk-met-rugleuning-qs-of211g-wit\/","url":"https:\/\/salonforall.nl\/cosmetische-stoel-tabouret-kruk-met-rugleuning-qs-of211g-wit\/","name":"Cosmetische stoel tabouret kruk met rugleuning QS-OF211G wit kopen bij Salon For All B.V. NL &amp; BE","isPartOf":{"@id":"https:\/\/salonforall.nl\/#website"},"primaryImageOfPage":{"@id":"https:\/\/salonforall.nl\/cosmetische-stoel-tabouret-kruk-met-rugleuning-qs-of211g-wit\/#primaryimage"},"image":{"@id":"https:\/\/salonforall.nl\/cosmetische-stoel-tabouret-kruk-met-rugleuning-qs-of211g-wit\/#primaryimage"},"thumbnailUrl":"https:\/\/salonforall.nl\/wp-content\/uploads\/2025\/01\/cosmetische-stoel-tabouret-kruk-met-rugleuning-qs-of211g-wit-1.jpg","datePublished":"2025-01-16T11:28:04+00:00","dateModified":"2026-04-14T19:47:10+00:00","description":"Cosmetische stoel tabouret kruk met rugleuning QS-OF211G wit koop je online of in de showroom bij Salon For All B.V. NL &amp; BE . De groothandel voor salons, praktijken en spa's in NL en BE.","breadcrumb":{"@id":"https:\/\/salonforall.nl\/cosmetische-stoel-tabouret-kruk-met-rugleuning-qs-of211g-wit\/#breadcrumb"},"inLanguage":"fr-BE","potentialAction":[{"@type":"ReadAction","target":["https:\/\/salonforall.nl\/cosmetische-stoel-tabouret-kruk-met-rugleuning-qs-of211g-wit\/"]}]},{"@type":"ImageObject","inLanguage":"fr-BE","@id":"https:\/\/salonforall.nl\/cosmetische-stoel-tabouret-kruk-met-rugleuning-qs-of211g-wit\/#primaryimage","url":"https:\/\/salonforall.nl\/wp-content\/uploads\/2025\/01\/cosmetische-stoel-tabouret-kruk-met-rugleuning-qs-of211g-wit-1.jpg","contentUrl":"https:\/\/salonforall.nl\/wp-content\/uploads\/2025\/01\/cosmetische-stoel-tabouret-kruk-met-rugleuning-qs-of211g-wit-1.jpg","width":1200,"height":1200,"caption":"Cosmetische stoel tabouret kruk met rugleuning QS-OF211G wit 1"},{"@type":"BreadcrumbList","@id":"https:\/\/salonforall.nl\/cosmetische-stoel-tabouret-kruk-met-rugleuning-qs-of211g-wit\/#breadcrumb","itemListElement":[{"@type":"ListItem","position":1,"name":"Home","item":"https:\/\/salonforall.nl\/"},{"@type":"ListItem","position":2,"name":"Winkel","item":"https:\/\/salonforall.nl\/winkel\/"},{"@type":"ListItem","position":3,"name":"Cosmetische stoel tabouret kruk met rugleuning QS-OF211G wit"}]},{"@type":"WebSite","@id":"https:\/\/salonforall.nl\/#website","url":"https:\/\/salonforall.nl\/","name":"Salon pour tous","description":"Votre grossiste en mat\u00e9riel et fournitures pour cabinets m\u00e9dicaux et salons de coiffure","publisher":{"@id":"https:\/\/salonforall.nl\/#organization"},"alternateName":"salonforall.nl","potentialAction":[{"@type":"SearchAction","target":{"@type":"EntryPoint","urlTemplate":"https:\/\/salonforall.nl\/?s={search_term_string}"},"query-input":{"@type":"PropertyValueSpecification","valueRequired":true,"valueName":"search_term_string"}}],"inLanguage":"fr-BE"},{"@type":"Organization","@id":"https:\/\/salonforall.nl\/#organization","name":"Salon For All B.V.","alternateName":"Salonforall.nl","url":"https:\/\/salonforall.nl\/","logo":{"@type":"ImageObject","inLanguage":"fr-BE","@id":"https:\/\/salonforall.nl\/#\/schema\/logo\/image\/","url":"https:\/\/salonforall.nl\/wp-content\/uploads\/2025\/01\/logo-salon-for-all-groothandel-saloninrichting-e1736940477693.png","contentUrl":"https:\/\/salonforall.nl\/wp-content\/uploads\/2025\/01\/logo-salon-for-all-groothandel-saloninrichting-e1736940477693.png","width":500,"height":125,"caption":"Salon For All B.V."},"image":{"@id":"https:\/\/salonforall.nl\/#\/schema\/logo\/image\/"},"description":"Salon For All est le grossiste pour l'\u00e9quipement et les fournitures des cabinets et des salons de coiffure.","email":"info@salonforall.com","legalName":"Salon For All","numberOfEmployees":{"@type":"QuantitativeValue","minValue":"1","maxValue":"10"},"hasMerchantReturnPolicy":{"@type":"MerchantReturnPolicy","merchantReturnLink":"https:\/\/salonforall.nl\/fr-be\/retourvoorwaarden\/"}}]},"product_brand":"ACTIVESHOP","product_price_amount":"143.09","product_price_currency":"EUR","og_availability":"instock","product_availability":"instock","product_retailer_item_id":"148167","product_condition":"new"},"_links":{"self":[{"href":"https:\/\/salonforall.nl\/fr-be\/wp-json\/wp\/v2\/product\/6734","targetHints":{"allow":["GET"]}}],"collection":[{"href":"https:\/\/salonforall.nl\/fr-be\/wp-json\/wp\/v2\/product"}],"about":[{"href":"https:\/\/salonforall.nl\/fr-be\/wp-json\/wp\/v2\/types\/product"}],"replies":[{"embeddable":true,"href":"https:\/\/salonforall.nl\/fr-be\/wp-json\/wp\/v2\/comments?post=6734"}],"wp:featuredmedia":[{"embeddable":true,"href":"https:\/\/salonforall.nl\/fr-be\/wp-json\/wp\/v2\/media\/6735"}],"wp:attachment":[{"href":"https:\/\/salonforall.nl\/fr-be\/wp-json\/wp\/v2\/media?parent=6734"}],"wp:term":[{"taxonomy":"product_brand","embeddable":true,"href":"https:\/\/salonforall.nl\/fr-be\/wp-json\/wp\/v2\/product_brand?post=6734"},{"taxonomy":"product_cat","embeddable":true,"href":"https:\/\/salonforall.nl\/fr-be\/wp-json\/wp\/v2\/product_cat?post=6734"},{"taxonomy":"product_tag","embeddable":true,"href":"https:\/\/salonforall.nl\/fr-be\/wp-json\/wp\/v2\/product_tag?post=6734"}],"curies":[{"name":"wp","href":"https:\/\/api.w.org\/{rel}","templated":true}]}}