{"id":6842,"date":"2025-01-16T11:31:53","date_gmt":"2025-01-16T11:31:53","guid":{"rendered":"https:\/\/salonforall.nl\/cosmetische-tabouret-kruk-am-310-wit\/"},"modified":"2025-12-31T06:12:25","modified_gmt":"2025-12-31T05:12:25","slug":"tabouret-cosmetique-am-310-blanc","status":"publish","type":"product","link":"https:\/\/salonforall.nl\/fr-be\/cosmetische-tabouret-kruk-am-310-wit\/","title":{"rendered":"Tabouret cosm\u00e9tique am-310 blanc"},"content":{"rendered":"<h2>Informations sur les <strong>Tabouret cosm\u00e9tique am-310 blanc avec num\u00e9ro d'article <\/strong>129898<\/h2>\n<p>Tabouret cosm\u00e9tique am-310 blanc confortable Tabouret cosm\u00e9tique, stable sur une base \u00e0 cinq branches, avec roulettes en caoutchouc, sans dossier, blanc, un meuble indispensable dans un salon de beaut\u00e9. <\/p>\n<p>Les produits d'Activeshop sont comparativement moins chers que ceux de beaucoup d'autres marques\/vendeurs. Le prix est proportionnel \u00e0 la qualit\u00e9. Le tabouret cosm\u00e9tique am-310 blanc est donc une solution \u00e0 bas prix pour votre salon.<\/p>\n<h2>Comment est livr\u00e9 le tabouret cosm\u00e9tique am-310 blanc ?<\/h2>\n<p>Le <strong>Tabouret cosm\u00e9tique am-310 blanc <\/strong>seront livr\u00e9s dans leur(s) emballage(s) d'origine. En Belgique et aux Pays-Bas, l'exp\u00e9dition du tabouret Cosmetic tabouret am-310 white est enti\u00e8rement gratuite \u00e0 partir d'une commande de 100,- euro. Des tarifs d'exp\u00e9dition distincts sont appliqu\u00e9s pour les envois vers d'autres pays. Vous pouvez nous demander ces tarifs ou les trouver dans le panier d'achat. Le tabouret cosm\u00e9tique tabouret am-310 blanc est exp\u00e9di\u00e9 par un transporteur externe.<\/p>\n<p>Nous livrons les colis ou les palettes jusqu'au seuil de la porte d'entr\u00e9e, m\u00eame si vous vous trouvez dans un immeuble collectif, un immeuble \u00e0 appartements ou un complexe d'appartements avec ascenseur (\u00e0 condition que l'article puisse \u00eatre transport\u00e9 dans l'ascenseur). Il n'y a pas d'ascenseur ou l'article ne rentre pas dans l'ascenseur ? Dans ce cas, nous livrons sur le seuil du rez-de-chauss\u00e9e.<\/p>\n<p>Vous avez encore des questions concernant la livraison ou une situation particuli\u00e8re ? Contactez-nous et nous nous ferons un plaisir de vous aider !<\/p>\n<p><em>*Les articles ne sont pas d\u00e9ball\u00e9s ou assembl\u00e9s par d\u00e9faut. Dans des situations particuli\u00e8res, veuillez nous contacter pour prendre des dispositions.<\/em><\/p>\n<h2>Commande en ligne s\u00e9curis\u00e9e chez Salon For All avec la marque Webwinkelkeur et la s\u00e9curit\u00e9 SSL<\/h2>\n<p>Il est important pour nous que nos clients puissent faire leurs achats en ligne en toute s\u00e9curit\u00e9. Depuis 2019, nous avons adh\u00e9r\u00e9 au label de qualit\u00e9 national Webwinkelkeur. Notre identit\u00e9 a \u00e9t\u00e9 contr\u00f4l\u00e9e, v\u00e9rifi\u00e9e par eux et la boutique en ligne a \u00e9t\u00e9 l\u00e9galement v\u00e9rifi\u00e9e et approuv\u00e9e. En outre, notre boutique en ligne est affili\u00e9e \u00e0 eux pour la m\u00e9diation des litiges. Vous verrez le badge avec toutes les informations de ce Webwinkelkeurmerk sur le c\u00f4t\u00e9 gauche ou droit de la boutique en ligne (rose avec bouton blanc). Notre site est \u00e9galement s\u00e9curis\u00e9 par un certificat SSL, ce qui vous permet de naviguer en toute s\u00e9curit\u00e9. Dans la barre de votre navigateur Internet, \u00e0 l'endroit o\u00f9 notre site web est mentionn\u00e9, vous verrez un cadenas. Si vous cliquez sur le cadenas, vous obtiendrez toutes les informations relatives \u00e0 notre s\u00e9curit\u00e9. Cela vous permet de savoir que votre commande de tabouret cosm\u00e9tique am-310 blanc et vos donn\u00e9es personnelles sont trait\u00e9es en toute s\u00e9curit\u00e9.<\/p>\n<h2>Comment passer \u00e0 la caisse le tabouret Cosmetic tabouret am-310 white ?<\/h2>\n<p>Nous souhaitons vous faciliter la t\u00e2che au maximum. C'est pourquoi, chez Salon For All, vous pouvez payer avec tous les moyens de paiement connus et courants. Payer \u00e0 l'avance, \u00e0 la livraison ou apr\u00e8s coup, tout est possible. Voyez ici quels sont les modes de paiement que nous proposons<br \/>\noffre :<\/p>\n<ul>\n<li>Id\u00e9al<\/li>\n<li>Klarna - Post-paiement sur facture<\/li>\n<li>Bancontact (uniquement pour les clients belges)<\/li>\n<li>Payin3 - Payez en 3 fois avec un taux d'int\u00e9r\u00eat de 0% (uniquement pour les clients n\u00e9erlandais)<\/li>\n<li>Paypal<\/li>\n<li>Carte de cr\u00e9dit<\/li>\n<li>Apple pay<\/li>\n<li>Facture commerciale pour les entreprises<\/li>\n<li>Paiement dans la salle d'exposition - par carte bancaire ou en esp\u00e8ces (disponible uniquement lors de l'enl\u00e8vement)<\/li>\n<\/ul>\n<h2>Consultez \u00e9galement les avis sur Salon For ALL<\/h2>\n<p>Consultez \u00e9galement nos commentaires pour prendre en compte l'exp\u00e9rience de nos clients actuels dans votre d\u00e9cision de commander le tabouret Cosmetic tabouret am-310 white chez nous. Gr\u00e2ce \u00e0 notre label ind\u00e9pendant Webwinkelkeur, des avis v\u00e9rifi\u00e9s sont automatiquement recueillis aupr\u00e8s des clients qui ont pass\u00e9 une commande chez nous. Ceux-ci se trouvent derri\u00e8re le bouton rose de notre boutique en ligne ou sont list\u00e9s sous les produits.<\/p>\n<p>Apr\u00e8s votre achat, veuillez \u00e9galement partager votre exp\u00e9rience avec votre tabouret tabouret tabouret am-310 blanc command\u00e9 et votre exp\u00e9rience avec le processus d'achat ou contactez Salon For All pour inspirer d'autres personnes !<\/p>\n<h2>Contacter le Salon pour tous<\/h2>\n<p>Dans ce cas, prenez contact avec nous. Nous serons heureux de vous aider \u00e0 acheter le tabouret Cosmetic tabouret am-310 white. En semaine, vous pouvez nous joindre de 8h30 \u00e0 17h au num\u00e9ro de t\u00e9l\u00e9phone et \u00e0 l'adresse e-mail indiqu\u00e9s en haut de la boutique en ligne ou via la fonction de chat. En dehors des heures de bureau, nous r\u00e9pondons g\u00e9n\u00e9ralement aux questions dans les 24 heures. Il est \u00e9galement possible de nous rendre visite en dehors des jours ouvrables ou des heures de bureau. Il faut alors prendre rendez-vous \u00e0 l'avance.<\/p>\n<h2>Vous souhaitez visiter notre salle d'exposition ?<\/h2>\n<p>Vous pr\u00e9f\u00e9rez voir le tabouret Cosmetic tabouret am-310 white ou parcourir notre offre (web)shop avec notre coll\u00e8gue ? Dans ce cas, venez visiter notre salle d'exposition avec plus de 1000 m2 de mobilier de salon et laissez-vous inspirer par notre personnel. M\u00eame si vous aimez discuter autour d'une bonne tasse de caf\u00e9 ou de th\u00e9, vous \u00eates le bienvenu. Nous n'avons pas tous les produits en exposition, alors faites-nous savoir \u00e0 l'avance si vous souhaitez venir. Prenez toujours rendez-vous \u00e0 l'avance.<\/p>\n<h2>D\u00e9lai de r\u00e9flexion de 14 jours et politique de retour<\/h2>\n<p>Bien entendu, il peut arriver que le tabouret cosm\u00e9tique tabouret am-310 blanc livr\u00e9 ne vous convienne pas enti\u00e8rement et que vous souhaitiez le renvoyer. Ce n'est pas un probl\u00e8me pour Salon For All. Vous devez nous informer de votre retour dans les 14 jours ouvrables via <a href=\"mailto:info@salonforall.nl\">info@salonforall.nl<\/a> . Vous recevrez alors en premier lieu les instructions et les conditions de retour. Veuillez noter que le tabouret cosm\u00e9tique am-310 white ne doit pas avoir \u00e9t\u00e9 utilis\u00e9, doit contenir toutes les pi\u00e8ces fournies et doit \u00eatre retourn\u00e9 dans son emballage d'origine. Les frais d'exp\u00e9dition d'un retour sont toujours \u00e0 la charge de l'acheteur lors d'un achat via www.salonforall.nl. Vous devez organiser votre propre transport pour un retour avec un transporteur de votre choix. Lorsque le tabouret tabouret cosm\u00e9tique am-310 blanc est retourn\u00e9, il est contr\u00f4l\u00e9 pour v\u00e9rifier qu'il est complet et qu'il ne pr\u00e9sente pas de dommages. Une fois le retour approuv\u00e9, le montant de l'achat sera rembours\u00e9 sur le num\u00e9ro de compte dont nous avons connaissance dans les 5 jours ouvrables.<\/p>\n<h2>Qui est Salon For All ?<\/h2>\n<p>Salon For all est le grossiste pour tout \u00e9quipement de salon en Europe. Salon For All a d\u00e9marr\u00e9 en 2003 sous le nom de Salonvoordeel et est n\u00e9 de la pratique. Les propri\u00e9taires de Salon For All \u00e9taient des coiffeurs et des esth\u00e9ticiennes exp\u00e9riment\u00e9s et ont ensemble plus de 30 ans d'exp\u00e9rience pratique. Nous avons lanc\u00e9 Salonvoordeel.nl (Pays-Bas) en 2003, puis Salon For All a \u00e9t\u00e9 cr\u00e9\u00e9 pour le march\u00e9 europ\u00e9en. Un certain nombre de nos employ\u00e9s ont cr\u00e9\u00e9 leur propre entreprise et l'id\u00e9e est n\u00e9e de lancer une boutique en ligne fonctionnelle pour les coiffeurs et de les aider \u00e0 am\u00e9nager leur salon. Gr\u00e2ce \u00e0 nos ann\u00e9es d'exp\u00e9rience dans le secteur, nous pouvons vous tendre un miroir et vous donner les bons conseils. Nous parlons le m\u00eame langage ! Nous vous conseillons, nous vous inspirons, nous vous motivons et nous vous aidons \u00e0 acheter une boutique en ligne. <em>Tabouret cosm\u00e9tique am-310 blanc<\/em>. Nos fournisseurs sont r\u00e9partis dans toute l'Europe, de l'Allemagne \u00e0 la Pologne en passant par l'Angleterre et l'Italie.<\/p>","protected":false},"excerpt":{"rendered":"<p>Le tabouret cosm\u00e9tique am-310 blanc de la marque ACTIVESHOP est une solution abordable pour tout salon. Le d\u00e9lai de livraison pour ce tabouret est de 2 \u00e0 6 jours ouvrables.<\/p>","protected":false},"featured_media":6843,"comment_status":"closed","ping_status":"open","template":"","meta":[],"product_brand":[],"product_cat":[138,114,115,82,75,139,137,108,109,135,136,140,102,103],"product_tag":[],"class_list":{"0":"post-6842","1":"product","2":"type-product","3":"status-publish","4":"has-post-thumbnail","6":"product_cat-barber-kruk","7":"product_cat-barbershop","8":"product_cat-barbershop-inrichting","9":"product_cat-cosmetische","10":"product_cat-cosmetische-inrichting","11":"product_cat-cosmetische-kruk","12":"product_cat-kappersfiets","13":"product_cat-kapsalon","14":"product_cat-kapsalon-inrichting","15":"product_cat-tabouret","16":"product_cat-tabouret-met-rugleuning","17":"product_cat-tattoo-kruk","18":"product_cat-tattoo-shop","19":"product_cat-tattoo-shop-inrichting","20":"pa_artikelnummer-201","21":"pa_kleur-wit","22":"pa_kwaliteit-middensegment","23":"pa_merk-activeshop","24":"pa_type-tabouret-zonder-rugleuning","26":"first","27":"outofstock","28":"sale","29":"taxable","30":"shipping-taxable","31":"purchasable","32":"product-type-simple"},"yoast_head":"<!-- This site is optimized with the Yoast SEO Premium plugin v27.3 (Yoast SEO v27.3) - https:\/\/yoast.com\/product\/yoast-seo-premium-wordpress\/ -->\n<title>Cosmetische tabouret kruk am-310 wit kopen bij Salon For All B.V. NL &amp; BE<\/title>\n<meta name=\"description\" content=\"Cosmetische tabouret kruk am-310 wit koop je online of in de showroom bij Salon For All B.V. NL &amp; BE . De groothandel voor salons, praktijken en spa&#039;s in NL en BE.\" \/>\n<meta name=\"robots\" content=\"index, follow, max-snippet:-1, max-image-preview:large, max-video-preview:-1\" \/>\n<link rel=\"canonical\" href=\"https:\/\/salonforall.nl\/fr-be\/tabouret-cosmetique-am-310-blanc\/\" \/>\n<meta property=\"og:locale\" content=\"fr_FR\" \/>\n<meta property=\"og:type\" content=\"article\" \/>\n<meta property=\"og:title\" content=\"Cosmetische tabouret kruk am-310 wit\" \/>\n<meta property=\"og:description\" content=\"Cosmetische tabouret kruk am-310 wit koop je online of in de showroom bij Salon For All B.V. NL &amp; BE . De groothandel voor salons, praktijken en spa&#039;s in NL en BE.\" \/>\n<meta property=\"og:url\" content=\"https:\/\/salonforall.nl\/fr-be\/tabouret-cosmetique-am-310-blanc\/\" \/>\n<meta property=\"og:site_name\" content=\"Salon For All B.V. NL &amp; BE\" \/>\n<meta property=\"article:modified_time\" content=\"2025-12-31T05:12:25+00:00\" \/>\n<meta property=\"og:image\" content=\"https:\/\/salonforall.nl\/wp-content\/uploads\/2025\/01\/cosmetische-tabouret-kruk-am-310-wit-1.jpg\" \/>\n\t<meta property=\"og:image:width\" content=\"800\" \/>\n\t<meta property=\"og:image:height\" content=\"800\" \/>\n\t<meta property=\"og:image:type\" content=\"image\/jpeg\" \/>\n<meta name=\"twitter:card\" content=\"summary_large_image\" \/>\n<meta name=\"twitter:title\" content=\"Cosmetische tabouret kruk am-310 wit\" \/>\n<meta name=\"twitter:label1\" content=\"Price\" \/>\n\t<meta name=\"twitter:data1\" content=\"&nbsp;37,68 excl. btw\" \/>\n\t<meta name=\"twitter:label2\" content=\"Availability\" \/>\n\t<meta name=\"twitter:data2\" content=\"Out of stock\" \/>\n<script type=\"application\/ld+json\" class=\"yoast-schema-graph\">{\"@context\":\"https:\\\/\\\/schema.org\",\"@graph\":[{\"@type\":\"WebPage\",\"@id\":\"https:\\\/\\\/salonforall.nl\\\/cosmetische-tabouret-kruk-am-310-wit\\\/\",\"url\":\"https:\\\/\\\/salonforall.nl\\\/cosmetische-tabouret-kruk-am-310-wit\\\/\",\"name\":\"Cosmetische tabouret kruk am-310 wit kopen bij Salon For All B.V. NL &amp; BE\",\"isPartOf\":{\"@id\":\"https:\\\/\\\/salonforall.nl\\\/#website\"},\"primaryImageOfPage\":{\"@id\":\"https:\\\/\\\/salonforall.nl\\\/cosmetische-tabouret-kruk-am-310-wit\\\/#primaryimage\"},\"image\":{\"@id\":\"https:\\\/\\\/salonforall.nl\\\/cosmetische-tabouret-kruk-am-310-wit\\\/#primaryimage\"},\"thumbnailUrl\":\"https:\\\/\\\/salonforall.nl\\\/wp-content\\\/uploads\\\/2025\\\/01\\\/cosmetische-tabouret-kruk-am-310-wit-1.jpg\",\"datePublished\":\"2025-01-16T11:31:53+00:00\",\"dateModified\":\"2025-12-31T05:12:25+00:00\",\"description\":\"Cosmetische tabouret kruk am-310 wit koop je online of in de showroom bij Salon For All B.V. NL &amp; BE . De groothandel voor salons, praktijken en spa's in NL en BE.\",\"breadcrumb\":{\"@id\":\"https:\\\/\\\/salonforall.nl\\\/cosmetische-tabouret-kruk-am-310-wit\\\/#breadcrumb\"},\"inLanguage\":\"fr-BE\",\"potentialAction\":[{\"@type\":\"ReadAction\",\"target\":[\"https:\\\/\\\/salonforall.nl\\\/cosmetische-tabouret-kruk-am-310-wit\\\/\"]}]},{\"@type\":\"ImageObject\",\"inLanguage\":\"fr-BE\",\"@id\":\"https:\\\/\\\/salonforall.nl\\\/cosmetische-tabouret-kruk-am-310-wit\\\/#primaryimage\",\"url\":\"https:\\\/\\\/salonforall.nl\\\/wp-content\\\/uploads\\\/2025\\\/01\\\/cosmetische-tabouret-kruk-am-310-wit-1.jpg\",\"contentUrl\":\"https:\\\/\\\/salonforall.nl\\\/wp-content\\\/uploads\\\/2025\\\/01\\\/cosmetische-tabouret-kruk-am-310-wit-1.jpg\",\"width\":800,\"height\":800,\"caption\":\"Cosmetische tabouret kruk am-310 wit 1\"},{\"@type\":\"BreadcrumbList\",\"@id\":\"https:\\\/\\\/salonforall.nl\\\/cosmetische-tabouret-kruk-am-310-wit\\\/#breadcrumb\",\"itemListElement\":[{\"@type\":\"ListItem\",\"position\":1,\"name\":\"Home\",\"item\":\"https:\\\/\\\/salonforall.nl\\\/\"},{\"@type\":\"ListItem\",\"position\":2,\"name\":\"Winkel\",\"item\":\"https:\\\/\\\/salonforall.nl\\\/winkel\\\/\"},{\"@type\":\"ListItem\",\"position\":3,\"name\":\"Cosmetische tabouret kruk am-310 wit\"}]},{\"@type\":\"WebSite\",\"@id\":\"https:\\\/\\\/salonforall.nl\\\/#website\",\"url\":\"https:\\\/\\\/salonforall.nl\\\/\",\"name\":\"Salon For All\",\"description\":\"Jouw groothandel voor praktijk- &amp; saloninrichting en benodigdheden\",\"publisher\":{\"@id\":\"https:\\\/\\\/salonforall.nl\\\/#organization\"},\"alternateName\":\"salonforall.nl\",\"potentialAction\":[{\"@type\":\"SearchAction\",\"target\":{\"@type\":\"EntryPoint\",\"urlTemplate\":\"https:\\\/\\\/salonforall.nl\\\/?s={search_term_string}\"},\"query-input\":{\"@type\":\"PropertyValueSpecification\",\"valueRequired\":true,\"valueName\":\"search_term_string\"}}],\"inLanguage\":\"fr-BE\"},{\"@type\":\"Organization\",\"@id\":\"https:\\\/\\\/salonforall.nl\\\/#organization\",\"name\":\"Salon For All B.V.\",\"alternateName\":\"Salonforall.nl\",\"url\":\"https:\\\/\\\/salonforall.nl\\\/\",\"logo\":{\"@type\":\"ImageObject\",\"inLanguage\":\"fr-BE\",\"@id\":\"https:\\\/\\\/salonforall.nl\\\/#\\\/schema\\\/logo\\\/image\\\/\",\"url\":\"https:\\\/\\\/salonforall.nl\\\/wp-content\\\/uploads\\\/2025\\\/01\\\/logo-salon-for-all-groothandel-saloninrichting-e1736940477693.png\",\"contentUrl\":\"https:\\\/\\\/salonforall.nl\\\/wp-content\\\/uploads\\\/2025\\\/01\\\/logo-salon-for-all-groothandel-saloninrichting-e1736940477693.png\",\"width\":500,\"height\":125,\"caption\":\"Salon For All B.V.\"},\"image\":{\"@id\":\"https:\\\/\\\/salonforall.nl\\\/#\\\/schema\\\/logo\\\/image\\\/\"},\"description\":\"Salon For All is de groothandel voor praktijk- en saloninrichting en benodigdheden.\",\"email\":\"info@salonforall.com\",\"legalName\":\"Salon For All\",\"numberOfEmployees\":{\"@type\":\"QuantitativeValue\",\"minValue\":\"1\",\"maxValue\":\"10\"},\"hasMerchantReturnPolicy\":{\"@type\":\"MerchantReturnPolicy\",\"merchantReturnLink\":\"https:\\\/\\\/salonforall.nl\\\/fr-be\\\/retourvoorwaarden\\\/\"}}]}<\/script>\n<meta property=\"product:brand\" content=\"ACTIVESHOP\" \/>\n<meta property=\"product:price:amount\" content=\"37.68\" \/>\n<meta property=\"product:price:currency\" content=\"EUR\" \/>\n<meta property=\"og:availability\" content=\"out of stock\" \/>\n<meta property=\"product:availability\" content=\"out of stock\" \/>\n<meta property=\"product:retailer_item_id\" content=\"129898\" \/>\n<meta property=\"product:condition\" content=\"new\" \/>\n<!-- \/ Yoast SEO Premium plugin. -->","yoast_head_json":{"title":"Cosmetische tabouret kruk am-310 wit kopen bij Salon For All B.V. NL &amp; BE","description":"Cosmetische tabouret kruk am-310 wit koop je online of in de showroom bij Salon For All B.V. NL &amp; BE . De groothandel voor salons, praktijken en spa's in NL en BE.","robots":{"index":"index","follow":"follow","max-snippet":"max-snippet:-1","max-image-preview":"max-image-preview:large","max-video-preview":"max-video-preview:-1"},"canonical":"https:\/\/salonforall.nl\/fr-be\/tabouret-cosmetique-am-310-blanc\/","og_locale":"fr_FR","og_type":"article","og_title":"Cosmetische tabouret kruk am-310 wit","og_description":"Cosmetische tabouret kruk am-310 wit koop je online of in de showroom bij Salon For All B.V. NL &amp; BE . De groothandel voor salons, praktijken en spa's in NL en BE.","og_url":"https:\/\/salonforall.nl\/fr-be\/tabouret-cosmetique-am-310-blanc\/","og_site_name":"Salon For All B.V. NL &amp; BE","article_modified_time":"2025-12-31T05:12:25+00:00","og_image":[{"width":800,"height":800,"url":"https:\/\/salonforall.nl\/wp-content\/uploads\/2025\/01\/cosmetische-tabouret-kruk-am-310-wit-1.jpg","type":"image\/jpeg"}],"twitter_card":"summary_large_image","twitter_title":"Cosmetische tabouret kruk am-310 wit","twitter_misc":{"Price":"&nbsp;37,68 excl. btw","Availability":"Out of stock"},"schema":{"@context":"https:\/\/schema.org","@graph":[{"@type":"WebPage","@id":"https:\/\/salonforall.nl\/cosmetische-tabouret-kruk-am-310-wit\/","url":"https:\/\/salonforall.nl\/cosmetische-tabouret-kruk-am-310-wit\/","name":"Cosmetische tabouret kruk am-310 wit kopen bij Salon For All B.V. NL &amp; BE","isPartOf":{"@id":"https:\/\/salonforall.nl\/#website"},"primaryImageOfPage":{"@id":"https:\/\/salonforall.nl\/cosmetische-tabouret-kruk-am-310-wit\/#primaryimage"},"image":{"@id":"https:\/\/salonforall.nl\/cosmetische-tabouret-kruk-am-310-wit\/#primaryimage"},"thumbnailUrl":"https:\/\/salonforall.nl\/wp-content\/uploads\/2025\/01\/cosmetische-tabouret-kruk-am-310-wit-1.jpg","datePublished":"2025-01-16T11:31:53+00:00","dateModified":"2025-12-31T05:12:25+00:00","description":"Cosmetische tabouret kruk am-310 wit koop je online of in de showroom bij Salon For All B.V. NL &amp; BE . De groothandel voor salons, praktijken en spa's in NL en BE.","breadcrumb":{"@id":"https:\/\/salonforall.nl\/cosmetische-tabouret-kruk-am-310-wit\/#breadcrumb"},"inLanguage":"fr-BE","potentialAction":[{"@type":"ReadAction","target":["https:\/\/salonforall.nl\/cosmetische-tabouret-kruk-am-310-wit\/"]}]},{"@type":"ImageObject","inLanguage":"fr-BE","@id":"https:\/\/salonforall.nl\/cosmetische-tabouret-kruk-am-310-wit\/#primaryimage","url":"https:\/\/salonforall.nl\/wp-content\/uploads\/2025\/01\/cosmetische-tabouret-kruk-am-310-wit-1.jpg","contentUrl":"https:\/\/salonforall.nl\/wp-content\/uploads\/2025\/01\/cosmetische-tabouret-kruk-am-310-wit-1.jpg","width":800,"height":800,"caption":"Cosmetische tabouret kruk am-310 wit 1"},{"@type":"BreadcrumbList","@id":"https:\/\/salonforall.nl\/cosmetische-tabouret-kruk-am-310-wit\/#breadcrumb","itemListElement":[{"@type":"ListItem","position":1,"name":"Home","item":"https:\/\/salonforall.nl\/"},{"@type":"ListItem","position":2,"name":"Winkel","item":"https:\/\/salonforall.nl\/winkel\/"},{"@type":"ListItem","position":3,"name":"Cosmetische tabouret kruk am-310 wit"}]},{"@type":"WebSite","@id":"https:\/\/salonforall.nl\/#website","url":"https:\/\/salonforall.nl\/","name":"Salon pour tous","description":"Votre grossiste en mat\u00e9riel et fournitures pour cabinets m\u00e9dicaux et salons de coiffure","publisher":{"@id":"https:\/\/salonforall.nl\/#organization"},"alternateName":"salonforall.nl","potentialAction":[{"@type":"SearchAction","target":{"@type":"EntryPoint","urlTemplate":"https:\/\/salonforall.nl\/?s={search_term_string}"},"query-input":{"@type":"PropertyValueSpecification","valueRequired":true,"valueName":"search_term_string"}}],"inLanguage":"fr-BE"},{"@type":"Organization","@id":"https:\/\/salonforall.nl\/#organization","name":"Salon For All B.V.","alternateName":"Salonforall.nl","url":"https:\/\/salonforall.nl\/","logo":{"@type":"ImageObject","inLanguage":"fr-BE","@id":"https:\/\/salonforall.nl\/#\/schema\/logo\/image\/","url":"https:\/\/salonforall.nl\/wp-content\/uploads\/2025\/01\/logo-salon-for-all-groothandel-saloninrichting-e1736940477693.png","contentUrl":"https:\/\/salonforall.nl\/wp-content\/uploads\/2025\/01\/logo-salon-for-all-groothandel-saloninrichting-e1736940477693.png","width":500,"height":125,"caption":"Salon For All B.V."},"image":{"@id":"https:\/\/salonforall.nl\/#\/schema\/logo\/image\/"},"description":"Salon For All est le grossiste pour l'\u00e9quipement et les fournitures des cabinets et des salons de coiffure.","email":"info@salonforall.com","legalName":"Salon For All","numberOfEmployees":{"@type":"QuantitativeValue","minValue":"1","maxValue":"10"},"hasMerchantReturnPolicy":{"@type":"MerchantReturnPolicy","merchantReturnLink":"https:\/\/salonforall.nl\/fr-be\/retourvoorwaarden\/"}}]},"product_brand":"ACTIVESHOP","product_price_amount":"37.68","product_price_currency":"EUR","og_availability":"out of stock","product_availability":"out of stock","product_retailer_item_id":"129898","product_condition":"new"},"_links":{"self":[{"href":"https:\/\/salonforall.nl\/fr-be\/wp-json\/wp\/v2\/product\/6842","targetHints":{"allow":["GET"]}}],"collection":[{"href":"https:\/\/salonforall.nl\/fr-be\/wp-json\/wp\/v2\/product"}],"about":[{"href":"https:\/\/salonforall.nl\/fr-be\/wp-json\/wp\/v2\/types\/product"}],"replies":[{"embeddable":true,"href":"https:\/\/salonforall.nl\/fr-be\/wp-json\/wp\/v2\/comments?post=6842"}],"wp:featuredmedia":[{"embeddable":true,"href":"https:\/\/salonforall.nl\/fr-be\/wp-json\/wp\/v2\/media\/6843"}],"wp:attachment":[{"href":"https:\/\/salonforall.nl\/fr-be\/wp-json\/wp\/v2\/media?parent=6842"}],"wp:term":[{"taxonomy":"product_brand","embeddable":true,"href":"https:\/\/salonforall.nl\/fr-be\/wp-json\/wp\/v2\/product_brand?post=6842"},{"taxonomy":"product_cat","embeddable":true,"href":"https:\/\/salonforall.nl\/fr-be\/wp-json\/wp\/v2\/product_cat?post=6842"},{"taxonomy":"product_tag","embeddable":true,"href":"https:\/\/salonforall.nl\/fr-be\/wp-json\/wp\/v2\/product_tag?post=6842"}],"curies":[{"name":"wp","href":"https:\/\/api.w.org\/{rel}","templated":true}]}}