{"id":24473,"date":"2026-03-21T12:14:10","date_gmt":"2026-03-21T11:14:10","guid":{"rendered":"https:\/\/salonforall.nl\/nghia-export-cl-223-nagelriemtang-8-mm\/"},"modified":"2026-04-05T21:17:08","modified_gmt":"2026-04-05T20:17:08","slug":"nghia-export-cl-223-nagelriemtang-8-mm","status":"publish","type":"product","link":"https:\/\/salonforall.nl\/fr\/nghia-export-cl-223-nagelriemtang-8-mm\/","title":{"rendered":"Nghia export CL.223 nagelriemtang, 8 mm"},"content":{"rendered":"<h2>Informations sur les <strong>Nghia export CL.223 nagelriemtang, 8 mm voor professioneel gebruik<\/strong><\/h2>\n<p><strong>Nghia<\/strong> biedt roestvrijstalen producten aan, waaronder professionele manicuretools die de kwaliteit van het dagelijkse werk voor klanten in de schoonheidsindustrie aanzienlijk verbeteren. Het doel van het merk is om effectief te voldoen aan de behoeften van de consument door producten van de hoogste kwaliteit aan te bieden.<\/p>\n<p><img decoding=\"async\" src=\"https:\/\/activeshop.com.pl\/media\/wysiwyg\/product\/155520\/EN_155520_01.jpg\"><\/p>\n<h2>Een nauwkeurig instrument voor perfecte nagriemen<\/h2>\n<p>Le professionnel <strong>Nghia Export CL.223 nagriemtang<\/strong> is gemaakt van hoogwaardig roestvrij staal, wat een hoge weerstand tegen beschadiging en bot worden garandeert.<\/strong> Ze zijn ideaal voor manicure- en pedicurebehandelingen, met name voor nauwkeurig nagriemwerk.<\/p>\n<p> Het gereedschap is geschikt voor sterilisatie in een autoclaaf en voldoet aan de normen van professionele salons. <\/p>\n<h2>Solutions pour un confort de travail \u00e9lev\u00e9<\/h2>\n<p>De dubbele veer die de kniparmen verbindt, zorgt voor uitstekende gevoeligheid en volledige controle over het knippen. Nauwkeurige afwerking zorgt voor een comfortabele, stille en soepele werking. De juiste vormgeving en optimale handgreep zorgen ervoor dat de kniptang stabiel in de hand ligt, wat comfort garandeert, zelfs tijdens langere behandelingen. De gepolijste afwerking geeft het gereedschap een elegante uitstraling, terwijl het gepassiveerde oppervlak de duurzaamheid verhoogt en het schoonmaken vergemakkelijkt.<\/strong> Daardoor zijn de nagelknippers geschikt voor zowel professioneel gebruik als thuisverzorging.<\/p>\n<p><img decoding=\"async\" src=\"https:\/\/activeshop.com.pl\/media\/wysiwyg\/product\/155520\/EN_155520_02.jpg\"><\/p>\n<h2>Perfect gevormde bladen<\/h2>\n<p><strong>Bladen met een lengte van 8 mm<\/strong> maken nauwkeurige procedures mogelijk die uitzonderlijke precisie vereisen. Het karakteristieke snijprofiel in combinatie met de juiste bekmaat vergemakkelijkt de werkcontrole. De bekken zijn verbonden met behulp van de <strong>lap joint<\/strong>-methode, wat zorgt voor perfect contact tijdens gebruik en nauwkeurige, schone sneden. De meegeleverde beschermkap voor de messen, gemaakt van duurzaam plastic, minimaliseert het risico op beschadiging en verlengt de levensduur van de kniptang.<\/p>\n<h2>Onderhoudsinstructies:<\/h2>\n<p>\u2022 Verwijder na gebruik vuil van de messen met aceton;<br \/>\u2022 Dompel het gereedschap onder in een desinfecterende oplossing;<br \/>\u2022 Smeer de binnenkant van de messen in met machineolie;<br \/>\u2022 Plaats de beschermkap om het gereedschap te beschermen tegen afbrokkeling;<br \/>\u2022 Plaats de kniptang nooit met de messen naar beneden;<br \/>\u2022 Bewaar het gereedschap altijd horizontaal.<br \/><strong>Opmerking:<\/strong> Bewaar op een droge en veilige plaats. Buiten het bereik van kinderen houden.<\/p>\n<p><strong>Sp\u00e9cifications :<\/strong><br \/>Lengte van de messen: 8 mm<br \/>Totale lengte van de kniptang: 11 cm<br \/>Mat\u00e9riau : acier inoxydable<\/p>\n<p>Activeshop producten zijn in verhouding goedkoper dan vele andere merken\/ aanbieders. De prijs staat in verhouding met de kwaliteit. De Nghia export CL.223 nagelriemtang, 8 mm is hierdoor een laagdrempelige oplossing voor jouw salon.<\/p>\n<h2>Hoe wordt de Nghia export CL.223 nagelriemtang, 8 mm geleverd?<\/h2>\n<p>Le <strong>Nghia export CL.223 nagelriemtang, 8 mm <\/strong>wordt geleverd in originele verpakking(en). Binnen Nederland en Belgi\u00eb is de verzending van de Nghia export CL.223 nagelriemtang, 8 mm geheel gratis bij een bestelling v.a. 100,- euro. Bij verzendingen naar andere landen gelden aparte verzendtarieven. Je kunt deze tarieven bij ons opvragen of terugvinden in de winkelwagen. De Nghia export CL.223 nagelriemtang, 8 mm wordt verzonden via een externe koerier.<\/p>\n<p>Nous livrons les colis ou les palettes jusqu'au seuil de la porte d'entr\u00e9e c\u00f4t\u00e9 rue en standard, m\u00eame si vous vous trouvez dans un immeuble collectif, un immeuble d'appartements ou un immeuble \u00e0 appartements avec ascenseur.<\/p>\n<p>Vous avez encore des questions concernant la livraison ou une situation particuli\u00e8re ? Contactez-nous et nous nous ferons un plaisir de vous aider !<\/p>\n<p><em>*Les articles ne sont pas d\u00e9ball\u00e9s ou assembl\u00e9s par d\u00e9faut. Dans des situations particuli\u00e8res, veuillez nous contacter pour prendre des dispositions.<\/em><\/p>\n<h2>Commande en ligne s\u00e9curis\u00e9e chez Salon For All avec la marque Webwinkelkeur et la s\u00e9curit\u00e9 SSL<\/h2>\n<p>We vinden het belangrijk dat onze klanten veilig online bij ons kunnen shoppen. We zijn sinds 2019 aangesloten bij het landelijke Webwinkelkeur keurmerk. Onze identiteit is door hen gecontroleerd, geverifieerd en de webshop is juridisch gecontroleerd en goedgekeurd. Daarnaast is onze webwinkel is bij hen aangesloten voor geschillen bemiddeling. Je ziet de badge met alle informatie van dit webwinkel keurmerk aan de linker- of rechterkant van de webshop staan (roze met witte button). Ook is onze site beveiligd met een SSL-certificaat waardoor je bij ons veilig kunt browsen. In de balk van je internetbrowser, waar onze website in vermeld is, zie je een slotje staan. Als je op het slotje klikt, krijg je alle informatie over onze beveiliging. Hierdoor weet je dat je bestelling van de Nghia export CL.223 nagelriemtang, 8 mm en persoonsgegevens veilig verwerkt worden.<\/p>\n<h2>Hoe kan ik de Nghia export CL.223 nagelriemtang, 8 mm afrekenen?<\/h2>\n<p>Nous souhaitons vous faciliter la t\u00e2che au maximum. C'est pourquoi, chez Salon For All, vous pouvez payer avec tous les moyens de paiement connus et courants. Payer \u00e0 l'avance, \u00e0 la livraison ou apr\u00e8s coup, tout est possible. Voyez ici quels sont les modes de paiement que nous proposons<br \/>\noffre :<\/p>\n<ul>\n<li>Id\u00e9al<\/li>\n<li>Klarna - Post-paiement sur facture<\/li>\n<li>Bancontact (uniquement pour les clients belges)<\/li>\n<li>Payin3 - Payez en 3 fois avec un taux d'int\u00e9r\u00eat de 0% (uniquement pour les clients n\u00e9erlandais)<\/li>\n<li>Paypal<\/li>\n<li>Carte de cr\u00e9dit<\/li>\n<li>Apple pay<\/li>\n<li>Facture commerciale pour les entreprises<\/li>\n<li>Paiement dans la salle d'exposition - par carte bancaire ou en esp\u00e8ces (disponible uniquement lors de l'enl\u00e8vement)<\/li>\n<\/ul>\n<h2>Consultez \u00e9galement les avis sur Salon For ALL<\/h2>\n<p>Bekijk ook onze reviews om ervaringen van onze huidige klanten me te nemen in je besluit om de Nghia export CL.223 nagelriemtang, 8 mm bij ons te bestellen. Via ons onafhankelijke webwinkel keurmerk van Webwinkelkeur worden automatisch geverifieerde reviews verzameld van klanten die bij ons een bestelling hebben voldaan. Deze vind je terug achter de roze button op onze webwinkel of staan vermeld onder de producten.<\/p>\n<p>Deel na je aankoop ook jouw ervaring met je bestelde Nghia export CL.223 nagelriemtang, 8 mm en ervaring met het aankoopproces of contact met Salon For All om anderen te inspireren!<\/p>\n<h2>Contacter le Salon pour tous<\/h2>\n<p>Neem dan contact met ons op. Wij helpen je graag verder bij de aanschaf van de Nghia export CL.223 nagelriemtang, 8 mm. Op werkdagen zijn we het beste bereikbaar tussen 8.30 uur en 17.00 uur via het telefoonnummer en e-mailadres bovenaan de webshop of via de chatfunctie. Vragen buiten kantooruren worden meestal binnen 24uur beantwoord. Het is ook mogelijk om buitenwerkdagen of kantooruren bij ons langs te komen. Maar hiervoor van tevoren een afspraak.<\/p>\n<h2>Vous souhaitez visiter notre salle d'exposition ?<\/h2>\n<p>Vind je het prettiger om de Nghia export CL.223 nagelriemtang, 8 mm te bekijken of samen met onze collega door ons aanbod van de (web)shop heen te lopen? Kom dan langs in onze showroom met meer dan 1000m2 aan saloninrichting en laat je inspireren door onze medewerkers. Ook als je ervan houdt om gezellig kennis te maken onder het genot van een goede kop koffie of thee dan ben je hier van harte welkom. We hebben niet alle producten staan dus laat ons van tevoren even weten dat je wilt komen. Maak altijd van te voren een afspraak.<\/p>\n<h2>D\u00e9lai de r\u00e9flexion de 14 jours et politique de retour<\/h2>\n<p>Het kan natuurlijk voorkomen dat de geleverde Nghia export CL.223 nagelriemtang, 8 mm niet helemaal naar wens is en je het wilt terugsturen. Dat is bij Salon For All geen enkel probleem. Je dient binnen 14 werkdagen je retourzending bij ons aan te melden via <a href=\"mailto:info@salonforall.nl\">info@salonforall.nl<\/a> . Je ontvangt dan eerst van alle retourinstructies en voorwaarden. Let op de Nghia export CL.223 nagelriemtang, 8 mm mag niet gebruikt zijn, moet alle meegeleverde onderdelen bevatten en verpakt in originele verpakking geretourneerd worden. De kosten voor de zending van een retour zijn bij aankopen via www.salonforall.nl altijd voor de koper. Je dient voor een retour zelf een transport te regelen bij een transporteur naar keuze. Zodra de Nghia export CL.223 nagelriemtang, 8 mm retour is gekomen wordt het gecontroleerd op volledigheid en schade. Zodra de retour akkoord is bevonden wordt het aankoopbedrag binnen 5 werkdagen teruggestort op het bij ons bekende rekeningnummer.<\/p>\n<h2>Qui est Salon For All ?<\/h2>\n<p>Salon For all est le grossiste pour tout \u00e9quipement de salon en Europe. Salon For All a d\u00e9marr\u00e9 en 2003 sous le nom de Salonvoordeel et est n\u00e9 de la pratique. Les propri\u00e9taires de Salon For All \u00e9taient des coiffeurs et des esth\u00e9ticiennes exp\u00e9riment\u00e9s et ont ensemble plus de 30 ans d'exp\u00e9rience pratique. Nous avons lanc\u00e9 Salonvoordeel.nl (Pays-Bas) en 2003, puis Salon For All a \u00e9t\u00e9 cr\u00e9\u00e9 pour le march\u00e9 europ\u00e9en. Un certain nombre de nos employ\u00e9s ont cr\u00e9\u00e9 leur propre entreprise et l'id\u00e9e est n\u00e9e de lancer une boutique en ligne fonctionnelle pour les coiffeurs et de les aider \u00e0 am\u00e9nager leur salon. Gr\u00e2ce \u00e0 nos ann\u00e9es d'exp\u00e9rience dans le secteur, nous pouvons vous tendre un miroir et vous donner les bons conseils. Nous parlons le m\u00eame langage ! Nous vous conseillons, nous vous inspirons, nous vous motivons et nous vous aidons \u00e0 acheter une boutique en ligne. <em>Nghia export CL.223 nagelriemtang, 8 mm<\/em>. Nos fournisseurs sont r\u00e9partis dans toute l'Europe, de l'Allemagne \u00e0 la Pologne en passant par l'Angleterre et l'Italie.<\/p>","protected":false},"excerpt":{"rendered":"<p>De Nghia export CL.223 nagelriemtang, 8 mm is een betaalbare oplossing voor iedere professionele praktijk of salon. De levertijd is ongeveer 6 werkdagen.<\/p>","protected":false},"featured_media":25285,"comment_status":"open","ping_status":"open","template":"","meta":[],"product_brand":[2347],"product_cat":[22],"product_tag":[],"class_list":{"0":"post-24473","1":"product","2":"type-product","3":"status-publish","4":"has-post-thumbnail","6":"product_brand-nghia","7":"product_cat-accessories","8":"pa_artikelnummer-3817","9":"pa_ean-code-3818","10":"pa_garantie-periode-12-maanden","11":"pa_gewicht-3804","12":"pa_kwaliteit-middensegment","13":"pa_levertijd-2-6-werkdagen","14":"pa_merk-nghia","16":"first","17":"instock","18":"sale","19":"taxable","20":"shipping-taxable","21":"purchasable","22":"product-type-simple"},"yoast_head":"<!-- This site is optimized with the Yoast SEO Premium plugin v27.3 (Yoast SEO v27.3) - https:\/\/yoast.com\/product\/yoast-seo-premium-wordpress\/ -->\n<title>Nghia export CL.223 nagelriemtang, 8 mm<\/title>\n<meta name=\"description\" content=\"Nghia export CL.223 nagelriemtang, 8 mm koop je online of in de showroom bij Salon For All B.V. NL &amp; BE . De groothandel voor salons, praktijken en spa&#039;s in NL en BE.\" \/>\n<meta name=\"robots\" content=\"index, follow, max-snippet:-1, max-image-preview:large, max-video-preview:-1\" \/>\n<link rel=\"canonical\" href=\"https:\/\/salonforall.nl\/fr\/nghia-export-cl-223-nagelriemtang-8-mm\/\" \/>\n<meta property=\"og:locale\" content=\"fr_FR\" \/>\n<meta property=\"og:type\" content=\"article\" \/>\n<meta property=\"og:title\" content=\"Nghia export CL.223 nagelriemtang, 8 mm\" \/>\n<meta property=\"og:description\" content=\"Nghia export CL.223 nagelriemtang, 8 mm koop je online of in de showroom bij Salon For All B.V. NL &amp; BE . De groothandel voor salons, praktijken en spa&#039;s in NL en BE.\" \/>\n<meta property=\"og:url\" content=\"https:\/\/salonforall.nl\/fr\/nghia-export-cl-223-nagelriemtang-8-mm\/\" \/>\n<meta property=\"og:site_name\" content=\"Salon For All B.V. NL &amp; BE\" \/>\n<meta property=\"article:modified_time\" content=\"2026-04-05T20:17:08+00:00\" \/>\n<meta property=\"og:image\" content=\"https:\/\/salonforall.nl\/wp-content\/uploads\/2026\/03\/nghia-export-cl.223-nagelriemtang-8-mm-1-1.jpg\" \/>\n\t<meta property=\"og:image:width\" content=\"1200\" \/>\n\t<meta property=\"og:image:height\" content=\"1200\" \/>\n\t<meta property=\"og:image:type\" content=\"image\/jpeg\" \/>\n<meta name=\"twitter:card\" content=\"summary_large_image\" \/>\n<meta name=\"twitter:title\" content=\"Nghia export CL.223 nagelriemtang, 8 mm\" \/>\n<meta name=\"twitter:label1\" content=\"Prix\" \/>\n\t<meta name=\"twitter:data1\" content=\"&nbsp;26,52 excl. btw\" \/>\n\t<meta name=\"twitter:label2\" content=\"Disponibilit\u00e9\" \/>\n\t<meta name=\"twitter:data2\" content=\"En stock\" \/>\n<script type=\"application\/ld+json\" class=\"yoast-schema-graph\">{\"@context\":\"https:\\\/\\\/schema.org\",\"@graph\":[{\"@type\":\"WebPage\",\"@id\":\"https:\\\/\\\/salonforall.nl\\\/nghia-export-cl-223-nagelriemtang-8-mm\\\/\",\"url\":\"https:\\\/\\\/salonforall.nl\\\/nghia-export-cl-223-nagelriemtang-8-mm\\\/\",\"name\":\"Nghia export CL.223 nagelriemtang, 8 mm\",\"isPartOf\":{\"@id\":\"https:\\\/\\\/salonforall.nl\\\/#website\"},\"primaryImageOfPage\":{\"@id\":\"https:\\\/\\\/salonforall.nl\\\/nghia-export-cl-223-nagelriemtang-8-mm\\\/#primaryimage\"},\"image\":{\"@id\":\"https:\\\/\\\/salonforall.nl\\\/nghia-export-cl-223-nagelriemtang-8-mm\\\/#primaryimage\"},\"thumbnailUrl\":\"https:\\\/\\\/salonforall.nl\\\/wp-content\\\/uploads\\\/2026\\\/03\\\/nghia-export-cl.223-nagelriemtang-8-mm-1-1.jpg\",\"datePublished\":\"2026-03-21T11:14:10+00:00\",\"dateModified\":\"2026-04-05T20:17:08+00:00\",\"description\":\"Nghia export CL.223 nagelriemtang, 8 mm koop je online of in de showroom bij Salon For All B.V. NL &amp; BE . De groothandel voor salons, praktijken en spa's in NL en BE.\",\"breadcrumb\":{\"@id\":\"https:\\\/\\\/salonforall.nl\\\/nghia-export-cl-223-nagelriemtang-8-mm\\\/#breadcrumb\"},\"inLanguage\":\"fr-FR\",\"potentialAction\":[{\"@type\":\"ReadAction\",\"target\":[\"https:\\\/\\\/salonforall.nl\\\/nghia-export-cl-223-nagelriemtang-8-mm\\\/\"]}]},{\"@type\":\"ImageObject\",\"inLanguage\":\"fr-FR\",\"@id\":\"https:\\\/\\\/salonforall.nl\\\/nghia-export-cl-223-nagelriemtang-8-mm\\\/#primaryimage\",\"url\":\"https:\\\/\\\/salonforall.nl\\\/wp-content\\\/uploads\\\/2026\\\/03\\\/nghia-export-cl.223-nagelriemtang-8-mm-1-1.jpg\",\"contentUrl\":\"https:\\\/\\\/salonforall.nl\\\/wp-content\\\/uploads\\\/2026\\\/03\\\/nghia-export-cl.223-nagelriemtang-8-mm-1-1.jpg\",\"width\":1200,\"height\":1200,\"caption\":\"Nghia export CL.223 nagelriemtang\"},{\"@type\":\"BreadcrumbList\",\"@id\":\"https:\\\/\\\/salonforall.nl\\\/nghia-export-cl-223-nagelriemtang-8-mm\\\/#breadcrumb\",\"itemListElement\":[{\"@type\":\"ListItem\",\"position\":1,\"name\":\"Home\",\"item\":\"https:\\\/\\\/salonforall.nl\\\/\"},{\"@type\":\"ListItem\",\"position\":2,\"name\":\"Winkel\",\"item\":\"https:\\\/\\\/salonforall.nl\\\/winkel\\\/\"},{\"@type\":\"ListItem\",\"position\":3,\"name\":\"Nghia export CL.223 nagelriemtang, 8 mm\"}]},{\"@type\":\"WebSite\",\"@id\":\"https:\\\/\\\/salonforall.nl\\\/#website\",\"url\":\"https:\\\/\\\/salonforall.nl\\\/\",\"name\":\"Salon For All\",\"description\":\"Jouw groothandel voor praktijk- &amp; saloninrichting en benodigdheden\",\"publisher\":{\"@id\":\"https:\\\/\\\/salonforall.nl\\\/#organization\"},\"alternateName\":\"salonforall.nl\",\"potentialAction\":[{\"@type\":\"SearchAction\",\"target\":{\"@type\":\"EntryPoint\",\"urlTemplate\":\"https:\\\/\\\/salonforall.nl\\\/?s={search_term_string}\"},\"query-input\":{\"@type\":\"PropertyValueSpecification\",\"valueRequired\":true,\"valueName\":\"search_term_string\"}}],\"inLanguage\":\"fr-FR\"},{\"@type\":\"Organization\",\"@id\":\"https:\\\/\\\/salonforall.nl\\\/#organization\",\"name\":\"Salon For All B.V.\",\"alternateName\":\"Salonforall.nl\",\"url\":\"https:\\\/\\\/salonforall.nl\\\/\",\"logo\":{\"@type\":\"ImageObject\",\"inLanguage\":\"fr-FR\",\"@id\":\"https:\\\/\\\/salonforall.nl\\\/#\\\/schema\\\/logo\\\/image\\\/\",\"url\":\"https:\\\/\\\/salonforall.nl\\\/wp-content\\\/uploads\\\/2025\\\/01\\\/logo-salon-for-all-groothandel-saloninrichting-e1736940477693.png\",\"contentUrl\":\"https:\\\/\\\/salonforall.nl\\\/wp-content\\\/uploads\\\/2025\\\/01\\\/logo-salon-for-all-groothandel-saloninrichting-e1736940477693.png\",\"width\":500,\"height\":125,\"caption\":\"Salon For All B.V.\"},\"image\":{\"@id\":\"https:\\\/\\\/salonforall.nl\\\/#\\\/schema\\\/logo\\\/image\\\/\"},\"description\":\"Salon For All is de groothandel voor praktijk- en saloninrichting en benodigdheden.\",\"email\":\"info@salonforall.com\",\"legalName\":\"Salon For All\",\"numberOfEmployees\":{\"@type\":\"QuantitativeValue\",\"minValue\":\"1\",\"maxValue\":\"10\"},\"hasMerchantReturnPolicy\":{\"@type\":\"MerchantReturnPolicy\",\"merchantReturnLink\":\"https:\\\/\\\/salonforall.nl\\\/fr\\\/retourvoorwaarden\\\/\"}}]}<\/script>\n<meta property=\"product:brand\" content=\"NGHIA\" \/>\n<meta property=\"product:price:amount\" content=\"26.52\" \/>\n<meta property=\"product:price:currency\" content=\"EUR\" \/>\n<meta property=\"og:availability\" content=\"instock\" \/>\n<meta property=\"product:availability\" content=\"instock\" \/>\n<meta property=\"product:retailer_item_id\" content=\"155520\" \/>\n<meta property=\"product:condition\" content=\"new\" \/>\n<!-- \/ Yoast SEO Premium plugin. -->","yoast_head_json":{"title":"Nghia export CL.223 nagelriemtang, 8 mm","description":"Nghia export CL.223 nagelriemtang, 8 mm koop je online of in de showroom bij Salon For All B.V. NL &amp; BE . De groothandel voor salons, praktijken en spa's in NL en BE.","robots":{"index":"index","follow":"follow","max-snippet":"max-snippet:-1","max-image-preview":"max-image-preview:large","max-video-preview":"max-video-preview:-1"},"canonical":"https:\/\/salonforall.nl\/fr\/nghia-export-cl-223-nagelriemtang-8-mm\/","og_locale":"fr_FR","og_type":"article","og_title":"Nghia export CL.223 nagelriemtang, 8 mm","og_description":"Nghia export CL.223 nagelriemtang, 8 mm koop je online of in de showroom bij Salon For All B.V. NL &amp; BE . De groothandel voor salons, praktijken en spa's in NL en BE.","og_url":"https:\/\/salonforall.nl\/fr\/nghia-export-cl-223-nagelriemtang-8-mm\/","og_site_name":"Salon For All B.V. NL &amp; BE","article_modified_time":"2026-04-05T20:17:08+00:00","og_image":[{"width":1200,"height":1200,"url":"https:\/\/salonforall.nl\/wp-content\/uploads\/2026\/03\/nghia-export-cl.223-nagelriemtang-8-mm-1-1.jpg","type":"image\/jpeg"}],"twitter_card":"summary_large_image","twitter_title":"Nghia export CL.223 nagelriemtang, 8 mm","twitter_misc":{"Prix":"&nbsp;26,52 excl. btw","Disponibilit\u00e9":"En stock"},"schema":{"@context":"https:\/\/schema.org","@graph":[{"@type":"WebPage","@id":"https:\/\/salonforall.nl\/nghia-export-cl-223-nagelriemtang-8-mm\/","url":"https:\/\/salonforall.nl\/nghia-export-cl-223-nagelriemtang-8-mm\/","name":"Nghia export CL.223 nagelriemtang, 8 mm","isPartOf":{"@id":"https:\/\/salonforall.nl\/#website"},"primaryImageOfPage":{"@id":"https:\/\/salonforall.nl\/nghia-export-cl-223-nagelriemtang-8-mm\/#primaryimage"},"image":{"@id":"https:\/\/salonforall.nl\/nghia-export-cl-223-nagelriemtang-8-mm\/#primaryimage"},"thumbnailUrl":"https:\/\/salonforall.nl\/wp-content\/uploads\/2026\/03\/nghia-export-cl.223-nagelriemtang-8-mm-1-1.jpg","datePublished":"2026-03-21T11:14:10+00:00","dateModified":"2026-04-05T20:17:08+00:00","description":"Nghia export CL.223 nagelriemtang, 8 mm koop je online of in de showroom bij Salon For All B.V. NL &amp; BE . De groothandel voor salons, praktijken en spa's in NL en BE.","breadcrumb":{"@id":"https:\/\/salonforall.nl\/nghia-export-cl-223-nagelriemtang-8-mm\/#breadcrumb"},"inLanguage":"fr-FR","potentialAction":[{"@type":"ReadAction","target":["https:\/\/salonforall.nl\/nghia-export-cl-223-nagelriemtang-8-mm\/"]}]},{"@type":"ImageObject","inLanguage":"fr-FR","@id":"https:\/\/salonforall.nl\/nghia-export-cl-223-nagelriemtang-8-mm\/#primaryimage","url":"https:\/\/salonforall.nl\/wp-content\/uploads\/2026\/03\/nghia-export-cl.223-nagelriemtang-8-mm-1-1.jpg","contentUrl":"https:\/\/salonforall.nl\/wp-content\/uploads\/2026\/03\/nghia-export-cl.223-nagelriemtang-8-mm-1-1.jpg","width":1200,"height":1200,"caption":"Nghia export CL.223 nagelriemtang"},{"@type":"BreadcrumbList","@id":"https:\/\/salonforall.nl\/nghia-export-cl-223-nagelriemtang-8-mm\/#breadcrumb","itemListElement":[{"@type":"ListItem","position":1,"name":"Home","item":"https:\/\/salonforall.nl\/"},{"@type":"ListItem","position":2,"name":"Winkel","item":"https:\/\/salonforall.nl\/winkel\/"},{"@type":"ListItem","position":3,"name":"Nghia export CL.223 nagelriemtang, 8 mm"}]},{"@type":"WebSite","@id":"https:\/\/salonforall.nl\/#website","url":"https:\/\/salonforall.nl\/","name":"Salon pour tous","description":"Votre grossiste en mat\u00e9riel et fournitures pour cabinets m\u00e9dicaux et salons de coiffure","publisher":{"@id":"https:\/\/salonforall.nl\/#organization"},"alternateName":"salonforall.nl","potentialAction":[{"@type":"SearchAction","target":{"@type":"EntryPoint","urlTemplate":"https:\/\/salonforall.nl\/?s={search_term_string}"},"query-input":{"@type":"PropertyValueSpecification","valueRequired":true,"valueName":"search_term_string"}}],"inLanguage":"fr-FR"},{"@type":"Organization","@id":"https:\/\/salonforall.nl\/#organization","name":"Salon For All B.V.","alternateName":"Salonforall.nl","url":"https:\/\/salonforall.nl\/","logo":{"@type":"ImageObject","inLanguage":"fr-FR","@id":"https:\/\/salonforall.nl\/#\/schema\/logo\/image\/","url":"https:\/\/salonforall.nl\/wp-content\/uploads\/2025\/01\/logo-salon-for-all-groothandel-saloninrichting-e1736940477693.png","contentUrl":"https:\/\/salonforall.nl\/wp-content\/uploads\/2025\/01\/logo-salon-for-all-groothandel-saloninrichting-e1736940477693.png","width":500,"height":125,"caption":"Salon For All B.V."},"image":{"@id":"https:\/\/salonforall.nl\/#\/schema\/logo\/image\/"},"description":"Salon For All est le grossiste pour l'\u00e9quipement et les fournitures des cabinets et des salons de coiffure.","email":"info@salonforall.com","legalName":"Salon For All","numberOfEmployees":{"@type":"QuantitativeValue","minValue":"1","maxValue":"10"},"hasMerchantReturnPolicy":{"@type":"MerchantReturnPolicy","merchantReturnLink":"https:\/\/salonforall.nl\/fr\/retourvoorwaarden\/"}}]},"product_brand":"NGHIA","product_price_amount":"26.52","product_price_currency":"EUR","og_availability":"instock","product_availability":"instock","product_retailer_item_id":"155520","product_condition":"new"},"_links":{"self":[{"href":"https:\/\/salonforall.nl\/fr\/wp-json\/wp\/v2\/product\/24473","targetHints":{"allow":["GET"]}}],"collection":[{"href":"https:\/\/salonforall.nl\/fr\/wp-json\/wp\/v2\/product"}],"about":[{"href":"https:\/\/salonforall.nl\/fr\/wp-json\/wp\/v2\/types\/product"}],"replies":[{"embeddable":true,"href":"https:\/\/salonforall.nl\/fr\/wp-json\/wp\/v2\/comments?post=24473"}],"wp:featuredmedia":[{"embeddable":true,"href":"https:\/\/salonforall.nl\/fr\/wp-json\/wp\/v2\/media\/25285"}],"wp:attachment":[{"href":"https:\/\/salonforall.nl\/fr\/wp-json\/wp\/v2\/media?parent=24473"}],"wp:term":[{"taxonomy":"product_brand","embeddable":true,"href":"https:\/\/salonforall.nl\/fr\/wp-json\/wp\/v2\/product_brand?post=24473"},{"taxonomy":"product_cat","embeddable":true,"href":"https:\/\/salonforall.nl\/fr\/wp-json\/wp\/v2\/product_cat?post=24473"},{"taxonomy":"product_tag","embeddable":true,"href":"https:\/\/salonforall.nl\/fr\/wp-json\/wp\/v2\/product_tag?post=24473"}],"curies":[{"name":"wp","href":"https:\/\/api.w.org\/{rel}","templated":true}]}}