{"id":20753,"date":"2026-01-26T20:34:41","date_gmt":"2026-01-26T19:34:41","guid":{"rendered":"https:\/\/salonforall.nl\/depilflax-100-flexibele-was-met-laag-smeltpunt-ultraflex-blauw-600-g\/"},"modified":"2026-04-03T22:45:13","modified_gmt":"2026-04-03T21:45:13","slug":"depilflax-100-flexibele-was-met-laag-smeltpunt-ultraflex-blauw-600-g","status":"publish","type":"product","link":"https:\/\/salonforall.nl\/fr_be\/depilflax-100-flexibele-was-met-laag-smeltpunt-ultraflex-blauw-600-g\/","title":{"rendered":"Depilflax 100 flexibele was met laag smeltpunt Ultraflex Blauw 600 g"},"content":{"rendered":"<h2>Informations sur les <strong>Depilflax 100 flexibele was met laag smeltpunt Ultraflex Blauw 600 g voor professioneel gebruik<\/strong><\/h2>\n<p><strong>Depilflax<\/strong> is een merk dat gespecialiseerd is in ontharingsproducten en een breed assortiment waxen en cosmetica voor en na de behandeling aanbiedt die voldoen aan de hoge eisen van professionals. De innovatieve formules zijn gebaseerd op natuurlijke ingredi\u00ebnten, waarmee het merk zijn zorg voor de huid en het milieu benadrukt.<\/p>\n<h2><strong>Professioneel ontharingsproduct<\/strong><\/h2>\n<p>Veganistische wax in parels Depilflax Ultraflex Blue<\/strong> is een product dat geschikt is voor alle huidtypen, met name voor de delicate en gevoelige huid. Het biedt een hoog comfort en veiligheid tijdens de ontharingsprocedure. De perfecte keuze voor professionele schoonheidssalons en mensen die waarde hechten aan effici\u00ebntie en comfort tijdens het ontharen. Speciaal geselecteerde actieve stoffen garanderen een optimale en milde ontharing. Het gebruik van dit type wax maakt de behandelingen nog effectiever en minder pijnlijk.<\/strong> Het product is gebaseerd op natuurlijke ingredi\u00ebnten en zorgvuldig geselecteerde actieve stoffen zorgen voor een optimale en milde ontharing. Harde wax voor speciale toepassingen. De hoge elasticiteit maakt het mogelijk om de wax in dunne lagen aan te brengen, waardoor de behandeltijd wordt verkort. De korrelvorm helpt bij het afmeten van de benodigde hoeveelheid product en zorgt voor een precieze en effectieve ontharing. Het lage smeltpunt van de wax zorgt ervoor dat deze snel oplost en klaar is voor gebruik, waardoor het ontharingsproces wordt versneld. Het gebruik van dit type wax maakt ontharing nog effectiever en milder. Dankzij de speciale formule hecht de wax zich perfect aan de haren, ongeacht de groeirichting, en is deze gemakkelijk te verwijderen. Het kan worden gebruikt voor het verwijderen van lichaams- en gezichtshaar.<\/p>\n<h2><strong>Gebruiksaanwijzing<\/strong><\/h2>\n<p>\u2022 Plaats de wax in de waxbrander en verwarm deze op de hoogste stand totdat de wax volledig gesmolten is.<br \/>\u2022 Verlaag de temperatuur naar een gemiddelde stand en wacht tot de wax de juiste temperatuur heeft bereikt (ongeveer 65-70 \u00b0C).<br \/>\u2022 Reinig en droog de huid in het te behandelen gebied grondig.<br \/>\u2022 Breng de wax aan met een spatel en zorg ervoor dat de randen dun zijn voor een optimale werking.<br \/>\u2022 Laat de wax een paar seconden intrekken totdat deze begint te stollen. Rek de huid uit en verwijder de wax snel door stevig in de tegenovergestelde richting van de aanbrengrichting te trekken.<\/p>\n<p><strong>Ingr\u00e9dients :<\/strong> gehydrogeneerde polydicyclopentadieenparaffine, ethyleen-vinylacetaatcopolymeer, microkristallijne wax, vloeibare paraffine, vinylpyrrolidon-vinylacetaatcopolymeer, synthetisch fluoroflogopiet, kleurstoffen, titaniumdioxide, tinoxide.<br \/>Gewicht: 600 g<br \/>Fabrikant: MayStar<\/p>\n<p>Activeshop producten zijn in verhouding goedkoper dan vele andere merken\/ aanbieders. De prijs staat in verhouding met de kwaliteit. De Depilflax 100 flexibele was met laag smeltpunt Ultraflex Blauw 600 g is hierdoor een laagdrempelige oplossing voor jouw salon.<\/p>\n<h2>Hoe wordt de Depilflax 100 flexibele was met laag smeltpunt Ultraflex Blauw 600 g geleverd?<\/h2>\n<p>Le <strong>Depilflax 100 flexibele was met laag smeltpunt Ultraflex Blauw 600 g <\/strong>wordt geleverd in originele verpakking(en). Binnen Nederland en Belgi\u00eb is de verzending van de Depilflax 100 flexibele was met laag smeltpunt Ultraflex Blauw 600 g geheel gratis bij een bestelling v.a. 100,- euro. Bij verzendingen naar andere landen gelden aparte verzendtarieven. Je kunt deze tarieven bij ons opvragen of terugvinden in de winkelwagen. De Depilflax 100 flexibele was met laag smeltpunt Ultraflex Blauw 600 g wordt verzonden via een externe koerier.<\/p>\n<p>Nous livrons les colis ou les palettes jusqu'au seuil de la porte d'entr\u00e9e c\u00f4t\u00e9 rue en standard, m\u00eame si vous vous trouvez dans un immeuble collectif, un immeuble d'appartements ou un immeuble \u00e0 appartements avec ascenseur.<\/p>\n<p>Vous avez encore des questions concernant la livraison ou une situation particuli\u00e8re ? Contactez-nous et nous nous ferons un plaisir de vous aider !<\/p>\n<p><em>*Les articles ne sont pas d\u00e9ball\u00e9s ou assembl\u00e9s par d\u00e9faut. Dans des situations particuli\u00e8res, veuillez nous contacter pour prendre des dispositions.<\/em><\/p>\n<h2>Commande en ligne s\u00e9curis\u00e9e chez Salon For All avec la marque Webwinkelkeur et la s\u00e9curit\u00e9 SSL<\/h2>\n<p>We vinden het belangrijk dat onze klanten veilig online bij ons kunnen shoppen. We zijn sinds 2019 aangesloten bij het landelijke Webwinkelkeur keurmerk. Onze identiteit is door hen gecontroleerd, geverifieerd en de webshop is juridisch gecontroleerd en goedgekeurd. Daarnaast is onze webwinkel is bij hen aangesloten voor geschillen bemiddeling. Je ziet de badge met alle informatie van dit webwinkel keurmerk aan de linker- of rechterkant van de webshop staan (roze met witte button). Ook is onze site beveiligd met een SSL-certificaat waardoor je bij ons veilig kunt browsen. In de balk van je internetbrowser, waar onze website in vermeld is, zie je een slotje staan. Als je op het slotje klikt, krijg je alle informatie over onze beveiliging. Hierdoor weet je dat je bestelling van de Depilflax 100 flexibele was met laag smeltpunt Ultraflex Blauw 600 g en persoonsgegevens veilig verwerkt worden.<\/p>\n<h2>Hoe kan ik de Depilflax 100 flexibele was met laag smeltpunt Ultraflex Blauw 600 g afrekenen?<\/h2>\n<p>Nous souhaitons vous faciliter la t\u00e2che au maximum. C'est pourquoi, chez Salon For All, vous pouvez payer avec tous les moyens de paiement connus et courants. Payer \u00e0 l'avance, \u00e0 la livraison ou apr\u00e8s coup, tout est possible. Voyez ici quels sont les modes de paiement que nous proposons<br \/>\noffre :<\/p>\n<ul>\n<li>Id\u00e9al<\/li>\n<li>Klarna - Post-paiement sur facture<\/li>\n<li>Bancontact (uniquement pour les clients belges)<\/li>\n<li>Payin3 - Payez en 3 fois avec un taux d'int\u00e9r\u00eat de 0% (uniquement pour les clients n\u00e9erlandais)<\/li>\n<li>Paypal<\/li>\n<li>Carte de cr\u00e9dit<\/li>\n<li>Apple pay<\/li>\n<li>Facture commerciale pour les entreprises<\/li>\n<li>Paiement dans la salle d'exposition - par carte bancaire ou en esp\u00e8ces (disponible uniquement lors de l'enl\u00e8vement)<\/li>\n<\/ul>\n<h2>Consultez \u00e9galement les avis sur Salon For ALL<\/h2>\n<p>Bekijk ook onze reviews om ervaringen van onze huidige klanten me te nemen in je besluit om de Depilflax 100 flexibele was met laag smeltpunt Ultraflex Blauw 600 g bij ons te bestellen. Via ons onafhankelijke webwinkel keurmerk van Webwinkelkeur worden automatisch geverifieerde reviews verzameld van klanten die bij ons een bestelling hebben voldaan. Deze vind je terug achter de roze button op onze webwinkel of staan vermeld onder de producten.<\/p>\n<p>Deel na je aankoop ook jouw ervaring met je bestelde Depilflax 100 flexibele was met laag smeltpunt Ultraflex Blauw 600 g en ervaring met het aankoopproces of contact met Salon For All om anderen te inspireren!<\/p>\n<h2>Contacter le Salon pour tous<\/h2>\n<p>Neem dan contact met ons op. Wij helpen je graag verder bij de aanschaf van de Depilflax 100 flexibele was met laag smeltpunt Ultraflex Blauw 600 g. Op werkdagen zijn we het beste bereikbaar tussen 8.30 uur en 17.00 uur via het telefoonnummer en e-mailadres bovenaan de webshop of via de chatfunctie. Vragen buiten kantooruren worden meestal binnen 24uur beantwoord. Het is ook mogelijk om buitenwerkdagen of kantooruren bij ons langs te komen. Maar hiervoor van tevoren een afspraak.<\/p>\n<h2>Vous souhaitez visiter notre salle d'exposition ?<\/h2>\n<p>Vind je het prettiger om de Depilflax 100 flexibele was met laag smeltpunt Ultraflex Blauw 600 g te bekijken of samen met onze collega door ons aanbod van de (web)shop heen te lopen? Kom dan langs in onze showroom met meer dan 1000m2 aan saloninrichting en laat je inspireren door onze medewerkers. Ook als je ervan houdt om gezellig kennis te maken onder het genot van een goede kop koffie of thee dan ben je hier van harte welkom. We hebben niet alle producten staan dus laat ons van tevoren even weten dat je wilt komen. Maak altijd van te voren een afspraak.<\/p>\n<h2>D\u00e9lai de r\u00e9flexion de 14 jours et politique de retour<\/h2>\n<p>Het kan natuurlijk voorkomen dat de geleverde Depilflax 100 flexibele was met laag smeltpunt Ultraflex Blauw 600 g niet helemaal naar wens is en je het wilt terugsturen. Dat is bij Salon For All geen enkel probleem. Je dient binnen 14 werkdagen je retourzending bij ons aan te melden via <a href=\"mailto:info@salonforall.nl\">info@salonforall.nl<\/a> . Je ontvangt dan eerst van alle retourinstructies en voorwaarden. Let op de Depilflax 100 flexibele was met laag smeltpunt Ultraflex Blauw 600 g mag niet gebruikt zijn, moet alle meegeleverde onderdelen bevatten en verpakt in originele verpakking geretourneerd worden. De kosten voor de zending van een retour zijn bij aankopen via www.salonforall.nl altijd voor de koper. Je dient voor een retour zelf een transport te regelen bij een transporteur naar keuze. Zodra de Depilflax 100 flexibele was met laag smeltpunt Ultraflex Blauw 600 g retour is gekomen wordt het gecontroleerd op volledigheid en schade. Zodra de retour akkoord is bevonden wordt het aankoopbedrag binnen 5 werkdagen teruggestort op het bij ons bekende rekeningnummer.<\/p>\n<h2>Qui est Salon For All ?<\/h2>\n<p>Salon For all est le grossiste pour tout \u00e9quipement de salon en Europe. Salon For All a d\u00e9marr\u00e9 en 2003 sous le nom de Salonvoordeel et est n\u00e9 de la pratique. Les propri\u00e9taires de Salon For All \u00e9taient des coiffeurs et des esth\u00e9ticiennes exp\u00e9riment\u00e9s et ont ensemble plus de 30 ans d'exp\u00e9rience pratique. Nous avons lanc\u00e9 Salonvoordeel.nl (Pays-Bas) en 2003, puis Salon For All a \u00e9t\u00e9 cr\u00e9\u00e9 pour le march\u00e9 europ\u00e9en. Un certain nombre de nos employ\u00e9s ont cr\u00e9\u00e9 leur propre entreprise et l'id\u00e9e est n\u00e9e de lancer une boutique en ligne fonctionnelle pour les coiffeurs et de les aider \u00e0 am\u00e9nager leur salon. Gr\u00e2ce \u00e0 nos ann\u00e9es d'exp\u00e9rience dans le secteur, nous pouvons vous tendre un miroir et vous donner les bons conseils. Nous parlons le m\u00eame langage ! Nous vous conseillons, nous vous inspirons, nous vous motivons et nous vous aidons \u00e0 acheter une boutique en ligne. <em>Depilflax 100 flexibele was met laag smeltpunt Ultraflex Blauw 600 g<\/em>. Nos fournisseurs sont r\u00e9partis dans toute l'Europe, de l'Allemagne \u00e0 la Pologne en passant par l'Angleterre et l'Italie.<\/p>","protected":false},"excerpt":{"rendered":"<p>De Depilflax 100 flexibele was met laag smeltpunt Ultraflex Blauw 600 g is een betaalbare oplossing voor iedere professionele praktijk of salon. De levertijd is ongeveer 6 werkdagen.<\/p>","protected":false},"featured_media":20754,"comment_status":"open","ping_status":"open","template":"","meta":[],"product_brand":[3419],"product_cat":[22],"product_tag":[],"class_list":{"0":"post-20753","1":"product","2":"type-product","3":"status-publish","4":"has-post-thumbnail","6":"product_brand-depilflax","7":"product_cat-accessories","8":"pa_artikelnummer-3420","9":"pa_ean-code-3421","10":"pa_garantie-periode-12-maanden","11":"pa_gewicht-6-000-kg","12":"pa_kwaliteit-middensegment","13":"pa_merk-depilflax","15":"first","16":"outofstock","17":"sale","18":"taxable","19":"shipping-taxable","20":"purchasable","21":"product-type-simple"},"yoast_head":"<!-- This site is optimized with the Yoast SEO Premium plugin v27.3 (Yoast SEO v27.3) - https:\/\/yoast.com\/product\/yoast-seo-premium-wordpress\/ -->\n<title>Depilflax 100 flexibele was met laag smeltpunt Ultraflex Blauw 600 g<\/title>\n<meta name=\"description\" content=\"Depilflax 100 flexibele was met laag smeltpunt Ultraflex Blauw 600 g koop je online of in de showroom bij Salon For All B.V. NL &amp; BE . De groothandel voor salons, praktijken en spa&#039;s in NL en BE.\" \/>\n<meta name=\"robots\" content=\"index, follow, max-snippet:-1, max-image-preview:large, max-video-preview:-1\" \/>\n<link rel=\"canonical\" href=\"https:\/\/salonforall.nl\/fr_be\/depilflax-100-flexibele-was-met-laag-smeltpunt-ultraflex-blauw-600-g\/\" \/>\n<meta property=\"og:locale\" content=\"fr_FR\" \/>\n<meta property=\"og:type\" content=\"article\" \/>\n<meta property=\"og:title\" content=\"Depilflax 100 flexibele was met laag smeltpunt Ultraflex Blauw 600 g\" \/>\n<meta property=\"og:description\" content=\"Depilflax 100 flexibele was met laag smeltpunt Ultraflex Blauw 600 g koop je online of in de showroom bij Salon For All B.V. NL &amp; BE . De groothandel voor salons, praktijken en spa&#039;s in NL en BE.\" \/>\n<meta property=\"og:url\" content=\"https:\/\/salonforall.nl\/fr_be\/depilflax-100-flexibele-was-met-laag-smeltpunt-ultraflex-blauw-600-g\/\" \/>\n<meta property=\"og:site_name\" content=\"Salon For All B.V. NL &amp; BE\" \/>\n<meta property=\"article:modified_time\" content=\"2026-04-03T21:45:13+00:00\" \/>\n<meta property=\"og:image\" content=\"https:\/\/salonforall.nl\/wp-content\/uploads\/2026\/01\/depilflax-100-flexibele-was-met-laag-smeltpunt-ultraflex-blauw-600-g-1.jpg\" \/>\n\t<meta property=\"og:image:width\" content=\"1200\" \/>\n\t<meta property=\"og:image:height\" content=\"1200\" \/>\n\t<meta property=\"og:image:type\" content=\"image\/jpeg\" \/>\n<meta name=\"twitter:card\" content=\"summary_large_image\" \/>\n<meta name=\"twitter:title\" content=\"Depilflax 100 flexibele was met laag smeltpunt Ultraflex Blauw 600 g\" \/>\n<meta name=\"twitter:label1\" content=\"Price\" \/>\n\t<meta name=\"twitter:data1\" content=\"&nbsp;14,73 excl. btw\" \/>\n\t<meta name=\"twitter:label2\" content=\"Availability\" \/>\n\t<meta name=\"twitter:data2\" content=\"Out of stock\" \/>\n<script type=\"application\/ld+json\" class=\"yoast-schema-graph\">{\"@context\":\"https:\\\/\\\/schema.org\",\"@graph\":[{\"@type\":\"WebPage\",\"@id\":\"https:\\\/\\\/salonforall.nl\\\/depilflax-100-flexibele-was-met-laag-smeltpunt-ultraflex-blauw-600-g\\\/\",\"url\":\"https:\\\/\\\/salonforall.nl\\\/depilflax-100-flexibele-was-met-laag-smeltpunt-ultraflex-blauw-600-g\\\/\",\"name\":\"Depilflax 100 flexibele was met laag smeltpunt Ultraflex Blauw 600 g\",\"isPartOf\":{\"@id\":\"https:\\\/\\\/salonforall.nl\\\/#website\"},\"primaryImageOfPage\":{\"@id\":\"https:\\\/\\\/salonforall.nl\\\/depilflax-100-flexibele-was-met-laag-smeltpunt-ultraflex-blauw-600-g\\\/#primaryimage\"},\"image\":{\"@id\":\"https:\\\/\\\/salonforall.nl\\\/depilflax-100-flexibele-was-met-laag-smeltpunt-ultraflex-blauw-600-g\\\/#primaryimage\"},\"thumbnailUrl\":\"https:\\\/\\\/salonforall.nl\\\/wp-content\\\/uploads\\\/2026\\\/01\\\/depilflax-100-flexibele-was-met-laag-smeltpunt-ultraflex-blauw-600-g-1.jpg\",\"datePublished\":\"2026-01-26T19:34:41+00:00\",\"dateModified\":\"2026-04-03T21:45:13+00:00\",\"description\":\"Depilflax 100 flexibele was met laag smeltpunt Ultraflex Blauw 600 g koop je online of in de showroom bij Salon For All B.V. NL &amp; BE . De groothandel voor salons, praktijken en spa's in NL en BE.\",\"breadcrumb\":{\"@id\":\"https:\\\/\\\/salonforall.nl\\\/depilflax-100-flexibele-was-met-laag-smeltpunt-ultraflex-blauw-600-g\\\/#breadcrumb\"},\"inLanguage\":\"fr-BE\",\"potentialAction\":[{\"@type\":\"ReadAction\",\"target\":[\"https:\\\/\\\/salonforall.nl\\\/depilflax-100-flexibele-was-met-laag-smeltpunt-ultraflex-blauw-600-g\\\/\"]}]},{\"@type\":\"ImageObject\",\"inLanguage\":\"fr-BE\",\"@id\":\"https:\\\/\\\/salonforall.nl\\\/depilflax-100-flexibele-was-met-laag-smeltpunt-ultraflex-blauw-600-g\\\/#primaryimage\",\"url\":\"https:\\\/\\\/salonforall.nl\\\/wp-content\\\/uploads\\\/2026\\\/01\\\/depilflax-100-flexibele-was-met-laag-smeltpunt-ultraflex-blauw-600-g-1.jpg\",\"contentUrl\":\"https:\\\/\\\/salonforall.nl\\\/wp-content\\\/uploads\\\/2026\\\/01\\\/depilflax-100-flexibele-was-met-laag-smeltpunt-ultraflex-blauw-600-g-1.jpg\",\"width\":1200,\"height\":1200,\"caption\":\"Depilflax 100 flexibele was met laag smeltpunt Ultraflex Blauw 600 g 1\"},{\"@type\":\"BreadcrumbList\",\"@id\":\"https:\\\/\\\/salonforall.nl\\\/depilflax-100-flexibele-was-met-laag-smeltpunt-ultraflex-blauw-600-g\\\/#breadcrumb\",\"itemListElement\":[{\"@type\":\"ListItem\",\"position\":1,\"name\":\"Home\",\"item\":\"https:\\\/\\\/salonforall.nl\\\/\"},{\"@type\":\"ListItem\",\"position\":2,\"name\":\"Winkel\",\"item\":\"https:\\\/\\\/salonforall.nl\\\/winkel\\\/\"},{\"@type\":\"ListItem\",\"position\":3,\"name\":\"Depilflax 100 flexibele was met laag smeltpunt Ultraflex Blauw 600 g\"}]},{\"@type\":\"WebSite\",\"@id\":\"https:\\\/\\\/salonforall.nl\\\/#website\",\"url\":\"https:\\\/\\\/salonforall.nl\\\/\",\"name\":\"Salon For All\",\"description\":\"Jouw groothandel voor praktijk- &amp; saloninrichting en benodigdheden\",\"publisher\":{\"@id\":\"https:\\\/\\\/salonforall.nl\\\/#organization\"},\"alternateName\":\"salonforall.nl\",\"potentialAction\":[{\"@type\":\"SearchAction\",\"target\":{\"@type\":\"EntryPoint\",\"urlTemplate\":\"https:\\\/\\\/salonforall.nl\\\/?s={search_term_string}\"},\"query-input\":{\"@type\":\"PropertyValueSpecification\",\"valueRequired\":true,\"valueName\":\"search_term_string\"}}],\"inLanguage\":\"fr-BE\"},{\"@type\":\"Organization\",\"@id\":\"https:\\\/\\\/salonforall.nl\\\/#organization\",\"name\":\"Salon For All B.V.\",\"alternateName\":\"Salonforall.nl\",\"url\":\"https:\\\/\\\/salonforall.nl\\\/\",\"logo\":{\"@type\":\"ImageObject\",\"inLanguage\":\"fr-BE\",\"@id\":\"https:\\\/\\\/salonforall.nl\\\/#\\\/schema\\\/logo\\\/image\\\/\",\"url\":\"https:\\\/\\\/salonforall.nl\\\/wp-content\\\/uploads\\\/2025\\\/01\\\/logo-salon-for-all-groothandel-saloninrichting-e1736940477693.png\",\"contentUrl\":\"https:\\\/\\\/salonforall.nl\\\/wp-content\\\/uploads\\\/2025\\\/01\\\/logo-salon-for-all-groothandel-saloninrichting-e1736940477693.png\",\"width\":500,\"height\":125,\"caption\":\"Salon For All B.V.\"},\"image\":{\"@id\":\"https:\\\/\\\/salonforall.nl\\\/#\\\/schema\\\/logo\\\/image\\\/\"},\"description\":\"Salon For All is de groothandel voor praktijk- en saloninrichting en benodigdheden.\",\"email\":\"info@salonforall.com\",\"legalName\":\"Salon For All\",\"numberOfEmployees\":{\"@type\":\"QuantitativeValue\",\"minValue\":\"1\",\"maxValue\":\"10\"},\"hasMerchantReturnPolicy\":{\"@type\":\"MerchantReturnPolicy\",\"merchantReturnLink\":\"https:\\\/\\\/salonforall.nl\\\/fr_be\\\/retourvoorwaarden\\\/\"}}]}<\/script>\n<meta property=\"product:brand\" content=\"DEPILFLAX\" \/>\n<meta property=\"product:price:amount\" content=\"14.73\" \/>\n<meta property=\"product:price:currency\" content=\"EUR\" \/>\n<meta property=\"og:availability\" content=\"out of stock\" \/>\n<meta property=\"product:availability\" content=\"out of stock\" \/>\n<meta property=\"product:retailer_item_id\" content=\"154894\" \/>\n<meta property=\"product:condition\" content=\"new\" \/>\n<!-- \/ Yoast SEO Premium plugin. -->","yoast_head_json":{"title":"Depilflax 100 flexibele was met laag smeltpunt Ultraflex Blauw 600 g","description":"Depilflax 100 flexibele was met laag smeltpunt Ultraflex Blauw 600 g koop je online of in de showroom bij Salon For All B.V. NL &amp; BE . De groothandel voor salons, praktijken en spa's in NL en BE.","robots":{"index":"index","follow":"follow","max-snippet":"max-snippet:-1","max-image-preview":"max-image-preview:large","max-video-preview":"max-video-preview:-1"},"canonical":"https:\/\/salonforall.nl\/fr_be\/depilflax-100-flexibele-was-met-laag-smeltpunt-ultraflex-blauw-600-g\/","og_locale":"fr_FR","og_type":"article","og_title":"Depilflax 100 flexibele was met laag smeltpunt Ultraflex Blauw 600 g","og_description":"Depilflax 100 flexibele was met laag smeltpunt Ultraflex Blauw 600 g koop je online of in de showroom bij Salon For All B.V. NL &amp; BE . De groothandel voor salons, praktijken en spa's in NL en BE.","og_url":"https:\/\/salonforall.nl\/fr_be\/depilflax-100-flexibele-was-met-laag-smeltpunt-ultraflex-blauw-600-g\/","og_site_name":"Salon For All B.V. NL &amp; BE","article_modified_time":"2026-04-03T21:45:13+00:00","og_image":[{"width":1200,"height":1200,"url":"https:\/\/salonforall.nl\/wp-content\/uploads\/2026\/01\/depilflax-100-flexibele-was-met-laag-smeltpunt-ultraflex-blauw-600-g-1.jpg","type":"image\/jpeg"}],"twitter_card":"summary_large_image","twitter_title":"Depilflax 100 flexibele was met laag smeltpunt Ultraflex Blauw 600 g","twitter_misc":{"Price":"&nbsp;14,73 excl. btw","Availability":"Out of stock"},"schema":{"@context":"https:\/\/schema.org","@graph":[{"@type":"WebPage","@id":"https:\/\/salonforall.nl\/depilflax-100-flexibele-was-met-laag-smeltpunt-ultraflex-blauw-600-g\/","url":"https:\/\/salonforall.nl\/depilflax-100-flexibele-was-met-laag-smeltpunt-ultraflex-blauw-600-g\/","name":"Depilflax 100 flexibele was met laag smeltpunt Ultraflex Blauw 600 g","isPartOf":{"@id":"https:\/\/salonforall.nl\/#website"},"primaryImageOfPage":{"@id":"https:\/\/salonforall.nl\/depilflax-100-flexibele-was-met-laag-smeltpunt-ultraflex-blauw-600-g\/#primaryimage"},"image":{"@id":"https:\/\/salonforall.nl\/depilflax-100-flexibele-was-met-laag-smeltpunt-ultraflex-blauw-600-g\/#primaryimage"},"thumbnailUrl":"https:\/\/salonforall.nl\/wp-content\/uploads\/2026\/01\/depilflax-100-flexibele-was-met-laag-smeltpunt-ultraflex-blauw-600-g-1.jpg","datePublished":"2026-01-26T19:34:41+00:00","dateModified":"2026-04-03T21:45:13+00:00","description":"Depilflax 100 flexibele was met laag smeltpunt Ultraflex Blauw 600 g koop je online of in de showroom bij Salon For All B.V. NL &amp; BE . De groothandel voor salons, praktijken en spa's in NL en BE.","breadcrumb":{"@id":"https:\/\/salonforall.nl\/depilflax-100-flexibele-was-met-laag-smeltpunt-ultraflex-blauw-600-g\/#breadcrumb"},"inLanguage":"fr-BE","potentialAction":[{"@type":"ReadAction","target":["https:\/\/salonforall.nl\/depilflax-100-flexibele-was-met-laag-smeltpunt-ultraflex-blauw-600-g\/"]}]},{"@type":"ImageObject","inLanguage":"fr-BE","@id":"https:\/\/salonforall.nl\/depilflax-100-flexibele-was-met-laag-smeltpunt-ultraflex-blauw-600-g\/#primaryimage","url":"https:\/\/salonforall.nl\/wp-content\/uploads\/2026\/01\/depilflax-100-flexibele-was-met-laag-smeltpunt-ultraflex-blauw-600-g-1.jpg","contentUrl":"https:\/\/salonforall.nl\/wp-content\/uploads\/2026\/01\/depilflax-100-flexibele-was-met-laag-smeltpunt-ultraflex-blauw-600-g-1.jpg","width":1200,"height":1200,"caption":"Depilflax 100 flexibele was met laag smeltpunt Ultraflex Blauw 600 g 1"},{"@type":"BreadcrumbList","@id":"https:\/\/salonforall.nl\/depilflax-100-flexibele-was-met-laag-smeltpunt-ultraflex-blauw-600-g\/#breadcrumb","itemListElement":[{"@type":"ListItem","position":1,"name":"Home","item":"https:\/\/salonforall.nl\/"},{"@type":"ListItem","position":2,"name":"Winkel","item":"https:\/\/salonforall.nl\/winkel\/"},{"@type":"ListItem","position":3,"name":"Depilflax 100 flexibele was met laag smeltpunt Ultraflex Blauw 600 g"}]},{"@type":"WebSite","@id":"https:\/\/salonforall.nl\/#website","url":"https:\/\/salonforall.nl\/","name":"Salon pour tous","description":"Votre grossiste en mat\u00e9riel et fournitures pour cabinets m\u00e9dicaux et salons de coiffure","publisher":{"@id":"https:\/\/salonforall.nl\/#organization"},"alternateName":"salonforall.nl","potentialAction":[{"@type":"SearchAction","target":{"@type":"EntryPoint","urlTemplate":"https:\/\/salonforall.nl\/?s={search_term_string}"},"query-input":{"@type":"PropertyValueSpecification","valueRequired":true,"valueName":"search_term_string"}}],"inLanguage":"fr-BE"},{"@type":"Organization","@id":"https:\/\/salonforall.nl\/#organization","name":"Salon For All B.V.","alternateName":"Salonforall.nl","url":"https:\/\/salonforall.nl\/","logo":{"@type":"ImageObject","inLanguage":"fr-BE","@id":"https:\/\/salonforall.nl\/#\/schema\/logo\/image\/","url":"https:\/\/salonforall.nl\/wp-content\/uploads\/2025\/01\/logo-salon-for-all-groothandel-saloninrichting-e1736940477693.png","contentUrl":"https:\/\/salonforall.nl\/wp-content\/uploads\/2025\/01\/logo-salon-for-all-groothandel-saloninrichting-e1736940477693.png","width":500,"height":125,"caption":"Salon For All B.V."},"image":{"@id":"https:\/\/salonforall.nl\/#\/schema\/logo\/image\/"},"description":"Salon For All est le grossiste pour l'\u00e9quipement et les fournitures des cabinets et des salons de coiffure.","email":"info@salonforall.com","legalName":"Salon For All","numberOfEmployees":{"@type":"QuantitativeValue","minValue":"1","maxValue":"10"},"hasMerchantReturnPolicy":{"@type":"MerchantReturnPolicy","merchantReturnLink":"https:\/\/salonforall.nl\/fr_be\/retourvoorwaarden\/"}}]},"product_brand":"DEPILFLAX","product_price_amount":"14.73","product_price_currency":"EUR","og_availability":"out of stock","product_availability":"out of stock","product_retailer_item_id":"154894","product_condition":"new"},"_links":{"self":[{"href":"https:\/\/salonforall.nl\/fr_be\/wp-json\/wp\/v2\/product\/20753","targetHints":{"allow":["GET"]}}],"collection":[{"href":"https:\/\/salonforall.nl\/fr_be\/wp-json\/wp\/v2\/product"}],"about":[{"href":"https:\/\/salonforall.nl\/fr_be\/wp-json\/wp\/v2\/types\/product"}],"replies":[{"embeddable":true,"href":"https:\/\/salonforall.nl\/fr_be\/wp-json\/wp\/v2\/comments?post=20753"}],"wp:featuredmedia":[{"embeddable":true,"href":"https:\/\/salonforall.nl\/fr_be\/wp-json\/wp\/v2\/media\/20754"}],"wp:attachment":[{"href":"https:\/\/salonforall.nl\/fr_be\/wp-json\/wp\/v2\/media?parent=20753"}],"wp:term":[{"taxonomy":"product_brand","embeddable":true,"href":"https:\/\/salonforall.nl\/fr_be\/wp-json\/wp\/v2\/product_brand?post=20753"},{"taxonomy":"product_cat","embeddable":true,"href":"https:\/\/salonforall.nl\/fr_be\/wp-json\/wp\/v2\/product_cat?post=20753"},{"taxonomy":"product_tag","embeddable":true,"href":"https:\/\/salonforall.nl\/fr_be\/wp-json\/wp\/v2\/product_tag?post=20753"}],"curies":[{"name":"wp","href":"https:\/\/api.w.org\/{rel}","templated":true}]}}