{"id":7072,"date":"2025-01-17T11:15:20","date_gmt":"2025-01-17T11:15:20","guid":{"rendered":"https:\/\/salonforall.nl\/spa-cosmetisch-massagebed-massagetafel-azzurro-hout-361a-4-sterk\/"},"modified":"2025-12-30T06:12:34","modified_gmt":"2025-12-30T05:12:34","slug":"spa-cosmetic-massage-bed-table-de-massage-azzurro-wood-361a-4-strong","status":"publish","type":"product","link":"https:\/\/salonforall.nl\/fr_be\/spa-cosmetisch-massagebed-massagetafel-azzurro-hout-361a-4-sterk\/","title":{"rendered":"Lit de massage cosm\u00e9tique Spa \/ table de massage azzurro wood 361a 4 strong"},"content":{"rendered":"<h2>Informations sur les <strong>Spa cosm\u00e9tique lit de massage \/ table de massage azzurro wood 361a 4 strong with article number <\/strong>119179<\/h2>\n<p>Le confort et la qualit\u00e9 de l'\u00e9quipement sont une priorit\u00e9 pour toute clinique de m\u00e9decine esth\u00e9tique, tout studio de beaut\u00e9 professionnel ou tout propri\u00e9taire de spa. <br \/> Le lit cosm\u00e9tique en bois azzurro est un lit haut de gamme qui permet d'effectuer des traitements cosm\u00e9tiques et tous types de massages. Gr\u00e2ce aux commandes \u00e9lectriques, il est possible de r\u00e9gler facilement le lit, ce qui garantit le confort du client et de la personne qui effectue le traitement. Le design classique et la fonctionnalit\u00e9 du meuble en font un \u00e9l\u00e9ment fantastique d'un bureau ou d'un spa moderne. <br \/> Un avantage suppl\u00e9mentaire est la possibilit\u00e9 de m\u00e9moriser 3 r\u00e9glages. Gr\u00e2ce \u00e0 cela, apr\u00e8s avoir choisi l'un d'entre eux, le canap\u00e9 s'ajuste automatiquement \u00e0 des positions pr\u00e9d\u00e9termin\u00e9es dans tous les plans. le r\u00e9glage s\u00e9lectionn\u00e9 peut \u00eatre facilement r\u00e9initialis\u00e9 pour r\u00e9ajuster les diff\u00e9rentes parties. apr\u00e8s avoir appuy\u00e9 sur le bouton \"off\", le lit revient \u00e0 la position \"z\u00e9ro\". grande qualit\u00e9 !!!! garantie de 2 ans !!! dimensions : 205x84x64-84cm <\/p>\n<p>Les produits d'Activeshop sont comparativement moins chers que ceux de beaucoup d'autres marques\/vendeurs. Le prix est proportionnel \u00e0 la qualit\u00e9. Le lit de massage cosm\u00e9tique Spa\/table de massage azzurro wood 361a 4 strong est donc une solution \u00e0 bas seuil pour votre salon.<\/p>\n<h2>Comment est livr\u00e9e la table de massage cosm\u00e9tique Spa 361a 4 strong ?<\/h2>\n<p>Le <strong>Lit de massage cosm\u00e9tique Spa \/ table de massage azzurro wood 361a 4 strong <\/strong>seront livr\u00e9s dans leur(s) emballage(s) d'origine. Pour les Pays-Bas et la Belgique, l'exp\u00e9dition du Spa cosmetic massage bed \/ massage table azzurro wood 361a 4 strong est gratuite \u00e0 partir d'une commande de \u20ac 100,-. Des tarifs d'exp\u00e9dition distincts sont appliqu\u00e9s pour les envois vers d'autres pays. Vous pouvez nous demander ces tarifs ou les trouver dans le panier d'achat. Le Spa cosmetic massage bed \/ massage table azzurro wood 361a 4 strong est livr\u00e9 par un transporteur externe.<\/p>\n<p>Nous livrons les colis ou les palettes jusqu'au seuil de la porte d'entr\u00e9e, m\u00eame si vous vous trouvez dans un immeuble collectif, un immeuble \u00e0 appartements ou un complexe d'appartements avec ascenseur (\u00e0 condition que l'article puisse \u00eatre transport\u00e9 dans l'ascenseur). Il n'y a pas d'ascenseur ou l'article ne rentre pas dans l'ascenseur ? Dans ce cas, nous livrons sur le seuil du rez-de-chauss\u00e9e.<\/p>\n<p>Vous avez encore des questions concernant la livraison ou une situation particuli\u00e8re ? Contactez-nous et nous nous ferons un plaisir de vous aider !<\/p>\n<p><em>*Les articles ne sont pas d\u00e9ball\u00e9s ou assembl\u00e9s par d\u00e9faut. Dans des situations particuli\u00e8res, veuillez nous contacter pour prendre des dispositions.<\/em><\/p>\n<h2>Commande en ligne s\u00e9curis\u00e9e chez Salon For All avec la marque Webwinkelkeur et la s\u00e9curit\u00e9 SSL<\/h2>\n<p>Il est important pour nous que nos clients puissent faire leurs achats en ligne en toute s\u00e9curit\u00e9. Depuis 2019, nous avons adh\u00e9r\u00e9 au label de qualit\u00e9 national Webwinkelkeur. Notre identit\u00e9 a \u00e9t\u00e9 contr\u00f4l\u00e9e, v\u00e9rifi\u00e9e par eux et la boutique en ligne a \u00e9t\u00e9 l\u00e9galement v\u00e9rifi\u00e9e et approuv\u00e9e. En outre, notre boutique en ligne est affili\u00e9e \u00e0 eux pour la m\u00e9diation des litiges. Vous verrez le badge avec toutes les informations de ce Webwinkelkeurmerk sur le c\u00f4t\u00e9 gauche ou droit de la boutique en ligne (rose avec bouton blanc). Notre site est \u00e9galement s\u00e9curis\u00e9 par un certificat SSL, ce qui vous permet de naviguer en toute s\u00e9curit\u00e9. Dans la barre de votre navigateur Internet, \u00e0 l'endroit o\u00f9 notre site web est mentionn\u00e9, vous verrez un cadenas. Si vous cliquez sur le cadenas, vous obtiendrez toutes les informations relatives \u00e0 notre s\u00e9curit\u00e9. Cela vous permet de savoir que votre commande Spa cosmetic massage bed\/massage table azzurro wood 361a 4 est trait\u00e9e en toute s\u00e9curit\u00e9 et que vos donn\u00e9es personnelles sont prot\u00e9g\u00e9es.<\/p>\n<h2>Comment passer \u00e0 la caisse pour le lit de massage cosm\u00e9tique Spa\/table de massage azzurro wood 361a 4 strong ?<\/h2>\n<p>Nous souhaitons vous faciliter la t\u00e2che au maximum. C'est pourquoi, chez Salon For All, vous pouvez payer avec tous les moyens de paiement connus et courants. Payer \u00e0 l'avance, \u00e0 la livraison ou apr\u00e8s coup, tout est possible. Voyez ici quels sont les modes de paiement que nous proposons<br \/>\noffre :<\/p>\n<ul>\n<li>Id\u00e9al<\/li>\n<li>Klarna - Post-paiement sur facture<\/li>\n<li>Bancontact (uniquement pour les clients belges)<\/li>\n<li>Payin3 - Payez en 3 fois avec un taux d'int\u00e9r\u00eat de 0% (uniquement pour les clients n\u00e9erlandais)<\/li>\n<li>Paypal<\/li>\n<li>Carte de cr\u00e9dit<\/li>\n<li>Apple pay<\/li>\n<li>Facture commerciale pour les entreprises<\/li>\n<li>Paiement dans la salle d'exposition - par carte bancaire ou en esp\u00e8ces (disponible uniquement lors de l'enl\u00e8vement)<\/li>\n<\/ul>\n<h2>Consultez \u00e9galement les avis sur Salon For ALL<\/h2>\n<p>Consultez \u00e9galement nos commentaires pour prendre en compte l'exp\u00e9rience de nos clients actuels avant de d\u00e9cider de commander le Spa cosmetic massage bed \/ massage table azzurro wood 361a 4 strong chez nous. Gr\u00e2ce \u00e0 notre label ind\u00e9pendant Webwinkelkeur, nous recueillons automatiquement les avis v\u00e9rifi\u00e9s des clients qui ont pass\u00e9 une commande chez nous. Ceux-ci se trouvent derri\u00e8re le bouton rose de notre boutique en ligne ou sont list\u00e9s sous les produits.<\/p>\n<p>Apr\u00e8s votre achat, partagez votre exp\u00e9rience avec votre Spa cosmetic massage bed\/massage table azzurro wood 361a 4 strong et votre exp\u00e9rience avec le processus d'achat ou contactez Salon For All pour inspirer d'autres personnes !<\/p>\n<h2>Contacter le Salon pour tous<\/h2>\n<p>Dans ce cas, contactez-nous. Nous serons heureux de vous aider \u00e0 acheter le Spa cosmetic massage bed\/massage table azzurro wood 361a 4 strong. En semaine, vous pouvez nous joindre de 8h30 \u00e0 17h au num\u00e9ro de t\u00e9l\u00e9phone et \u00e0 l'adresse e-mail indiqu\u00e9s en haut de la boutique en ligne ou par le biais de la fonction \"chat\". En dehors des heures de bureau, nous r\u00e9pondons g\u00e9n\u00e9ralement aux questions dans les 24 heures. Il est \u00e9galement possible de nous rendre visite en dehors des jours ouvrables ou des heures de bureau. Il faut alors prendre rendez-vous \u00e0 l'avance.<\/p>\n<h2>Vous souhaitez visiter notre salle d'exposition ?<\/h2>\n<p>Vous pr\u00e9f\u00e9rez regarder de plus pr\u00e8s le lit de massage\/la table de massage azzurro wood 361a 4 strong de Spa Cosmetic ou parcourir l'offre de notre (web)shop avec notre coll\u00e8gue ? Alors venez visiter notre salle d'exposition avec plus de 1000m2 d'\u00e9quipement de salon et laissez-vous inspirer par notre personnel. M\u00eame si vous aimez discuter autour d'une bonne tasse de caf\u00e9 ou de th\u00e9, vous \u00eates le bienvenu ici. Nous ne disposons pas de tous les produits en exposition, veuillez donc nous pr\u00e9venir \u00e0 l'avance si vous souhaitez venir. Prenez toujours rendez-vous \u00e0 l'avance.<\/p>\n<h2>D\u00e9lai de r\u00e9flexion de 14 jours et politique de retour<\/h2>\n<p>Bien s\u00fbr, il peut arriver que le lit de massage cosm\u00e9tique Spa \/ table de massage azzurro wood 361a 4 strong livr\u00e9 ne soit pas tout \u00e0 fait \u00e0 votre go\u00fbt et que vous souhaitiez le retourner. Cela ne pose aucun probl\u00e8me \u00e0 Salon For All. Vous devez nous informer de votre retour dans les 14 jours ouvrables via <a href=\"mailto:info@salonforall.nl\">info@salonforall.nl<\/a> . Vous recevrez alors les premi\u00e8res instructions et conditions de retour. Veuillez noter que le Spa cosmetic massage bed \/ massage table azzurro wood 361a 4 strong ne doit pas avoir \u00e9t\u00e9 utilis\u00e9, doit contenir toutes les pi\u00e8ces fournies et doit \u00eatre retourn\u00e9 emball\u00e9 dans l'emballage d'origine. Les frais d'exp\u00e9dition d'un retour sont toujours \u00e0 la charge de l'acheteur pour les achats effectu\u00e9s via www.salonforall.nl. Vous devez organiser votre propre transport pour un retour avec un transporteur de votre choix. D\u00e8s que le Spa cosmetic massage bed\/massage table azzurro wood 361a 4 strong est retourn\u00e9, il sera v\u00e9rifi\u00e9 qu'il est complet et qu'il n'a pas \u00e9t\u00e9 endommag\u00e9. Une fois le retour approuv\u00e9, le montant de l'achat sera rembours\u00e9 sur le num\u00e9ro de compte dont nous avons connaissance dans les 5 jours ouvrables.<\/p>\n<h2>Qui est Salon For All ?<\/h2>\n<p>Salon For all est le grossiste pour tout \u00e9quipement de salon en Europe. Salon For All a d\u00e9marr\u00e9 en 2003 sous le nom de Salonvoordeel et est n\u00e9 de la pratique. Les propri\u00e9taires de Salon For All \u00e9taient des coiffeurs et des esth\u00e9ticiennes exp\u00e9riment\u00e9s et ont ensemble plus de 30 ans d'exp\u00e9rience pratique. Nous avons lanc\u00e9 Salonvoordeel.nl (Pays-Bas) en 2003, puis Salon For All a \u00e9t\u00e9 cr\u00e9\u00e9 pour le march\u00e9 europ\u00e9en. Un certain nombre de nos employ\u00e9s ont cr\u00e9\u00e9 leur propre entreprise et l'id\u00e9e est n\u00e9e de lancer une boutique en ligne fonctionnelle pour les coiffeurs et de les aider \u00e0 am\u00e9nager leur salon. Gr\u00e2ce \u00e0 nos ann\u00e9es d'exp\u00e9rience dans le secteur, nous pouvons vous tendre un miroir et vous donner les bons conseils. Nous parlons le m\u00eame langage ! Nous vous conseillons, nous vous inspirons, nous vous motivons et nous vous aidons \u00e0 acheter une boutique en ligne. <em>Lit de massage cosm\u00e9tique Spa \/ table de massage azzurro wood 361a 4 strong<\/em>. Nos fournisseurs sont r\u00e9partis dans toute l'Europe, de l'Allemagne \u00e0 la Pologne en passant par l'Angleterre et l'Italie.<\/p>","protected":false},"excerpt":{"rendered":"<p>La table de massage cosm\u00e9tique Spa \/ table de massage azzurro wood 361a 4 strong de la marque AZZURRO est une solution abordable pour tout salon. Le d\u00e9lai de livraison des tables ou lits de massage est de 2 \u00e0 6 jours ouvrables.<\/p>","protected":false},"featured_media":7073,"comment_status":"closed","ping_status":"open","template":"","meta":[],"product_brand":[],"product_cat":[249,248,223,229,228,224,226,225],"product_tag":[],"class_list":{"0":"post-7072","1":"product","2":"type-product","3":"status-publish","4":"has-post-thumbnail","6":"product_cat-elektrisch-massagebed","7":"product_cat-elektrische-massagetafel","8":"product_cat-massage","9":"product_cat-massagebed","10":"product_cat-massagebedden","11":"product_cat-massagepraktijk-inrichting","12":"product_cat-massagetafel","13":"product_cat-massagetafels","14":"pa_artikelnummer-250","15":"pa_kleur-grijs","16":"pa_kwaliteit-middensegment","17":"pa_materiaal-staal","18":"pa_merk-azzurro","19":"pa_type-tafel-of-bed-elektrisch","21":"first","22":"outofstock","23":"sale","24":"taxable","25":"shipping-taxable","26":"purchasable","27":"product-type-simple"},"yoast_head":"<!-- This site is optimized with the Yoast SEO Premium plugin v27.3 (Yoast SEO v27.3) - https:\/\/yoast.com\/product\/yoast-seo-premium-wordpress\/ -->\n<title>Spa cosmetisch massagebed \/ massagetafel azzurro hout 361a 4 sterk<\/title>\n<meta name=\"description\" content=\"Spa cosmetisch massagebed \/ massagetafel azzurro hout 361a 4 sterk koop je online of in de showroom bij Salon For All B.V. NL &amp; BE . De groothandel voor salons, praktijken en spa&#039;s in NL en BE.\" \/>\n<meta name=\"robots\" content=\"index, follow, max-snippet:-1, max-image-preview:large, max-video-preview:-1\" \/>\n<link rel=\"canonical\" href=\"https:\/\/salonforall.nl\/fr_be\/spa-cosmetic-massage-bed-table-de-massage-azzurro-wood-361a-4-strong\/\" \/>\n<meta property=\"og:locale\" content=\"fr_FR\" \/>\n<meta property=\"og:type\" content=\"article\" \/>\n<meta property=\"og:title\" content=\"Spa cosmetisch massagebed \/ massagetafel azzurro hout 361a 4 sterk\" \/>\n<meta property=\"og:description\" content=\"Spa cosmetisch massagebed \/ massagetafel azzurro hout 361a 4 sterk koop je online of in de showroom bij Salon For All B.V. NL &amp; BE . De groothandel voor salons, praktijken en spa&#039;s in NL en BE.\" \/>\n<meta property=\"og:url\" content=\"https:\/\/salonforall.nl\/fr_be\/spa-cosmetic-massage-bed-table-de-massage-azzurro-wood-361a-4-strong\/\" \/>\n<meta property=\"og:site_name\" content=\"Salon For All B.V. NL &amp; BE\" \/>\n<meta property=\"article:modified_time\" content=\"2025-12-30T05:12:34+00:00\" \/>\n<meta property=\"og:image\" content=\"https:\/\/salonforall.nl\/wp-content\/uploads\/2025\/01\/spa-cosmetisch-massagebed-massagetafel-azzurro-hout-361a-4-sterk-1.jpg\" \/>\n\t<meta property=\"og:image:width\" content=\"800\" \/>\n\t<meta property=\"og:image:height\" content=\"800\" \/>\n\t<meta property=\"og:image:type\" content=\"image\/jpeg\" \/>\n<meta name=\"twitter:card\" content=\"summary_large_image\" \/>\n<meta name=\"twitter:title\" content=\"Spa cosmetisch massagebed \/ massagetafel azzurro hout 361a 4 sterk\" \/>\n<meta name=\"twitter:label1\" content=\"Price\" \/>\n\t<meta name=\"twitter:data1\" content=\"&nbsp;2.540,65 excl. btw\" \/>\n\t<meta name=\"twitter:label2\" content=\"Availability\" \/>\n\t<meta name=\"twitter:data2\" content=\"Out of stock\" \/>\n<script type=\"application\/ld+json\" class=\"yoast-schema-graph\">{\"@context\":\"https:\\\/\\\/schema.org\",\"@graph\":[{\"@type\":\"WebPage\",\"@id\":\"https:\\\/\\\/salonforall.nl\\\/spa-cosmetisch-massagebed-massagetafel-azzurro-hout-361a-4-sterk\\\/\",\"url\":\"https:\\\/\\\/salonforall.nl\\\/spa-cosmetisch-massagebed-massagetafel-azzurro-hout-361a-4-sterk\\\/\",\"name\":\"Spa cosmetisch massagebed \\\/ massagetafel azzurro hout 361a 4 sterk\",\"isPartOf\":{\"@id\":\"https:\\\/\\\/salonforall.nl\\\/#website\"},\"primaryImageOfPage\":{\"@id\":\"https:\\\/\\\/salonforall.nl\\\/spa-cosmetisch-massagebed-massagetafel-azzurro-hout-361a-4-sterk\\\/#primaryimage\"},\"image\":{\"@id\":\"https:\\\/\\\/salonforall.nl\\\/spa-cosmetisch-massagebed-massagetafel-azzurro-hout-361a-4-sterk\\\/#primaryimage\"},\"thumbnailUrl\":\"https:\\\/\\\/salonforall.nl\\\/wp-content\\\/uploads\\\/2025\\\/01\\\/spa-cosmetisch-massagebed-massagetafel-azzurro-hout-361a-4-sterk-1.jpg\",\"datePublished\":\"2025-01-17T11:15:20+00:00\",\"dateModified\":\"2025-12-30T05:12:34+00:00\",\"description\":\"Spa cosmetisch massagebed \\\/ massagetafel azzurro hout 361a 4 sterk koop je online of in de showroom bij Salon For All B.V. NL &amp; BE . De groothandel voor salons, praktijken en spa's in NL en BE.\",\"breadcrumb\":{\"@id\":\"https:\\\/\\\/salonforall.nl\\\/spa-cosmetisch-massagebed-massagetafel-azzurro-hout-361a-4-sterk\\\/#breadcrumb\"},\"inLanguage\":\"fr-BE\",\"potentialAction\":[{\"@type\":\"ReadAction\",\"target\":[\"https:\\\/\\\/salonforall.nl\\\/spa-cosmetisch-massagebed-massagetafel-azzurro-hout-361a-4-sterk\\\/\"]}]},{\"@type\":\"ImageObject\",\"inLanguage\":\"fr-BE\",\"@id\":\"https:\\\/\\\/salonforall.nl\\\/spa-cosmetisch-massagebed-massagetafel-azzurro-hout-361a-4-sterk\\\/#primaryimage\",\"url\":\"https:\\\/\\\/salonforall.nl\\\/wp-content\\\/uploads\\\/2025\\\/01\\\/spa-cosmetisch-massagebed-massagetafel-azzurro-hout-361a-4-sterk-1.jpg\",\"contentUrl\":\"https:\\\/\\\/salonforall.nl\\\/wp-content\\\/uploads\\\/2025\\\/01\\\/spa-cosmetisch-massagebed-massagetafel-azzurro-hout-361a-4-sterk-1.jpg\",\"width\":800,\"height\":800,\"caption\":\"Spa cosmetisch massagebed \\\/ massagetafel azzurro hout 361a 4 sterk 1\"},{\"@type\":\"BreadcrumbList\",\"@id\":\"https:\\\/\\\/salonforall.nl\\\/spa-cosmetisch-massagebed-massagetafel-azzurro-hout-361a-4-sterk\\\/#breadcrumb\",\"itemListElement\":[{\"@type\":\"ListItem\",\"position\":1,\"name\":\"Home\",\"item\":\"https:\\\/\\\/salonforall.nl\\\/\"},{\"@type\":\"ListItem\",\"position\":2,\"name\":\"Winkel\",\"item\":\"https:\\\/\\\/salonforall.nl\\\/winkel\\\/\"},{\"@type\":\"ListItem\",\"position\":3,\"name\":\"Spa cosmetisch massagebed \\\/ massagetafel azzurro hout 361a 4 sterk\"}]},{\"@type\":\"WebSite\",\"@id\":\"https:\\\/\\\/salonforall.nl\\\/#website\",\"url\":\"https:\\\/\\\/salonforall.nl\\\/\",\"name\":\"Salon For All\",\"description\":\"Jouw groothandel voor praktijk- &amp; saloninrichting en benodigdheden\",\"publisher\":{\"@id\":\"https:\\\/\\\/salonforall.nl\\\/#organization\"},\"alternateName\":\"salonforall.nl\",\"potentialAction\":[{\"@type\":\"SearchAction\",\"target\":{\"@type\":\"EntryPoint\",\"urlTemplate\":\"https:\\\/\\\/salonforall.nl\\\/?s={search_term_string}\"},\"query-input\":{\"@type\":\"PropertyValueSpecification\",\"valueRequired\":true,\"valueName\":\"search_term_string\"}}],\"inLanguage\":\"fr-BE\"},{\"@type\":\"Organization\",\"@id\":\"https:\\\/\\\/salonforall.nl\\\/#organization\",\"name\":\"Salon For All B.V.\",\"alternateName\":\"Salonforall.nl\",\"url\":\"https:\\\/\\\/salonforall.nl\\\/\",\"logo\":{\"@type\":\"ImageObject\",\"inLanguage\":\"fr-BE\",\"@id\":\"https:\\\/\\\/salonforall.nl\\\/#\\\/schema\\\/logo\\\/image\\\/\",\"url\":\"https:\\\/\\\/salonforall.nl\\\/wp-content\\\/uploads\\\/2025\\\/01\\\/logo-salon-for-all-groothandel-saloninrichting-e1736940477693.png\",\"contentUrl\":\"https:\\\/\\\/salonforall.nl\\\/wp-content\\\/uploads\\\/2025\\\/01\\\/logo-salon-for-all-groothandel-saloninrichting-e1736940477693.png\",\"width\":500,\"height\":125,\"caption\":\"Salon For All B.V.\"},\"image\":{\"@id\":\"https:\\\/\\\/salonforall.nl\\\/#\\\/schema\\\/logo\\\/image\\\/\"},\"description\":\"Salon For All is de groothandel voor praktijk- en saloninrichting en benodigdheden.\",\"email\":\"info@salonforall.com\",\"legalName\":\"Salon For All\",\"numberOfEmployees\":{\"@type\":\"QuantitativeValue\",\"minValue\":\"1\",\"maxValue\":\"10\"},\"hasMerchantReturnPolicy\":{\"@type\":\"MerchantReturnPolicy\",\"merchantReturnLink\":\"https:\\\/\\\/salonforall.nl\\\/fr_be\\\/retourvoorwaarden\\\/\"}}]}<\/script>\n<meta property=\"product:brand\" content=\"AZZURRO\" \/>\n<meta property=\"product:price:amount\" content=\"2540.65\" \/>\n<meta property=\"product:price:currency\" content=\"EUR\" \/>\n<meta property=\"og:availability\" content=\"out of stock\" \/>\n<meta property=\"product:availability\" content=\"out of stock\" \/>\n<meta property=\"product:retailer_item_id\" content=\"119179\" \/>\n<meta property=\"product:condition\" content=\"new\" \/>\n<!-- \/ Yoast SEO Premium plugin. -->","yoast_head_json":{"title":"Lit de massage cosm\u00e9tique Spa \/ table de massage azzurro wood 361a 4 strong","description":"Spa cosmetisch massagebed \/ massagetafel azzurro hout 361a 4 sterk koop je online of in de showroom bij Salon For All B.V. NL &amp; BE . De groothandel voor salons, praktijken en spa's in NL en BE.","robots":{"index":"index","follow":"follow","max-snippet":"max-snippet:-1","max-image-preview":"max-image-preview:large","max-video-preview":"max-video-preview:-1"},"canonical":"https:\/\/salonforall.nl\/fr_be\/spa-cosmetic-massage-bed-table-de-massage-azzurro-wood-361a-4-strong\/","og_locale":"fr_FR","og_type":"article","og_title":"Spa cosmetisch massagebed \/ massagetafel azzurro hout 361a 4 sterk","og_description":"Spa cosmetisch massagebed \/ massagetafel azzurro hout 361a 4 sterk koop je online of in de showroom bij Salon For All B.V. NL &amp; BE . De groothandel voor salons, praktijken en spa's in NL en BE.","og_url":"https:\/\/salonforall.nl\/fr_be\/spa-cosmetic-massage-bed-table-de-massage-azzurro-wood-361a-4-strong\/","og_site_name":"Salon For All B.V. NL &amp; BE","article_modified_time":"2025-12-30T05:12:34+00:00","og_image":[{"width":800,"height":800,"url":"https:\/\/salonforall.nl\/wp-content\/uploads\/2025\/01\/spa-cosmetisch-massagebed-massagetafel-azzurro-hout-361a-4-sterk-1.jpg","type":"image\/jpeg"}],"twitter_card":"summary_large_image","twitter_title":"Spa cosmetisch massagebed \/ massagetafel azzurro hout 361a 4 sterk","twitter_misc":{"Price":"&nbsp;2.540,65 excl. btw","Availability":"Out of stock"},"schema":{"@context":"https:\/\/schema.org","@graph":[{"@type":"WebPage","@id":"https:\/\/salonforall.nl\/spa-cosmetisch-massagebed-massagetafel-azzurro-hout-361a-4-sterk\/","url":"https:\/\/salonforall.nl\/spa-cosmetisch-massagebed-massagetafel-azzurro-hout-361a-4-sterk\/","name":"Lit de massage cosm\u00e9tique Spa \/ table de massage azzurro wood 361a 4 strong","isPartOf":{"@id":"https:\/\/salonforall.nl\/#website"},"primaryImageOfPage":{"@id":"https:\/\/salonforall.nl\/spa-cosmetisch-massagebed-massagetafel-azzurro-hout-361a-4-sterk\/#primaryimage"},"image":{"@id":"https:\/\/salonforall.nl\/spa-cosmetisch-massagebed-massagetafel-azzurro-hout-361a-4-sterk\/#primaryimage"},"thumbnailUrl":"https:\/\/salonforall.nl\/wp-content\/uploads\/2025\/01\/spa-cosmetisch-massagebed-massagetafel-azzurro-hout-361a-4-sterk-1.jpg","datePublished":"2025-01-17T11:15:20+00:00","dateModified":"2025-12-30T05:12:34+00:00","description":"Spa cosmetisch massagebed \/ massagetafel azzurro hout 361a 4 sterk koop je online of in de showroom bij Salon For All B.V. NL &amp; BE . De groothandel voor salons, praktijken en spa's in NL en BE.","breadcrumb":{"@id":"https:\/\/salonforall.nl\/spa-cosmetisch-massagebed-massagetafel-azzurro-hout-361a-4-sterk\/#breadcrumb"},"inLanguage":"fr-BE","potentialAction":[{"@type":"ReadAction","target":["https:\/\/salonforall.nl\/spa-cosmetisch-massagebed-massagetafel-azzurro-hout-361a-4-sterk\/"]}]},{"@type":"ImageObject","inLanguage":"fr-BE","@id":"https:\/\/salonforall.nl\/spa-cosmetisch-massagebed-massagetafel-azzurro-hout-361a-4-sterk\/#primaryimage","url":"https:\/\/salonforall.nl\/wp-content\/uploads\/2025\/01\/spa-cosmetisch-massagebed-massagetafel-azzurro-hout-361a-4-sterk-1.jpg","contentUrl":"https:\/\/salonforall.nl\/wp-content\/uploads\/2025\/01\/spa-cosmetisch-massagebed-massagetafel-azzurro-hout-361a-4-sterk-1.jpg","width":800,"height":800,"caption":"Spa cosmetisch massagebed \/ massagetafel azzurro hout 361a 4 sterk 1"},{"@type":"BreadcrumbList","@id":"https:\/\/salonforall.nl\/spa-cosmetisch-massagebed-massagetafel-azzurro-hout-361a-4-sterk\/#breadcrumb","itemListElement":[{"@type":"ListItem","position":1,"name":"Home","item":"https:\/\/salonforall.nl\/"},{"@type":"ListItem","position":2,"name":"Winkel","item":"https:\/\/salonforall.nl\/winkel\/"},{"@type":"ListItem","position":3,"name":"Spa cosmetisch massagebed \/ massagetafel azzurro hout 361a 4 sterk"}]},{"@type":"WebSite","@id":"https:\/\/salonforall.nl\/#website","url":"https:\/\/salonforall.nl\/","name":"Salon pour tous","description":"Votre grossiste en mat\u00e9riel et fournitures pour cabinets m\u00e9dicaux et salons de coiffure","publisher":{"@id":"https:\/\/salonforall.nl\/#organization"},"alternateName":"salonforall.nl","potentialAction":[{"@type":"SearchAction","target":{"@type":"EntryPoint","urlTemplate":"https:\/\/salonforall.nl\/?s={search_term_string}"},"query-input":{"@type":"PropertyValueSpecification","valueRequired":true,"valueName":"search_term_string"}}],"inLanguage":"fr-BE"},{"@type":"Organization","@id":"https:\/\/salonforall.nl\/#organization","name":"Salon For All B.V.","alternateName":"Salonforall.nl","url":"https:\/\/salonforall.nl\/","logo":{"@type":"ImageObject","inLanguage":"fr-BE","@id":"https:\/\/salonforall.nl\/#\/schema\/logo\/image\/","url":"https:\/\/salonforall.nl\/wp-content\/uploads\/2025\/01\/logo-salon-for-all-groothandel-saloninrichting-e1736940477693.png","contentUrl":"https:\/\/salonforall.nl\/wp-content\/uploads\/2025\/01\/logo-salon-for-all-groothandel-saloninrichting-e1736940477693.png","width":500,"height":125,"caption":"Salon For All B.V."},"image":{"@id":"https:\/\/salonforall.nl\/#\/schema\/logo\/image\/"},"description":"Salon For All est le grossiste pour l'\u00e9quipement et les fournitures des cabinets et des salons de coiffure.","email":"info@salonforall.com","legalName":"Salon For All","numberOfEmployees":{"@type":"QuantitativeValue","minValue":"1","maxValue":"10"},"hasMerchantReturnPolicy":{"@type":"MerchantReturnPolicy","merchantReturnLink":"https:\/\/salonforall.nl\/fr_be\/retourvoorwaarden\/"}}]},"product_brand":"AZZURRO","product_price_amount":"2540.65","product_price_currency":"EUR","og_availability":"out of stock","product_availability":"out of stock","product_retailer_item_id":"119179","product_condition":"new"},"_links":{"self":[{"href":"https:\/\/salonforall.nl\/fr_be\/wp-json\/wp\/v2\/product\/7072","targetHints":{"allow":["GET"]}}],"collection":[{"href":"https:\/\/salonforall.nl\/fr_be\/wp-json\/wp\/v2\/product"}],"about":[{"href":"https:\/\/salonforall.nl\/fr_be\/wp-json\/wp\/v2\/types\/product"}],"replies":[{"embeddable":true,"href":"https:\/\/salonforall.nl\/fr_be\/wp-json\/wp\/v2\/comments?post=7072"}],"wp:featuredmedia":[{"embeddable":true,"href":"https:\/\/salonforall.nl\/fr_be\/wp-json\/wp\/v2\/media\/7073"}],"wp:attachment":[{"href":"https:\/\/salonforall.nl\/fr_be\/wp-json\/wp\/v2\/media?parent=7072"}],"wp:term":[{"taxonomy":"product_brand","embeddable":true,"href":"https:\/\/salonforall.nl\/fr_be\/wp-json\/wp\/v2\/product_brand?post=7072"},{"taxonomy":"product_cat","embeddable":true,"href":"https:\/\/salonforall.nl\/fr_be\/wp-json\/wp\/v2\/product_cat?post=7072"},{"taxonomy":"product_tag","embeddable":true,"href":"https:\/\/salonforall.nl\/fr_be\/wp-json\/wp\/v2\/product_tag?post=7072"}],"curies":[{"name":"wp","href":"https:\/\/api.w.org\/{rel}","templated":true}]}}